{"id":241,"date":"2018-05-10T01:04:20","date_gmt":"2018-05-09T22:04:20","guid":{"rendered":"https:\/\/bonfortuno.eu\/?page_id=241"},"modified":"2026-03-01T13:34:33","modified_gmt":"2026-03-01T11:34:33","slug":"lilled","status":"publish","type":"page","link":"https:\/\/bonfortuno.eu\/en\/lilled\/","title":{"rendered":"About us"},"content":{"rendered":"<div id=\"pl-241\"  class=\"panel-layout\" ><div id=\"pg-241-0\"  class=\"panel-grid panel-no-style\" ><div id=\"pgc-241-0-0\"  class=\"panel-grid-cell\" ><div id=\"panel-241-0-0-0\" class=\"so-panel widget widget_sow-editor panel-first-child panel-last-child\" data-index=\"0\" ><div\n\t\t\t\n\t\t\tclass=\"so-widget-sow-editor so-widget-sow-editor-base\"\n\t\t\t\n\t\t>\n<div class=\"siteorigin-widget-tinymce textwidget\">\n\t<p>[products_slider cats=\"32\"]<\/p>\n<\/div>\n<\/div><\/div><\/div><\/div><div id=\"pg-241-1\"  class=\"panel-grid panel-no-style\" ><div id=\"pgc-241-1-0\"  class=\"panel-grid-cell\" ><div id=\"panel-241-1-0-0\" class=\"so-panel widget widget_sow-editor panel-first-child panel-last-child\" data-index=\"1\" ><div\n\t\t\t\n\t\t\tclass=\"so-widget-sow-editor so-widget-sow-editor-base\"\n\t\t\t\n\t\t>\n<div class=\"siteorigin-widget-tinymce textwidget\">\n\t<h4 style=\"text-align: justify;\">Welcome to Bonfortuno - the world of fresh flowers<\/h4>\n<p style=\"text-align: justify;\">Hi, welcome to our flower shop! On our website you\u2019ll find a wide range of presents and flowers for any occasion. Use our delivery service or check out our shop on Vikerlase 23.\u00a0Easy to find!<\/p>\n<p style=\"text-align: center;\">Take a look at our new <a href=\"https:\/\/bonfortuno.eu\">shop<\/a>.<\/p>\n<h4 style=\"text-align: justify;\">\n<\/div>\n<\/div><\/div><\/div><\/div><div id=\"pg-241-2\"  class=\"panel-grid panel-has-style\" ><div class=\"siteorigin-panels-stretch panel-row-style panel-row-style-for-241-2\" data-stretch-type=\"full-width-stretch\" ><div id=\"pgc-241-2-0\"  class=\"panel-grid-cell panel-grid-cell-mobile-last\" ><div id=\"panel-241-2-0-0\" class=\"so-panel widget widget_sow-editor panel-first-child\" data-index=\"2\" ><div\n\t\t\t\n\t\t\tclass=\"so-widget-sow-editor so-widget-sow-editor-base\"\n\t\t\t\n\t\t>\n<div class=\"siteorigin-widget-tinymce textwidget\">\n\t<p><span style=\"font-size: 18pt; color: #ffffff;\"><i class=\"wp-svg-checkmark checkmark\"><\/i> Get your flowers delivered<\/span><br \/>\n<span style=\"font-size: 18pt; color: #ffffff;\"> <i class=\"wp-svg-checkmark checkmark\"><\/i>\u00a0Fast and reliable delivery\u00a0<\/span><br \/>\n<span style=\"font-size: 18pt; color: #ffffff;\"> <i class=\"wp-svg-checkmark checkmark\"><\/i> Same-day flower delivery<\/span><\/p>\n<p><span style=\"font-size: 18pt; color: #ffffff;\"><\/span><\/p>\n<\/div>\n<\/div><\/div><div id=\"panel-241-2-0-1\" class=\"so-panel widget widget_sow-button panel-last-child\" data-index=\"3\" ><div\n\t\t\t\n\t\t\tclass=\"so-widget-sow-button so-widget-sow-button-atom-2ccd1973be0c-241\"\n\t\t\t\n\t\t><div class=\"ow-button-base ow-button-align-center\"\n>\n\t\t\t<a\n\t\t\t\t\thref=\"https:\/\/bonfortuno.eu\/lilled\/#lilledkulleriga\"\n\t\t\t\t\tclass=\"sowb-button ow-icon-placement-left ow-button-hover\" \t>\n\t\t<span>\n\t\t\t\n\t\t\tREAD MORE\t\t<\/span>\n\t\t\t<\/a>\n\t<\/div>\n<\/div><\/div><\/div><div id=\"pgc-241-2-1\"  class=\"panel-grid-cell panel-grid-cell-empty\" ><\/div><\/div><\/div><div id=\"pg-241-3\"  class=\"panel-grid panel-no-style\" ><div id=\"pgc-241-3-0\"  class=\"panel-grid-cell\" ><div id=\"panel-241-3-0-0\" class=\"so-panel widget widget_sow-editor panel-first-child panel-last-child\" data-index=\"4\" ><div\n\t\t\t\n\t\t\tclass=\"so-widget-sow-editor so-widget-sow-editor-base\"\n\t\t\t\n\t\t>\n<div class=\"siteorigin-widget-tinymce textwidget\">\n\t<h4 style=\"text-align: justify;\">Unique and personalised gifts for men, women &amp; children<\/h4>\n<p style=\"text-align: justify;\">Add to Your order toys, sweets, balloons or handmade postcards to make the present even more memorable!<\/p>\n<h4 style=\"text-align: justify;\">Wonderful flower combinations for a very special occasion<\/h4>\n<p style=\"text-align: justify;\">Additionally we offer decoration services for birthday parties, weddings, anniversaries, baptism or any other special occasion.<\/p>\n<p>For additional questions and special requests please contact <a href=\"tel:+37255661680\">+372\u00a05566 1680<\/a><\/p>\n<p style=\"text-align: center;\"><a href=\"https:\/\/bonfortuno.eu\/kontakt\/\">Ask for an offer!<\/a><\/p>\n<h4 style=\"text-align: justify;\">\n<\/div>\n<\/div><\/div><\/div><\/div><div id=\"pg-241-4\"  class=\"panel-grid panel-has-style\" ><div class=\"siteorigin-panels-stretch panel-row-style panel-row-style-for-241-4\" data-stretch-type=\"full-width-stretch\" ><div id=\"pgc-241-4-0\"  class=\"panel-grid-cell panel-grid-cell-empty\" ><\/div><div id=\"pgc-241-4-1\"  class=\"panel-grid-cell\" ><div id=\"panel-241-4-1-0\" class=\"so-panel widget widget_sow-editor panel-first-child panel-last-child\" data-index=\"5\" ><div\n\t\t\t\n\t\t\tclass=\"so-widget-sow-editor so-widget-sow-editor-base\"\n\t\t\t\n\t\t>\n<div class=\"siteorigin-widget-tinymce textwidget\">\n\t<p style=\"text-align: right;\"><span style=\"font-size: 18pt; color: #ffffff;\"><span style=\"font-weight: 400;\">\"<em>In joy or sadness flowers are our constant friends.\"<\/em><\/span><\/span><\/p>\n<p style=\"text-align: right;\"><span style=\"font-size: 18pt; color: #ffffff;\"><span style=\"font-weight: 400;\">Okakura Kakuz<\/span><\/span><\/p>\n<p style=\"text-align: right;\"><span style=\"font-weight: 400; font-size: 18pt; color: #ffffff;\"><\/span><\/p>\n<p>\u00a0 <a id=\"lilledkulleriga\"><\/a><\/p>\n<\/div>\n<\/div><\/div><\/div><\/div><\/div><div id=\"pg-241-5\"  class=\"panel-grid panel-has-style\" ><div class=\"panel-row-style panel-row-style-for-241-5\" ><div id=\"pgc-241-5-0\"  class=\"panel-grid-cell\" ><div id=\"panel-241-5-0-0\" class=\"so-panel widget widget_sow-editor panel-first-child panel-last-child\" data-index=\"6\" ><div\n\t\t\t\n\t\t\tclass=\"so-widget-sow-editor so-widget-sow-editor-base\"\n\t\t\t\n\t\t>\n<div class=\"siteorigin-widget-tinymce textwidget\">\n\t<h3 style=\"text-align: justify;\"><strong>Flowers delivery<\/strong><\/h3>\n<h4>Fresh flowers delivered fast to your door!<\/h4>\n<p>Pay cash or with a Credit Card at the delivery or pass by our shop on Vikerlase 23.<\/p>\n<p><strong>Delivery fees:<\/strong><\/p>\n<h3><strong><\/p>\n<\/div>\n<\/div><\/div><\/div><\/div><\/div><div id=\"pg-241-6\"  class=\"panel-grid panel-no-style\" ><div id=\"pgc-241-6-0\"  class=\"panel-grid-cell\" ><div id=\"panel-241-6-0-0\" class=\"so-panel widget widget_sow-editor panel-first-child\" data-index=\"7\" ><div\n\t\t\t\n\t\t\tclass=\"so-widget-sow-editor so-widget-sow-editor-base\"\n\t\t\t\n\t\t>\n<div class=\"siteorigin-widget-tinymce textwidget\">\n\t<h4 style=\"text-align: center;\">Flowers delivery<br \/>\nin Tallinn<\/h4>\n<\/div>\n<\/div><\/div><div id=\"panel-241-6-0-1\" class=\"so-panel widget widget_sow-editor panel-last-child\" data-index=\"8\" ><div\n\t\t\t\n\t\t\tclass=\"so-widget-sow-editor so-widget-sow-editor-base\"\n\t\t\t\n\t\t>\n<div class=\"siteorigin-widget-tinymce textwidget\">\n\t<p style=\"text-align: center;\"><strong><i class=\"wp-svg-truck truck\"><\/i> 6 euro<\/strong><br \/>\n<strong><i class=\"wp-svg-truck truck\"><\/i> free delivery for orders over 50 euro<\/strong><br \/>\n<strong><\/strong><\/p>\n<\/div>\n<\/div><\/div><\/div><div id=\"pgc-241-6-1\"  class=\"panel-grid-cell\" ><div id=\"panel-241-6-1-0\" class=\"so-panel widget widget_sow-editor panel-first-child\" data-index=\"9\" ><div\n\t\t\t\n\t\t\tclass=\"so-widget-sow-editor so-widget-sow-editor-base\"\n\t\t\t\n\t\t>\n<div class=\"siteorigin-widget-tinymce textwidget\">\n\t<h4 style=\"text-align: center;\">Flowers delivery to Pirita, Viimsi,<br \/>\nKeila, Juri, Maardu, Rae vald<\/h4>\n<\/div>\n<\/div><\/div><div id=\"panel-241-6-1-1\" class=\"so-panel widget widget_sow-editor panel-last-child\" data-index=\"10\" ><div\n\t\t\t\n\t\t\tclass=\"so-widget-sow-editor so-widget-sow-editor-base\"\n\t\t\t\n\t\t>\n<div class=\"siteorigin-widget-tinymce textwidget\">\n\t<p style=\"text-align: center;\"><strong><i class=\"wp-svg-truck truck\"><\/i> 13 euro<\/strong><br \/>\n<strong><i class=\"wp-svg-truck truck\"><\/i> free delivery for orders over 110 euro<\/strong><br \/>\n<strong><\/strong><\/p>\n<\/div>\n<\/div><\/div><\/div><\/div><\/div>","protected":false},"excerpt":{"rendered":"<p>[products_slider cats=&#8221;32&#8243;] Welcome to Bonfortuno &#8211; the world of fresh flowers Hi, welcome to our flower shop! On our website you\u2019ll find a wide range of presents and flowers for any occasion. Use our delivery service or check out our shop on Vikerlase 23.\u00a0Easy to find! Take a look at our new shop.<\/p>\n","protected":false},"author":1,"featured_media":0,"parent":0,"menu_order":0,"comment_status":"closed","ping_status":"closed","template":"template-fullwidth.php","meta":{"footnotes":""},"class_list":["post-241","page","type-page","status-publish","hentry"],"yoast_head":"<!-- This site is optimized with the Yoast SEO plugin v27.4 - https:\/\/yoast.com\/product\/yoast-seo-wordpress\/ -->\n<title>Lilled Tallinnas | Bonfortuno . Tere tulemast v\u00e4rskete lillede maailma<\/title>\n<meta name=\"description\" content=\"Lilled, kingitused ja \u00f5hupallid. Imeilusad lilled ja lillekompositsioonid Sinu eriliseks s\u00fcndmuseks. Kulleriga koju. Vaata meie poodi ja telli lilled kohe!\" \/>\n<meta name=\"robots\" content=\"index, follow, max-snippet:-1, max-image-preview:large, max-video-preview:-1\" \/>\n<link rel=\"canonical\" href=\"https:\/\/bonfortuno.eu\/lilled\/\" \/>\n<meta property=\"og:locale\" content=\"en_US\" \/>\n<meta property=\"og:type\" content=\"article\" \/>\n<meta property=\"og:title\" content=\"Lilled Tallinnas | Bonfortuno . Tere tulemast v\u00e4rskete lillede maailma\" \/>\n<meta property=\"og:description\" content=\"Lilled, kingitused ja \u00f5hupallid. Imeilusad lilled ja lillekompositsioonid Sinu eriliseks s\u00fcndmuseks. Kulleriga koju. Vaata meie poodi ja telli lilled kohe!\" \/>\n<meta property=\"og:url\" content=\"https:\/\/bonfortuno.eu\/lilled\/\" \/>\n<meta property=\"og:site_name\" content=\"Bonfortuno\" \/>\n<meta property=\"article:modified_time\" content=\"2026-03-01T11:34:33+00:00\" \/>\n<meta name=\"twitter:card\" content=\"summary_large_image\" \/>\n<meta name=\"twitter:label1\" content=\"Est. reading time\" \/>\n\t<meta name=\"twitter:data1\" content=\"2 minutes\" \/>\n<script type=\"application\/ld+json\" class=\"yoast-schema-graph\">{\"@context\":\"https:\\\/\\\/schema.org\",\"@graph\":[{\"@type\":\"WebPage\",\"@id\":\"https:\\\/\\\/bonfortuno.eu\\\/lilled\\\/\",\"url\":\"https:\\\/\\\/bonfortuno.eu\\\/lilled\\\/\",\"name\":\"Lilled Tallinnas | Bonfortuno . Tere tulemast v\u00e4rskete lillede maailma\",\"isPartOf\":{\"@id\":\"https:\\\/\\\/bonfortuno.eu\\\/ru\\\/#website\"},\"datePublished\":\"2018-05-09T22:04:20+00:00\",\"dateModified\":\"2026-03-01T11:34:33+00:00\",\"description\":\"Lilled, kingitused ja \u00f5hupallid. Imeilusad lilled ja lillekompositsioonid Sinu eriliseks s\u00fcndmuseks. Kulleriga koju. Vaata meie poodi ja telli lilled kohe!\",\"breadcrumb\":{\"@id\":\"https:\\\/\\\/bonfortuno.eu\\\/lilled\\\/#breadcrumb\"},\"inLanguage\":\"en-US\",\"potentialAction\":[{\"@type\":\"ReadAction\",\"target\":[\"https:\\\/\\\/bonfortuno.eu\\\/lilled\\\/\"]}]},{\"@type\":\"BreadcrumbList\",\"@id\":\"https:\\\/\\\/bonfortuno.eu\\\/lilled\\\/#breadcrumb\",\"itemListElement\":[{\"@type\":\"ListItem\",\"position\":1,\"name\":\"\u0413\u043b\u0430\u0432\u043d\u0430\u044f \u0441\u0442\u0440\u0430\u043d\u0438\u0446\u0430\",\"item\":\"https:\\\/\\\/bonfortuno.eu\\\/\"},{\"@type\":\"ListItem\",\"position\":2,\"name\":\"\u041e \u0444\u0438\u0440\u043c\u0435\"}]},{\"@type\":\"WebSite\",\"@id\":\"https:\\\/\\\/bonfortuno.eu\\\/ru\\\/#website\",\"url\":\"https:\\\/\\\/bonfortuno.eu\\\/ru\\\/\",\"name\":\"Bonfortuno\",\"description\":\"The world of fresh flowers\",\"potentialAction\":[{\"@type\":\"SearchAction\",\"target\":{\"@type\":\"EntryPoint\",\"urlTemplate\":\"https:\\\/\\\/bonfortuno.eu\\\/ru\\\/?s={search_term_string}\"},\"query-input\":{\"@type\":\"PropertyValueSpecification\",\"valueRequired\":true,\"valueName\":\"search_term_string\"}}],\"inLanguage\":\"en-US\"}]}<\/script>\n<!-- \/ Yoast SEO plugin. -->","yoast_head_json":{"title":"Lilled Tallinnas | Bonfortuno . Tere tulemast v\u00e4rskete lillede maailma","description":"Lilled, kingitused ja \u00f5hupallid. Imeilusad lilled ja lillekompositsioonid Sinu eriliseks s\u00fcndmuseks. Kulleriga koju. Vaata meie poodi ja telli lilled kohe!","robots":{"index":"index","follow":"follow","max-snippet":"max-snippet:-1","max-image-preview":"max-image-preview:large","max-video-preview":"max-video-preview:-1"},"canonical":"https:\/\/bonfortuno.eu\/lilled\/","og_locale":"en_US","og_type":"article","og_title":"Lilled Tallinnas | Bonfortuno . Tere tulemast v\u00e4rskete lillede maailma","og_description":"Lilled, kingitused ja \u00f5hupallid. Imeilusad lilled ja lillekompositsioonid Sinu eriliseks s\u00fcndmuseks. Kulleriga koju. Vaata meie poodi ja telli lilled kohe!","og_url":"https:\/\/bonfortuno.eu\/lilled\/","og_site_name":"Bonfortuno","article_modified_time":"2026-03-01T11:34:33+00:00","twitter_card":"summary_large_image","twitter_misc":{"Est. reading time":"2 minutes"},"schema":{"@context":"https:\/\/schema.org","@graph":[{"@type":"WebPage","@id":"https:\/\/bonfortuno.eu\/lilled\/","url":"https:\/\/bonfortuno.eu\/lilled\/","name":"Lilled Tallinnas | Bonfortuno . Tere tulemast v\u00e4rskete lillede maailma","isPartOf":{"@id":"https:\/\/bonfortuno.eu\/ru\/#website"},"datePublished":"2018-05-09T22:04:20+00:00","dateModified":"2026-03-01T11:34:33+00:00","description":"Lilled, kingitused ja \u00f5hupallid. Imeilusad lilled ja lillekompositsioonid Sinu eriliseks s\u00fcndmuseks. Kulleriga koju. Vaata meie poodi ja telli lilled kohe!","breadcrumb":{"@id":"https:\/\/bonfortuno.eu\/lilled\/#breadcrumb"},"inLanguage":"en-US","potentialAction":[{"@type":"ReadAction","target":["https:\/\/bonfortuno.eu\/lilled\/"]}]},{"@type":"BreadcrumbList","@id":"https:\/\/bonfortuno.eu\/lilled\/#breadcrumb","itemListElement":[{"@type":"ListItem","position":1,"name":"\u0413\u043b\u0430\u0432\u043d\u0430\u044f \u0441\u0442\u0440\u0430\u043d\u0438\u0446\u0430","item":"https:\/\/bonfortuno.eu\/"},{"@type":"ListItem","position":2,"name":"\u041e \u0444\u0438\u0440\u043c\u0435"}]},{"@type":"WebSite","@id":"https:\/\/bonfortuno.eu\/ru\/#website","url":"https:\/\/bonfortuno.eu\/ru\/","name":"Bonfortuno","description":"The world of fresh flowers","potentialAction":[{"@type":"SearchAction","target":{"@type":"EntryPoint","urlTemplate":"https:\/\/bonfortuno.eu\/ru\/?s={search_term_string}"},"query-input":{"@type":"PropertyValueSpecification","valueRequired":true,"valueName":"search_term_string"}}],"inLanguage":"en-US"}]}},"_links":{"self":[{"href":"https:\/\/bonfortuno.eu\/en\/wp-json\/wp\/v2\/pages\/241","targetHints":{"allow":["GET"]}}],"collection":[{"href":"https:\/\/bonfortuno.eu\/en\/wp-json\/wp\/v2\/pages"}],"about":[{"href":"https:\/\/bonfortuno.eu\/en\/wp-json\/wp\/v2\/types\/page"}],"author":[{"embeddable":true,"href":"https:\/\/bonfortuno.eu\/en\/wp-json\/wp\/v2\/users\/1"}],"replies":[{"embeddable":true,"href":"https:\/\/bonfortuno.eu\/en\/wp-json\/wp\/v2\/comments?post=241"}],"version-history":[{"count":0,"href":"https:\/\/bonfortuno.eu\/en\/wp-json\/wp\/v2\/pages\/241\/revisions"}],"wp:attachment":[{"href":"https:\/\/bonfortuno.eu\/en\/wp-json\/wp\/v2\/media?parent=241"}],"curies":[{"name":"wp","href":"https:\/\/api.w.org\/{rel}","templated":true}]}}