{"id":59,"date":"2018-05-08T21:12:22","date_gmt":"2018-05-08T18:12:22","guid":{"rendered":"https:\/\/bonfortuno.eu\/?page_id=59"},"modified":"2025-02-11T21:22:53","modified_gmt":"2025-02-11T19:22:53","slug":"kontakt","status":"publish","type":"page","link":"https:\/\/bonfortuno.eu\/en\/kontakt\/","title":{"rendered":"Contact us"},"content":{"rendered":"<div id=\"pl-59\"  class=\"panel-layout\" ><div id=\"pg-59-0\"  class=\"panel-grid panel-no-style\" ><div id=\"pgc-59-0-0\"  class=\"panel-grid-cell\" ><div id=\"panel-59-0-0-0\" class=\"so-panel widget widget_sow-editor panel-first-child panel-last-child\" data-index=\"0\" ><div\n\t\t\t\n\t\t\tclass=\"so-widget-sow-editor so-widget-sow-editor-base\"\n\t\t\t\n\t\t>\n<div class=\"siteorigin-widget-tinymce textwidget\">\n\t<h4 style=\"text-align: center;\"><b>Contact information and feedback<\/b><\/h4>\n<h4 style=\"text-align: center;\"><b><\/b><\/h4>\n<\/div>\n<\/div><\/div><\/div><\/div><div id=\"pg-59-1\"  class=\"panel-grid panel-has-style\" ><div class=\"siteorigin-panels-stretch panel-row-style panel-row-style-for-59-1\" data-stretch-type=\"full\" ><div id=\"pgc-59-1-0\"  class=\"panel-grid-cell\" ><div id=\"panel-59-1-0-0\" class=\"widget_text so-panel widget widget_custom_html panel-first-child panel-last-child\" data-index=\"1\" ><div class=\"textwidget custom-html-widget\"><div class=\"wpforms-container wpforms-container-full\" id=\"wpforms-161\"><form id=\"wpforms-form-161\" class=\"wpforms-validate wpforms-form\" data-formid=\"161\" method=\"post\" enctype=\"multipart\/form-data\" action=\"\/en\/wp-json\/wp\/v2\/pages\/59\" data-token=\"5a5410126f39632c401f546ee43e061a\" data-token-time=\"1776284981\"><noscript class=\"wpforms-error-noscript\">Please enable JavaScript in your browser to complete this form.<\/noscript><div class=\"wpforms-field-container\"><div id=\"wpforms-161-field_0-container\" class=\"wpforms-field wpforms-field-name\" data-field-id=\"0\"><label class=\"wpforms-field-label\" for=\"wpforms-161-field_0\">Name <span class=\"wpforms-required-label\">*<\/span><\/label><input type=\"text\" id=\"wpforms-161-field_0\" class=\"wpforms-field-medium wpforms-field-required\" name=\"wpforms[fields][0]\" required><\/div><div id=\"wpforms-161-field_1-container\" class=\"wpforms-field wpforms-field-email\" data-field-id=\"1\"><label class=\"wpforms-field-label\" for=\"wpforms-161-field_1\">Email <span class=\"wpforms-required-label\">*<\/span><\/label><input type=\"email\" id=\"wpforms-161-field_1\" class=\"wpforms-field-medium wpforms-field-required\" name=\"wpforms[fields][1]\" spellcheck=\"false\" required><\/div><div id=\"wpforms-161-field_3-container\" class=\"wpforms-field wpforms-field-text\" data-field-id=\"3\"><label class=\"wpforms-field-label\" for=\"wpforms-161-field_3\">Phone <span class=\"wpforms-required-label\">*<\/span><\/label><input type=\"text\" id=\"wpforms-161-field_3\" class=\"wpforms-field-medium wpforms-field-required\" name=\"wpforms[fields][3]\" required><\/div><div id=\"wpforms-161-field_2-container\" class=\"wpforms-field wpforms-field-textarea\" data-field-id=\"2\"><label class=\"wpforms-field-label\" for=\"wpforms-161-field_2\">Your comment or message <span class=\"wpforms-required-label\">*<\/span><\/label><textarea id=\"wpforms-161-field_2\" class=\"wpforms-field-medium wpforms-field-required\" name=\"wpforms[fields][2]\" required><\/textarea><\/div><\/div><!-- .wpforms-field-container --><div class=\"wpforms-field wpforms-field-hp\"><label for=\"wpforms-161-field-hp\" class=\"wpforms-field-label\">Name<\/label><input type=\"text\" name=\"wpforms[hp]\" id=\"wpforms-161-field-hp\" class=\"wpforms-field-medium\"><\/div><div class=\"wpforms-submit-container\" ><input type=\"hidden\" name=\"wpforms[id]\" value=\"161\"><input type=\"hidden\" name=\"page_title\" value=\"\"><input type=\"hidden\" name=\"page_url\" value=\"https:\/\/bonfortuno.eu\/en\/wp-json\/wp\/v2\/pages\/59\"><input type=\"hidden\" name=\"url_referer\" value=\"\"><button type=\"submit\" name=\"wpforms[submit]\" id=\"wpforms-submit-161\" class=\"wpforms-submit\" data-alt-text=\"Sending\" data-submit-text=\"Send\" aria-live=\"assertive\" value=\"wpforms-submit\">Send<\/button><\/div><\/form><\/div>  <!-- .wpforms-container --><\/div><\/div><\/div><div id=\"pgc-59-1-1\"  class=\"panel-grid-cell\" ><div id=\"panel-59-1-1-0\" class=\"so-panel widget widget_sow-editor panel-first-child panel-last-child\" data-index=\"2\" ><div class=\"panel-widget-style panel-widget-style-for-59-1-1-0\" ><div\n\t\t\t\n\t\t\tclass=\"so-widget-sow-editor so-widget-sow-editor-base\"\n\t\t\t\n\t\t>\n<div class=\"siteorigin-widget-tinymce textwidget\">\n\t<p style=\"text-align: center;\"><span style=\"font-weight: 400;\">Bonfortuno O\u00dc<br \/>\nReg.nr: 12774913<br \/>\nCoop Pank\u00a0EE984204278607822600<br \/>\n<\/span><br \/>\nBonfortuno flower shop:<\/h4>\n<p style=\"text-align: center;\"><i class=\"wp-svg-phone phone\"><\/i>\u00a0<a href=\"http:\/\/+372 53720519\">372 58650020<\/a><br \/>\n<i class=\"wp-svg-envelop envelop\"><\/i>\u00a0<a href=\"mailto:info@bonfortuno.eu\">info@bonfortuno.eu<\/a><br \/>\n<i class=\"wp-svg-location location\"><\/i> Vikerlase 23, Talinn, 13619<\/p>\n<h4 style=\"text-align: center;\">Opening hours:<\/h4>\n<p style=\"text-align: center;\">MO \u2013 SU. 9:00 \u2013 20:00<br \/>\nSA \u2013 9:00 - 18:00<\/p><\/div>\n<\/div><\/div><\/div><\/div><\/div><\/div><div id=\"pg-59-2\"  class=\"panel-grid panel-no-style\" ><div id=\"pgc-59-2-0\"  class=\"panel-grid-cell\" ><div id=\"panel-59-2-0-0\" class=\"so-panel widget widget_sow-editor panel-first-child panel-last-child\" data-index=\"3\" ><div\n\t\t\t\n\t\t\tclass=\"so-widget-sow-editor so-widget-sow-editor-base\"\n\t\t\t\n\t\t>\n<div class=\"siteorigin-widget-tinymce textwidget\">\n\t<p style=\"text-align: center;\"><span style=\"font-weight: 400;\">For the best offers and daily discounts visit our shop on\u00a0<a href=\"https:\/\/bonfortuno.eu\">https:\/\/bonfortuno.eu<\/a><\/span><span style=\"font-weight: 400;\"><\/span><span style=\"font-weight: 400;\"><\/span><\/p>\n<\/div>\n<\/div><\/div><\/div><\/div><div id=\"pg-59-3\"  class=\"panel-grid panel-has-style\" ><div class=\"panel-row-style panel-row-style-for-59-3\" ><div id=\"pgc-59-3-0\"  class=\"panel-grid-cell\" ><div id=\"panel-59-3-0-0\" class=\"so-panel widget widget_media_image panel-first-child panel-last-child\" data-index=\"4\" ><div class=\"panel-widget-style panel-widget-style-for-59-3-0-0\" ><img decoding=\"async\" width=\"954\" height=\"1272\" src=\"https:\/\/bonfortuno.eu\/wp-content\/uploads\/2020\/04\/IMG_3412-scaled-e1586447068228.jpg\" class=\"image wp-image-2535  attachment-full size-full\" alt=\"\" style=\"max-width: 100%; height: auto;\" \/><\/div><\/div><\/div><div id=\"pgc-59-3-1\"  class=\"panel-grid-cell\" ><div id=\"panel-59-3-1-0\" class=\"so-panel widget widget_sow-google-map panel-first-child panel-last-child\" data-index=\"5\" ><div class=\"panel-widget-style panel-widget-style-for-59-3-1-0\" ><div\n\t\t\t\n\t\t\tclass=\"so-widget-sow-google-map so-widget-sow-google-map-default-f78ce5f9e38c-59\"\n\t\t\t\n\t\t>\n<div class=\"sow-google-map-canvas\"\n\tstyle=\"\"\n\tid=\"map-canvas-2b2171e99865fb2256001d840011766f\"\n\tdata-options=\"{&quot;address&quot;:&quot;59.439545, 24.8449384&quot;,&quot;zoom&quot;:17,&quot;mobileZoom&quot;:17,&quot;gestureHandling&quot;:&quot;greedy&quot;,&quot;disableUi&quot;:false,&quot;markerIcon&quot;:false,&quot;markersDraggable&quot;:false,&quot;markerAtCenter&quot;:true,&quot;markerInfoDisplay&quot;:&quot;click&quot;,&quot;markerInfoMultiple&quot;:true,&quot;markerPositions&quot;:[{&quot;place&quot;:&quot;Vikerlase 23, 13619 Tallinn, \\u042d\\u0441\\u0442\\u043e\\u043d\\u0438\\u044f&quot;,&quot;info&quot;:&quot;&quot;,&quot;infoSelectedEditor&quot;:&quot;tinymce&quot;,&quot;infoMaxWidth&quot;:&quot;&quot;,&quot;customMarkerIcon&quot;:0,&quot;customMarkerIconSize&quot;:&quot;&quot;},{&quot;place&quot;:[],&quot;info&quot;:&quot;&quot;,&quot;infoSelectedEditor&quot;:&quot;tinymce&quot;,&quot;infoMaxWidth&quot;:&quot;&quot;,&quot;customMarkerIcon&quot;:0,&quot;customMarkerIconSize&quot;:&quot;&quot;}],&quot;mapName&quot;:false,&quot;mapStyles&quot;:false,&quot;directions&quot;:&quot;&quot;,&quot;apiKey&quot;:&quot;AIzaSyBQFvPtPhEO2AlzXJp2hUqLh62bw2kw8fI&quot;,&quot;breakpoint&quot;:780,&quot;id&quot;:&quot;69dff5&quot;}\"\n\tdata-fallback-image=\"{&quot;img&quot;:&quot;&quot;}\"><\/div>\n<\/div><\/div><\/div><\/div><\/div><\/div><\/div>","protected":false},"excerpt":{"rendered":"<p>Contact information and feedback Bonfortuno O\u00dc Reg.nr: 12774913 Coop Pank\u00a0EE984204278607822600 Bonfortuno flower shop: \u00a0372 58650020 \u00a0info@bonfortuno.eu Vikerlase 23, Talinn, 13619 Opening hours: MO \u2013 SU. 9:00 \u2013 20:00 SA \u2013 9:00 &#8211; 18:00<\/p>\n","protected":false},"author":1,"featured_media":0,"parent":0,"menu_order":0,"comment_status":"closed","ping_status":"closed","template":"template-fullwidth.php","meta":{"footnotes":""},"class_list":["post-59","page","type-page","status-publish","hentry"],"yoast_head":"<!-- This site is optimized with the Yoast SEO plugin v27.4 - https:\/\/yoast.com\/product\/yoast-seo-wordpress\/ -->\n<title>Lilled Tallinnas | Bonfortuno . Tere tulemast v\u00e4rskete lillede maailma<\/title>\n<meta name=\"description\" content=\"Lilled, kingitused ja \u00f5hupallid. Imeilusad lilled ja lillekompositsioonid Sinu eriliseks s\u00fcndmuseks. Kulleriga koju. Vaata meie poodi ja telli lilled kohe!\" \/>\n<meta name=\"robots\" content=\"index, follow, max-snippet:-1, max-image-preview:large, max-video-preview:-1\" \/>\n<link rel=\"canonical\" href=\"https:\/\/bonfortuno.eu\/kontakt\/\" \/>\n<meta property=\"og:locale\" content=\"en_US\" \/>\n<meta property=\"og:type\" content=\"article\" \/>\n<meta property=\"og:title\" content=\"Lilled Tallinnas | Bonfortuno . Tere tulemast v\u00e4rskete lillede maailma\" \/>\n<meta property=\"og:description\" content=\"Lilled, kingitused ja \u00f5hupallid. Imeilusad lilled ja lillekompositsioonid Sinu eriliseks s\u00fcndmuseks. Kulleriga koju. Vaata meie poodi ja telli lilled kohe!\" \/>\n<meta property=\"og:url\" content=\"https:\/\/bonfortuno.eu\/kontakt\/\" \/>\n<meta property=\"og:site_name\" content=\"Bonfortuno\" \/>\n<meta property=\"article:modified_time\" content=\"2025-02-11T19:22:53+00:00\" \/>\n<meta name=\"twitter:card\" content=\"summary_large_image\" \/>\n<meta name=\"twitter:label1\" content=\"Est. reading time\" \/>\n\t<meta name=\"twitter:data1\" content=\"1 minute\" \/>\n<script type=\"application\/ld+json\" class=\"yoast-schema-graph\">{\"@context\":\"https:\\\/\\\/schema.org\",\"@graph\":[{\"@type\":\"WebPage\",\"@id\":\"https:\\\/\\\/bonfortuno.eu\\\/kontakt\\\/\",\"url\":\"https:\\\/\\\/bonfortuno.eu\\\/kontakt\\\/\",\"name\":\"Lilled Tallinnas | Bonfortuno . Tere tulemast v\u00e4rskete lillede maailma\",\"isPartOf\":{\"@id\":\"https:\\\/\\\/bonfortuno.eu\\\/ru\\\/#website\"},\"datePublished\":\"2018-05-08T18:12:22+00:00\",\"dateModified\":\"2025-02-11T19:22:53+00:00\",\"description\":\"Lilled, kingitused ja \u00f5hupallid. Imeilusad lilled ja lillekompositsioonid Sinu eriliseks s\u00fcndmuseks. Kulleriga koju. Vaata meie poodi ja telli lilled kohe!\",\"breadcrumb\":{\"@id\":\"https:\\\/\\\/bonfortuno.eu\\\/kontakt\\\/#breadcrumb\"},\"inLanguage\":\"en-US\",\"potentialAction\":[{\"@type\":\"ReadAction\",\"target\":[\"https:\\\/\\\/bonfortuno.eu\\\/kontakt\\\/\"]}]},{\"@type\":\"BreadcrumbList\",\"@id\":\"https:\\\/\\\/bonfortuno.eu\\\/kontakt\\\/#breadcrumb\",\"itemListElement\":[{\"@type\":\"ListItem\",\"position\":1,\"name\":\"\u0413\u043b\u0430\u0432\u043d\u0430\u044f \u0441\u0442\u0440\u0430\u043d\u0438\u0446\u0430\",\"item\":\"https:\\\/\\\/bonfortuno.eu\\\/\"},{\"@type\":\"ListItem\",\"position\":2,\"name\":\"\u041a\u043e\u043d\u0442\u0430\u043a\u0442\"}]},{\"@type\":\"WebSite\",\"@id\":\"https:\\\/\\\/bonfortuno.eu\\\/ru\\\/#website\",\"url\":\"https:\\\/\\\/bonfortuno.eu\\\/ru\\\/\",\"name\":\"Bonfortuno\",\"description\":\"The world of fresh flowers\",\"potentialAction\":[{\"@type\":\"SearchAction\",\"target\":{\"@type\":\"EntryPoint\",\"urlTemplate\":\"https:\\\/\\\/bonfortuno.eu\\\/ru\\\/?s={search_term_string}\"},\"query-input\":{\"@type\":\"PropertyValueSpecification\",\"valueRequired\":true,\"valueName\":\"search_term_string\"}}],\"inLanguage\":\"en-US\"}]}<\/script>\n<!-- \/ Yoast SEO plugin. -->","yoast_head_json":{"title":"Lilled Tallinnas | Bonfortuno . Tere tulemast v\u00e4rskete lillede maailma","description":"Lilled, kingitused ja \u00f5hupallid. Imeilusad lilled ja lillekompositsioonid Sinu eriliseks s\u00fcndmuseks. Kulleriga koju. Vaata meie poodi ja telli lilled kohe!","robots":{"index":"index","follow":"follow","max-snippet":"max-snippet:-1","max-image-preview":"max-image-preview:large","max-video-preview":"max-video-preview:-1"},"canonical":"https:\/\/bonfortuno.eu\/kontakt\/","og_locale":"en_US","og_type":"article","og_title":"Lilled Tallinnas | Bonfortuno . Tere tulemast v\u00e4rskete lillede maailma","og_description":"Lilled, kingitused ja \u00f5hupallid. Imeilusad lilled ja lillekompositsioonid Sinu eriliseks s\u00fcndmuseks. Kulleriga koju. Vaata meie poodi ja telli lilled kohe!","og_url":"https:\/\/bonfortuno.eu\/kontakt\/","og_site_name":"Bonfortuno","article_modified_time":"2025-02-11T19:22:53+00:00","twitter_card":"summary_large_image","twitter_misc":{"Est. reading time":"1 minute"},"schema":{"@context":"https:\/\/schema.org","@graph":[{"@type":"WebPage","@id":"https:\/\/bonfortuno.eu\/kontakt\/","url":"https:\/\/bonfortuno.eu\/kontakt\/","name":"Lilled Tallinnas | Bonfortuno . Tere tulemast v\u00e4rskete lillede maailma","isPartOf":{"@id":"https:\/\/bonfortuno.eu\/ru\/#website"},"datePublished":"2018-05-08T18:12:22+00:00","dateModified":"2025-02-11T19:22:53+00:00","description":"Lilled, kingitused ja \u00f5hupallid. Imeilusad lilled ja lillekompositsioonid Sinu eriliseks s\u00fcndmuseks. Kulleriga koju. Vaata meie poodi ja telli lilled kohe!","breadcrumb":{"@id":"https:\/\/bonfortuno.eu\/kontakt\/#breadcrumb"},"inLanguage":"en-US","potentialAction":[{"@type":"ReadAction","target":["https:\/\/bonfortuno.eu\/kontakt\/"]}]},{"@type":"BreadcrumbList","@id":"https:\/\/bonfortuno.eu\/kontakt\/#breadcrumb","itemListElement":[{"@type":"ListItem","position":1,"name":"\u0413\u043b\u0430\u0432\u043d\u0430\u044f \u0441\u0442\u0440\u0430\u043d\u0438\u0446\u0430","item":"https:\/\/bonfortuno.eu\/"},{"@type":"ListItem","position":2,"name":"\u041a\u043e\u043d\u0442\u0430\u043a\u0442"}]},{"@type":"WebSite","@id":"https:\/\/bonfortuno.eu\/ru\/#website","url":"https:\/\/bonfortuno.eu\/ru\/","name":"Bonfortuno","description":"The world of fresh flowers","potentialAction":[{"@type":"SearchAction","target":{"@type":"EntryPoint","urlTemplate":"https:\/\/bonfortuno.eu\/ru\/?s={search_term_string}"},"query-input":{"@type":"PropertyValueSpecification","valueRequired":true,"valueName":"search_term_string"}}],"inLanguage":"en-US"}]}},"_links":{"self":[{"href":"https:\/\/bonfortuno.eu\/en\/wp-json\/wp\/v2\/pages\/59","targetHints":{"allow":["GET"]}}],"collection":[{"href":"https:\/\/bonfortuno.eu\/en\/wp-json\/wp\/v2\/pages"}],"about":[{"href":"https:\/\/bonfortuno.eu\/en\/wp-json\/wp\/v2\/types\/page"}],"author":[{"embeddable":true,"href":"https:\/\/bonfortuno.eu\/en\/wp-json\/wp\/v2\/users\/1"}],"replies":[{"embeddable":true,"href":"https:\/\/bonfortuno.eu\/en\/wp-json\/wp\/v2\/comments?post=59"}],"version-history":[{"count":0,"href":"https:\/\/bonfortuno.eu\/en\/wp-json\/wp\/v2\/pages\/59\/revisions"}],"wp:attachment":[{"href":"https:\/\/bonfortuno.eu\/en\/wp-json\/wp\/v2\/media?parent=59"}],"curies":[{"name":"wp","href":"https:\/\/api.w.org\/{rel}","templated":true}]}}