{"id":3001,"date":"2021-02-17T13:29:30","date_gmt":"2021-02-17T11:29:30","guid":{"rendered":"https:\/\/bonfortuno.eu\/?post_type=product&#038;p=3001"},"modified":"2022-01-13T13:29:49","modified_gmt":"2022-01-13T11:29:49","slug":"magus-armastus","status":"publish","type":"product","link":"https:\/\/bonfortuno.eu\/en\/toode\/magus-armastus\/","title":{"rendered":"&#8221; Sweet love &#8220;"},"content":{"rendered":"","protected":false},"excerpt":{"rendered":"<p>A worthy gift for any woman is a bouquet of red roses. The &#8220;Sweet Love&#8221; bouquet presented from the heart for any occasion will bring comfort and warmth to every home.<\/p>\n","protected":false},"featured_media":2684,"template":"","meta":[],"product_brand":[],"product_cat":[76,30,32],"product_tag":[],"class_list":{"0":"post-3001","1":"product","2":"type-product","3":"status-publish","4":"has-post-thumbnail","6":"product_cat-koik-tooted","7":"product_cat-lillekimbud","8":"product_cat-roosid","10":"first","11":"instock","12":"shipping-taxable","13":"purchasable","14":"product-type-simple"},"yoast_head":"<!-- This site is optimized with the Yoast SEO plugin v27.3 - https:\/\/yoast.com\/product\/yoast-seo-wordpress\/ -->\n<title>&quot; Sweet love &quot; | Bonfortuno<\/title>\n<meta name=\"robots\" content=\"index, follow, max-snippet:-1, max-image-preview:large, max-video-preview:-1\" \/>\n<link rel=\"canonical\" href=\"https:\/\/bonfortuno.eu\/toode\/magus-armastus\/\" \/>\n<meta property=\"og:locale\" content=\"en_US\" \/>\n<meta property=\"og:type\" content=\"article\" \/>\n<meta property=\"og:title\" content=\"[:et]&quot;Magus armastus.&quot;[:ru]&quot;\u0421\u043b\u0430\u0434\u043a\u0430\u044f \u043b\u044e\u0431\u043e\u0432\u044c.&quot;[:en]&quot; Sweet love &quot;[:] | Bonfortuno\" \/>\n<meta property=\"og:description\" content=\"[:et]Igale naisele v\u00e4\u00e4riline kingitus on punaste rooside kimp. S\u00fcdamest igaks juhuks kingitud kimp &quot;Magus armastus&quot; toob igasse koju mugavust ja soojust.[:ru]\u0414\u043e\u0441\u0442\u043e\u0439\u043d\u044b\u0439 \u043f\u043e\u0434\u0430\u0440\u043e\u043a \u0434\u043b\u044f \u043b\u044e\u0431\u043e\u0439 \u0436\u0435\u043d\u0449\u0438\u043d\u044b - \u0431\u0443\u043a\u0435\u0442 \u0438\u0437 \u043a\u0440\u0430\u0441\u043d\u044b\u0445 \u0440\u043e\u0437. \u041f\u043e\u0434\u0430\u0440\u0435\u043d\u043d\u044b\u0439 \u043e\u0442 \u0434\u0443\u0448\u0438 \u043d\u0430 \u043b\u044e\u0431\u043e\u0439 \u043f\u0440\u0430\u0437\u0434\u043d\u0438\u043a \u0431\u0443\u043a\u0435\u0442 &quot; \u0421\u043b\u0430\u0434\u043a\u0430\u044f \u043b\u044e\u0431\u043e\u0432\u044c &quot; \u043f\u0440\u0438\u043d\u0435\u0441\u0435\u0442 \u0432 \u043a\u0430\u0436\u0434\u044b\u0439 \u0434\u043e\u043c \u0443\u044e\u0442 \u0438 \u0442\u0435\u043f\u043b\u043e.[:en]A worthy gift for any woman is a bouquet of red roses. The &quot;Sweet Love&quot; bouquet presented from the heart for any occasion will bring comfort and warmth to every home.[:]\" \/>\n<meta property=\"og:url\" content=\"https:\/\/bonfortuno.eu\/toode\/magus-armastus\/\" \/>\n<meta property=\"og:site_name\" content=\"Bonfortuno\" \/>\n<meta property=\"article:modified_time\" content=\"2022-01-13T11:29:49+00:00\" \/>\n<meta property=\"og:image\" content=\"https:\/\/bonfortuno.eu\/wp-content\/uploads\/2020\/05\/IMG_1070.jpg\" \/>\n\t<meta property=\"og:image:width\" content=\"800\" \/>\n\t<meta property=\"og:image:height\" content=\"800\" \/>\n\t<meta property=\"og:image:type\" content=\"image\/jpeg\" \/>\n<meta name=\"twitter:card\" content=\"summary_large_image\" \/>\n<script type=\"application\/ld+json\" class=\"yoast-schema-graph\">{\"@context\":\"https:\\\/\\\/schema.org\",\"@graph\":[{\"@type\":\"WebPage\",\"@id\":\"https:\\\/\\\/bonfortuno.eu\\\/toode\\\/magus-armastus\\\/\",\"url\":\"https:\\\/\\\/bonfortuno.eu\\\/toode\\\/magus-armastus\\\/\",\"name\":\"[:et]\\\"Magus armastus.\\\"[:ru]\\\"\u0421\u043b\u0430\u0434\u043a\u0430\u044f \u043b\u044e\u0431\u043e\u0432\u044c.\\\"[:en]\\\" Sweet love \\\"[:] | Bonfortuno\",\"isPartOf\":{\"@id\":\"https:\\\/\\\/bonfortuno.eu\\\/ru\\\/#website\"},\"primaryImageOfPage\":{\"@id\":\"https:\\\/\\\/bonfortuno.eu\\\/toode\\\/magus-armastus\\\/#primaryimage\"},\"image\":{\"@id\":\"https:\\\/\\\/bonfortuno.eu\\\/toode\\\/magus-armastus\\\/#primaryimage\"},\"thumbnailUrl\":\"https:\\\/\\\/bonfortuno.eu\\\/wp-content\\\/uploads\\\/2020\\\/05\\\/IMG_1070.jpg\",\"datePublished\":\"2021-02-17T11:29:30+00:00\",\"dateModified\":\"2022-01-13T11:29:49+00:00\",\"breadcrumb\":{\"@id\":\"https:\\\/\\\/bonfortuno.eu\\\/toode\\\/magus-armastus\\\/#breadcrumb\"},\"inLanguage\":\"en-US\",\"potentialAction\":[{\"@type\":\"ReadAction\",\"target\":[\"https:\\\/\\\/bonfortuno.eu\\\/toode\\\/magus-armastus\\\/\"]}]},{\"@type\":\"ImageObject\",\"inLanguage\":\"en-US\",\"@id\":\"https:\\\/\\\/bonfortuno.eu\\\/toode\\\/magus-armastus\\\/#primaryimage\",\"url\":\"https:\\\/\\\/bonfortuno.eu\\\/wp-content\\\/uploads\\\/2020\\\/05\\\/IMG_1070.jpg\",\"contentUrl\":\"https:\\\/\\\/bonfortuno.eu\\\/wp-content\\\/uploads\\\/2020\\\/05\\\/IMG_1070.jpg\",\"width\":800,\"height\":800},{\"@type\":\"BreadcrumbList\",\"@id\":\"https:\\\/\\\/bonfortuno.eu\\\/toode\\\/magus-armastus\\\/#breadcrumb\",\"itemListElement\":[{\"@type\":\"ListItem\",\"position\":1,\"name\":\"\u0413\u043b\u0430\u0432\u043d\u0430\u044f \u0441\u0442\u0440\u0430\u043d\u0438\u0446\u0430\",\"item\":\"https:\\\/\\\/bonfortuno.eu\\\/\"},{\"@type\":\"ListItem\",\"position\":2,\"name\":\"\u041c\u0430\u0433\u0430\u0437\u0438\u043d\",\"item\":\"https:\\\/\\\/bonfortuno.eu\\\/\"},{\"@type\":\"ListItem\",\"position\":3,\"name\":\"&#8220;Magus armastus.&#8221;\"}]},{\"@type\":\"WebSite\",\"@id\":\"https:\\\/\\\/bonfortuno.eu\\\/ru\\\/#website\",\"url\":\"https:\\\/\\\/bonfortuno.eu\\\/ru\\\/\",\"name\":\"Bonfortuno\",\"description\":\"The world of fresh flowers\",\"potentialAction\":[{\"@type\":\"SearchAction\",\"target\":{\"@type\":\"EntryPoint\",\"urlTemplate\":\"https:\\\/\\\/bonfortuno.eu\\\/ru\\\/?s={search_term_string}\"},\"query-input\":{\"@type\":\"PropertyValueSpecification\",\"valueRequired\":true,\"valueName\":\"search_term_string\"}}],\"inLanguage\":\"en-US\"}]}<\/script>\n<!-- \/ Yoast SEO plugin. -->","yoast_head_json":{"title":"[:et]\"Magus armastus.\"[:ru]\"\u0421\u043b\u0430\u0434\u043a\u0430\u044f \u043b\u044e\u0431\u043e\u0432\u044c.\"[:en]\" Sweet love \"[:] | Bonfortuno","robots":{"index":"index","follow":"follow","max-snippet":"max-snippet:-1","max-image-preview":"max-image-preview:large","max-video-preview":"max-video-preview:-1"},"canonical":"https:\/\/bonfortuno.eu\/toode\/magus-armastus\/","og_locale":"en_US","og_type":"article","og_title":"[:et]\"Magus armastus.\"[:ru]\"\u0421\u043b\u0430\u0434\u043a\u0430\u044f \u043b\u044e\u0431\u043e\u0432\u044c.\"[:en]\" Sweet love \"[:] | Bonfortuno","og_description":"[:et]Igale naisele v\u00e4\u00e4riline kingitus on punaste rooside kimp. S\u00fcdamest igaks juhuks kingitud kimp \"Magus armastus\" toob igasse koju mugavust ja soojust.[:ru]\u0414\u043e\u0441\u0442\u043e\u0439\u043d\u044b\u0439 \u043f\u043e\u0434\u0430\u0440\u043e\u043a \u0434\u043b\u044f \u043b\u044e\u0431\u043e\u0439 \u0436\u0435\u043d\u0449\u0438\u043d\u044b - \u0431\u0443\u043a\u0435\u0442 \u0438\u0437 \u043a\u0440\u0430\u0441\u043d\u044b\u0445 \u0440\u043e\u0437. \u041f\u043e\u0434\u0430\u0440\u0435\u043d\u043d\u044b\u0439 \u043e\u0442 \u0434\u0443\u0448\u0438 \u043d\u0430 \u043b\u044e\u0431\u043e\u0439 \u043f\u0440\u0430\u0437\u0434\u043d\u0438\u043a \u0431\u0443\u043a\u0435\u0442 \" \u0421\u043b\u0430\u0434\u043a\u0430\u044f \u043b\u044e\u0431\u043e\u0432\u044c \" \u043f\u0440\u0438\u043d\u0435\u0441\u0435\u0442 \u0432 \u043a\u0430\u0436\u0434\u044b\u0439 \u0434\u043e\u043c \u0443\u044e\u0442 \u0438 \u0442\u0435\u043f\u043b\u043e.[:en]A worthy gift for any woman is a bouquet of red roses. The \"Sweet Love\" bouquet presented from the heart for any occasion will bring comfort and warmth to every home.[:]","og_url":"https:\/\/bonfortuno.eu\/toode\/magus-armastus\/","og_site_name":"Bonfortuno","article_modified_time":"2022-01-13T11:29:49+00:00","og_image":[{"width":800,"height":800,"url":"https:\/\/bonfortuno.eu\/wp-content\/uploads\/2020\/05\/IMG_1070.jpg","type":"image\/jpeg"}],"twitter_card":"summary_large_image","schema":{"@context":"https:\/\/schema.org","@graph":[{"@type":"WebPage","@id":"https:\/\/bonfortuno.eu\/toode\/magus-armastus\/","url":"https:\/\/bonfortuno.eu\/toode\/magus-armastus\/","name":"[:et]\"Magus armastus.\"[:ru]\"\u0421\u043b\u0430\u0434\u043a\u0430\u044f \u043b\u044e\u0431\u043e\u0432\u044c.\"[:en]\" Sweet love \"[:] | Bonfortuno","isPartOf":{"@id":"https:\/\/bonfortuno.eu\/ru\/#website"},"primaryImageOfPage":{"@id":"https:\/\/bonfortuno.eu\/toode\/magus-armastus\/#primaryimage"},"image":{"@id":"https:\/\/bonfortuno.eu\/toode\/magus-armastus\/#primaryimage"},"thumbnailUrl":"https:\/\/bonfortuno.eu\/wp-content\/uploads\/2020\/05\/IMG_1070.jpg","datePublished":"2021-02-17T11:29:30+00:00","dateModified":"2022-01-13T11:29:49+00:00","breadcrumb":{"@id":"https:\/\/bonfortuno.eu\/toode\/magus-armastus\/#breadcrumb"},"inLanguage":"en-US","potentialAction":[{"@type":"ReadAction","target":["https:\/\/bonfortuno.eu\/toode\/magus-armastus\/"]}]},{"@type":"ImageObject","inLanguage":"en-US","@id":"https:\/\/bonfortuno.eu\/toode\/magus-armastus\/#primaryimage","url":"https:\/\/bonfortuno.eu\/wp-content\/uploads\/2020\/05\/IMG_1070.jpg","contentUrl":"https:\/\/bonfortuno.eu\/wp-content\/uploads\/2020\/05\/IMG_1070.jpg","width":800,"height":800},{"@type":"BreadcrumbList","@id":"https:\/\/bonfortuno.eu\/toode\/magus-armastus\/#breadcrumb","itemListElement":[{"@type":"ListItem","position":1,"name":"\u0413\u043b\u0430\u0432\u043d\u0430\u044f \u0441\u0442\u0440\u0430\u043d\u0438\u0446\u0430","item":"https:\/\/bonfortuno.eu\/"},{"@type":"ListItem","position":2,"name":"\u041c\u0430\u0433\u0430\u0437\u0438\u043d","item":"https:\/\/bonfortuno.eu\/"},{"@type":"ListItem","position":3,"name":"&#8220;Magus armastus.&#8221;"}]},{"@type":"WebSite","@id":"https:\/\/bonfortuno.eu\/ru\/#website","url":"https:\/\/bonfortuno.eu\/ru\/","name":"Bonfortuno","description":"The world of fresh flowers","potentialAction":[{"@type":"SearchAction","target":{"@type":"EntryPoint","urlTemplate":"https:\/\/bonfortuno.eu\/ru\/?s={search_term_string}"},"query-input":{"@type":"PropertyValueSpecification","valueRequired":true,"valueName":"search_term_string"}}],"inLanguage":"en-US"}]}},"_links":{"self":[{"href":"https:\/\/bonfortuno.eu\/en\/wp-json\/wp\/v2\/product\/3001","targetHints":{"allow":["GET"]}}],"collection":[{"href":"https:\/\/bonfortuno.eu\/en\/wp-json\/wp\/v2\/product"}],"about":[{"href":"https:\/\/bonfortuno.eu\/en\/wp-json\/wp\/v2\/types\/product"}],"wp:featuredmedia":[{"embeddable":true,"href":"https:\/\/bonfortuno.eu\/en\/wp-json\/wp\/v2\/media\/2684"}],"wp:attachment":[{"href":"https:\/\/bonfortuno.eu\/en\/wp-json\/wp\/v2\/media?parent=3001"}],"wp:term":[{"taxonomy":"product_brand","embeddable":true,"href":"https:\/\/bonfortuno.eu\/en\/wp-json\/wp\/v2\/product_brand?post=3001"},{"taxonomy":"product_cat","embeddable":true,"href":"https:\/\/bonfortuno.eu\/en\/wp-json\/wp\/v2\/product_cat?post=3001"},{"taxonomy":"product_tag","embeddable":true,"href":"https:\/\/bonfortuno.eu\/en\/wp-json\/wp\/v2\/product_tag?post=3001"}],"curies":[{"name":"wp","href":"https:\/\/api.w.org\/{rel}","templated":true}]}}