{"id":3012,"date":"2021-02-17T15:53:00","date_gmt":"2021-02-17T13:53:00","guid":{"rendered":"https:\/\/bonfortuno.eu\/?post_type=product&#038;p=3012"},"modified":"2022-01-13T13:25:42","modified_gmt":"2022-01-13T11:25:42","slug":"soprus","status":"publish","type":"product","link":"https:\/\/bonfortuno.eu\/en\/toode\/soprus\/","title":{"rendered":"&#8221;Friendship&#8221;"},"content":{"rendered":"","protected":false},"excerpt":{"rendered":"<p>The yellow rose has the most positive meanings &#8211; joy, happiness, friendship. According to the meaning of the color of roses, it has nothing to do with separation, jealousy and betrayal, although it is very common among the people.<br \/>\nThis arrangement of 29 yellow roses will be a great addition to any celebration!<\/p>\n","protected":false},"featured_media":2693,"template":"","meta":[],"product_brand":[],"product_cat":[76,36,35],"product_tag":[],"class_list":{"0":"post-3012","1":"product","2":"type-product","3":"status-publish","4":"has-post-thumbnail","6":"product_cat-koik-tooted","7":"product_cat-lilleseade-korvis","8":"product_cat-lilleseaded","10":"first","11":"instock","12":"shipping-taxable","13":"purchasable","14":"product-type-simple"},"yoast_head":"<!-- This site is optimized with the Yoast SEO plugin v27.3 - https:\/\/yoast.com\/product\/yoast-seo-wordpress\/ -->\n<title>&quot;Friendship&quot; | Bonfortuno<\/title>\n<meta name=\"robots\" content=\"index, follow, max-snippet:-1, max-image-preview:large, max-video-preview:-1\" \/>\n<link rel=\"canonical\" href=\"https:\/\/bonfortuno.eu\/toode\/soprus\/\" \/>\n<meta property=\"og:locale\" content=\"en_US\" \/>\n<meta property=\"og:type\" content=\"article\" \/>\n<meta property=\"og:title\" content=\"[:et]&quot;S\u00f5prus&quot;[:ru]&quot;\u0414\u0440\u0443\u0436\u0431\u0430 &quot;[:en]&quot;Friendship&quot;[:] | Bonfortuno\" \/>\n<meta property=\"og:description\" content=\"[:et]Kollasel roosil on k\u00f5ige rohkem positiivseid t\u00e4hendusi - r\u00f5\u00f5m, \u00f5nn, s\u00f5prus. Rooside v\u00e4rvi t\u00e4henduse j\u00e4rgi pole sel midagi pistmist lahusoleku, armukadeduse ja reetmisega, ehkki see on rahva seas v\u00e4ga levinud. Selline 29 kollasest roosist koosnev kompositsioon on suurep\u00e4rane t\u00e4iendus igale pidustusele![:ru]\u0423 \u0436\u0435\u043b\u0442\u043e\u0439 \u0440\u043e\u0437\u044b \u0441\u0430\u043c\u044b\u0435 \u043f\u043e\u0437\u0438\u0442\u0438\u0432\u043d\u044b\u0435 \u0437\u043d\u0430\u0447\u0435\u043d\u0438\u044f \u2013 \u0440\u0430\u0434\u043e\u0441\u0442\u044c, \u0441\u0447\u0430\u0441\u0442\u044c\u0435, \u0434\u0440\u0443\u0436\u0431\u0430. \u0421\u043e\u0433\u043b\u0430\u0441\u043d\u043e \u0437\u043d\u0430\u0447\u0435\u043d\u0438\u044e \u0446\u0432\u0435\u0442\u0430 \u0440\u043e\u0437, \u043e\u043d\u0430 \u043d\u0435 \u0438\u043c\u0435\u0435\u0442 \u043d\u0438\u043a\u0430\u043a\u043e\u0433\u043e \u043e\u0442\u043d\u043e\u0448\u0435\u043d\u0438\u044f \u043a \u0440\u0430\u0437\u043b\u0443\u043a\u0435, \u0440\u0435\u0432\u043d\u043e\u0441\u0442\u0438 \u0438 \u0438\u0437\u043c\u0435\u043d\u0435, \u0445\u043e\u0442\u044f \u0432 \u043d\u0430\u0440\u043e\u0434\u0435 \u043e\u043d\u043e \u043e\u0447\u0435\u043d\u044c \u0440\u0430\u0441\u043f\u0440\u043e\u0441\u0442\u0440\u0430\u043d\u0435\u043d\u043e. \u0422\u0430\u043a\u0430\u044f \u043a\u043e\u043c\u043f\u043e\u0437\u0438\u0446\u0438\u044f \u0438\u0437 29 \u0436\u0435\u043b\u0442\u044b\u0445 \u0440\u043e\u0437 \u0431\u0443\u0434\u0435\u0442 \u043f\u0440\u0435\u043a\u0440\u0430\u0441\u043d\u044b\u043c \u0434\u043e\u043f\u043e\u043b\u043d\u0435\u043d\u0438\u0435\u043c \u043b\u044e\u0431\u043e\u0433\u043e \u0442\u043e\u0440\u0436\u0435\u0441\u0442\u0432\u0430![:en]The yellow rose has the most positive meanings - joy, happiness, friendship. According to the meaning of the color of roses, it has nothing to do with separation, jealousy and betrayal, although it is very common among the people. This arrangement of 29 yellow roses will be a great addition to any celebration![:]\" \/>\n<meta property=\"og:url\" content=\"https:\/\/bonfortuno.eu\/toode\/soprus\/\" \/>\n<meta property=\"og:site_name\" content=\"Bonfortuno\" \/>\n<meta property=\"article:modified_time\" content=\"2022-01-13T11:25:42+00:00\" \/>\n<meta property=\"og:image\" content=\"https:\/\/bonfortuno.eu\/wp-content\/uploads\/2020\/05\/IMG_1080.jpg\" \/>\n\t<meta property=\"og:image:width\" content=\"620\" \/>\n\t<meta property=\"og:image:height\" content=\"413\" \/>\n\t<meta property=\"og:image:type\" content=\"image\/jpeg\" \/>\n<meta name=\"twitter:card\" content=\"summary_large_image\" \/>\n<script type=\"application\/ld+json\" class=\"yoast-schema-graph\">{\"@context\":\"https:\\\/\\\/schema.org\",\"@graph\":[{\"@type\":\"WebPage\",\"@id\":\"https:\\\/\\\/bonfortuno.eu\\\/toode\\\/soprus\\\/\",\"url\":\"https:\\\/\\\/bonfortuno.eu\\\/toode\\\/soprus\\\/\",\"name\":\"[:et]\\\"S\u00f5prus\\\"[:ru]\\\"\u0414\u0440\u0443\u0436\u0431\u0430 \\\"[:en]\\\"Friendship\\\"[:] | Bonfortuno\",\"isPartOf\":{\"@id\":\"https:\\\/\\\/bonfortuno.eu\\\/ru\\\/#website\"},\"primaryImageOfPage\":{\"@id\":\"https:\\\/\\\/bonfortuno.eu\\\/toode\\\/soprus\\\/#primaryimage\"},\"image\":{\"@id\":\"https:\\\/\\\/bonfortuno.eu\\\/toode\\\/soprus\\\/#primaryimage\"},\"thumbnailUrl\":\"https:\\\/\\\/bonfortuno.eu\\\/wp-content\\\/uploads\\\/2020\\\/05\\\/IMG_1080.jpg\",\"datePublished\":\"2021-02-17T13:53:00+00:00\",\"dateModified\":\"2022-01-13T11:25:42+00:00\",\"breadcrumb\":{\"@id\":\"https:\\\/\\\/bonfortuno.eu\\\/toode\\\/soprus\\\/#breadcrumb\"},\"inLanguage\":\"en-US\",\"potentialAction\":[{\"@type\":\"ReadAction\",\"target\":[\"https:\\\/\\\/bonfortuno.eu\\\/toode\\\/soprus\\\/\"]}]},{\"@type\":\"ImageObject\",\"inLanguage\":\"en-US\",\"@id\":\"https:\\\/\\\/bonfortuno.eu\\\/toode\\\/soprus\\\/#primaryimage\",\"url\":\"https:\\\/\\\/bonfortuno.eu\\\/wp-content\\\/uploads\\\/2020\\\/05\\\/IMG_1080.jpg\",\"contentUrl\":\"https:\\\/\\\/bonfortuno.eu\\\/wp-content\\\/uploads\\\/2020\\\/05\\\/IMG_1080.jpg\",\"width\":620,\"height\":413},{\"@type\":\"BreadcrumbList\",\"@id\":\"https:\\\/\\\/bonfortuno.eu\\\/toode\\\/soprus\\\/#breadcrumb\",\"itemListElement\":[{\"@type\":\"ListItem\",\"position\":1,\"name\":\"\u0413\u043b\u0430\u0432\u043d\u0430\u044f \u0441\u0442\u0440\u0430\u043d\u0438\u0446\u0430\",\"item\":\"https:\\\/\\\/bonfortuno.eu\\\/\"},{\"@type\":\"ListItem\",\"position\":2,\"name\":\"\u041c\u0430\u0433\u0430\u0437\u0438\u043d\",\"item\":\"https:\\\/\\\/bonfortuno.eu\\\/\"},{\"@type\":\"ListItem\",\"position\":3,\"name\":\"&#8220;S\u00f5prus&#8221;\"}]},{\"@type\":\"WebSite\",\"@id\":\"https:\\\/\\\/bonfortuno.eu\\\/ru\\\/#website\",\"url\":\"https:\\\/\\\/bonfortuno.eu\\\/ru\\\/\",\"name\":\"Bonfortuno\",\"description\":\"The world of fresh flowers\",\"potentialAction\":[{\"@type\":\"SearchAction\",\"target\":{\"@type\":\"EntryPoint\",\"urlTemplate\":\"https:\\\/\\\/bonfortuno.eu\\\/ru\\\/?s={search_term_string}\"},\"query-input\":{\"@type\":\"PropertyValueSpecification\",\"valueRequired\":true,\"valueName\":\"search_term_string\"}}],\"inLanguage\":\"en-US\"}]}<\/script>\n<!-- \/ Yoast SEO plugin. -->","yoast_head_json":{"title":"[:et]\"S\u00f5prus\"[:ru]\"\u0414\u0440\u0443\u0436\u0431\u0430 \"[:en]\"Friendship\"[:] | Bonfortuno","robots":{"index":"index","follow":"follow","max-snippet":"max-snippet:-1","max-image-preview":"max-image-preview:large","max-video-preview":"max-video-preview:-1"},"canonical":"https:\/\/bonfortuno.eu\/toode\/soprus\/","og_locale":"en_US","og_type":"article","og_title":"[:et]\"S\u00f5prus\"[:ru]\"\u0414\u0440\u0443\u0436\u0431\u0430 \"[:en]\"Friendship\"[:] | Bonfortuno","og_description":"[:et]Kollasel roosil on k\u00f5ige rohkem positiivseid t\u00e4hendusi - r\u00f5\u00f5m, \u00f5nn, s\u00f5prus. Rooside v\u00e4rvi t\u00e4henduse j\u00e4rgi pole sel midagi pistmist lahusoleku, armukadeduse ja reetmisega, ehkki see on rahva seas v\u00e4ga levinud. Selline 29 kollasest roosist koosnev kompositsioon on suurep\u00e4rane t\u00e4iendus igale pidustusele![:ru]\u0423 \u0436\u0435\u043b\u0442\u043e\u0439 \u0440\u043e\u0437\u044b \u0441\u0430\u043c\u044b\u0435 \u043f\u043e\u0437\u0438\u0442\u0438\u0432\u043d\u044b\u0435 \u0437\u043d\u0430\u0447\u0435\u043d\u0438\u044f \u2013 \u0440\u0430\u0434\u043e\u0441\u0442\u044c, \u0441\u0447\u0430\u0441\u0442\u044c\u0435, \u0434\u0440\u0443\u0436\u0431\u0430. \u0421\u043e\u0433\u043b\u0430\u0441\u043d\u043e \u0437\u043d\u0430\u0447\u0435\u043d\u0438\u044e \u0446\u0432\u0435\u0442\u0430 \u0440\u043e\u0437, \u043e\u043d\u0430 \u043d\u0435 \u0438\u043c\u0435\u0435\u0442 \u043d\u0438\u043a\u0430\u043a\u043e\u0433\u043e \u043e\u0442\u043d\u043e\u0448\u0435\u043d\u0438\u044f \u043a \u0440\u0430\u0437\u043b\u0443\u043a\u0435, \u0440\u0435\u0432\u043d\u043e\u0441\u0442\u0438 \u0438 \u0438\u0437\u043c\u0435\u043d\u0435, \u0445\u043e\u0442\u044f \u0432 \u043d\u0430\u0440\u043e\u0434\u0435 \u043e\u043d\u043e \u043e\u0447\u0435\u043d\u044c \u0440\u0430\u0441\u043f\u0440\u043e\u0441\u0442\u0440\u0430\u043d\u0435\u043d\u043e. \u0422\u0430\u043a\u0430\u044f \u043a\u043e\u043c\u043f\u043e\u0437\u0438\u0446\u0438\u044f \u0438\u0437 29 \u0436\u0435\u043b\u0442\u044b\u0445 \u0440\u043e\u0437 \u0431\u0443\u0434\u0435\u0442 \u043f\u0440\u0435\u043a\u0440\u0430\u0441\u043d\u044b\u043c \u0434\u043e\u043f\u043e\u043b\u043d\u0435\u043d\u0438\u0435\u043c \u043b\u044e\u0431\u043e\u0433\u043e \u0442\u043e\u0440\u0436\u0435\u0441\u0442\u0432\u0430![:en]The yellow rose has the most positive meanings - joy, happiness, friendship. According to the meaning of the color of roses, it has nothing to do with separation, jealousy and betrayal, although it is very common among the people. This arrangement of 29 yellow roses will be a great addition to any celebration![:]","og_url":"https:\/\/bonfortuno.eu\/toode\/soprus\/","og_site_name":"Bonfortuno","article_modified_time":"2022-01-13T11:25:42+00:00","og_image":[{"width":620,"height":413,"url":"https:\/\/bonfortuno.eu\/wp-content\/uploads\/2020\/05\/IMG_1080.jpg","type":"image\/jpeg"}],"twitter_card":"summary_large_image","schema":{"@context":"https:\/\/schema.org","@graph":[{"@type":"WebPage","@id":"https:\/\/bonfortuno.eu\/toode\/soprus\/","url":"https:\/\/bonfortuno.eu\/toode\/soprus\/","name":"[:et]\"S\u00f5prus\"[:ru]\"\u0414\u0440\u0443\u0436\u0431\u0430 \"[:en]\"Friendship\"[:] | Bonfortuno","isPartOf":{"@id":"https:\/\/bonfortuno.eu\/ru\/#website"},"primaryImageOfPage":{"@id":"https:\/\/bonfortuno.eu\/toode\/soprus\/#primaryimage"},"image":{"@id":"https:\/\/bonfortuno.eu\/toode\/soprus\/#primaryimage"},"thumbnailUrl":"https:\/\/bonfortuno.eu\/wp-content\/uploads\/2020\/05\/IMG_1080.jpg","datePublished":"2021-02-17T13:53:00+00:00","dateModified":"2022-01-13T11:25:42+00:00","breadcrumb":{"@id":"https:\/\/bonfortuno.eu\/toode\/soprus\/#breadcrumb"},"inLanguage":"en-US","potentialAction":[{"@type":"ReadAction","target":["https:\/\/bonfortuno.eu\/toode\/soprus\/"]}]},{"@type":"ImageObject","inLanguage":"en-US","@id":"https:\/\/bonfortuno.eu\/toode\/soprus\/#primaryimage","url":"https:\/\/bonfortuno.eu\/wp-content\/uploads\/2020\/05\/IMG_1080.jpg","contentUrl":"https:\/\/bonfortuno.eu\/wp-content\/uploads\/2020\/05\/IMG_1080.jpg","width":620,"height":413},{"@type":"BreadcrumbList","@id":"https:\/\/bonfortuno.eu\/toode\/soprus\/#breadcrumb","itemListElement":[{"@type":"ListItem","position":1,"name":"\u0413\u043b\u0430\u0432\u043d\u0430\u044f \u0441\u0442\u0440\u0430\u043d\u0438\u0446\u0430","item":"https:\/\/bonfortuno.eu\/"},{"@type":"ListItem","position":2,"name":"\u041c\u0430\u0433\u0430\u0437\u0438\u043d","item":"https:\/\/bonfortuno.eu\/"},{"@type":"ListItem","position":3,"name":"&#8220;S\u00f5prus&#8221;"}]},{"@type":"WebSite","@id":"https:\/\/bonfortuno.eu\/ru\/#website","url":"https:\/\/bonfortuno.eu\/ru\/","name":"Bonfortuno","description":"The world of fresh flowers","potentialAction":[{"@type":"SearchAction","target":{"@type":"EntryPoint","urlTemplate":"https:\/\/bonfortuno.eu\/ru\/?s={search_term_string}"},"query-input":{"@type":"PropertyValueSpecification","valueRequired":true,"valueName":"search_term_string"}}],"inLanguage":"en-US"}]}},"_links":{"self":[{"href":"https:\/\/bonfortuno.eu\/en\/wp-json\/wp\/v2\/product\/3012","targetHints":{"allow":["GET"]}}],"collection":[{"href":"https:\/\/bonfortuno.eu\/en\/wp-json\/wp\/v2\/product"}],"about":[{"href":"https:\/\/bonfortuno.eu\/en\/wp-json\/wp\/v2\/types\/product"}],"wp:featuredmedia":[{"embeddable":true,"href":"https:\/\/bonfortuno.eu\/en\/wp-json\/wp\/v2\/media\/2693"}],"wp:attachment":[{"href":"https:\/\/bonfortuno.eu\/en\/wp-json\/wp\/v2\/media?parent=3012"}],"wp:term":[{"taxonomy":"product_brand","embeddable":true,"href":"https:\/\/bonfortuno.eu\/en\/wp-json\/wp\/v2\/product_brand?post=3012"},{"taxonomy":"product_cat","embeddable":true,"href":"https:\/\/bonfortuno.eu\/en\/wp-json\/wp\/v2\/product_cat?post=3012"},{"taxonomy":"product_tag","embeddable":true,"href":"https:\/\/bonfortuno.eu\/en\/wp-json\/wp\/v2\/product_tag?post=3012"}],"curies":[{"name":"wp","href":"https:\/\/api.w.org\/{rel}","templated":true}]}}