{"id":3018,"date":"2021-02-17T19:20:52","date_gmt":"2021-02-17T17:20:52","guid":{"rendered":"https:\/\/bonfortuno.eu\/?post_type=product&#038;p=3018"},"modified":"2025-02-11T19:24:11","modified_gmt":"2025-02-11T17:24:11","slug":"pakapiku-vagi","status":"publish","type":"product","link":"https:\/\/bonfortuno.eu\/en\/toode\/pakapiku-vagi\/","title":{"rendered":"&#8221;Elf Power&#8221;"},"content":{"rendered":"","protected":false},"excerpt":{"rendered":"<p>The basket contains 45 yellow tulips. The delicate petals of flowers seemed to have absorbed all the warmth, the energy of the sun!<br \/>\nTherefore, the bouquet and the sun itself, only small and very earthly. He doesn&#8217;t need additional decorations.<br \/>\nThe desire to give a person joy &#8211; this reason is enough.<\/p>\n","protected":false},"featured_media":2981,"template":"","meta":[],"product_brand":[],"product_cat":[76,36,35],"product_tag":[],"class_list":{"0":"post-3018","1":"product","2":"type-product","3":"status-publish","4":"has-post-thumbnail","6":"product_cat-koik-tooted","7":"product_cat-lilleseade-korvis","8":"product_cat-lilleseaded","10":"first","11":"instock","12":"shipping-taxable","13":"purchasable","14":"product-type-simple"},"yoast_head":"<!-- This site is optimized with the Yoast SEO plugin v27.3 - https:\/\/yoast.com\/product\/yoast-seo-wordpress\/ -->\n<title>&quot;Elf Power&quot; | Bonfortuno<\/title>\n<meta name=\"robots\" content=\"index, follow, max-snippet:-1, max-image-preview:large, max-video-preview:-1\" \/>\n<link rel=\"canonical\" href=\"https:\/\/bonfortuno.eu\/toode\/pakapiku-vagi\/\" \/>\n<meta property=\"og:locale\" content=\"en_US\" \/>\n<meta property=\"og:type\" content=\"article\" \/>\n<meta property=\"og:title\" content=\"[:et]&quot;P\u00e4kapiku v\u00e4gi&quot;[:ru]&quot;\u0421\u0438\u043b\u0430 \u042d\u043b\u044c\u0444\u0430 &quot;[:en]&quot;Elf Power&quot;[:] | Bonfortuno\" \/>\n<meta property=\"og:description\" content=\"[:et]Korvis on 45 kollast tulpi. Tundus, et \u00f5rnad \u00f5ielehed on neelanud kogu soojuse, p\u00e4ikese energia! Seet\u00f5ttu kimp ja p\u00e4ike ise, ainult v\u00e4ikesed ja v\u00e4ga maised. Ta ei vaja t\u00e4iendavaid kaunistusi. Soov pakkuda inimesele r\u00f5\u00f5mu - sellest piisab.[:ru]\u0412 \u043a\u043e\u0440\u0437\u0438\u043d\u0435 \u0434\u0440\u0443\u0436\u043d\u043e \u0443\u043c\u0435\u0441\u0442\u0438\u043b\u0438\u0441\u044c 45 \u0436\u0435\u043b\u0442\u044b\u0439 \u0442\u044e\u043b\u044c\u043f\u0430\u043d. \u041d\u0435\u0436\u043d\u044b\u0435 \u043b\u0435\u043f\u0435\u0441\u0442\u043a\u0438 \u0446\u0432\u0435\u0442\u043a\u043e\u0432 \u043a\u0430\u043a \u0431\u0443\u0434\u0442\u043e \u0432\u043e\u0431\u0440\u0430\u043b\u0438 \u0432 \u0441\u0435\u0431\u044f \u0432\u0441\u044e \u0442\u0435\u043f\u043b\u043e\u0442\u0443,\u044d\u043d\u0435\u0440\u0433\u0438\u044e \u0441\u043e\u043b\u043d\u0446\u0430 ! \u041f\u043e\u044d\u0442\u043e\u043c\u0443 \u0431\u0443\u043a\u0435\u0442 \u0438 \u0441\u0430\u043c \u0441\u043e\u043b\u043d\u0446\u0435 , \u0442\u043e\u043b\u044c\u043a\u043e \u043c\u0430\u043b\u0435\u043d\u044c\u043a\u043e\u0435 \u0438 \u043e\u0447\u0435\u043d\u044c \u0437\u0435\u043c\u043d\u043e\u0435. \u0415\u043c\u0443 \u043d\u0435 \u043d\u0443\u0436\u043d\u044b \u0434\u043e\u043f\u043e\u043b\u043d\u0438\u0442\u0435\u043b\u044c\u043d\u044b\u0435 \u0443\u043a\u0440\u0430\u0448\u0435\u043d\u0438\u044f. \u0416\u0435\u043b\u0430\u043d\u0438\u0435 \u043f\u043e\u0434\u0430\u0440\u0438\u0442\u044c \u0447\u0435\u043b\u043e\u0432\u0435\u043a\u0443 \u0440\u0430\u0434\u043e\u0441\u0442\u044c - \u044d\u0442\u043e\u0433\u043e \u043e\u0441\u043d\u043e\u0432\u0430\u043d\u0438\u044f \u0434\u043e\u0441\u0442\u0430\u0442\u043e\u0447\u043d\u043e.[:en]The basket contains 45 yellow tulips. The delicate petals of flowers seemed to have absorbed all the warmth, the energy of the sun! Therefore, the bouquet and the sun itself, only small and very earthly. He doesn&#039;t need additional decorations. The desire to give a person joy - this reason is enough.[:]\" \/>\n<meta property=\"og:url\" content=\"https:\/\/bonfortuno.eu\/toode\/pakapiku-vagi\/\" \/>\n<meta property=\"og:site_name\" content=\"Bonfortuno\" \/>\n<meta property=\"article:modified_time\" content=\"2025-02-11T17:24:11+00:00\" \/>\n<meta property=\"og:image\" content=\"https:\/\/bonfortuno.eu\/wp-content\/uploads\/2021\/02\/4kc.jpg\" \/>\n\t<meta property=\"og:image:width\" content=\"450\" \/>\n\t<meta property=\"og:image:height\" content=\"450\" \/>\n\t<meta property=\"og:image:type\" content=\"image\/jpeg\" \/>\n<meta name=\"twitter:card\" content=\"summary_large_image\" \/>\n<script type=\"application\/ld+json\" class=\"yoast-schema-graph\">{\"@context\":\"https:\\\/\\\/schema.org\",\"@graph\":[{\"@type\":\"WebPage\",\"@id\":\"https:\\\/\\\/bonfortuno.eu\\\/toode\\\/pakapiku-vagi\\\/\",\"url\":\"https:\\\/\\\/bonfortuno.eu\\\/toode\\\/pakapiku-vagi\\\/\",\"name\":\"[:et]\\\"P\u00e4kapiku v\u00e4gi\\\"[:ru]\\\"\u0421\u0438\u043b\u0430 \u042d\u043b\u044c\u0444\u0430 \\\"[:en]\\\"Elf Power\\\"[:] | Bonfortuno\",\"isPartOf\":{\"@id\":\"https:\\\/\\\/bonfortuno.eu\\\/ru\\\/#website\"},\"primaryImageOfPage\":{\"@id\":\"https:\\\/\\\/bonfortuno.eu\\\/toode\\\/pakapiku-vagi\\\/#primaryimage\"},\"image\":{\"@id\":\"https:\\\/\\\/bonfortuno.eu\\\/toode\\\/pakapiku-vagi\\\/#primaryimage\"},\"thumbnailUrl\":\"https:\\\/\\\/bonfortuno.eu\\\/wp-content\\\/uploads\\\/2021\\\/02\\\/4kc.jpg\",\"datePublished\":\"2021-02-17T17:20:52+00:00\",\"dateModified\":\"2025-02-11T17:24:11+00:00\",\"breadcrumb\":{\"@id\":\"https:\\\/\\\/bonfortuno.eu\\\/toode\\\/pakapiku-vagi\\\/#breadcrumb\"},\"inLanguage\":\"en-US\",\"potentialAction\":[{\"@type\":\"ReadAction\",\"target\":[\"https:\\\/\\\/bonfortuno.eu\\\/toode\\\/pakapiku-vagi\\\/\"]}]},{\"@type\":\"ImageObject\",\"inLanguage\":\"en-US\",\"@id\":\"https:\\\/\\\/bonfortuno.eu\\\/toode\\\/pakapiku-vagi\\\/#primaryimage\",\"url\":\"https:\\\/\\\/bonfortuno.eu\\\/wp-content\\\/uploads\\\/2021\\\/02\\\/4kc.jpg\",\"contentUrl\":\"https:\\\/\\\/bonfortuno.eu\\\/wp-content\\\/uploads\\\/2021\\\/02\\\/4kc.jpg\",\"width\":450,\"height\":450},{\"@type\":\"BreadcrumbList\",\"@id\":\"https:\\\/\\\/bonfortuno.eu\\\/toode\\\/pakapiku-vagi\\\/#breadcrumb\",\"itemListElement\":[{\"@type\":\"ListItem\",\"position\":1,\"name\":\"\u0413\u043b\u0430\u0432\u043d\u0430\u044f \u0441\u0442\u0440\u0430\u043d\u0438\u0446\u0430\",\"item\":\"https:\\\/\\\/bonfortuno.eu\\\/\"},{\"@type\":\"ListItem\",\"position\":2,\"name\":\"\u041c\u0430\u0433\u0430\u0437\u0438\u043d\",\"item\":\"https:\\\/\\\/bonfortuno.eu\\\/\"},{\"@type\":\"ListItem\",\"position\":3,\"name\":\"&#8220;P\u00e4kapiku v\u00e4gi&#8221;\"}]},{\"@type\":\"WebSite\",\"@id\":\"https:\\\/\\\/bonfortuno.eu\\\/ru\\\/#website\",\"url\":\"https:\\\/\\\/bonfortuno.eu\\\/ru\\\/\",\"name\":\"Bonfortuno\",\"description\":\"The world of fresh flowers\",\"potentialAction\":[{\"@type\":\"SearchAction\",\"target\":{\"@type\":\"EntryPoint\",\"urlTemplate\":\"https:\\\/\\\/bonfortuno.eu\\\/ru\\\/?s={search_term_string}\"},\"query-input\":{\"@type\":\"PropertyValueSpecification\",\"valueRequired\":true,\"valueName\":\"search_term_string\"}}],\"inLanguage\":\"en-US\"}]}<\/script>\n<!-- \/ Yoast SEO plugin. -->","yoast_head_json":{"title":"[:et]\"P\u00e4kapiku v\u00e4gi\"[:ru]\"\u0421\u0438\u043b\u0430 \u042d\u043b\u044c\u0444\u0430 \"[:en]\"Elf Power\"[:] | Bonfortuno","robots":{"index":"index","follow":"follow","max-snippet":"max-snippet:-1","max-image-preview":"max-image-preview:large","max-video-preview":"max-video-preview:-1"},"canonical":"https:\/\/bonfortuno.eu\/toode\/pakapiku-vagi\/","og_locale":"en_US","og_type":"article","og_title":"[:et]\"P\u00e4kapiku v\u00e4gi\"[:ru]\"\u0421\u0438\u043b\u0430 \u042d\u043b\u044c\u0444\u0430 \"[:en]\"Elf Power\"[:] | Bonfortuno","og_description":"[:et]Korvis on 45 kollast tulpi. Tundus, et \u00f5rnad \u00f5ielehed on neelanud kogu soojuse, p\u00e4ikese energia! Seet\u00f5ttu kimp ja p\u00e4ike ise, ainult v\u00e4ikesed ja v\u00e4ga maised. Ta ei vaja t\u00e4iendavaid kaunistusi. Soov pakkuda inimesele r\u00f5\u00f5mu - sellest piisab.[:ru]\u0412 \u043a\u043e\u0440\u0437\u0438\u043d\u0435 \u0434\u0440\u0443\u0436\u043d\u043e \u0443\u043c\u0435\u0441\u0442\u0438\u043b\u0438\u0441\u044c 45 \u0436\u0435\u043b\u0442\u044b\u0439 \u0442\u044e\u043b\u044c\u043f\u0430\u043d. \u041d\u0435\u0436\u043d\u044b\u0435 \u043b\u0435\u043f\u0435\u0441\u0442\u043a\u0438 \u0446\u0432\u0435\u0442\u043a\u043e\u0432 \u043a\u0430\u043a \u0431\u0443\u0434\u0442\u043e \u0432\u043e\u0431\u0440\u0430\u043b\u0438 \u0432 \u0441\u0435\u0431\u044f \u0432\u0441\u044e \u0442\u0435\u043f\u043b\u043e\u0442\u0443,\u044d\u043d\u0435\u0440\u0433\u0438\u044e \u0441\u043e\u043b\u043d\u0446\u0430 ! \u041f\u043e\u044d\u0442\u043e\u043c\u0443 \u0431\u0443\u043a\u0435\u0442 \u0438 \u0441\u0430\u043c \u0441\u043e\u043b\u043d\u0446\u0435 , \u0442\u043e\u043b\u044c\u043a\u043e \u043c\u0430\u043b\u0435\u043d\u044c\u043a\u043e\u0435 \u0438 \u043e\u0447\u0435\u043d\u044c \u0437\u0435\u043c\u043d\u043e\u0435. \u0415\u043c\u0443 \u043d\u0435 \u043d\u0443\u0436\u043d\u044b \u0434\u043e\u043f\u043e\u043b\u043d\u0438\u0442\u0435\u043b\u044c\u043d\u044b\u0435 \u0443\u043a\u0440\u0430\u0448\u0435\u043d\u0438\u044f. \u0416\u0435\u043b\u0430\u043d\u0438\u0435 \u043f\u043e\u0434\u0430\u0440\u0438\u0442\u044c \u0447\u0435\u043b\u043e\u0432\u0435\u043a\u0443 \u0440\u0430\u0434\u043e\u0441\u0442\u044c - \u044d\u0442\u043e\u0433\u043e \u043e\u0441\u043d\u043e\u0432\u0430\u043d\u0438\u044f \u0434\u043e\u0441\u0442\u0430\u0442\u043e\u0447\u043d\u043e.[:en]The basket contains 45 yellow tulips. The delicate petals of flowers seemed to have absorbed all the warmth, the energy of the sun! Therefore, the bouquet and the sun itself, only small and very earthly. He doesn't need additional decorations. The desire to give a person joy - this reason is enough.[:]","og_url":"https:\/\/bonfortuno.eu\/toode\/pakapiku-vagi\/","og_site_name":"Bonfortuno","article_modified_time":"2025-02-11T17:24:11+00:00","og_image":[{"width":450,"height":450,"url":"https:\/\/bonfortuno.eu\/wp-content\/uploads\/2021\/02\/4kc.jpg","type":"image\/jpeg"}],"twitter_card":"summary_large_image","schema":{"@context":"https:\/\/schema.org","@graph":[{"@type":"WebPage","@id":"https:\/\/bonfortuno.eu\/toode\/pakapiku-vagi\/","url":"https:\/\/bonfortuno.eu\/toode\/pakapiku-vagi\/","name":"[:et]\"P\u00e4kapiku v\u00e4gi\"[:ru]\"\u0421\u0438\u043b\u0430 \u042d\u043b\u044c\u0444\u0430 \"[:en]\"Elf Power\"[:] | Bonfortuno","isPartOf":{"@id":"https:\/\/bonfortuno.eu\/ru\/#website"},"primaryImageOfPage":{"@id":"https:\/\/bonfortuno.eu\/toode\/pakapiku-vagi\/#primaryimage"},"image":{"@id":"https:\/\/bonfortuno.eu\/toode\/pakapiku-vagi\/#primaryimage"},"thumbnailUrl":"https:\/\/bonfortuno.eu\/wp-content\/uploads\/2021\/02\/4kc.jpg","datePublished":"2021-02-17T17:20:52+00:00","dateModified":"2025-02-11T17:24:11+00:00","breadcrumb":{"@id":"https:\/\/bonfortuno.eu\/toode\/pakapiku-vagi\/#breadcrumb"},"inLanguage":"en-US","potentialAction":[{"@type":"ReadAction","target":["https:\/\/bonfortuno.eu\/toode\/pakapiku-vagi\/"]}]},{"@type":"ImageObject","inLanguage":"en-US","@id":"https:\/\/bonfortuno.eu\/toode\/pakapiku-vagi\/#primaryimage","url":"https:\/\/bonfortuno.eu\/wp-content\/uploads\/2021\/02\/4kc.jpg","contentUrl":"https:\/\/bonfortuno.eu\/wp-content\/uploads\/2021\/02\/4kc.jpg","width":450,"height":450},{"@type":"BreadcrumbList","@id":"https:\/\/bonfortuno.eu\/toode\/pakapiku-vagi\/#breadcrumb","itemListElement":[{"@type":"ListItem","position":1,"name":"\u0413\u043b\u0430\u0432\u043d\u0430\u044f \u0441\u0442\u0440\u0430\u043d\u0438\u0446\u0430","item":"https:\/\/bonfortuno.eu\/"},{"@type":"ListItem","position":2,"name":"\u041c\u0430\u0433\u0430\u0437\u0438\u043d","item":"https:\/\/bonfortuno.eu\/"},{"@type":"ListItem","position":3,"name":"&#8220;P\u00e4kapiku v\u00e4gi&#8221;"}]},{"@type":"WebSite","@id":"https:\/\/bonfortuno.eu\/ru\/#website","url":"https:\/\/bonfortuno.eu\/ru\/","name":"Bonfortuno","description":"The world of fresh flowers","potentialAction":[{"@type":"SearchAction","target":{"@type":"EntryPoint","urlTemplate":"https:\/\/bonfortuno.eu\/ru\/?s={search_term_string}"},"query-input":{"@type":"PropertyValueSpecification","valueRequired":true,"valueName":"search_term_string"}}],"inLanguage":"en-US"}]}},"_links":{"self":[{"href":"https:\/\/bonfortuno.eu\/en\/wp-json\/wp\/v2\/product\/3018","targetHints":{"allow":["GET"]}}],"collection":[{"href":"https:\/\/bonfortuno.eu\/en\/wp-json\/wp\/v2\/product"}],"about":[{"href":"https:\/\/bonfortuno.eu\/en\/wp-json\/wp\/v2\/types\/product"}],"wp:featuredmedia":[{"embeddable":true,"href":"https:\/\/bonfortuno.eu\/en\/wp-json\/wp\/v2\/media\/2981"}],"wp:attachment":[{"href":"https:\/\/bonfortuno.eu\/en\/wp-json\/wp\/v2\/media?parent=3018"}],"wp:term":[{"taxonomy":"product_brand","embeddable":true,"href":"https:\/\/bonfortuno.eu\/en\/wp-json\/wp\/v2\/product_brand?post=3018"},{"taxonomy":"product_cat","embeddable":true,"href":"https:\/\/bonfortuno.eu\/en\/wp-json\/wp\/v2\/product_cat?post=3018"},{"taxonomy":"product_tag","embeddable":true,"href":"https:\/\/bonfortuno.eu\/en\/wp-json\/wp\/v2\/product_tag?post=3018"}],"curies":[{"name":"wp","href":"https:\/\/api.w.org\/{rel}","templated":true}]}}