{"id":3077,"date":"2021-02-23T18:41:54","date_gmt":"2021-02-23T16:41:54","guid":{"rendered":"https:\/\/bonfortuno.eu\/?post_type=product&#038;p=3077"},"modified":"2025-02-11T19:06:34","modified_gmt":"2025-02-11T17:06:34","slug":"romantikaminutid","status":"publish","type":"product","link":"https:\/\/bonfortuno.eu\/en\/toode\/romantikaminutid\/","title":{"rendered":"&#8221;Minutes of romance&#8221;"},"content":{"rendered":"","protected":false},"excerpt":{"rendered":"<p>Bright spring harmony of 35 multicolored tulips in the finest packaging can pleasantly surprise and delight everyone to whom it should be destined. Delicate and touching flowers will be a good surprise on March 8th. A romantic date with such a bouquet will be joyful and fun.<\/p>\n","protected":false},"featured_media":2993,"template":"","meta":[],"product_brand":[],"product_cat":[76,30],"product_tag":[],"class_list":{"0":"post-3077","1":"product","2":"type-product","3":"status-publish","4":"has-post-thumbnail","6":"product_cat-koik-tooted","7":"product_cat-lillekimbud","9":"first","10":"instock","11":"shipping-taxable","12":"purchasable","13":"product-type-simple"},"yoast_head":"<!-- This site is optimized with the Yoast SEO plugin v27.3 - https:\/\/yoast.com\/product\/yoast-seo-wordpress\/ -->\n<title>&quot;Minutes of romance&quot; | Bonfortuno<\/title>\n<meta name=\"robots\" content=\"index, follow, max-snippet:-1, max-image-preview:large, max-video-preview:-1\" \/>\n<link rel=\"canonical\" href=\"https:\/\/bonfortuno.eu\/ru\/toode\/romantikaminutid\/\" \/>\n<meta property=\"og:locale\" content=\"en_US\" \/>\n<meta property=\"og:type\" content=\"article\" \/>\n<meta property=\"og:title\" content=\"[:et]&quot;Romantikaminutid&quot;[:ru]&quot;\u041c\u0438\u043d\u0443\u0442\u044b \u0440\u043e\u043c\u0430\u043d\u0442\u0438\u043a\u0438 &quot;[:en]&quot;Minutes of romance&quot;[:] | Bonfortuno\" \/>\n<meta property=\"og:description\" content=\"[:et]35 mitmev\u00e4rvilise tulbi parimas pakendis ere kevadine harmoonia v\u00f5ib meeldivalt \u00fcllatada ja r\u00f5\u00f5mustada k\u00f5iki, kellele see peaks olema m\u00e4\u00e4ratud. \u00d5rnad ja puudutavad lilled on 8. m\u00e4rtsil hea \u00fcllatus. Sellise kimbuga romantiline kuup\u00e4ev on r\u00f5\u00f5mus ja l\u00f5bus.[:ru]\u042f\u0440\u043a\u0430\u044f \u0432\u0435\u0441\u0435\u043d\u043d\u044f\u044f \u0433\u0430\u0440\u043c\u043e\u043d\u0438\u044f \u0438\u0437 \u0440\u0430\u0437\u043d\u043e\u0446\u0432\u0435\u0442\u043d\u044b\u0445 35 \u0442\u044e\u043b\u044c\u043f\u0430\u043d\u043e\u0432 \u0432 \u0442\u043e\u043d\u0447\u0430\u0439\u0448\u0435\u0439 \u0443\u043f\u0430\u043a\u043e\u0432\u043a\u0435 \u0441\u043f\u043e\u0441\u043e\u0431\u043d\u0430 \u043f\u0440\u0438\u044f\u0442\u043d\u043e \u0443\u0434\u0438\u0432\u0438\u0442\u044c \u0438 \u043e\u0431\u0440\u0430\u0434\u043e\u0432\u0430\u0442\u044c \u0432\u0441\u0435\u0445 \u043a\u043e\u043c\u0443 \u0434\u043e\u043b\u0436\u043d\u0430 \u0431\u044b\u0442\u044c \u043f\u0440\u0435\u0434\u043d\u043e\u0437\u043d\u0430\u0447\u0435\u043d\u0430. \u041d\u0435\u0436\u043d\u044b\u0435 \u0438 \u0442\u0440\u043e\u0433\u0430\u0442\u0435\u043b\u044c\u043d\u044b\u0435 \u0446\u0432\u0435\u0442\u044b \u0441\u0442\u0430\u043d\u0443\u0442 \u0445\u043e\u0440\u043e\u0448\u0438\u043c \u0441\u044e\u0440\u043f\u0440\u0438\u0437\u043e\u043c \u043d\u0430 8 \u043c\u0430\u0440\u0442\u0430. \u0420\u043e\u043c\u0430\u043d\u0442\u0438\u0447\u0435\u0441\u043a\u043e\u0435 \u0441\u0432\u0438\u0434\u0430\u043d\u0438\u0435 \u0441 \u0442\u0430\u043a\u0438\u043c \u0431\u0443\u043a\u0435\u0442\u043e\u043c \u043f\u0440\u043e\u0439\u0434\u0435\u0442 \u0440\u0430\u0434\u043e\u0441\u0442\u043d\u043e \u0438 \u0432\u0435\u0441\u0435\u043b\u043e.[:en]Bright spring harmony of 35 multicolored tulips in the finest packaging can pleasantly surprise and delight everyone to whom it should be destined. Delicate and touching flowers will be a good surprise on March 8th. A romantic date with such a bouquet will be joyful and fun.[:]\" \/>\n<meta property=\"og:url\" content=\"https:\/\/bonfortuno.eu\/ru\/toode\/romantikaminutid\/\" \/>\n<meta property=\"og:site_name\" content=\"Bonfortuno\" \/>\n<meta property=\"article:modified_time\" content=\"2025-02-11T17:06:34+00:00\" \/>\n<meta property=\"og:image\" content=\"https:\/\/bonfortuno.eu\/wp-content\/uploads\/2021\/02\/164w-2.jpg\" \/>\n\t<meta property=\"og:image:width\" content=\"500\" \/>\n\t<meta property=\"og:image:height\" content=\"500\" \/>\n\t<meta property=\"og:image:type\" content=\"image\/jpeg\" \/>\n<meta name=\"twitter:card\" content=\"summary_large_image\" \/>\n<script type=\"application\/ld+json\" class=\"yoast-schema-graph\">{\"@context\":\"https:\\\/\\\/schema.org\",\"@graph\":[{\"@type\":\"WebPage\",\"@id\":\"https:\\\/\\\/bonfortuno.eu\\\/ru\\\/toode\\\/romantikaminutid\\\/\",\"url\":\"https:\\\/\\\/bonfortuno.eu\\\/ru\\\/toode\\\/romantikaminutid\\\/\",\"name\":\"[:et]\\\"Romantikaminutid\\\"[:ru]\\\"\u041c\u0438\u043d\u0443\u0442\u044b \u0440\u043e\u043c\u0430\u043d\u0442\u0438\u043a\u0438 \\\"[:en]\\\"Minutes of romance\\\"[:] | Bonfortuno\",\"isPartOf\":{\"@id\":\"https:\\\/\\\/bonfortuno.eu\\\/ru\\\/#website\"},\"primaryImageOfPage\":{\"@id\":\"https:\\\/\\\/bonfortuno.eu\\\/ru\\\/toode\\\/romantikaminutid\\\/#primaryimage\"},\"image\":{\"@id\":\"https:\\\/\\\/bonfortuno.eu\\\/ru\\\/toode\\\/romantikaminutid\\\/#primaryimage\"},\"thumbnailUrl\":\"https:\\\/\\\/bonfortuno.eu\\\/wp-content\\\/uploads\\\/2021\\\/02\\\/164w-2.jpg\",\"datePublished\":\"2021-02-23T16:41:54+00:00\",\"dateModified\":\"2025-02-11T17:06:34+00:00\",\"breadcrumb\":{\"@id\":\"https:\\\/\\\/bonfortuno.eu\\\/ru\\\/toode\\\/romantikaminutid\\\/#breadcrumb\"},\"inLanguage\":\"en-US\",\"potentialAction\":[{\"@type\":\"ReadAction\",\"target\":[\"https:\\\/\\\/bonfortuno.eu\\\/ru\\\/toode\\\/romantikaminutid\\\/\"]}]},{\"@type\":\"ImageObject\",\"inLanguage\":\"en-US\",\"@id\":\"https:\\\/\\\/bonfortuno.eu\\\/ru\\\/toode\\\/romantikaminutid\\\/#primaryimage\",\"url\":\"https:\\\/\\\/bonfortuno.eu\\\/wp-content\\\/uploads\\\/2021\\\/02\\\/164w-2.jpg\",\"contentUrl\":\"https:\\\/\\\/bonfortuno.eu\\\/wp-content\\\/uploads\\\/2021\\\/02\\\/164w-2.jpg\",\"width\":500,\"height\":500},{\"@type\":\"BreadcrumbList\",\"@id\":\"https:\\\/\\\/bonfortuno.eu\\\/ru\\\/toode\\\/romantikaminutid\\\/#breadcrumb\",\"itemListElement\":[{\"@type\":\"ListItem\",\"position\":1,\"name\":\"\u0413\u043b\u0430\u0432\u043d\u0430\u044f \u0441\u0442\u0440\u0430\u043d\u0438\u0446\u0430\",\"item\":\"https:\\\/\\\/bonfortuno.eu\\\/\"},{\"@type\":\"ListItem\",\"position\":2,\"name\":\"\u041c\u0430\u0433\u0430\u0437\u0438\u043d\",\"item\":\"https:\\\/\\\/bonfortuno.eu\\\/\"},{\"@type\":\"ListItem\",\"position\":3,\"name\":\"&#171;\u041c\u0438\u043d\u0443\u0442\u044b \u0440\u043e\u043c\u0430\u043d\u0442\u0438\u043a\u0438 &#171;\"}]},{\"@type\":\"WebSite\",\"@id\":\"https:\\\/\\\/bonfortuno.eu\\\/ru\\\/#website\",\"url\":\"https:\\\/\\\/bonfortuno.eu\\\/ru\\\/\",\"name\":\"Bonfortuno\",\"description\":\"The world of fresh flowers\",\"potentialAction\":[{\"@type\":\"SearchAction\",\"target\":{\"@type\":\"EntryPoint\",\"urlTemplate\":\"https:\\\/\\\/bonfortuno.eu\\\/ru\\\/?s={search_term_string}\"},\"query-input\":{\"@type\":\"PropertyValueSpecification\",\"valueRequired\":true,\"valueName\":\"search_term_string\"}}],\"inLanguage\":\"en-US\"}]}<\/script>\n<!-- \/ Yoast SEO plugin. -->","yoast_head_json":{"title":"[:et]\"Romantikaminutid\"[:ru]\"\u041c\u0438\u043d\u0443\u0442\u044b \u0440\u043e\u043c\u0430\u043d\u0442\u0438\u043a\u0438 \"[:en]\"Minutes of romance\"[:] | Bonfortuno","robots":{"index":"index","follow":"follow","max-snippet":"max-snippet:-1","max-image-preview":"max-image-preview:large","max-video-preview":"max-video-preview:-1"},"canonical":"https:\/\/bonfortuno.eu\/ru\/toode\/romantikaminutid\/","og_locale":"en_US","og_type":"article","og_title":"[:et]\"Romantikaminutid\"[:ru]\"\u041c\u0438\u043d\u0443\u0442\u044b \u0440\u043e\u043c\u0430\u043d\u0442\u0438\u043a\u0438 \"[:en]\"Minutes of romance\"[:] | Bonfortuno","og_description":"[:et]35 mitmev\u00e4rvilise tulbi parimas pakendis ere kevadine harmoonia v\u00f5ib meeldivalt \u00fcllatada ja r\u00f5\u00f5mustada k\u00f5iki, kellele see peaks olema m\u00e4\u00e4ratud. \u00d5rnad ja puudutavad lilled on 8. m\u00e4rtsil hea \u00fcllatus. Sellise kimbuga romantiline kuup\u00e4ev on r\u00f5\u00f5mus ja l\u00f5bus.[:ru]\u042f\u0440\u043a\u0430\u044f \u0432\u0435\u0441\u0435\u043d\u043d\u044f\u044f \u0433\u0430\u0440\u043c\u043e\u043d\u0438\u044f \u0438\u0437 \u0440\u0430\u0437\u043d\u043e\u0446\u0432\u0435\u0442\u043d\u044b\u0445 35 \u0442\u044e\u043b\u044c\u043f\u0430\u043d\u043e\u0432 \u0432 \u0442\u043e\u043d\u0447\u0430\u0439\u0448\u0435\u0439 \u0443\u043f\u0430\u043a\u043e\u0432\u043a\u0435 \u0441\u043f\u043e\u0441\u043e\u0431\u043d\u0430 \u043f\u0440\u0438\u044f\u0442\u043d\u043e \u0443\u0434\u0438\u0432\u0438\u0442\u044c \u0438 \u043e\u0431\u0440\u0430\u0434\u043e\u0432\u0430\u0442\u044c \u0432\u0441\u0435\u0445 \u043a\u043e\u043c\u0443 \u0434\u043e\u043b\u0436\u043d\u0430 \u0431\u044b\u0442\u044c \u043f\u0440\u0435\u0434\u043d\u043e\u0437\u043d\u0430\u0447\u0435\u043d\u0430. \u041d\u0435\u0436\u043d\u044b\u0435 \u0438 \u0442\u0440\u043e\u0433\u0430\u0442\u0435\u043b\u044c\u043d\u044b\u0435 \u0446\u0432\u0435\u0442\u044b \u0441\u0442\u0430\u043d\u0443\u0442 \u0445\u043e\u0440\u043e\u0448\u0438\u043c \u0441\u044e\u0440\u043f\u0440\u0438\u0437\u043e\u043c \u043d\u0430 8 \u043c\u0430\u0440\u0442\u0430. \u0420\u043e\u043c\u0430\u043d\u0442\u0438\u0447\u0435\u0441\u043a\u043e\u0435 \u0441\u0432\u0438\u0434\u0430\u043d\u0438\u0435 \u0441 \u0442\u0430\u043a\u0438\u043c \u0431\u0443\u043a\u0435\u0442\u043e\u043c \u043f\u0440\u043e\u0439\u0434\u0435\u0442 \u0440\u0430\u0434\u043e\u0441\u0442\u043d\u043e \u0438 \u0432\u0435\u0441\u0435\u043b\u043e.[:en]Bright spring harmony of 35 multicolored tulips in the finest packaging can pleasantly surprise and delight everyone to whom it should be destined. Delicate and touching flowers will be a good surprise on March 8th. A romantic date with such a bouquet will be joyful and fun.[:]","og_url":"https:\/\/bonfortuno.eu\/ru\/toode\/romantikaminutid\/","og_site_name":"Bonfortuno","article_modified_time":"2025-02-11T17:06:34+00:00","og_image":[{"width":500,"height":500,"url":"https:\/\/bonfortuno.eu\/wp-content\/uploads\/2021\/02\/164w-2.jpg","type":"image\/jpeg"}],"twitter_card":"summary_large_image","schema":{"@context":"https:\/\/schema.org","@graph":[{"@type":"WebPage","@id":"https:\/\/bonfortuno.eu\/ru\/toode\/romantikaminutid\/","url":"https:\/\/bonfortuno.eu\/ru\/toode\/romantikaminutid\/","name":"[:et]\"Romantikaminutid\"[:ru]\"\u041c\u0438\u043d\u0443\u0442\u044b \u0440\u043e\u043c\u0430\u043d\u0442\u0438\u043a\u0438 \"[:en]\"Minutes of romance\"[:] | Bonfortuno","isPartOf":{"@id":"https:\/\/bonfortuno.eu\/ru\/#website"},"primaryImageOfPage":{"@id":"https:\/\/bonfortuno.eu\/ru\/toode\/romantikaminutid\/#primaryimage"},"image":{"@id":"https:\/\/bonfortuno.eu\/ru\/toode\/romantikaminutid\/#primaryimage"},"thumbnailUrl":"https:\/\/bonfortuno.eu\/wp-content\/uploads\/2021\/02\/164w-2.jpg","datePublished":"2021-02-23T16:41:54+00:00","dateModified":"2025-02-11T17:06:34+00:00","breadcrumb":{"@id":"https:\/\/bonfortuno.eu\/ru\/toode\/romantikaminutid\/#breadcrumb"},"inLanguage":"en-US","potentialAction":[{"@type":"ReadAction","target":["https:\/\/bonfortuno.eu\/ru\/toode\/romantikaminutid\/"]}]},{"@type":"ImageObject","inLanguage":"en-US","@id":"https:\/\/bonfortuno.eu\/ru\/toode\/romantikaminutid\/#primaryimage","url":"https:\/\/bonfortuno.eu\/wp-content\/uploads\/2021\/02\/164w-2.jpg","contentUrl":"https:\/\/bonfortuno.eu\/wp-content\/uploads\/2021\/02\/164w-2.jpg","width":500,"height":500},{"@type":"BreadcrumbList","@id":"https:\/\/bonfortuno.eu\/ru\/toode\/romantikaminutid\/#breadcrumb","itemListElement":[{"@type":"ListItem","position":1,"name":"\u0413\u043b\u0430\u0432\u043d\u0430\u044f \u0441\u0442\u0440\u0430\u043d\u0438\u0446\u0430","item":"https:\/\/bonfortuno.eu\/"},{"@type":"ListItem","position":2,"name":"\u041c\u0430\u0433\u0430\u0437\u0438\u043d","item":"https:\/\/bonfortuno.eu\/"},{"@type":"ListItem","position":3,"name":"&#171;\u041c\u0438\u043d\u0443\u0442\u044b \u0440\u043e\u043c\u0430\u043d\u0442\u0438\u043a\u0438 &#171;"}]},{"@type":"WebSite","@id":"https:\/\/bonfortuno.eu\/ru\/#website","url":"https:\/\/bonfortuno.eu\/ru\/","name":"Bonfortuno","description":"The world of fresh flowers","potentialAction":[{"@type":"SearchAction","target":{"@type":"EntryPoint","urlTemplate":"https:\/\/bonfortuno.eu\/ru\/?s={search_term_string}"},"query-input":{"@type":"PropertyValueSpecification","valueRequired":true,"valueName":"search_term_string"}}],"inLanguage":"en-US"}]}},"_links":{"self":[{"href":"https:\/\/bonfortuno.eu\/en\/wp-json\/wp\/v2\/product\/3077","targetHints":{"allow":["GET"]}}],"collection":[{"href":"https:\/\/bonfortuno.eu\/en\/wp-json\/wp\/v2\/product"}],"about":[{"href":"https:\/\/bonfortuno.eu\/en\/wp-json\/wp\/v2\/types\/product"}],"wp:featuredmedia":[{"embeddable":true,"href":"https:\/\/bonfortuno.eu\/en\/wp-json\/wp\/v2\/media\/2993"}],"wp:attachment":[{"href":"https:\/\/bonfortuno.eu\/en\/wp-json\/wp\/v2\/media?parent=3077"}],"wp:term":[{"taxonomy":"product_brand","embeddable":true,"href":"https:\/\/bonfortuno.eu\/en\/wp-json\/wp\/v2\/product_brand?post=3077"},{"taxonomy":"product_cat","embeddable":true,"href":"https:\/\/bonfortuno.eu\/en\/wp-json\/wp\/v2\/product_cat?post=3077"},{"taxonomy":"product_tag","embeddable":true,"href":"https:\/\/bonfortuno.eu\/en\/wp-json\/wp\/v2\/product_tag?post=3077"}],"curies":[{"name":"wp","href":"https:\/\/api.w.org\/{rel}","templated":true}]}}