{"id":3097,"date":"2021-02-24T18:01:26","date_gmt":"2021-02-24T16:01:26","guid":{"rendered":"https:\/\/bonfortuno.eu\/?post_type=product&#038;p=3097"},"modified":"2026-02-09T18:32:34","modified_gmt":"2026-02-09T16:32:34","slug":"ohupallid-%d0%bc%d0%b0%d0%bc%d0%b0-%d1%8f-%d1%82%d0%b5%d0%b1%d1%8f-%d0%bb%d1%8e%d0%b1%d0%bb%d1%8e","status":"publish","type":"product","link":"https:\/\/bonfortuno.eu\/en\/toode\/ohupallid-%d0%bc%d0%b0%d0%bc%d0%b0-%d1%8f-%d1%82%d0%b5%d0%b1%d1%8f-%d0%bb%d1%8e%d0%b1%d0%bb%d1%8e\/","title":{"rendered":"Balloons &#8220;\u041c\u0430\u043c\u0430 \u042f  \u0422\u0435\u0431\u044f \u041b\u044e\u0431\u043b\u044e&#8221;"},"content":{"rendered":"","protected":false},"excerpt":{"rendered":"<p>The balloon can be presented to mom on March 8, mother&#8217;s day, birthday, or just for no reason.<br \/>\nMulti-colored.<\/p>\n","protected":false},"featured_media":3093,"template":"","meta":[],"product_brand":[],"product_cat":[31,76],"product_tag":[],"class_list":{"0":"post-3097","1":"product","2":"type-product","3":"status-publish","4":"has-post-thumbnail","6":"product_cat-ohupallid","7":"product_cat-koik-tooted","9":"first","10":"instock","11":"shipping-taxable","12":"purchasable","13":"product-type-simple"},"yoast_head":"<!-- This site is optimized with the Yoast SEO plugin v27.3 - https:\/\/yoast.com\/product\/yoast-seo-wordpress\/ -->\n<title>Balloons &quot;\u041c\u0430\u043c\u0430 \u042f \u0422\u0435\u0431\u044f \u041b\u044e\u0431\u043b\u044e&quot; | Bonfortuno<\/title>\n<meta name=\"robots\" content=\"index, follow, max-snippet:-1, max-image-preview:large, max-video-preview:-1\" \/>\n<link rel=\"canonical\" href=\"https:\/\/bonfortuno.eu\/toode\/ohupallid-\u043c\u0430\u043c\u0430-\u044f-\u0442\u0435\u0431\u044f-\u043b\u044e\u0431\u043b\u044e\/\" \/>\n<meta property=\"og:locale\" content=\"en_US\" \/>\n<meta property=\"og:type\" content=\"article\" \/>\n<meta property=\"og:title\" content=\"[:et]\u00d5hupallid &quot;\u041c\u0430\u043c\u0430 \u042f \u0422\u0435\u0431\u044f \u041b\u044e\u0431\u043b\u044e&quot;[:ru]\u0412\u043e\u0437\u0434\u0443\u0448\u043d\u044b\u0439 \u0448\u0430\u0440 &quot;\u041c\u0430\u043c\u0430 \u042f \u0422\u0435\u0431\u044f \u041b\u044e\u0431\u043b\u044e&quot;[:en]Balloons &quot;\u041c\u0430\u043c\u0430 \u042f \u0422\u0435\u0431\u044f \u041b\u044e\u0431\u043b\u044e&quot;[:] | Bonfortuno\" \/>\n<meta property=\"og:description\" content=\"[:et]\u00d5hupalli saab emale kinkida 8. m\u00e4rtsil, emadep\u00e4eval, s\u00fcnnip\u00e4eval v\u00f5i lihtsalt ilma p\u00f5hjuseta.Mitmev\u00e4rviline.[:ru]\u0412\u043e\u0437\u0434\u0443\u0448\u043d\u044b\u0439 \u0448\u0430\u0440 \u043c\u043e\u0436\u043d\u043e \u043f\u043e\u0434\u0430\u0440\u0438\u0442\u044c \u043c\u0430\u043c\u0435 \u043d\u0430 8 \u043c\u0430\u0440\u0442\u0430 , \u0434\u0435\u043d\u044c \u043c\u0430\u0442\u0435\u0440\u0438 , \u0434\u0435\u043d\u044c \u0440\u043e\u0436\u0434\u0435\u043d\u0438\u0435 \u0438\u043b\u0438 \u043f\u0440\u043e\u0441\u0442\u043e \u0431\u0435\u0437 \u043f\u043e\u0432\u043e\u0434\u0430 .\u0420\u0430\u0437\u043d\u043e\u0446\u0432\u0435\u0442\u043d\u044b\u0435. [:en]The balloon can be presented to mom on March 8, mother&#039;s day, birthday, or just for no reason. Multi-colored.[:]\" \/>\n<meta property=\"og:url\" content=\"https:\/\/bonfortuno.eu\/toode\/ohupallid-\u043c\u0430\u043c\u0430-\u044f-\u0442\u0435\u0431\u044f-\u043b\u044e\u0431\u043b\u044e\/\" \/>\n<meta property=\"og:site_name\" content=\"Bonfortuno\" \/>\n<meta property=\"article:modified_time\" content=\"2026-02-09T16:32:34+00:00\" \/>\n<meta property=\"og:image\" content=\"https:\/\/bonfortuno.eu\/wp-content\/uploads\/2021\/02\/lateksnyj-shar-mama-ya-tebya-lyublyu-vishnevyj-1200x800-1.jpg\" \/>\n\t<meta property=\"og:image:width\" content=\"1200\" \/>\n\t<meta property=\"og:image:height\" content=\"800\" \/>\n\t<meta property=\"og:image:type\" content=\"image\/jpeg\" \/>\n<meta name=\"twitter:card\" content=\"summary_large_image\" \/>\n<script type=\"application\/ld+json\" class=\"yoast-schema-graph\">{\"@context\":\"https:\\\/\\\/schema.org\",\"@graph\":[{\"@type\":\"WebPage\",\"@id\":\"https:\\\/\\\/bonfortuno.eu\\\/toode\\\/ohupallid-%d0%bc%d0%b0%d0%bc%d0%b0-%d1%8f-%d1%82%d0%b5%d0%b1%d1%8f-%d0%bb%d1%8e%d0%b1%d0%bb%d1%8e\\\/\",\"url\":\"https:\\\/\\\/bonfortuno.eu\\\/toode\\\/ohupallid-%d0%bc%d0%b0%d0%bc%d0%b0-%d1%8f-%d1%82%d0%b5%d0%b1%d1%8f-%d0%bb%d1%8e%d0%b1%d0%bb%d1%8e\\\/\",\"name\":\"[:et]\u00d5hupallid \\\"\u041c\u0430\u043c\u0430 \u042f \u0422\u0435\u0431\u044f \u041b\u044e\u0431\u043b\u044e\\\"[:ru]\u0412\u043e\u0437\u0434\u0443\u0448\u043d\u044b\u0439 \u0448\u0430\u0440 \\\"\u041c\u0430\u043c\u0430 \u042f \u0422\u0435\u0431\u044f \u041b\u044e\u0431\u043b\u044e\\\"[:en]Balloons \\\"\u041c\u0430\u043c\u0430 \u042f \u0422\u0435\u0431\u044f \u041b\u044e\u0431\u043b\u044e\\\"[:] | Bonfortuno\",\"isPartOf\":{\"@id\":\"https:\\\/\\\/bonfortuno.eu\\\/ru\\\/#website\"},\"primaryImageOfPage\":{\"@id\":\"https:\\\/\\\/bonfortuno.eu\\\/toode\\\/ohupallid-%d0%bc%d0%b0%d0%bc%d0%b0-%d1%8f-%d1%82%d0%b5%d0%b1%d1%8f-%d0%bb%d1%8e%d0%b1%d0%bb%d1%8e\\\/#primaryimage\"},\"image\":{\"@id\":\"https:\\\/\\\/bonfortuno.eu\\\/toode\\\/ohupallid-%d0%bc%d0%b0%d0%bc%d0%b0-%d1%8f-%d1%82%d0%b5%d0%b1%d1%8f-%d0%bb%d1%8e%d0%b1%d0%bb%d1%8e\\\/#primaryimage\"},\"thumbnailUrl\":\"https:\\\/\\\/bonfortuno.eu\\\/wp-content\\\/uploads\\\/2021\\\/02\\\/lateksnyj-shar-mama-ya-tebya-lyublyu-vishnevyj-1200x800-1.jpg\",\"datePublished\":\"2021-02-24T16:01:26+00:00\",\"dateModified\":\"2026-02-09T16:32:34+00:00\",\"breadcrumb\":{\"@id\":\"https:\\\/\\\/bonfortuno.eu\\\/toode\\\/ohupallid-%d0%bc%d0%b0%d0%bc%d0%b0-%d1%8f-%d1%82%d0%b5%d0%b1%d1%8f-%d0%bb%d1%8e%d0%b1%d0%bb%d1%8e\\\/#breadcrumb\"},\"inLanguage\":\"en-US\",\"potentialAction\":[{\"@type\":\"ReadAction\",\"target\":[\"https:\\\/\\\/bonfortuno.eu\\\/toode\\\/ohupallid-%d0%bc%d0%b0%d0%bc%d0%b0-%d1%8f-%d1%82%d0%b5%d0%b1%d1%8f-%d0%bb%d1%8e%d0%b1%d0%bb%d1%8e\\\/\"]}]},{\"@type\":\"ImageObject\",\"inLanguage\":\"en-US\",\"@id\":\"https:\\\/\\\/bonfortuno.eu\\\/toode\\\/ohupallid-%d0%bc%d0%b0%d0%bc%d0%b0-%d1%8f-%d1%82%d0%b5%d0%b1%d1%8f-%d0%bb%d1%8e%d0%b1%d0%bb%d1%8e\\\/#primaryimage\",\"url\":\"https:\\\/\\\/bonfortuno.eu\\\/wp-content\\\/uploads\\\/2021\\\/02\\\/lateksnyj-shar-mama-ya-tebya-lyublyu-vishnevyj-1200x800-1.jpg\",\"contentUrl\":\"https:\\\/\\\/bonfortuno.eu\\\/wp-content\\\/uploads\\\/2021\\\/02\\\/lateksnyj-shar-mama-ya-tebya-lyublyu-vishnevyj-1200x800-1.jpg\",\"width\":1200,\"height\":800},{\"@type\":\"BreadcrumbList\",\"@id\":\"https:\\\/\\\/bonfortuno.eu\\\/toode\\\/ohupallid-%d0%bc%d0%b0%d0%bc%d0%b0-%d1%8f-%d1%82%d0%b5%d0%b1%d1%8f-%d0%bb%d1%8e%d0%b1%d0%bb%d1%8e\\\/#breadcrumb\",\"itemListElement\":[{\"@type\":\"ListItem\",\"position\":1,\"name\":\"\u0413\u043b\u0430\u0432\u043d\u0430\u044f \u0441\u0442\u0440\u0430\u043d\u0438\u0446\u0430\",\"item\":\"https:\\\/\\\/bonfortuno.eu\\\/\"},{\"@type\":\"ListItem\",\"position\":2,\"name\":\"\u041c\u0430\u0433\u0430\u0437\u0438\u043d\",\"item\":\"https:\\\/\\\/bonfortuno.eu\\\/\"},{\"@type\":\"ListItem\",\"position\":3,\"name\":\"\u00d5hupallid &#8220;\u041c\u0430\u043c\u0430 \u042f \u0422\u0435\u0431\u044f \u041b\u044e\u0431\u043b\u044e&#8221;\"}]},{\"@type\":\"WebSite\",\"@id\":\"https:\\\/\\\/bonfortuno.eu\\\/ru\\\/#website\",\"url\":\"https:\\\/\\\/bonfortuno.eu\\\/ru\\\/\",\"name\":\"Bonfortuno\",\"description\":\"The world of fresh flowers\",\"potentialAction\":[{\"@type\":\"SearchAction\",\"target\":{\"@type\":\"EntryPoint\",\"urlTemplate\":\"https:\\\/\\\/bonfortuno.eu\\\/ru\\\/?s={search_term_string}\"},\"query-input\":{\"@type\":\"PropertyValueSpecification\",\"valueRequired\":true,\"valueName\":\"search_term_string\"}}],\"inLanguage\":\"en-US\"}]}<\/script>\n<!-- \/ Yoast SEO plugin. -->","yoast_head_json":{"title":"[:et]\u00d5hupallid \"\u041c\u0430\u043c\u0430 \u042f \u0422\u0435\u0431\u044f \u041b\u044e\u0431\u043b\u044e\"[:ru]\u0412\u043e\u0437\u0434\u0443\u0448\u043d\u044b\u0439 \u0448\u0430\u0440 \"\u041c\u0430\u043c\u0430 \u042f \u0422\u0435\u0431\u044f \u041b\u044e\u0431\u043b\u044e\"[:en]Balloons \"\u041c\u0430\u043c\u0430 \u042f \u0422\u0435\u0431\u044f \u041b\u044e\u0431\u043b\u044e\"[:] | Bonfortuno","robots":{"index":"index","follow":"follow","max-snippet":"max-snippet:-1","max-image-preview":"max-image-preview:large","max-video-preview":"max-video-preview:-1"},"canonical":"https:\/\/bonfortuno.eu\/toode\/ohupallid-\u043c\u0430\u043c\u0430-\u044f-\u0442\u0435\u0431\u044f-\u043b\u044e\u0431\u043b\u044e\/","og_locale":"en_US","og_type":"article","og_title":"[:et]\u00d5hupallid \"\u041c\u0430\u043c\u0430 \u042f \u0422\u0435\u0431\u044f \u041b\u044e\u0431\u043b\u044e\"[:ru]\u0412\u043e\u0437\u0434\u0443\u0448\u043d\u044b\u0439 \u0448\u0430\u0440 \"\u041c\u0430\u043c\u0430 \u042f \u0422\u0435\u0431\u044f \u041b\u044e\u0431\u043b\u044e\"[:en]Balloons \"\u041c\u0430\u043c\u0430 \u042f \u0422\u0435\u0431\u044f \u041b\u044e\u0431\u043b\u044e\"[:] | Bonfortuno","og_description":"[:et]\u00d5hupalli saab emale kinkida 8. m\u00e4rtsil, emadep\u00e4eval, s\u00fcnnip\u00e4eval v\u00f5i lihtsalt ilma p\u00f5hjuseta.Mitmev\u00e4rviline.[:ru]\u0412\u043e\u0437\u0434\u0443\u0448\u043d\u044b\u0439 \u0448\u0430\u0440 \u043c\u043e\u0436\u043d\u043e \u043f\u043e\u0434\u0430\u0440\u0438\u0442\u044c \u043c\u0430\u043c\u0435 \u043d\u0430 8 \u043c\u0430\u0440\u0442\u0430 , \u0434\u0435\u043d\u044c \u043c\u0430\u0442\u0435\u0440\u0438 , \u0434\u0435\u043d\u044c \u0440\u043e\u0436\u0434\u0435\u043d\u0438\u0435 \u0438\u043b\u0438 \u043f\u0440\u043e\u0441\u0442\u043e \u0431\u0435\u0437 \u043f\u043e\u0432\u043e\u0434\u0430 .\u0420\u0430\u0437\u043d\u043e\u0446\u0432\u0435\u0442\u043d\u044b\u0435. [:en]The balloon can be presented to mom on March 8, mother's day, birthday, or just for no reason. Multi-colored.[:]","og_url":"https:\/\/bonfortuno.eu\/toode\/ohupallid-\u043c\u0430\u043c\u0430-\u044f-\u0442\u0435\u0431\u044f-\u043b\u044e\u0431\u043b\u044e\/","og_site_name":"Bonfortuno","article_modified_time":"2026-02-09T16:32:34+00:00","og_image":[{"width":1200,"height":800,"url":"https:\/\/bonfortuno.eu\/wp-content\/uploads\/2021\/02\/lateksnyj-shar-mama-ya-tebya-lyublyu-vishnevyj-1200x800-1.jpg","type":"image\/jpeg"}],"twitter_card":"summary_large_image","schema":{"@context":"https:\/\/schema.org","@graph":[{"@type":"WebPage","@id":"https:\/\/bonfortuno.eu\/toode\/ohupallid-%d0%bc%d0%b0%d0%bc%d0%b0-%d1%8f-%d1%82%d0%b5%d0%b1%d1%8f-%d0%bb%d1%8e%d0%b1%d0%bb%d1%8e\/","url":"https:\/\/bonfortuno.eu\/toode\/ohupallid-%d0%bc%d0%b0%d0%bc%d0%b0-%d1%8f-%d1%82%d0%b5%d0%b1%d1%8f-%d0%bb%d1%8e%d0%b1%d0%bb%d1%8e\/","name":"[:et]\u00d5hupallid \"\u041c\u0430\u043c\u0430 \u042f \u0422\u0435\u0431\u044f \u041b\u044e\u0431\u043b\u044e\"[:ru]\u0412\u043e\u0437\u0434\u0443\u0448\u043d\u044b\u0439 \u0448\u0430\u0440 \"\u041c\u0430\u043c\u0430 \u042f \u0422\u0435\u0431\u044f \u041b\u044e\u0431\u043b\u044e\"[:en]Balloons \"\u041c\u0430\u043c\u0430 \u042f \u0422\u0435\u0431\u044f \u041b\u044e\u0431\u043b\u044e\"[:] | Bonfortuno","isPartOf":{"@id":"https:\/\/bonfortuno.eu\/ru\/#website"},"primaryImageOfPage":{"@id":"https:\/\/bonfortuno.eu\/toode\/ohupallid-%d0%bc%d0%b0%d0%bc%d0%b0-%d1%8f-%d1%82%d0%b5%d0%b1%d1%8f-%d0%bb%d1%8e%d0%b1%d0%bb%d1%8e\/#primaryimage"},"image":{"@id":"https:\/\/bonfortuno.eu\/toode\/ohupallid-%d0%bc%d0%b0%d0%bc%d0%b0-%d1%8f-%d1%82%d0%b5%d0%b1%d1%8f-%d0%bb%d1%8e%d0%b1%d0%bb%d1%8e\/#primaryimage"},"thumbnailUrl":"https:\/\/bonfortuno.eu\/wp-content\/uploads\/2021\/02\/lateksnyj-shar-mama-ya-tebya-lyublyu-vishnevyj-1200x800-1.jpg","datePublished":"2021-02-24T16:01:26+00:00","dateModified":"2026-02-09T16:32:34+00:00","breadcrumb":{"@id":"https:\/\/bonfortuno.eu\/toode\/ohupallid-%d0%bc%d0%b0%d0%bc%d0%b0-%d1%8f-%d1%82%d0%b5%d0%b1%d1%8f-%d0%bb%d1%8e%d0%b1%d0%bb%d1%8e\/#breadcrumb"},"inLanguage":"en-US","potentialAction":[{"@type":"ReadAction","target":["https:\/\/bonfortuno.eu\/toode\/ohupallid-%d0%bc%d0%b0%d0%bc%d0%b0-%d1%8f-%d1%82%d0%b5%d0%b1%d1%8f-%d0%bb%d1%8e%d0%b1%d0%bb%d1%8e\/"]}]},{"@type":"ImageObject","inLanguage":"en-US","@id":"https:\/\/bonfortuno.eu\/toode\/ohupallid-%d0%bc%d0%b0%d0%bc%d0%b0-%d1%8f-%d1%82%d0%b5%d0%b1%d1%8f-%d0%bb%d1%8e%d0%b1%d0%bb%d1%8e\/#primaryimage","url":"https:\/\/bonfortuno.eu\/wp-content\/uploads\/2021\/02\/lateksnyj-shar-mama-ya-tebya-lyublyu-vishnevyj-1200x800-1.jpg","contentUrl":"https:\/\/bonfortuno.eu\/wp-content\/uploads\/2021\/02\/lateksnyj-shar-mama-ya-tebya-lyublyu-vishnevyj-1200x800-1.jpg","width":1200,"height":800},{"@type":"BreadcrumbList","@id":"https:\/\/bonfortuno.eu\/toode\/ohupallid-%d0%bc%d0%b0%d0%bc%d0%b0-%d1%8f-%d1%82%d0%b5%d0%b1%d1%8f-%d0%bb%d1%8e%d0%b1%d0%bb%d1%8e\/#breadcrumb","itemListElement":[{"@type":"ListItem","position":1,"name":"\u0413\u043b\u0430\u0432\u043d\u0430\u044f \u0441\u0442\u0440\u0430\u043d\u0438\u0446\u0430","item":"https:\/\/bonfortuno.eu\/"},{"@type":"ListItem","position":2,"name":"\u041c\u0430\u0433\u0430\u0437\u0438\u043d","item":"https:\/\/bonfortuno.eu\/"},{"@type":"ListItem","position":3,"name":"\u00d5hupallid &#8220;\u041c\u0430\u043c\u0430 \u042f \u0422\u0435\u0431\u044f \u041b\u044e\u0431\u043b\u044e&#8221;"}]},{"@type":"WebSite","@id":"https:\/\/bonfortuno.eu\/ru\/#website","url":"https:\/\/bonfortuno.eu\/ru\/","name":"Bonfortuno","description":"The world of fresh flowers","potentialAction":[{"@type":"SearchAction","target":{"@type":"EntryPoint","urlTemplate":"https:\/\/bonfortuno.eu\/ru\/?s={search_term_string}"},"query-input":{"@type":"PropertyValueSpecification","valueRequired":true,"valueName":"search_term_string"}}],"inLanguage":"en-US"}]}},"_links":{"self":[{"href":"https:\/\/bonfortuno.eu\/en\/wp-json\/wp\/v2\/product\/3097","targetHints":{"allow":["GET"]}}],"collection":[{"href":"https:\/\/bonfortuno.eu\/en\/wp-json\/wp\/v2\/product"}],"about":[{"href":"https:\/\/bonfortuno.eu\/en\/wp-json\/wp\/v2\/types\/product"}],"wp:featuredmedia":[{"embeddable":true,"href":"https:\/\/bonfortuno.eu\/en\/wp-json\/wp\/v2\/media\/3093"}],"wp:attachment":[{"href":"https:\/\/bonfortuno.eu\/en\/wp-json\/wp\/v2\/media?parent=3097"}],"wp:term":[{"taxonomy":"product_brand","embeddable":true,"href":"https:\/\/bonfortuno.eu\/en\/wp-json\/wp\/v2\/product_brand?post=3097"},{"taxonomy":"product_cat","embeddable":true,"href":"https:\/\/bonfortuno.eu\/en\/wp-json\/wp\/v2\/product_cat?post=3097"},{"taxonomy":"product_tag","embeddable":true,"href":"https:\/\/bonfortuno.eu\/en\/wp-json\/wp\/v2\/product_tag?post=3097"}],"curies":[{"name":"wp","href":"https:\/\/api.w.org\/{rel}","templated":true}]}}