{"id":3101,"date":"2021-02-25T18:10:46","date_gmt":"2021-02-25T16:10:46","guid":{"rendered":"https:\/\/bonfortuno.eu\/?post_type=product&#038;p=3101"},"modified":"2022-01-13T13:12:01","modified_gmt":"2022-01-13T11:12:01","slug":"triumf","status":"publish","type":"product","link":"https:\/\/bonfortuno.eu\/en\/toode\/triumf\/","title":{"rendered":"&#8221;Triumph&#8221;"},"content":{"rendered":"","protected":false},"excerpt":{"rendered":"<p>Red and white are a win-win combination of colors. Brightness and tenderness are harmoniously intertwined in one bouquet. The play of contrasts is captivating. Such a bouquet will be appropriate for any celebration. It will look equally great in the bedroom of your beloved woman and in the living room of your mother. A very beautiful gift, you can express love and tenderness to them, give a good mood, or just congratulate you on the holiday.<\/p>\n","protected":false},"featured_media":2997,"template":"","meta":[],"product_brand":[],"product_cat":[76,30],"product_tag":[],"class_list":{"0":"post-3101","1":"product","2":"type-product","3":"status-publish","4":"has-post-thumbnail","6":"product_cat-koik-tooted","7":"product_cat-lillekimbud","9":"first","10":"instock","11":"shipping-taxable","12":"purchasable","13":"product-type-simple"},"yoast_head":"<!-- This site is optimized with the Yoast SEO plugin v27.3 - https:\/\/yoast.com\/product\/yoast-seo-wordpress\/ -->\n<title>&quot;Triumph&quot; | Bonfortuno<\/title>\n<meta name=\"robots\" content=\"index, follow, max-snippet:-1, max-image-preview:large, max-video-preview:-1\" \/>\n<link rel=\"canonical\" href=\"https:\/\/bonfortuno.eu\/toode\/triumf\/\" \/>\n<meta property=\"og:locale\" content=\"en_US\" \/>\n<meta property=\"og:type\" content=\"article\" \/>\n<meta property=\"og:title\" content=\"[:et]&quot;Triumf&quot;[:ru]&quot;\u0422\u0440\u0438\u0443\u043c\u0444 &quot;[:en]&quot;Triumph&quot;[:] | Bonfortuno\" \/>\n<meta property=\"og:description\" content=\"[:et]Punane ja valge on win-win v\u00e4rvide kombinatsioon. Heledus ja \u00f5rnus on harmooniliselt p\u00f5imunud \u00fchte kimpu. Kontrastide m\u00e4ng on kaasahaarav. Selline kimp sobib igaks pidustuseks. See n\u00e4eb \u00fchtviisi suurep\u00e4rane v\u00e4lja nii teie armastatud naise magamistoas kui ka ema elutoas. V\u00e4ga ilus kingitus, nad v\u00f5ivad v\u00e4ljendada armastust ja hellust, anda head tuju v\u00f5i lihtsalt \u00f5nnitleda teid puhkuse ajal.[:ru]\u041a\u0440\u0430\u0441\u043d\u043e\u0435 \u0438 \u0431\u0435\u043b\u043e\u0435 - \u0431\u0435\u0441\u043f\u0440\u043e\u0438\u0433\u0440\u044b\u0448\u043d\u043e\u0435 \u0441\u043e\u0447\u0435\u0442\u0430\u043d\u0438\u0435 \u0446\u0432\u0435\u0442\u043e\u0432 . \u042f\u0440\u043a\u043e\u0441\u0442\u044c \u0438 \u043d\u0435\u0436\u043d\u043e\u0441\u0442\u044c \u0433\u0430\u0440\u043c\u043e\u043d\u0438\u0447\u043d\u043e \u043f\u0435\u0440\u0435\u043f\u043b\u0435\u0442\u0435\u043d\u044b \u0432 \u043e\u0434\u043d\u043e\u043c \u0431\u0443\u043a\u0435\u0442\u0435. \u0418\u0433\u0440\u0430 \u043a\u043e\u043d\u0442\u0440\u0430\u0441\u0442\u043e\u0432 \u0443\u0432\u043b\u0435\u043a\u0430\u0435\u0442. \u0422\u0430\u043a\u043e\u0439 \u0431\u0443\u043a\u0435\u0442 \u0431\u0443\u0434\u0435\u0442 \u0443\u043c\u0435\u0441\u0442\u0435\u043d \u043d\u0430 \u043b\u044e\u0431\u043e\u043c \u0442\u043e\u0440\u0436\u0435\u0441\u0442\u0432\u0435. \u041e\u043d \u043e\u0434\u0438\u043d\u0430\u043a\u043e\u0432\u043e \u043f\u0440\u0435\u043a\u0440\u0430\u0441\u043d\u043e \u0431\u0443\u0434\u0435\u0442 \u0441\u043c\u043e\u0442\u0440\u0435\u0442\u044c\u0441\u044f \u0432 \u0441\u043f\u0430\u043b\u044c\u043d\u0435 \u0443 \u043b\u044e\u0431\u0438\u043c\u043e\u0439 \u0436\u0435\u043d\u0449\u0438\u043d\u044b \u0438 \u0432 \u0433\u043e\u0441\u0442\u0438\u043d\u043d\u043e\u0439 \u0443 \u043c\u0430\u043c\u044b . \u041e\u0447\u0435\u043d\u044c \u043a\u0440\u0430\u0441\u0438\u0432\u044b\u0439 \u043f\u043e\u0434\u0430\u0440\u043e\u043a , \u0438\u043c \u043c\u043e\u0436\u043d\u043e \u0432\u044b\u0440\u0430\u0437\u0438\u0442\u044c \u043b\u044e\u0431\u043e\u0432\u044c \u0438 \u043d\u0435\u0436\u043d\u043e\u0441\u0442\u044c , \u043f\u043e\u0434\u0430\u0440\u0438\u0442\u044c \u0445\u043e\u0440\u043e\u0448\u0435\u0435 \u043d\u0430\u0441\u0442\u0440\u043e\u0435\u043d\u0438\u0435 \u0438\u043b\u0438 \u043f\u0440\u043e\u0441\u0442\u043e \u043f\u043e\u0437\u0434\u0440\u0430\u0432\u0438\u0442\u044c \u0441 \u043f\u0440\u0430\u0437\u0434\u043d\u0438\u043a\u043e\u043c.[:en]Red and white are a win-win combination of colors. Brightness and tenderness are harmoniously intertwined in one bouquet. The play of contrasts is captivating. Such a bouquet will be appropriate for any celebration. It will look equally great in the bedroom of your beloved woman and in the living room of your mother. A very beautiful gift, you can express love and tenderness to them, give a good mood, or just congratulate you on the holiday.[:]\" \/>\n<meta property=\"og:url\" content=\"https:\/\/bonfortuno.eu\/toode\/triumf\/\" \/>\n<meta property=\"og:site_name\" content=\"Bonfortuno\" \/>\n<meta property=\"article:modified_time\" content=\"2022-01-13T11:12:01+00:00\" \/>\n<meta property=\"og:image\" content=\"https:\/\/bonfortuno.eu\/wp-content\/uploads\/2021\/02\/2419.jpg\" \/>\n\t<meta property=\"og:image:width\" content=\"500\" \/>\n\t<meta property=\"og:image:height\" content=\"500\" \/>\n\t<meta property=\"og:image:type\" content=\"image\/jpeg\" \/>\n<meta name=\"twitter:card\" content=\"summary_large_image\" \/>\n<script type=\"application\/ld+json\" class=\"yoast-schema-graph\">{\"@context\":\"https:\\\/\\\/schema.org\",\"@graph\":[{\"@type\":\"WebPage\",\"@id\":\"https:\\\/\\\/bonfortuno.eu\\\/toode\\\/triumf\\\/\",\"url\":\"https:\\\/\\\/bonfortuno.eu\\\/toode\\\/triumf\\\/\",\"name\":\"[:et]\\\"Triumf\\\"[:ru]\\\"\u0422\u0440\u0438\u0443\u043c\u0444 \\\"[:en]\\\"Triumph\\\"[:] | Bonfortuno\",\"isPartOf\":{\"@id\":\"https:\\\/\\\/bonfortuno.eu\\\/ru\\\/#website\"},\"primaryImageOfPage\":{\"@id\":\"https:\\\/\\\/bonfortuno.eu\\\/toode\\\/triumf\\\/#primaryimage\"},\"image\":{\"@id\":\"https:\\\/\\\/bonfortuno.eu\\\/toode\\\/triumf\\\/#primaryimage\"},\"thumbnailUrl\":\"https:\\\/\\\/bonfortuno.eu\\\/wp-content\\\/uploads\\\/2021\\\/02\\\/2419.jpg\",\"datePublished\":\"2021-02-25T16:10:46+00:00\",\"dateModified\":\"2022-01-13T11:12:01+00:00\",\"breadcrumb\":{\"@id\":\"https:\\\/\\\/bonfortuno.eu\\\/toode\\\/triumf\\\/#breadcrumb\"},\"inLanguage\":\"en-US\",\"potentialAction\":[{\"@type\":\"ReadAction\",\"target\":[\"https:\\\/\\\/bonfortuno.eu\\\/toode\\\/triumf\\\/\"]}]},{\"@type\":\"ImageObject\",\"inLanguage\":\"en-US\",\"@id\":\"https:\\\/\\\/bonfortuno.eu\\\/toode\\\/triumf\\\/#primaryimage\",\"url\":\"https:\\\/\\\/bonfortuno.eu\\\/wp-content\\\/uploads\\\/2021\\\/02\\\/2419.jpg\",\"contentUrl\":\"https:\\\/\\\/bonfortuno.eu\\\/wp-content\\\/uploads\\\/2021\\\/02\\\/2419.jpg\",\"width\":500,\"height\":500},{\"@type\":\"BreadcrumbList\",\"@id\":\"https:\\\/\\\/bonfortuno.eu\\\/toode\\\/triumf\\\/#breadcrumb\",\"itemListElement\":[{\"@type\":\"ListItem\",\"position\":1,\"name\":\"\u0413\u043b\u0430\u0432\u043d\u0430\u044f \u0441\u0442\u0440\u0430\u043d\u0438\u0446\u0430\",\"item\":\"https:\\\/\\\/bonfortuno.eu\\\/\"},{\"@type\":\"ListItem\",\"position\":2,\"name\":\"\u041c\u0430\u0433\u0430\u0437\u0438\u043d\",\"item\":\"https:\\\/\\\/bonfortuno.eu\\\/\"},{\"@type\":\"ListItem\",\"position\":3,\"name\":\"&#8220;Triumf&#8221;\"}]},{\"@type\":\"WebSite\",\"@id\":\"https:\\\/\\\/bonfortuno.eu\\\/ru\\\/#website\",\"url\":\"https:\\\/\\\/bonfortuno.eu\\\/ru\\\/\",\"name\":\"Bonfortuno\",\"description\":\"The world of fresh flowers\",\"potentialAction\":[{\"@type\":\"SearchAction\",\"target\":{\"@type\":\"EntryPoint\",\"urlTemplate\":\"https:\\\/\\\/bonfortuno.eu\\\/ru\\\/?s={search_term_string}\"},\"query-input\":{\"@type\":\"PropertyValueSpecification\",\"valueRequired\":true,\"valueName\":\"search_term_string\"}}],\"inLanguage\":\"en-US\"}]}<\/script>\n<!-- \/ Yoast SEO plugin. -->","yoast_head_json":{"title":"[:et]\"Triumf\"[:ru]\"\u0422\u0440\u0438\u0443\u043c\u0444 \"[:en]\"Triumph\"[:] | Bonfortuno","robots":{"index":"index","follow":"follow","max-snippet":"max-snippet:-1","max-image-preview":"max-image-preview:large","max-video-preview":"max-video-preview:-1"},"canonical":"https:\/\/bonfortuno.eu\/toode\/triumf\/","og_locale":"en_US","og_type":"article","og_title":"[:et]\"Triumf\"[:ru]\"\u0422\u0440\u0438\u0443\u043c\u0444 \"[:en]\"Triumph\"[:] | Bonfortuno","og_description":"[:et]Punane ja valge on win-win v\u00e4rvide kombinatsioon. Heledus ja \u00f5rnus on harmooniliselt p\u00f5imunud \u00fchte kimpu. Kontrastide m\u00e4ng on kaasahaarav. Selline kimp sobib igaks pidustuseks. See n\u00e4eb \u00fchtviisi suurep\u00e4rane v\u00e4lja nii teie armastatud naise magamistoas kui ka ema elutoas. V\u00e4ga ilus kingitus, nad v\u00f5ivad v\u00e4ljendada armastust ja hellust, anda head tuju v\u00f5i lihtsalt \u00f5nnitleda teid puhkuse ajal.[:ru]\u041a\u0440\u0430\u0441\u043d\u043e\u0435 \u0438 \u0431\u0435\u043b\u043e\u0435 - \u0431\u0435\u0441\u043f\u0440\u043e\u0438\u0433\u0440\u044b\u0448\u043d\u043e\u0435 \u0441\u043e\u0447\u0435\u0442\u0430\u043d\u0438\u0435 \u0446\u0432\u0435\u0442\u043e\u0432 . \u042f\u0440\u043a\u043e\u0441\u0442\u044c \u0438 \u043d\u0435\u0436\u043d\u043e\u0441\u0442\u044c \u0433\u0430\u0440\u043c\u043e\u043d\u0438\u0447\u043d\u043e \u043f\u0435\u0440\u0435\u043f\u043b\u0435\u0442\u0435\u043d\u044b \u0432 \u043e\u0434\u043d\u043e\u043c \u0431\u0443\u043a\u0435\u0442\u0435. \u0418\u0433\u0440\u0430 \u043a\u043e\u043d\u0442\u0440\u0430\u0441\u0442\u043e\u0432 \u0443\u0432\u043b\u0435\u043a\u0430\u0435\u0442. \u0422\u0430\u043a\u043e\u0439 \u0431\u0443\u043a\u0435\u0442 \u0431\u0443\u0434\u0435\u0442 \u0443\u043c\u0435\u0441\u0442\u0435\u043d \u043d\u0430 \u043b\u044e\u0431\u043e\u043c \u0442\u043e\u0440\u0436\u0435\u0441\u0442\u0432\u0435. \u041e\u043d \u043e\u0434\u0438\u043d\u0430\u043a\u043e\u0432\u043e \u043f\u0440\u0435\u043a\u0440\u0430\u0441\u043d\u043e \u0431\u0443\u0434\u0435\u0442 \u0441\u043c\u043e\u0442\u0440\u0435\u0442\u044c\u0441\u044f \u0432 \u0441\u043f\u0430\u043b\u044c\u043d\u0435 \u0443 \u043b\u044e\u0431\u0438\u043c\u043e\u0439 \u0436\u0435\u043d\u0449\u0438\u043d\u044b \u0438 \u0432 \u0433\u043e\u0441\u0442\u0438\u043d\u043d\u043e\u0439 \u0443 \u043c\u0430\u043c\u044b . \u041e\u0447\u0435\u043d\u044c \u043a\u0440\u0430\u0441\u0438\u0432\u044b\u0439 \u043f\u043e\u0434\u0430\u0440\u043e\u043a , \u0438\u043c \u043c\u043e\u0436\u043d\u043e \u0432\u044b\u0440\u0430\u0437\u0438\u0442\u044c \u043b\u044e\u0431\u043e\u0432\u044c \u0438 \u043d\u0435\u0436\u043d\u043e\u0441\u0442\u044c , \u043f\u043e\u0434\u0430\u0440\u0438\u0442\u044c \u0445\u043e\u0440\u043e\u0448\u0435\u0435 \u043d\u0430\u0441\u0442\u0440\u043e\u0435\u043d\u0438\u0435 \u0438\u043b\u0438 \u043f\u0440\u043e\u0441\u0442\u043e \u043f\u043e\u0437\u0434\u0440\u0430\u0432\u0438\u0442\u044c \u0441 \u043f\u0440\u0430\u0437\u0434\u043d\u0438\u043a\u043e\u043c.[:en]Red and white are a win-win combination of colors. Brightness and tenderness are harmoniously intertwined in one bouquet. The play of contrasts is captivating. Such a bouquet will be appropriate for any celebration. It will look equally great in the bedroom of your beloved woman and in the living room of your mother. A very beautiful gift, you can express love and tenderness to them, give a good mood, or just congratulate you on the holiday.[:]","og_url":"https:\/\/bonfortuno.eu\/toode\/triumf\/","og_site_name":"Bonfortuno","article_modified_time":"2022-01-13T11:12:01+00:00","og_image":[{"width":500,"height":500,"url":"https:\/\/bonfortuno.eu\/wp-content\/uploads\/2021\/02\/2419.jpg","type":"image\/jpeg"}],"twitter_card":"summary_large_image","schema":{"@context":"https:\/\/schema.org","@graph":[{"@type":"WebPage","@id":"https:\/\/bonfortuno.eu\/toode\/triumf\/","url":"https:\/\/bonfortuno.eu\/toode\/triumf\/","name":"[:et]\"Triumf\"[:ru]\"\u0422\u0440\u0438\u0443\u043c\u0444 \"[:en]\"Triumph\"[:] | Bonfortuno","isPartOf":{"@id":"https:\/\/bonfortuno.eu\/ru\/#website"},"primaryImageOfPage":{"@id":"https:\/\/bonfortuno.eu\/toode\/triumf\/#primaryimage"},"image":{"@id":"https:\/\/bonfortuno.eu\/toode\/triumf\/#primaryimage"},"thumbnailUrl":"https:\/\/bonfortuno.eu\/wp-content\/uploads\/2021\/02\/2419.jpg","datePublished":"2021-02-25T16:10:46+00:00","dateModified":"2022-01-13T11:12:01+00:00","breadcrumb":{"@id":"https:\/\/bonfortuno.eu\/toode\/triumf\/#breadcrumb"},"inLanguage":"en-US","potentialAction":[{"@type":"ReadAction","target":["https:\/\/bonfortuno.eu\/toode\/triumf\/"]}]},{"@type":"ImageObject","inLanguage":"en-US","@id":"https:\/\/bonfortuno.eu\/toode\/triumf\/#primaryimage","url":"https:\/\/bonfortuno.eu\/wp-content\/uploads\/2021\/02\/2419.jpg","contentUrl":"https:\/\/bonfortuno.eu\/wp-content\/uploads\/2021\/02\/2419.jpg","width":500,"height":500},{"@type":"BreadcrumbList","@id":"https:\/\/bonfortuno.eu\/toode\/triumf\/#breadcrumb","itemListElement":[{"@type":"ListItem","position":1,"name":"\u0413\u043b\u0430\u0432\u043d\u0430\u044f \u0441\u0442\u0440\u0430\u043d\u0438\u0446\u0430","item":"https:\/\/bonfortuno.eu\/"},{"@type":"ListItem","position":2,"name":"\u041c\u0430\u0433\u0430\u0437\u0438\u043d","item":"https:\/\/bonfortuno.eu\/"},{"@type":"ListItem","position":3,"name":"&#8220;Triumf&#8221;"}]},{"@type":"WebSite","@id":"https:\/\/bonfortuno.eu\/ru\/#website","url":"https:\/\/bonfortuno.eu\/ru\/","name":"Bonfortuno","description":"The world of fresh flowers","potentialAction":[{"@type":"SearchAction","target":{"@type":"EntryPoint","urlTemplate":"https:\/\/bonfortuno.eu\/ru\/?s={search_term_string}"},"query-input":{"@type":"PropertyValueSpecification","valueRequired":true,"valueName":"search_term_string"}}],"inLanguage":"en-US"}]}},"_links":{"self":[{"href":"https:\/\/bonfortuno.eu\/en\/wp-json\/wp\/v2\/product\/3101","targetHints":{"allow":["GET"]}}],"collection":[{"href":"https:\/\/bonfortuno.eu\/en\/wp-json\/wp\/v2\/product"}],"about":[{"href":"https:\/\/bonfortuno.eu\/en\/wp-json\/wp\/v2\/types\/product"}],"wp:featuredmedia":[{"embeddable":true,"href":"https:\/\/bonfortuno.eu\/en\/wp-json\/wp\/v2\/media\/2997"}],"wp:attachment":[{"href":"https:\/\/bonfortuno.eu\/en\/wp-json\/wp\/v2\/media?parent=3101"}],"wp:term":[{"taxonomy":"product_brand","embeddable":true,"href":"https:\/\/bonfortuno.eu\/en\/wp-json\/wp\/v2\/product_brand?post=3101"},{"taxonomy":"product_cat","embeddable":true,"href":"https:\/\/bonfortuno.eu\/en\/wp-json\/wp\/v2\/product_cat?post=3101"},{"taxonomy":"product_tag","embeddable":true,"href":"https:\/\/bonfortuno.eu\/en\/wp-json\/wp\/v2\/product_tag?post=3101"}],"curies":[{"name":"wp","href":"https:\/\/api.w.org\/{rel}","templated":true}]}}