{"id":3103,"date":"2021-02-25T18:19:31","date_gmt":"2021-02-25T16:19:31","guid":{"rendered":"https:\/\/bonfortuno.eu\/?post_type=product&#038;p=3103"},"modified":"2026-02-09T18:29:28","modified_gmt":"2026-02-09T16:29:28","slug":"onne","status":"publish","type":"product","link":"https:\/\/bonfortuno.eu\/en\/toode\/onne\/","title":{"rendered":"&#8221;Luck&#8221;"},"content":{"rendered":"","protected":false},"excerpt":{"rendered":"<p>This wonderful bouquet of red and white tulips tied with satin white and scarlet ribbons is a true spring bouquet that can be presented to a girlfriend, beloved, mother or colleague.<\/p>\n","protected":false},"featured_media":2987,"template":"","meta":[],"product_brand":[],"product_cat":[76,30],"product_tag":[],"class_list":{"0":"post-3103","1":"product","2":"type-product","3":"status-publish","4":"has-post-thumbnail","6":"product_cat-koik-tooted","7":"product_cat-lillekimbud","9":"first","10":"instock","11":"shipping-taxable","12":"purchasable","13":"product-type-simple"},"yoast_head":"<!-- This site is optimized with the Yoast SEO plugin v27.3 - https:\/\/yoast.com\/product\/yoast-seo-wordpress\/ -->\n<title>&quot;Luck&quot; | Bonfortuno<\/title>\n<meta name=\"robots\" content=\"index, follow, max-snippet:-1, max-image-preview:large, max-video-preview:-1\" \/>\n<link rel=\"canonical\" href=\"https:\/\/bonfortuno.eu\/toode\/onne\/\" \/>\n<meta property=\"og:locale\" content=\"en_US\" \/>\n<meta property=\"og:type\" content=\"article\" \/>\n<meta property=\"og:title\" content=\"[:et]&quot;\u00d5nne&quot;[:ru]&quot;\u0423\u0434\u0430\u0447\u0430&quot;[:en]&quot;Luck&quot;[:] | Bonfortuno\" \/>\n<meta property=\"og:description\" content=\"[:et]See imeline punaste ja valgete tulpide kimp, mis on seotud satiinvalgete ja punaste paeltega, on t\u00f5eline kevadine kimp, mida saab kinkida s\u00f5brannale, kallimale, emale v\u00f5i kolleegile.[:ru]\u042d\u0442\u043e\u0442 \u0447\u0443\u0434\u0435\u0441\u043d\u044b\u0439 \u0431\u0443\u043a\u0435\u0442 \u0438\u0437 \u043a\u0440\u0430\u0441\u043d\u044b\u0445 \u0438 \u0431\u0435\u043b\u044b\u0445 \u0442\u044e\u043b\u044c\u043f\u0430\u043d\u043e\u0432 , \u043f\u0435\u0440\u0435\u0432\u044f\u0437\u0430\u043d\u043d\u044b\u0445 \u0430\u0442\u043b\u0430\u0441\u043d\u044b\u043c\u0438 \u0431\u0435\u043b\u043e\u0439 \u0438 \u0430\u043b\u043e\u0439 \u043b\u0435\u043d\u0442\u0430\u043c\u0438.\u041f\u043e - \u043d\u0430\u0441\u0442\u043e\u044f\u0449\u0435\u043c\u0443 \u0432\u0435\u0441\u0435\u043d\u043d\u0438\u0439 \u0431\u0443\u043a\u0435\u0442 \u043c\u043e\u0436\u043d\u043e \u043f\u043e\u0434\u0430\u0440\u0438\u0442\u044c \u0434\u0435\u0432\u0443\u0448\u043a\u0435, \u043b\u044e\u0431\u0438\u043c\u043e\u0439, \u043c\u0430\u043c\u0435 \u0438 \u043a\u043e\u043b\u043b\u0435\u0433\u0435.[:en]This wonderful bouquet of red and white tulips tied with satin white and scarlet ribbons is a true spring bouquet that can be presented to a girlfriend, beloved, mother or colleague.[:]\" \/>\n<meta property=\"og:url\" content=\"https:\/\/bonfortuno.eu\/toode\/onne\/\" \/>\n<meta property=\"og:site_name\" content=\"Bonfortuno\" \/>\n<meta property=\"article:modified_time\" content=\"2026-02-09T16:29:28+00:00\" \/>\n<meta property=\"og:image\" content=\"https:\/\/bonfortuno.eu\/wp-content\/uploads\/2021\/02\/37.png\" \/>\n\t<meta property=\"og:image:width\" content=\"408\" \/>\n\t<meta property=\"og:image:height\" content=\"368\" \/>\n\t<meta property=\"og:image:type\" content=\"image\/png\" \/>\n<meta name=\"twitter:card\" content=\"summary_large_image\" \/>\n<script type=\"application\/ld+json\" class=\"yoast-schema-graph\">{\"@context\":\"https:\\\/\\\/schema.org\",\"@graph\":[{\"@type\":\"WebPage\",\"@id\":\"https:\\\/\\\/bonfortuno.eu\\\/toode\\\/onne\\\/\",\"url\":\"https:\\\/\\\/bonfortuno.eu\\\/toode\\\/onne\\\/\",\"name\":\"[:et]\\\"\u00d5nne\\\"[:ru]\\\"\u0423\u0434\u0430\u0447\u0430\\\"[:en]\\\"Luck\\\"[:] | Bonfortuno\",\"isPartOf\":{\"@id\":\"https:\\\/\\\/bonfortuno.eu\\\/ru\\\/#website\"},\"primaryImageOfPage\":{\"@id\":\"https:\\\/\\\/bonfortuno.eu\\\/toode\\\/onne\\\/#primaryimage\"},\"image\":{\"@id\":\"https:\\\/\\\/bonfortuno.eu\\\/toode\\\/onne\\\/#primaryimage\"},\"thumbnailUrl\":\"https:\\\/\\\/bonfortuno.eu\\\/wp-content\\\/uploads\\\/2021\\\/02\\\/37.png\",\"datePublished\":\"2021-02-25T16:19:31+00:00\",\"dateModified\":\"2026-02-09T16:29:28+00:00\",\"breadcrumb\":{\"@id\":\"https:\\\/\\\/bonfortuno.eu\\\/toode\\\/onne\\\/#breadcrumb\"},\"inLanguage\":\"en-US\",\"potentialAction\":[{\"@type\":\"ReadAction\",\"target\":[\"https:\\\/\\\/bonfortuno.eu\\\/toode\\\/onne\\\/\"]}]},{\"@type\":\"ImageObject\",\"inLanguage\":\"en-US\",\"@id\":\"https:\\\/\\\/bonfortuno.eu\\\/toode\\\/onne\\\/#primaryimage\",\"url\":\"https:\\\/\\\/bonfortuno.eu\\\/wp-content\\\/uploads\\\/2021\\\/02\\\/37.png\",\"contentUrl\":\"https:\\\/\\\/bonfortuno.eu\\\/wp-content\\\/uploads\\\/2021\\\/02\\\/37.png\",\"width\":408,\"height\":368},{\"@type\":\"BreadcrumbList\",\"@id\":\"https:\\\/\\\/bonfortuno.eu\\\/toode\\\/onne\\\/#breadcrumb\",\"itemListElement\":[{\"@type\":\"ListItem\",\"position\":1,\"name\":\"\u0413\u043b\u0430\u0432\u043d\u0430\u044f \u0441\u0442\u0440\u0430\u043d\u0438\u0446\u0430\",\"item\":\"https:\\\/\\\/bonfortuno.eu\\\/\"},{\"@type\":\"ListItem\",\"position\":2,\"name\":\"\u041c\u0430\u0433\u0430\u0437\u0438\u043d\",\"item\":\"https:\\\/\\\/bonfortuno.eu\\\/\"},{\"@type\":\"ListItem\",\"position\":3,\"name\":\"&#171;\u0423\u0434\u0430\u0447\u0430&#187;\"}]},{\"@type\":\"WebSite\",\"@id\":\"https:\\\/\\\/bonfortuno.eu\\\/ru\\\/#website\",\"url\":\"https:\\\/\\\/bonfortuno.eu\\\/ru\\\/\",\"name\":\"Bonfortuno\",\"description\":\"The world of fresh flowers\",\"potentialAction\":[{\"@type\":\"SearchAction\",\"target\":{\"@type\":\"EntryPoint\",\"urlTemplate\":\"https:\\\/\\\/bonfortuno.eu\\\/ru\\\/?s={search_term_string}\"},\"query-input\":{\"@type\":\"PropertyValueSpecification\",\"valueRequired\":true,\"valueName\":\"search_term_string\"}}],\"inLanguage\":\"en-US\"}]}<\/script>\n<!-- \/ Yoast SEO plugin. -->","yoast_head_json":{"title":"[:et]\"\u00d5nne\"[:ru]\"\u0423\u0434\u0430\u0447\u0430\"[:en]\"Luck\"[:] | Bonfortuno","robots":{"index":"index","follow":"follow","max-snippet":"max-snippet:-1","max-image-preview":"max-image-preview:large","max-video-preview":"max-video-preview:-1"},"canonical":"https:\/\/bonfortuno.eu\/toode\/onne\/","og_locale":"en_US","og_type":"article","og_title":"[:et]\"\u00d5nne\"[:ru]\"\u0423\u0434\u0430\u0447\u0430\"[:en]\"Luck\"[:] | Bonfortuno","og_description":"[:et]See imeline punaste ja valgete tulpide kimp, mis on seotud satiinvalgete ja punaste paeltega, on t\u00f5eline kevadine kimp, mida saab kinkida s\u00f5brannale, kallimale, emale v\u00f5i kolleegile.[:ru]\u042d\u0442\u043e\u0442 \u0447\u0443\u0434\u0435\u0441\u043d\u044b\u0439 \u0431\u0443\u043a\u0435\u0442 \u0438\u0437 \u043a\u0440\u0430\u0441\u043d\u044b\u0445 \u0438 \u0431\u0435\u043b\u044b\u0445 \u0442\u044e\u043b\u044c\u043f\u0430\u043d\u043e\u0432 , \u043f\u0435\u0440\u0435\u0432\u044f\u0437\u0430\u043d\u043d\u044b\u0445 \u0430\u0442\u043b\u0430\u0441\u043d\u044b\u043c\u0438 \u0431\u0435\u043b\u043e\u0439 \u0438 \u0430\u043b\u043e\u0439 \u043b\u0435\u043d\u0442\u0430\u043c\u0438.\u041f\u043e - \u043d\u0430\u0441\u0442\u043e\u044f\u0449\u0435\u043c\u0443 \u0432\u0435\u0441\u0435\u043d\u043d\u0438\u0439 \u0431\u0443\u043a\u0435\u0442 \u043c\u043e\u0436\u043d\u043e \u043f\u043e\u0434\u0430\u0440\u0438\u0442\u044c \u0434\u0435\u0432\u0443\u0448\u043a\u0435, \u043b\u044e\u0431\u0438\u043c\u043e\u0439, \u043c\u0430\u043c\u0435 \u0438 \u043a\u043e\u043b\u043b\u0435\u0433\u0435.[:en]This wonderful bouquet of red and white tulips tied with satin white and scarlet ribbons is a true spring bouquet that can be presented to a girlfriend, beloved, mother or colleague.[:]","og_url":"https:\/\/bonfortuno.eu\/toode\/onne\/","og_site_name":"Bonfortuno","article_modified_time":"2026-02-09T16:29:28+00:00","og_image":[{"width":408,"height":368,"url":"https:\/\/bonfortuno.eu\/wp-content\/uploads\/2021\/02\/37.png","type":"image\/png"}],"twitter_card":"summary_large_image","schema":{"@context":"https:\/\/schema.org","@graph":[{"@type":"WebPage","@id":"https:\/\/bonfortuno.eu\/toode\/onne\/","url":"https:\/\/bonfortuno.eu\/toode\/onne\/","name":"[:et]\"\u00d5nne\"[:ru]\"\u0423\u0434\u0430\u0447\u0430\"[:en]\"Luck\"[:] | Bonfortuno","isPartOf":{"@id":"https:\/\/bonfortuno.eu\/ru\/#website"},"primaryImageOfPage":{"@id":"https:\/\/bonfortuno.eu\/toode\/onne\/#primaryimage"},"image":{"@id":"https:\/\/bonfortuno.eu\/toode\/onne\/#primaryimage"},"thumbnailUrl":"https:\/\/bonfortuno.eu\/wp-content\/uploads\/2021\/02\/37.png","datePublished":"2021-02-25T16:19:31+00:00","dateModified":"2026-02-09T16:29:28+00:00","breadcrumb":{"@id":"https:\/\/bonfortuno.eu\/toode\/onne\/#breadcrumb"},"inLanguage":"en-US","potentialAction":[{"@type":"ReadAction","target":["https:\/\/bonfortuno.eu\/toode\/onne\/"]}]},{"@type":"ImageObject","inLanguage":"en-US","@id":"https:\/\/bonfortuno.eu\/toode\/onne\/#primaryimage","url":"https:\/\/bonfortuno.eu\/wp-content\/uploads\/2021\/02\/37.png","contentUrl":"https:\/\/bonfortuno.eu\/wp-content\/uploads\/2021\/02\/37.png","width":408,"height":368},{"@type":"BreadcrumbList","@id":"https:\/\/bonfortuno.eu\/toode\/onne\/#breadcrumb","itemListElement":[{"@type":"ListItem","position":1,"name":"\u0413\u043b\u0430\u0432\u043d\u0430\u044f \u0441\u0442\u0440\u0430\u043d\u0438\u0446\u0430","item":"https:\/\/bonfortuno.eu\/"},{"@type":"ListItem","position":2,"name":"\u041c\u0430\u0433\u0430\u0437\u0438\u043d","item":"https:\/\/bonfortuno.eu\/"},{"@type":"ListItem","position":3,"name":"&#171;\u0423\u0434\u0430\u0447\u0430&#187;"}]},{"@type":"WebSite","@id":"https:\/\/bonfortuno.eu\/ru\/#website","url":"https:\/\/bonfortuno.eu\/ru\/","name":"Bonfortuno","description":"The world of fresh flowers","potentialAction":[{"@type":"SearchAction","target":{"@type":"EntryPoint","urlTemplate":"https:\/\/bonfortuno.eu\/ru\/?s={search_term_string}"},"query-input":{"@type":"PropertyValueSpecification","valueRequired":true,"valueName":"search_term_string"}}],"inLanguage":"en-US"}]}},"_links":{"self":[{"href":"https:\/\/bonfortuno.eu\/en\/wp-json\/wp\/v2\/product\/3103","targetHints":{"allow":["GET"]}}],"collection":[{"href":"https:\/\/bonfortuno.eu\/en\/wp-json\/wp\/v2\/product"}],"about":[{"href":"https:\/\/bonfortuno.eu\/en\/wp-json\/wp\/v2\/types\/product"}],"wp:featuredmedia":[{"embeddable":true,"href":"https:\/\/bonfortuno.eu\/en\/wp-json\/wp\/v2\/media\/2987"}],"wp:attachment":[{"href":"https:\/\/bonfortuno.eu\/en\/wp-json\/wp\/v2\/media?parent=3103"}],"wp:term":[{"taxonomy":"product_brand","embeddable":true,"href":"https:\/\/bonfortuno.eu\/en\/wp-json\/wp\/v2\/product_brand?post=3103"},{"taxonomy":"product_cat","embeddable":true,"href":"https:\/\/bonfortuno.eu\/en\/wp-json\/wp\/v2\/product_cat?post=3103"},{"taxonomy":"product_tag","embeddable":true,"href":"https:\/\/bonfortuno.eu\/en\/wp-json\/wp\/v2\/product_tag?post=3103"}],"curies":[{"name":"wp","href":"https:\/\/api.w.org\/{rel}","templated":true}]}}