{"id":3105,"date":"2021-02-25T18:37:23","date_gmt":"2021-02-25T16:37:23","guid":{"rendered":"https:\/\/bonfortuno.eu\/?post_type=product&#038;p=3105"},"modified":"2025-02-11T18:56:01","modified_gmt":"2025-02-11T16:56:01","slug":"naerata","status":"publish","type":"product","link":"https:\/\/bonfortuno.eu\/en\/toode\/naerata\/","title":{"rendered":"&#8221;Smile&#8221;"},"content":{"rendered":"","protected":false},"excerpt":{"rendered":"<p>Delightfully delicate, truly spring bouquet, consisting of magical-sounding tulips of different colors. Such an incomparable gift will be highly appreciated by your lady. It will be perfect to present it for the holiday on March 8, the birthday of the sister, girlfriend, bride.<\/p>\n","protected":false},"featured_media":2986,"template":"","meta":[],"product_brand":[],"product_cat":[76,30],"product_tag":[],"class_list":{"0":"post-3105","1":"product","2":"type-product","3":"status-publish","4":"has-post-thumbnail","6":"product_cat-koik-tooted","7":"product_cat-lillekimbud","9":"first","10":"instock","11":"shipping-taxable","12":"purchasable","13":"product-type-simple"},"yoast_head":"<!-- This site is optimized with the Yoast SEO plugin v27.3 - https:\/\/yoast.com\/product\/yoast-seo-wordpress\/ -->\n<title>&quot;Smile&quot; | Bonfortuno<\/title>\n<meta name=\"robots\" content=\"index, follow, max-snippet:-1, max-image-preview:large, max-video-preview:-1\" \/>\n<link rel=\"canonical\" href=\"https:\/\/bonfortuno.eu\/toode\/naerata\/\" \/>\n<meta property=\"og:locale\" content=\"en_US\" \/>\n<meta property=\"og:type\" content=\"article\" \/>\n<meta property=\"og:title\" content=\"[:et]&quot;Naerata&quot;[:ru]&quot;\u0423\u043b\u044b\u0431\u043d\u0438\u0441\u044c &quot;[:en]&quot;Smile&quot;[:] | Bonfortuno\" \/>\n<meta property=\"og:description\" content=\"[:et]R\u00f5\u00f5msalt peen, t\u00f5eliselt kevadine kimp, mis koosneb maagiliselt k\u00f5lavatest erinevat v\u00e4rvi tulpidest. Sellist v\u00f5rreldamatut kingitust hindab teie daam k\u00f5rgelt. See sobib suurep\u00e4raselt selle esitamiseks 8. m\u00e4rtsil, \u00f5e, t\u00fcdruks\u00f5bra, pruudi s\u00fcnnip\u00e4eval.[:ru]\u0412\u043e\u0441\u0445\u0438\u0442\u0438\u0442\u0435\u043b\u044c\u043d\u043e \u043d\u0435\u0436\u043d\u044b\u0439 , \u043f\u043e - \u043d\u0430\u0441\u0442\u043e\u044f\u0449\u0435\u043c\u0443 \u0432\u0435\u0441\u0435\u043d\u043d\u0438\u0439 \u0431\u0443\u043a\u0435\u0442 , \u0441\u043e\u0441\u0442\u043e\u044f\u0449\u0438\u0439 \u0438\u0437 \u0432\u043e\u043b\u0448\u0435\u0431\u043d\u043e\u0439 \u0437\u0432\u0443\u0447\u0430\u0449\u0438\u0445 \u0442\u044e\u043b\u044c\u043f\u0430\u043d\u043e\u0432 \u0440\u0430\u0437\u043d\u044b\u0445 \u0446\u0432\u0435\u0442\u043e\u0432. \u0422\u0430\u043a\u043e\u0439 \u0431\u0435\u0441\u043f\u043e\u0434\u043e\u0431\u043d\u044b\u0439 \u043f\u043e\u0434\u0430\u0440\u043e\u043a \u0431\u0443\u0434\u0435\u0442 \u043f\u043e \u0434\u043e\u0441\u0442\u043e\u0438\u043d\u0441\u0442\u0432\u0443 \u043e\u0446\u0435\u043d\u0435\u043d \u0432\u0430\u0448\u0435\u0439 \u0434\u0430\u043c\u043e\u0439. \u041f\u0440\u0435\u0432\u043e\u0441\u0445\u043e\u0434\u043d\u043e \u0431\u0443\u0434\u0435\u0442 \u043f\u043e\u0434\u0430\u0440\u0438\u0442\u044c \u0435\u0433\u043e \u043d\u0430 \u043f\u0440\u0430\u0437\u0434\u043d\u0438\u043a 8 \u043c\u0430\u0440\u0442\u0430 , \u0414\u0435\u043d\u044c \u0440\u043e\u0436\u0434\u0435\u043d\u0438\u044f \u0441\u0435\u0441\u0442\u0440\u044b , \u043f\u043e\u0434\u0440\u0443\u0433\u0438, \u043d\u0435\u0432\u0435\u0441\u0442\u044b.[:en]Delightfully delicate, truly spring bouquet, consisting of magical-sounding tulips of different colors. Such an incomparable gift will be highly appreciated by your lady. It will be perfect to present it for the holiday on March 8, the birthday of the sister, girlfriend, bride.[:]\" \/>\n<meta property=\"og:url\" content=\"https:\/\/bonfortuno.eu\/toode\/naerata\/\" \/>\n<meta property=\"og:site_name\" content=\"Bonfortuno\" \/>\n<meta property=\"article:modified_time\" content=\"2025-02-11T16:56:01+00:00\" \/>\n<meta property=\"og:image\" content=\"https:\/\/bonfortuno.eu\/wp-content\/uploads\/2021\/02\/30ty_enl.jpg\" \/>\n\t<meta property=\"og:image:width\" content=\"900\" \/>\n\t<meta property=\"og:image:height\" content=\"900\" \/>\n\t<meta property=\"og:image:type\" content=\"image\/jpeg\" \/>\n<meta name=\"twitter:card\" content=\"summary_large_image\" \/>\n<script type=\"application\/ld+json\" class=\"yoast-schema-graph\">{\"@context\":\"https:\\\/\\\/schema.org\",\"@graph\":[{\"@type\":\"WebPage\",\"@id\":\"https:\\\/\\\/bonfortuno.eu\\\/toode\\\/naerata\\\/\",\"url\":\"https:\\\/\\\/bonfortuno.eu\\\/toode\\\/naerata\\\/\",\"name\":\"[:et]\\\"Naerata\\\"[:ru]\\\"\u0423\u043b\u044b\u0431\u043d\u0438\u0441\u044c \\\"[:en]\\\"Smile\\\"[:] | Bonfortuno\",\"isPartOf\":{\"@id\":\"https:\\\/\\\/bonfortuno.eu\\\/ru\\\/#website\"},\"primaryImageOfPage\":{\"@id\":\"https:\\\/\\\/bonfortuno.eu\\\/toode\\\/naerata\\\/#primaryimage\"},\"image\":{\"@id\":\"https:\\\/\\\/bonfortuno.eu\\\/toode\\\/naerata\\\/#primaryimage\"},\"thumbnailUrl\":\"https:\\\/\\\/bonfortuno.eu\\\/wp-content\\\/uploads\\\/2021\\\/02\\\/30ty_enl.jpg\",\"datePublished\":\"2021-02-25T16:37:23+00:00\",\"dateModified\":\"2025-02-11T16:56:01+00:00\",\"breadcrumb\":{\"@id\":\"https:\\\/\\\/bonfortuno.eu\\\/toode\\\/naerata\\\/#breadcrumb\"},\"inLanguage\":\"en-US\",\"potentialAction\":[{\"@type\":\"ReadAction\",\"target\":[\"https:\\\/\\\/bonfortuno.eu\\\/toode\\\/naerata\\\/\"]}]},{\"@type\":\"ImageObject\",\"inLanguage\":\"en-US\",\"@id\":\"https:\\\/\\\/bonfortuno.eu\\\/toode\\\/naerata\\\/#primaryimage\",\"url\":\"https:\\\/\\\/bonfortuno.eu\\\/wp-content\\\/uploads\\\/2021\\\/02\\\/30ty_enl.jpg\",\"contentUrl\":\"https:\\\/\\\/bonfortuno.eu\\\/wp-content\\\/uploads\\\/2021\\\/02\\\/30ty_enl.jpg\",\"width\":900,\"height\":900},{\"@type\":\"BreadcrumbList\",\"@id\":\"https:\\\/\\\/bonfortuno.eu\\\/toode\\\/naerata\\\/#breadcrumb\",\"itemListElement\":[{\"@type\":\"ListItem\",\"position\":1,\"name\":\"\u0413\u043b\u0430\u0432\u043d\u0430\u044f \u0441\u0442\u0440\u0430\u043d\u0438\u0446\u0430\",\"item\":\"https:\\\/\\\/bonfortuno.eu\\\/\"},{\"@type\":\"ListItem\",\"position\":2,\"name\":\"\u041c\u0430\u0433\u0430\u0437\u0438\u043d\",\"item\":\"https:\\\/\\\/bonfortuno.eu\\\/\"},{\"@type\":\"ListItem\",\"position\":3,\"name\":\"&#8220;Naerata&#8221;\"}]},{\"@type\":\"WebSite\",\"@id\":\"https:\\\/\\\/bonfortuno.eu\\\/ru\\\/#website\",\"url\":\"https:\\\/\\\/bonfortuno.eu\\\/ru\\\/\",\"name\":\"Bonfortuno\",\"description\":\"The world of fresh flowers\",\"potentialAction\":[{\"@type\":\"SearchAction\",\"target\":{\"@type\":\"EntryPoint\",\"urlTemplate\":\"https:\\\/\\\/bonfortuno.eu\\\/ru\\\/?s={search_term_string}\"},\"query-input\":{\"@type\":\"PropertyValueSpecification\",\"valueRequired\":true,\"valueName\":\"search_term_string\"}}],\"inLanguage\":\"en-US\"}]}<\/script>\n<!-- \/ Yoast SEO plugin. -->","yoast_head_json":{"title":"[:et]\"Naerata\"[:ru]\"\u0423\u043b\u044b\u0431\u043d\u0438\u0441\u044c \"[:en]\"Smile\"[:] | Bonfortuno","robots":{"index":"index","follow":"follow","max-snippet":"max-snippet:-1","max-image-preview":"max-image-preview:large","max-video-preview":"max-video-preview:-1"},"canonical":"https:\/\/bonfortuno.eu\/toode\/naerata\/","og_locale":"en_US","og_type":"article","og_title":"[:et]\"Naerata\"[:ru]\"\u0423\u043b\u044b\u0431\u043d\u0438\u0441\u044c \"[:en]\"Smile\"[:] | Bonfortuno","og_description":"[:et]R\u00f5\u00f5msalt peen, t\u00f5eliselt kevadine kimp, mis koosneb maagiliselt k\u00f5lavatest erinevat v\u00e4rvi tulpidest. Sellist v\u00f5rreldamatut kingitust hindab teie daam k\u00f5rgelt. See sobib suurep\u00e4raselt selle esitamiseks 8. m\u00e4rtsil, \u00f5e, t\u00fcdruks\u00f5bra, pruudi s\u00fcnnip\u00e4eval.[:ru]\u0412\u043e\u0441\u0445\u0438\u0442\u0438\u0442\u0435\u043b\u044c\u043d\u043e \u043d\u0435\u0436\u043d\u044b\u0439 , \u043f\u043e - \u043d\u0430\u0441\u0442\u043e\u044f\u0449\u0435\u043c\u0443 \u0432\u0435\u0441\u0435\u043d\u043d\u0438\u0439 \u0431\u0443\u043a\u0435\u0442 , \u0441\u043e\u0441\u0442\u043e\u044f\u0449\u0438\u0439 \u0438\u0437 \u0432\u043e\u043b\u0448\u0435\u0431\u043d\u043e\u0439 \u0437\u0432\u0443\u0447\u0430\u0449\u0438\u0445 \u0442\u044e\u043b\u044c\u043f\u0430\u043d\u043e\u0432 \u0440\u0430\u0437\u043d\u044b\u0445 \u0446\u0432\u0435\u0442\u043e\u0432. \u0422\u0430\u043a\u043e\u0439 \u0431\u0435\u0441\u043f\u043e\u0434\u043e\u0431\u043d\u044b\u0439 \u043f\u043e\u0434\u0430\u0440\u043e\u043a \u0431\u0443\u0434\u0435\u0442 \u043f\u043e \u0434\u043e\u0441\u0442\u043e\u0438\u043d\u0441\u0442\u0432\u0443 \u043e\u0446\u0435\u043d\u0435\u043d \u0432\u0430\u0448\u0435\u0439 \u0434\u0430\u043c\u043e\u0439. \u041f\u0440\u0435\u0432\u043e\u0441\u0445\u043e\u0434\u043d\u043e \u0431\u0443\u0434\u0435\u0442 \u043f\u043e\u0434\u0430\u0440\u0438\u0442\u044c \u0435\u0433\u043e \u043d\u0430 \u043f\u0440\u0430\u0437\u0434\u043d\u0438\u043a 8 \u043c\u0430\u0440\u0442\u0430 , \u0414\u0435\u043d\u044c \u0440\u043e\u0436\u0434\u0435\u043d\u0438\u044f \u0441\u0435\u0441\u0442\u0440\u044b , \u043f\u043e\u0434\u0440\u0443\u0433\u0438, \u043d\u0435\u0432\u0435\u0441\u0442\u044b.[:en]Delightfully delicate, truly spring bouquet, consisting of magical-sounding tulips of different colors. Such an incomparable gift will be highly appreciated by your lady. It will be perfect to present it for the holiday on March 8, the birthday of the sister, girlfriend, bride.[:]","og_url":"https:\/\/bonfortuno.eu\/toode\/naerata\/","og_site_name":"Bonfortuno","article_modified_time":"2025-02-11T16:56:01+00:00","og_image":[{"width":900,"height":900,"url":"https:\/\/bonfortuno.eu\/wp-content\/uploads\/2021\/02\/30ty_enl.jpg","type":"image\/jpeg"}],"twitter_card":"summary_large_image","schema":{"@context":"https:\/\/schema.org","@graph":[{"@type":"WebPage","@id":"https:\/\/bonfortuno.eu\/toode\/naerata\/","url":"https:\/\/bonfortuno.eu\/toode\/naerata\/","name":"[:et]\"Naerata\"[:ru]\"\u0423\u043b\u044b\u0431\u043d\u0438\u0441\u044c \"[:en]\"Smile\"[:] | Bonfortuno","isPartOf":{"@id":"https:\/\/bonfortuno.eu\/ru\/#website"},"primaryImageOfPage":{"@id":"https:\/\/bonfortuno.eu\/toode\/naerata\/#primaryimage"},"image":{"@id":"https:\/\/bonfortuno.eu\/toode\/naerata\/#primaryimage"},"thumbnailUrl":"https:\/\/bonfortuno.eu\/wp-content\/uploads\/2021\/02\/30ty_enl.jpg","datePublished":"2021-02-25T16:37:23+00:00","dateModified":"2025-02-11T16:56:01+00:00","breadcrumb":{"@id":"https:\/\/bonfortuno.eu\/toode\/naerata\/#breadcrumb"},"inLanguage":"en-US","potentialAction":[{"@type":"ReadAction","target":["https:\/\/bonfortuno.eu\/toode\/naerata\/"]}]},{"@type":"ImageObject","inLanguage":"en-US","@id":"https:\/\/bonfortuno.eu\/toode\/naerata\/#primaryimage","url":"https:\/\/bonfortuno.eu\/wp-content\/uploads\/2021\/02\/30ty_enl.jpg","contentUrl":"https:\/\/bonfortuno.eu\/wp-content\/uploads\/2021\/02\/30ty_enl.jpg","width":900,"height":900},{"@type":"BreadcrumbList","@id":"https:\/\/bonfortuno.eu\/toode\/naerata\/#breadcrumb","itemListElement":[{"@type":"ListItem","position":1,"name":"\u0413\u043b\u0430\u0432\u043d\u0430\u044f \u0441\u0442\u0440\u0430\u043d\u0438\u0446\u0430","item":"https:\/\/bonfortuno.eu\/"},{"@type":"ListItem","position":2,"name":"\u041c\u0430\u0433\u0430\u0437\u0438\u043d","item":"https:\/\/bonfortuno.eu\/"},{"@type":"ListItem","position":3,"name":"&#8220;Naerata&#8221;"}]},{"@type":"WebSite","@id":"https:\/\/bonfortuno.eu\/ru\/#website","url":"https:\/\/bonfortuno.eu\/ru\/","name":"Bonfortuno","description":"The world of fresh flowers","potentialAction":[{"@type":"SearchAction","target":{"@type":"EntryPoint","urlTemplate":"https:\/\/bonfortuno.eu\/ru\/?s={search_term_string}"},"query-input":{"@type":"PropertyValueSpecification","valueRequired":true,"valueName":"search_term_string"}}],"inLanguage":"en-US"}]}},"_links":{"self":[{"href":"https:\/\/bonfortuno.eu\/en\/wp-json\/wp\/v2\/product\/3105","targetHints":{"allow":["GET"]}}],"collection":[{"href":"https:\/\/bonfortuno.eu\/en\/wp-json\/wp\/v2\/product"}],"about":[{"href":"https:\/\/bonfortuno.eu\/en\/wp-json\/wp\/v2\/types\/product"}],"wp:featuredmedia":[{"embeddable":true,"href":"https:\/\/bonfortuno.eu\/en\/wp-json\/wp\/v2\/media\/2986"}],"wp:attachment":[{"href":"https:\/\/bonfortuno.eu\/en\/wp-json\/wp\/v2\/media?parent=3105"}],"wp:term":[{"taxonomy":"product_brand","embeddable":true,"href":"https:\/\/bonfortuno.eu\/en\/wp-json\/wp\/v2\/product_brand?post=3105"},{"taxonomy":"product_cat","embeddable":true,"href":"https:\/\/bonfortuno.eu\/en\/wp-json\/wp\/v2\/product_cat?post=3105"},{"taxonomy":"product_tag","embeddable":true,"href":"https:\/\/bonfortuno.eu\/en\/wp-json\/wp\/v2\/product_tag?post=3105"}],"curies":[{"name":"wp","href":"https:\/\/api.w.org\/{rel}","templated":true}]}}