{"id":3328,"date":"2021-08-11T17:20:36","date_gmt":"2021-08-11T14:20:36","guid":{"rendered":"https:\/\/bonfortuno.eu\/?post_type=product&#038;p=3328"},"modified":"2022-01-13T12:59:04","modified_gmt":"2022-01-13T10:59:04","slug":"suudle-onneks","status":"publish","type":"product","link":"https:\/\/bonfortuno.eu\/en\/toode\/suudle-onneks\/","title":{"rendered":"&#8221;Kiss for good luck!&#8221;"},"content":{"rendered":"<p>Do not put off for a long time what you can give today &#8211; give attention and give a wonderful mood to a dear person!<\/p>","protected":false},"excerpt":{"rendered":"<p>Do not put off for a long time what you can give today &#8211; give attention and give a wonderful mood to a dear person!<\/p>\n","protected":false},"featured_media":2793,"template":"","meta":[],"product_brand":[],"product_cat":[76,30],"product_tag":[],"class_list":{"0":"post-3328","1":"product","2":"type-product","3":"status-publish","4":"has-post-thumbnail","6":"product_cat-koik-tooted","7":"product_cat-lillekimbud","9":"first","10":"instock","11":"shipping-taxable","12":"purchasable","13":"product-type-simple"},"yoast_head":"<!-- This site is optimized with the Yoast SEO plugin v27.3 - https:\/\/yoast.com\/product\/yoast-seo-wordpress\/ -->\n<title>&quot;Kiss for good luck!&quot; | Bonfortuno<\/title>\n<meta name=\"robots\" content=\"index, follow, max-snippet:-1, max-image-preview:large, max-video-preview:-1\" \/>\n<link rel=\"canonical\" href=\"https:\/\/bonfortuno.eu\/toode\/suudle-onneks\/\" \/>\n<meta property=\"og:locale\" content=\"en_US\" \/>\n<meta property=\"og:type\" content=\"article\" \/>\n<meta property=\"og:title\" content=\"[:et]&quot;Suudle \u00f5nneks!&quot;[:ru]&quot;\u041f\u043e\u0446\u0435\u043b\u0443\u0439 \u043d\u0430 \u0443\u0434\u0430\u0447\u0443!&quot;[:en]&quot;Kiss for good luck!&quot;[:] | Bonfortuno\" \/>\n<meta property=\"og:description\" content=\"[:et]\u00c4ra l\u00fckka kauaks edasi seda, mida saad t\u00e4na anda - p\u00f6\u00f6ra t\u00e4helepanu ja kingi kallile inimesele imeline meeleolu![:ru]\u041d\u0435 \u0441\u0442\u043e\u0438\u0442 \u043d\u0430\u0434\u043e\u043b\u0433\u043e \u043e\u0442\u043a\u043b\u0430\u0434\u044b\u0432\u0430\u0442\u044c \u0442\u043e, \u0447\u0442\u043e \u043c\u043e\u0436\u043d\u043e \u043f\u043e\u0434\u0430\u0440\u0438\u0442\u044c \u0443\u0436\u0435 \u0441\u0435\u0433\u043e\u0434\u043d\u044f - \u043e\u0434\u0430\u0440\u0438\u0442\u0435 \u0432\u043d\u0438\u043c\u0430\u043d\u0438\u0435\u043c \u0438 \u043f\u043e\u0434\u0430\u0440\u0438\u0442\u0435 \u043f\u0440\u0435\u043a\u0440\u0430\u0441\u043d\u043e\u0435 \u043d\u0430\u0441\u0442\u0440\u043e\u0435\u043d\u0438\u0435 \u0434\u043e\u0440\u043e\u0433\u043e\u043c\u0443 \u0447\u0435\u043b\u043e\u0432\u0435\u043a\u0443! [:en]Do not put off for a long time what you can give today - give attention and give a wonderful mood to a dear person![:]\" \/>\n<meta property=\"og:url\" content=\"https:\/\/bonfortuno.eu\/toode\/suudle-onneks\/\" \/>\n<meta property=\"og:site_name\" content=\"Bonfortuno\" \/>\n<meta property=\"article:modified_time\" content=\"2022-01-13T10:59:04+00:00\" \/>\n<meta property=\"og:image\" content=\"https:\/\/bonfortuno.eu\/wp-content\/uploads\/2020\/10\/B2CC9D8F-B88A-4D2B-91F0-BA8B2082783C.jpeg\" \/>\n\t<meta property=\"og:image:width\" content=\"600\" \/>\n\t<meta property=\"og:image:height\" content=\"600\" \/>\n\t<meta property=\"og:image:type\" content=\"image\/jpeg\" \/>\n<meta name=\"twitter:card\" content=\"summary_large_image\" \/>\n<script type=\"application\/ld+json\" class=\"yoast-schema-graph\">{\"@context\":\"https:\\\/\\\/schema.org\",\"@graph\":[{\"@type\":\"WebPage\",\"@id\":\"https:\\\/\\\/bonfortuno.eu\\\/toode\\\/suudle-onneks\\\/\",\"url\":\"https:\\\/\\\/bonfortuno.eu\\\/toode\\\/suudle-onneks\\\/\",\"name\":\"[:et]\\\"Suudle \u00f5nneks!\\\"[:ru]\\\"\u041f\u043e\u0446\u0435\u043b\u0443\u0439 \u043d\u0430 \u0443\u0434\u0430\u0447\u0443!\\\"[:en]\\\"Kiss for good luck!\\\"[:] | Bonfortuno\",\"isPartOf\":{\"@id\":\"https:\\\/\\\/bonfortuno.eu\\\/ru\\\/#website\"},\"primaryImageOfPage\":{\"@id\":\"https:\\\/\\\/bonfortuno.eu\\\/toode\\\/suudle-onneks\\\/#primaryimage\"},\"image\":{\"@id\":\"https:\\\/\\\/bonfortuno.eu\\\/toode\\\/suudle-onneks\\\/#primaryimage\"},\"thumbnailUrl\":\"https:\\\/\\\/bonfortuno.eu\\\/wp-content\\\/uploads\\\/2020\\\/10\\\/B2CC9D8F-B88A-4D2B-91F0-BA8B2082783C.jpeg\",\"datePublished\":\"2021-08-11T14:20:36+00:00\",\"dateModified\":\"2022-01-13T10:59:04+00:00\",\"breadcrumb\":{\"@id\":\"https:\\\/\\\/bonfortuno.eu\\\/toode\\\/suudle-onneks\\\/#breadcrumb\"},\"inLanguage\":\"en-US\",\"potentialAction\":[{\"@type\":\"ReadAction\",\"target\":[\"https:\\\/\\\/bonfortuno.eu\\\/toode\\\/suudle-onneks\\\/\"]}]},{\"@type\":\"ImageObject\",\"inLanguage\":\"en-US\",\"@id\":\"https:\\\/\\\/bonfortuno.eu\\\/toode\\\/suudle-onneks\\\/#primaryimage\",\"url\":\"https:\\\/\\\/bonfortuno.eu\\\/wp-content\\\/uploads\\\/2020\\\/10\\\/B2CC9D8F-B88A-4D2B-91F0-BA8B2082783C.jpeg\",\"contentUrl\":\"https:\\\/\\\/bonfortuno.eu\\\/wp-content\\\/uploads\\\/2020\\\/10\\\/B2CC9D8F-B88A-4D2B-91F0-BA8B2082783C.jpeg\",\"width\":600,\"height\":600},{\"@type\":\"BreadcrumbList\",\"@id\":\"https:\\\/\\\/bonfortuno.eu\\\/toode\\\/suudle-onneks\\\/#breadcrumb\",\"itemListElement\":[{\"@type\":\"ListItem\",\"position\":1,\"name\":\"\u0413\u043b\u0430\u0432\u043d\u0430\u044f \u0441\u0442\u0440\u0430\u043d\u0438\u0446\u0430\",\"item\":\"https:\\\/\\\/bonfortuno.eu\\\/\"},{\"@type\":\"ListItem\",\"position\":2,\"name\":\"\u041c\u0430\u0433\u0430\u0437\u0438\u043d\",\"item\":\"https:\\\/\\\/bonfortuno.eu\\\/\"},{\"@type\":\"ListItem\",\"position\":3,\"name\":\"&#8220;Suudle \u00f5nneks!&#8221;\"}]},{\"@type\":\"WebSite\",\"@id\":\"https:\\\/\\\/bonfortuno.eu\\\/ru\\\/#website\",\"url\":\"https:\\\/\\\/bonfortuno.eu\\\/ru\\\/\",\"name\":\"Bonfortuno\",\"description\":\"The world of fresh flowers\",\"potentialAction\":[{\"@type\":\"SearchAction\",\"target\":{\"@type\":\"EntryPoint\",\"urlTemplate\":\"https:\\\/\\\/bonfortuno.eu\\\/ru\\\/?s={search_term_string}\"},\"query-input\":{\"@type\":\"PropertyValueSpecification\",\"valueRequired\":true,\"valueName\":\"search_term_string\"}}],\"inLanguage\":\"en-US\"}]}<\/script>\n<!-- \/ Yoast SEO plugin. -->","yoast_head_json":{"title":"[:et]\"Suudle \u00f5nneks!\"[:ru]\"\u041f\u043e\u0446\u0435\u043b\u0443\u0439 \u043d\u0430 \u0443\u0434\u0430\u0447\u0443!\"[:en]\"Kiss for good luck!\"[:] | Bonfortuno","robots":{"index":"index","follow":"follow","max-snippet":"max-snippet:-1","max-image-preview":"max-image-preview:large","max-video-preview":"max-video-preview:-1"},"canonical":"https:\/\/bonfortuno.eu\/toode\/suudle-onneks\/","og_locale":"en_US","og_type":"article","og_title":"[:et]\"Suudle \u00f5nneks!\"[:ru]\"\u041f\u043e\u0446\u0435\u043b\u0443\u0439 \u043d\u0430 \u0443\u0434\u0430\u0447\u0443!\"[:en]\"Kiss for good luck!\"[:] | Bonfortuno","og_description":"[:et]\u00c4ra l\u00fckka kauaks edasi seda, mida saad t\u00e4na anda - p\u00f6\u00f6ra t\u00e4helepanu ja kingi kallile inimesele imeline meeleolu![:ru]\u041d\u0435 \u0441\u0442\u043e\u0438\u0442 \u043d\u0430\u0434\u043e\u043b\u0433\u043e \u043e\u0442\u043a\u043b\u0430\u0434\u044b\u0432\u0430\u0442\u044c \u0442\u043e, \u0447\u0442\u043e \u043c\u043e\u0436\u043d\u043e \u043f\u043e\u0434\u0430\u0440\u0438\u0442\u044c \u0443\u0436\u0435 \u0441\u0435\u0433\u043e\u0434\u043d\u044f - \u043e\u0434\u0430\u0440\u0438\u0442\u0435 \u0432\u043d\u0438\u043c\u0430\u043d\u0438\u0435\u043c \u0438 \u043f\u043e\u0434\u0430\u0440\u0438\u0442\u0435 \u043f\u0440\u0435\u043a\u0440\u0430\u0441\u043d\u043e\u0435 \u043d\u0430\u0441\u0442\u0440\u043e\u0435\u043d\u0438\u0435 \u0434\u043e\u0440\u043e\u0433\u043e\u043c\u0443 \u0447\u0435\u043b\u043e\u0432\u0435\u043a\u0443! [:en]Do not put off for a long time what you can give today - give attention and give a wonderful mood to a dear person![:]","og_url":"https:\/\/bonfortuno.eu\/toode\/suudle-onneks\/","og_site_name":"Bonfortuno","article_modified_time":"2022-01-13T10:59:04+00:00","og_image":[{"width":600,"height":600,"url":"https:\/\/bonfortuno.eu\/wp-content\/uploads\/2020\/10\/B2CC9D8F-B88A-4D2B-91F0-BA8B2082783C.jpeg","type":"image\/jpeg"}],"twitter_card":"summary_large_image","schema":{"@context":"https:\/\/schema.org","@graph":[{"@type":"WebPage","@id":"https:\/\/bonfortuno.eu\/toode\/suudle-onneks\/","url":"https:\/\/bonfortuno.eu\/toode\/suudle-onneks\/","name":"[:et]\"Suudle \u00f5nneks!\"[:ru]\"\u041f\u043e\u0446\u0435\u043b\u0443\u0439 \u043d\u0430 \u0443\u0434\u0430\u0447\u0443!\"[:en]\"Kiss for good luck!\"[:] | Bonfortuno","isPartOf":{"@id":"https:\/\/bonfortuno.eu\/ru\/#website"},"primaryImageOfPage":{"@id":"https:\/\/bonfortuno.eu\/toode\/suudle-onneks\/#primaryimage"},"image":{"@id":"https:\/\/bonfortuno.eu\/toode\/suudle-onneks\/#primaryimage"},"thumbnailUrl":"https:\/\/bonfortuno.eu\/wp-content\/uploads\/2020\/10\/B2CC9D8F-B88A-4D2B-91F0-BA8B2082783C.jpeg","datePublished":"2021-08-11T14:20:36+00:00","dateModified":"2022-01-13T10:59:04+00:00","breadcrumb":{"@id":"https:\/\/bonfortuno.eu\/toode\/suudle-onneks\/#breadcrumb"},"inLanguage":"en-US","potentialAction":[{"@type":"ReadAction","target":["https:\/\/bonfortuno.eu\/toode\/suudle-onneks\/"]}]},{"@type":"ImageObject","inLanguage":"en-US","@id":"https:\/\/bonfortuno.eu\/toode\/suudle-onneks\/#primaryimage","url":"https:\/\/bonfortuno.eu\/wp-content\/uploads\/2020\/10\/B2CC9D8F-B88A-4D2B-91F0-BA8B2082783C.jpeg","contentUrl":"https:\/\/bonfortuno.eu\/wp-content\/uploads\/2020\/10\/B2CC9D8F-B88A-4D2B-91F0-BA8B2082783C.jpeg","width":600,"height":600},{"@type":"BreadcrumbList","@id":"https:\/\/bonfortuno.eu\/toode\/suudle-onneks\/#breadcrumb","itemListElement":[{"@type":"ListItem","position":1,"name":"\u0413\u043b\u0430\u0432\u043d\u0430\u044f \u0441\u0442\u0440\u0430\u043d\u0438\u0446\u0430","item":"https:\/\/bonfortuno.eu\/"},{"@type":"ListItem","position":2,"name":"\u041c\u0430\u0433\u0430\u0437\u0438\u043d","item":"https:\/\/bonfortuno.eu\/"},{"@type":"ListItem","position":3,"name":"&#8220;Suudle \u00f5nneks!&#8221;"}]},{"@type":"WebSite","@id":"https:\/\/bonfortuno.eu\/ru\/#website","url":"https:\/\/bonfortuno.eu\/ru\/","name":"Bonfortuno","description":"The world of fresh flowers","potentialAction":[{"@type":"SearchAction","target":{"@type":"EntryPoint","urlTemplate":"https:\/\/bonfortuno.eu\/ru\/?s={search_term_string}"},"query-input":{"@type":"PropertyValueSpecification","valueRequired":true,"valueName":"search_term_string"}}],"inLanguage":"en-US"}]}},"_links":{"self":[{"href":"https:\/\/bonfortuno.eu\/en\/wp-json\/wp\/v2\/product\/3328","targetHints":{"allow":["GET"]}}],"collection":[{"href":"https:\/\/bonfortuno.eu\/en\/wp-json\/wp\/v2\/product"}],"about":[{"href":"https:\/\/bonfortuno.eu\/en\/wp-json\/wp\/v2\/types\/product"}],"wp:featuredmedia":[{"embeddable":true,"href":"https:\/\/bonfortuno.eu\/en\/wp-json\/wp\/v2\/media\/2793"}],"wp:attachment":[{"href":"https:\/\/bonfortuno.eu\/en\/wp-json\/wp\/v2\/media?parent=3328"}],"wp:term":[{"taxonomy":"product_brand","embeddable":true,"href":"https:\/\/bonfortuno.eu\/en\/wp-json\/wp\/v2\/product_brand?post=3328"},{"taxonomy":"product_cat","embeddable":true,"href":"https:\/\/bonfortuno.eu\/en\/wp-json\/wp\/v2\/product_cat?post=3328"},{"taxonomy":"product_tag","embeddable":true,"href":"https:\/\/bonfortuno.eu\/en\/wp-json\/wp\/v2\/product_tag?post=3328"}],"curies":[{"name":"wp","href":"https:\/\/api.w.org\/{rel}","templated":true}]}}