{"id":3336,"date":"2021-08-11T19:18:57","date_gmt":"2021-08-11T16:18:57","guid":{"rendered":"https:\/\/bonfortuno.eu\/?post_type=product&#038;p=3336"},"modified":"2022-01-13T12:57:31","modified_gmt":"2022-01-13T10:57:31","slug":"roosade-rooside-kimp","status":"publish","type":"product","link":"https:\/\/bonfortuno.eu\/en\/toode\/roosade-rooside-kimp\/","title":{"rendered":"&#8221;Bouquet of pink roses&#8221;"},"content":{"rendered":"<p>&#8221;39 charming roses in stylish packaging will delight the girl.&#8221;<\/p>","protected":false},"excerpt":{"rendered":"<p>&#8220;39 charming roses in stylish packaging will delight the girl.&#8221;<\/p>\n","protected":false},"featured_media":2798,"template":"","meta":[],"product_brand":[],"product_cat":[76,30],"product_tag":[],"class_list":{"0":"post-3336","1":"product","2":"type-product","3":"status-publish","4":"has-post-thumbnail","6":"product_cat-koik-tooted","7":"product_cat-lillekimbud","9":"first","10":"instock","11":"shipping-taxable","12":"purchasable","13":"product-type-simple"},"yoast_head":"<!-- This site is optimized with the Yoast SEO plugin v27.3 - https:\/\/yoast.com\/product\/yoast-seo-wordpress\/ -->\n<title>&quot;Bouquet of pink roses&quot; | Bonfortuno<\/title>\n<meta name=\"robots\" content=\"index, follow, max-snippet:-1, max-image-preview:large, max-video-preview:-1\" \/>\n<link rel=\"canonical\" href=\"https:\/\/bonfortuno.eu\/toode\/roosade-rooside-kimp\/\" \/>\n<meta property=\"og:locale\" content=\"en_US\" \/>\n<meta property=\"og:type\" content=\"article\" \/>\n<meta property=\"og:title\" content=\"[:et]&quot;Roosade rooside kimp&quot;[:ru]&quot;\u0411\u0443\u043a\u0435\u0442 \u0438\u0437 \u0440\u043e\u0437\u043e\u0432\u044b\u0445 \u0440\u043e\u0437&quot;[:en]&quot;Bouquet of pink roses&quot;[:] | Bonfortuno\" \/>\n<meta property=\"og:description\" content=\"[:et]&quot;39 v\u00f5luvat roosi stiilses pakendis r\u00f5\u00f5mustavad t\u00fcdrukut.&quot;[:ru]\u00ab39 \u043e\u0447\u0430\u0440\u043e\u0432\u0430\u0442\u0435\u043b\u044c\u043d\u044b\u0445 \u0440\u043e\u0437 \u0432 \u0441\u0442\u0438\u043b\u044c\u043d\u043e\u0439 \u0443\u043f\u0430\u043a\u043e\u0432\u043a\u0435 \u0434\u043e\u0441\u0442\u0430\u0432\u044f\u0442 \u0434\u0435\u0432\u0443\u0448\u043a\u0435 \u0443\u0434\u043e\u0432\u043e\u043b\u044c\u0441\u0442\u0432\u0438\u0435.\u00bb[:en]&quot;39 charming roses in stylish packaging will delight the girl.&quot;[:]\" \/>\n<meta property=\"og:url\" content=\"https:\/\/bonfortuno.eu\/toode\/roosade-rooside-kimp\/\" \/>\n<meta property=\"og:site_name\" content=\"Bonfortuno\" \/>\n<meta property=\"article:modified_time\" content=\"2022-01-13T10:57:31+00:00\" \/>\n<meta property=\"og:image\" content=\"https:\/\/bonfortuno.eu\/wp-content\/uploads\/2020\/10\/4256F537-D6DC-41A5-8C4B-2F456545C585.jpeg\" \/>\n\t<meta property=\"og:image:width\" content=\"400\" \/>\n\t<meta property=\"og:image:height\" content=\"375\" \/>\n\t<meta property=\"og:image:type\" content=\"image\/jpeg\" \/>\n<meta name=\"twitter:card\" content=\"summary_large_image\" \/>\n<script type=\"application\/ld+json\" class=\"yoast-schema-graph\">{\"@context\":\"https:\\\/\\\/schema.org\",\"@graph\":[{\"@type\":\"WebPage\",\"@id\":\"https:\\\/\\\/bonfortuno.eu\\\/toode\\\/roosade-rooside-kimp\\\/\",\"url\":\"https:\\\/\\\/bonfortuno.eu\\\/toode\\\/roosade-rooside-kimp\\\/\",\"name\":\"[:et]\\\"Roosade rooside kimp\\\"[:ru]\\\"\u0411\u0443\u043a\u0435\u0442 \u0438\u0437 \u0440\u043e\u0437\u043e\u0432\u044b\u0445 \u0440\u043e\u0437\\\"[:en]\\\"Bouquet of pink roses\\\"[:] | Bonfortuno\",\"isPartOf\":{\"@id\":\"https:\\\/\\\/bonfortuno.eu\\\/ru\\\/#website\"},\"primaryImageOfPage\":{\"@id\":\"https:\\\/\\\/bonfortuno.eu\\\/toode\\\/roosade-rooside-kimp\\\/#primaryimage\"},\"image\":{\"@id\":\"https:\\\/\\\/bonfortuno.eu\\\/toode\\\/roosade-rooside-kimp\\\/#primaryimage\"},\"thumbnailUrl\":\"https:\\\/\\\/bonfortuno.eu\\\/wp-content\\\/uploads\\\/2020\\\/10\\\/4256F537-D6DC-41A5-8C4B-2F456545C585.jpeg\",\"datePublished\":\"2021-08-11T16:18:57+00:00\",\"dateModified\":\"2022-01-13T10:57:31+00:00\",\"breadcrumb\":{\"@id\":\"https:\\\/\\\/bonfortuno.eu\\\/toode\\\/roosade-rooside-kimp\\\/#breadcrumb\"},\"inLanguage\":\"en-US\",\"potentialAction\":[{\"@type\":\"ReadAction\",\"target\":[\"https:\\\/\\\/bonfortuno.eu\\\/toode\\\/roosade-rooside-kimp\\\/\"]}]},{\"@type\":\"ImageObject\",\"inLanguage\":\"en-US\",\"@id\":\"https:\\\/\\\/bonfortuno.eu\\\/toode\\\/roosade-rooside-kimp\\\/#primaryimage\",\"url\":\"https:\\\/\\\/bonfortuno.eu\\\/wp-content\\\/uploads\\\/2020\\\/10\\\/4256F537-D6DC-41A5-8C4B-2F456545C585.jpeg\",\"contentUrl\":\"https:\\\/\\\/bonfortuno.eu\\\/wp-content\\\/uploads\\\/2020\\\/10\\\/4256F537-D6DC-41A5-8C4B-2F456545C585.jpeg\",\"width\":400,\"height\":375},{\"@type\":\"BreadcrumbList\",\"@id\":\"https:\\\/\\\/bonfortuno.eu\\\/toode\\\/roosade-rooside-kimp\\\/#breadcrumb\",\"itemListElement\":[{\"@type\":\"ListItem\",\"position\":1,\"name\":\"\u0413\u043b\u0430\u0432\u043d\u0430\u044f \u0441\u0442\u0440\u0430\u043d\u0438\u0446\u0430\",\"item\":\"https:\\\/\\\/bonfortuno.eu\\\/\"},{\"@type\":\"ListItem\",\"position\":2,\"name\":\"\u041c\u0430\u0433\u0430\u0437\u0438\u043d\",\"item\":\"https:\\\/\\\/bonfortuno.eu\\\/\"},{\"@type\":\"ListItem\",\"position\":3,\"name\":\"&#8220;Roosade rooside kimp&#8221;\"}]},{\"@type\":\"WebSite\",\"@id\":\"https:\\\/\\\/bonfortuno.eu\\\/ru\\\/#website\",\"url\":\"https:\\\/\\\/bonfortuno.eu\\\/ru\\\/\",\"name\":\"Bonfortuno\",\"description\":\"The world of fresh flowers\",\"potentialAction\":[{\"@type\":\"SearchAction\",\"target\":{\"@type\":\"EntryPoint\",\"urlTemplate\":\"https:\\\/\\\/bonfortuno.eu\\\/ru\\\/?s={search_term_string}\"},\"query-input\":{\"@type\":\"PropertyValueSpecification\",\"valueRequired\":true,\"valueName\":\"search_term_string\"}}],\"inLanguage\":\"en-US\"}]}<\/script>\n<!-- \/ Yoast SEO plugin. -->","yoast_head_json":{"title":"[:et]\"Roosade rooside kimp\"[:ru]\"\u0411\u0443\u043a\u0435\u0442 \u0438\u0437 \u0440\u043e\u0437\u043e\u0432\u044b\u0445 \u0440\u043e\u0437\"[:en]\"Bouquet of pink roses\"[:] | Bonfortuno","robots":{"index":"index","follow":"follow","max-snippet":"max-snippet:-1","max-image-preview":"max-image-preview:large","max-video-preview":"max-video-preview:-1"},"canonical":"https:\/\/bonfortuno.eu\/toode\/roosade-rooside-kimp\/","og_locale":"en_US","og_type":"article","og_title":"[:et]\"Roosade rooside kimp\"[:ru]\"\u0411\u0443\u043a\u0435\u0442 \u0438\u0437 \u0440\u043e\u0437\u043e\u0432\u044b\u0445 \u0440\u043e\u0437\"[:en]\"Bouquet of pink roses\"[:] | Bonfortuno","og_description":"[:et]\"39 v\u00f5luvat roosi stiilses pakendis r\u00f5\u00f5mustavad t\u00fcdrukut.\"[:ru]\u00ab39 \u043e\u0447\u0430\u0440\u043e\u0432\u0430\u0442\u0435\u043b\u044c\u043d\u044b\u0445 \u0440\u043e\u0437 \u0432 \u0441\u0442\u0438\u043b\u044c\u043d\u043e\u0439 \u0443\u043f\u0430\u043a\u043e\u0432\u043a\u0435 \u0434\u043e\u0441\u0442\u0430\u0432\u044f\u0442 \u0434\u0435\u0432\u0443\u0448\u043a\u0435 \u0443\u0434\u043e\u0432\u043e\u043b\u044c\u0441\u0442\u0432\u0438\u0435.\u00bb[:en]\"39 charming roses in stylish packaging will delight the girl.\"[:]","og_url":"https:\/\/bonfortuno.eu\/toode\/roosade-rooside-kimp\/","og_site_name":"Bonfortuno","article_modified_time":"2022-01-13T10:57:31+00:00","og_image":[{"width":400,"height":375,"url":"https:\/\/bonfortuno.eu\/wp-content\/uploads\/2020\/10\/4256F537-D6DC-41A5-8C4B-2F456545C585.jpeg","type":"image\/jpeg"}],"twitter_card":"summary_large_image","schema":{"@context":"https:\/\/schema.org","@graph":[{"@type":"WebPage","@id":"https:\/\/bonfortuno.eu\/toode\/roosade-rooside-kimp\/","url":"https:\/\/bonfortuno.eu\/toode\/roosade-rooside-kimp\/","name":"[:et]\"Roosade rooside kimp\"[:ru]\"\u0411\u0443\u043a\u0435\u0442 \u0438\u0437 \u0440\u043e\u0437\u043e\u0432\u044b\u0445 \u0440\u043e\u0437\"[:en]\"Bouquet of pink roses\"[:] | Bonfortuno","isPartOf":{"@id":"https:\/\/bonfortuno.eu\/ru\/#website"},"primaryImageOfPage":{"@id":"https:\/\/bonfortuno.eu\/toode\/roosade-rooside-kimp\/#primaryimage"},"image":{"@id":"https:\/\/bonfortuno.eu\/toode\/roosade-rooside-kimp\/#primaryimage"},"thumbnailUrl":"https:\/\/bonfortuno.eu\/wp-content\/uploads\/2020\/10\/4256F537-D6DC-41A5-8C4B-2F456545C585.jpeg","datePublished":"2021-08-11T16:18:57+00:00","dateModified":"2022-01-13T10:57:31+00:00","breadcrumb":{"@id":"https:\/\/bonfortuno.eu\/toode\/roosade-rooside-kimp\/#breadcrumb"},"inLanguage":"en-US","potentialAction":[{"@type":"ReadAction","target":["https:\/\/bonfortuno.eu\/toode\/roosade-rooside-kimp\/"]}]},{"@type":"ImageObject","inLanguage":"en-US","@id":"https:\/\/bonfortuno.eu\/toode\/roosade-rooside-kimp\/#primaryimage","url":"https:\/\/bonfortuno.eu\/wp-content\/uploads\/2020\/10\/4256F537-D6DC-41A5-8C4B-2F456545C585.jpeg","contentUrl":"https:\/\/bonfortuno.eu\/wp-content\/uploads\/2020\/10\/4256F537-D6DC-41A5-8C4B-2F456545C585.jpeg","width":400,"height":375},{"@type":"BreadcrumbList","@id":"https:\/\/bonfortuno.eu\/toode\/roosade-rooside-kimp\/#breadcrumb","itemListElement":[{"@type":"ListItem","position":1,"name":"\u0413\u043b\u0430\u0432\u043d\u0430\u044f \u0441\u0442\u0440\u0430\u043d\u0438\u0446\u0430","item":"https:\/\/bonfortuno.eu\/"},{"@type":"ListItem","position":2,"name":"\u041c\u0430\u0433\u0430\u0437\u0438\u043d","item":"https:\/\/bonfortuno.eu\/"},{"@type":"ListItem","position":3,"name":"&#8220;Roosade rooside kimp&#8221;"}]},{"@type":"WebSite","@id":"https:\/\/bonfortuno.eu\/ru\/#website","url":"https:\/\/bonfortuno.eu\/ru\/","name":"Bonfortuno","description":"The world of fresh flowers","potentialAction":[{"@type":"SearchAction","target":{"@type":"EntryPoint","urlTemplate":"https:\/\/bonfortuno.eu\/ru\/?s={search_term_string}"},"query-input":{"@type":"PropertyValueSpecification","valueRequired":true,"valueName":"search_term_string"}}],"inLanguage":"en-US"}]}},"_links":{"self":[{"href":"https:\/\/bonfortuno.eu\/en\/wp-json\/wp\/v2\/product\/3336","targetHints":{"allow":["GET"]}}],"collection":[{"href":"https:\/\/bonfortuno.eu\/en\/wp-json\/wp\/v2\/product"}],"about":[{"href":"https:\/\/bonfortuno.eu\/en\/wp-json\/wp\/v2\/types\/product"}],"wp:featuredmedia":[{"embeddable":true,"href":"https:\/\/bonfortuno.eu\/en\/wp-json\/wp\/v2\/media\/2798"}],"wp:attachment":[{"href":"https:\/\/bonfortuno.eu\/en\/wp-json\/wp\/v2\/media?parent=3336"}],"wp:term":[{"taxonomy":"product_brand","embeddable":true,"href":"https:\/\/bonfortuno.eu\/en\/wp-json\/wp\/v2\/product_brand?post=3336"},{"taxonomy":"product_cat","embeddable":true,"href":"https:\/\/bonfortuno.eu\/en\/wp-json\/wp\/v2\/product_cat?post=3336"},{"taxonomy":"product_tag","embeddable":true,"href":"https:\/\/bonfortuno.eu\/en\/wp-json\/wp\/v2\/product_tag?post=3336"}],"curies":[{"name":"wp","href":"https:\/\/api.w.org\/{rel}","templated":true}]}}