{"id":3351,"date":"2021-08-12T19:09:10","date_gmt":"2021-08-12T16:09:10","guid":{"rendered":"https:\/\/bonfortuno.eu\/?post_type=product&#038;p=3351"},"modified":"2021-08-12T19:09:10","modified_gmt":"2021-08-12T16:09:10","slug":"armas-idee","status":"publish","type":"product","link":"https:\/\/bonfortuno.eu\/en\/toode\/armas-idee\/","title":{"rendered":"&#8221;Sweet idea&#8221;"},"content":{"rendered":"<p>&#8221;Ferrero Rocher&#8217;s fresh flowers and candies are a win-win for congratulating or expressing gratitude.&#8221;<\/p>","protected":false},"excerpt":{"rendered":"<p>&#8220;Ferrero Rocher&#8217;s fresh flowers and candies are a win-win for congratulating or expressing gratitude.&#8221;<\/p>\n","protected":false},"featured_media":3088,"template":"","meta":[],"product_brand":[],"product_cat":[34,76,86,30],"product_tag":[],"class_list":{"0":"post-3351","1":"product","2":"type-product","3":"status-publish","4":"has-post-thumbnail","6":"product_cat-kingitused","7":"product_cat-koik-tooted","8":"product_cat-kommid-ja-sokolaad","9":"product_cat-lillekimbud","11":"first","12":"instock","13":"shipping-taxable","14":"purchasable","15":"product-type-simple"},"yoast_head":"<!-- This site is optimized with the Yoast SEO plugin v27.3 - https:\/\/yoast.com\/product\/yoast-seo-wordpress\/ -->\n<title>&quot;Sweet idea&quot; | Bonfortuno<\/title>\n<meta name=\"robots\" content=\"index, follow, max-snippet:-1, max-image-preview:large, max-video-preview:-1\" \/>\n<link rel=\"canonical\" href=\"https:\/\/bonfortuno.eu\/toode\/armas-idee\/\" \/>\n<meta property=\"og:locale\" content=\"en_US\" \/>\n<meta property=\"og:type\" content=\"article\" \/>\n<meta property=\"og:title\" content=\"[:et]&quot;Armas idee&quot;[:ru] \u00ab\u0421\u043b\u0430\u0434\u043a\u0430\u044f \u0438\u0434\u0435\u044f\u00bb [:en]&quot;Sweet idea&quot;[:] | Bonfortuno\" \/>\n<meta property=\"og:description\" content=\"[:et]&quot;Ferrero Rocheri v\u00e4rsked lilled ja kommid on kasulikud \u00f5nnitlemisel v\u00f5i t\u00e4nu avaldamisel.&quot;[:ru]  \u00ab\u0421\u0432\u0435\u0436\u0438\u0435 \u0446\u0432\u0435\u0442\u044b \u0438 \u043a\u043e\u043d\u0444\u0435\u0442\u044b Ferrero Rocher  - \u0431\u0435\u0441\u043f\u0440\u043e\u0438\u0433\u0440\u044b\u0448\u043d\u044b\u0439 \u0432\u0430\u0440\u0438\u0430\u043d\u0442 \u0434\u043b\u044f \u043f\u043e\u0437\u0434\u0440\u0430\u0432\u043b\u0435\u043d\u0438\u044f \u0438\u043b\u0438 \u0432\u044b\u0440\u0430\u0436\u0435\u043d\u0438\u044f \u0431\u043b\u0430\u0433\u043e\u0434\u0430\u0440\u043d\u043e\u0441\u0442\u0438.\u00bb[:en]&quot;Ferrero Rocher&#039;s fresh flowers and candies are a win-win for congratulating or expressing gratitude.&quot;[:]\" \/>\n<meta property=\"og:url\" content=\"https:\/\/bonfortuno.eu\/toode\/armas-idee\/\" \/>\n<meta property=\"og:site_name\" content=\"Bonfortuno\" \/>\n<meta property=\"og:image\" content=\"https:\/\/bonfortuno.eu\/wp-content\/uploads\/2021\/02\/62788fda0179f2f394d613a4d596efc74c81b3bc.jpg\" \/>\n\t<meta property=\"og:image:width\" content=\"350\" \/>\n\t<meta property=\"og:image:height\" content=\"350\" \/>\n\t<meta property=\"og:image:type\" content=\"image\/jpeg\" \/>\n<meta name=\"twitter:card\" content=\"summary_large_image\" \/>\n<script type=\"application\/ld+json\" class=\"yoast-schema-graph\">{\"@context\":\"https:\\\/\\\/schema.org\",\"@graph\":[{\"@type\":\"WebPage\",\"@id\":\"https:\\\/\\\/bonfortuno.eu\\\/toode\\\/armas-idee\\\/\",\"url\":\"https:\\\/\\\/bonfortuno.eu\\\/toode\\\/armas-idee\\\/\",\"name\":\"[:et]\\\"Armas idee\\\"[:ru] \u00ab\u0421\u043b\u0430\u0434\u043a\u0430\u044f \u0438\u0434\u0435\u044f\u00bb [:en]\\\"Sweet idea\\\"[:] | Bonfortuno\",\"isPartOf\":{\"@id\":\"https:\\\/\\\/bonfortuno.eu\\\/ru\\\/#website\"},\"primaryImageOfPage\":{\"@id\":\"https:\\\/\\\/bonfortuno.eu\\\/toode\\\/armas-idee\\\/#primaryimage\"},\"image\":{\"@id\":\"https:\\\/\\\/bonfortuno.eu\\\/toode\\\/armas-idee\\\/#primaryimage\"},\"thumbnailUrl\":\"https:\\\/\\\/bonfortuno.eu\\\/wp-content\\\/uploads\\\/2021\\\/02\\\/62788fda0179f2f394d613a4d596efc74c81b3bc.jpg\",\"datePublished\":\"2021-08-12T16:09:10+00:00\",\"breadcrumb\":{\"@id\":\"https:\\\/\\\/bonfortuno.eu\\\/toode\\\/armas-idee\\\/#breadcrumb\"},\"inLanguage\":\"en-US\",\"potentialAction\":[{\"@type\":\"ReadAction\",\"target\":[\"https:\\\/\\\/bonfortuno.eu\\\/toode\\\/armas-idee\\\/\"]}]},{\"@type\":\"ImageObject\",\"inLanguage\":\"en-US\",\"@id\":\"https:\\\/\\\/bonfortuno.eu\\\/toode\\\/armas-idee\\\/#primaryimage\",\"url\":\"https:\\\/\\\/bonfortuno.eu\\\/wp-content\\\/uploads\\\/2021\\\/02\\\/62788fda0179f2f394d613a4d596efc74c81b3bc.jpg\",\"contentUrl\":\"https:\\\/\\\/bonfortuno.eu\\\/wp-content\\\/uploads\\\/2021\\\/02\\\/62788fda0179f2f394d613a4d596efc74c81b3bc.jpg\",\"width\":350,\"height\":350},{\"@type\":\"BreadcrumbList\",\"@id\":\"https:\\\/\\\/bonfortuno.eu\\\/toode\\\/armas-idee\\\/#breadcrumb\",\"itemListElement\":[{\"@type\":\"ListItem\",\"position\":1,\"name\":\"\u0413\u043b\u0430\u0432\u043d\u0430\u044f \u0441\u0442\u0440\u0430\u043d\u0438\u0446\u0430\",\"item\":\"https:\\\/\\\/bonfortuno.eu\\\/\"},{\"@type\":\"ListItem\",\"position\":2,\"name\":\"\u041c\u0430\u0433\u0430\u0437\u0438\u043d\",\"item\":\"https:\\\/\\\/bonfortuno.eu\\\/\"},{\"@type\":\"ListItem\",\"position\":3,\"name\":\"&#8220;Armas idee&#8221;\"}]},{\"@type\":\"WebSite\",\"@id\":\"https:\\\/\\\/bonfortuno.eu\\\/ru\\\/#website\",\"url\":\"https:\\\/\\\/bonfortuno.eu\\\/ru\\\/\",\"name\":\"Bonfortuno\",\"description\":\"The world of fresh flowers\",\"potentialAction\":[{\"@type\":\"SearchAction\",\"target\":{\"@type\":\"EntryPoint\",\"urlTemplate\":\"https:\\\/\\\/bonfortuno.eu\\\/ru\\\/?s={search_term_string}\"},\"query-input\":{\"@type\":\"PropertyValueSpecification\",\"valueRequired\":true,\"valueName\":\"search_term_string\"}}],\"inLanguage\":\"en-US\"}]}<\/script>\n<!-- \/ Yoast SEO plugin. -->","yoast_head_json":{"title":"[:et]\"Armas idee\"[:ru] \u00ab\u0421\u043b\u0430\u0434\u043a\u0430\u044f \u0438\u0434\u0435\u044f\u00bb [:en]\"Sweet idea\"[:] | Bonfortuno","robots":{"index":"index","follow":"follow","max-snippet":"max-snippet:-1","max-image-preview":"max-image-preview:large","max-video-preview":"max-video-preview:-1"},"canonical":"https:\/\/bonfortuno.eu\/toode\/armas-idee\/","og_locale":"en_US","og_type":"article","og_title":"[:et]\"Armas idee\"[:ru] \u00ab\u0421\u043b\u0430\u0434\u043a\u0430\u044f \u0438\u0434\u0435\u044f\u00bb [:en]\"Sweet idea\"[:] | Bonfortuno","og_description":"[:et]\"Ferrero Rocheri v\u00e4rsked lilled ja kommid on kasulikud \u00f5nnitlemisel v\u00f5i t\u00e4nu avaldamisel.\"[:ru]  \u00ab\u0421\u0432\u0435\u0436\u0438\u0435 \u0446\u0432\u0435\u0442\u044b \u0438 \u043a\u043e\u043d\u0444\u0435\u0442\u044b Ferrero Rocher  - \u0431\u0435\u0441\u043f\u0440\u043e\u0438\u0433\u0440\u044b\u0448\u043d\u044b\u0439 \u0432\u0430\u0440\u0438\u0430\u043d\u0442 \u0434\u043b\u044f \u043f\u043e\u0437\u0434\u0440\u0430\u0432\u043b\u0435\u043d\u0438\u044f \u0438\u043b\u0438 \u0432\u044b\u0440\u0430\u0436\u0435\u043d\u0438\u044f \u0431\u043b\u0430\u0433\u043e\u0434\u0430\u0440\u043d\u043e\u0441\u0442\u0438.\u00bb[:en]\"Ferrero Rocher's fresh flowers and candies are a win-win for congratulating or expressing gratitude.\"[:]","og_url":"https:\/\/bonfortuno.eu\/toode\/armas-idee\/","og_site_name":"Bonfortuno","og_image":[{"width":350,"height":350,"url":"https:\/\/bonfortuno.eu\/wp-content\/uploads\/2021\/02\/62788fda0179f2f394d613a4d596efc74c81b3bc.jpg","type":"image\/jpeg"}],"twitter_card":"summary_large_image","schema":{"@context":"https:\/\/schema.org","@graph":[{"@type":"WebPage","@id":"https:\/\/bonfortuno.eu\/toode\/armas-idee\/","url":"https:\/\/bonfortuno.eu\/toode\/armas-idee\/","name":"[:et]\"Armas idee\"[:ru] \u00ab\u0421\u043b\u0430\u0434\u043a\u0430\u044f \u0438\u0434\u0435\u044f\u00bb [:en]\"Sweet idea\"[:] | Bonfortuno","isPartOf":{"@id":"https:\/\/bonfortuno.eu\/ru\/#website"},"primaryImageOfPage":{"@id":"https:\/\/bonfortuno.eu\/toode\/armas-idee\/#primaryimage"},"image":{"@id":"https:\/\/bonfortuno.eu\/toode\/armas-idee\/#primaryimage"},"thumbnailUrl":"https:\/\/bonfortuno.eu\/wp-content\/uploads\/2021\/02\/62788fda0179f2f394d613a4d596efc74c81b3bc.jpg","datePublished":"2021-08-12T16:09:10+00:00","breadcrumb":{"@id":"https:\/\/bonfortuno.eu\/toode\/armas-idee\/#breadcrumb"},"inLanguage":"en-US","potentialAction":[{"@type":"ReadAction","target":["https:\/\/bonfortuno.eu\/toode\/armas-idee\/"]}]},{"@type":"ImageObject","inLanguage":"en-US","@id":"https:\/\/bonfortuno.eu\/toode\/armas-idee\/#primaryimage","url":"https:\/\/bonfortuno.eu\/wp-content\/uploads\/2021\/02\/62788fda0179f2f394d613a4d596efc74c81b3bc.jpg","contentUrl":"https:\/\/bonfortuno.eu\/wp-content\/uploads\/2021\/02\/62788fda0179f2f394d613a4d596efc74c81b3bc.jpg","width":350,"height":350},{"@type":"BreadcrumbList","@id":"https:\/\/bonfortuno.eu\/toode\/armas-idee\/#breadcrumb","itemListElement":[{"@type":"ListItem","position":1,"name":"\u0413\u043b\u0430\u0432\u043d\u0430\u044f \u0441\u0442\u0440\u0430\u043d\u0438\u0446\u0430","item":"https:\/\/bonfortuno.eu\/"},{"@type":"ListItem","position":2,"name":"\u041c\u0430\u0433\u0430\u0437\u0438\u043d","item":"https:\/\/bonfortuno.eu\/"},{"@type":"ListItem","position":3,"name":"&#8220;Armas idee&#8221;"}]},{"@type":"WebSite","@id":"https:\/\/bonfortuno.eu\/ru\/#website","url":"https:\/\/bonfortuno.eu\/ru\/","name":"Bonfortuno","description":"The world of fresh flowers","potentialAction":[{"@type":"SearchAction","target":{"@type":"EntryPoint","urlTemplate":"https:\/\/bonfortuno.eu\/ru\/?s={search_term_string}"},"query-input":{"@type":"PropertyValueSpecification","valueRequired":true,"valueName":"search_term_string"}}],"inLanguage":"en-US"}]}},"_links":{"self":[{"href":"https:\/\/bonfortuno.eu\/en\/wp-json\/wp\/v2\/product\/3351","targetHints":{"allow":["GET"]}}],"collection":[{"href":"https:\/\/bonfortuno.eu\/en\/wp-json\/wp\/v2\/product"}],"about":[{"href":"https:\/\/bonfortuno.eu\/en\/wp-json\/wp\/v2\/types\/product"}],"wp:featuredmedia":[{"embeddable":true,"href":"https:\/\/bonfortuno.eu\/en\/wp-json\/wp\/v2\/media\/3088"}],"wp:attachment":[{"href":"https:\/\/bonfortuno.eu\/en\/wp-json\/wp\/v2\/media?parent=3351"}],"wp:term":[{"taxonomy":"product_brand","embeddable":true,"href":"https:\/\/bonfortuno.eu\/en\/wp-json\/wp\/v2\/product_brand?post=3351"},{"taxonomy":"product_cat","embeddable":true,"href":"https:\/\/bonfortuno.eu\/en\/wp-json\/wp\/v2\/product_cat?post=3351"},{"taxonomy":"product_tag","embeddable":true,"href":"https:\/\/bonfortuno.eu\/en\/wp-json\/wp\/v2\/product_tag?post=3351"}],"curies":[{"name":"wp","href":"https:\/\/api.w.org\/{rel}","templated":true}]}}