{"id":3356,"date":"2021-08-14T17:08:53","date_gmt":"2021-08-14T14:08:53","guid":{"rendered":"https:\/\/bonfortuno.eu\/?post_type=product&#038;p=3356"},"modified":"2022-01-13T12:50:13","modified_gmt":"2022-01-13T10:50:13","slug":"ainus","status":"publish","type":"product","link":"https:\/\/bonfortuno.eu\/en\/toode\/ainus\/","title":{"rendered":"&#8221;The only one&#8221;"},"content":{"rendered":"<p>White roses and one red &#8211; a bouquet &#8220;with a twist&#8221;. Delicate white roses, a symbol of innocence and purity, surround one gorgeous and bright red rose. Twenty-five beautiful buds symbolize a real declaration of love, strong and ardent. Eloquent white roses and one red one cannot deceive a loving heart. You can conquer with such bouquets. It is not for nothing that they are often chosen when going on a date, making marriage proposals, apologizing or congratulating loved ones on their birthday. This bouquet is made for lovers.<\/p>","protected":false},"excerpt":{"rendered":"<p>White roses and one red &#8211; a bouquet &#8220;with a twist&#8221;. Delicate white roses, a symbol of innocence and purity, surround one gorgeous and bright red rose. Twenty-five beautiful buds symbolize a real declaration of love, strong and ardent. Eloquent white roses and one red one cannot deceive a loving heart. You can conquer with such bouquets. It is not for nothing that they are often chosen when going on a date, making marriage proposals, apologizing or congratulating loved ones on their birthday. This bouquet is made for lovers.<\/p>\n","protected":false},"featured_media":3277,"template":"","meta":[],"product_brand":[],"product_cat":[76,30],"product_tag":[],"class_list":{"0":"post-3356","1":"product","2":"type-product","3":"status-publish","4":"has-post-thumbnail","6":"product_cat-koik-tooted","7":"product_cat-lillekimbud","9":"first","10":"instock","11":"shipping-taxable","12":"purchasable","13":"product-type-simple"},"yoast_head":"<!-- This site is optimized with the Yoast SEO plugin v27.3 - https:\/\/yoast.com\/product\/yoast-seo-wordpress\/ -->\n<title>&quot;The only one&quot; | Bonfortuno<\/title>\n<meta name=\"robots\" content=\"index, follow, max-snippet:-1, max-image-preview:large, max-video-preview:-1\" \/>\n<link rel=\"canonical\" href=\"https:\/\/bonfortuno.eu\/toode\/ainus\/\" \/>\n<meta property=\"og:locale\" content=\"en_US\" \/>\n<meta property=\"og:type\" content=\"article\" \/>\n<meta property=\"og:title\" content=\"[:et]&quot;Ainus&quot;[:ru]&quot; \u0415\u0434\u0438\u043d\u0441\u0442\u0432\u0435\u043d\u043d\u0430\u044f &quot;[:en]&quot;The only one&quot;[:] | Bonfortuno\" \/>\n<meta property=\"og:description\" content=\"[:et]Valged roosid ja \u00fcks punane - kimp &quot;keerdumisega&quot;. \u00d5rnad valged roosid, s\u00fc\u00fctuse ja puhtuse s\u00fcmbol, \u00fcmbritsevad \u00fchte uhket ja erkpunast roosi. Kaksk\u00fcmmend viis ilusat punga s\u00fcmboliseerivad t\u00f5elist armastuse avaldust, tugevat ja tulihingelist. K\u00f5nekad valged roosid ja \u00fcks punane ei suuda armastavat s\u00fcdant petta. Selliste kimpudega saate vallutada. Pole ime, et nad valitakse sageli kohtingule minnes, abieluettepanekuid tehes, vabandades v\u00f5i l\u00e4hedasi s\u00fcnnip\u00e4eval \u00f5nnitledes. See kimp on m\u00f5eldud armastajatele.[:ru]\u0411\u0435\u043b\u044b\u0435 \u0440\u043e\u0437\u044b \u0438 \u043e\u0434\u043d\u0430 \u043a\u0440\u0430\u0441\u043d\u0430\u044f \u2013 \u0431\u0443\u043a\u0435\u0442 \u00ab\u0441 \u0438\u0437\u044e\u043c\u0438\u043d\u043a\u043e\u0439\u00bb. \u041d\u0435\u0436\u043d\u044b\u0435 \u0431\u0435\u043b\u044b\u0435 \u0440\u043e\u0437\u044b, \u0441\u0438\u043c\u0432\u043e\u043b \u043d\u0435\u0432\u0438\u043d\u043d\u043e\u0441\u0442\u0438 \u0438 \u0447\u0438\u0441\u0442\u043e\u0442\u044b, \u043e\u043a\u0440\u0443\u0436\u0430\u044e\u0442 \u043e\u0434\u043d\u0443, \u0432\u0435\u043b\u0438\u043a\u043e\u043b\u0435\u043f\u043d\u0443\u044e \u0438 \u044f\u0440\u043a\u0443\u044e \u043a\u0440\u0430\u0441\u043d\u0443\u044e \u0440\u043e\u0437\u0443. \u0414\u0432\u0430\u0434\u0446\u0430\u0442\u044c \u043f\u044f\u0442\u044c \u043f\u0440\u0435\u043a\u0440\u0430\u0441\u043d\u044b\u0445 \u0431\u0443\u0442\u043e\u043d\u043e\u0432 \u0441\u0438\u043c\u0432\u043e\u043b\u0438\u0437\u0438\u0440\u0443\u044e\u0442 \u043d\u0430\u0441\u0442\u043e\u044f\u0449\u0435\u0435 \u043f\u0440\u0438\u0437\u043d\u0430\u043d\u0438\u0435 \u0432 \u043b\u044e\u0431\u0432\u0438, \u0441\u0438\u043b\u044c\u043d\u043e\u0439 \u0438 \u043f\u044b\u043b\u043a\u043e\u0439. \u041a\u0440\u0430\u0441\u043d\u043e\u0440\u0435\u0447\u0438\u0432\u044b\u0435 \u0431\u0435\u043b\u044b\u0435 \u0440\u043e\u0437\u044b \u0438 \u043e\u0434\u043d\u0430 \u043a\u0440\u0430\u0441\u043d\u0430\u044f \u043d\u0435 \u043c\u043e\u0433\u0443\u0442 \u043e\u0431\u043c\u0430\u043d\u0443\u0442\u044c \u0432\u043b\u044e\u0431\u043b\u0435\u043d\u043d\u043e\u0435 \u0441\u0435\u0440\u0434\u0446\u0435. \u0422\u0430\u043a\u0438\u043c\u0438 \u0431\u0443\u043a\u0435\u0442\u0430\u043c\u0438 \u043c\u043e\u0436\u043d\u043e \u043f\u043e\u043a\u043e\u0440\u044f\u0442\u044c. \u041d\u0435 \u0437\u0440\u044f \u0438\u0445 \u0447\u0430\u0441\u0442\u043e \u0432\u044b\u0431\u0438\u0440\u0430\u044e\u0442, \u0438\u0434\u044f \u043d\u0430 \u0441\u0432\u0438\u0434\u0430\u043d\u0438\u0435, \u0434\u0435\u043b\u0430\u044f \u043f\u0440\u0435\u0434\u043b\u043e\u0436\u0435\u043d\u0438\u044f \u0440\u0443\u043a\u0438 \u0438 \u0441\u0435\u0440\u0434\u0446\u0430, \u0438\u0437\u0432\u0438\u043d\u044f\u044f\u0441\u044c \u0438\u043b\u0438 \u043f\u043e\u0437\u0434\u0440\u0430\u0432\u043b\u044f\u044f \u0441 \u0434\u043d\u0435\u043c \u0440\u043e\u0436\u0434\u0435\u043d\u0438\u044f \u043b\u044e\u0431\u0438\u043c\u044b\u0445. \u042d\u0442\u043e\u0442 \u0431\u0443\u043a\u0435\u0442 \u0441\u043e\u0437\u0434\u0430\u043d \u0434\u043b\u044f \u0432\u043b\u044e\u0431\u043b\u0435\u043d\u043d\u044b\u0445. [:en]White roses and one red - a bouquet &quot;with a twist&quot;. Delicate white roses, a symbol of innocence and purity, surround one gorgeous and bright red rose. Twenty-five beautiful buds symbolize a real declaration of love, strong and ardent. Eloquent white roses and one red one cannot deceive a loving heart. You can conquer with such bouquets. It is not for nothing that they are often chosen when going on a date, making marriage proposals, apologizing or congratulating loved ones on their birthday. This bouquet is made for lovers.[:]\" \/>\n<meta property=\"og:url\" content=\"https:\/\/bonfortuno.eu\/toode\/ainus\/\" \/>\n<meta property=\"og:site_name\" content=\"Bonfortuno\" \/>\n<meta property=\"article:modified_time\" content=\"2022-01-13T10:50:13+00:00\" \/>\n<meta property=\"og:image\" content=\"https:\/\/bonfortuno.eu\/wp-content\/uploads\/2021\/08\/49_0.jpg\" \/>\n\t<meta property=\"og:image:width\" content=\"400\" \/>\n\t<meta property=\"og:image:height\" content=\"400\" \/>\n\t<meta property=\"og:image:type\" content=\"image\/jpeg\" \/>\n<meta name=\"twitter:card\" content=\"summary_large_image\" \/>\n<meta name=\"twitter:label1\" content=\"Est. reading time\" \/>\n\t<meta name=\"twitter:data1\" content=\"1 minute\" \/>\n<script type=\"application\/ld+json\" class=\"yoast-schema-graph\">{\"@context\":\"https:\\\/\\\/schema.org\",\"@graph\":[{\"@type\":\"WebPage\",\"@id\":\"https:\\\/\\\/bonfortuno.eu\\\/toode\\\/ainus\\\/\",\"url\":\"https:\\\/\\\/bonfortuno.eu\\\/toode\\\/ainus\\\/\",\"name\":\"[:et]\\\"Ainus\\\"[:ru]\\\" \u0415\u0434\u0438\u043d\u0441\u0442\u0432\u0435\u043d\u043d\u0430\u044f \\\"[:en]\\\"The only one\\\"[:] | Bonfortuno\",\"isPartOf\":{\"@id\":\"https:\\\/\\\/bonfortuno.eu\\\/ru\\\/#website\"},\"primaryImageOfPage\":{\"@id\":\"https:\\\/\\\/bonfortuno.eu\\\/toode\\\/ainus\\\/#primaryimage\"},\"image\":{\"@id\":\"https:\\\/\\\/bonfortuno.eu\\\/toode\\\/ainus\\\/#primaryimage\"},\"thumbnailUrl\":\"https:\\\/\\\/bonfortuno.eu\\\/wp-content\\\/uploads\\\/2021\\\/08\\\/49_0.jpg\",\"datePublished\":\"2021-08-14T14:08:53+00:00\",\"dateModified\":\"2022-01-13T10:50:13+00:00\",\"breadcrumb\":{\"@id\":\"https:\\\/\\\/bonfortuno.eu\\\/toode\\\/ainus\\\/#breadcrumb\"},\"inLanguage\":\"en-US\",\"potentialAction\":[{\"@type\":\"ReadAction\",\"target\":[\"https:\\\/\\\/bonfortuno.eu\\\/toode\\\/ainus\\\/\"]}]},{\"@type\":\"ImageObject\",\"inLanguage\":\"en-US\",\"@id\":\"https:\\\/\\\/bonfortuno.eu\\\/toode\\\/ainus\\\/#primaryimage\",\"url\":\"https:\\\/\\\/bonfortuno.eu\\\/wp-content\\\/uploads\\\/2021\\\/08\\\/49_0.jpg\",\"contentUrl\":\"https:\\\/\\\/bonfortuno.eu\\\/wp-content\\\/uploads\\\/2021\\\/08\\\/49_0.jpg\",\"width\":400,\"height\":400},{\"@type\":\"BreadcrumbList\",\"@id\":\"https:\\\/\\\/bonfortuno.eu\\\/toode\\\/ainus\\\/#breadcrumb\",\"itemListElement\":[{\"@type\":\"ListItem\",\"position\":1,\"name\":\"\u0413\u043b\u0430\u0432\u043d\u0430\u044f \u0441\u0442\u0440\u0430\u043d\u0438\u0446\u0430\",\"item\":\"https:\\\/\\\/bonfortuno.eu\\\/\"},{\"@type\":\"ListItem\",\"position\":2,\"name\":\"\u041c\u0430\u0433\u0430\u0437\u0438\u043d\",\"item\":\"https:\\\/\\\/bonfortuno.eu\\\/\"},{\"@type\":\"ListItem\",\"position\":3,\"name\":\"&#8220;Ainus&#8221;\"}]},{\"@type\":\"WebSite\",\"@id\":\"https:\\\/\\\/bonfortuno.eu\\\/ru\\\/#website\",\"url\":\"https:\\\/\\\/bonfortuno.eu\\\/ru\\\/\",\"name\":\"Bonfortuno\",\"description\":\"The world of fresh flowers\",\"potentialAction\":[{\"@type\":\"SearchAction\",\"target\":{\"@type\":\"EntryPoint\",\"urlTemplate\":\"https:\\\/\\\/bonfortuno.eu\\\/ru\\\/?s={search_term_string}\"},\"query-input\":{\"@type\":\"PropertyValueSpecification\",\"valueRequired\":true,\"valueName\":\"search_term_string\"}}],\"inLanguage\":\"en-US\"}]}<\/script>\n<!-- \/ Yoast SEO plugin. -->","yoast_head_json":{"title":"[:et]\"Ainus\"[:ru]\" \u0415\u0434\u0438\u043d\u0441\u0442\u0432\u0435\u043d\u043d\u0430\u044f \"[:en]\"The only one\"[:] | Bonfortuno","robots":{"index":"index","follow":"follow","max-snippet":"max-snippet:-1","max-image-preview":"max-image-preview:large","max-video-preview":"max-video-preview:-1"},"canonical":"https:\/\/bonfortuno.eu\/toode\/ainus\/","og_locale":"en_US","og_type":"article","og_title":"[:et]\"Ainus\"[:ru]\" \u0415\u0434\u0438\u043d\u0441\u0442\u0432\u0435\u043d\u043d\u0430\u044f \"[:en]\"The only one\"[:] | Bonfortuno","og_description":"[:et]Valged roosid ja \u00fcks punane - kimp \"keerdumisega\". \u00d5rnad valged roosid, s\u00fc\u00fctuse ja puhtuse s\u00fcmbol, \u00fcmbritsevad \u00fchte uhket ja erkpunast roosi. Kaksk\u00fcmmend viis ilusat punga s\u00fcmboliseerivad t\u00f5elist armastuse avaldust, tugevat ja tulihingelist. K\u00f5nekad valged roosid ja \u00fcks punane ei suuda armastavat s\u00fcdant petta. Selliste kimpudega saate vallutada. Pole ime, et nad valitakse sageli kohtingule minnes, abieluettepanekuid tehes, vabandades v\u00f5i l\u00e4hedasi s\u00fcnnip\u00e4eval \u00f5nnitledes. See kimp on m\u00f5eldud armastajatele.[:ru]\u0411\u0435\u043b\u044b\u0435 \u0440\u043e\u0437\u044b \u0438 \u043e\u0434\u043d\u0430 \u043a\u0440\u0430\u0441\u043d\u0430\u044f \u2013 \u0431\u0443\u043a\u0435\u0442 \u00ab\u0441 \u0438\u0437\u044e\u043c\u0438\u043d\u043a\u043e\u0439\u00bb. \u041d\u0435\u0436\u043d\u044b\u0435 \u0431\u0435\u043b\u044b\u0435 \u0440\u043e\u0437\u044b, \u0441\u0438\u043c\u0432\u043e\u043b \u043d\u0435\u0432\u0438\u043d\u043d\u043e\u0441\u0442\u0438 \u0438 \u0447\u0438\u0441\u0442\u043e\u0442\u044b, \u043e\u043a\u0440\u0443\u0436\u0430\u044e\u0442 \u043e\u0434\u043d\u0443, \u0432\u0435\u043b\u0438\u043a\u043e\u043b\u0435\u043f\u043d\u0443\u044e \u0438 \u044f\u0440\u043a\u0443\u044e \u043a\u0440\u0430\u0441\u043d\u0443\u044e \u0440\u043e\u0437\u0443. \u0414\u0432\u0430\u0434\u0446\u0430\u0442\u044c \u043f\u044f\u0442\u044c \u043f\u0440\u0435\u043a\u0440\u0430\u0441\u043d\u044b\u0445 \u0431\u0443\u0442\u043e\u043d\u043e\u0432 \u0441\u0438\u043c\u0432\u043e\u043b\u0438\u0437\u0438\u0440\u0443\u044e\u0442 \u043d\u0430\u0441\u0442\u043e\u044f\u0449\u0435\u0435 \u043f\u0440\u0438\u0437\u043d\u0430\u043d\u0438\u0435 \u0432 \u043b\u044e\u0431\u0432\u0438, \u0441\u0438\u043b\u044c\u043d\u043e\u0439 \u0438 \u043f\u044b\u043b\u043a\u043e\u0439. \u041a\u0440\u0430\u0441\u043d\u043e\u0440\u0435\u0447\u0438\u0432\u044b\u0435 \u0431\u0435\u043b\u044b\u0435 \u0440\u043e\u0437\u044b \u0438 \u043e\u0434\u043d\u0430 \u043a\u0440\u0430\u0441\u043d\u0430\u044f \u043d\u0435 \u043c\u043e\u0433\u0443\u0442 \u043e\u0431\u043c\u0430\u043d\u0443\u0442\u044c \u0432\u043b\u044e\u0431\u043b\u0435\u043d\u043d\u043e\u0435 \u0441\u0435\u0440\u0434\u0446\u0435. \u0422\u0430\u043a\u0438\u043c\u0438 \u0431\u0443\u043a\u0435\u0442\u0430\u043c\u0438 \u043c\u043e\u0436\u043d\u043e \u043f\u043e\u043a\u043e\u0440\u044f\u0442\u044c. \u041d\u0435 \u0437\u0440\u044f \u0438\u0445 \u0447\u0430\u0441\u0442\u043e \u0432\u044b\u0431\u0438\u0440\u0430\u044e\u0442, \u0438\u0434\u044f \u043d\u0430 \u0441\u0432\u0438\u0434\u0430\u043d\u0438\u0435, \u0434\u0435\u043b\u0430\u044f \u043f\u0440\u0435\u0434\u043b\u043e\u0436\u0435\u043d\u0438\u044f \u0440\u0443\u043a\u0438 \u0438 \u0441\u0435\u0440\u0434\u0446\u0430, \u0438\u0437\u0432\u0438\u043d\u044f\u044f\u0441\u044c \u0438\u043b\u0438 \u043f\u043e\u0437\u0434\u0440\u0430\u0432\u043b\u044f\u044f \u0441 \u0434\u043d\u0435\u043c \u0440\u043e\u0436\u0434\u0435\u043d\u0438\u044f \u043b\u044e\u0431\u0438\u043c\u044b\u0445. \u042d\u0442\u043e\u0442 \u0431\u0443\u043a\u0435\u0442 \u0441\u043e\u0437\u0434\u0430\u043d \u0434\u043b\u044f \u0432\u043b\u044e\u0431\u043b\u0435\u043d\u043d\u044b\u0445. [:en]White roses and one red - a bouquet \"with a twist\". Delicate white roses, a symbol of innocence and purity, surround one gorgeous and bright red rose. Twenty-five beautiful buds symbolize a real declaration of love, strong and ardent. Eloquent white roses and one red one cannot deceive a loving heart. You can conquer with such bouquets. It is not for nothing that they are often chosen when going on a date, making marriage proposals, apologizing or congratulating loved ones on their birthday. This bouquet is made for lovers.[:]","og_url":"https:\/\/bonfortuno.eu\/toode\/ainus\/","og_site_name":"Bonfortuno","article_modified_time":"2022-01-13T10:50:13+00:00","og_image":[{"width":400,"height":400,"url":"https:\/\/bonfortuno.eu\/wp-content\/uploads\/2021\/08\/49_0.jpg","type":"image\/jpeg"}],"twitter_card":"summary_large_image","twitter_misc":{"Est. reading time":"1 minute"},"schema":{"@context":"https:\/\/schema.org","@graph":[{"@type":"WebPage","@id":"https:\/\/bonfortuno.eu\/toode\/ainus\/","url":"https:\/\/bonfortuno.eu\/toode\/ainus\/","name":"[:et]\"Ainus\"[:ru]\" \u0415\u0434\u0438\u043d\u0441\u0442\u0432\u0435\u043d\u043d\u0430\u044f \"[:en]\"The only one\"[:] | Bonfortuno","isPartOf":{"@id":"https:\/\/bonfortuno.eu\/ru\/#website"},"primaryImageOfPage":{"@id":"https:\/\/bonfortuno.eu\/toode\/ainus\/#primaryimage"},"image":{"@id":"https:\/\/bonfortuno.eu\/toode\/ainus\/#primaryimage"},"thumbnailUrl":"https:\/\/bonfortuno.eu\/wp-content\/uploads\/2021\/08\/49_0.jpg","datePublished":"2021-08-14T14:08:53+00:00","dateModified":"2022-01-13T10:50:13+00:00","breadcrumb":{"@id":"https:\/\/bonfortuno.eu\/toode\/ainus\/#breadcrumb"},"inLanguage":"en-US","potentialAction":[{"@type":"ReadAction","target":["https:\/\/bonfortuno.eu\/toode\/ainus\/"]}]},{"@type":"ImageObject","inLanguage":"en-US","@id":"https:\/\/bonfortuno.eu\/toode\/ainus\/#primaryimage","url":"https:\/\/bonfortuno.eu\/wp-content\/uploads\/2021\/08\/49_0.jpg","contentUrl":"https:\/\/bonfortuno.eu\/wp-content\/uploads\/2021\/08\/49_0.jpg","width":400,"height":400},{"@type":"BreadcrumbList","@id":"https:\/\/bonfortuno.eu\/toode\/ainus\/#breadcrumb","itemListElement":[{"@type":"ListItem","position":1,"name":"\u0413\u043b\u0430\u0432\u043d\u0430\u044f \u0441\u0442\u0440\u0430\u043d\u0438\u0446\u0430","item":"https:\/\/bonfortuno.eu\/"},{"@type":"ListItem","position":2,"name":"\u041c\u0430\u0433\u0430\u0437\u0438\u043d","item":"https:\/\/bonfortuno.eu\/"},{"@type":"ListItem","position":3,"name":"&#8220;Ainus&#8221;"}]},{"@type":"WebSite","@id":"https:\/\/bonfortuno.eu\/ru\/#website","url":"https:\/\/bonfortuno.eu\/ru\/","name":"Bonfortuno","description":"The world of fresh flowers","potentialAction":[{"@type":"SearchAction","target":{"@type":"EntryPoint","urlTemplate":"https:\/\/bonfortuno.eu\/ru\/?s={search_term_string}"},"query-input":{"@type":"PropertyValueSpecification","valueRequired":true,"valueName":"search_term_string"}}],"inLanguage":"en-US"}]}},"_links":{"self":[{"href":"https:\/\/bonfortuno.eu\/en\/wp-json\/wp\/v2\/product\/3356","targetHints":{"allow":["GET"]}}],"collection":[{"href":"https:\/\/bonfortuno.eu\/en\/wp-json\/wp\/v2\/product"}],"about":[{"href":"https:\/\/bonfortuno.eu\/en\/wp-json\/wp\/v2\/types\/product"}],"wp:featuredmedia":[{"embeddable":true,"href":"https:\/\/bonfortuno.eu\/en\/wp-json\/wp\/v2\/media\/3277"}],"wp:attachment":[{"href":"https:\/\/bonfortuno.eu\/en\/wp-json\/wp\/v2\/media?parent=3356"}],"wp:term":[{"taxonomy":"product_brand","embeddable":true,"href":"https:\/\/bonfortuno.eu\/en\/wp-json\/wp\/v2\/product_brand?post=3356"},{"taxonomy":"product_cat","embeddable":true,"href":"https:\/\/bonfortuno.eu\/en\/wp-json\/wp\/v2\/product_cat?post=3356"},{"taxonomy":"product_tag","embeddable":true,"href":"https:\/\/bonfortuno.eu\/en\/wp-json\/wp\/v2\/product_tag?post=3356"}],"curies":[{"name":"wp","href":"https:\/\/api.w.org\/{rel}","templated":true}]}}