{"id":3358,"date":"2021-08-14T17:59:54","date_gmt":"2021-08-14T14:59:54","guid":{"rendered":"https:\/\/bonfortuno.eu\/?post_type=product&#038;p=3358"},"modified":"2026-03-05T09:38:24","modified_gmt":"2026-03-05T07:38:24","slug":"sudamlikud-onnitlused","status":"publish","type":"product","link":"https:\/\/bonfortuno.eu\/en\/toode\/sudamlikud-onnitlused\/","title":{"rendered":"&#8221;Heartfelt congratulations!&#8221;"},"content":{"rendered":"<p>A wonderful bouquet and the warmest, most tender words that come simply from the heart &#8211; will touch your recipient to the depths of the soul, no doubt!<\/p>\n<p>The colors and light of flowers may vary with the seasons.<\/p>","protected":false},"excerpt":{"rendered":"<p>A wonderful bouquet and the warmest, most tender words that come simply from the heart &#8211; will touch your recipient to the depths of the soul, no doubt!<\/p>\n<p>The colors and light of flowers may vary with the seasons.<\/p>\n","protected":false},"featured_media":3279,"template":"","meta":[],"product_brand":[],"product_cat":[76,30],"product_tag":[],"class_list":{"0":"post-3358","1":"product","2":"type-product","3":"status-publish","4":"has-post-thumbnail","6":"product_cat-koik-tooted","7":"product_cat-lillekimbud","9":"first","10":"instock","11":"shipping-taxable","12":"purchasable","13":"product-type-simple"},"yoast_head":"<!-- This site is optimized with the Yoast SEO plugin v27.3 - https:\/\/yoast.com\/product\/yoast-seo-wordpress\/ -->\n<title>&quot;Heartfelt congratulations!&quot; | Bonfortuno<\/title>\n<meta name=\"robots\" content=\"index, follow, max-snippet:-1, max-image-preview:large, max-video-preview:-1\" \/>\n<link rel=\"canonical\" href=\"https:\/\/bonfortuno.eu\/toode\/sudamlikud-onnitlused\/\" \/>\n<meta property=\"og:locale\" content=\"en_US\" \/>\n<meta property=\"og:type\" content=\"article\" \/>\n<meta property=\"og:title\" content=\"[:et]&quot;S\u00fcdamlikud \u00f5nnitlused!&quot;[:ru]&quot;\u0414\u0443\u0448\u0435\u0432\u043d\u043e\u0435 \u043f\u043e\u0437\u0434\u0440\u0430\u0432\u043b\u0435\u043d\u0438\u0435!&quot;[:en]&quot;Heartfelt congratulations!&quot;[:] | Bonfortuno\" \/>\n<meta property=\"og:description\" content=\"[:et]Imeline kimp ja k\u00f5ige soojemad, \u00f5rnamad s\u00f5nad, mis tulevad lihtsalt s\u00fcdamest - puudutavad kahtlemata teie vastuv\u00f5tjat hinge s\u00fcgavusteni!   Lillede v\u00e4rvus ja valgus v\u00f5ivad aastaaegade l\u00f5ikes erineda.[:ru]\u041f\u0440\u0435\u043a\u0440\u0430\u0441\u043d\u044b\u0439 \u0431\u0443\u043a\u0435\u0442 \u0438 \u0441\u0430\u043c\u044b\u0435 \u0442\u0435\u043f\u043b\u044b\u0435, \u043d\u0435\u0436\u043d\u044b\u0435 \u0441\u043b\u043e\u0432\u0430, \u043a\u043e\u0442\u043e\u0440\u044b\u0435 \u0438\u0434\u0443\u0442 \u043f\u0440\u043e\u0441\u0442\u043e \u043e\u0442 \u0434\u0443\u0448\u0438 - \u0442\u0440\u043e\u043d\u0443\u0442 \u0434\u043e \u0433\u043b\u0443\u0431\u0438\u043d\u044b \u0434\u0443\u0448\u0438 \u0412\u0430\u0448\u0435\u0433\u043e \u043f\u043e\u043b\u0443\u0447\u0430\u0442\u0435\u043b\u044f, \u043d\u0435\u0441\u043e\u043c\u043d\u0435\u043d\u043d\u043e!   \u0426\u0432\u0435\u0442\u044b \u0438 \u0446\u0432\u0435\u0442 \u0446\u0432\u0435\u0442\u043e\u0432 \u043c\u043e\u0433\u0443\u0442 \u043c\u0435\u043d\u044f\u0442\u044c\u0441\u044f[:en]A wonderful bouquet and the warmest, most tender words that come simply from the heart - will touch your recipient to the depths of the soul, no doubt!   The colors and light of flowers may vary with the seasons.[:]\" \/>\n<meta property=\"og:url\" content=\"https:\/\/bonfortuno.eu\/toode\/sudamlikud-onnitlused\/\" \/>\n<meta property=\"og:site_name\" content=\"Bonfortuno\" \/>\n<meta property=\"article:modified_time\" content=\"2026-03-05T07:38:24+00:00\" \/>\n<meta property=\"og:image\" content=\"https:\/\/bonfortuno.eu\/wp-content\/uploads\/2021\/08\/209.jpg\" \/>\n\t<meta property=\"og:image:width\" content=\"250\" \/>\n\t<meta property=\"og:image:height\" content=\"250\" \/>\n\t<meta property=\"og:image:type\" content=\"image\/jpeg\" \/>\n<meta name=\"twitter:card\" content=\"summary_large_image\" \/>\n<script type=\"application\/ld+json\" class=\"yoast-schema-graph\">{\"@context\":\"https:\\\/\\\/schema.org\",\"@graph\":[{\"@type\":\"WebPage\",\"@id\":\"https:\\\/\\\/bonfortuno.eu\\\/toode\\\/sudamlikud-onnitlused\\\/\",\"url\":\"https:\\\/\\\/bonfortuno.eu\\\/toode\\\/sudamlikud-onnitlused\\\/\",\"name\":\"[:et]\\\"S\u00fcdamlikud \u00f5nnitlused!\\\"[:ru]\\\"\u0414\u0443\u0448\u0435\u0432\u043d\u043e\u0435 \u043f\u043e\u0437\u0434\u0440\u0430\u0432\u043b\u0435\u043d\u0438\u0435!\\\"[:en]\\\"Heartfelt congratulations!\\\"[:] | Bonfortuno\",\"isPartOf\":{\"@id\":\"https:\\\/\\\/bonfortuno.eu\\\/ru\\\/#website\"},\"primaryImageOfPage\":{\"@id\":\"https:\\\/\\\/bonfortuno.eu\\\/toode\\\/sudamlikud-onnitlused\\\/#primaryimage\"},\"image\":{\"@id\":\"https:\\\/\\\/bonfortuno.eu\\\/toode\\\/sudamlikud-onnitlused\\\/#primaryimage\"},\"thumbnailUrl\":\"https:\\\/\\\/bonfortuno.eu\\\/wp-content\\\/uploads\\\/2021\\\/08\\\/209.jpg\",\"datePublished\":\"2021-08-14T14:59:54+00:00\",\"dateModified\":\"2026-03-05T07:38:24+00:00\",\"breadcrumb\":{\"@id\":\"https:\\\/\\\/bonfortuno.eu\\\/toode\\\/sudamlikud-onnitlused\\\/#breadcrumb\"},\"inLanguage\":\"en-US\",\"potentialAction\":[{\"@type\":\"ReadAction\",\"target\":[\"https:\\\/\\\/bonfortuno.eu\\\/toode\\\/sudamlikud-onnitlused\\\/\"]}]},{\"@type\":\"ImageObject\",\"inLanguage\":\"en-US\",\"@id\":\"https:\\\/\\\/bonfortuno.eu\\\/toode\\\/sudamlikud-onnitlused\\\/#primaryimage\",\"url\":\"https:\\\/\\\/bonfortuno.eu\\\/wp-content\\\/uploads\\\/2021\\\/08\\\/209.jpg\",\"contentUrl\":\"https:\\\/\\\/bonfortuno.eu\\\/wp-content\\\/uploads\\\/2021\\\/08\\\/209.jpg\",\"width\":250,\"height\":250},{\"@type\":\"BreadcrumbList\",\"@id\":\"https:\\\/\\\/bonfortuno.eu\\\/toode\\\/sudamlikud-onnitlused\\\/#breadcrumb\",\"itemListElement\":[{\"@type\":\"ListItem\",\"position\":1,\"name\":\"\u0413\u043b\u0430\u0432\u043d\u0430\u044f \u0441\u0442\u0440\u0430\u043d\u0438\u0446\u0430\",\"item\":\"https:\\\/\\\/bonfortuno.eu\\\/\"},{\"@type\":\"ListItem\",\"position\":2,\"name\":\"\u041c\u0430\u0433\u0430\u0437\u0438\u043d\",\"item\":\"https:\\\/\\\/bonfortuno.eu\\\/\"},{\"@type\":\"ListItem\",\"position\":3,\"name\":\"&#8220;S\u00fcdamlikud \u00f5nnitlused!&#8221;\"}]},{\"@type\":\"WebSite\",\"@id\":\"https:\\\/\\\/bonfortuno.eu\\\/ru\\\/#website\",\"url\":\"https:\\\/\\\/bonfortuno.eu\\\/ru\\\/\",\"name\":\"Bonfortuno\",\"description\":\"The world of fresh flowers\",\"potentialAction\":[{\"@type\":\"SearchAction\",\"target\":{\"@type\":\"EntryPoint\",\"urlTemplate\":\"https:\\\/\\\/bonfortuno.eu\\\/ru\\\/?s={search_term_string}\"},\"query-input\":{\"@type\":\"PropertyValueSpecification\",\"valueRequired\":true,\"valueName\":\"search_term_string\"}}],\"inLanguage\":\"en-US\"}]}<\/script>\n<!-- \/ Yoast SEO plugin. -->","yoast_head_json":{"title":"[:et]\"S\u00fcdamlikud \u00f5nnitlused!\"[:ru]\"\u0414\u0443\u0448\u0435\u0432\u043d\u043e\u0435 \u043f\u043e\u0437\u0434\u0440\u0430\u0432\u043b\u0435\u043d\u0438\u0435!\"[:en]\"Heartfelt congratulations!\"[:] | Bonfortuno","robots":{"index":"index","follow":"follow","max-snippet":"max-snippet:-1","max-image-preview":"max-image-preview:large","max-video-preview":"max-video-preview:-1"},"canonical":"https:\/\/bonfortuno.eu\/toode\/sudamlikud-onnitlused\/","og_locale":"en_US","og_type":"article","og_title":"[:et]\"S\u00fcdamlikud \u00f5nnitlused!\"[:ru]\"\u0414\u0443\u0448\u0435\u0432\u043d\u043e\u0435 \u043f\u043e\u0437\u0434\u0440\u0430\u0432\u043b\u0435\u043d\u0438\u0435!\"[:en]\"Heartfelt congratulations!\"[:] | Bonfortuno","og_description":"[:et]Imeline kimp ja k\u00f5ige soojemad, \u00f5rnamad s\u00f5nad, mis tulevad lihtsalt s\u00fcdamest - puudutavad kahtlemata teie vastuv\u00f5tjat hinge s\u00fcgavusteni!   Lillede v\u00e4rvus ja valgus v\u00f5ivad aastaaegade l\u00f5ikes erineda.[:ru]\u041f\u0440\u0435\u043a\u0440\u0430\u0441\u043d\u044b\u0439 \u0431\u0443\u043a\u0435\u0442 \u0438 \u0441\u0430\u043c\u044b\u0435 \u0442\u0435\u043f\u043b\u044b\u0435, \u043d\u0435\u0436\u043d\u044b\u0435 \u0441\u043b\u043e\u0432\u0430, \u043a\u043e\u0442\u043e\u0440\u044b\u0435 \u0438\u0434\u0443\u0442 \u043f\u0440\u043e\u0441\u0442\u043e \u043e\u0442 \u0434\u0443\u0448\u0438 - \u0442\u0440\u043e\u043d\u0443\u0442 \u0434\u043e \u0433\u043b\u0443\u0431\u0438\u043d\u044b \u0434\u0443\u0448\u0438 \u0412\u0430\u0448\u0435\u0433\u043e \u043f\u043e\u043b\u0443\u0447\u0430\u0442\u0435\u043b\u044f, \u043d\u0435\u0441\u043e\u043c\u043d\u0435\u043d\u043d\u043e!   \u0426\u0432\u0435\u0442\u044b \u0438 \u0446\u0432\u0435\u0442 \u0446\u0432\u0435\u0442\u043e\u0432 \u043c\u043e\u0433\u0443\u0442 \u043c\u0435\u043d\u044f\u0442\u044c\u0441\u044f[:en]A wonderful bouquet and the warmest, most tender words that come simply from the heart - will touch your recipient to the depths of the soul, no doubt!   The colors and light of flowers may vary with the seasons.[:]","og_url":"https:\/\/bonfortuno.eu\/toode\/sudamlikud-onnitlused\/","og_site_name":"Bonfortuno","article_modified_time":"2026-03-05T07:38:24+00:00","og_image":[{"width":250,"height":250,"url":"https:\/\/bonfortuno.eu\/wp-content\/uploads\/2021\/08\/209.jpg","type":"image\/jpeg"}],"twitter_card":"summary_large_image","schema":{"@context":"https:\/\/schema.org","@graph":[{"@type":"WebPage","@id":"https:\/\/bonfortuno.eu\/toode\/sudamlikud-onnitlused\/","url":"https:\/\/bonfortuno.eu\/toode\/sudamlikud-onnitlused\/","name":"[:et]\"S\u00fcdamlikud \u00f5nnitlused!\"[:ru]\"\u0414\u0443\u0448\u0435\u0432\u043d\u043e\u0435 \u043f\u043e\u0437\u0434\u0440\u0430\u0432\u043b\u0435\u043d\u0438\u0435!\"[:en]\"Heartfelt congratulations!\"[:] | Bonfortuno","isPartOf":{"@id":"https:\/\/bonfortuno.eu\/ru\/#website"},"primaryImageOfPage":{"@id":"https:\/\/bonfortuno.eu\/toode\/sudamlikud-onnitlused\/#primaryimage"},"image":{"@id":"https:\/\/bonfortuno.eu\/toode\/sudamlikud-onnitlused\/#primaryimage"},"thumbnailUrl":"https:\/\/bonfortuno.eu\/wp-content\/uploads\/2021\/08\/209.jpg","datePublished":"2021-08-14T14:59:54+00:00","dateModified":"2026-03-05T07:38:24+00:00","breadcrumb":{"@id":"https:\/\/bonfortuno.eu\/toode\/sudamlikud-onnitlused\/#breadcrumb"},"inLanguage":"en-US","potentialAction":[{"@type":"ReadAction","target":["https:\/\/bonfortuno.eu\/toode\/sudamlikud-onnitlused\/"]}]},{"@type":"ImageObject","inLanguage":"en-US","@id":"https:\/\/bonfortuno.eu\/toode\/sudamlikud-onnitlused\/#primaryimage","url":"https:\/\/bonfortuno.eu\/wp-content\/uploads\/2021\/08\/209.jpg","contentUrl":"https:\/\/bonfortuno.eu\/wp-content\/uploads\/2021\/08\/209.jpg","width":250,"height":250},{"@type":"BreadcrumbList","@id":"https:\/\/bonfortuno.eu\/toode\/sudamlikud-onnitlused\/#breadcrumb","itemListElement":[{"@type":"ListItem","position":1,"name":"\u0413\u043b\u0430\u0432\u043d\u0430\u044f \u0441\u0442\u0440\u0430\u043d\u0438\u0446\u0430","item":"https:\/\/bonfortuno.eu\/"},{"@type":"ListItem","position":2,"name":"\u041c\u0430\u0433\u0430\u0437\u0438\u043d","item":"https:\/\/bonfortuno.eu\/"},{"@type":"ListItem","position":3,"name":"&#8220;S\u00fcdamlikud \u00f5nnitlused!&#8221;"}]},{"@type":"WebSite","@id":"https:\/\/bonfortuno.eu\/ru\/#website","url":"https:\/\/bonfortuno.eu\/ru\/","name":"Bonfortuno","description":"The world of fresh flowers","potentialAction":[{"@type":"SearchAction","target":{"@type":"EntryPoint","urlTemplate":"https:\/\/bonfortuno.eu\/ru\/?s={search_term_string}"},"query-input":{"@type":"PropertyValueSpecification","valueRequired":true,"valueName":"search_term_string"}}],"inLanguage":"en-US"}]}},"_links":{"self":[{"href":"https:\/\/bonfortuno.eu\/en\/wp-json\/wp\/v2\/product\/3358","targetHints":{"allow":["GET"]}}],"collection":[{"href":"https:\/\/bonfortuno.eu\/en\/wp-json\/wp\/v2\/product"}],"about":[{"href":"https:\/\/bonfortuno.eu\/en\/wp-json\/wp\/v2\/types\/product"}],"wp:featuredmedia":[{"embeddable":true,"href":"https:\/\/bonfortuno.eu\/en\/wp-json\/wp\/v2\/media\/3279"}],"wp:attachment":[{"href":"https:\/\/bonfortuno.eu\/en\/wp-json\/wp\/v2\/media?parent=3358"}],"wp:term":[{"taxonomy":"product_brand","embeddable":true,"href":"https:\/\/bonfortuno.eu\/en\/wp-json\/wp\/v2\/product_brand?post=3358"},{"taxonomy":"product_cat","embeddable":true,"href":"https:\/\/bonfortuno.eu\/en\/wp-json\/wp\/v2\/product_cat?post=3358"},{"taxonomy":"product_tag","embeddable":true,"href":"https:\/\/bonfortuno.eu\/en\/wp-json\/wp\/v2\/product_tag?post=3358"}],"curies":[{"name":"wp","href":"https:\/\/api.w.org\/{rel}","templated":true}]}}