{"id":3362,"date":"2021-08-14T18:46:45","date_gmt":"2021-08-14T15:46:45","guid":{"rendered":"https:\/\/bonfortuno.eu\/?post_type=product&#038;p=3362"},"modified":"2022-01-13T12:46:09","modified_gmt":"2022-01-13T10:46:09","slug":"kimp-19-varvilisest-eustomast","status":"publish","type":"product","link":"https:\/\/bonfortuno.eu\/en\/toode\/kimp-19-varvilisest-eustomast\/","title":{"rendered":"&#8221;Bouquet of 19 colorful eustomas&#8221;"},"content":{"rendered":"<p>\u201cStylish bundle of lush eustomas in harmonious colors.<br \/>\nThe height of the bouquet with packaging is 70 cm. &#8221;<\/p>\n<p>The color of the flowers may vary<\/p>","protected":false},"excerpt":{"rendered":"<p>\u201cStylish bundle of lush eustomas in harmonious colors.<br \/>\nThe height of the bouquet with packaging is 70 cm. &#8221;<\/p>\n<p>The color of the flowers may vary<\/p>\n","protected":false},"featured_media":3283,"template":"","meta":[],"product_brand":[],"product_cat":[76,30],"product_tag":[],"class_list":{"0":"post-3362","1":"product","2":"type-product","3":"status-publish","4":"has-post-thumbnail","6":"product_cat-koik-tooted","7":"product_cat-lillekimbud","9":"first","10":"instock","11":"shipping-taxable","12":"purchasable","13":"product-type-simple"},"yoast_head":"<!-- This site is optimized with the Yoast SEO plugin v27.3 - https:\/\/yoast.com\/product\/yoast-seo-wordpress\/ -->\n<title>&quot;Bouquet of 19 colorful eustomas&quot; | Bonfortuno<\/title>\n<meta name=\"robots\" content=\"index, follow, max-snippet:-1, max-image-preview:large, max-video-preview:-1\" \/>\n<link rel=\"canonical\" href=\"https:\/\/bonfortuno.eu\/toode\/kimp-19-varvilisest-eustomast\/\" \/>\n<meta property=\"og:locale\" content=\"en_US\" \/>\n<meta property=\"og:type\" content=\"article\" \/>\n<meta property=\"og:title\" content=\"[:et]&quot;Kimp 19 v\u00e4rvilisest eustomast&quot;[:ru]&quot; \u0411\u0443\u043a\u0435\u0442 \u0438\u0437 19 \u0440\u0430\u0437\u043d\u043e\u0446\u0432\u0435\u0442\u043d\u044b\u0445 \u044d\u0443\u0441\u0442\u043e\u043c&quot;[:en]&quot;Bouquet of 19 colorful eustomas&quot;[:] | Bonfortuno\" \/>\n<meta property=\"og:description\" content=\"[:et]\u201eStiilne lopsakate eustomade komplekt harmoonilises v\u00e4rviskeemis. Kimp koos pakendiga on 70 cm. &quot;   Lillede v\u00e4rvus v\u00f5ib olla erinev[:ru]\u00ab\u0421\u0442\u0438\u043b\u044c\u043d\u044b\u0439 \u0441\u0432\u0435\u0440\u0442\u043e\u043a \u0438\u0437 \u043f\u044b\u0448\u043d\u044b\u0445 \u044d\u0443\u0441\u0442\u043e\u043c \u0432 \u0433\u0430\u0440\u043c\u043e\u043d\u0438\u0447\u043d\u043e\u0439 \u0446\u0432\u0435\u0442\u043e\u0432\u043e\u0439 \u0433\u0430\u043c\u043c\u0435.  \u0412\u044b\u0441\u043e\u0442\u0430 \u0431\u0443\u043a\u0435\u0442\u0430 \u0441 \u0443\u043f\u0430\u043a\u043e\u0432\u043a\u043e\u0439 \u0441\u043e\u0441\u0442\u0430\u0432\u043b\u044f\u0435\u0442 70 \u0441\u043c.\u00bb   \u0426\u0432\u0435\u0442 \u0446\u0432\u0435\u0442\u043e\u0432 \u043c\u043e\u0436\u0435\u0442 \u043c\u0435\u043d\u044f\u0442\u044c\u0441\u044f[:en]\u201cStylish bundle of lush eustomas in harmonious colors. The height of the bouquet with packaging is 70 cm. &quot;   The color of the flowers may vary[:]\" \/>\n<meta property=\"og:url\" content=\"https:\/\/bonfortuno.eu\/toode\/kimp-19-varvilisest-eustomast\/\" \/>\n<meta property=\"og:site_name\" content=\"Bonfortuno\" \/>\n<meta property=\"article:modified_time\" content=\"2022-01-13T10:46:09+00:00\" \/>\n<meta property=\"og:image\" content=\"https:\/\/bonfortuno.eu\/wp-content\/uploads\/2021\/08\/2365c059cc993c285c2bc4e22a857cda-666x666-1.jpg\" \/>\n\t<meta property=\"og:image:width\" content=\"666\" \/>\n\t<meta property=\"og:image:height\" content=\"666\" \/>\n\t<meta property=\"og:image:type\" content=\"image\/jpeg\" \/>\n<meta name=\"twitter:card\" content=\"summary_large_image\" \/>\n<script type=\"application\/ld+json\" class=\"yoast-schema-graph\">{\"@context\":\"https:\\\/\\\/schema.org\",\"@graph\":[{\"@type\":\"WebPage\",\"@id\":\"https:\\\/\\\/bonfortuno.eu\\\/toode\\\/kimp-19-varvilisest-eustomast\\\/\",\"url\":\"https:\\\/\\\/bonfortuno.eu\\\/toode\\\/kimp-19-varvilisest-eustomast\\\/\",\"name\":\"[:et]\\\"Kimp 19 v\u00e4rvilisest eustomast\\\"[:ru]\\\" \u0411\u0443\u043a\u0435\u0442 \u0438\u0437 19 \u0440\u0430\u0437\u043d\u043e\u0446\u0432\u0435\u0442\u043d\u044b\u0445 \u044d\u0443\u0441\u0442\u043e\u043c\\\"[:en]\\\"Bouquet of 19 colorful eustomas\\\"[:] | Bonfortuno\",\"isPartOf\":{\"@id\":\"https:\\\/\\\/bonfortuno.eu\\\/ru\\\/#website\"},\"primaryImageOfPage\":{\"@id\":\"https:\\\/\\\/bonfortuno.eu\\\/toode\\\/kimp-19-varvilisest-eustomast\\\/#primaryimage\"},\"image\":{\"@id\":\"https:\\\/\\\/bonfortuno.eu\\\/toode\\\/kimp-19-varvilisest-eustomast\\\/#primaryimage\"},\"thumbnailUrl\":\"https:\\\/\\\/bonfortuno.eu\\\/wp-content\\\/uploads\\\/2021\\\/08\\\/2365c059cc993c285c2bc4e22a857cda-666x666-1.jpg\",\"datePublished\":\"2021-08-14T15:46:45+00:00\",\"dateModified\":\"2022-01-13T10:46:09+00:00\",\"breadcrumb\":{\"@id\":\"https:\\\/\\\/bonfortuno.eu\\\/toode\\\/kimp-19-varvilisest-eustomast\\\/#breadcrumb\"},\"inLanguage\":\"en-US\",\"potentialAction\":[{\"@type\":\"ReadAction\",\"target\":[\"https:\\\/\\\/bonfortuno.eu\\\/toode\\\/kimp-19-varvilisest-eustomast\\\/\"]}]},{\"@type\":\"ImageObject\",\"inLanguage\":\"en-US\",\"@id\":\"https:\\\/\\\/bonfortuno.eu\\\/toode\\\/kimp-19-varvilisest-eustomast\\\/#primaryimage\",\"url\":\"https:\\\/\\\/bonfortuno.eu\\\/wp-content\\\/uploads\\\/2021\\\/08\\\/2365c059cc993c285c2bc4e22a857cda-666x666-1.jpg\",\"contentUrl\":\"https:\\\/\\\/bonfortuno.eu\\\/wp-content\\\/uploads\\\/2021\\\/08\\\/2365c059cc993c285c2bc4e22a857cda-666x666-1.jpg\",\"width\":666,\"height\":666},{\"@type\":\"BreadcrumbList\",\"@id\":\"https:\\\/\\\/bonfortuno.eu\\\/toode\\\/kimp-19-varvilisest-eustomast\\\/#breadcrumb\",\"itemListElement\":[{\"@type\":\"ListItem\",\"position\":1,\"name\":\"\u0413\u043b\u0430\u0432\u043d\u0430\u044f \u0441\u0442\u0440\u0430\u043d\u0438\u0446\u0430\",\"item\":\"https:\\\/\\\/bonfortuno.eu\\\/\"},{\"@type\":\"ListItem\",\"position\":2,\"name\":\"\u041c\u0430\u0433\u0430\u0437\u0438\u043d\",\"item\":\"https:\\\/\\\/bonfortuno.eu\\\/\"},{\"@type\":\"ListItem\",\"position\":3,\"name\":\"&#8220;Kimp 19 v\u00e4rvilisest eustomast&#8221;\"}]},{\"@type\":\"WebSite\",\"@id\":\"https:\\\/\\\/bonfortuno.eu\\\/ru\\\/#website\",\"url\":\"https:\\\/\\\/bonfortuno.eu\\\/ru\\\/\",\"name\":\"Bonfortuno\",\"description\":\"The world of fresh flowers\",\"potentialAction\":[{\"@type\":\"SearchAction\",\"target\":{\"@type\":\"EntryPoint\",\"urlTemplate\":\"https:\\\/\\\/bonfortuno.eu\\\/ru\\\/?s={search_term_string}\"},\"query-input\":{\"@type\":\"PropertyValueSpecification\",\"valueRequired\":true,\"valueName\":\"search_term_string\"}}],\"inLanguage\":\"en-US\"}]}<\/script>\n<!-- \/ Yoast SEO plugin. -->","yoast_head_json":{"title":"[:et]\"Kimp 19 v\u00e4rvilisest eustomast\"[:ru]\" \u0411\u0443\u043a\u0435\u0442 \u0438\u0437 19 \u0440\u0430\u0437\u043d\u043e\u0446\u0432\u0435\u0442\u043d\u044b\u0445 \u044d\u0443\u0441\u0442\u043e\u043c\"[:en]\"Bouquet of 19 colorful eustomas\"[:] | Bonfortuno","robots":{"index":"index","follow":"follow","max-snippet":"max-snippet:-1","max-image-preview":"max-image-preview:large","max-video-preview":"max-video-preview:-1"},"canonical":"https:\/\/bonfortuno.eu\/toode\/kimp-19-varvilisest-eustomast\/","og_locale":"en_US","og_type":"article","og_title":"[:et]\"Kimp 19 v\u00e4rvilisest eustomast\"[:ru]\" \u0411\u0443\u043a\u0435\u0442 \u0438\u0437 19 \u0440\u0430\u0437\u043d\u043e\u0446\u0432\u0435\u0442\u043d\u044b\u0445 \u044d\u0443\u0441\u0442\u043e\u043c\"[:en]\"Bouquet of 19 colorful eustomas\"[:] | Bonfortuno","og_description":"[:et]\u201eStiilne lopsakate eustomade komplekt harmoonilises v\u00e4rviskeemis. Kimp koos pakendiga on 70 cm. \"   Lillede v\u00e4rvus v\u00f5ib olla erinev[:ru]\u00ab\u0421\u0442\u0438\u043b\u044c\u043d\u044b\u0439 \u0441\u0432\u0435\u0440\u0442\u043e\u043a \u0438\u0437 \u043f\u044b\u0448\u043d\u044b\u0445 \u044d\u0443\u0441\u0442\u043e\u043c \u0432 \u0433\u0430\u0440\u043c\u043e\u043d\u0438\u0447\u043d\u043e\u0439 \u0446\u0432\u0435\u0442\u043e\u0432\u043e\u0439 \u0433\u0430\u043c\u043c\u0435.  \u0412\u044b\u0441\u043e\u0442\u0430 \u0431\u0443\u043a\u0435\u0442\u0430 \u0441 \u0443\u043f\u0430\u043a\u043e\u0432\u043a\u043e\u0439 \u0441\u043e\u0441\u0442\u0430\u0432\u043b\u044f\u0435\u0442 70 \u0441\u043c.\u00bb   \u0426\u0432\u0435\u0442 \u0446\u0432\u0435\u0442\u043e\u0432 \u043c\u043e\u0436\u0435\u0442 \u043c\u0435\u043d\u044f\u0442\u044c\u0441\u044f[:en]\u201cStylish bundle of lush eustomas in harmonious colors. The height of the bouquet with packaging is 70 cm. \"   The color of the flowers may vary[:]","og_url":"https:\/\/bonfortuno.eu\/toode\/kimp-19-varvilisest-eustomast\/","og_site_name":"Bonfortuno","article_modified_time":"2022-01-13T10:46:09+00:00","og_image":[{"width":666,"height":666,"url":"https:\/\/bonfortuno.eu\/wp-content\/uploads\/2021\/08\/2365c059cc993c285c2bc4e22a857cda-666x666-1.jpg","type":"image\/jpeg"}],"twitter_card":"summary_large_image","schema":{"@context":"https:\/\/schema.org","@graph":[{"@type":"WebPage","@id":"https:\/\/bonfortuno.eu\/toode\/kimp-19-varvilisest-eustomast\/","url":"https:\/\/bonfortuno.eu\/toode\/kimp-19-varvilisest-eustomast\/","name":"[:et]\"Kimp 19 v\u00e4rvilisest eustomast\"[:ru]\" \u0411\u0443\u043a\u0435\u0442 \u0438\u0437 19 \u0440\u0430\u0437\u043d\u043e\u0446\u0432\u0435\u0442\u043d\u044b\u0445 \u044d\u0443\u0441\u0442\u043e\u043c\"[:en]\"Bouquet of 19 colorful eustomas\"[:] | Bonfortuno","isPartOf":{"@id":"https:\/\/bonfortuno.eu\/ru\/#website"},"primaryImageOfPage":{"@id":"https:\/\/bonfortuno.eu\/toode\/kimp-19-varvilisest-eustomast\/#primaryimage"},"image":{"@id":"https:\/\/bonfortuno.eu\/toode\/kimp-19-varvilisest-eustomast\/#primaryimage"},"thumbnailUrl":"https:\/\/bonfortuno.eu\/wp-content\/uploads\/2021\/08\/2365c059cc993c285c2bc4e22a857cda-666x666-1.jpg","datePublished":"2021-08-14T15:46:45+00:00","dateModified":"2022-01-13T10:46:09+00:00","breadcrumb":{"@id":"https:\/\/bonfortuno.eu\/toode\/kimp-19-varvilisest-eustomast\/#breadcrumb"},"inLanguage":"en-US","potentialAction":[{"@type":"ReadAction","target":["https:\/\/bonfortuno.eu\/toode\/kimp-19-varvilisest-eustomast\/"]}]},{"@type":"ImageObject","inLanguage":"en-US","@id":"https:\/\/bonfortuno.eu\/toode\/kimp-19-varvilisest-eustomast\/#primaryimage","url":"https:\/\/bonfortuno.eu\/wp-content\/uploads\/2021\/08\/2365c059cc993c285c2bc4e22a857cda-666x666-1.jpg","contentUrl":"https:\/\/bonfortuno.eu\/wp-content\/uploads\/2021\/08\/2365c059cc993c285c2bc4e22a857cda-666x666-1.jpg","width":666,"height":666},{"@type":"BreadcrumbList","@id":"https:\/\/bonfortuno.eu\/toode\/kimp-19-varvilisest-eustomast\/#breadcrumb","itemListElement":[{"@type":"ListItem","position":1,"name":"\u0413\u043b\u0430\u0432\u043d\u0430\u044f \u0441\u0442\u0440\u0430\u043d\u0438\u0446\u0430","item":"https:\/\/bonfortuno.eu\/"},{"@type":"ListItem","position":2,"name":"\u041c\u0430\u0433\u0430\u0437\u0438\u043d","item":"https:\/\/bonfortuno.eu\/"},{"@type":"ListItem","position":3,"name":"&#8220;Kimp 19 v\u00e4rvilisest eustomast&#8221;"}]},{"@type":"WebSite","@id":"https:\/\/bonfortuno.eu\/ru\/#website","url":"https:\/\/bonfortuno.eu\/ru\/","name":"Bonfortuno","description":"The world of fresh flowers","potentialAction":[{"@type":"SearchAction","target":{"@type":"EntryPoint","urlTemplate":"https:\/\/bonfortuno.eu\/ru\/?s={search_term_string}"},"query-input":{"@type":"PropertyValueSpecification","valueRequired":true,"valueName":"search_term_string"}}],"inLanguage":"en-US"}]}},"_links":{"self":[{"href":"https:\/\/bonfortuno.eu\/en\/wp-json\/wp\/v2\/product\/3362","targetHints":{"allow":["GET"]}}],"collection":[{"href":"https:\/\/bonfortuno.eu\/en\/wp-json\/wp\/v2\/product"}],"about":[{"href":"https:\/\/bonfortuno.eu\/en\/wp-json\/wp\/v2\/types\/product"}],"wp:featuredmedia":[{"embeddable":true,"href":"https:\/\/bonfortuno.eu\/en\/wp-json\/wp\/v2\/media\/3283"}],"wp:attachment":[{"href":"https:\/\/bonfortuno.eu\/en\/wp-json\/wp\/v2\/media?parent=3362"}],"wp:term":[{"taxonomy":"product_brand","embeddable":true,"href":"https:\/\/bonfortuno.eu\/en\/wp-json\/wp\/v2\/product_brand?post=3362"},{"taxonomy":"product_cat","embeddable":true,"href":"https:\/\/bonfortuno.eu\/en\/wp-json\/wp\/v2\/product_cat?post=3362"},{"taxonomy":"product_tag","embeddable":true,"href":"https:\/\/bonfortuno.eu\/en\/wp-json\/wp\/v2\/product_tag?post=3362"}],"curies":[{"name":"wp","href":"https:\/\/api.w.org\/{rel}","templated":true}]}}