{"id":3367,"date":"2021-08-14T19:15:05","date_gmt":"2021-08-14T16:15:05","guid":{"rendered":"https:\/\/bonfortuno.eu\/?post_type=product&#038;p=3367"},"modified":"2022-01-21T18:23:53","modified_gmt":"2022-01-21T16:23:53","slug":"roos","status":"publish","type":"product","link":"https:\/\/bonfortuno.eu\/en\/toode\/roos\/","title":{"rendered":"&#8221; The Rose &#8220;"},"content":{"rendered":"<p>A rose in its original packaging can be a pleasant surprise for the recipient.<\/p>\n<p>You can choose any rose color: red, white, pink, yellow.<\/p>","protected":false},"excerpt":{"rendered":"<p>A rose in its original packaging can be a pleasant surprise for the recipient.<\/p>\n<p>You can choose any rose color: red, white, pink, yellow.<\/p>\n","protected":false},"featured_media":3285,"template":"","meta":[],"product_brand":[],"product_cat":[76,30,32],"product_tag":[],"class_list":{"0":"post-3367","1":"product","2":"type-product","3":"status-publish","4":"has-post-thumbnail","6":"product_cat-koik-tooted","7":"product_cat-lillekimbud","8":"product_cat-roosid","10":"first","11":"instock","12":"shipping-taxable","13":"purchasable","14":"product-type-simple"},"yoast_head":"<!-- This site is optimized with the Yoast SEO plugin v27.4 - https:\/\/yoast.com\/product\/yoast-seo-wordpress\/ -->\n<title>&quot; The Rose &quot; | Bonfortuno<\/title>\n<meta name=\"robots\" content=\"index, follow, max-snippet:-1, max-image-preview:large, max-video-preview:-1\" \/>\n<link rel=\"canonical\" href=\"https:\/\/bonfortuno.eu\/toode\/roos\/\" \/>\n<meta property=\"og:locale\" content=\"en_US\" \/>\n<meta property=\"og:type\" content=\"article\" \/>\n<meta property=\"og:title\" content=\"[:et]&quot; Roos &quot;[:ru]&quot; \u0420\u043e\u0437\u0430 &quot;[:en]&quot; The Rose &quot;[:] | Bonfortuno\" \/>\n<meta property=\"og:description\" content=\"[:et]Roos originaalpakendis v\u00f5ib kingisaajale olla meeldiv \u00fcllatus.  Saate valida mis tahes roosi v\u00e4rvi: punane, valge, roosa, kollane.[:ru]\u0420\u043e\u0437\u0430 \u0432 \u043e\u0440\u0438\u0433\u0438\u043d\u0430\u043b\u044c\u043d\u043e\u0439 \u0443\u043f\u0430\u043a\u043e\u0432\u043a\u0435 , \u043c\u043e\u0436\u0435\u0442 \u0441\u0442\u0430\u0442\u044c \u043f\u0440\u0438\u044f\u0442\u043d\u043e\u0439 \u043d\u0435\u043e\u0436\u0438\u0434\u0430\u043d\u043d\u043e\u0441\u0442\u044c\u044e \u0434\u043b\u044f \u043f\u043e\u043b\u0443\u0447\u0430\u0442\u0435\u043b\u044f.  \u041c\u043e\u0436\u0435\u0442\u0435 \u0432\u044b\u0431\u0440\u0430\u0442\u044c \u043b\u044e\u0431\u043e\u0439 \u0446\u0432\u0435\u0442 \u0440\u043e\u0437\u044b : \u043a\u0440\u0430\u0441\u043d\u0430\u044f, \u0431\u0435\u043b\u0430\u044f, \u0440\u043e\u0437\u043e\u0432\u0430\u044f, \u0436\u0435\u043b\u0442\u0430\u044f .[:en]A rose in its original packaging can be a pleasant surprise for the recipient.  You can choose any rose color: red, white, pink, yellow.[:]\" \/>\n<meta property=\"og:url\" content=\"https:\/\/bonfortuno.eu\/toode\/roos\/\" \/>\n<meta property=\"og:site_name\" content=\"Bonfortuno\" \/>\n<meta property=\"article:modified_time\" content=\"2022-01-21T16:23:53+00:00\" \/>\n<meta property=\"og:image\" content=\"https:\/\/bonfortuno.eu\/wp-content\/uploads\/2021\/08\/\u0423\u043f\u0430\u043a\u043e\u0432\u043a\u0430-\u043f\u043e\u0434-\u0446\u0432\u0435\u0442\u044b-\u041a-188-\u0443\u043f..jpg\" \/>\n\t<meta property=\"og:image:width\" content=\"600\" \/>\n\t<meta property=\"og:image:height\" content=\"600\" \/>\n\t<meta property=\"og:image:type\" content=\"image\/jpeg\" \/>\n<meta name=\"twitter:card\" content=\"summary_large_image\" \/>\n<script type=\"application\/ld+json\" class=\"yoast-schema-graph\">{\"@context\":\"https:\\\/\\\/schema.org\",\"@graph\":[{\"@type\":\"WebPage\",\"@id\":\"https:\\\/\\\/bonfortuno.eu\\\/toode\\\/roos\\\/\",\"url\":\"https:\\\/\\\/bonfortuno.eu\\\/toode\\\/roos\\\/\",\"name\":\"[:et]\\\" Roos \\\"[:ru]\\\" \u0420\u043e\u0437\u0430 \\\"[:en]\\\" The Rose \\\"[:] | Bonfortuno\",\"isPartOf\":{\"@id\":\"https:\\\/\\\/bonfortuno.eu\\\/ru\\\/#website\"},\"primaryImageOfPage\":{\"@id\":\"https:\\\/\\\/bonfortuno.eu\\\/toode\\\/roos\\\/#primaryimage\"},\"image\":{\"@id\":\"https:\\\/\\\/bonfortuno.eu\\\/toode\\\/roos\\\/#primaryimage\"},\"thumbnailUrl\":\"https:\\\/\\\/bonfortuno.eu\\\/wp-content\\\/uploads\\\/2021\\\/08\\\/\u0423\u043f\u0430\u043a\u043e\u0432\u043a\u0430-\u043f\u043e\u0434-\u0446\u0432\u0435\u0442\u044b-\u041a-188-\u0443\u043f..jpg\",\"datePublished\":\"2021-08-14T16:15:05+00:00\",\"dateModified\":\"2022-01-21T16:23:53+00:00\",\"breadcrumb\":{\"@id\":\"https:\\\/\\\/bonfortuno.eu\\\/toode\\\/roos\\\/#breadcrumb\"},\"inLanguage\":\"en-US\",\"potentialAction\":[{\"@type\":\"ReadAction\",\"target\":[\"https:\\\/\\\/bonfortuno.eu\\\/toode\\\/roos\\\/\"]}]},{\"@type\":\"ImageObject\",\"inLanguage\":\"en-US\",\"@id\":\"https:\\\/\\\/bonfortuno.eu\\\/toode\\\/roos\\\/#primaryimage\",\"url\":\"https:\\\/\\\/bonfortuno.eu\\\/wp-content\\\/uploads\\\/2021\\\/08\\\/\u0423\u043f\u0430\u043a\u043e\u0432\u043a\u0430-\u043f\u043e\u0434-\u0446\u0432\u0435\u0442\u044b-\u041a-188-\u0443\u043f..jpg\",\"contentUrl\":\"https:\\\/\\\/bonfortuno.eu\\\/wp-content\\\/uploads\\\/2021\\\/08\\\/\u0423\u043f\u0430\u043a\u043e\u0432\u043a\u0430-\u043f\u043e\u0434-\u0446\u0432\u0435\u0442\u044b-\u041a-188-\u0443\u043f..jpg\",\"width\":600,\"height\":600},{\"@type\":\"BreadcrumbList\",\"@id\":\"https:\\\/\\\/bonfortuno.eu\\\/toode\\\/roos\\\/#breadcrumb\",\"itemListElement\":[{\"@type\":\"ListItem\",\"position\":1,\"name\":\"\u0413\u043b\u0430\u0432\u043d\u0430\u044f \u0441\u0442\u0440\u0430\u043d\u0438\u0446\u0430\",\"item\":\"https:\\\/\\\/bonfortuno.eu\\\/\"},{\"@type\":\"ListItem\",\"position\":2,\"name\":\"\u041c\u0430\u0433\u0430\u0437\u0438\u043d\",\"item\":\"https:\\\/\\\/bonfortuno.eu\\\/\"},{\"@type\":\"ListItem\",\"position\":3,\"name\":\"&#8221; Roos &#8220;\"}]},{\"@type\":\"WebSite\",\"@id\":\"https:\\\/\\\/bonfortuno.eu\\\/ru\\\/#website\",\"url\":\"https:\\\/\\\/bonfortuno.eu\\\/ru\\\/\",\"name\":\"Bonfortuno\",\"description\":\"The world of fresh flowers\",\"potentialAction\":[{\"@type\":\"SearchAction\",\"target\":{\"@type\":\"EntryPoint\",\"urlTemplate\":\"https:\\\/\\\/bonfortuno.eu\\\/ru\\\/?s={search_term_string}\"},\"query-input\":{\"@type\":\"PropertyValueSpecification\",\"valueRequired\":true,\"valueName\":\"search_term_string\"}}],\"inLanguage\":\"en-US\"}]}<\/script>\n<!-- \/ Yoast SEO plugin. -->","yoast_head_json":{"title":"[:et]\" Roos \"[:ru]\" \u0420\u043e\u0437\u0430 \"[:en]\" The Rose \"[:] | Bonfortuno","robots":{"index":"index","follow":"follow","max-snippet":"max-snippet:-1","max-image-preview":"max-image-preview:large","max-video-preview":"max-video-preview:-1"},"canonical":"https:\/\/bonfortuno.eu\/toode\/roos\/","og_locale":"en_US","og_type":"article","og_title":"[:et]\" Roos \"[:ru]\" \u0420\u043e\u0437\u0430 \"[:en]\" The Rose \"[:] | Bonfortuno","og_description":"[:et]Roos originaalpakendis v\u00f5ib kingisaajale olla meeldiv \u00fcllatus.  Saate valida mis tahes roosi v\u00e4rvi: punane, valge, roosa, kollane.[:ru]\u0420\u043e\u0437\u0430 \u0432 \u043e\u0440\u0438\u0433\u0438\u043d\u0430\u043b\u044c\u043d\u043e\u0439 \u0443\u043f\u0430\u043a\u043e\u0432\u043a\u0435 , \u043c\u043e\u0436\u0435\u0442 \u0441\u0442\u0430\u0442\u044c \u043f\u0440\u0438\u044f\u0442\u043d\u043e\u0439 \u043d\u0435\u043e\u0436\u0438\u0434\u0430\u043d\u043d\u043e\u0441\u0442\u044c\u044e \u0434\u043b\u044f \u043f\u043e\u043b\u0443\u0447\u0430\u0442\u0435\u043b\u044f.  \u041c\u043e\u0436\u0435\u0442\u0435 \u0432\u044b\u0431\u0440\u0430\u0442\u044c \u043b\u044e\u0431\u043e\u0439 \u0446\u0432\u0435\u0442 \u0440\u043e\u0437\u044b : \u043a\u0440\u0430\u0441\u043d\u0430\u044f, \u0431\u0435\u043b\u0430\u044f, \u0440\u043e\u0437\u043e\u0432\u0430\u044f, \u0436\u0435\u043b\u0442\u0430\u044f .[:en]A rose in its original packaging can be a pleasant surprise for the recipient.  You can choose any rose color: red, white, pink, yellow.[:]","og_url":"https:\/\/bonfortuno.eu\/toode\/roos\/","og_site_name":"Bonfortuno","article_modified_time":"2022-01-21T16:23:53+00:00","og_image":[{"width":600,"height":600,"url":"https:\/\/bonfortuno.eu\/wp-content\/uploads\/2021\/08\/\u0423\u043f\u0430\u043a\u043e\u0432\u043a\u0430-\u043f\u043e\u0434-\u0446\u0432\u0435\u0442\u044b-\u041a-188-\u0443\u043f..jpg","type":"image\/jpeg"}],"twitter_card":"summary_large_image","schema":{"@context":"https:\/\/schema.org","@graph":[{"@type":"WebPage","@id":"https:\/\/bonfortuno.eu\/toode\/roos\/","url":"https:\/\/bonfortuno.eu\/toode\/roos\/","name":"[:et]\" Roos \"[:ru]\" \u0420\u043e\u0437\u0430 \"[:en]\" The Rose \"[:] | Bonfortuno","isPartOf":{"@id":"https:\/\/bonfortuno.eu\/ru\/#website"},"primaryImageOfPage":{"@id":"https:\/\/bonfortuno.eu\/toode\/roos\/#primaryimage"},"image":{"@id":"https:\/\/bonfortuno.eu\/toode\/roos\/#primaryimage"},"thumbnailUrl":"https:\/\/bonfortuno.eu\/wp-content\/uploads\/2021\/08\/\u0423\u043f\u0430\u043a\u043e\u0432\u043a\u0430-\u043f\u043e\u0434-\u0446\u0432\u0435\u0442\u044b-\u041a-188-\u0443\u043f..jpg","datePublished":"2021-08-14T16:15:05+00:00","dateModified":"2022-01-21T16:23:53+00:00","breadcrumb":{"@id":"https:\/\/bonfortuno.eu\/toode\/roos\/#breadcrumb"},"inLanguage":"en-US","potentialAction":[{"@type":"ReadAction","target":["https:\/\/bonfortuno.eu\/toode\/roos\/"]}]},{"@type":"ImageObject","inLanguage":"en-US","@id":"https:\/\/bonfortuno.eu\/toode\/roos\/#primaryimage","url":"https:\/\/bonfortuno.eu\/wp-content\/uploads\/2021\/08\/\u0423\u043f\u0430\u043a\u043e\u0432\u043a\u0430-\u043f\u043e\u0434-\u0446\u0432\u0435\u0442\u044b-\u041a-188-\u0443\u043f..jpg","contentUrl":"https:\/\/bonfortuno.eu\/wp-content\/uploads\/2021\/08\/\u0423\u043f\u0430\u043a\u043e\u0432\u043a\u0430-\u043f\u043e\u0434-\u0446\u0432\u0435\u0442\u044b-\u041a-188-\u0443\u043f..jpg","width":600,"height":600},{"@type":"BreadcrumbList","@id":"https:\/\/bonfortuno.eu\/toode\/roos\/#breadcrumb","itemListElement":[{"@type":"ListItem","position":1,"name":"\u0413\u043b\u0430\u0432\u043d\u0430\u044f \u0441\u0442\u0440\u0430\u043d\u0438\u0446\u0430","item":"https:\/\/bonfortuno.eu\/"},{"@type":"ListItem","position":2,"name":"\u041c\u0430\u0433\u0430\u0437\u0438\u043d","item":"https:\/\/bonfortuno.eu\/"},{"@type":"ListItem","position":3,"name":"&#8221; Roos &#8220;"}]},{"@type":"WebSite","@id":"https:\/\/bonfortuno.eu\/ru\/#website","url":"https:\/\/bonfortuno.eu\/ru\/","name":"Bonfortuno","description":"The world of fresh flowers","potentialAction":[{"@type":"SearchAction","target":{"@type":"EntryPoint","urlTemplate":"https:\/\/bonfortuno.eu\/ru\/?s={search_term_string}"},"query-input":{"@type":"PropertyValueSpecification","valueRequired":true,"valueName":"search_term_string"}}],"inLanguage":"en-US"}]}},"_links":{"self":[{"href":"https:\/\/bonfortuno.eu\/en\/wp-json\/wp\/v2\/product\/3367","targetHints":{"allow":["GET"]}}],"collection":[{"href":"https:\/\/bonfortuno.eu\/en\/wp-json\/wp\/v2\/product"}],"about":[{"href":"https:\/\/bonfortuno.eu\/en\/wp-json\/wp\/v2\/types\/product"}],"wp:featuredmedia":[{"embeddable":true,"href":"https:\/\/bonfortuno.eu\/en\/wp-json\/wp\/v2\/media\/3285"}],"wp:attachment":[{"href":"https:\/\/bonfortuno.eu\/en\/wp-json\/wp\/v2\/media?parent=3367"}],"wp:term":[{"taxonomy":"product_brand","embeddable":true,"href":"https:\/\/bonfortuno.eu\/en\/wp-json\/wp\/v2\/product_brand?post=3367"},{"taxonomy":"product_cat","embeddable":true,"href":"https:\/\/bonfortuno.eu\/en\/wp-json\/wp\/v2\/product_cat?post=3367"},{"taxonomy":"product_tag","embeddable":true,"href":"https:\/\/bonfortuno.eu\/en\/wp-json\/wp\/v2\/product_tag?post=3367"}],"curies":[{"name":"wp","href":"https:\/\/api.w.org\/{rel}","templated":true}]}}