{"id":3371,"date":"2021-08-16T18:15:29","date_gmt":"2021-08-16T15:15:29","guid":{"rendered":"https:\/\/bonfortuno.eu\/?post_type=product&#038;p=3371"},"modified":"2021-08-16T18:15:29","modified_gmt":"2021-08-16T15:15:29","slug":"kimp-armastatule","status":"publish","type":"product","link":"https:\/\/bonfortuno.eu\/en\/toode\/kimp-armastatule\/","title":{"rendered":"&#8221;Bouquet for the beloved&#8221;"},"content":{"rendered":"<p>A bouquet for a loved one is a lyrical composition specially designed for lovely ladies. The bright colors of the ensemble are rich pink roses. Order this wonderful bouquet for your beloved. It can be presented on Valentine&#8217;s Day, New Year&#8217;s or Birthday. Beloved will definitely appreciate this unearthly beauty. No celebration should be complete without beautiful flowers, and if they are intended for a beloved woman, even more so.<\/p>","protected":false},"excerpt":{"rendered":"<p>A bouquet for a loved one is a lyrical composition specially designed for lovely ladies. The bright colors of the ensemble are rich pink roses. Order this wonderful bouquet for your beloved. It can be presented on Valentine&#8217;s Day, New Year&#8217;s or Birthday. Beloved will definitely appreciate this unearthly beauty. No celebration should be complete without beautiful flowers, and if they are intended for a beloved woman, even more so.<\/p>\n","protected":false},"featured_media":3288,"template":"","meta":[],"product_brand":[],"product_cat":[76,30],"product_tag":[],"class_list":{"0":"post-3371","1":"product","2":"type-product","3":"status-publish","4":"has-post-thumbnail","6":"product_cat-koik-tooted","7":"product_cat-lillekimbud","9":"first","10":"instock","11":"shipping-taxable","12":"purchasable","13":"product-type-simple"},"yoast_head":"<!-- This site is optimized with the Yoast SEO plugin v27.3 - https:\/\/yoast.com\/product\/yoast-seo-wordpress\/ -->\n<title>&quot;Bouquet for the beloved&quot; | Bonfortuno<\/title>\n<meta name=\"robots\" content=\"index, follow, max-snippet:-1, max-image-preview:large, max-video-preview:-1\" \/>\n<link rel=\"canonical\" href=\"https:\/\/bonfortuno.eu\/toode\/kimp-armastatule\/\" \/>\n<meta property=\"og:locale\" content=\"en_US\" \/>\n<meta property=\"og:type\" content=\"article\" \/>\n<meta property=\"og:title\" content=\"[:et]&quot;Kimp armastatule&quot;[:ru]&quot; \u0411\u0443\u043a\u0435\u0442 \u0434\u043b\u044f \u043b\u044e\u0431\u0438\u043c\u043e\u0439 &quot;[:en]&quot;Bouquet for the beloved&quot;[:] | Bonfortuno\" \/>\n<meta property=\"og:description\" content=\"[:et]Kimp kallimale on spetsiaalselt armsatele daamidele m\u00f5eldud l\u00fc\u00fcriline kompositsioon. Ansambli erksad v\u00e4rvid on rikkalikud roosad roosid. Telli see imeline kimp oma kallimale. Seda saab esitada s\u00f5brap\u00e4eval, uusaastal v\u00f5i s\u00fcnnip\u00e4eval. Armastatud hindab seda ebamaist ilu kindlasti. \u00dckski pidu ei tohiks olla t\u00e4ielik ilma ilusate lilledeta ja kui need on m\u00f5eldud armastatud naisele, siis veelgi enam.[:ru]\u0411\u0443\u043a\u0435\u0442 \u0434\u043b\u044f \u043b\u044e\u0431\u0438\u043c\u043e\u0439 \u2013 \u044d\u0442\u043e \u043b\u0438\u0440\u0438\u0447\u0435\u0441\u043a\u0430\u044f \u043a\u043e\u043c\u043f\u043e\u0437\u0438\u0446\u0438\u044f, \u043e\u0444\u043e\u0440\u043c\u043b\u0435\u043d\u043d\u0430\u044f \u0441\u043f\u0435\u0446\u0438\u0430\u043b\u044c\u043d\u043e \u0434\u043b\u044f \u043c\u0438\u043b\u044b\u0445 \u0434\u0430\u043c. \u042f\u0440\u043a\u0438\u0435 \u043a\u0440\u0430\u0441\u043a\u0438 \u0430\u043d\u0441\u0430\u043c\u0431\u043b\u044f \u2013 \u043d\u0430\u0441\u044b\u0449\u0435\u043d\u043d\u044b\u0435 \u0440\u043e\u0437\u043e\u0432\u044b\u0435 \u0440\u043e\u0437\u044b. \u0417\u0430\u043a\u0430\u0436\u0438\u0442\u0435 \u044d\u0442\u043e\u0442 \u0434\u0438\u0432\u043d\u044b\u0439 \u0431\u0443\u043a\u0435\u0442 \u0434\u043b\u044f \u043b\u044e\u0431\u0438\u043c\u043e\u0439. \u0415\u0433\u043e \u043c\u043e\u0436\u043d\u043e \u0432\u0440\u0443\u0447\u0438\u0442\u044c \u0432 \u0434\u0435\u043d\u044c \u0432\u0441\u0435\u0445 \u0432\u043b\u044e\u0431\u043b\u0435\u043d\u043d\u044b\u0445, \u043d\u0430 \u041d\u043e\u0432\u044b\u0439 \u0413\u043e\u0434 \u0438\u043b\u0438 \u0432 \u0414\u0435\u043d\u044c \u0440\u043e\u0436\u0434\u0435\u043d\u0438\u044f. \u041b\u044e\u0431\u0438\u043c\u0430\u044f \u043e\u0431\u044f\u0437\u0430\u0442\u0435\u043b\u044c\u043d\u043e \u043e\u0446\u0435\u043d\u0438\u0442 \u044d\u0442\u0443 \u043d\u0435\u0437\u0435\u043c\u043d\u0443\u044e \u043a\u0440\u0430\u0441\u043e\u0442\u0443. \u041d\u0438 \u043e\u0434\u043d\u043e \u0442\u043e\u0440\u0436\u0435\u0441\u0442\u0432\u043e \u043d\u0435 \u0434\u043e\u043b\u0436\u043d\u043e \u043e\u0431\u0445\u043e\u0434\u0438\u0442\u0441\u044f \u0431\u0435\u0437 \u043a\u0440\u0430\u0441\u0438\u0432\u044b\u0445 \u0446\u0432\u0435\u0442\u043e\u0432, \u0430 \u0435\u0441\u043b\u0438 \u043e\u043d\u0438 \u043f\u0440\u0435\u0434\u043d\u0430\u0437\u043d\u0430\u0447\u0430\u044e\u0442\u0441\u044f \u043b\u044e\u0431\u0438\u043c\u043e\u0439 \u0436\u0435\u043d\u0449\u0438\u043d\u0435 \u2013 \u0442\u0435\u043c \u0431\u043e\u043b\u0435\u0435.    [:en]A bouquet for a loved one is a lyrical composition specially designed for lovely ladies. The bright colors of the ensemble are rich pink roses. Order this wonderful bouquet for your beloved. It can be presented on Valentine&#039;s Day, New Year&#039;s or Birthday. Beloved will definitely appreciate this unearthly beauty. No celebration should be complete without beautiful flowers, and if they are intended for a beloved woman, even more so.[:]\" \/>\n<meta property=\"og:url\" content=\"https:\/\/bonfortuno.eu\/toode\/kimp-armastatule\/\" \/>\n<meta property=\"og:site_name\" content=\"Bonfortuno\" \/>\n<meta property=\"og:image\" content=\"https:\/\/bonfortuno.eu\/wp-content\/uploads\/2021\/08\/big.jpg\" \/>\n\t<meta property=\"og:image:width\" content=\"1000\" \/>\n\t<meta property=\"og:image:height\" content=\"1000\" \/>\n\t<meta property=\"og:image:type\" content=\"image\/jpeg\" \/>\n<meta name=\"twitter:card\" content=\"summary_large_image\" \/>\n<meta name=\"twitter:label1\" content=\"Est. reading time\" \/>\n\t<meta name=\"twitter:data1\" content=\"1 minute\" \/>\n<script type=\"application\/ld+json\" class=\"yoast-schema-graph\">{\"@context\":\"https:\\\/\\\/schema.org\",\"@graph\":[{\"@type\":\"WebPage\",\"@id\":\"https:\\\/\\\/bonfortuno.eu\\\/toode\\\/kimp-armastatule\\\/\",\"url\":\"https:\\\/\\\/bonfortuno.eu\\\/toode\\\/kimp-armastatule\\\/\",\"name\":\"[:et]\\\"Kimp armastatule\\\"[:ru]\\\" \u0411\u0443\u043a\u0435\u0442 \u0434\u043b\u044f \u043b\u044e\u0431\u0438\u043c\u043e\u0439 \\\"[:en]\\\"Bouquet for the beloved\\\"[:] | Bonfortuno\",\"isPartOf\":{\"@id\":\"https:\\\/\\\/bonfortuno.eu\\\/ru\\\/#website\"},\"primaryImageOfPage\":{\"@id\":\"https:\\\/\\\/bonfortuno.eu\\\/toode\\\/kimp-armastatule\\\/#primaryimage\"},\"image\":{\"@id\":\"https:\\\/\\\/bonfortuno.eu\\\/toode\\\/kimp-armastatule\\\/#primaryimage\"},\"thumbnailUrl\":\"https:\\\/\\\/bonfortuno.eu\\\/wp-content\\\/uploads\\\/2021\\\/08\\\/big.jpg\",\"datePublished\":\"2021-08-16T15:15:29+00:00\",\"breadcrumb\":{\"@id\":\"https:\\\/\\\/bonfortuno.eu\\\/toode\\\/kimp-armastatule\\\/#breadcrumb\"},\"inLanguage\":\"en-US\",\"potentialAction\":[{\"@type\":\"ReadAction\",\"target\":[\"https:\\\/\\\/bonfortuno.eu\\\/toode\\\/kimp-armastatule\\\/\"]}]},{\"@type\":\"ImageObject\",\"inLanguage\":\"en-US\",\"@id\":\"https:\\\/\\\/bonfortuno.eu\\\/toode\\\/kimp-armastatule\\\/#primaryimage\",\"url\":\"https:\\\/\\\/bonfortuno.eu\\\/wp-content\\\/uploads\\\/2021\\\/08\\\/big.jpg\",\"contentUrl\":\"https:\\\/\\\/bonfortuno.eu\\\/wp-content\\\/uploads\\\/2021\\\/08\\\/big.jpg\",\"width\":1000,\"height\":1000},{\"@type\":\"BreadcrumbList\",\"@id\":\"https:\\\/\\\/bonfortuno.eu\\\/toode\\\/kimp-armastatule\\\/#breadcrumb\",\"itemListElement\":[{\"@type\":\"ListItem\",\"position\":1,\"name\":\"\u0413\u043b\u0430\u0432\u043d\u0430\u044f \u0441\u0442\u0440\u0430\u043d\u0438\u0446\u0430\",\"item\":\"https:\\\/\\\/bonfortuno.eu\\\/\"},{\"@type\":\"ListItem\",\"position\":2,\"name\":\"\u041c\u0430\u0433\u0430\u0437\u0438\u043d\",\"item\":\"https:\\\/\\\/bonfortuno.eu\\\/\"},{\"@type\":\"ListItem\",\"position\":3,\"name\":\"&#8220;Kimp armastatule&#8221;\"}]},{\"@type\":\"WebSite\",\"@id\":\"https:\\\/\\\/bonfortuno.eu\\\/ru\\\/#website\",\"url\":\"https:\\\/\\\/bonfortuno.eu\\\/ru\\\/\",\"name\":\"Bonfortuno\",\"description\":\"The world of fresh flowers\",\"potentialAction\":[{\"@type\":\"SearchAction\",\"target\":{\"@type\":\"EntryPoint\",\"urlTemplate\":\"https:\\\/\\\/bonfortuno.eu\\\/ru\\\/?s={search_term_string}\"},\"query-input\":{\"@type\":\"PropertyValueSpecification\",\"valueRequired\":true,\"valueName\":\"search_term_string\"}}],\"inLanguage\":\"en-US\"}]}<\/script>\n<!-- \/ Yoast SEO plugin. -->","yoast_head_json":{"title":"[:et]\"Kimp armastatule\"[:ru]\" \u0411\u0443\u043a\u0435\u0442 \u0434\u043b\u044f \u043b\u044e\u0431\u0438\u043c\u043e\u0439 \"[:en]\"Bouquet for the beloved\"[:] | Bonfortuno","robots":{"index":"index","follow":"follow","max-snippet":"max-snippet:-1","max-image-preview":"max-image-preview:large","max-video-preview":"max-video-preview:-1"},"canonical":"https:\/\/bonfortuno.eu\/toode\/kimp-armastatule\/","og_locale":"en_US","og_type":"article","og_title":"[:et]\"Kimp armastatule\"[:ru]\" \u0411\u0443\u043a\u0435\u0442 \u0434\u043b\u044f \u043b\u044e\u0431\u0438\u043c\u043e\u0439 \"[:en]\"Bouquet for the beloved\"[:] | Bonfortuno","og_description":"[:et]Kimp kallimale on spetsiaalselt armsatele daamidele m\u00f5eldud l\u00fc\u00fcriline kompositsioon. Ansambli erksad v\u00e4rvid on rikkalikud roosad roosid. Telli see imeline kimp oma kallimale. Seda saab esitada s\u00f5brap\u00e4eval, uusaastal v\u00f5i s\u00fcnnip\u00e4eval. Armastatud hindab seda ebamaist ilu kindlasti. \u00dckski pidu ei tohiks olla t\u00e4ielik ilma ilusate lilledeta ja kui need on m\u00f5eldud armastatud naisele, siis veelgi enam.[:ru]\u0411\u0443\u043a\u0435\u0442 \u0434\u043b\u044f \u043b\u044e\u0431\u0438\u043c\u043e\u0439 \u2013 \u044d\u0442\u043e \u043b\u0438\u0440\u0438\u0447\u0435\u0441\u043a\u0430\u044f \u043a\u043e\u043c\u043f\u043e\u0437\u0438\u0446\u0438\u044f, \u043e\u0444\u043e\u0440\u043c\u043b\u0435\u043d\u043d\u0430\u044f \u0441\u043f\u0435\u0446\u0438\u0430\u043b\u044c\u043d\u043e \u0434\u043b\u044f \u043c\u0438\u043b\u044b\u0445 \u0434\u0430\u043c. \u042f\u0440\u043a\u0438\u0435 \u043a\u0440\u0430\u0441\u043a\u0438 \u0430\u043d\u0441\u0430\u043c\u0431\u043b\u044f \u2013 \u043d\u0430\u0441\u044b\u0449\u0435\u043d\u043d\u044b\u0435 \u0440\u043e\u0437\u043e\u0432\u044b\u0435 \u0440\u043e\u0437\u044b. \u0417\u0430\u043a\u0430\u0436\u0438\u0442\u0435 \u044d\u0442\u043e\u0442 \u0434\u0438\u0432\u043d\u044b\u0439 \u0431\u0443\u043a\u0435\u0442 \u0434\u043b\u044f \u043b\u044e\u0431\u0438\u043c\u043e\u0439. \u0415\u0433\u043e \u043c\u043e\u0436\u043d\u043e \u0432\u0440\u0443\u0447\u0438\u0442\u044c \u0432 \u0434\u0435\u043d\u044c \u0432\u0441\u0435\u0445 \u0432\u043b\u044e\u0431\u043b\u0435\u043d\u043d\u044b\u0445, \u043d\u0430 \u041d\u043e\u0432\u044b\u0439 \u0413\u043e\u0434 \u0438\u043b\u0438 \u0432 \u0414\u0435\u043d\u044c \u0440\u043e\u0436\u0434\u0435\u043d\u0438\u044f. \u041b\u044e\u0431\u0438\u043c\u0430\u044f \u043e\u0431\u044f\u0437\u0430\u0442\u0435\u043b\u044c\u043d\u043e \u043e\u0446\u0435\u043d\u0438\u0442 \u044d\u0442\u0443 \u043d\u0435\u0437\u0435\u043c\u043d\u0443\u044e \u043a\u0440\u0430\u0441\u043e\u0442\u0443. \u041d\u0438 \u043e\u0434\u043d\u043e \u0442\u043e\u0440\u0436\u0435\u0441\u0442\u0432\u043e \u043d\u0435 \u0434\u043e\u043b\u0436\u043d\u043e \u043e\u0431\u0445\u043e\u0434\u0438\u0442\u0441\u044f \u0431\u0435\u0437 \u043a\u0440\u0430\u0441\u0438\u0432\u044b\u0445 \u0446\u0432\u0435\u0442\u043e\u0432, \u0430 \u0435\u0441\u043b\u0438 \u043e\u043d\u0438 \u043f\u0440\u0435\u0434\u043d\u0430\u0437\u043d\u0430\u0447\u0430\u044e\u0442\u0441\u044f \u043b\u044e\u0431\u0438\u043c\u043e\u0439 \u0436\u0435\u043d\u0449\u0438\u043d\u0435 \u2013 \u0442\u0435\u043c \u0431\u043e\u043b\u0435\u0435.    [:en]A bouquet for a loved one is a lyrical composition specially designed for lovely ladies. The bright colors of the ensemble are rich pink roses. Order this wonderful bouquet for your beloved. It can be presented on Valentine's Day, New Year's or Birthday. Beloved will definitely appreciate this unearthly beauty. No celebration should be complete without beautiful flowers, and if they are intended for a beloved woman, even more so.[:]","og_url":"https:\/\/bonfortuno.eu\/toode\/kimp-armastatule\/","og_site_name":"Bonfortuno","og_image":[{"width":1000,"height":1000,"url":"https:\/\/bonfortuno.eu\/wp-content\/uploads\/2021\/08\/big.jpg","type":"image\/jpeg"}],"twitter_card":"summary_large_image","twitter_misc":{"Est. reading time":"1 minute"},"schema":{"@context":"https:\/\/schema.org","@graph":[{"@type":"WebPage","@id":"https:\/\/bonfortuno.eu\/toode\/kimp-armastatule\/","url":"https:\/\/bonfortuno.eu\/toode\/kimp-armastatule\/","name":"[:et]\"Kimp armastatule\"[:ru]\" \u0411\u0443\u043a\u0435\u0442 \u0434\u043b\u044f \u043b\u044e\u0431\u0438\u043c\u043e\u0439 \"[:en]\"Bouquet for the beloved\"[:] | Bonfortuno","isPartOf":{"@id":"https:\/\/bonfortuno.eu\/ru\/#website"},"primaryImageOfPage":{"@id":"https:\/\/bonfortuno.eu\/toode\/kimp-armastatule\/#primaryimage"},"image":{"@id":"https:\/\/bonfortuno.eu\/toode\/kimp-armastatule\/#primaryimage"},"thumbnailUrl":"https:\/\/bonfortuno.eu\/wp-content\/uploads\/2021\/08\/big.jpg","datePublished":"2021-08-16T15:15:29+00:00","breadcrumb":{"@id":"https:\/\/bonfortuno.eu\/toode\/kimp-armastatule\/#breadcrumb"},"inLanguage":"en-US","potentialAction":[{"@type":"ReadAction","target":["https:\/\/bonfortuno.eu\/toode\/kimp-armastatule\/"]}]},{"@type":"ImageObject","inLanguage":"en-US","@id":"https:\/\/bonfortuno.eu\/toode\/kimp-armastatule\/#primaryimage","url":"https:\/\/bonfortuno.eu\/wp-content\/uploads\/2021\/08\/big.jpg","contentUrl":"https:\/\/bonfortuno.eu\/wp-content\/uploads\/2021\/08\/big.jpg","width":1000,"height":1000},{"@type":"BreadcrumbList","@id":"https:\/\/bonfortuno.eu\/toode\/kimp-armastatule\/#breadcrumb","itemListElement":[{"@type":"ListItem","position":1,"name":"\u0413\u043b\u0430\u0432\u043d\u0430\u044f \u0441\u0442\u0440\u0430\u043d\u0438\u0446\u0430","item":"https:\/\/bonfortuno.eu\/"},{"@type":"ListItem","position":2,"name":"\u041c\u0430\u0433\u0430\u0437\u0438\u043d","item":"https:\/\/bonfortuno.eu\/"},{"@type":"ListItem","position":3,"name":"&#8220;Kimp armastatule&#8221;"}]},{"@type":"WebSite","@id":"https:\/\/bonfortuno.eu\/ru\/#website","url":"https:\/\/bonfortuno.eu\/ru\/","name":"Bonfortuno","description":"The world of fresh flowers","potentialAction":[{"@type":"SearchAction","target":{"@type":"EntryPoint","urlTemplate":"https:\/\/bonfortuno.eu\/ru\/?s={search_term_string}"},"query-input":{"@type":"PropertyValueSpecification","valueRequired":true,"valueName":"search_term_string"}}],"inLanguage":"en-US"}]}},"_links":{"self":[{"href":"https:\/\/bonfortuno.eu\/en\/wp-json\/wp\/v2\/product\/3371","targetHints":{"allow":["GET"]}}],"collection":[{"href":"https:\/\/bonfortuno.eu\/en\/wp-json\/wp\/v2\/product"}],"about":[{"href":"https:\/\/bonfortuno.eu\/en\/wp-json\/wp\/v2\/types\/product"}],"wp:featuredmedia":[{"embeddable":true,"href":"https:\/\/bonfortuno.eu\/en\/wp-json\/wp\/v2\/media\/3288"}],"wp:attachment":[{"href":"https:\/\/bonfortuno.eu\/en\/wp-json\/wp\/v2\/media?parent=3371"}],"wp:term":[{"taxonomy":"product_brand","embeddable":true,"href":"https:\/\/bonfortuno.eu\/en\/wp-json\/wp\/v2\/product_brand?post=3371"},{"taxonomy":"product_cat","embeddable":true,"href":"https:\/\/bonfortuno.eu\/en\/wp-json\/wp\/v2\/product_cat?post=3371"},{"taxonomy":"product_tag","embeddable":true,"href":"https:\/\/bonfortuno.eu\/en\/wp-json\/wp\/v2\/product_tag?post=3371"}],"curies":[{"name":"wp","href":"https:\/\/api.w.org\/{rel}","templated":true}]}}