{"id":3374,"date":"2021-08-16T18:47:15","date_gmt":"2021-08-16T15:47:15","guid":{"rendered":"https:\/\/bonfortuno.eu\/?post_type=product&#038;p=3374"},"modified":"2021-08-16T18:47:15","modified_gmt":"2021-08-16T15:47:15","slug":"kimp-valgeid-ja-siniseid-lilli","status":"publish","type":"product","link":"https:\/\/bonfortuno.eu\/en\/toode\/kimp-valgeid-ja-siniseid-lilli\/","title":{"rendered":"&#8221;Bouquet of white and blue flowers&#8221;"},"content":{"rendered":"<p>A bouquet of white and blue flowers composed of white eustoma and blue irises. Give a wonderful mood and a lot of positive emotions to your dear person with this original bouquet of white and blue flowers, which is very original decorated. You can give it to all your dear and close people. Also, having presented it completely unexpectedly, you can instantly make your chosen one happy. Together with him, you will be able to remind you of your care and present it to your mother or grandmother. I would also like to note that this bouquet of white and blue flowers can perfectly decorate every interior and will stand for a long time in a vase of water, reminding you and delighting you with its aroma and beauty.<\/p>","protected":false},"excerpt":{"rendered":"<p>A bouquet of white and blue flowers composed of white eustoma and blue irises. Give a wonderful mood and a lot of positive emotions to your dear person with this original bouquet of white and blue flowers, which is very original decorated. You can give it to all your dear and close people. Also, having presented it completely unexpectedly, you can instantly make your chosen one happy. Together with him, you will be able to remind you of your care and present it to your mother or grandmother. I would also like to note that this bouquet of white and blue flowers can perfectly decorate every interior and will stand for a long time in a vase of water, reminding you and delighting you with its aroma and beauty.<\/p>\n","protected":false},"featured_media":3291,"template":"","meta":[],"product_brand":[],"product_cat":[76,30],"product_tag":[],"class_list":{"0":"post-3374","1":"product","2":"type-product","3":"status-publish","4":"has-post-thumbnail","6":"product_cat-koik-tooted","7":"product_cat-lillekimbud","9":"first","10":"instock","11":"shipping-taxable","12":"purchasable","13":"product-type-simple"},"yoast_head":"<!-- This site is optimized with the Yoast SEO plugin v27.3 - https:\/\/yoast.com\/product\/yoast-seo-wordpress\/ -->\n<title>&quot;Bouquet of white and blue flowers&quot; | Bonfortuno<\/title>\n<meta name=\"robots\" content=\"index, follow, max-snippet:-1, max-image-preview:large, max-video-preview:-1\" \/>\n<link rel=\"canonical\" href=\"https:\/\/bonfortuno.eu\/toode\/kimp-valgeid-ja-siniseid-lilli\/\" \/>\n<meta property=\"og:locale\" content=\"en_US\" \/>\n<meta property=\"og:type\" content=\"article\" \/>\n<meta property=\"og:title\" content=\"[:et]&quot;Kimp valgeid ja siniseid lilli&quot;[:ru]&quot; \u0411\u0443\u043a\u0435\u0442 \u0438\u0437 \u0431\u0435\u043b\u044b\u0445 \u0438 \u0441\u0438\u043d\u0438\u0445 \u0446\u0432\u0435\u0442\u043e\u0432 &quot;[:en]&quot;Bouquet of white and blue flowers&quot;[:] | Bonfortuno\" \/>\n<meta property=\"og:description\" content=\"[:et]Valgete ja siniste lillede kimp, mis koosneb valgest eustomast ja sinistest iiristest. Kingi oma kallile inimesele imeline meeleolu ja palju positiivseid emotsioone selle originaalse valge -sinise lillekimbu abil, mis on v\u00e4ga originaalselt kaunistatud. Saate seda kinkida k\u00f5igile oma kallitele ja l\u00e4hedastele inimestele. Samuti, olles selle t\u00e4iesti ootamatult esitanud, saate oma valitud koheselt \u00f5nnelikuks teha. Koos temaga saate oma hoolt meelde tuletada ja oma emale v\u00f5i vanaemale esitada. Tahaksin ka m\u00e4rkida, et see valgete ja siniste lillede kimp v\u00f5ib suurep\u00e4raselt kaunistada iga interj\u00f6\u00f6ri ja seisab kaua veevaasis, meenutades ja r\u00f5\u00f5mustades oma aroomi ja iluga.[:ru]\u0411\u0443\u043a\u0435\u0442 \u0438\u0437 \u0431\u0435\u043b\u044b\u0445 \u0438 \u0441\u0438\u043d\u0438\u0445 \u0446\u0432\u0435\u0442\u043e\u0432 \u0441\u043e\u0441\u0442\u0430\u0432\u043b\u0435\u043d \u0438\u0437 \u0431\u0435\u043b\u043e\u0439 \u044d\u0443\u0441\u0442\u043e\u043c\u044b \u0438 \u0441\u0438\u043d\u0438\u0445 \u0438\u0440\u0438\u0441\u043e\u0432. \u041f\u043e\u0434\u0430\u0440\u0438\u0442\u0435 \u043f\u0440\u0435\u043a\u0440\u0430\u0441\u043d\u043e\u0435 \u043d\u0430\u0441\u0442\u0440\u043e\u0435\u043d\u0438\u0435 \u0438 \u043c\u043d\u043e\u0436\u0435\u0441\u0442\u0432\u043e \u043f\u043e\u043b\u043e\u0436\u0438\u0442\u0435\u043b\u044c\u043d\u044b\u0445 \u044d\u043c\u043e\u0446\u0438\u0439 \u0434\u043e\u0440\u043e\u0433\u043e\u043c\u0443 \u0432\u0430\u043c \u0447\u0435\u043b\u043e\u0432\u0435\u043a\u0443 \u0432\u043c\u0435\u0441\u0442\u0435 \u0441 \u044d\u0442\u0438\u043c \u043e\u0440\u0438\u0433\u0438\u043d\u0430\u043b\u044c\u043d\u044b\u043c \u0431\u0443\u043a\u0435\u0442\u043e\u043c \u0438\u0437 \u0431\u0435\u043b\u044b\u0445 \u0438 \u0441\u0438\u043d\u0438\u0445 \u0446\u0432\u0435\u0442\u043e\u0432, \u043a\u043e\u0442\u043e\u0440\u044b\u0439 \u043e\u0447\u0435\u043d\u044c \u043e\u0440\u0438\u0433\u0438\u043d\u0430\u043b\u044c\u043d\u043e \u043e\u0444\u043e\u0440\u043c\u043b\u0435\u043d. \u041f\u043e\u0434\u0430\u0440\u0438\u0442\u044c \u0435\u0433\u043e \u0432\u044b \u0441\u043c\u043e\u0436\u0435\u0442\u0435 \u0432\u0441\u0435\u043c \u0434\u043e\u0440\u043e\u0433\u0438\u043c \u0438 \u0431\u043b\u0438\u0437\u043a\u0438\u043c \u0432\u0430\u043c \u043b\u044e\u0434\u044f\u043c. \u0422\u0430\u043a \u0436\u0435 \u043f\u0440\u0435\u043f\u043e\u0434\u043d\u0435\u0441\u044f \u0435\u0433\u043e \u0441\u043e\u0432\u0441\u0435\u043c \u043d\u0435\u043e\u0436\u0438\u0434\u0430\u043d\u043d\u043e, \u0432\u044b \u0441\u043c\u043e\u0436\u0435\u0442\u0435 \u043c\u043e\u043c\u0435\u043d\u0442\u0430\u043b\u044c\u043d\u043e \u043e\u0441\u0447\u0430\u0441\u0442\u043b\u0438\u0432\u0438\u0442\u044c \u0432\u0430\u0448\u0443 \u0438\u0437\u0431\u0440\u0430\u043d\u043d\u0438\u0446\u0443. \u0412\u043c\u0435\u0441\u0442\u0435 \u0441 \u043d\u0438\u043c \u0432\u044b \u0441\u043c\u043e\u0436\u0435\u0442\u0435 \u043d\u0430\u043f\u043e\u043c\u043d\u0438\u0442\u044c \u043e \u0441\u0432\u043e\u0435\u0439 \u0437\u0430\u0431\u043e\u0442\u0435 \u0438 \u043f\u0440\u0435\u043f\u043e\u0434\u043d\u0435\u0441\u0442\u0438 \u0435\u0433\u043e \u0432\u0430\u0448\u0435\u0439 \u043c\u0430\u043c\u0435 \u0438\u043b\u0438 \u0431\u0430\u0431\u0443\u0448\u043a\u0435. \u0425\u043e\u0442\u0435\u043b\u043e\u0441\u044c \u043e\u0442\u043c\u0435\u0442\u0438\u0442\u044c \u0438 \u0442\u043e, \u0447\u0442\u043e \u044d\u0442\u043e\u0442 \u0431\u0443\u043a\u0435\u0442 \u0438\u0437 \u0431\u0435\u043b\u044b\u0445 \u0438 \u0441\u0438\u043d\u0438\u0445 \u0446\u0432\u0435\u0442\u043e\u0432 \u0441\u043c\u043e\u0436\u0435\u0442 \u043f\u0440\u0435\u043a\u0440\u0430\u0441\u043d\u043e \u0443\u043a\u0440\u0430\u0441\u0438\u0442\u044c \u043a\u0430\u0436\u0434\u044b\u0439 \u0438\u043d\u0442\u0435\u0440\u044c\u0435\u0440 \u0438 \u043f\u0440\u043e\u0441\u0442\u043e\u0438\u0442 \u0434\u043e\u043b\u0433\u043e\u0435 \u0432\u0440\u0435\u043c\u044f \u0432 \u0432\u0430\u0437\u0435 \u0441 \u0432\u043e\u0434\u043e\u0439, \u043d\u0430\u043f\u043e\u043c\u0438\u043d\u0430\u044f \u043e \u0432\u0430\u0441 \u0438 \u0440\u0430\u0434\u0443\u044f \u0441\u0432\u043e\u0438\u043c \u0430\u0440\u043e\u043c\u0430\u0442\u043e\u043c \u0438 \u043a\u0440\u0430\u0441\u043e\u0442\u043e\u0439.[:en]A bouquet of white and blue flowers composed of white eustoma and blue irises. Give a wonderful mood and a lot of positive emotions to your dear person with this original bouquet of white and blue flowers, which is very original decorated. You can give it to all your dear and close people. Also, having presented it completely unexpectedly, you can instantly make your chosen one happy. Together with him, you will be able to remind you of your care and present it to your mother or grandmother. I would also like to note that this bouquet of white and blue flowers can perfectly decorate every interior and will stand for a long time in a vase of water, reminding you and delighting you with its aroma and beauty.[:]\" \/>\n<meta property=\"og:url\" content=\"https:\/\/bonfortuno.eu\/toode\/kimp-valgeid-ja-siniseid-lilli\/\" \/>\n<meta property=\"og:site_name\" content=\"Bonfortuno\" \/>\n<meta property=\"og:image\" content=\"https:\/\/bonfortuno.eu\/wp-content\/uploads\/2021\/08\/Buket_irisy_s_liziantusom-500x450-1.jpg\" \/>\n\t<meta property=\"og:image:width\" content=\"500\" \/>\n\t<meta property=\"og:image:height\" content=\"450\" \/>\n\t<meta property=\"og:image:type\" content=\"image\/jpeg\" \/>\n<meta name=\"twitter:card\" content=\"summary_large_image\" \/>\n<meta name=\"twitter:label1\" content=\"Est. reading time\" \/>\n\t<meta name=\"twitter:data1\" content=\"1 minute\" \/>\n<script type=\"application\/ld+json\" class=\"yoast-schema-graph\">{\"@context\":\"https:\\\/\\\/schema.org\",\"@graph\":[{\"@type\":\"WebPage\",\"@id\":\"https:\\\/\\\/bonfortuno.eu\\\/toode\\\/kimp-valgeid-ja-siniseid-lilli\\\/\",\"url\":\"https:\\\/\\\/bonfortuno.eu\\\/toode\\\/kimp-valgeid-ja-siniseid-lilli\\\/\",\"name\":\"[:et]\\\"Kimp valgeid ja siniseid lilli\\\"[:ru]\\\" \u0411\u0443\u043a\u0435\u0442 \u0438\u0437 \u0431\u0435\u043b\u044b\u0445 \u0438 \u0441\u0438\u043d\u0438\u0445 \u0446\u0432\u0435\u0442\u043e\u0432 \\\"[:en]\\\"Bouquet of white and blue flowers\\\"[:] | Bonfortuno\",\"isPartOf\":{\"@id\":\"https:\\\/\\\/bonfortuno.eu\\\/ru\\\/#website\"},\"primaryImageOfPage\":{\"@id\":\"https:\\\/\\\/bonfortuno.eu\\\/toode\\\/kimp-valgeid-ja-siniseid-lilli\\\/#primaryimage\"},\"image\":{\"@id\":\"https:\\\/\\\/bonfortuno.eu\\\/toode\\\/kimp-valgeid-ja-siniseid-lilli\\\/#primaryimage\"},\"thumbnailUrl\":\"https:\\\/\\\/bonfortuno.eu\\\/wp-content\\\/uploads\\\/2021\\\/08\\\/Buket_irisy_s_liziantusom-500x450-1.jpg\",\"datePublished\":\"2021-08-16T15:47:15+00:00\",\"breadcrumb\":{\"@id\":\"https:\\\/\\\/bonfortuno.eu\\\/toode\\\/kimp-valgeid-ja-siniseid-lilli\\\/#breadcrumb\"},\"inLanguage\":\"en-US\",\"potentialAction\":[{\"@type\":\"ReadAction\",\"target\":[\"https:\\\/\\\/bonfortuno.eu\\\/toode\\\/kimp-valgeid-ja-siniseid-lilli\\\/\"]}]},{\"@type\":\"ImageObject\",\"inLanguage\":\"en-US\",\"@id\":\"https:\\\/\\\/bonfortuno.eu\\\/toode\\\/kimp-valgeid-ja-siniseid-lilli\\\/#primaryimage\",\"url\":\"https:\\\/\\\/bonfortuno.eu\\\/wp-content\\\/uploads\\\/2021\\\/08\\\/Buket_irisy_s_liziantusom-500x450-1.jpg\",\"contentUrl\":\"https:\\\/\\\/bonfortuno.eu\\\/wp-content\\\/uploads\\\/2021\\\/08\\\/Buket_irisy_s_liziantusom-500x450-1.jpg\",\"width\":500,\"height\":450},{\"@type\":\"BreadcrumbList\",\"@id\":\"https:\\\/\\\/bonfortuno.eu\\\/toode\\\/kimp-valgeid-ja-siniseid-lilli\\\/#breadcrumb\",\"itemListElement\":[{\"@type\":\"ListItem\",\"position\":1,\"name\":\"\u0413\u043b\u0430\u0432\u043d\u0430\u044f \u0441\u0442\u0440\u0430\u043d\u0438\u0446\u0430\",\"item\":\"https:\\\/\\\/bonfortuno.eu\\\/\"},{\"@type\":\"ListItem\",\"position\":2,\"name\":\"\u041c\u0430\u0433\u0430\u0437\u0438\u043d\",\"item\":\"https:\\\/\\\/bonfortuno.eu\\\/\"},{\"@type\":\"ListItem\",\"position\":3,\"name\":\"&#8220;Kimp valgeid ja siniseid lilli&#8221;\"}]},{\"@type\":\"WebSite\",\"@id\":\"https:\\\/\\\/bonfortuno.eu\\\/ru\\\/#website\",\"url\":\"https:\\\/\\\/bonfortuno.eu\\\/ru\\\/\",\"name\":\"Bonfortuno\",\"description\":\"The world of fresh flowers\",\"potentialAction\":[{\"@type\":\"SearchAction\",\"target\":{\"@type\":\"EntryPoint\",\"urlTemplate\":\"https:\\\/\\\/bonfortuno.eu\\\/ru\\\/?s={search_term_string}\"},\"query-input\":{\"@type\":\"PropertyValueSpecification\",\"valueRequired\":true,\"valueName\":\"search_term_string\"}}],\"inLanguage\":\"en-US\"}]}<\/script>\n<!-- \/ Yoast SEO plugin. -->","yoast_head_json":{"title":"[:et]\"Kimp valgeid ja siniseid lilli\"[:ru]\" \u0411\u0443\u043a\u0435\u0442 \u0438\u0437 \u0431\u0435\u043b\u044b\u0445 \u0438 \u0441\u0438\u043d\u0438\u0445 \u0446\u0432\u0435\u0442\u043e\u0432 \"[:en]\"Bouquet of white and blue flowers\"[:] | Bonfortuno","robots":{"index":"index","follow":"follow","max-snippet":"max-snippet:-1","max-image-preview":"max-image-preview:large","max-video-preview":"max-video-preview:-1"},"canonical":"https:\/\/bonfortuno.eu\/toode\/kimp-valgeid-ja-siniseid-lilli\/","og_locale":"en_US","og_type":"article","og_title":"[:et]\"Kimp valgeid ja siniseid lilli\"[:ru]\" \u0411\u0443\u043a\u0435\u0442 \u0438\u0437 \u0431\u0435\u043b\u044b\u0445 \u0438 \u0441\u0438\u043d\u0438\u0445 \u0446\u0432\u0435\u0442\u043e\u0432 \"[:en]\"Bouquet of white and blue flowers\"[:] | Bonfortuno","og_description":"[:et]Valgete ja siniste lillede kimp, mis koosneb valgest eustomast ja sinistest iiristest. Kingi oma kallile inimesele imeline meeleolu ja palju positiivseid emotsioone selle originaalse valge -sinise lillekimbu abil, mis on v\u00e4ga originaalselt kaunistatud. Saate seda kinkida k\u00f5igile oma kallitele ja l\u00e4hedastele inimestele. Samuti, olles selle t\u00e4iesti ootamatult esitanud, saate oma valitud koheselt \u00f5nnelikuks teha. Koos temaga saate oma hoolt meelde tuletada ja oma emale v\u00f5i vanaemale esitada. Tahaksin ka m\u00e4rkida, et see valgete ja siniste lillede kimp v\u00f5ib suurep\u00e4raselt kaunistada iga interj\u00f6\u00f6ri ja seisab kaua veevaasis, meenutades ja r\u00f5\u00f5mustades oma aroomi ja iluga.[:ru]\u0411\u0443\u043a\u0435\u0442 \u0438\u0437 \u0431\u0435\u043b\u044b\u0445 \u0438 \u0441\u0438\u043d\u0438\u0445 \u0446\u0432\u0435\u0442\u043e\u0432 \u0441\u043e\u0441\u0442\u0430\u0432\u043b\u0435\u043d \u0438\u0437 \u0431\u0435\u043b\u043e\u0439 \u044d\u0443\u0441\u0442\u043e\u043c\u044b \u0438 \u0441\u0438\u043d\u0438\u0445 \u0438\u0440\u0438\u0441\u043e\u0432. \u041f\u043e\u0434\u0430\u0440\u0438\u0442\u0435 \u043f\u0440\u0435\u043a\u0440\u0430\u0441\u043d\u043e\u0435 \u043d\u0430\u0441\u0442\u0440\u043e\u0435\u043d\u0438\u0435 \u0438 \u043c\u043d\u043e\u0436\u0435\u0441\u0442\u0432\u043e \u043f\u043e\u043b\u043e\u0436\u0438\u0442\u0435\u043b\u044c\u043d\u044b\u0445 \u044d\u043c\u043e\u0446\u0438\u0439 \u0434\u043e\u0440\u043e\u0433\u043e\u043c\u0443 \u0432\u0430\u043c \u0447\u0435\u043b\u043e\u0432\u0435\u043a\u0443 \u0432\u043c\u0435\u0441\u0442\u0435 \u0441 \u044d\u0442\u0438\u043c \u043e\u0440\u0438\u0433\u0438\u043d\u0430\u043b\u044c\u043d\u044b\u043c \u0431\u0443\u043a\u0435\u0442\u043e\u043c \u0438\u0437 \u0431\u0435\u043b\u044b\u0445 \u0438 \u0441\u0438\u043d\u0438\u0445 \u0446\u0432\u0435\u0442\u043e\u0432, \u043a\u043e\u0442\u043e\u0440\u044b\u0439 \u043e\u0447\u0435\u043d\u044c \u043e\u0440\u0438\u0433\u0438\u043d\u0430\u043b\u044c\u043d\u043e \u043e\u0444\u043e\u0440\u043c\u043b\u0435\u043d. \u041f\u043e\u0434\u0430\u0440\u0438\u0442\u044c \u0435\u0433\u043e \u0432\u044b \u0441\u043c\u043e\u0436\u0435\u0442\u0435 \u0432\u0441\u0435\u043c \u0434\u043e\u0440\u043e\u0433\u0438\u043c \u0438 \u0431\u043b\u0438\u0437\u043a\u0438\u043c \u0432\u0430\u043c \u043b\u044e\u0434\u044f\u043c. \u0422\u0430\u043a \u0436\u0435 \u043f\u0440\u0435\u043f\u043e\u0434\u043d\u0435\u0441\u044f \u0435\u0433\u043e \u0441\u043e\u0432\u0441\u0435\u043c \u043d\u0435\u043e\u0436\u0438\u0434\u0430\u043d\u043d\u043e, \u0432\u044b \u0441\u043c\u043e\u0436\u0435\u0442\u0435 \u043c\u043e\u043c\u0435\u043d\u0442\u0430\u043b\u044c\u043d\u043e \u043e\u0441\u0447\u0430\u0441\u0442\u043b\u0438\u0432\u0438\u0442\u044c \u0432\u0430\u0448\u0443 \u0438\u0437\u0431\u0440\u0430\u043d\u043d\u0438\u0446\u0443. \u0412\u043c\u0435\u0441\u0442\u0435 \u0441 \u043d\u0438\u043c \u0432\u044b \u0441\u043c\u043e\u0436\u0435\u0442\u0435 \u043d\u0430\u043f\u043e\u043c\u043d\u0438\u0442\u044c \u043e \u0441\u0432\u043e\u0435\u0439 \u0437\u0430\u0431\u043e\u0442\u0435 \u0438 \u043f\u0440\u0435\u043f\u043e\u0434\u043d\u0435\u0441\u0442\u0438 \u0435\u0433\u043e \u0432\u0430\u0448\u0435\u0439 \u043c\u0430\u043c\u0435 \u0438\u043b\u0438 \u0431\u0430\u0431\u0443\u0448\u043a\u0435. \u0425\u043e\u0442\u0435\u043b\u043e\u0441\u044c \u043e\u0442\u043c\u0435\u0442\u0438\u0442\u044c \u0438 \u0442\u043e, \u0447\u0442\u043e \u044d\u0442\u043e\u0442 \u0431\u0443\u043a\u0435\u0442 \u0438\u0437 \u0431\u0435\u043b\u044b\u0445 \u0438 \u0441\u0438\u043d\u0438\u0445 \u0446\u0432\u0435\u0442\u043e\u0432 \u0441\u043c\u043e\u0436\u0435\u0442 \u043f\u0440\u0435\u043a\u0440\u0430\u0441\u043d\u043e \u0443\u043a\u0440\u0430\u0441\u0438\u0442\u044c \u043a\u0430\u0436\u0434\u044b\u0439 \u0438\u043d\u0442\u0435\u0440\u044c\u0435\u0440 \u0438 \u043f\u0440\u043e\u0441\u0442\u043e\u0438\u0442 \u0434\u043e\u043b\u0433\u043e\u0435 \u0432\u0440\u0435\u043c\u044f \u0432 \u0432\u0430\u0437\u0435 \u0441 \u0432\u043e\u0434\u043e\u0439, \u043d\u0430\u043f\u043e\u043c\u0438\u043d\u0430\u044f \u043e \u0432\u0430\u0441 \u0438 \u0440\u0430\u0434\u0443\u044f \u0441\u0432\u043e\u0438\u043c \u0430\u0440\u043e\u043c\u0430\u0442\u043e\u043c \u0438 \u043a\u0440\u0430\u0441\u043e\u0442\u043e\u0439.[:en]A bouquet of white and blue flowers composed of white eustoma and blue irises. Give a wonderful mood and a lot of positive emotions to your dear person with this original bouquet of white and blue flowers, which is very original decorated. You can give it to all your dear and close people. Also, having presented it completely unexpectedly, you can instantly make your chosen one happy. Together with him, you will be able to remind you of your care and present it to your mother or grandmother. I would also like to note that this bouquet of white and blue flowers can perfectly decorate every interior and will stand for a long time in a vase of water, reminding you and delighting you with its aroma and beauty.[:]","og_url":"https:\/\/bonfortuno.eu\/toode\/kimp-valgeid-ja-siniseid-lilli\/","og_site_name":"Bonfortuno","og_image":[{"width":500,"height":450,"url":"https:\/\/bonfortuno.eu\/wp-content\/uploads\/2021\/08\/Buket_irisy_s_liziantusom-500x450-1.jpg","type":"image\/jpeg"}],"twitter_card":"summary_large_image","twitter_misc":{"Est. reading time":"1 minute"},"schema":{"@context":"https:\/\/schema.org","@graph":[{"@type":"WebPage","@id":"https:\/\/bonfortuno.eu\/toode\/kimp-valgeid-ja-siniseid-lilli\/","url":"https:\/\/bonfortuno.eu\/toode\/kimp-valgeid-ja-siniseid-lilli\/","name":"[:et]\"Kimp valgeid ja siniseid lilli\"[:ru]\" \u0411\u0443\u043a\u0435\u0442 \u0438\u0437 \u0431\u0435\u043b\u044b\u0445 \u0438 \u0441\u0438\u043d\u0438\u0445 \u0446\u0432\u0435\u0442\u043e\u0432 \"[:en]\"Bouquet of white and blue flowers\"[:] | Bonfortuno","isPartOf":{"@id":"https:\/\/bonfortuno.eu\/ru\/#website"},"primaryImageOfPage":{"@id":"https:\/\/bonfortuno.eu\/toode\/kimp-valgeid-ja-siniseid-lilli\/#primaryimage"},"image":{"@id":"https:\/\/bonfortuno.eu\/toode\/kimp-valgeid-ja-siniseid-lilli\/#primaryimage"},"thumbnailUrl":"https:\/\/bonfortuno.eu\/wp-content\/uploads\/2021\/08\/Buket_irisy_s_liziantusom-500x450-1.jpg","datePublished":"2021-08-16T15:47:15+00:00","breadcrumb":{"@id":"https:\/\/bonfortuno.eu\/toode\/kimp-valgeid-ja-siniseid-lilli\/#breadcrumb"},"inLanguage":"en-US","potentialAction":[{"@type":"ReadAction","target":["https:\/\/bonfortuno.eu\/toode\/kimp-valgeid-ja-siniseid-lilli\/"]}]},{"@type":"ImageObject","inLanguage":"en-US","@id":"https:\/\/bonfortuno.eu\/toode\/kimp-valgeid-ja-siniseid-lilli\/#primaryimage","url":"https:\/\/bonfortuno.eu\/wp-content\/uploads\/2021\/08\/Buket_irisy_s_liziantusom-500x450-1.jpg","contentUrl":"https:\/\/bonfortuno.eu\/wp-content\/uploads\/2021\/08\/Buket_irisy_s_liziantusom-500x450-1.jpg","width":500,"height":450},{"@type":"BreadcrumbList","@id":"https:\/\/bonfortuno.eu\/toode\/kimp-valgeid-ja-siniseid-lilli\/#breadcrumb","itemListElement":[{"@type":"ListItem","position":1,"name":"\u0413\u043b\u0430\u0432\u043d\u0430\u044f \u0441\u0442\u0440\u0430\u043d\u0438\u0446\u0430","item":"https:\/\/bonfortuno.eu\/"},{"@type":"ListItem","position":2,"name":"\u041c\u0430\u0433\u0430\u0437\u0438\u043d","item":"https:\/\/bonfortuno.eu\/"},{"@type":"ListItem","position":3,"name":"&#8220;Kimp valgeid ja siniseid lilli&#8221;"}]},{"@type":"WebSite","@id":"https:\/\/bonfortuno.eu\/ru\/#website","url":"https:\/\/bonfortuno.eu\/ru\/","name":"Bonfortuno","description":"The world of fresh flowers","potentialAction":[{"@type":"SearchAction","target":{"@type":"EntryPoint","urlTemplate":"https:\/\/bonfortuno.eu\/ru\/?s={search_term_string}"},"query-input":{"@type":"PropertyValueSpecification","valueRequired":true,"valueName":"search_term_string"}}],"inLanguage":"en-US"}]}},"_links":{"self":[{"href":"https:\/\/bonfortuno.eu\/en\/wp-json\/wp\/v2\/product\/3374","targetHints":{"allow":["GET"]}}],"collection":[{"href":"https:\/\/bonfortuno.eu\/en\/wp-json\/wp\/v2\/product"}],"about":[{"href":"https:\/\/bonfortuno.eu\/en\/wp-json\/wp\/v2\/types\/product"}],"wp:featuredmedia":[{"embeddable":true,"href":"https:\/\/bonfortuno.eu\/en\/wp-json\/wp\/v2\/media\/3291"}],"wp:attachment":[{"href":"https:\/\/bonfortuno.eu\/en\/wp-json\/wp\/v2\/media?parent=3374"}],"wp:term":[{"taxonomy":"product_brand","embeddable":true,"href":"https:\/\/bonfortuno.eu\/en\/wp-json\/wp\/v2\/product_brand?post=3374"},{"taxonomy":"product_cat","embeddable":true,"href":"https:\/\/bonfortuno.eu\/en\/wp-json\/wp\/v2\/product_cat?post=3374"},{"taxonomy":"product_tag","embeddable":true,"href":"https:\/\/bonfortuno.eu\/en\/wp-json\/wp\/v2\/product_tag?post=3374"}],"curies":[{"name":"wp","href":"https:\/\/api.w.org\/{rel}","templated":true}]}}