{"id":3386,"date":"2021-08-18T19:12:25","date_gmt":"2021-08-18T16:12:25","guid":{"rendered":"https:\/\/bonfortuno.eu\/?post_type=product&#038;p=3386"},"modified":"2022-02-07T14:13:19","modified_gmt":"2022-02-07T12:13:19","slug":"sefiir","status":"publish","type":"product","link":"https:\/\/bonfortuno.eu\/en\/toode\/sefiir\/","title":{"rendered":"&#8221;Zephyr &#8220;"},"content":{"rendered":"<p>A bouquet of roses and eustoma is a fabulous surprise for your girlfriend or wife. Present them without looking for a special occasion and without waiting for special events, because it is no secret for anyone that all the fair sex adore flowers. A bouquet of roses and eustoma is what you need. Eustoma is a flower that symbolizes joy and fun. After all, how wonderful it is to give people these positive emotions. Extend the life of your beloved woman, giving her joy and live to the golden wedding in harmony and fun.<\/p>\n<p>The color of the flowers may vary.<\/p>","protected":false},"excerpt":{"rendered":"<p>A bouquet of roses and eustoma is a fabulous surprise for your girlfriend or wife. Present them without looking for a special occasion and without waiting for special events, because it is no secret for anyone that all the fair sex adore flowers. A bouquet of roses and eustoma is what you need. Eustoma is a flower that symbolizes joy and fun. After all, how wonderful it is to give people these positive emotions. Extend the life of your beloved woman, giving her joy and live to the golden wedding in harmony and fun.<\/p>\n<p>The color of the flowers may vary.<\/p>\n","protected":false},"featured_media":3305,"template":"","meta":[],"product_brand":[],"product_cat":[76,30],"product_tag":[],"class_list":{"0":"post-3386","1":"product","2":"type-product","3":"status-publish","4":"has-post-thumbnail","6":"product_cat-koik-tooted","7":"product_cat-lillekimbud","9":"first","10":"instock","11":"shipping-taxable","12":"purchasable","13":"product-type-simple"},"yoast_head":"<!-- This site is optimized with the Yoast SEO plugin v27.3 - https:\/\/yoast.com\/product\/yoast-seo-wordpress\/ -->\n<title>&quot;Zephyr &quot; | Bonfortuno<\/title>\n<meta name=\"robots\" content=\"index, follow, max-snippet:-1, max-image-preview:large, max-video-preview:-1\" \/>\n<link rel=\"canonical\" href=\"https:\/\/bonfortuno.eu\/toode\/sefiir\/\" \/>\n<meta property=\"og:locale\" content=\"en_US\" \/>\n<meta property=\"og:type\" content=\"article\" \/>\n<meta property=\"og:title\" content=\"[:et]&quot; Sefiir &quot;[:ru]&quot; \u0417\u0435\u0444\u0438\u0440 &quot;[:en]&quot;Zephyr &quot;[:] | Bonfortuno\" \/>\n<meta property=\"og:description\" content=\"[:et]Rooside ja eustoma kimp on teie t\u00fcdruks\u00f5brale v\u00f5i naisele vapustav \u00fcllatus. Esitage neid ilma erilist s\u00fcndmust otsimata ja eris\u00fcndmusi ootamata, sest kellegi jaoks pole saladus, et k\u00f5ik \u00f5iglane sugu jumaldab lilli. Rooside ja eustoma kimp on see, mida vajate. Eustoma on lill, mis s\u00fcmboliseerib r\u00f5\u00f5mu ja l\u00f5bu. L\u00f5ppude l\u00f5puks, kui imeline on anda inimestele neid positiivseid emotsioone. Pikendage oma armastatud naise eluiga, andes talle r\u00f5\u00f5mu ja elage kuldsete pulmadeni harmoonias ja l\u00f5busalt.   Lillede v\u00e4rvus v\u00f5ib olla erinev.[:ru]\u0411\u0443\u043a\u0435\u0442 \u0440\u043e\u0437\u044b \u0438 \u044d\u0443\u0441\u0442\u043e\u043c\u044b \u2013 \u0441\u043a\u0430\u0437\u043e\u0447\u043d\u044b\u0439 \u0441\u044e\u0440\u043f\u0440\u0438\u0437 \u0434\u043b\u044f \u0412\u0430\u0448\u0435\u0439 \u0434\u0435\u0432\u0443\u0448\u043a\u0438 \u0438\u043b\u0438 \u0436\u0435\u043d\u044b. \u041f\u043e\u0434\u0430\u0440\u0438\u0442\u0435 \u0438\u0445, \u043d\u0435 \u0438\u0449\u0430 \u043e\u0441\u043e\u0431\u043e\u0433\u043e \u043f\u043e\u0432\u043e\u0434\u0430 \u0438 \u043d\u0435 \u0434\u043e\u0436\u0438\u0434\u0430\u044f\u0441\u044c \u0442\u043e\u0440\u0436\u0435\u0441\u0442\u0432\u0435\u043d\u043d\u044b\u0445 \u043c\u0435\u0440\u043e\u043f\u0440\u0438\u044f\u0442\u0438\u0439, \u0432\u0435\u0434\u044c \u043d\u0435 \u0434\u043b\u044f \u043a\u043e\u0433\u043e \u043d\u0435 \u0441\u0435\u043a\u0440\u0435\u0442, \u0447\u0442\u043e \u0432\u0441\u0435 \u043f\u0440\u0435\u0434\u0441\u0442\u0430\u0432\u0438\u0442\u0435\u043b\u044c\u043d\u0438\u0446\u044b \u043f\u0440\u0435\u043a\u0440\u0430\u0441\u043d\u043e\u0433\u043e \u043f\u043e\u043b\u0430 \u043e\u0431\u043e\u0436\u0430\u044e\u0442 \u0446\u0432\u0435\u0442\u044b. \u0411\u0443\u043a\u0435\u0442 \u0440\u043e\u0437\u044b \u0438 \u044d\u0443\u0441\u0442\u043e\u043c\u044b \u2013 \u044d\u0442\u043e \u0442\u043e, \u0447\u0442\u043e \u0412\u0430\u043c \u043d\u0443\u0436\u043d\u043e. \u042d\u0443\u0441\u0442\u043e\u043c\u0430 \u2013 \u044d\u0442\u043e \u0446\u0432\u0435\u0442\u043e\u043a, \u043a\u043e\u0442\u043e\u0440\u044b\u0439 \u0441\u0438\u043c\u0432\u043e\u043b\u0438\u0437\u0438\u0440\u0443\u0435\u0442 \u0440\u0430\u0434\u043e\u0441\u0442\u044c \u0438 \u0432\u0435\u0441\u0435\u043b\u044c\u0435. \u0412\u0435\u0434\u044c \u043a\u0430\u043a \u043f\u0440\u0435\u043a\u0440\u0430\u0441\u043d\u043e \u0434\u0430\u0440\u0438\u0442\u044c \u043b\u044e\u0434\u044f\u043c \u044d\u0442\u0438 \u043f\u043e\u043b\u043e\u0436\u0438\u0442\u0435\u043b\u044c\u043d\u044b\u0435 \u044d\u043c\u043e\u0446\u0438\u0438. \u041f\u0440\u043e\u0434\u043b\u0435\u0432\u0430\u0439\u0442\u0435 \u0436\u0438\u0437\u043d\u044c \u043b\u044e\u0431\u0438\u043c\u043e\u0439 \u0436\u0435\u043d\u0449\u0438\u043d\u044b, \u0434\u0430\u0440\u044f \u0435\u0439 \u0440\u0430\u0434\u043e\u0441\u0442\u044c \u0438 \u0434\u043e\u0436\u0438\u0432\u0435\u0442\u0435 \u0434\u043e \u0437\u043e\u043b\u043e\u0442\u043e\u0439 \u0441\u0432\u0430\u0434\u044c\u0431\u044b \u0432 \u0433\u0430\u0440\u043c\u043e\u043d\u0438\u0438 \u0438 \u0432\u0435\u0441\u0435\u043b\u044c\u0435.   \u0426\u0432\u0435\u0442 \u0446\u0432\u0435\u0442\u043e\u0432 \u043c\u043e\u0436\u0435\u0442 \u043c\u0435\u043d\u044f\u0442\u044c\u0441\u044f .[:en]A bouquet of roses and eustoma is a fabulous surprise for your girlfriend or wife. Present them without looking for a special occasion and without waiting for special events, because it is no secret for anyone that all the fair sex adore flowers. A bouquet of roses and eustoma is what you need. Eustoma is a flower that symbolizes joy and fun. After all, how wonderful it is to give people these positive emotions. Extend the life of your beloved woman, giving her joy and live to the golden wedding in harmony and fun.   The color of the flowers may vary.[:]\" \/>\n<meta property=\"og:url\" content=\"https:\/\/bonfortuno.eu\/toode\/sefiir\/\" \/>\n<meta property=\"og:site_name\" content=\"Bonfortuno\" \/>\n<meta property=\"article:modified_time\" content=\"2022-02-07T12:13:19+00:00\" \/>\n<meta property=\"og:image\" content=\"https:\/\/bonfortuno.eu\/wp-content\/uploads\/2021\/08\/thumb_buket-eustomoj.jpg\" \/>\n\t<meta property=\"og:image:width\" content=\"300\" \/>\n\t<meta property=\"og:image:height\" content=\"300\" \/>\n\t<meta property=\"og:image:type\" content=\"image\/jpeg\" \/>\n<meta name=\"twitter:card\" content=\"summary_large_image\" \/>\n<meta name=\"twitter:label1\" content=\"Est. reading time\" \/>\n\t<meta name=\"twitter:data1\" content=\"1 minute\" \/>\n<script type=\"application\/ld+json\" class=\"yoast-schema-graph\">{\"@context\":\"https:\\\/\\\/schema.org\",\"@graph\":[{\"@type\":\"WebPage\",\"@id\":\"https:\\\/\\\/bonfortuno.eu\\\/toode\\\/sefiir\\\/\",\"url\":\"https:\\\/\\\/bonfortuno.eu\\\/toode\\\/sefiir\\\/\",\"name\":\"[:et]\\\" Sefiir \\\"[:ru]\\\" \u0417\u0435\u0444\u0438\u0440 \\\"[:en]\\\"Zephyr \\\"[:] | Bonfortuno\",\"isPartOf\":{\"@id\":\"https:\\\/\\\/bonfortuno.eu\\\/ru\\\/#website\"},\"primaryImageOfPage\":{\"@id\":\"https:\\\/\\\/bonfortuno.eu\\\/toode\\\/sefiir\\\/#primaryimage\"},\"image\":{\"@id\":\"https:\\\/\\\/bonfortuno.eu\\\/toode\\\/sefiir\\\/#primaryimage\"},\"thumbnailUrl\":\"https:\\\/\\\/bonfortuno.eu\\\/wp-content\\\/uploads\\\/2021\\\/08\\\/thumb_buket-eustomoj.jpg\",\"datePublished\":\"2021-08-18T16:12:25+00:00\",\"dateModified\":\"2022-02-07T12:13:19+00:00\",\"breadcrumb\":{\"@id\":\"https:\\\/\\\/bonfortuno.eu\\\/toode\\\/sefiir\\\/#breadcrumb\"},\"inLanguage\":\"en-US\",\"potentialAction\":[{\"@type\":\"ReadAction\",\"target\":[\"https:\\\/\\\/bonfortuno.eu\\\/toode\\\/sefiir\\\/\"]}]},{\"@type\":\"ImageObject\",\"inLanguage\":\"en-US\",\"@id\":\"https:\\\/\\\/bonfortuno.eu\\\/toode\\\/sefiir\\\/#primaryimage\",\"url\":\"https:\\\/\\\/bonfortuno.eu\\\/wp-content\\\/uploads\\\/2021\\\/08\\\/thumb_buket-eustomoj.jpg\",\"contentUrl\":\"https:\\\/\\\/bonfortuno.eu\\\/wp-content\\\/uploads\\\/2021\\\/08\\\/thumb_buket-eustomoj.jpg\",\"width\":300,\"height\":300},{\"@type\":\"BreadcrumbList\",\"@id\":\"https:\\\/\\\/bonfortuno.eu\\\/toode\\\/sefiir\\\/#breadcrumb\",\"itemListElement\":[{\"@type\":\"ListItem\",\"position\":1,\"name\":\"\u0413\u043b\u0430\u0432\u043d\u0430\u044f \u0441\u0442\u0440\u0430\u043d\u0438\u0446\u0430\",\"item\":\"https:\\\/\\\/bonfortuno.eu\\\/\"},{\"@type\":\"ListItem\",\"position\":2,\"name\":\"\u041c\u0430\u0433\u0430\u0437\u0438\u043d\",\"item\":\"https:\\\/\\\/bonfortuno.eu\\\/\"},{\"@type\":\"ListItem\",\"position\":3,\"name\":\"&#8221; Sefiir &#8220;\"}]},{\"@type\":\"WebSite\",\"@id\":\"https:\\\/\\\/bonfortuno.eu\\\/ru\\\/#website\",\"url\":\"https:\\\/\\\/bonfortuno.eu\\\/ru\\\/\",\"name\":\"Bonfortuno\",\"description\":\"The world of fresh flowers\",\"potentialAction\":[{\"@type\":\"SearchAction\",\"target\":{\"@type\":\"EntryPoint\",\"urlTemplate\":\"https:\\\/\\\/bonfortuno.eu\\\/ru\\\/?s={search_term_string}\"},\"query-input\":{\"@type\":\"PropertyValueSpecification\",\"valueRequired\":true,\"valueName\":\"search_term_string\"}}],\"inLanguage\":\"en-US\"}]}<\/script>\n<!-- \/ Yoast SEO plugin. -->","yoast_head_json":{"title":"[:et]\" Sefiir \"[:ru]\" \u0417\u0435\u0444\u0438\u0440 \"[:en]\"Zephyr \"[:] | Bonfortuno","robots":{"index":"index","follow":"follow","max-snippet":"max-snippet:-1","max-image-preview":"max-image-preview:large","max-video-preview":"max-video-preview:-1"},"canonical":"https:\/\/bonfortuno.eu\/toode\/sefiir\/","og_locale":"en_US","og_type":"article","og_title":"[:et]\" Sefiir \"[:ru]\" \u0417\u0435\u0444\u0438\u0440 \"[:en]\"Zephyr \"[:] | Bonfortuno","og_description":"[:et]Rooside ja eustoma kimp on teie t\u00fcdruks\u00f5brale v\u00f5i naisele vapustav \u00fcllatus. Esitage neid ilma erilist s\u00fcndmust otsimata ja eris\u00fcndmusi ootamata, sest kellegi jaoks pole saladus, et k\u00f5ik \u00f5iglane sugu jumaldab lilli. Rooside ja eustoma kimp on see, mida vajate. Eustoma on lill, mis s\u00fcmboliseerib r\u00f5\u00f5mu ja l\u00f5bu. L\u00f5ppude l\u00f5puks, kui imeline on anda inimestele neid positiivseid emotsioone. Pikendage oma armastatud naise eluiga, andes talle r\u00f5\u00f5mu ja elage kuldsete pulmadeni harmoonias ja l\u00f5busalt.   Lillede v\u00e4rvus v\u00f5ib olla erinev.[:ru]\u0411\u0443\u043a\u0435\u0442 \u0440\u043e\u0437\u044b \u0438 \u044d\u0443\u0441\u0442\u043e\u043c\u044b \u2013 \u0441\u043a\u0430\u0437\u043e\u0447\u043d\u044b\u0439 \u0441\u044e\u0440\u043f\u0440\u0438\u0437 \u0434\u043b\u044f \u0412\u0430\u0448\u0435\u0439 \u0434\u0435\u0432\u0443\u0448\u043a\u0438 \u0438\u043b\u0438 \u0436\u0435\u043d\u044b. \u041f\u043e\u0434\u0430\u0440\u0438\u0442\u0435 \u0438\u0445, \u043d\u0435 \u0438\u0449\u0430 \u043e\u0441\u043e\u0431\u043e\u0433\u043e \u043f\u043e\u0432\u043e\u0434\u0430 \u0438 \u043d\u0435 \u0434\u043e\u0436\u0438\u0434\u0430\u044f\u0441\u044c \u0442\u043e\u0440\u0436\u0435\u0441\u0442\u0432\u0435\u043d\u043d\u044b\u0445 \u043c\u0435\u0440\u043e\u043f\u0440\u0438\u044f\u0442\u0438\u0439, \u0432\u0435\u0434\u044c \u043d\u0435 \u0434\u043b\u044f \u043a\u043e\u0433\u043e \u043d\u0435 \u0441\u0435\u043a\u0440\u0435\u0442, \u0447\u0442\u043e \u0432\u0441\u0435 \u043f\u0440\u0435\u0434\u0441\u0442\u0430\u0432\u0438\u0442\u0435\u043b\u044c\u043d\u0438\u0446\u044b \u043f\u0440\u0435\u043a\u0440\u0430\u0441\u043d\u043e\u0433\u043e \u043f\u043e\u043b\u0430 \u043e\u0431\u043e\u0436\u0430\u044e\u0442 \u0446\u0432\u0435\u0442\u044b. \u0411\u0443\u043a\u0435\u0442 \u0440\u043e\u0437\u044b \u0438 \u044d\u0443\u0441\u0442\u043e\u043c\u044b \u2013 \u044d\u0442\u043e \u0442\u043e, \u0447\u0442\u043e \u0412\u0430\u043c \u043d\u0443\u0436\u043d\u043e. \u042d\u0443\u0441\u0442\u043e\u043c\u0430 \u2013 \u044d\u0442\u043e \u0446\u0432\u0435\u0442\u043e\u043a, \u043a\u043e\u0442\u043e\u0440\u044b\u0439 \u0441\u0438\u043c\u0432\u043e\u043b\u0438\u0437\u0438\u0440\u0443\u0435\u0442 \u0440\u0430\u0434\u043e\u0441\u0442\u044c \u0438 \u0432\u0435\u0441\u0435\u043b\u044c\u0435. \u0412\u0435\u0434\u044c \u043a\u0430\u043a \u043f\u0440\u0435\u043a\u0440\u0430\u0441\u043d\u043e \u0434\u0430\u0440\u0438\u0442\u044c \u043b\u044e\u0434\u044f\u043c \u044d\u0442\u0438 \u043f\u043e\u043b\u043e\u0436\u0438\u0442\u0435\u043b\u044c\u043d\u044b\u0435 \u044d\u043c\u043e\u0446\u0438\u0438. \u041f\u0440\u043e\u0434\u043b\u0435\u0432\u0430\u0439\u0442\u0435 \u0436\u0438\u0437\u043d\u044c \u043b\u044e\u0431\u0438\u043c\u043e\u0439 \u0436\u0435\u043d\u0449\u0438\u043d\u044b, \u0434\u0430\u0440\u044f \u0435\u0439 \u0440\u0430\u0434\u043e\u0441\u0442\u044c \u0438 \u0434\u043e\u0436\u0438\u0432\u0435\u0442\u0435 \u0434\u043e \u0437\u043e\u043b\u043e\u0442\u043e\u0439 \u0441\u0432\u0430\u0434\u044c\u0431\u044b \u0432 \u0433\u0430\u0440\u043c\u043e\u043d\u0438\u0438 \u0438 \u0432\u0435\u0441\u0435\u043b\u044c\u0435.   \u0426\u0432\u0435\u0442 \u0446\u0432\u0435\u0442\u043e\u0432 \u043c\u043e\u0436\u0435\u0442 \u043c\u0435\u043d\u044f\u0442\u044c\u0441\u044f .[:en]A bouquet of roses and eustoma is a fabulous surprise for your girlfriend or wife. Present them without looking for a special occasion and without waiting for special events, because it is no secret for anyone that all the fair sex adore flowers. A bouquet of roses and eustoma is what you need. Eustoma is a flower that symbolizes joy and fun. After all, how wonderful it is to give people these positive emotions. Extend the life of your beloved woman, giving her joy and live to the golden wedding in harmony and fun.   The color of the flowers may vary.[:]","og_url":"https:\/\/bonfortuno.eu\/toode\/sefiir\/","og_site_name":"Bonfortuno","article_modified_time":"2022-02-07T12:13:19+00:00","og_image":[{"width":300,"height":300,"url":"https:\/\/bonfortuno.eu\/wp-content\/uploads\/2021\/08\/thumb_buket-eustomoj.jpg","type":"image\/jpeg"}],"twitter_card":"summary_large_image","twitter_misc":{"Est. reading time":"1 minute"},"schema":{"@context":"https:\/\/schema.org","@graph":[{"@type":"WebPage","@id":"https:\/\/bonfortuno.eu\/toode\/sefiir\/","url":"https:\/\/bonfortuno.eu\/toode\/sefiir\/","name":"[:et]\" Sefiir \"[:ru]\" \u0417\u0435\u0444\u0438\u0440 \"[:en]\"Zephyr \"[:] | Bonfortuno","isPartOf":{"@id":"https:\/\/bonfortuno.eu\/ru\/#website"},"primaryImageOfPage":{"@id":"https:\/\/bonfortuno.eu\/toode\/sefiir\/#primaryimage"},"image":{"@id":"https:\/\/bonfortuno.eu\/toode\/sefiir\/#primaryimage"},"thumbnailUrl":"https:\/\/bonfortuno.eu\/wp-content\/uploads\/2021\/08\/thumb_buket-eustomoj.jpg","datePublished":"2021-08-18T16:12:25+00:00","dateModified":"2022-02-07T12:13:19+00:00","breadcrumb":{"@id":"https:\/\/bonfortuno.eu\/toode\/sefiir\/#breadcrumb"},"inLanguage":"en-US","potentialAction":[{"@type":"ReadAction","target":["https:\/\/bonfortuno.eu\/toode\/sefiir\/"]}]},{"@type":"ImageObject","inLanguage":"en-US","@id":"https:\/\/bonfortuno.eu\/toode\/sefiir\/#primaryimage","url":"https:\/\/bonfortuno.eu\/wp-content\/uploads\/2021\/08\/thumb_buket-eustomoj.jpg","contentUrl":"https:\/\/bonfortuno.eu\/wp-content\/uploads\/2021\/08\/thumb_buket-eustomoj.jpg","width":300,"height":300},{"@type":"BreadcrumbList","@id":"https:\/\/bonfortuno.eu\/toode\/sefiir\/#breadcrumb","itemListElement":[{"@type":"ListItem","position":1,"name":"\u0413\u043b\u0430\u0432\u043d\u0430\u044f \u0441\u0442\u0440\u0430\u043d\u0438\u0446\u0430","item":"https:\/\/bonfortuno.eu\/"},{"@type":"ListItem","position":2,"name":"\u041c\u0430\u0433\u0430\u0437\u0438\u043d","item":"https:\/\/bonfortuno.eu\/"},{"@type":"ListItem","position":3,"name":"&#8221; Sefiir &#8220;"}]},{"@type":"WebSite","@id":"https:\/\/bonfortuno.eu\/ru\/#website","url":"https:\/\/bonfortuno.eu\/ru\/","name":"Bonfortuno","description":"The world of fresh flowers","potentialAction":[{"@type":"SearchAction","target":{"@type":"EntryPoint","urlTemplate":"https:\/\/bonfortuno.eu\/ru\/?s={search_term_string}"},"query-input":{"@type":"PropertyValueSpecification","valueRequired":true,"valueName":"search_term_string"}}],"inLanguage":"en-US"}]}},"_links":{"self":[{"href":"https:\/\/bonfortuno.eu\/en\/wp-json\/wp\/v2\/product\/3386","targetHints":{"allow":["GET"]}}],"collection":[{"href":"https:\/\/bonfortuno.eu\/en\/wp-json\/wp\/v2\/product"}],"about":[{"href":"https:\/\/bonfortuno.eu\/en\/wp-json\/wp\/v2\/types\/product"}],"wp:featuredmedia":[{"embeddable":true,"href":"https:\/\/bonfortuno.eu\/en\/wp-json\/wp\/v2\/media\/3305"}],"wp:attachment":[{"href":"https:\/\/bonfortuno.eu\/en\/wp-json\/wp\/v2\/media?parent=3386"}],"wp:term":[{"taxonomy":"product_brand","embeddable":true,"href":"https:\/\/bonfortuno.eu\/en\/wp-json\/wp\/v2\/product_brand?post=3386"},{"taxonomy":"product_cat","embeddable":true,"href":"https:\/\/bonfortuno.eu\/en\/wp-json\/wp\/v2\/product_cat?post=3386"},{"taxonomy":"product_tag","embeddable":true,"href":"https:\/\/bonfortuno.eu\/en\/wp-json\/wp\/v2\/product_tag?post=3386"}],"curies":[{"name":"wp","href":"https:\/\/api.w.org\/{rel}","templated":true}]}}