{"id":3391,"date":"2021-08-19T17:23:36","date_gmt":"2021-08-19T14:23:36","guid":{"rendered":"https:\/\/bonfortuno.eu\/?post_type=product&#038;p=3391"},"modified":"2023-03-03T09:15:35","modified_gmt":"2023-03-03T07:15:35","slug":"hinge-lend","status":"publish","type":"product","link":"https:\/\/bonfortuno.eu\/en\/toode\/hinge-lend\/","title":{"rendered":"&#8221;Flight of the Soul&#8221;"},"content":{"rendered":"<p>\u201cIf you carefully choose a gift for a beautiful lady, but do not know where to stop, we bring to your attention a lovely bouquet of delicate eustoma. By choosing it, you will certainly show yourself as a person with original thinking and refined taste. &#8221;<\/p>\n<p>Color of flowers and packaging may vary.<\/p>","protected":false},"excerpt":{"rendered":"<p>\u201cIf you carefully choose a gift for a beautiful lady, but do not know where to stop, we bring to your attention a lovely bouquet of delicate eustoma. By choosing it, you will certainly show yourself as a person with original thinking and refined taste. &#8221;<\/p>\n<p>Color of flowers and packaging may vary.<\/p>\n","protected":false},"featured_media":3320,"template":"","meta":[],"product_brand":[],"product_cat":[76,30],"product_tag":[],"class_list":{"0":"post-3391","1":"product","2":"type-product","3":"status-publish","4":"has-post-thumbnail","6":"product_cat-koik-tooted","7":"product_cat-lillekimbud","9":"first","10":"instock","11":"shipping-taxable","12":"purchasable","13":"product-type-simple"},"yoast_head":"<!-- This site is optimized with the Yoast SEO plugin v27.3 - https:\/\/yoast.com\/product\/yoast-seo-wordpress\/ -->\n<title>&quot;Flight of the Soul&quot; | Bonfortuno<\/title>\n<meta name=\"robots\" content=\"index, follow, max-snippet:-1, max-image-preview:large, max-video-preview:-1\" \/>\n<link rel=\"canonical\" href=\"https:\/\/bonfortuno.eu\/toode\/hinge-lend\/\" \/>\n<meta property=\"og:locale\" content=\"en_US\" \/>\n<meta property=\"og:type\" content=\"article\" \/>\n<meta property=\"og:title\" content=\"[:et]&quot;Hinge lend&quot;[:ru]&quot; \u041f\u043e\u043b\u0435\u0442 \u0434\u0443\u0448\u0438 &quot;[:en]&quot;Flight of the Soul&quot;[:] | Bonfortuno\" \/>\n<meta property=\"og:description\" content=\"[:et]\u201eKui valite ilusale daamile kingituse hoolikalt, kuid ei tea, kus peatuda, juhime teie t\u00e4helepanu \u00fchele \u00f5rna eustoma kimbule. Selle valides n\u00e4itate end kindlasti originaalse m\u00f5tlemise ja rafineeritud maitsega inimesena. &quot;  Lillede v\u00e4rv ja pakend v\u00f5ivad erineda.[:ru]\u00ab\u0415\u0441\u043b\u0438 \u0412\u044b \u0442\u0449\u0430\u0442\u0435\u043b\u044c\u043d\u043e \u0432\u044b\u0431\u0438\u0440\u0430\u0435\u0442\u0435 \u043f\u043e\u0434\u0430\u0440\u043e\u043a \u0434\u043b\u044f \u043f\u0440\u0435\u043a\u0440\u0430\u0441\u043d\u043e\u0439 \u0434\u0430\u043c\u044b, \u043d\u043e \u043d\u0435 \u0437\u043d\u0430\u0435\u0442\u0435, \u043d\u0430 \u0447\u0435\u043c \u043e\u0441\u0442\u0430\u043d\u043e\u0432\u0438\u0442\u044c\u0441\u044f, \u043f\u0440\u0435\u0434\u043b\u0430\u0433\u0430\u0435\u043c \u0412\u0430\u0448\u0435\u043c\u0443 \u0432\u043d\u0438\u043c\u0430\u043d\u0438\u044e \u043f\u0440\u0435\u043b\u0435\u0441\u0442\u043d\u044b\u0439 \u0431\u0443\u043a\u0435\u0442 \u0438\u0437 \u043d\u0435\u0436\u043d\u043e\u0439 \u044d\u0443\u0441\u0442\u043e\u043c\u044b. \u0412\u044b\u0431\u0440\u0430\u0432 \u0435\u0433\u043e, \u0412\u044b, \u0431\u0435\u0437\u0443\u0441\u043b\u043e\u0432\u043d\u043e, \u043f\u043e\u043a\u0430\u0436\u0435\u0442\u0435 \u0441\u0435\u0431\u044f \u0447\u0435\u043b\u043e\u0432\u0435\u043a\u043e\u043c \u0441 \u043e\u0440\u0438\u0433\u0438\u043d\u0430\u043b\u044c\u043d\u044b\u043c \u043c\u044b\u0448\u043b\u0435\u043d\u0438\u0435\u043c \u0438 \u0443\u0442\u043e\u043d\u0447\u0435\u043d\u043d\u044b\u043c \u0432\u043a\u0443\u0441\u043e\u043c.\u00bb   \u0426\u0432\u0435\u0442 \u0446\u0432\u0435\u0442\u043e\u0432 \u0438 \u0443\u043f\u0430\u043a\u043e\u0432\u043a\u0438 \u043c\u043e\u0436\u0435\u0442 \u043c\u0435\u043d\u044f\u0442\u044c\u0441\u044f.[:en]\u201cIf you carefully choose a gift for a beautiful lady, but do not know where to stop, we bring to your attention a lovely bouquet of delicate eustoma. By choosing it, you will certainly show yourself as a person with original thinking and refined taste. &quot;   Color of flowers and packaging may vary.[:]\" \/>\n<meta property=\"og:url\" content=\"https:\/\/bonfortuno.eu\/toode\/hinge-lend\/\" \/>\n<meta property=\"og:site_name\" content=\"Bonfortuno\" \/>\n<meta property=\"article:modified_time\" content=\"2023-03-03T07:15:35+00:00\" \/>\n<meta property=\"og:image\" content=\"https:\/\/bonfortuno.eu\/wp-content\/uploads\/2021\/08\/buket-iz-tsvetov-eustomyi-lyubimoy1-800x800-1.jpg\" \/>\n\t<meta property=\"og:image:width\" content=\"800\" \/>\n\t<meta property=\"og:image:height\" content=\"800\" \/>\n\t<meta property=\"og:image:type\" content=\"image\/jpeg\" \/>\n<meta name=\"twitter:card\" content=\"summary_large_image\" \/>\n<script type=\"application\/ld+json\" class=\"yoast-schema-graph\">{\"@context\":\"https:\\\/\\\/schema.org\",\"@graph\":[{\"@type\":\"WebPage\",\"@id\":\"https:\\\/\\\/bonfortuno.eu\\\/toode\\\/hinge-lend\\\/\",\"url\":\"https:\\\/\\\/bonfortuno.eu\\\/toode\\\/hinge-lend\\\/\",\"name\":\"[:et]\\\"Hinge lend\\\"[:ru]\\\" \u041f\u043e\u043b\u0435\u0442 \u0434\u0443\u0448\u0438 \\\"[:en]\\\"Flight of the Soul\\\"[:] | Bonfortuno\",\"isPartOf\":{\"@id\":\"https:\\\/\\\/bonfortuno.eu\\\/ru\\\/#website\"},\"primaryImageOfPage\":{\"@id\":\"https:\\\/\\\/bonfortuno.eu\\\/toode\\\/hinge-lend\\\/#primaryimage\"},\"image\":{\"@id\":\"https:\\\/\\\/bonfortuno.eu\\\/toode\\\/hinge-lend\\\/#primaryimage\"},\"thumbnailUrl\":\"https:\\\/\\\/bonfortuno.eu\\\/wp-content\\\/uploads\\\/2021\\\/08\\\/buket-iz-tsvetov-eustomyi-lyubimoy1-800x800-1.jpg\",\"datePublished\":\"2021-08-19T14:23:36+00:00\",\"dateModified\":\"2023-03-03T07:15:35+00:00\",\"breadcrumb\":{\"@id\":\"https:\\\/\\\/bonfortuno.eu\\\/toode\\\/hinge-lend\\\/#breadcrumb\"},\"inLanguage\":\"en-US\",\"potentialAction\":[{\"@type\":\"ReadAction\",\"target\":[\"https:\\\/\\\/bonfortuno.eu\\\/toode\\\/hinge-lend\\\/\"]}]},{\"@type\":\"ImageObject\",\"inLanguage\":\"en-US\",\"@id\":\"https:\\\/\\\/bonfortuno.eu\\\/toode\\\/hinge-lend\\\/#primaryimage\",\"url\":\"https:\\\/\\\/bonfortuno.eu\\\/wp-content\\\/uploads\\\/2021\\\/08\\\/buket-iz-tsvetov-eustomyi-lyubimoy1-800x800-1.jpg\",\"contentUrl\":\"https:\\\/\\\/bonfortuno.eu\\\/wp-content\\\/uploads\\\/2021\\\/08\\\/buket-iz-tsvetov-eustomyi-lyubimoy1-800x800-1.jpg\",\"width\":800,\"height\":800},{\"@type\":\"BreadcrumbList\",\"@id\":\"https:\\\/\\\/bonfortuno.eu\\\/toode\\\/hinge-lend\\\/#breadcrumb\",\"itemListElement\":[{\"@type\":\"ListItem\",\"position\":1,\"name\":\"\u0413\u043b\u0430\u0432\u043d\u0430\u044f \u0441\u0442\u0440\u0430\u043d\u0438\u0446\u0430\",\"item\":\"https:\\\/\\\/bonfortuno.eu\\\/\"},{\"@type\":\"ListItem\",\"position\":2,\"name\":\"\u041c\u0430\u0433\u0430\u0437\u0438\u043d\",\"item\":\"https:\\\/\\\/bonfortuno.eu\\\/\"},{\"@type\":\"ListItem\",\"position\":3,\"name\":\"&#8220;Hinge lend&#8221;\"}]},{\"@type\":\"WebSite\",\"@id\":\"https:\\\/\\\/bonfortuno.eu\\\/ru\\\/#website\",\"url\":\"https:\\\/\\\/bonfortuno.eu\\\/ru\\\/\",\"name\":\"Bonfortuno\",\"description\":\"The world of fresh flowers\",\"potentialAction\":[{\"@type\":\"SearchAction\",\"target\":{\"@type\":\"EntryPoint\",\"urlTemplate\":\"https:\\\/\\\/bonfortuno.eu\\\/ru\\\/?s={search_term_string}\"},\"query-input\":{\"@type\":\"PropertyValueSpecification\",\"valueRequired\":true,\"valueName\":\"search_term_string\"}}],\"inLanguage\":\"en-US\"}]}<\/script>\n<!-- \/ Yoast SEO plugin. -->","yoast_head_json":{"title":"[:et]\"Hinge lend\"[:ru]\" \u041f\u043e\u043b\u0435\u0442 \u0434\u0443\u0448\u0438 \"[:en]\"Flight of the Soul\"[:] | Bonfortuno","robots":{"index":"index","follow":"follow","max-snippet":"max-snippet:-1","max-image-preview":"max-image-preview:large","max-video-preview":"max-video-preview:-1"},"canonical":"https:\/\/bonfortuno.eu\/toode\/hinge-lend\/","og_locale":"en_US","og_type":"article","og_title":"[:et]\"Hinge lend\"[:ru]\" \u041f\u043e\u043b\u0435\u0442 \u0434\u0443\u0448\u0438 \"[:en]\"Flight of the Soul\"[:] | Bonfortuno","og_description":"[:et]\u201eKui valite ilusale daamile kingituse hoolikalt, kuid ei tea, kus peatuda, juhime teie t\u00e4helepanu \u00fchele \u00f5rna eustoma kimbule. Selle valides n\u00e4itate end kindlasti originaalse m\u00f5tlemise ja rafineeritud maitsega inimesena. \"  Lillede v\u00e4rv ja pakend v\u00f5ivad erineda.[:ru]\u00ab\u0415\u0441\u043b\u0438 \u0412\u044b \u0442\u0449\u0430\u0442\u0435\u043b\u044c\u043d\u043e \u0432\u044b\u0431\u0438\u0440\u0430\u0435\u0442\u0435 \u043f\u043e\u0434\u0430\u0440\u043e\u043a \u0434\u043b\u044f \u043f\u0440\u0435\u043a\u0440\u0430\u0441\u043d\u043e\u0439 \u0434\u0430\u043c\u044b, \u043d\u043e \u043d\u0435 \u0437\u043d\u0430\u0435\u0442\u0435, \u043d\u0430 \u0447\u0435\u043c \u043e\u0441\u0442\u0430\u043d\u043e\u0432\u0438\u0442\u044c\u0441\u044f, \u043f\u0440\u0435\u0434\u043b\u0430\u0433\u0430\u0435\u043c \u0412\u0430\u0448\u0435\u043c\u0443 \u0432\u043d\u0438\u043c\u0430\u043d\u0438\u044e \u043f\u0440\u0435\u043b\u0435\u0441\u0442\u043d\u044b\u0439 \u0431\u0443\u043a\u0435\u0442 \u0438\u0437 \u043d\u0435\u0436\u043d\u043e\u0439 \u044d\u0443\u0441\u0442\u043e\u043c\u044b. \u0412\u044b\u0431\u0440\u0430\u0432 \u0435\u0433\u043e, \u0412\u044b, \u0431\u0435\u0437\u0443\u0441\u043b\u043e\u0432\u043d\u043e, \u043f\u043e\u043a\u0430\u0436\u0435\u0442\u0435 \u0441\u0435\u0431\u044f \u0447\u0435\u043b\u043e\u0432\u0435\u043a\u043e\u043c \u0441 \u043e\u0440\u0438\u0433\u0438\u043d\u0430\u043b\u044c\u043d\u044b\u043c \u043c\u044b\u0448\u043b\u0435\u043d\u0438\u0435\u043c \u0438 \u0443\u0442\u043e\u043d\u0447\u0435\u043d\u043d\u044b\u043c \u0432\u043a\u0443\u0441\u043e\u043c.\u00bb   \u0426\u0432\u0435\u0442 \u0446\u0432\u0435\u0442\u043e\u0432 \u0438 \u0443\u043f\u0430\u043a\u043e\u0432\u043a\u0438 \u043c\u043e\u0436\u0435\u0442 \u043c\u0435\u043d\u044f\u0442\u044c\u0441\u044f.[:en]\u201cIf you carefully choose a gift for a beautiful lady, but do not know where to stop, we bring to your attention a lovely bouquet of delicate eustoma. By choosing it, you will certainly show yourself as a person with original thinking and refined taste. \"   Color of flowers and packaging may vary.[:]","og_url":"https:\/\/bonfortuno.eu\/toode\/hinge-lend\/","og_site_name":"Bonfortuno","article_modified_time":"2023-03-03T07:15:35+00:00","og_image":[{"width":800,"height":800,"url":"https:\/\/bonfortuno.eu\/wp-content\/uploads\/2021\/08\/buket-iz-tsvetov-eustomyi-lyubimoy1-800x800-1.jpg","type":"image\/jpeg"}],"twitter_card":"summary_large_image","schema":{"@context":"https:\/\/schema.org","@graph":[{"@type":"WebPage","@id":"https:\/\/bonfortuno.eu\/toode\/hinge-lend\/","url":"https:\/\/bonfortuno.eu\/toode\/hinge-lend\/","name":"[:et]\"Hinge lend\"[:ru]\" \u041f\u043e\u043b\u0435\u0442 \u0434\u0443\u0448\u0438 \"[:en]\"Flight of the Soul\"[:] | Bonfortuno","isPartOf":{"@id":"https:\/\/bonfortuno.eu\/ru\/#website"},"primaryImageOfPage":{"@id":"https:\/\/bonfortuno.eu\/toode\/hinge-lend\/#primaryimage"},"image":{"@id":"https:\/\/bonfortuno.eu\/toode\/hinge-lend\/#primaryimage"},"thumbnailUrl":"https:\/\/bonfortuno.eu\/wp-content\/uploads\/2021\/08\/buket-iz-tsvetov-eustomyi-lyubimoy1-800x800-1.jpg","datePublished":"2021-08-19T14:23:36+00:00","dateModified":"2023-03-03T07:15:35+00:00","breadcrumb":{"@id":"https:\/\/bonfortuno.eu\/toode\/hinge-lend\/#breadcrumb"},"inLanguage":"en-US","potentialAction":[{"@type":"ReadAction","target":["https:\/\/bonfortuno.eu\/toode\/hinge-lend\/"]}]},{"@type":"ImageObject","inLanguage":"en-US","@id":"https:\/\/bonfortuno.eu\/toode\/hinge-lend\/#primaryimage","url":"https:\/\/bonfortuno.eu\/wp-content\/uploads\/2021\/08\/buket-iz-tsvetov-eustomyi-lyubimoy1-800x800-1.jpg","contentUrl":"https:\/\/bonfortuno.eu\/wp-content\/uploads\/2021\/08\/buket-iz-tsvetov-eustomyi-lyubimoy1-800x800-1.jpg","width":800,"height":800},{"@type":"BreadcrumbList","@id":"https:\/\/bonfortuno.eu\/toode\/hinge-lend\/#breadcrumb","itemListElement":[{"@type":"ListItem","position":1,"name":"\u0413\u043b\u0430\u0432\u043d\u0430\u044f \u0441\u0442\u0440\u0430\u043d\u0438\u0446\u0430","item":"https:\/\/bonfortuno.eu\/"},{"@type":"ListItem","position":2,"name":"\u041c\u0430\u0433\u0430\u0437\u0438\u043d","item":"https:\/\/bonfortuno.eu\/"},{"@type":"ListItem","position":3,"name":"&#8220;Hinge lend&#8221;"}]},{"@type":"WebSite","@id":"https:\/\/bonfortuno.eu\/ru\/#website","url":"https:\/\/bonfortuno.eu\/ru\/","name":"Bonfortuno","description":"The world of fresh flowers","potentialAction":[{"@type":"SearchAction","target":{"@type":"EntryPoint","urlTemplate":"https:\/\/bonfortuno.eu\/ru\/?s={search_term_string}"},"query-input":{"@type":"PropertyValueSpecification","valueRequired":true,"valueName":"search_term_string"}}],"inLanguage":"en-US"}]}},"_links":{"self":[{"href":"https:\/\/bonfortuno.eu\/en\/wp-json\/wp\/v2\/product\/3391","targetHints":{"allow":["GET"]}}],"collection":[{"href":"https:\/\/bonfortuno.eu\/en\/wp-json\/wp\/v2\/product"}],"about":[{"href":"https:\/\/bonfortuno.eu\/en\/wp-json\/wp\/v2\/types\/product"}],"wp:featuredmedia":[{"embeddable":true,"href":"https:\/\/bonfortuno.eu\/en\/wp-json\/wp\/v2\/media\/3320"}],"wp:attachment":[{"href":"https:\/\/bonfortuno.eu\/en\/wp-json\/wp\/v2\/media?parent=3391"}],"wp:term":[{"taxonomy":"product_brand","embeddable":true,"href":"https:\/\/bonfortuno.eu\/en\/wp-json\/wp\/v2\/product_brand?post=3391"},{"taxonomy":"product_cat","embeddable":true,"href":"https:\/\/bonfortuno.eu\/en\/wp-json\/wp\/v2\/product_cat?post=3391"},{"taxonomy":"product_tag","embeddable":true,"href":"https:\/\/bonfortuno.eu\/en\/wp-json\/wp\/v2\/product_tag?post=3391"}],"curies":[{"name":"wp","href":"https:\/\/api.w.org\/{rel}","templated":true}]}}