{"id":3618,"date":"2022-03-05T12:52:00","date_gmt":"2022-03-05T10:52:00","guid":{"rendered":"https:\/\/bonfortuno.eu\/?post_type=product&#038;p=3618"},"modified":"2025-03-07T18:42:35","modified_gmt":"2025-03-07T16:42:35","slug":"frill-tulbid","status":"publish","type":"product","link":"https:\/\/bonfortuno.eu\/en\/toode\/frill-tulbid\/","title":{"rendered":"Frill Tulips"},"content":{"rendered":"<p class=\"qtranxs-available-languages-message qtranxs-available-languages-message-en\">Sorry, this entry is only available in <a href=\"https:\/\/bonfortuno.eu\/ru\/wp-json\/wp\/v2\/product\/3618\" class=\"qtranxs-available-language-link qtranxs-available-language-link-ru\" title=\"\u0420\u0443\u0441\u0441\u043a\u0438\u0439\">\u0420\u0443\u0441\u0441\u043a\u0438\u0439<\/a>.<\/p>","protected":false},"excerpt":{"rendered":"<p>Bouquet of Frill Tulips.<br \/>\nYou can choose any number of flowers for your bouquet.<br \/>\nFor bouquets we use the freshest and highest quality flowers. You will be pleasantly surprised by the appearance of the bouquet and its unsurpassed durability.<br \/>\nThis bouquet is suitable for a gift to mom, grandmother, sister, daughter, girlfriend, colleague, business partner, boss or any other person close to you. Flowers can be given for a birthday, anniversary, as a gift for a wedding to newlyweds, as a token of gratitude or sympathy.<\/p>\n<p>Terry tulips.<\/p>\n","protected":false},"featured_media":3613,"template":"","meta":[],"product_brand":[],"product_cat":[76,30,38],"product_tag":[],"class_list":{"0":"post-3618","1":"product","2":"type-product","3":"status-publish","4":"has-post-thumbnail","6":"product_cat-koik-tooted","7":"product_cat-lillekimbud","8":"product_cat-loikelilled","10":"first","11":"instock","12":"shipping-taxable","13":"purchasable","14":"product-type-simple"},"yoast_head":"<!-- This site is optimized with the Yoast SEO plugin v27.3 - https:\/\/yoast.com\/product\/yoast-seo-wordpress\/ -->\n<title>Frill Tulips | Bonfortuno<\/title>\n<meta name=\"robots\" content=\"index, follow, max-snippet:-1, max-image-preview:large, max-video-preview:-1\" \/>\n<link rel=\"canonical\" href=\"https:\/\/bonfortuno.eu\/toode\/frill-tulbid\/\" \/>\n<meta property=\"og:locale\" content=\"en_US\" \/>\n<meta property=\"og:type\" content=\"article\" \/>\n<meta property=\"og:title\" content=\"[:et]Frill tulbid.[:ru]\u041c\u0430\u0445\u0440\u043e\u0432\u044b\u0435 \u0442\u044e\u043b\u044c\u043f\u0430\u043d\u044b.[:en]Frill Tulips[:] | Bonfortuno\" \/>\n<meta property=\"og:description\" content=\"[:et]Kimp frill tulpidest. Saate valida oma kimbu jaoks suvalise arvu lilli. Kimpude valmistamiseks kasutame k\u00f5ige v\u00e4rskemaid ja kvaliteetsemaid lilli. Teid \u00fcllatab meeldivalt kimbu v\u00e4limus ja \u00fcletamatu vastupidavus. See kimp sobib kingituseks emale, vanaemale, \u00f5ele, t\u00fctrele, s\u00f5brannale, kolleegile, \u00e4ripartnerile, \u00fclemusele v\u00f5i m\u00f5nele teisele l\u00e4hedasele inimesele. Lilli v\u00f5ib kinkida s\u00fcnnip\u00e4evaks, juubeliks, kinkida pulmadeks noorpaaridele, t\u00e4nu v\u00f5i kaastunde m\u00e4rgiks.[:ru]\u0411\u0443\u043a\u0435\u0442 \u0438\u0437 \u043c\u0430\u0445\u0440\u043e\u0432\u044b\u0445 \u0422\u044e\u043b\u044c\u043f\u0430\u043d\u043e\u0432.  \u0412\u044b \u043c\u043e\u0436\u0435\u0442\u0435 \u0432\u044b\u0431\u0440\u0430\u0442\u044c \u043b\u044e\u0431\u043e\u0435 \u043a\u043e\u043b\u0438\u0447\u0435\u0441\u0442\u0432\u043e \u0446\u0432\u0435\u0442\u043e\u0432 \u0434\u043b\u044f \u0441\u0432\u043e\u0435\u0433\u043e \u0431\u0443\u043a\u0435\u0442\u0430. \u0414\u043b\u044f \u0431\u0443\u043a\u0435\u0442\u043e\u0432 \u043c\u044b \u0438\u0441\u043f\u043e\u043b\u044c\u0437\u0443\u0435\u043c \u0441\u0430\u043c\u044b\u0435 \u0441\u0432\u0435\u0436\u0438\u0435 \u0438 \u043a\u0430\u0447\u0435\u0441\u0442\u0432\u0435\u043d\u043d\u044b\u0435 \u0446\u0432\u0435\u0442\u044b. \u0412\u0430\u0441 \u043f\u0440\u0438\u044f\u0442\u043d\u043e \u0443\u0434\u0438\u0432\u0438\u0442 \u0432\u043d\u0435\u0448\u043d\u0438\u0439 \u0432\u0438\u0434 \u0431\u0443\u043a\u0435\u0442\u0430 \u0438 \u0435\u0433\u043e \u043d\u0435\u043f\u0440\u0435\u0432\u0437\u043e\u0439\u0434\u0435\u043d\u043d\u0430\u044f \u0441\u0442\u043e\u0439\u043a\u043e\u0441\u0442\u044c. \u042d\u0442\u043e\u0442 \u0431\u0443\u043a\u0435\u0442 \u043f\u043e\u0434\u043e\u0439\u0434\u0435\u0442 \u0434\u043b\u044f \u043f\u043e\u0434\u0430\u0440\u043a\u0430 \u043c\u0430\u043c\u0435, \u0431\u0430\u0431\u0443\u0448\u043a\u0435, \u0441\u0435\u0441\u0442\u0440\u0435, \u0434\u043e\u0447\u043a\u0435, \u043f\u043e\u0434\u0440\u0443\u0433\u0435, \u043a\u043e\u043b\u043b\u0435\u0433\u0435, \u0431\u0438\u0437\u043d\u0435\u0441 \u043f\u0430\u0440\u0442\u043d\u0435\u0440\u0443, \u043d\u0430\u0447\u0430\u043b\u044c\u043d\u0438\u043a\u0443 \u0438\u043b\u0438 \u043b\u044e\u0431\u043e\u043c\u0443 \u0434\u0440\u0443\u0433\u043e\u043c\u0443 \u0431\u043b\u0438\u0437\u043a\u043e\u043c\u0443 \u0412\u0430\u043c \u0447\u0435\u043b\u043e\u0432\u0435\u043a\u0443. \u0426\u0432\u0435\u0442\u044b \u043c\u043e\u0436\u043d\u043e \u043f\u043e\u0434\u0430\u0440\u0438\u0442\u044c \u043d\u0430 \u0414\u0435\u043d\u044c \u0420\u043e\u0436\u0434\u0435\u043d\u0438\u0435, \u042e\u0431\u0438\u043b\u0435\u0439, \u0432 \u043f\u043e\u0434\u0430\u0440\u043e\u043a \u043d\u0430 \u0441\u0432\u0430\u0434\u044c\u0431\u0443 \u043c\u043e\u043b\u043e\u0434\u043e\u0436\u0435\u043d\u0430\u043c, \u0432 \u0437\u043d\u0430\u043a \u0431\u043b\u0430\u0433\u043e\u0434\u0430\u0440\u043d\u043e\u0441\u0442\u0438 \u0438\u043b\u0438 \u0441\u0438\u043c\u043f\u0430\u0442\u0438\u0438.[:en]Bouquet of Frill Tulips. You can choose any number of flowers for your bouquet. For bouquets we use the freshest and highest quality flowers. You will be pleasantly surprised by the appearance of the bouquet and its unsurpassed durability. This bouquet is suitable for a gift to mom, grandmother, sister, daughter, girlfriend, colleague, business partner, boss or any other person close to you. Flowers can be given for a birthday, anniversary, as a gift for a wedding to newlyweds, as a token of gratitude or sympathy.  Terry tulips.[:]\" \/>\n<meta property=\"og:url\" content=\"https:\/\/bonfortuno.eu\/toode\/frill-tulbid\/\" \/>\n<meta property=\"og:site_name\" content=\"Bonfortuno\" \/>\n<meta property=\"article:modified_time\" content=\"2025-03-07T16:42:35+00:00\" \/>\n<meta property=\"og:image\" content=\"https:\/\/bonfortuno.eu\/wp-content\/uploads\/2022\/03\/tulpany-bahromchatye-miks_1.jpg\" \/>\n\t<meta property=\"og:image:width\" content=\"500\" \/>\n\t<meta property=\"og:image:height\" content=\"500\" \/>\n\t<meta property=\"og:image:type\" content=\"image\/jpeg\" \/>\n<meta name=\"twitter:card\" content=\"summary_large_image\" \/>\n<script type=\"application\/ld+json\" class=\"yoast-schema-graph\">{\"@context\":\"https:\\\/\\\/schema.org\",\"@graph\":[{\"@type\":\"WebPage\",\"@id\":\"https:\\\/\\\/bonfortuno.eu\\\/toode\\\/frill-tulbid\\\/\",\"url\":\"https:\\\/\\\/bonfortuno.eu\\\/toode\\\/frill-tulbid\\\/\",\"name\":\"[:et]Frill tulbid.[:ru]\u041c\u0430\u0445\u0440\u043e\u0432\u044b\u0435 \u0442\u044e\u043b\u044c\u043f\u0430\u043d\u044b.[:en]Frill Tulips[:] | Bonfortuno\",\"isPartOf\":{\"@id\":\"https:\\\/\\\/bonfortuno.eu\\\/ru\\\/#website\"},\"primaryImageOfPage\":{\"@id\":\"https:\\\/\\\/bonfortuno.eu\\\/toode\\\/frill-tulbid\\\/#primaryimage\"},\"image\":{\"@id\":\"https:\\\/\\\/bonfortuno.eu\\\/toode\\\/frill-tulbid\\\/#primaryimage\"},\"thumbnailUrl\":\"https:\\\/\\\/bonfortuno.eu\\\/wp-content\\\/uploads\\\/2022\\\/03\\\/tulpany-bahromchatye-miks_1.jpg\",\"datePublished\":\"2022-03-05T10:52:00+00:00\",\"dateModified\":\"2025-03-07T16:42:35+00:00\",\"breadcrumb\":{\"@id\":\"https:\\\/\\\/bonfortuno.eu\\\/toode\\\/frill-tulbid\\\/#breadcrumb\"},\"inLanguage\":\"en-US\",\"potentialAction\":[{\"@type\":\"ReadAction\",\"target\":[\"https:\\\/\\\/bonfortuno.eu\\\/toode\\\/frill-tulbid\\\/\"]}]},{\"@type\":\"ImageObject\",\"inLanguage\":\"en-US\",\"@id\":\"https:\\\/\\\/bonfortuno.eu\\\/toode\\\/frill-tulbid\\\/#primaryimage\",\"url\":\"https:\\\/\\\/bonfortuno.eu\\\/wp-content\\\/uploads\\\/2022\\\/03\\\/tulpany-bahromchatye-miks_1.jpg\",\"contentUrl\":\"https:\\\/\\\/bonfortuno.eu\\\/wp-content\\\/uploads\\\/2022\\\/03\\\/tulpany-bahromchatye-miks_1.jpg\",\"width\":500,\"height\":500},{\"@type\":\"BreadcrumbList\",\"@id\":\"https:\\\/\\\/bonfortuno.eu\\\/toode\\\/frill-tulbid\\\/#breadcrumb\",\"itemListElement\":[{\"@type\":\"ListItem\",\"position\":1,\"name\":\"\u0413\u043b\u0430\u0432\u043d\u0430\u044f \u0441\u0442\u0440\u0430\u043d\u0438\u0446\u0430\",\"item\":\"https:\\\/\\\/bonfortuno.eu\\\/\"},{\"@type\":\"ListItem\",\"position\":2,\"name\":\"\u041c\u0430\u0433\u0430\u0437\u0438\u043d\",\"item\":\"https:\\\/\\\/bonfortuno.eu\\\/\"},{\"@type\":\"ListItem\",\"position\":3,\"name\":\"Frill tulbid.\"}]},{\"@type\":\"WebSite\",\"@id\":\"https:\\\/\\\/bonfortuno.eu\\\/ru\\\/#website\",\"url\":\"https:\\\/\\\/bonfortuno.eu\\\/ru\\\/\",\"name\":\"Bonfortuno\",\"description\":\"The world of fresh flowers\",\"potentialAction\":[{\"@type\":\"SearchAction\",\"target\":{\"@type\":\"EntryPoint\",\"urlTemplate\":\"https:\\\/\\\/bonfortuno.eu\\\/ru\\\/?s={search_term_string}\"},\"query-input\":{\"@type\":\"PropertyValueSpecification\",\"valueRequired\":true,\"valueName\":\"search_term_string\"}}],\"inLanguage\":\"en-US\"}]}<\/script>\n<!-- \/ Yoast SEO plugin. -->","yoast_head_json":{"title":"[:et]Frill tulbid.[:ru]\u041c\u0430\u0445\u0440\u043e\u0432\u044b\u0435 \u0442\u044e\u043b\u044c\u043f\u0430\u043d\u044b.[:en]Frill Tulips[:] | Bonfortuno","robots":{"index":"index","follow":"follow","max-snippet":"max-snippet:-1","max-image-preview":"max-image-preview:large","max-video-preview":"max-video-preview:-1"},"canonical":"https:\/\/bonfortuno.eu\/toode\/frill-tulbid\/","og_locale":"en_US","og_type":"article","og_title":"[:et]Frill tulbid.[:ru]\u041c\u0430\u0445\u0440\u043e\u0432\u044b\u0435 \u0442\u044e\u043b\u044c\u043f\u0430\u043d\u044b.[:en]Frill Tulips[:] | Bonfortuno","og_description":"[:et]Kimp frill tulpidest. Saate valida oma kimbu jaoks suvalise arvu lilli. Kimpude valmistamiseks kasutame k\u00f5ige v\u00e4rskemaid ja kvaliteetsemaid lilli. Teid \u00fcllatab meeldivalt kimbu v\u00e4limus ja \u00fcletamatu vastupidavus. See kimp sobib kingituseks emale, vanaemale, \u00f5ele, t\u00fctrele, s\u00f5brannale, kolleegile, \u00e4ripartnerile, \u00fclemusele v\u00f5i m\u00f5nele teisele l\u00e4hedasele inimesele. Lilli v\u00f5ib kinkida s\u00fcnnip\u00e4evaks, juubeliks, kinkida pulmadeks noorpaaridele, t\u00e4nu v\u00f5i kaastunde m\u00e4rgiks.[:ru]\u0411\u0443\u043a\u0435\u0442 \u0438\u0437 \u043c\u0430\u0445\u0440\u043e\u0432\u044b\u0445 \u0422\u044e\u043b\u044c\u043f\u0430\u043d\u043e\u0432.  \u0412\u044b \u043c\u043e\u0436\u0435\u0442\u0435 \u0432\u044b\u0431\u0440\u0430\u0442\u044c \u043b\u044e\u0431\u043e\u0435 \u043a\u043e\u043b\u0438\u0447\u0435\u0441\u0442\u0432\u043e \u0446\u0432\u0435\u0442\u043e\u0432 \u0434\u043b\u044f \u0441\u0432\u043e\u0435\u0433\u043e \u0431\u0443\u043a\u0435\u0442\u0430. \u0414\u043b\u044f \u0431\u0443\u043a\u0435\u0442\u043e\u0432 \u043c\u044b \u0438\u0441\u043f\u043e\u043b\u044c\u0437\u0443\u0435\u043c \u0441\u0430\u043c\u044b\u0435 \u0441\u0432\u0435\u0436\u0438\u0435 \u0438 \u043a\u0430\u0447\u0435\u0441\u0442\u0432\u0435\u043d\u043d\u044b\u0435 \u0446\u0432\u0435\u0442\u044b. \u0412\u0430\u0441 \u043f\u0440\u0438\u044f\u0442\u043d\u043e \u0443\u0434\u0438\u0432\u0438\u0442 \u0432\u043d\u0435\u0448\u043d\u0438\u0439 \u0432\u0438\u0434 \u0431\u0443\u043a\u0435\u0442\u0430 \u0438 \u0435\u0433\u043e \u043d\u0435\u043f\u0440\u0435\u0432\u0437\u043e\u0439\u0434\u0435\u043d\u043d\u0430\u044f \u0441\u0442\u043e\u0439\u043a\u043e\u0441\u0442\u044c. \u042d\u0442\u043e\u0442 \u0431\u0443\u043a\u0435\u0442 \u043f\u043e\u0434\u043e\u0439\u0434\u0435\u0442 \u0434\u043b\u044f \u043f\u043e\u0434\u0430\u0440\u043a\u0430 \u043c\u0430\u043c\u0435, \u0431\u0430\u0431\u0443\u0448\u043a\u0435, \u0441\u0435\u0441\u0442\u0440\u0435, \u0434\u043e\u0447\u043a\u0435, \u043f\u043e\u0434\u0440\u0443\u0433\u0435, \u043a\u043e\u043b\u043b\u0435\u0433\u0435, \u0431\u0438\u0437\u043d\u0435\u0441 \u043f\u0430\u0440\u0442\u043d\u0435\u0440\u0443, \u043d\u0430\u0447\u0430\u043b\u044c\u043d\u0438\u043a\u0443 \u0438\u043b\u0438 \u043b\u044e\u0431\u043e\u043c\u0443 \u0434\u0440\u0443\u0433\u043e\u043c\u0443 \u0431\u043b\u0438\u0437\u043a\u043e\u043c\u0443 \u0412\u0430\u043c \u0447\u0435\u043b\u043e\u0432\u0435\u043a\u0443. \u0426\u0432\u0435\u0442\u044b \u043c\u043e\u0436\u043d\u043e \u043f\u043e\u0434\u0430\u0440\u0438\u0442\u044c \u043d\u0430 \u0414\u0435\u043d\u044c \u0420\u043e\u0436\u0434\u0435\u043d\u0438\u0435, \u042e\u0431\u0438\u043b\u0435\u0439, \u0432 \u043f\u043e\u0434\u0430\u0440\u043e\u043a \u043d\u0430 \u0441\u0432\u0430\u0434\u044c\u0431\u0443 \u043c\u043e\u043b\u043e\u0434\u043e\u0436\u0435\u043d\u0430\u043c, \u0432 \u0437\u043d\u0430\u043a \u0431\u043b\u0430\u0433\u043e\u0434\u0430\u0440\u043d\u043e\u0441\u0442\u0438 \u0438\u043b\u0438 \u0441\u0438\u043c\u043f\u0430\u0442\u0438\u0438.[:en]Bouquet of Frill Tulips. You can choose any number of flowers for your bouquet. For bouquets we use the freshest and highest quality flowers. You will be pleasantly surprised by the appearance of the bouquet and its unsurpassed durability. This bouquet is suitable for a gift to mom, grandmother, sister, daughter, girlfriend, colleague, business partner, boss or any other person close to you. Flowers can be given for a birthday, anniversary, as a gift for a wedding to newlyweds, as a token of gratitude or sympathy.  Terry tulips.[:]","og_url":"https:\/\/bonfortuno.eu\/toode\/frill-tulbid\/","og_site_name":"Bonfortuno","article_modified_time":"2025-03-07T16:42:35+00:00","og_image":[{"width":500,"height":500,"url":"https:\/\/bonfortuno.eu\/wp-content\/uploads\/2022\/03\/tulpany-bahromchatye-miks_1.jpg","type":"image\/jpeg"}],"twitter_card":"summary_large_image","schema":{"@context":"https:\/\/schema.org","@graph":[{"@type":"WebPage","@id":"https:\/\/bonfortuno.eu\/toode\/frill-tulbid\/","url":"https:\/\/bonfortuno.eu\/toode\/frill-tulbid\/","name":"[:et]Frill tulbid.[:ru]\u041c\u0430\u0445\u0440\u043e\u0432\u044b\u0435 \u0442\u044e\u043b\u044c\u043f\u0430\u043d\u044b.[:en]Frill Tulips[:] | Bonfortuno","isPartOf":{"@id":"https:\/\/bonfortuno.eu\/ru\/#website"},"primaryImageOfPage":{"@id":"https:\/\/bonfortuno.eu\/toode\/frill-tulbid\/#primaryimage"},"image":{"@id":"https:\/\/bonfortuno.eu\/toode\/frill-tulbid\/#primaryimage"},"thumbnailUrl":"https:\/\/bonfortuno.eu\/wp-content\/uploads\/2022\/03\/tulpany-bahromchatye-miks_1.jpg","datePublished":"2022-03-05T10:52:00+00:00","dateModified":"2025-03-07T16:42:35+00:00","breadcrumb":{"@id":"https:\/\/bonfortuno.eu\/toode\/frill-tulbid\/#breadcrumb"},"inLanguage":"en-US","potentialAction":[{"@type":"ReadAction","target":["https:\/\/bonfortuno.eu\/toode\/frill-tulbid\/"]}]},{"@type":"ImageObject","inLanguage":"en-US","@id":"https:\/\/bonfortuno.eu\/toode\/frill-tulbid\/#primaryimage","url":"https:\/\/bonfortuno.eu\/wp-content\/uploads\/2022\/03\/tulpany-bahromchatye-miks_1.jpg","contentUrl":"https:\/\/bonfortuno.eu\/wp-content\/uploads\/2022\/03\/tulpany-bahromchatye-miks_1.jpg","width":500,"height":500},{"@type":"BreadcrumbList","@id":"https:\/\/bonfortuno.eu\/toode\/frill-tulbid\/#breadcrumb","itemListElement":[{"@type":"ListItem","position":1,"name":"\u0413\u043b\u0430\u0432\u043d\u0430\u044f \u0441\u0442\u0440\u0430\u043d\u0438\u0446\u0430","item":"https:\/\/bonfortuno.eu\/"},{"@type":"ListItem","position":2,"name":"\u041c\u0430\u0433\u0430\u0437\u0438\u043d","item":"https:\/\/bonfortuno.eu\/"},{"@type":"ListItem","position":3,"name":"Frill tulbid."}]},{"@type":"WebSite","@id":"https:\/\/bonfortuno.eu\/ru\/#website","url":"https:\/\/bonfortuno.eu\/ru\/","name":"Bonfortuno","description":"The world of fresh flowers","potentialAction":[{"@type":"SearchAction","target":{"@type":"EntryPoint","urlTemplate":"https:\/\/bonfortuno.eu\/ru\/?s={search_term_string}"},"query-input":{"@type":"PropertyValueSpecification","valueRequired":true,"valueName":"search_term_string"}}],"inLanguage":"en-US"}]}},"_links":{"self":[{"href":"https:\/\/bonfortuno.eu\/en\/wp-json\/wp\/v2\/product\/3618","targetHints":{"allow":["GET"]}}],"collection":[{"href":"https:\/\/bonfortuno.eu\/en\/wp-json\/wp\/v2\/product"}],"about":[{"href":"https:\/\/bonfortuno.eu\/en\/wp-json\/wp\/v2\/types\/product"}],"wp:featuredmedia":[{"embeddable":true,"href":"https:\/\/bonfortuno.eu\/en\/wp-json\/wp\/v2\/media\/3613"}],"wp:attachment":[{"href":"https:\/\/bonfortuno.eu\/en\/wp-json\/wp\/v2\/media?parent=3618"}],"wp:term":[{"taxonomy":"product_brand","embeddable":true,"href":"https:\/\/bonfortuno.eu\/en\/wp-json\/wp\/v2\/product_brand?post=3618"},{"taxonomy":"product_cat","embeddable":true,"href":"https:\/\/bonfortuno.eu\/en\/wp-json\/wp\/v2\/product_cat?post=3618"},{"taxonomy":"product_tag","embeddable":true,"href":"https:\/\/bonfortuno.eu\/en\/wp-json\/wp\/v2\/product_tag?post=3618"}],"curies":[{"name":"wp","href":"https:\/\/api.w.org\/{rel}","templated":true}]}}