{"id":3619,"date":"2022-03-05T13:06:11","date_gmt":"2022-03-05T11:06:11","guid":{"rendered":"https:\/\/bonfortuno.eu\/?post_type=product&#038;p=3619"},"modified":"2026-02-09T18:12:19","modified_gmt":"2026-02-09T16:12:19","slug":"kevadlugu","status":"publish","type":"product","link":"https:\/\/bonfortuno.eu\/en\/toode\/kevadlugu\/","title":{"rendered":"&#8221;Spring Tale&#8221;"},"content":{"rendered":"","protected":false},"excerpt":{"rendered":"<p>A bouquet of 49 white frill tulips is the most pleasant symbol of spring, pleasing with beauty.<br \/>\nThis sumptuous arrangement is the perfect gift for most occasions and will help you convey your wishes for well-being and happiness to your loved ones.<br \/>\n&#8220;Spring Tale&#8221;<\/p>\n","protected":false},"featured_media":3617,"template":"","meta":[],"product_brand":[],"product_cat":[76,30],"product_tag":[],"class_list":{"0":"post-3619","1":"product","2":"type-product","3":"status-publish","4":"has-post-thumbnail","6":"product_cat-koik-tooted","7":"product_cat-lillekimbud","9":"first","10":"instock","11":"shipping-taxable","12":"purchasable","13":"product-type-simple"},"yoast_head":"<!-- This site is optimized with the Yoast SEO plugin v27.3 - https:\/\/yoast.com\/product\/yoast-seo-wordpress\/ -->\n<title>&quot;Spring Tale&quot; | Bonfortuno<\/title>\n<meta name=\"robots\" content=\"index, follow, max-snippet:-1, max-image-preview:large, max-video-preview:-1\" \/>\n<link rel=\"canonical\" href=\"https:\/\/bonfortuno.eu\/toode\/kevadlugu\/\" \/>\n<meta property=\"og:locale\" content=\"en_US\" \/>\n<meta property=\"og:type\" content=\"article\" \/>\n<meta property=\"og:title\" content=\"[:et]&quot;Kevadlugu&quot;[:ru]&quot;\u0412\u0435\u0441\u0435\u043d\u043d\u044f\u044f \u0441\u043a\u0430\u0437\u043a\u0430&quot;[:en]&quot;Spring Tale&quot;[:] | Bonfortuno\" \/>\n<meta property=\"og:description\" content=\"[:et]49 valgest frill tulbist koosnev kimp on k\u00f5ige meeldivam kevade s\u00fcmbol, mis r\u00f5\u00f5mustab iluga. See luksuslik seade on ideaalne kingitus enamikul juhtudel ja aitab teil edastada oma heaolu- ja \u00f5nnesoove oma l\u00e4hedastele. &quot;Kevadlugu&quot;[:ru]\u0411\u0443\u043a\u0435\u0442 \u0438\u0437 49 \u0431\u0435\u043b\u044b\u0445 \u043c\u0430\u0445\u0440\u043e\u0432\u044b\u0445 \u0442\u044e\u043b\u044c\u043f\u0430\u043d\u043e\u0432 - \u0441\u0430\u043c\u044b\u0439 \u043f\u0440\u0438\u044f\u0442\u043d\u044b\u0439 \u0441\u0438\u043c\u0432\u043e\u043b \u0432\u0435\u0441\u043d\u044b, \u0440\u0430\u0434\u0443\u044e\u0449\u0438\u0439 \u043a\u0440\u0430\u0441\u043e\u0442\u043e\u0439.  \u042d\u0442\u0430 \u043f\u044b\u0448\u043d\u0430\u044f \u043a\u043e\u043c\u043f\u043e\u0437\u0438\u0446\u0438\u044f \u2014 \u0438\u0434\u0435\u0430\u043b\u044c\u043d\u044b\u0439 \u043f\u043e\u0434\u0430\u0440\u043e\u043a \u0434\u043b\u044f \u0431\u043e\u043b\u044c\u0448\u0438\u043d\u0441\u0442\u0432\u0430 \u0441\u043b\u0443\u0447\u0430\u0435\u0432, \u0438 \u043e\u043d\u0430 \u043f\u043e\u043c\u043e\u0436\u0435\u0442 \u0412\u0430\u043c \u043f\u0435\u0440\u0435\u0434\u0430\u0442\u044c \u0441\u0432\u043e\u0438 \u043f\u043e\u0436\u0435\u043b\u0430\u043d\u0438\u044f \u0431\u043b\u0430\u0433\u043e\u043f\u043e\u043b\u0443\u0447\u0438\u044f \u0438 \u0441\u0447\u0430\u0441\u0442\u044c\u044f \u0431\u043b\u0438\u0437\u043a\u0438\u043c \u043b\u044e\u0434\u044f\u043c.[:en]A bouquet of 49 white frill tulips is the most pleasant symbol of spring, pleasing with beauty. This sumptuous arrangement is the perfect gift for most occasions and will help you convey your wishes for well-being and happiness to your loved ones. &quot;Spring Tale&quot;[:]\" \/>\n<meta property=\"og:url\" content=\"https:\/\/bonfortuno.eu\/toode\/kevadlugu\/\" \/>\n<meta property=\"og:site_name\" content=\"Bonfortuno\" \/>\n<meta property=\"article:modified_time\" content=\"2026-02-09T16:12:19+00:00\" \/>\n<meta property=\"og:image\" content=\"https:\/\/bonfortuno.eu\/wp-content\/uploads\/2022\/03\/43e366_d8d14c65a0be497bac551189122f0577mv2.jpg\" \/>\n\t<meta property=\"og:image:width\" content=\"411\" \/>\n\t<meta property=\"og:image:height\" content=\"362\" \/>\n\t<meta property=\"og:image:type\" content=\"image\/jpeg\" \/>\n<meta name=\"twitter:card\" content=\"summary_large_image\" \/>\n<script type=\"application\/ld+json\" class=\"yoast-schema-graph\">{\"@context\":\"https:\\\/\\\/schema.org\",\"@graph\":[{\"@type\":\"WebPage\",\"@id\":\"https:\\\/\\\/bonfortuno.eu\\\/toode\\\/kevadlugu\\\/\",\"url\":\"https:\\\/\\\/bonfortuno.eu\\\/toode\\\/kevadlugu\\\/\",\"name\":\"[:et]\\\"Kevadlugu\\\"[:ru]\\\"\u0412\u0435\u0441\u0435\u043d\u043d\u044f\u044f \u0441\u043a\u0430\u0437\u043a\u0430\\\"[:en]\\\"Spring Tale\\\"[:] | Bonfortuno\",\"isPartOf\":{\"@id\":\"https:\\\/\\\/bonfortuno.eu\\\/ru\\\/#website\"},\"primaryImageOfPage\":{\"@id\":\"https:\\\/\\\/bonfortuno.eu\\\/toode\\\/kevadlugu\\\/#primaryimage\"},\"image\":{\"@id\":\"https:\\\/\\\/bonfortuno.eu\\\/toode\\\/kevadlugu\\\/#primaryimage\"},\"thumbnailUrl\":\"https:\\\/\\\/bonfortuno.eu\\\/wp-content\\\/uploads\\\/2022\\\/03\\\/43e366_d8d14c65a0be497bac551189122f0577mv2.jpg\",\"datePublished\":\"2022-03-05T11:06:11+00:00\",\"dateModified\":\"2026-02-09T16:12:19+00:00\",\"breadcrumb\":{\"@id\":\"https:\\\/\\\/bonfortuno.eu\\\/toode\\\/kevadlugu\\\/#breadcrumb\"},\"inLanguage\":\"en-US\",\"potentialAction\":[{\"@type\":\"ReadAction\",\"target\":[\"https:\\\/\\\/bonfortuno.eu\\\/toode\\\/kevadlugu\\\/\"]}]},{\"@type\":\"ImageObject\",\"inLanguage\":\"en-US\",\"@id\":\"https:\\\/\\\/bonfortuno.eu\\\/toode\\\/kevadlugu\\\/#primaryimage\",\"url\":\"https:\\\/\\\/bonfortuno.eu\\\/wp-content\\\/uploads\\\/2022\\\/03\\\/43e366_d8d14c65a0be497bac551189122f0577mv2.jpg\",\"contentUrl\":\"https:\\\/\\\/bonfortuno.eu\\\/wp-content\\\/uploads\\\/2022\\\/03\\\/43e366_d8d14c65a0be497bac551189122f0577mv2.jpg\",\"width\":411,\"height\":362},{\"@type\":\"BreadcrumbList\",\"@id\":\"https:\\\/\\\/bonfortuno.eu\\\/toode\\\/kevadlugu\\\/#breadcrumb\",\"itemListElement\":[{\"@type\":\"ListItem\",\"position\":1,\"name\":\"\u0413\u043b\u0430\u0432\u043d\u0430\u044f \u0441\u0442\u0440\u0430\u043d\u0438\u0446\u0430\",\"item\":\"https:\\\/\\\/bonfortuno.eu\\\/\"},{\"@type\":\"ListItem\",\"position\":2,\"name\":\"\u041c\u0430\u0433\u0430\u0437\u0438\u043d\",\"item\":\"https:\\\/\\\/bonfortuno.eu\\\/\"},{\"@type\":\"ListItem\",\"position\":3,\"name\":\"&#8220;Kevadlugu&#8221;\"}]},{\"@type\":\"WebSite\",\"@id\":\"https:\\\/\\\/bonfortuno.eu\\\/ru\\\/#website\",\"url\":\"https:\\\/\\\/bonfortuno.eu\\\/ru\\\/\",\"name\":\"Bonfortuno\",\"description\":\"The world of fresh flowers\",\"potentialAction\":[{\"@type\":\"SearchAction\",\"target\":{\"@type\":\"EntryPoint\",\"urlTemplate\":\"https:\\\/\\\/bonfortuno.eu\\\/ru\\\/?s={search_term_string}\"},\"query-input\":{\"@type\":\"PropertyValueSpecification\",\"valueRequired\":true,\"valueName\":\"search_term_string\"}}],\"inLanguage\":\"en-US\"}]}<\/script>\n<!-- \/ Yoast SEO plugin. -->","yoast_head_json":{"title":"[:et]\"Kevadlugu\"[:ru]\"\u0412\u0435\u0441\u0435\u043d\u043d\u044f\u044f \u0441\u043a\u0430\u0437\u043a\u0430\"[:en]\"Spring Tale\"[:] | Bonfortuno","robots":{"index":"index","follow":"follow","max-snippet":"max-snippet:-1","max-image-preview":"max-image-preview:large","max-video-preview":"max-video-preview:-1"},"canonical":"https:\/\/bonfortuno.eu\/toode\/kevadlugu\/","og_locale":"en_US","og_type":"article","og_title":"[:et]\"Kevadlugu\"[:ru]\"\u0412\u0435\u0441\u0435\u043d\u043d\u044f\u044f \u0441\u043a\u0430\u0437\u043a\u0430\"[:en]\"Spring Tale\"[:] | Bonfortuno","og_description":"[:et]49 valgest frill tulbist koosnev kimp on k\u00f5ige meeldivam kevade s\u00fcmbol, mis r\u00f5\u00f5mustab iluga. See luksuslik seade on ideaalne kingitus enamikul juhtudel ja aitab teil edastada oma heaolu- ja \u00f5nnesoove oma l\u00e4hedastele. \"Kevadlugu\"[:ru]\u0411\u0443\u043a\u0435\u0442 \u0438\u0437 49 \u0431\u0435\u043b\u044b\u0445 \u043c\u0430\u0445\u0440\u043e\u0432\u044b\u0445 \u0442\u044e\u043b\u044c\u043f\u0430\u043d\u043e\u0432 - \u0441\u0430\u043c\u044b\u0439 \u043f\u0440\u0438\u044f\u0442\u043d\u044b\u0439 \u0441\u0438\u043c\u0432\u043e\u043b \u0432\u0435\u0441\u043d\u044b, \u0440\u0430\u0434\u0443\u044e\u0449\u0438\u0439 \u043a\u0440\u0430\u0441\u043e\u0442\u043e\u0439.  \u042d\u0442\u0430 \u043f\u044b\u0448\u043d\u0430\u044f \u043a\u043e\u043c\u043f\u043e\u0437\u0438\u0446\u0438\u044f \u2014 \u0438\u0434\u0435\u0430\u043b\u044c\u043d\u044b\u0439 \u043f\u043e\u0434\u0430\u0440\u043e\u043a \u0434\u043b\u044f \u0431\u043e\u043b\u044c\u0448\u0438\u043d\u0441\u0442\u0432\u0430 \u0441\u043b\u0443\u0447\u0430\u0435\u0432, \u0438 \u043e\u043d\u0430 \u043f\u043e\u043c\u043e\u0436\u0435\u0442 \u0412\u0430\u043c \u043f\u0435\u0440\u0435\u0434\u0430\u0442\u044c \u0441\u0432\u043e\u0438 \u043f\u043e\u0436\u0435\u043b\u0430\u043d\u0438\u044f \u0431\u043b\u0430\u0433\u043e\u043f\u043e\u043b\u0443\u0447\u0438\u044f \u0438 \u0441\u0447\u0430\u0441\u0442\u044c\u044f \u0431\u043b\u0438\u0437\u043a\u0438\u043c \u043b\u044e\u0434\u044f\u043c.[:en]A bouquet of 49 white frill tulips is the most pleasant symbol of spring, pleasing with beauty. This sumptuous arrangement is the perfect gift for most occasions and will help you convey your wishes for well-being and happiness to your loved ones. \"Spring Tale\"[:]","og_url":"https:\/\/bonfortuno.eu\/toode\/kevadlugu\/","og_site_name":"Bonfortuno","article_modified_time":"2026-02-09T16:12:19+00:00","og_image":[{"width":411,"height":362,"url":"https:\/\/bonfortuno.eu\/wp-content\/uploads\/2022\/03\/43e366_d8d14c65a0be497bac551189122f0577mv2.jpg","type":"image\/jpeg"}],"twitter_card":"summary_large_image","schema":{"@context":"https:\/\/schema.org","@graph":[{"@type":"WebPage","@id":"https:\/\/bonfortuno.eu\/toode\/kevadlugu\/","url":"https:\/\/bonfortuno.eu\/toode\/kevadlugu\/","name":"[:et]\"Kevadlugu\"[:ru]\"\u0412\u0435\u0441\u0435\u043d\u043d\u044f\u044f \u0441\u043a\u0430\u0437\u043a\u0430\"[:en]\"Spring Tale\"[:] | Bonfortuno","isPartOf":{"@id":"https:\/\/bonfortuno.eu\/ru\/#website"},"primaryImageOfPage":{"@id":"https:\/\/bonfortuno.eu\/toode\/kevadlugu\/#primaryimage"},"image":{"@id":"https:\/\/bonfortuno.eu\/toode\/kevadlugu\/#primaryimage"},"thumbnailUrl":"https:\/\/bonfortuno.eu\/wp-content\/uploads\/2022\/03\/43e366_d8d14c65a0be497bac551189122f0577mv2.jpg","datePublished":"2022-03-05T11:06:11+00:00","dateModified":"2026-02-09T16:12:19+00:00","breadcrumb":{"@id":"https:\/\/bonfortuno.eu\/toode\/kevadlugu\/#breadcrumb"},"inLanguage":"en-US","potentialAction":[{"@type":"ReadAction","target":["https:\/\/bonfortuno.eu\/toode\/kevadlugu\/"]}]},{"@type":"ImageObject","inLanguage":"en-US","@id":"https:\/\/bonfortuno.eu\/toode\/kevadlugu\/#primaryimage","url":"https:\/\/bonfortuno.eu\/wp-content\/uploads\/2022\/03\/43e366_d8d14c65a0be497bac551189122f0577mv2.jpg","contentUrl":"https:\/\/bonfortuno.eu\/wp-content\/uploads\/2022\/03\/43e366_d8d14c65a0be497bac551189122f0577mv2.jpg","width":411,"height":362},{"@type":"BreadcrumbList","@id":"https:\/\/bonfortuno.eu\/toode\/kevadlugu\/#breadcrumb","itemListElement":[{"@type":"ListItem","position":1,"name":"\u0413\u043b\u0430\u0432\u043d\u0430\u044f \u0441\u0442\u0440\u0430\u043d\u0438\u0446\u0430","item":"https:\/\/bonfortuno.eu\/"},{"@type":"ListItem","position":2,"name":"\u041c\u0430\u0433\u0430\u0437\u0438\u043d","item":"https:\/\/bonfortuno.eu\/"},{"@type":"ListItem","position":3,"name":"&#8220;Kevadlugu&#8221;"}]},{"@type":"WebSite","@id":"https:\/\/bonfortuno.eu\/ru\/#website","url":"https:\/\/bonfortuno.eu\/ru\/","name":"Bonfortuno","description":"The world of fresh flowers","potentialAction":[{"@type":"SearchAction","target":{"@type":"EntryPoint","urlTemplate":"https:\/\/bonfortuno.eu\/ru\/?s={search_term_string}"},"query-input":{"@type":"PropertyValueSpecification","valueRequired":true,"valueName":"search_term_string"}}],"inLanguage":"en-US"}]}},"_links":{"self":[{"href":"https:\/\/bonfortuno.eu\/en\/wp-json\/wp\/v2\/product\/3619","targetHints":{"allow":["GET"]}}],"collection":[{"href":"https:\/\/bonfortuno.eu\/en\/wp-json\/wp\/v2\/product"}],"about":[{"href":"https:\/\/bonfortuno.eu\/en\/wp-json\/wp\/v2\/types\/product"}],"wp:featuredmedia":[{"embeddable":true,"href":"https:\/\/bonfortuno.eu\/en\/wp-json\/wp\/v2\/media\/3617"}],"wp:attachment":[{"href":"https:\/\/bonfortuno.eu\/en\/wp-json\/wp\/v2\/media?parent=3619"}],"wp:term":[{"taxonomy":"product_brand","embeddable":true,"href":"https:\/\/bonfortuno.eu\/en\/wp-json\/wp\/v2\/product_brand?post=3619"},{"taxonomy":"product_cat","embeddable":true,"href":"https:\/\/bonfortuno.eu\/en\/wp-json\/wp\/v2\/product_cat?post=3619"},{"taxonomy":"product_tag","embeddable":true,"href":"https:\/\/bonfortuno.eu\/en\/wp-json\/wp\/v2\/product_tag?post=3619"}],"curies":[{"name":"wp","href":"https:\/\/api.w.org\/{rel}","templated":true}]}}