{"id":3784,"date":"2022-08-18T11:13:38","date_gmt":"2022-08-18T08:13:38","guid":{"rendered":"https:\/\/bonfortuno.eu\/?post_type=product&#038;p=3784"},"modified":"2022-08-18T11:13:38","modified_gmt":"2022-08-18T08:13:38","slug":"punane-vein-pomegranate","status":"publish","type":"product","link":"https:\/\/bonfortuno.eu\/en\/toode\/punane-vein-pomegranate\/","title":{"rendered":"Red wine &#8221; Pomegranate&#8221;"},"content":{"rendered":"","protected":false},"excerpt":{"rendered":"<p>The basis for making wine is apple and pomegranate juice, from which wine is naturally fermented. Fruity and exotic aroma, pomegranate, red currant in the background. The wine is berry and semi-sweet, with a pomegranate flavor. Light acidity balances the sweetness.<\/p>\n<p>Made in Armenia.<\/p>\n","protected":false},"featured_media":3783,"template":"","meta":[],"product_brand":[],"product_cat":[76,85],"product_tag":[],"class_list":{"0":"post-3784","1":"product","2":"type-product","3":"status-publish","4":"has-post-thumbnail","6":"product_cat-koik-tooted","7":"product_cat-sampanja-ja-veinid","9":"first","10":"instock","11":"shipping-taxable","12":"purchasable","13":"product-type-simple"},"yoast_head":"<!-- This site is optimized with the Yoast SEO plugin v27.3 - https:\/\/yoast.com\/product\/yoast-seo-wordpress\/ -->\n<title>Red wine &quot; Pomegranate&quot; | Bonfortuno<\/title>\n<meta name=\"robots\" content=\"index, follow, max-snippet:-1, max-image-preview:large, max-video-preview:-1\" \/>\n<link rel=\"canonical\" href=\"https:\/\/bonfortuno.eu\/toode\/punane-vein-pomegranate\/\" \/>\n<meta property=\"og:locale\" content=\"en_US\" \/>\n<meta property=\"og:type\" content=\"article\" \/>\n<meta property=\"og:title\" content=\"[:et]Punane vein &quot;Pomegranate&quot;[:ru]\u041a\u0440\u0430\u0441\u043d\u043e\u0435 \u0432\u0438\u043d\u043e &quot;Pomegranate&quot;[:en]Red wine &quot; Pomegranate&quot;[:] | Bonfortuno\" \/>\n<meta property=\"og:description\" content=\"[:et]Veini valmistamisel on baasiks \u00f5una ja granaat\u00f5una mahl, millest k\u00e4\u00e4ritatakse naturaalsel teel vein. Puuviljane ja eksootiline aroom, granaat\u00f5un, taustal punane s\u00f5star. Vein on marjane ja poolmagus, granaat\u00f5una maitsega. Kerge happesus tasakaalustab magusust.    Made in Armenia[:ru]\u041e\u0441\u043d\u043e\u0432\u043e\u0439 \u0434\u043b\u044f \u0438\u0437\u0433\u043e\u0442\u043e\u0432\u043b\u0435\u043d\u0438\u044f \u0432\u0438\u043d\u0430 \u044f\u0432\u043b\u044f\u0435\u0442\u0441\u044f \u044f\u0431\u043b\u043e\u0447\u043d\u044b\u0439 \u0438 \u0433\u0440\u0430\u043d\u0430\u0442\u043e\u0432\u044b\u0439 \u0441\u043e\u043a, \u0438\u0437 \u043a\u043e\u0442\u043e\u0440\u043e\u0433\u043e \u0432\u0438\u043d\u043e \u0441\u0431\u0440\u0430\u0436\u0438\u0432\u0430\u0435\u0442\u0441\u044f \u0435\u0441\u0442\u0435\u0441\u0442\u0432\u0435\u043d\u043d\u044b\u043c \u043f\u0443\u0442\u0435\u043c. \u0424\u0440\u0443\u043a\u0442\u043e\u0432\u044b\u0439 \u0438 \u044d\u043a\u0437\u043e\u0442\u0438\u0447\u0435\u0441\u043a\u0438\u0439 \u0430\u0440\u043e\u043c\u0430\u0442, \u0433\u0440\u0430\u043d\u0430\u0442, \u043a\u0440\u0430\u0441\u043d\u0430\u044f \u0441\u043c\u043e\u0440\u043e\u0434\u0438\u043d\u0430 \u043d\u0430 \u0437\u0430\u0434\u043d\u0435\u043c \u043f\u043b\u0430\u043d\u0435. \u0412\u0438\u043d\u043e \u044f\u0433\u043e\u0434\u043d\u043e\u0435 \u0438 \u043f\u043e\u043b\u0443\u0441\u043b\u0430\u0434\u043a\u043e\u0435, \u0441 \u0430\u0440\u043e\u043c\u0430\u0442\u043e\u043c \u0433\u0440\u0430\u043d\u0430\u0442\u0430. \u041b\u0435\u0433\u043a\u0430\u044f \u043a\u0438\u0441\u043b\u043e\u0442\u043d\u043e\u0441\u0442\u044c \u0443\u0440\u0430\u0432\u043d\u043e\u0432\u0435\u0448\u0438\u0432\u0430\u0435\u0442 \u0441\u043b\u0430\u0434\u043e\u0441\u0442\u044c.  Made in Armenia[:en]The basis for making wine is apple and pomegranate juice, from which wine is naturally fermented. Fruity and exotic aroma, pomegranate, red currant in the background. The wine is berry and semi-sweet, with a pomegranate flavor. Light acidity balances the sweetness.  Made in Armenia.[:]\" \/>\n<meta property=\"og:url\" content=\"https:\/\/bonfortuno.eu\/toode\/punane-vein-pomegranate\/\" \/>\n<meta property=\"og:site_name\" content=\"Bonfortuno\" \/>\n<meta property=\"og:image\" content=\"https:\/\/bonfortuno.eu\/wp-content\/uploads\/2022\/08\/shahnazaryan-pomegranate-semi-sweet-red.jpg\" \/>\n\t<meta property=\"og:image:width\" content=\"1600\" \/>\n\t<meta property=\"og:image:height\" content=\"1710\" \/>\n\t<meta property=\"og:image:type\" content=\"image\/jpeg\" \/>\n<meta name=\"twitter:card\" content=\"summary_large_image\" \/>\n<script type=\"application\/ld+json\" class=\"yoast-schema-graph\">{\"@context\":\"https:\\\/\\\/schema.org\",\"@graph\":[{\"@type\":\"WebPage\",\"@id\":\"https:\\\/\\\/bonfortuno.eu\\\/toode\\\/punane-vein-pomegranate\\\/\",\"url\":\"https:\\\/\\\/bonfortuno.eu\\\/toode\\\/punane-vein-pomegranate\\\/\",\"name\":\"[:et]Punane vein \\\"Pomegranate\\\"[:ru]\u041a\u0440\u0430\u0441\u043d\u043e\u0435 \u0432\u0438\u043d\u043e \\\"Pomegranate\\\"[:en]Red wine \\\" Pomegranate\\\"[:] | Bonfortuno\",\"isPartOf\":{\"@id\":\"https:\\\/\\\/bonfortuno.eu\\\/ru\\\/#website\"},\"primaryImageOfPage\":{\"@id\":\"https:\\\/\\\/bonfortuno.eu\\\/toode\\\/punane-vein-pomegranate\\\/#primaryimage\"},\"image\":{\"@id\":\"https:\\\/\\\/bonfortuno.eu\\\/toode\\\/punane-vein-pomegranate\\\/#primaryimage\"},\"thumbnailUrl\":\"https:\\\/\\\/bonfortuno.eu\\\/wp-content\\\/uploads\\\/2022\\\/08\\\/shahnazaryan-pomegranate-semi-sweet-red.jpg\",\"datePublished\":\"2022-08-18T08:13:38+00:00\",\"breadcrumb\":{\"@id\":\"https:\\\/\\\/bonfortuno.eu\\\/toode\\\/punane-vein-pomegranate\\\/#breadcrumb\"},\"inLanguage\":\"en-US\",\"potentialAction\":[{\"@type\":\"ReadAction\",\"target\":[\"https:\\\/\\\/bonfortuno.eu\\\/toode\\\/punane-vein-pomegranate\\\/\"]}]},{\"@type\":\"ImageObject\",\"inLanguage\":\"en-US\",\"@id\":\"https:\\\/\\\/bonfortuno.eu\\\/toode\\\/punane-vein-pomegranate\\\/#primaryimage\",\"url\":\"https:\\\/\\\/bonfortuno.eu\\\/wp-content\\\/uploads\\\/2022\\\/08\\\/shahnazaryan-pomegranate-semi-sweet-red.jpg\",\"contentUrl\":\"https:\\\/\\\/bonfortuno.eu\\\/wp-content\\\/uploads\\\/2022\\\/08\\\/shahnazaryan-pomegranate-semi-sweet-red.jpg\",\"width\":1600,\"height\":1710},{\"@type\":\"BreadcrumbList\",\"@id\":\"https:\\\/\\\/bonfortuno.eu\\\/toode\\\/punane-vein-pomegranate\\\/#breadcrumb\",\"itemListElement\":[{\"@type\":\"ListItem\",\"position\":1,\"name\":\"\u0413\u043b\u0430\u0432\u043d\u0430\u044f \u0441\u0442\u0440\u0430\u043d\u0438\u0446\u0430\",\"item\":\"https:\\\/\\\/bonfortuno.eu\\\/\"},{\"@type\":\"ListItem\",\"position\":2,\"name\":\"\u041c\u0430\u0433\u0430\u0437\u0438\u043d\",\"item\":\"https:\\\/\\\/bonfortuno.eu\\\/\"},{\"@type\":\"ListItem\",\"position\":3,\"name\":\"Punane vein &#8220;Pomegranate&#8221;\"}]},{\"@type\":\"WebSite\",\"@id\":\"https:\\\/\\\/bonfortuno.eu\\\/ru\\\/#website\",\"url\":\"https:\\\/\\\/bonfortuno.eu\\\/ru\\\/\",\"name\":\"Bonfortuno\",\"description\":\"The world of fresh flowers\",\"potentialAction\":[{\"@type\":\"SearchAction\",\"target\":{\"@type\":\"EntryPoint\",\"urlTemplate\":\"https:\\\/\\\/bonfortuno.eu\\\/ru\\\/?s={search_term_string}\"},\"query-input\":{\"@type\":\"PropertyValueSpecification\",\"valueRequired\":true,\"valueName\":\"search_term_string\"}}],\"inLanguage\":\"en-US\"}]}<\/script>\n<!-- \/ Yoast SEO plugin. -->","yoast_head_json":{"title":"[:et]Punane vein \"Pomegranate\"[:ru]\u041a\u0440\u0430\u0441\u043d\u043e\u0435 \u0432\u0438\u043d\u043e \"Pomegranate\"[:en]Red wine \" Pomegranate\"[:] | Bonfortuno","robots":{"index":"index","follow":"follow","max-snippet":"max-snippet:-1","max-image-preview":"max-image-preview:large","max-video-preview":"max-video-preview:-1"},"canonical":"https:\/\/bonfortuno.eu\/toode\/punane-vein-pomegranate\/","og_locale":"en_US","og_type":"article","og_title":"[:et]Punane vein \"Pomegranate\"[:ru]\u041a\u0440\u0430\u0441\u043d\u043e\u0435 \u0432\u0438\u043d\u043e \"Pomegranate\"[:en]Red wine \" Pomegranate\"[:] | Bonfortuno","og_description":"[:et]Veini valmistamisel on baasiks \u00f5una ja granaat\u00f5una mahl, millest k\u00e4\u00e4ritatakse naturaalsel teel vein. Puuviljane ja eksootiline aroom, granaat\u00f5un, taustal punane s\u00f5star. Vein on marjane ja poolmagus, granaat\u00f5una maitsega. Kerge happesus tasakaalustab magusust.    Made in Armenia[:ru]\u041e\u0441\u043d\u043e\u0432\u043e\u0439 \u0434\u043b\u044f \u0438\u0437\u0433\u043e\u0442\u043e\u0432\u043b\u0435\u043d\u0438\u044f \u0432\u0438\u043d\u0430 \u044f\u0432\u043b\u044f\u0435\u0442\u0441\u044f \u044f\u0431\u043b\u043e\u0447\u043d\u044b\u0439 \u0438 \u0433\u0440\u0430\u043d\u0430\u0442\u043e\u0432\u044b\u0439 \u0441\u043e\u043a, \u0438\u0437 \u043a\u043e\u0442\u043e\u0440\u043e\u0433\u043e \u0432\u0438\u043d\u043e \u0441\u0431\u0440\u0430\u0436\u0438\u0432\u0430\u0435\u0442\u0441\u044f \u0435\u0441\u0442\u0435\u0441\u0442\u0432\u0435\u043d\u043d\u044b\u043c \u043f\u0443\u0442\u0435\u043c. \u0424\u0440\u0443\u043a\u0442\u043e\u0432\u044b\u0439 \u0438 \u044d\u043a\u0437\u043e\u0442\u0438\u0447\u0435\u0441\u043a\u0438\u0439 \u0430\u0440\u043e\u043c\u0430\u0442, \u0433\u0440\u0430\u043d\u0430\u0442, \u043a\u0440\u0430\u0441\u043d\u0430\u044f \u0441\u043c\u043e\u0440\u043e\u0434\u0438\u043d\u0430 \u043d\u0430 \u0437\u0430\u0434\u043d\u0435\u043c \u043f\u043b\u0430\u043d\u0435. \u0412\u0438\u043d\u043e \u044f\u0433\u043e\u0434\u043d\u043e\u0435 \u0438 \u043f\u043e\u043b\u0443\u0441\u043b\u0430\u0434\u043a\u043e\u0435, \u0441 \u0430\u0440\u043e\u043c\u0430\u0442\u043e\u043c \u0433\u0440\u0430\u043d\u0430\u0442\u0430. \u041b\u0435\u0433\u043a\u0430\u044f \u043a\u0438\u0441\u043b\u043e\u0442\u043d\u043e\u0441\u0442\u044c \u0443\u0440\u0430\u0432\u043d\u043e\u0432\u0435\u0448\u0438\u0432\u0430\u0435\u0442 \u0441\u043b\u0430\u0434\u043e\u0441\u0442\u044c.  Made in Armenia[:en]The basis for making wine is apple and pomegranate juice, from which wine is naturally fermented. Fruity and exotic aroma, pomegranate, red currant in the background. The wine is berry and semi-sweet, with a pomegranate flavor. Light acidity balances the sweetness.  Made in Armenia.[:]","og_url":"https:\/\/bonfortuno.eu\/toode\/punane-vein-pomegranate\/","og_site_name":"Bonfortuno","og_image":[{"width":1600,"height":1710,"url":"https:\/\/bonfortuno.eu\/wp-content\/uploads\/2022\/08\/shahnazaryan-pomegranate-semi-sweet-red.jpg","type":"image\/jpeg"}],"twitter_card":"summary_large_image","schema":{"@context":"https:\/\/schema.org","@graph":[{"@type":"WebPage","@id":"https:\/\/bonfortuno.eu\/toode\/punane-vein-pomegranate\/","url":"https:\/\/bonfortuno.eu\/toode\/punane-vein-pomegranate\/","name":"[:et]Punane vein \"Pomegranate\"[:ru]\u041a\u0440\u0430\u0441\u043d\u043e\u0435 \u0432\u0438\u043d\u043e \"Pomegranate\"[:en]Red wine \" Pomegranate\"[:] | Bonfortuno","isPartOf":{"@id":"https:\/\/bonfortuno.eu\/ru\/#website"},"primaryImageOfPage":{"@id":"https:\/\/bonfortuno.eu\/toode\/punane-vein-pomegranate\/#primaryimage"},"image":{"@id":"https:\/\/bonfortuno.eu\/toode\/punane-vein-pomegranate\/#primaryimage"},"thumbnailUrl":"https:\/\/bonfortuno.eu\/wp-content\/uploads\/2022\/08\/shahnazaryan-pomegranate-semi-sweet-red.jpg","datePublished":"2022-08-18T08:13:38+00:00","breadcrumb":{"@id":"https:\/\/bonfortuno.eu\/toode\/punane-vein-pomegranate\/#breadcrumb"},"inLanguage":"en-US","potentialAction":[{"@type":"ReadAction","target":["https:\/\/bonfortuno.eu\/toode\/punane-vein-pomegranate\/"]}]},{"@type":"ImageObject","inLanguage":"en-US","@id":"https:\/\/bonfortuno.eu\/toode\/punane-vein-pomegranate\/#primaryimage","url":"https:\/\/bonfortuno.eu\/wp-content\/uploads\/2022\/08\/shahnazaryan-pomegranate-semi-sweet-red.jpg","contentUrl":"https:\/\/bonfortuno.eu\/wp-content\/uploads\/2022\/08\/shahnazaryan-pomegranate-semi-sweet-red.jpg","width":1600,"height":1710},{"@type":"BreadcrumbList","@id":"https:\/\/bonfortuno.eu\/toode\/punane-vein-pomegranate\/#breadcrumb","itemListElement":[{"@type":"ListItem","position":1,"name":"\u0413\u043b\u0430\u0432\u043d\u0430\u044f \u0441\u0442\u0440\u0430\u043d\u0438\u0446\u0430","item":"https:\/\/bonfortuno.eu\/"},{"@type":"ListItem","position":2,"name":"\u041c\u0430\u0433\u0430\u0437\u0438\u043d","item":"https:\/\/bonfortuno.eu\/"},{"@type":"ListItem","position":3,"name":"Punane vein &#8220;Pomegranate&#8221;"}]},{"@type":"WebSite","@id":"https:\/\/bonfortuno.eu\/ru\/#website","url":"https:\/\/bonfortuno.eu\/ru\/","name":"Bonfortuno","description":"The world of fresh flowers","potentialAction":[{"@type":"SearchAction","target":{"@type":"EntryPoint","urlTemplate":"https:\/\/bonfortuno.eu\/ru\/?s={search_term_string}"},"query-input":{"@type":"PropertyValueSpecification","valueRequired":true,"valueName":"search_term_string"}}],"inLanguage":"en-US"}]}},"_links":{"self":[{"href":"https:\/\/bonfortuno.eu\/en\/wp-json\/wp\/v2\/product\/3784","targetHints":{"allow":["GET"]}}],"collection":[{"href":"https:\/\/bonfortuno.eu\/en\/wp-json\/wp\/v2\/product"}],"about":[{"href":"https:\/\/bonfortuno.eu\/en\/wp-json\/wp\/v2\/types\/product"}],"wp:featuredmedia":[{"embeddable":true,"href":"https:\/\/bonfortuno.eu\/en\/wp-json\/wp\/v2\/media\/3783"}],"wp:attachment":[{"href":"https:\/\/bonfortuno.eu\/en\/wp-json\/wp\/v2\/media?parent=3784"}],"wp:term":[{"taxonomy":"product_brand","embeddable":true,"href":"https:\/\/bonfortuno.eu\/en\/wp-json\/wp\/v2\/product_brand?post=3784"},{"taxonomy":"product_cat","embeddable":true,"href":"https:\/\/bonfortuno.eu\/en\/wp-json\/wp\/v2\/product_cat?post=3784"},{"taxonomy":"product_tag","embeddable":true,"href":"https:\/\/bonfortuno.eu\/en\/wp-json\/wp\/v2\/product_tag?post=3784"}],"curies":[{"name":"wp","href":"https:\/\/api.w.org\/{rel}","templated":true}]}}