{"id":3835,"date":"2022-08-18T17:44:48","date_gmt":"2022-08-18T14:44:48","guid":{"rendered":"https:\/\/bonfortuno.eu\/?post_type=product&#038;p=3835"},"modified":"2022-08-18T17:44:48","modified_gmt":"2022-08-18T14:44:48","slug":"nauding","status":"publish","type":"product","link":"https:\/\/bonfortuno.eu\/en\/toode\/nauding\/","title":{"rendered":"&#8221;Delight.&#8221;"},"content":{"rendered":"","protected":false},"excerpt":{"rendered":"<p>Flowers are a universal gift that does not oblige you to anything and will be favorably received in any situation. Women&#8217;s love for flowers dates back to ancient times. Giving flowers means giving good emotions, good emotions are directly related to the general tone of a person, which means health.<\/p>\n<p>Flowers and boxes may vary in color.<\/p>\n","protected":false},"featured_media":3804,"template":"","meta":[],"product_brand":[],"product_cat":[76,37,35],"product_tag":[],"class_list":{"0":"post-3835","1":"product","2":"type-product","3":"status-publish","4":"has-post-thumbnail","6":"product_cat-koik-tooted","7":"product_cat-lilleseade-karbis","8":"product_cat-lilleseaded","10":"first","11":"instock","12":"shipping-taxable","13":"purchasable","14":"product-type-simple"},"yoast_head":"<!-- This site is optimized with the Yoast SEO plugin v27.3 - https:\/\/yoast.com\/product\/yoast-seo-wordpress\/ -->\n<title>&quot;Delight.&quot; | Bonfortuno<\/title>\n<meta name=\"robots\" content=\"index, follow, max-snippet:-1, max-image-preview:large, max-video-preview:-1\" \/>\n<link rel=\"canonical\" href=\"https:\/\/bonfortuno.eu\/toode\/nauding\/\" \/>\n<meta property=\"og:locale\" content=\"en_US\" \/>\n<meta property=\"og:type\" content=\"article\" \/>\n<meta property=\"og:title\" content=\"[:et]&quot;Nauding.&quot;[:ru]&quot;\u0412\u043e\u0441\u0445\u0438\u0449\u0435\u043d\u0438\u0435.&quot;[:en]&quot;Delight.&quot;[:] | Bonfortuno\" \/>\n<meta property=\"og:description\" content=\"[:et]Lilled on universaalne kingitus, mis ei kohusta millekski ja v\u00f5etakse igas olukorras positiivselt vastu. Naiste armastus lillede vastu p\u00e4rineb iidsetest aegadest. Lillede kinkimine t\u00e4hendab heade emotsioonide kinkimist, head emotsioonid on otseselt seotud inimese \u00fcldise toonusega, mis t\u00e4hendab tervist.  Lilled ja karbid v\u00f5ivad olla erineva v\u00e4rviga.[:ru]\u0426\u0432\u0435\u0442\u044b \u2013 \u0443\u043d\u0438\u0432\u0435\u0440\u0441\u0430\u043b\u044c\u043d\u044b\u0439 \u043f\u043e\u0434\u0430\u0440\u043e\u043a, \u043a\u043e\u0442\u043e\u0440\u044b\u0439 \u043d\u0438 \u043a \u0447\u0435\u043c\u0443 \u043d\u0435 \u043e\u0431\u044f\u0437\u044b\u0432\u0430\u0435\u0442 \u0438 \u0431\u0443\u0434\u0435\u0442 \u0431\u043b\u0430\u0433\u043e\u0441\u043a\u043b\u043e\u043d\u043d\u043e \u043f\u0440\u0438\u043d\u044f\u0442 \u0432 \u043b\u044e\u0431\u043e\u0439 \u0441\u0438\u0442\u0443\u0430\u0446\u0438\u0438. \u041b\u044e\u0431\u043e\u0432\u044c \u0436\u0435\u043d\u0449\u0438\u043d \u043a \u0446\u0432\u0435\u0442\u0430\u043c \u0442\u044f\u043d\u0435\u0442\u0441\u044f \u0441 \u0434\u0440\u0435\u0432\u043d\u0438\u0445 \u0432\u0440\u0435\u043c\u0435\u043d. \u0414\u0430\u0440\u0438\u0442\u044c \u0446\u0432\u0435\u0442\u044b \u2013 \u043e\u0437\u043d\u0430\u0447\u0430\u0435\u0442 \u0434\u0430\u0440\u0438\u0442\u044c \u0445\u043e\u0440\u043e\u0448\u0438\u0435 \u044d\u043c\u043e\u0446\u0438\u0438, \u0445\u043e\u0440\u043e\u0448\u0438\u0435 \u044d\u043c\u043e\u0446\u0438\u0438 \u043d\u0430\u043f\u0440\u044f\u043c\u0443\u044e \u0441\u0432\u044f\u0437\u0430\u043d\u044b \u0441 \u043e\u0431\u0449\u0438\u043c \u0442\u043e\u043d\u0443\u0441\u043e\u043c \u0447\u0435\u043b\u043e\u0432\u0435\u043a\u0430, \u0430 \u0437\u043d\u0430\u0447\u0438\u0442 \u2013 \u0437\u0434\u043e\u0440\u043e\u0432\u044c\u0435\u043c.  \u0426\u0432\u0435\u0442 \u0446\u0432\u0435\u0442\u043e\u0432 \u0438 \u043a\u043e\u0440\u043e\u0431\u043a\u0438 \u043c\u043e\u0436\u0435\u0442 \u043c\u0435\u043d\u044f\u0442\u044c\u0441\u044f.[:en]Flowers are a universal gift that does not oblige you to anything and will be favorably received in any situation. Women&#039;s love for flowers dates back to ancient times. Giving flowers means giving good emotions, good emotions are directly related to the general tone of a person, which means health.  Flowers and boxes may vary in color.[:]\" \/>\n<meta property=\"og:url\" content=\"https:\/\/bonfortuno.eu\/toode\/nauding\/\" \/>\n<meta property=\"og:site_name\" content=\"Bonfortuno\" \/>\n<meta property=\"og:image\" content=\"https:\/\/bonfortuno.eu\/wp-content\/uploads\/2022\/08\/48-2-min.png\" \/>\n\t<meta property=\"og:image:width\" content=\"465\" \/>\n\t<meta property=\"og:image:height\" content=\"444\" \/>\n\t<meta property=\"og:image:type\" content=\"image\/png\" \/>\n<meta name=\"twitter:card\" content=\"summary_large_image\" \/>\n<script type=\"application\/ld+json\" class=\"yoast-schema-graph\">{\"@context\":\"https:\\\/\\\/schema.org\",\"@graph\":[{\"@type\":\"WebPage\",\"@id\":\"https:\\\/\\\/bonfortuno.eu\\\/toode\\\/nauding\\\/\",\"url\":\"https:\\\/\\\/bonfortuno.eu\\\/toode\\\/nauding\\\/\",\"name\":\"[:et]\\\"Nauding.\\\"[:ru]\\\"\u0412\u043e\u0441\u0445\u0438\u0449\u0435\u043d\u0438\u0435.\\\"[:en]\\\"Delight.\\\"[:] | Bonfortuno\",\"isPartOf\":{\"@id\":\"https:\\\/\\\/bonfortuno.eu\\\/ru\\\/#website\"},\"primaryImageOfPage\":{\"@id\":\"https:\\\/\\\/bonfortuno.eu\\\/toode\\\/nauding\\\/#primaryimage\"},\"image\":{\"@id\":\"https:\\\/\\\/bonfortuno.eu\\\/toode\\\/nauding\\\/#primaryimage\"},\"thumbnailUrl\":\"https:\\\/\\\/bonfortuno.eu\\\/wp-content\\\/uploads\\\/2022\\\/08\\\/48-2-min.png\",\"datePublished\":\"2022-08-18T14:44:48+00:00\",\"breadcrumb\":{\"@id\":\"https:\\\/\\\/bonfortuno.eu\\\/toode\\\/nauding\\\/#breadcrumb\"},\"inLanguage\":\"en-US\",\"potentialAction\":[{\"@type\":\"ReadAction\",\"target\":[\"https:\\\/\\\/bonfortuno.eu\\\/toode\\\/nauding\\\/\"]}]},{\"@type\":\"ImageObject\",\"inLanguage\":\"en-US\",\"@id\":\"https:\\\/\\\/bonfortuno.eu\\\/toode\\\/nauding\\\/#primaryimage\",\"url\":\"https:\\\/\\\/bonfortuno.eu\\\/wp-content\\\/uploads\\\/2022\\\/08\\\/48-2-min.png\",\"contentUrl\":\"https:\\\/\\\/bonfortuno.eu\\\/wp-content\\\/uploads\\\/2022\\\/08\\\/48-2-min.png\",\"width\":465,\"height\":444},{\"@type\":\"BreadcrumbList\",\"@id\":\"https:\\\/\\\/bonfortuno.eu\\\/toode\\\/nauding\\\/#breadcrumb\",\"itemListElement\":[{\"@type\":\"ListItem\",\"position\":1,\"name\":\"\u0413\u043b\u0430\u0432\u043d\u0430\u044f \u0441\u0442\u0440\u0430\u043d\u0438\u0446\u0430\",\"item\":\"https:\\\/\\\/bonfortuno.eu\\\/\"},{\"@type\":\"ListItem\",\"position\":2,\"name\":\"\u041c\u0430\u0433\u0430\u0437\u0438\u043d\",\"item\":\"https:\\\/\\\/bonfortuno.eu\\\/\"},{\"@type\":\"ListItem\",\"position\":3,\"name\":\"&#8220;Nauding.&#8221;\"}]},{\"@type\":\"WebSite\",\"@id\":\"https:\\\/\\\/bonfortuno.eu\\\/ru\\\/#website\",\"url\":\"https:\\\/\\\/bonfortuno.eu\\\/ru\\\/\",\"name\":\"Bonfortuno\",\"description\":\"The world of fresh flowers\",\"potentialAction\":[{\"@type\":\"SearchAction\",\"target\":{\"@type\":\"EntryPoint\",\"urlTemplate\":\"https:\\\/\\\/bonfortuno.eu\\\/ru\\\/?s={search_term_string}\"},\"query-input\":{\"@type\":\"PropertyValueSpecification\",\"valueRequired\":true,\"valueName\":\"search_term_string\"}}],\"inLanguage\":\"en-US\"}]}<\/script>\n<!-- \/ Yoast SEO plugin. -->","yoast_head_json":{"title":"[:et]\"Nauding.\"[:ru]\"\u0412\u043e\u0441\u0445\u0438\u0449\u0435\u043d\u0438\u0435.\"[:en]\"Delight.\"[:] | Bonfortuno","robots":{"index":"index","follow":"follow","max-snippet":"max-snippet:-1","max-image-preview":"max-image-preview:large","max-video-preview":"max-video-preview:-1"},"canonical":"https:\/\/bonfortuno.eu\/toode\/nauding\/","og_locale":"en_US","og_type":"article","og_title":"[:et]\"Nauding.\"[:ru]\"\u0412\u043e\u0441\u0445\u0438\u0449\u0435\u043d\u0438\u0435.\"[:en]\"Delight.\"[:] | Bonfortuno","og_description":"[:et]Lilled on universaalne kingitus, mis ei kohusta millekski ja v\u00f5etakse igas olukorras positiivselt vastu. Naiste armastus lillede vastu p\u00e4rineb iidsetest aegadest. Lillede kinkimine t\u00e4hendab heade emotsioonide kinkimist, head emotsioonid on otseselt seotud inimese \u00fcldise toonusega, mis t\u00e4hendab tervist.  Lilled ja karbid v\u00f5ivad olla erineva v\u00e4rviga.[:ru]\u0426\u0432\u0435\u0442\u044b \u2013 \u0443\u043d\u0438\u0432\u0435\u0440\u0441\u0430\u043b\u044c\u043d\u044b\u0439 \u043f\u043e\u0434\u0430\u0440\u043e\u043a, \u043a\u043e\u0442\u043e\u0440\u044b\u0439 \u043d\u0438 \u043a \u0447\u0435\u043c\u0443 \u043d\u0435 \u043e\u0431\u044f\u0437\u044b\u0432\u0430\u0435\u0442 \u0438 \u0431\u0443\u0434\u0435\u0442 \u0431\u043b\u0430\u0433\u043e\u0441\u043a\u043b\u043e\u043d\u043d\u043e \u043f\u0440\u0438\u043d\u044f\u0442 \u0432 \u043b\u044e\u0431\u043e\u0439 \u0441\u0438\u0442\u0443\u0430\u0446\u0438\u0438. \u041b\u044e\u0431\u043e\u0432\u044c \u0436\u0435\u043d\u0449\u0438\u043d \u043a \u0446\u0432\u0435\u0442\u0430\u043c \u0442\u044f\u043d\u0435\u0442\u0441\u044f \u0441 \u0434\u0440\u0435\u0432\u043d\u0438\u0445 \u0432\u0440\u0435\u043c\u0435\u043d. \u0414\u0430\u0440\u0438\u0442\u044c \u0446\u0432\u0435\u0442\u044b \u2013 \u043e\u0437\u043d\u0430\u0447\u0430\u0435\u0442 \u0434\u0430\u0440\u0438\u0442\u044c \u0445\u043e\u0440\u043e\u0448\u0438\u0435 \u044d\u043c\u043e\u0446\u0438\u0438, \u0445\u043e\u0440\u043e\u0448\u0438\u0435 \u044d\u043c\u043e\u0446\u0438\u0438 \u043d\u0430\u043f\u0440\u044f\u043c\u0443\u044e \u0441\u0432\u044f\u0437\u0430\u043d\u044b \u0441 \u043e\u0431\u0449\u0438\u043c \u0442\u043e\u043d\u0443\u0441\u043e\u043c \u0447\u0435\u043b\u043e\u0432\u0435\u043a\u0430, \u0430 \u0437\u043d\u0430\u0447\u0438\u0442 \u2013 \u0437\u0434\u043e\u0440\u043e\u0432\u044c\u0435\u043c.  \u0426\u0432\u0435\u0442 \u0446\u0432\u0435\u0442\u043e\u0432 \u0438 \u043a\u043e\u0440\u043e\u0431\u043a\u0438 \u043c\u043e\u0436\u0435\u0442 \u043c\u0435\u043d\u044f\u0442\u044c\u0441\u044f.[:en]Flowers are a universal gift that does not oblige you to anything and will be favorably received in any situation. Women's love for flowers dates back to ancient times. Giving flowers means giving good emotions, good emotions are directly related to the general tone of a person, which means health.  Flowers and boxes may vary in color.[:]","og_url":"https:\/\/bonfortuno.eu\/toode\/nauding\/","og_site_name":"Bonfortuno","og_image":[{"width":465,"height":444,"url":"https:\/\/bonfortuno.eu\/wp-content\/uploads\/2022\/08\/48-2-min.png","type":"image\/png"}],"twitter_card":"summary_large_image","schema":{"@context":"https:\/\/schema.org","@graph":[{"@type":"WebPage","@id":"https:\/\/bonfortuno.eu\/toode\/nauding\/","url":"https:\/\/bonfortuno.eu\/toode\/nauding\/","name":"[:et]\"Nauding.\"[:ru]\"\u0412\u043e\u0441\u0445\u0438\u0449\u0435\u043d\u0438\u0435.\"[:en]\"Delight.\"[:] | Bonfortuno","isPartOf":{"@id":"https:\/\/bonfortuno.eu\/ru\/#website"},"primaryImageOfPage":{"@id":"https:\/\/bonfortuno.eu\/toode\/nauding\/#primaryimage"},"image":{"@id":"https:\/\/bonfortuno.eu\/toode\/nauding\/#primaryimage"},"thumbnailUrl":"https:\/\/bonfortuno.eu\/wp-content\/uploads\/2022\/08\/48-2-min.png","datePublished":"2022-08-18T14:44:48+00:00","breadcrumb":{"@id":"https:\/\/bonfortuno.eu\/toode\/nauding\/#breadcrumb"},"inLanguage":"en-US","potentialAction":[{"@type":"ReadAction","target":["https:\/\/bonfortuno.eu\/toode\/nauding\/"]}]},{"@type":"ImageObject","inLanguage":"en-US","@id":"https:\/\/bonfortuno.eu\/toode\/nauding\/#primaryimage","url":"https:\/\/bonfortuno.eu\/wp-content\/uploads\/2022\/08\/48-2-min.png","contentUrl":"https:\/\/bonfortuno.eu\/wp-content\/uploads\/2022\/08\/48-2-min.png","width":465,"height":444},{"@type":"BreadcrumbList","@id":"https:\/\/bonfortuno.eu\/toode\/nauding\/#breadcrumb","itemListElement":[{"@type":"ListItem","position":1,"name":"\u0413\u043b\u0430\u0432\u043d\u0430\u044f \u0441\u0442\u0440\u0430\u043d\u0438\u0446\u0430","item":"https:\/\/bonfortuno.eu\/"},{"@type":"ListItem","position":2,"name":"\u041c\u0430\u0433\u0430\u0437\u0438\u043d","item":"https:\/\/bonfortuno.eu\/"},{"@type":"ListItem","position":3,"name":"&#8220;Nauding.&#8221;"}]},{"@type":"WebSite","@id":"https:\/\/bonfortuno.eu\/ru\/#website","url":"https:\/\/bonfortuno.eu\/ru\/","name":"Bonfortuno","description":"The world of fresh flowers","potentialAction":[{"@type":"SearchAction","target":{"@type":"EntryPoint","urlTemplate":"https:\/\/bonfortuno.eu\/ru\/?s={search_term_string}"},"query-input":{"@type":"PropertyValueSpecification","valueRequired":true,"valueName":"search_term_string"}}],"inLanguage":"en-US"}]}},"_links":{"self":[{"href":"https:\/\/bonfortuno.eu\/en\/wp-json\/wp\/v2\/product\/3835","targetHints":{"allow":["GET"]}}],"collection":[{"href":"https:\/\/bonfortuno.eu\/en\/wp-json\/wp\/v2\/product"}],"about":[{"href":"https:\/\/bonfortuno.eu\/en\/wp-json\/wp\/v2\/types\/product"}],"wp:featuredmedia":[{"embeddable":true,"href":"https:\/\/bonfortuno.eu\/en\/wp-json\/wp\/v2\/media\/3804"}],"wp:attachment":[{"href":"https:\/\/bonfortuno.eu\/en\/wp-json\/wp\/v2\/media?parent=3835"}],"wp:term":[{"taxonomy":"product_brand","embeddable":true,"href":"https:\/\/bonfortuno.eu\/en\/wp-json\/wp\/v2\/product_brand?post=3835"},{"taxonomy":"product_cat","embeddable":true,"href":"https:\/\/bonfortuno.eu\/en\/wp-json\/wp\/v2\/product_cat?post=3835"},{"taxonomy":"product_tag","embeddable":true,"href":"https:\/\/bonfortuno.eu\/en\/wp-json\/wp\/v2\/product_tag?post=3835"}],"curies":[{"name":"wp","href":"https:\/\/api.w.org\/{rel}","templated":true}]}}