{"id":39,"date":"2018-05-08T14:58:51","date_gmt":"2018-05-08T11:58:51","guid":{"rendered":"https:\/\/bonfortuno.eu\/?post_type=product&#038;p=39"},"modified":"2022-01-13T13:57:20","modified_gmt":"2022-01-13T11:57:20","slug":"naerata-mulle","status":"publish","type":"product","link":"https:\/\/bonfortuno.eu\/en\/toode\/naerata-mulle\/","title":{"rendered":"\u201cSmile for me\u201d"},"content":{"rendered":"","protected":false},"excerpt":{"rendered":"<p style=\"text-align: justify;\"><span style=\"font-weight: 400;\">Take a look and those gentle gerberas and roses and smile for me. A gorgeous gift of love for an anniversary or any romantic occasion. Expect kisses. <\/span><\/p>\n","protected":false},"featured_media":486,"template":"","meta":[],"product_brand":[],"product_cat":[76,30],"product_tag":[52,79,39],"class_list":{"0":"post-39","1":"product","2":"type-product","3":"status-publish","4":"has-post-thumbnail","6":"product_cat-koik-tooted","7":"product_cat-lillekimbud","8":"product_tag-gerbera","9":"product_tag-keskmine","10":"product_tag-roosid","12":"first","13":"instock","14":"shipping-taxable","15":"purchasable","16":"product-type-simple"},"yoast_head":"<!-- This site is optimized with the Yoast SEO plugin v27.3 - https:\/\/yoast.com\/product\/yoast-seo-wordpress\/ -->\n<title>&quot;Naerata mulle&quot; | Bonfortuno<\/title>\n<meta name=\"robots\" content=\"index, follow, max-snippet:-1, max-image-preview:large, max-video-preview:-1\" \/>\n<link rel=\"canonical\" href=\"https:\/\/bonfortuno.eu\/toode\/naerata-mulle\/\" \/>\n<meta property=\"og:locale\" content=\"en_US\" \/>\n<meta property=\"og:type\" content=\"article\" \/>\n<meta property=\"og:title\" content=\"&quot;Naerata mulle&quot; | Bonfortuno\" \/>\n<meta property=\"og:description\" content=\"[:et]N\u00e4ed neid v\u00e4rskeid gerbere ja \u00f5rnasid roose? Heita enda pilk ja naerata mulle. See kimp on suurep\u00e4rane kingitus kallimale aastap\u00e4eva v\u00f5i m\u00f5ne teise romantilise s\u00fcndmuse puhul. V\u00f5id oodata kallistusi ja tuhat \u00a0musi vastutasuks. [:ru]\u0412\u0437\u0433\u043b\u044f\u043d\u0438 \u043d\u0430 \u044d\u0442\u0438 \u0441\u0432\u0435\u0436\u0438\u0435 \u0433\u0435\u0440\u0431\u0435\u0440\u044b \u0438 \u043f\u0440\u0435\u043a\u0440\u0430\u0441\u043d\u044b\u0435 \u0440\u043e\u0437\u044b \u0438 \u0443\u043b\u044b\u0431\u043d\u0438\u0441\u044c \u043c\u043d\u0435. \u042d\u0442\u043e \u0431\u0443\u043a\u0435\u0442 \u0441\u0442\u0430\u043d\u0435\u0442 \u0432\u0435\u043b\u0438\u043a\u043e\u043b\u0435\u043f\u043d\u044b\u043c \u043f\u043e\u0434\u0430\u0440\u043a\u043e\u043c \u043a \u044e\u0431\u0438\u043b\u0435\u044e \u0438\u043b\u0438 \u043b\u044e\u0431\u043e\u043c\u0443 \u0434\u0440\u0443\u0433\u043e\u043c\u0443 \u0440\u043e\u043c\u0430\u043d\u0442\u0438\u0447\u0435\u0441\u043a\u043e\u043c\u0443 \u0441\u043b\u0443\u0447\u0430\u044e. \u041e\u0436\u0438\u0434\u0430\u0439\u0442\u0435 \u043c\u043d\u043e\u0433\u043e \u043f\u043e\u0446\u0435\u043b\u0443\u0435\u0432 \u0432 \u043e\u0442\u0432\u0435\u0442.[:en]Take a look and those gentle gerberas and roses and smile for me. A gorgeous gift of love for an anniversary or any romantic occasion. Expect kisses. [:]\" \/>\n<meta property=\"og:url\" content=\"https:\/\/bonfortuno.eu\/toode\/naerata-mulle\/\" \/>\n<meta property=\"og:site_name\" content=\"Bonfortuno\" \/>\n<meta property=\"article:modified_time\" content=\"2022-01-13T11:57:20+00:00\" \/>\n<meta property=\"og:image\" content=\"https:\/\/bonfortuno.eu\/wp-content\/uploads\/2018\/05\/2-min.jpg\" \/>\n\t<meta property=\"og:image:width\" content=\"1920\" \/>\n\t<meta property=\"og:image:height\" content=\"1280\" \/>\n\t<meta property=\"og:image:type\" content=\"image\/jpeg\" \/>\n<meta name=\"twitter:card\" content=\"summary_large_image\" \/>\n<script type=\"application\/ld+json\" class=\"yoast-schema-graph\">{\"@context\":\"https:\\\/\\\/schema.org\",\"@graph\":[{\"@type\":\"WebPage\",\"@id\":\"https:\\\/\\\/bonfortuno.eu\\\/toode\\\/naerata-mulle\\\/\",\"url\":\"https:\\\/\\\/bonfortuno.eu\\\/toode\\\/naerata-mulle\\\/\",\"name\":\"\\\"Naerata mulle\\\" | Bonfortuno\",\"isPartOf\":{\"@id\":\"https:\\\/\\\/bonfortuno.eu\\\/ru\\\/#website\"},\"primaryImageOfPage\":{\"@id\":\"https:\\\/\\\/bonfortuno.eu\\\/toode\\\/naerata-mulle\\\/#primaryimage\"},\"image\":{\"@id\":\"https:\\\/\\\/bonfortuno.eu\\\/toode\\\/naerata-mulle\\\/#primaryimage\"},\"thumbnailUrl\":\"https:\\\/\\\/bonfortuno.eu\\\/wp-content\\\/uploads\\\/2018\\\/05\\\/2-min.jpg\",\"datePublished\":\"2018-05-08T11:58:51+00:00\",\"dateModified\":\"2022-01-13T11:57:20+00:00\",\"breadcrumb\":{\"@id\":\"https:\\\/\\\/bonfortuno.eu\\\/toode\\\/naerata-mulle\\\/#breadcrumb\"},\"inLanguage\":\"en-US\",\"potentialAction\":[{\"@type\":\"ReadAction\",\"target\":[\"https:\\\/\\\/bonfortuno.eu\\\/toode\\\/naerata-mulle\\\/\"]}]},{\"@type\":\"ImageObject\",\"inLanguage\":\"en-US\",\"@id\":\"https:\\\/\\\/bonfortuno.eu\\\/toode\\\/naerata-mulle\\\/#primaryimage\",\"url\":\"https:\\\/\\\/bonfortuno.eu\\\/wp-content\\\/uploads\\\/2018\\\/05\\\/2-min.jpg\",\"contentUrl\":\"https:\\\/\\\/bonfortuno.eu\\\/wp-content\\\/uploads\\\/2018\\\/05\\\/2-min.jpg\",\"width\":1920,\"height\":1280,\"caption\":\"Gerbera lilled tallinn\"},{\"@type\":\"BreadcrumbList\",\"@id\":\"https:\\\/\\\/bonfortuno.eu\\\/toode\\\/naerata-mulle\\\/#breadcrumb\",\"itemListElement\":[{\"@type\":\"ListItem\",\"position\":1,\"name\":\"\u0413\u043b\u0430\u0432\u043d\u0430\u044f \u0441\u0442\u0440\u0430\u043d\u0438\u0446\u0430\",\"item\":\"https:\\\/\\\/bonfortuno.eu\\\/\"},{\"@type\":\"ListItem\",\"position\":2,\"name\":\"\u041c\u0430\u0433\u0430\u0437\u0438\u043d\",\"item\":\"https:\\\/\\\/bonfortuno.eu\\\/\"},{\"@type\":\"ListItem\",\"position\":3,\"name\":\"\u201cNaerata mulle\u201d\"}]},{\"@type\":\"WebSite\",\"@id\":\"https:\\\/\\\/bonfortuno.eu\\\/ru\\\/#website\",\"url\":\"https:\\\/\\\/bonfortuno.eu\\\/ru\\\/\",\"name\":\"Bonfortuno\",\"description\":\"The world of fresh flowers\",\"potentialAction\":[{\"@type\":\"SearchAction\",\"target\":{\"@type\":\"EntryPoint\",\"urlTemplate\":\"https:\\\/\\\/bonfortuno.eu\\\/ru\\\/?s={search_term_string}\"},\"query-input\":{\"@type\":\"PropertyValueSpecification\",\"valueRequired\":true,\"valueName\":\"search_term_string\"}}],\"inLanguage\":\"en-US\"}]}<\/script>\n<!-- \/ Yoast SEO plugin. -->","yoast_head_json":{"title":"\"Naerata mulle\" | Bonfortuno","robots":{"index":"index","follow":"follow","max-snippet":"max-snippet:-1","max-image-preview":"max-image-preview:large","max-video-preview":"max-video-preview:-1"},"canonical":"https:\/\/bonfortuno.eu\/toode\/naerata-mulle\/","og_locale":"en_US","og_type":"article","og_title":"\"Naerata mulle\" | Bonfortuno","og_description":"[:et]N\u00e4ed neid v\u00e4rskeid gerbere ja \u00f5rnasid roose? Heita enda pilk ja naerata mulle. See kimp on suurep\u00e4rane kingitus kallimale aastap\u00e4eva v\u00f5i m\u00f5ne teise romantilise s\u00fcndmuse puhul. V\u00f5id oodata kallistusi ja tuhat \u00a0musi vastutasuks. [:ru]\u0412\u0437\u0433\u043b\u044f\u043d\u0438 \u043d\u0430 \u044d\u0442\u0438 \u0441\u0432\u0435\u0436\u0438\u0435 \u0433\u0435\u0440\u0431\u0435\u0440\u044b \u0438 \u043f\u0440\u0435\u043a\u0440\u0430\u0441\u043d\u044b\u0435 \u0440\u043e\u0437\u044b \u0438 \u0443\u043b\u044b\u0431\u043d\u0438\u0441\u044c \u043c\u043d\u0435. \u042d\u0442\u043e \u0431\u0443\u043a\u0435\u0442 \u0441\u0442\u0430\u043d\u0435\u0442 \u0432\u0435\u043b\u0438\u043a\u043e\u043b\u0435\u043f\u043d\u044b\u043c \u043f\u043e\u0434\u0430\u0440\u043a\u043e\u043c \u043a \u044e\u0431\u0438\u043b\u0435\u044e \u0438\u043b\u0438 \u043b\u044e\u0431\u043e\u043c\u0443 \u0434\u0440\u0443\u0433\u043e\u043c\u0443 \u0440\u043e\u043c\u0430\u043d\u0442\u0438\u0447\u0435\u0441\u043a\u043e\u043c\u0443 \u0441\u043b\u0443\u0447\u0430\u044e. \u041e\u0436\u0438\u0434\u0430\u0439\u0442\u0435 \u043c\u043d\u043e\u0433\u043e \u043f\u043e\u0446\u0435\u043b\u0443\u0435\u0432 \u0432 \u043e\u0442\u0432\u0435\u0442.[:en]Take a look and those gentle gerberas and roses and smile for me. A gorgeous gift of love for an anniversary or any romantic occasion. Expect kisses. [:]","og_url":"https:\/\/bonfortuno.eu\/toode\/naerata-mulle\/","og_site_name":"Bonfortuno","article_modified_time":"2022-01-13T11:57:20+00:00","og_image":[{"width":1920,"height":1280,"url":"https:\/\/bonfortuno.eu\/wp-content\/uploads\/2018\/05\/2-min.jpg","type":"image\/jpeg"}],"twitter_card":"summary_large_image","schema":{"@context":"https:\/\/schema.org","@graph":[{"@type":"WebPage","@id":"https:\/\/bonfortuno.eu\/toode\/naerata-mulle\/","url":"https:\/\/bonfortuno.eu\/toode\/naerata-mulle\/","name":"\"Naerata mulle\" | Bonfortuno","isPartOf":{"@id":"https:\/\/bonfortuno.eu\/ru\/#website"},"primaryImageOfPage":{"@id":"https:\/\/bonfortuno.eu\/toode\/naerata-mulle\/#primaryimage"},"image":{"@id":"https:\/\/bonfortuno.eu\/toode\/naerata-mulle\/#primaryimage"},"thumbnailUrl":"https:\/\/bonfortuno.eu\/wp-content\/uploads\/2018\/05\/2-min.jpg","datePublished":"2018-05-08T11:58:51+00:00","dateModified":"2022-01-13T11:57:20+00:00","breadcrumb":{"@id":"https:\/\/bonfortuno.eu\/toode\/naerata-mulle\/#breadcrumb"},"inLanguage":"en-US","potentialAction":[{"@type":"ReadAction","target":["https:\/\/bonfortuno.eu\/toode\/naerata-mulle\/"]}]},{"@type":"ImageObject","inLanguage":"en-US","@id":"https:\/\/bonfortuno.eu\/toode\/naerata-mulle\/#primaryimage","url":"https:\/\/bonfortuno.eu\/wp-content\/uploads\/2018\/05\/2-min.jpg","contentUrl":"https:\/\/bonfortuno.eu\/wp-content\/uploads\/2018\/05\/2-min.jpg","width":1920,"height":1280,"caption":"Gerbera lilled tallinn"},{"@type":"BreadcrumbList","@id":"https:\/\/bonfortuno.eu\/toode\/naerata-mulle\/#breadcrumb","itemListElement":[{"@type":"ListItem","position":1,"name":"\u0413\u043b\u0430\u0432\u043d\u0430\u044f \u0441\u0442\u0440\u0430\u043d\u0438\u0446\u0430","item":"https:\/\/bonfortuno.eu\/"},{"@type":"ListItem","position":2,"name":"\u041c\u0430\u0433\u0430\u0437\u0438\u043d","item":"https:\/\/bonfortuno.eu\/"},{"@type":"ListItem","position":3,"name":"\u201cNaerata mulle\u201d"}]},{"@type":"WebSite","@id":"https:\/\/bonfortuno.eu\/ru\/#website","url":"https:\/\/bonfortuno.eu\/ru\/","name":"Bonfortuno","description":"The world of fresh flowers","potentialAction":[{"@type":"SearchAction","target":{"@type":"EntryPoint","urlTemplate":"https:\/\/bonfortuno.eu\/ru\/?s={search_term_string}"},"query-input":{"@type":"PropertyValueSpecification","valueRequired":true,"valueName":"search_term_string"}}],"inLanguage":"en-US"}]}},"_links":{"self":[{"href":"https:\/\/bonfortuno.eu\/en\/wp-json\/wp\/v2\/product\/39","targetHints":{"allow":["GET"]}}],"collection":[{"href":"https:\/\/bonfortuno.eu\/en\/wp-json\/wp\/v2\/product"}],"about":[{"href":"https:\/\/bonfortuno.eu\/en\/wp-json\/wp\/v2\/types\/product"}],"wp:featuredmedia":[{"embeddable":true,"href":"https:\/\/bonfortuno.eu\/en\/wp-json\/wp\/v2\/media\/486"}],"wp:attachment":[{"href":"https:\/\/bonfortuno.eu\/en\/wp-json\/wp\/v2\/media?parent=39"}],"wp:term":[{"taxonomy":"product_brand","embeddable":true,"href":"https:\/\/bonfortuno.eu\/en\/wp-json\/wp\/v2\/product_brand?post=39"},{"taxonomy":"product_cat","embeddable":true,"href":"https:\/\/bonfortuno.eu\/en\/wp-json\/wp\/v2\/product_cat?post=39"},{"taxonomy":"product_tag","embeddable":true,"href":"https:\/\/bonfortuno.eu\/en\/wp-json\/wp\/v2\/product_tag?post=39"}],"curies":[{"name":"wp","href":"https:\/\/api.w.org\/{rel}","templated":true}]}}