{"id":512,"date":"2018-05-26T23:18:22","date_gmt":"2018-05-26T20:18:22","guid":{"rendered":"https:\/\/bonfortuno.eu\/?post_type=product&#038;p=512"},"modified":"2022-01-13T13:54:45","modified_gmt":"2022-01-13T11:54:45","slug":"pink-kiss","status":"publish","type":"product","link":"https:\/\/bonfortuno.eu\/en\/toode\/pink-kiss\/","title":{"rendered":"\u201cPink kiss\u201d"},"content":{"rendered":"","protected":false},"excerpt":{"rendered":"<p style=\"text-align: justify;\">The Pink Kiss has a pleasantly fragrant, delicate blossom that impresses with it\u2019s simple elegance. This beautiful bouquet includes freesias and tulips highlighted with some fresh green notes. Stunning bouquet for any occasion!<\/p>\n","protected":false},"featured_media":489,"template":"","meta":[],"product_brand":[],"product_cat":[76,30],"product_tag":[53,71,80],"class_list":{"0":"post-512","1":"product","2":"type-product","3":"status-publish","4":"has-post-thumbnail","6":"product_cat-koik-tooted","7":"product_cat-lillekimbud","8":"product_tag-freesia","9":"product_tag-tulbid","10":"product_tag-vaike","12":"first","13":"instock","14":"shipping-taxable","15":"purchasable","16":"product-type-simple"},"yoast_head":"<!-- This site is optimized with the Yoast SEO plugin v27.3 - https:\/\/yoast.com\/product\/yoast-seo-wordpress\/ -->\n<title>\u201cPink kiss\u201d | Bonfortuno<\/title>\n<meta name=\"robots\" content=\"index, follow, max-snippet:-1, max-image-preview:large, max-video-preview:-1\" \/>\n<link rel=\"canonical\" href=\"https:\/\/bonfortuno.eu\/toode\/pink-kiss\/\" \/>\n<meta property=\"og:locale\" content=\"en_US\" \/>\n<meta property=\"og:type\" content=\"article\" \/>\n<meta property=\"og:title\" content=\"[:et]\u201cRoosa Musi\u201d[:ru]\u201c\u0420\u043e\u0437\u043e\u0432\u044b\u0439 \u043f\u043e\u0446\u0435\u043b\u0443\u0439\u201d[:en]\u201cPink kiss\u201d[:] | Bonfortuno\" \/>\n<meta property=\"og:description\" content=\"[:et]Elegantne, ilus ja \u00f5rn freesia v\u00e4ga meeldiva l\u00f5hnaga. Freesia l\u00f5hn sarnaneb maikellukese l\u00f5hnaga. Selle kimbu \u00f5rn v\u00e4rv vapustab oma lihtsa elegantsusega. Freesia on t\u00e4idetud v\u00e4rskete tulpidega ja roheliste nootidega. Imeilus kimp igaks s\u00fcndmuseks![:ru]\u0424\u0440\u0435\u0437\u0438\u044f \u2013 \u044d\u043b\u0435\u0433\u0430\u043d\u0442\u043d\u0430, \u0438\u0437\u044f\u0449\u043d\u0430 \u0438 \u043d\u0435\u0436\u043d\u0430, \u043e\u043d\u0430 \u0438\u0441\u0442\u043e\u0447\u0430\u0435\u0442 \u043f\u0440\u0438\u044f\u0442\u043d\u044b\u0439 \u0430\u0440\u043e\u043c\u0430\u0442, \u043d\u0430\u043f\u043e\u043c\u0438\u043d\u0430\u044e\u0449\u0438\u0439 \u0437\u0430\u043f\u0430\u0445 \u043b\u0430\u043d\u0434\u044b\u0448\u0430, \u0430 \u043d\u0435\u0436\u043d\u044b\u0439 \u0446\u0432\u0435\u0442 \u0431\u0443\u043a\u0435\u0442\u0430 \u0432\u043f\u0435\u0447\u0430\u0442\u043b\u044f\u0435\u0442 \u0441\u0432\u043e\u0435\u0439 \u043f\u0440\u043e\u0441\u0442\u043e\u0439 \u044d\u043b\u0435\u0433\u0430\u043d\u0442\u043d\u043e\u0441\u0442\u044c\u044e. \u0424\u0440\u0435\u0437\u0438\u0438 \u0434\u043e\u043f\u043e\u043b\u043d\u0435\u043d\u044b \u0442\u044e\u043b\u044c\u043f\u0430\u043d\u0430\u043c\u0438 \u0438 \u0441\u0432\u0435\u0436\u0438\u043c\u0438 \u0437\u0435\u043b\u0435\u043d\u044b\u043c\u0438 \u043d\u043e\u0442\u0430\u043c\u0438. \u041f\u043e\u0442\u0440\u044f\u0441\u0430\u044e\u0449\u0438\u0439 \u0431\u0443\u043a\u0435\u0442 \u0434\u043b\u044f \u043b\u044e\u0431\u043e\u0433\u043e \u0441\u043b\u0443\u0447\u0430\u044f![:en]The Pink Kiss has a pleasantly fragrant, delicate blossom that impresses with it\u2019s simple elegance. This beautiful bouquet includes freesias and tulips highlighted with some fresh green notes. Stunning bouquet for any occasion![:]\" \/>\n<meta property=\"og:url\" content=\"https:\/\/bonfortuno.eu\/toode\/pink-kiss\/\" \/>\n<meta property=\"og:site_name\" content=\"Bonfortuno\" \/>\n<meta property=\"article:modified_time\" content=\"2022-01-13T11:54:45+00:00\" \/>\n<meta property=\"og:image\" content=\"https:\/\/bonfortuno.eu\/wp-content\/uploads\/2018\/05\/5-min.jpg\" \/>\n\t<meta property=\"og:image:width\" content=\"1920\" \/>\n\t<meta property=\"og:image:height\" content=\"1280\" \/>\n\t<meta property=\"og:image:type\" content=\"image\/jpeg\" \/>\n<meta name=\"twitter:card\" content=\"summary_large_image\" \/>\n<script type=\"application\/ld+json\" class=\"yoast-schema-graph\">{\"@context\":\"https:\\\/\\\/schema.org\",\"@graph\":[{\"@type\":\"WebPage\",\"@id\":\"https:\\\/\\\/bonfortuno.eu\\\/toode\\\/pink-kiss\\\/\",\"url\":\"https:\\\/\\\/bonfortuno.eu\\\/toode\\\/pink-kiss\\\/\",\"name\":\"[:et]\u201cRoosa Musi\u201d[:ru]\u201c\u0420\u043e\u0437\u043e\u0432\u044b\u0439 \u043f\u043e\u0446\u0435\u043b\u0443\u0439\u201d[:en]\u201cPink kiss\u201d[:] | Bonfortuno\",\"isPartOf\":{\"@id\":\"https:\\\/\\\/bonfortuno.eu\\\/ru\\\/#website\"},\"primaryImageOfPage\":{\"@id\":\"https:\\\/\\\/bonfortuno.eu\\\/toode\\\/pink-kiss\\\/#primaryimage\"},\"image\":{\"@id\":\"https:\\\/\\\/bonfortuno.eu\\\/toode\\\/pink-kiss\\\/#primaryimage\"},\"thumbnailUrl\":\"https:\\\/\\\/bonfortuno.eu\\\/wp-content\\\/uploads\\\/2018\\\/05\\\/5-min.jpg\",\"datePublished\":\"2018-05-26T20:18:22+00:00\",\"dateModified\":\"2022-01-13T11:54:45+00:00\",\"breadcrumb\":{\"@id\":\"https:\\\/\\\/bonfortuno.eu\\\/toode\\\/pink-kiss\\\/#breadcrumb\"},\"inLanguage\":\"en-US\",\"potentialAction\":[{\"@type\":\"ReadAction\",\"target\":[\"https:\\\/\\\/bonfortuno.eu\\\/toode\\\/pink-kiss\\\/\"]}]},{\"@type\":\"ImageObject\",\"inLanguage\":\"en-US\",\"@id\":\"https:\\\/\\\/bonfortuno.eu\\\/toode\\\/pink-kiss\\\/#primaryimage\",\"url\":\"https:\\\/\\\/bonfortuno.eu\\\/wp-content\\\/uploads\\\/2018\\\/05\\\/5-min.jpg\",\"contentUrl\":\"https:\\\/\\\/bonfortuno.eu\\\/wp-content\\\/uploads\\\/2018\\\/05\\\/5-min.jpg\",\"width\":1920,\"height\":1280,\"caption\":\"tulbid\"},{\"@type\":\"BreadcrumbList\",\"@id\":\"https:\\\/\\\/bonfortuno.eu\\\/toode\\\/pink-kiss\\\/#breadcrumb\",\"itemListElement\":[{\"@type\":\"ListItem\",\"position\":1,\"name\":\"\u0413\u043b\u0430\u0432\u043d\u0430\u044f \u0441\u0442\u0440\u0430\u043d\u0438\u0446\u0430\",\"item\":\"https:\\\/\\\/bonfortuno.eu\\\/\"},{\"@type\":\"ListItem\",\"position\":2,\"name\":\"\u041c\u0430\u0433\u0430\u0437\u0438\u043d\",\"item\":\"https:\\\/\\\/bonfortuno.eu\\\/\"},{\"@type\":\"ListItem\",\"position\":3,\"name\":\"\u201cRoosa Musi\u201d\"}]},{\"@type\":\"WebSite\",\"@id\":\"https:\\\/\\\/bonfortuno.eu\\\/ru\\\/#website\",\"url\":\"https:\\\/\\\/bonfortuno.eu\\\/ru\\\/\",\"name\":\"Bonfortuno\",\"description\":\"The world of fresh flowers\",\"potentialAction\":[{\"@type\":\"SearchAction\",\"target\":{\"@type\":\"EntryPoint\",\"urlTemplate\":\"https:\\\/\\\/bonfortuno.eu\\\/ru\\\/?s={search_term_string}\"},\"query-input\":{\"@type\":\"PropertyValueSpecification\",\"valueRequired\":true,\"valueName\":\"search_term_string\"}}],\"inLanguage\":\"en-US\"}]}<\/script>\n<!-- \/ Yoast SEO plugin. -->","yoast_head_json":{"title":"[:et]\u201cRoosa Musi\u201d[:ru]\u201c\u0420\u043e\u0437\u043e\u0432\u044b\u0439 \u043f\u043e\u0446\u0435\u043b\u0443\u0439\u201d[:en]\u201cPink kiss\u201d[:] | Bonfortuno","robots":{"index":"index","follow":"follow","max-snippet":"max-snippet:-1","max-image-preview":"max-image-preview:large","max-video-preview":"max-video-preview:-1"},"canonical":"https:\/\/bonfortuno.eu\/toode\/pink-kiss\/","og_locale":"en_US","og_type":"article","og_title":"[:et]\u201cRoosa Musi\u201d[:ru]\u201c\u0420\u043e\u0437\u043e\u0432\u044b\u0439 \u043f\u043e\u0446\u0435\u043b\u0443\u0439\u201d[:en]\u201cPink kiss\u201d[:] | Bonfortuno","og_description":"[:et]Elegantne, ilus ja \u00f5rn freesia v\u00e4ga meeldiva l\u00f5hnaga. Freesia l\u00f5hn sarnaneb maikellukese l\u00f5hnaga. Selle kimbu \u00f5rn v\u00e4rv vapustab oma lihtsa elegantsusega. Freesia on t\u00e4idetud v\u00e4rskete tulpidega ja roheliste nootidega. Imeilus kimp igaks s\u00fcndmuseks![:ru]\u0424\u0440\u0435\u0437\u0438\u044f \u2013 \u044d\u043b\u0435\u0433\u0430\u043d\u0442\u043d\u0430, \u0438\u0437\u044f\u0449\u043d\u0430 \u0438 \u043d\u0435\u0436\u043d\u0430, \u043e\u043d\u0430 \u0438\u0441\u0442\u043e\u0447\u0430\u0435\u0442 \u043f\u0440\u0438\u044f\u0442\u043d\u044b\u0439 \u0430\u0440\u043e\u043c\u0430\u0442, \u043d\u0430\u043f\u043e\u043c\u0438\u043d\u0430\u044e\u0449\u0438\u0439 \u0437\u0430\u043f\u0430\u0445 \u043b\u0430\u043d\u0434\u044b\u0448\u0430, \u0430 \u043d\u0435\u0436\u043d\u044b\u0439 \u0446\u0432\u0435\u0442 \u0431\u0443\u043a\u0435\u0442\u0430 \u0432\u043f\u0435\u0447\u0430\u0442\u043b\u044f\u0435\u0442 \u0441\u0432\u043e\u0435\u0439 \u043f\u0440\u043e\u0441\u0442\u043e\u0439 \u044d\u043b\u0435\u0433\u0430\u043d\u0442\u043d\u043e\u0441\u0442\u044c\u044e. \u0424\u0440\u0435\u0437\u0438\u0438 \u0434\u043e\u043f\u043e\u043b\u043d\u0435\u043d\u044b \u0442\u044e\u043b\u044c\u043f\u0430\u043d\u0430\u043c\u0438 \u0438 \u0441\u0432\u0435\u0436\u0438\u043c\u0438 \u0437\u0435\u043b\u0435\u043d\u044b\u043c\u0438 \u043d\u043e\u0442\u0430\u043c\u0438. \u041f\u043e\u0442\u0440\u044f\u0441\u0430\u044e\u0449\u0438\u0439 \u0431\u0443\u043a\u0435\u0442 \u0434\u043b\u044f \u043b\u044e\u0431\u043e\u0433\u043e \u0441\u043b\u0443\u0447\u0430\u044f![:en]The Pink Kiss has a pleasantly fragrant, delicate blossom that impresses with it\u2019s simple elegance. This beautiful bouquet includes freesias and tulips highlighted with some fresh green notes. Stunning bouquet for any occasion![:]","og_url":"https:\/\/bonfortuno.eu\/toode\/pink-kiss\/","og_site_name":"Bonfortuno","article_modified_time":"2022-01-13T11:54:45+00:00","og_image":[{"width":1920,"height":1280,"url":"https:\/\/bonfortuno.eu\/wp-content\/uploads\/2018\/05\/5-min.jpg","type":"image\/jpeg"}],"twitter_card":"summary_large_image","schema":{"@context":"https:\/\/schema.org","@graph":[{"@type":"WebPage","@id":"https:\/\/bonfortuno.eu\/toode\/pink-kiss\/","url":"https:\/\/bonfortuno.eu\/toode\/pink-kiss\/","name":"[:et]\u201cRoosa Musi\u201d[:ru]\u201c\u0420\u043e\u0437\u043e\u0432\u044b\u0439 \u043f\u043e\u0446\u0435\u043b\u0443\u0439\u201d[:en]\u201cPink kiss\u201d[:] | Bonfortuno","isPartOf":{"@id":"https:\/\/bonfortuno.eu\/ru\/#website"},"primaryImageOfPage":{"@id":"https:\/\/bonfortuno.eu\/toode\/pink-kiss\/#primaryimage"},"image":{"@id":"https:\/\/bonfortuno.eu\/toode\/pink-kiss\/#primaryimage"},"thumbnailUrl":"https:\/\/bonfortuno.eu\/wp-content\/uploads\/2018\/05\/5-min.jpg","datePublished":"2018-05-26T20:18:22+00:00","dateModified":"2022-01-13T11:54:45+00:00","breadcrumb":{"@id":"https:\/\/bonfortuno.eu\/toode\/pink-kiss\/#breadcrumb"},"inLanguage":"en-US","potentialAction":[{"@type":"ReadAction","target":["https:\/\/bonfortuno.eu\/toode\/pink-kiss\/"]}]},{"@type":"ImageObject","inLanguage":"en-US","@id":"https:\/\/bonfortuno.eu\/toode\/pink-kiss\/#primaryimage","url":"https:\/\/bonfortuno.eu\/wp-content\/uploads\/2018\/05\/5-min.jpg","contentUrl":"https:\/\/bonfortuno.eu\/wp-content\/uploads\/2018\/05\/5-min.jpg","width":1920,"height":1280,"caption":"tulbid"},{"@type":"BreadcrumbList","@id":"https:\/\/bonfortuno.eu\/toode\/pink-kiss\/#breadcrumb","itemListElement":[{"@type":"ListItem","position":1,"name":"\u0413\u043b\u0430\u0432\u043d\u0430\u044f \u0441\u0442\u0440\u0430\u043d\u0438\u0446\u0430","item":"https:\/\/bonfortuno.eu\/"},{"@type":"ListItem","position":2,"name":"\u041c\u0430\u0433\u0430\u0437\u0438\u043d","item":"https:\/\/bonfortuno.eu\/"},{"@type":"ListItem","position":3,"name":"\u201cRoosa Musi\u201d"}]},{"@type":"WebSite","@id":"https:\/\/bonfortuno.eu\/ru\/#website","url":"https:\/\/bonfortuno.eu\/ru\/","name":"Bonfortuno","description":"The world of fresh flowers","potentialAction":[{"@type":"SearchAction","target":{"@type":"EntryPoint","urlTemplate":"https:\/\/bonfortuno.eu\/ru\/?s={search_term_string}"},"query-input":{"@type":"PropertyValueSpecification","valueRequired":true,"valueName":"search_term_string"}}],"inLanguage":"en-US"}]}},"_links":{"self":[{"href":"https:\/\/bonfortuno.eu\/en\/wp-json\/wp\/v2\/product\/512","targetHints":{"allow":["GET"]}}],"collection":[{"href":"https:\/\/bonfortuno.eu\/en\/wp-json\/wp\/v2\/product"}],"about":[{"href":"https:\/\/bonfortuno.eu\/en\/wp-json\/wp\/v2\/types\/product"}],"wp:featuredmedia":[{"embeddable":true,"href":"https:\/\/bonfortuno.eu\/en\/wp-json\/wp\/v2\/media\/489"}],"wp:attachment":[{"href":"https:\/\/bonfortuno.eu\/en\/wp-json\/wp\/v2\/media?parent=512"}],"wp:term":[{"taxonomy":"product_brand","embeddable":true,"href":"https:\/\/bonfortuno.eu\/en\/wp-json\/wp\/v2\/product_brand?post=512"},{"taxonomy":"product_cat","embeddable":true,"href":"https:\/\/bonfortuno.eu\/en\/wp-json\/wp\/v2\/product_cat?post=512"},{"taxonomy":"product_tag","embeddable":true,"href":"https:\/\/bonfortuno.eu\/en\/wp-json\/wp\/v2\/product_tag?post=512"}],"curies":[{"name":"wp","href":"https:\/\/api.w.org\/{rel}","templated":true}]}}