{"id":516,"date":"2018-05-26T23:25:42","date_gmt":"2018-05-26T20:25:42","guid":{"rendered":"https:\/\/bonfortuno.eu\/?post_type=product&#038;p=516"},"modified":"2018-07-11T14:07:47","modified_gmt":"2018-07-11T11:07:47","slug":"english-energy","status":"publish","type":"product","link":"https:\/\/bonfortuno.eu\/en\/toode\/english-energy\/","title":{"rendered":"\u201cEnergy\u201d"},"content":{"rendered":"","protected":false},"excerpt":{"rendered":"<p style=\"text-align: justify;\"><span style=\"font-weight: 400;\">With their blazing energy, orange roses are the wild child of the rose family. Whatever feelings you might be bubbling over with\u2014enthusiasm, passion, gratitude\u2014orange roses will get the message across with both oomph and elegance. This wonderful chic bouquet consist of 61 roses!<\/span><\/p>\n","protected":false},"featured_media":491,"template":"","meta":[],"product_brand":[],"product_cat":[76,30,32],"product_tag":[39,78],"class_list":{"0":"post-516","1":"product","2":"type-product","3":"status-publish","4":"has-post-thumbnail","6":"product_cat-koik-tooted","7":"product_cat-lillekimbud","8":"product_cat-roosid","9":"product_tag-roosid","10":"product_tag-suur","12":"first","13":"instock","14":"featured","15":"shipping-taxable","16":"purchasable","17":"product-type-simple"},"yoast_head":"<!-- This site is optimized with the Yoast SEO plugin v27.3 - https:\/\/yoast.com\/product\/yoast-seo-wordpress\/ -->\n<title>\u201cEnergy\u201d | Bonfortuno<\/title>\n<meta name=\"robots\" content=\"index, follow, max-snippet:-1, max-image-preview:large, max-video-preview:-1\" \/>\n<link rel=\"canonical\" href=\"https:\/\/bonfortuno.eu\/toode\/english-energy\/\" \/>\n<meta property=\"og:locale\" content=\"en_US\" \/>\n<meta property=\"og:type\" content=\"article\" \/>\n<meta property=\"og:title\" content=\"[:et]&quot;Energia&quot;[:ru]\u201c\u042d\u043d\u0435\u0440\u0433\u0438\u044f\u201d[:en]\u201cEnergy\u201d[:] | Bonfortuno\" \/>\n<meta property=\"og:description\" content=\"[:et]Oran\u017e on energilisust ja uudishimu v\u00e4ljendav v\u00e4rv, mis t\u00e4hendab huvi. See kimp sobiks entusiastlikule, kirglikule persoonile. Kui on soov v\u00e4ljendada kellelegi oma siirast t\u00e4nu, siis on &quot;Energia&quot; selleks ka igati sobiv! See imeline \u0161ikk kimp koosneb 61 roosist[:ru]\u0411\u0443\u043a\u0435\u0442 \u043e\u0440\u0430\u043d\u0436\u0435\u0432\u044b\u0445 \u0440\u043e\u0437 \u043d\u0435 \u043e\u0441\u0442\u0430\u0432\u0438\u0442 \u043d\u0438\u043a\u043e\u0433\u043e \u0440\u0430\u0432\u043d\u043e\u0434\u0443\u0448\u043d\u044b\u043c. \u041e\u043d \u043f\u043e\u0434\u043d\u0438\u043c\u0435\u0442 \u043d\u0430\u0441\u0442\u0440\u043e\u0435\u043d\u0438\u0435 \u0438 \u043d\u0430\u043f\u043e\u043b\u043d\u0438\u0442 \u0434\u0430\u0436\u0435 \u0441\u0430\u043c\u044b\u0439 \u0441\u043a\u0443\u0447\u043d\u044b\u0439 \u0434\u0435\u043d\u044c \u044d\u043d\u0435\u0440\u0433\u0438\u0435\u0439, \u044d\u043d\u0442\u0443\u0437\u0438\u0430\u0437\u043c\u043e\u043c \u0438 \u0441\u0442\u0440\u0430\u0441\u0442\u044c\u044e. \u041e\u0440\u0430\u043d\u0436\u0435\u0432\u044b\u0439 \u0431\u0443\u043a\u0435\u0442 \u0442\u0430\u043a \u0436\u0435 \u0447\u0430\u0441\u0442\u043e \u0434\u0430\u0440\u044f\u0442 \u0432 \u0437\u043d\u0430\u043a \u0431\u043b\u0430\u0433\u043e\u0434\u0430\u0440\u043d\u043e\u0441\u0442\u0438.\u00a0\u00a0\u042d\u0442\u043e\u0442 \u0448\u0438\u043a\u0430\u0440\u043d\u044b\u0439 \u0431\u0443\u043a\u0435\u0442 \u0441\u043e\u0441\u0442\u043e\u0438\u0442 \u0438\u0437 61 \u0440\u043e\u0437\u044b![:en]With their blazing energy, orange roses are the wild child of the rose family. Whatever feelings you might be bubbling over with\u2014enthusiasm, passion, gratitude\u2014orange roses will get the message across with both oomph and elegance. This wonderful chic bouquet consist of 61 roses![:]\" \/>\n<meta property=\"og:url\" content=\"https:\/\/bonfortuno.eu\/toode\/english-energy\/\" \/>\n<meta property=\"og:site_name\" content=\"Bonfortuno\" \/>\n<meta property=\"article:modified_time\" content=\"2018-07-11T11:07:47+00:00\" \/>\n<meta property=\"og:image\" content=\"https:\/\/bonfortuno.eu\/wp-content\/uploads\/2018\/05\/7-min.jpg\" \/>\n\t<meta property=\"og:image:width\" content=\"1920\" \/>\n\t<meta property=\"og:image:height\" content=\"1659\" \/>\n\t<meta property=\"og:image:type\" content=\"image\/jpeg\" \/>\n<meta name=\"twitter:card\" content=\"summary_large_image\" \/>\n<script type=\"application\/ld+json\" class=\"yoast-schema-graph\">{\"@context\":\"https:\\\/\\\/schema.org\",\"@graph\":[{\"@type\":\"WebPage\",\"@id\":\"https:\\\/\\\/bonfortuno.eu\\\/toode\\\/english-energy\\\/\",\"url\":\"https:\\\/\\\/bonfortuno.eu\\\/toode\\\/english-energy\\\/\",\"name\":\"[:et]\\\"Energia\\\"[:ru]\u201c\u042d\u043d\u0435\u0440\u0433\u0438\u044f\u201d[:en]\u201cEnergy\u201d[:] | Bonfortuno\",\"isPartOf\":{\"@id\":\"https:\\\/\\\/bonfortuno.eu\\\/ru\\\/#website\"},\"primaryImageOfPage\":{\"@id\":\"https:\\\/\\\/bonfortuno.eu\\\/toode\\\/english-energy\\\/#primaryimage\"},\"image\":{\"@id\":\"https:\\\/\\\/bonfortuno.eu\\\/toode\\\/english-energy\\\/#primaryimage\"},\"thumbnailUrl\":\"https:\\\/\\\/bonfortuno.eu\\\/wp-content\\\/uploads\\\/2018\\\/05\\\/7-min.jpg\",\"datePublished\":\"2018-05-26T20:25:42+00:00\",\"dateModified\":\"2018-07-11T11:07:47+00:00\",\"breadcrumb\":{\"@id\":\"https:\\\/\\\/bonfortuno.eu\\\/toode\\\/english-energy\\\/#breadcrumb\"},\"inLanguage\":\"en-US\",\"potentialAction\":[{\"@type\":\"ReadAction\",\"target\":[\"https:\\\/\\\/bonfortuno.eu\\\/toode\\\/english-energy\\\/\"]}]},{\"@type\":\"ImageObject\",\"inLanguage\":\"en-US\",\"@id\":\"https:\\\/\\\/bonfortuno.eu\\\/toode\\\/english-energy\\\/#primaryimage\",\"url\":\"https:\\\/\\\/bonfortuno.eu\\\/wp-content\\\/uploads\\\/2018\\\/05\\\/7-min.jpg\",\"contentUrl\":\"https:\\\/\\\/bonfortuno.eu\\\/wp-content\\\/uploads\\\/2018\\\/05\\\/7-min.jpg\",\"width\":1920,\"height\":1659,\"caption\":\"roosid 5\"},{\"@type\":\"BreadcrumbList\",\"@id\":\"https:\\\/\\\/bonfortuno.eu\\\/toode\\\/english-energy\\\/#breadcrumb\",\"itemListElement\":[{\"@type\":\"ListItem\",\"position\":1,\"name\":\"\u0413\u043b\u0430\u0432\u043d\u0430\u044f \u0441\u0442\u0440\u0430\u043d\u0438\u0446\u0430\",\"item\":\"https:\\\/\\\/bonfortuno.eu\\\/\"},{\"@type\":\"ListItem\",\"position\":2,\"name\":\"\u041c\u0430\u0433\u0430\u0437\u0438\u043d\",\"item\":\"https:\\\/\\\/bonfortuno.eu\\\/\"},{\"@type\":\"ListItem\",\"position\":3,\"name\":\"&#8220;Energia&#8221;\"}]},{\"@type\":\"WebSite\",\"@id\":\"https:\\\/\\\/bonfortuno.eu\\\/ru\\\/#website\",\"url\":\"https:\\\/\\\/bonfortuno.eu\\\/ru\\\/\",\"name\":\"Bonfortuno\",\"description\":\"The world of fresh flowers\",\"potentialAction\":[{\"@type\":\"SearchAction\",\"target\":{\"@type\":\"EntryPoint\",\"urlTemplate\":\"https:\\\/\\\/bonfortuno.eu\\\/ru\\\/?s={search_term_string}\"},\"query-input\":{\"@type\":\"PropertyValueSpecification\",\"valueRequired\":true,\"valueName\":\"search_term_string\"}}],\"inLanguage\":\"en-US\"}]}<\/script>\n<!-- \/ Yoast SEO plugin. -->","yoast_head_json":{"title":"[:et]\"Energia\"[:ru]\u201c\u042d\u043d\u0435\u0440\u0433\u0438\u044f\u201d[:en]\u201cEnergy\u201d[:] | Bonfortuno","robots":{"index":"index","follow":"follow","max-snippet":"max-snippet:-1","max-image-preview":"max-image-preview:large","max-video-preview":"max-video-preview:-1"},"canonical":"https:\/\/bonfortuno.eu\/toode\/english-energy\/","og_locale":"en_US","og_type":"article","og_title":"[:et]\"Energia\"[:ru]\u201c\u042d\u043d\u0435\u0440\u0433\u0438\u044f\u201d[:en]\u201cEnergy\u201d[:] | Bonfortuno","og_description":"[:et]Oran\u017e on energilisust ja uudishimu v\u00e4ljendav v\u00e4rv, mis t\u00e4hendab huvi. See kimp sobiks entusiastlikule, kirglikule persoonile. Kui on soov v\u00e4ljendada kellelegi oma siirast t\u00e4nu, siis on \"Energia\" selleks ka igati sobiv! See imeline \u0161ikk kimp koosneb 61 roosist[:ru]\u0411\u0443\u043a\u0435\u0442 \u043e\u0440\u0430\u043d\u0436\u0435\u0432\u044b\u0445 \u0440\u043e\u0437 \u043d\u0435 \u043e\u0441\u0442\u0430\u0432\u0438\u0442 \u043d\u0438\u043a\u043e\u0433\u043e \u0440\u0430\u0432\u043d\u043e\u0434\u0443\u0448\u043d\u044b\u043c. \u041e\u043d \u043f\u043e\u0434\u043d\u0438\u043c\u0435\u0442 \u043d\u0430\u0441\u0442\u0440\u043e\u0435\u043d\u0438\u0435 \u0438 \u043d\u0430\u043f\u043e\u043b\u043d\u0438\u0442 \u0434\u0430\u0436\u0435 \u0441\u0430\u043c\u044b\u0439 \u0441\u043a\u0443\u0447\u043d\u044b\u0439 \u0434\u0435\u043d\u044c \u044d\u043d\u0435\u0440\u0433\u0438\u0435\u0439, \u044d\u043d\u0442\u0443\u0437\u0438\u0430\u0437\u043c\u043e\u043c \u0438 \u0441\u0442\u0440\u0430\u0441\u0442\u044c\u044e. \u041e\u0440\u0430\u043d\u0436\u0435\u0432\u044b\u0439 \u0431\u0443\u043a\u0435\u0442 \u0442\u0430\u043a \u0436\u0435 \u0447\u0430\u0441\u0442\u043e \u0434\u0430\u0440\u044f\u0442 \u0432 \u0437\u043d\u0430\u043a \u0431\u043b\u0430\u0433\u043e\u0434\u0430\u0440\u043d\u043e\u0441\u0442\u0438.\u00a0\u00a0\u042d\u0442\u043e\u0442 \u0448\u0438\u043a\u0430\u0440\u043d\u044b\u0439 \u0431\u0443\u043a\u0435\u0442 \u0441\u043e\u0441\u0442\u043e\u0438\u0442 \u0438\u0437 61 \u0440\u043e\u0437\u044b![:en]With their blazing energy, orange roses are the wild child of the rose family. Whatever feelings you might be bubbling over with\u2014enthusiasm, passion, gratitude\u2014orange roses will get the message across with both oomph and elegance. This wonderful chic bouquet consist of 61 roses![:]","og_url":"https:\/\/bonfortuno.eu\/toode\/english-energy\/","og_site_name":"Bonfortuno","article_modified_time":"2018-07-11T11:07:47+00:00","og_image":[{"width":1920,"height":1659,"url":"https:\/\/bonfortuno.eu\/wp-content\/uploads\/2018\/05\/7-min.jpg","type":"image\/jpeg"}],"twitter_card":"summary_large_image","schema":{"@context":"https:\/\/schema.org","@graph":[{"@type":"WebPage","@id":"https:\/\/bonfortuno.eu\/toode\/english-energy\/","url":"https:\/\/bonfortuno.eu\/toode\/english-energy\/","name":"[:et]\"Energia\"[:ru]\u201c\u042d\u043d\u0435\u0440\u0433\u0438\u044f\u201d[:en]\u201cEnergy\u201d[:] | Bonfortuno","isPartOf":{"@id":"https:\/\/bonfortuno.eu\/ru\/#website"},"primaryImageOfPage":{"@id":"https:\/\/bonfortuno.eu\/toode\/english-energy\/#primaryimage"},"image":{"@id":"https:\/\/bonfortuno.eu\/toode\/english-energy\/#primaryimage"},"thumbnailUrl":"https:\/\/bonfortuno.eu\/wp-content\/uploads\/2018\/05\/7-min.jpg","datePublished":"2018-05-26T20:25:42+00:00","dateModified":"2018-07-11T11:07:47+00:00","breadcrumb":{"@id":"https:\/\/bonfortuno.eu\/toode\/english-energy\/#breadcrumb"},"inLanguage":"en-US","potentialAction":[{"@type":"ReadAction","target":["https:\/\/bonfortuno.eu\/toode\/english-energy\/"]}]},{"@type":"ImageObject","inLanguage":"en-US","@id":"https:\/\/bonfortuno.eu\/toode\/english-energy\/#primaryimage","url":"https:\/\/bonfortuno.eu\/wp-content\/uploads\/2018\/05\/7-min.jpg","contentUrl":"https:\/\/bonfortuno.eu\/wp-content\/uploads\/2018\/05\/7-min.jpg","width":1920,"height":1659,"caption":"roosid 5"},{"@type":"BreadcrumbList","@id":"https:\/\/bonfortuno.eu\/toode\/english-energy\/#breadcrumb","itemListElement":[{"@type":"ListItem","position":1,"name":"\u0413\u043b\u0430\u0432\u043d\u0430\u044f \u0441\u0442\u0440\u0430\u043d\u0438\u0446\u0430","item":"https:\/\/bonfortuno.eu\/"},{"@type":"ListItem","position":2,"name":"\u041c\u0430\u0433\u0430\u0437\u0438\u043d","item":"https:\/\/bonfortuno.eu\/"},{"@type":"ListItem","position":3,"name":"&#8220;Energia&#8221;"}]},{"@type":"WebSite","@id":"https:\/\/bonfortuno.eu\/ru\/#website","url":"https:\/\/bonfortuno.eu\/ru\/","name":"Bonfortuno","description":"The world of fresh flowers","potentialAction":[{"@type":"SearchAction","target":{"@type":"EntryPoint","urlTemplate":"https:\/\/bonfortuno.eu\/ru\/?s={search_term_string}"},"query-input":{"@type":"PropertyValueSpecification","valueRequired":true,"valueName":"search_term_string"}}],"inLanguage":"en-US"}]}},"_links":{"self":[{"href":"https:\/\/bonfortuno.eu\/en\/wp-json\/wp\/v2\/product\/516","targetHints":{"allow":["GET"]}}],"collection":[{"href":"https:\/\/bonfortuno.eu\/en\/wp-json\/wp\/v2\/product"}],"about":[{"href":"https:\/\/bonfortuno.eu\/en\/wp-json\/wp\/v2\/types\/product"}],"wp:featuredmedia":[{"embeddable":true,"href":"https:\/\/bonfortuno.eu\/en\/wp-json\/wp\/v2\/media\/491"}],"wp:attachment":[{"href":"https:\/\/bonfortuno.eu\/en\/wp-json\/wp\/v2\/media?parent=516"}],"wp:term":[{"taxonomy":"product_brand","embeddable":true,"href":"https:\/\/bonfortuno.eu\/en\/wp-json\/wp\/v2\/product_brand?post=516"},{"taxonomy":"product_cat","embeddable":true,"href":"https:\/\/bonfortuno.eu\/en\/wp-json\/wp\/v2\/product_cat?post=516"},{"taxonomy":"product_tag","embeddable":true,"href":"https:\/\/bonfortuno.eu\/en\/wp-json\/wp\/v2\/product_tag?post=516"}],"curies":[{"name":"wp","href":"https:\/\/api.w.org\/{rel}","templated":true}]}}