{"id":518,"date":"2018-05-26T23:30:01","date_gmt":"2018-05-26T20:30:01","guid":{"rendered":"https:\/\/bonfortuno.eu\/?post_type=product&#038;p=518"},"modified":"2018-07-11T14:09:05","modified_gmt":"2018-07-11T11:09:05","slug":"english-true-love","status":"publish","type":"product","link":"https:\/\/bonfortuno.eu\/en\/toode\/english-true-love\/","title":{"rendered":"\u201cTrue love\u201d"},"content":{"rendered":"","protected":false},"excerpt":{"rendered":"<p style=\"text-align: justify;\"><span style=\"font-weight: 400;\">Associated with beauty and perfection, red roses are a time-honored way to say \u201cI love you.\u201d Whether it\u2019s for a birthday, Valentine\u2019s Day or just to express appreciation, there\u2019s no better way than a bouquet of red roses to express your feelings. This bouquet has 15 superior quality roses 50 cm long. <\/span><\/p>\n","protected":false},"featured_media":492,"template":"","meta":[],"product_brand":[],"product_cat":[76,30,32],"product_tag":[39,80],"class_list":{"0":"post-518","1":"product","2":"type-product","3":"status-publish","4":"has-post-thumbnail","6":"product_cat-koik-tooted","7":"product_cat-lillekimbud","8":"product_cat-roosid","9":"product_tag-roosid","10":"product_tag-vaike","12":"first","13":"instock","14":"featured","15":"shipping-taxable","16":"purchasable","17":"product-type-simple"},"yoast_head":"<!-- This site is optimized with the Yoast SEO plugin v27.3 - https:\/\/yoast.com\/product\/yoast-seo-wordpress\/ -->\n<title>\u201cTrue love\u201d | Bonfortuno<\/title>\n<meta name=\"robots\" content=\"index, follow, max-snippet:-1, max-image-preview:large, max-video-preview:-1\" \/>\n<link rel=\"canonical\" href=\"https:\/\/bonfortuno.eu\/toode\/english-true-love\/\" \/>\n<meta property=\"og:locale\" content=\"en_US\" \/>\n<meta property=\"og:type\" content=\"article\" \/>\n<meta property=\"og:title\" content=\"[:et]&quot;T\u00f5eline armastus&quot;[:ru]&quot;\u041d\u0430\u0441\u0442\u043e\u044f\u0449\u0430\u044f \u043b\u044e\u0431\u043e\u0432\u044c&quot;[:en]\u201cTrue love\u201d[:] | Bonfortuno\" \/>\n<meta property=\"og:description\" content=\"[:et]Punased roosid on l\u00e4bi aegade olnud t\u00e4iuslik viis \u00f6elda: &quot;Ma armastan sind.&quot; S\u00f5ltumata sellest, kas see on s\u00fcnnip\u00e4ev, S\u00f5brap\u00e4ev v\u00f5i lihtsalt t\u00e4helepanu\u017eest, pole paremat viisi v\u00e4ljendada oma tundeid. Selles imelises kimbus on 15 elegantset roosi pikkusega 50 cm.[:ru]\u041a\u0440\u0430\u0441\u043d\u044b\u0435 \u0440\u043e\u0437\u044b - \u0441\u0438\u043c\u0432\u043e\u043b \u043a\u0440\u0430\u0441\u043e\u0442\u044b \u0438 \u0441\u043e\u0432\u0435\u0440\u0448\u0435\u043d\u0441\u0442\u0432\u0430, - \u044d\u0442\u043e \u043f\u0440\u043e\u0432\u0435\u0440\u0435\u043d\u043d\u044b\u0439 \u0432\u0440\u0435\u043c\u0435\u043d\u0435\u043c \u0441\u043f\u043e\u0441\u043e\u0431 \u0441\u043a\u0430\u0437\u0430\u0442\u044c: \u00ab\u042f \u043b\u044e\u0431\u043b\u044e \u0442\u0435\u0431\u044f\u00bb. \u0411\u0443\u0434\u044c \u0442\u043e \u0434\u0435\u043d\u044c \u0440\u043e\u0436\u0434\u0435\u043d\u0438\u044f, \u0414\u0435\u043d\u044c \u0441\u0432\u044f\u0442\u043e\u0433\u043e \u0412\u0430\u043b\u0435\u043d\u0442\u0438\u043d\u0430 \u0438\u043b\u0438 \u043f\u0440\u043e\u0441\u0442\u043e \u0437\u043d\u0430\u043a \u0432\u043d\u0438\u043c\u0430\u043d\u0438\u044f, \u043d\u0435\u0442 \u043b\u0443\u0447\u0448\u0435\u0433\u043e \u0441\u043f\u043e\u0441\u043e\u0431\u0430, \u0447\u0435\u043c \u0431\u0443\u043a\u0435\u0442 \u043a\u0440\u0430\u0441\u043d\u044b\u0445 \u0440\u043e\u0437, \u0447\u0442\u043e\u0431\u044b \u0432\u044b\u0440\u0430\u0437\u0438\u0442\u044c \u0441\u0432\u043e\u0438 \u0433\u043b\u0443\u0431\u043e\u043a\u0438\u0435 \u0447\u0443\u0432\u0441\u0442\u0432\u0430! \u0412 \u0431\u0443\u043a\u0435\u0442\u0435 \u00ab\u041d\u0430\u0441\u0442\u043e\u044f\u0449\u0430\u044f \u043b\u044e\u0431\u043e\u0432\u044c\u00bb 15 \u0438\u0437\u044f\u0449\u043d\u044b\u0445 \u0440\u043e\u0437 \u0432\u044b\u0441\u0448\u0435\u0433\u043e \u043a\u0430\u0447\u0435\u0441\u0442\u0432\u0430. \u0414\u043b\u0438\u043d\u0430 \u0441\u0442\u0435\u0431\u043b\u044f 50 \u0441\u043c.[:en]Associated with beauty and perfection, red roses are a time-honored way to say \u201cI love you.\u201d Whether it\u2019s for a birthday, Valentine\u2019s Day or just to express appreciation, there\u2019s no better way than a bouquet of red roses to express your feelings. This bouquet has 15 superior quality roses 50 cm long. [:]\" \/>\n<meta property=\"og:url\" content=\"https:\/\/bonfortuno.eu\/toode\/english-true-love\/\" \/>\n<meta property=\"og:site_name\" content=\"Bonfortuno\" \/>\n<meta property=\"article:modified_time\" content=\"2018-07-11T11:09:05+00:00\" \/>\n<meta property=\"og:image\" content=\"https:\/\/bonfortuno.eu\/wp-content\/uploads\/2018\/05\/8-min.jpg\" \/>\n\t<meta property=\"og:image:width\" content=\"1280\" \/>\n\t<meta property=\"og:image:height\" content=\"1231\" \/>\n\t<meta property=\"og:image:type\" content=\"image\/jpeg\" \/>\n<meta name=\"twitter:card\" content=\"summary_large_image\" \/>\n<script type=\"application\/ld+json\" class=\"yoast-schema-graph\">{\"@context\":\"https:\\\/\\\/schema.org\",\"@graph\":[{\"@type\":\"WebPage\",\"@id\":\"https:\\\/\\\/bonfortuno.eu\\\/toode\\\/english-true-love\\\/\",\"url\":\"https:\\\/\\\/bonfortuno.eu\\\/toode\\\/english-true-love\\\/\",\"name\":\"[:et]\\\"T\u00f5eline armastus\\\"[:ru]\\\"\u041d\u0430\u0441\u0442\u043e\u044f\u0449\u0430\u044f \u043b\u044e\u0431\u043e\u0432\u044c\\\"[:en]\u201cTrue love\u201d[:] | Bonfortuno\",\"isPartOf\":{\"@id\":\"https:\\\/\\\/bonfortuno.eu\\\/ru\\\/#website\"},\"primaryImageOfPage\":{\"@id\":\"https:\\\/\\\/bonfortuno.eu\\\/toode\\\/english-true-love\\\/#primaryimage\"},\"image\":{\"@id\":\"https:\\\/\\\/bonfortuno.eu\\\/toode\\\/english-true-love\\\/#primaryimage\"},\"thumbnailUrl\":\"https:\\\/\\\/bonfortuno.eu\\\/wp-content\\\/uploads\\\/2018\\\/05\\\/8-min.jpg\",\"datePublished\":\"2018-05-26T20:30:01+00:00\",\"dateModified\":\"2018-07-11T11:09:05+00:00\",\"breadcrumb\":{\"@id\":\"https:\\\/\\\/bonfortuno.eu\\\/toode\\\/english-true-love\\\/#breadcrumb\"},\"inLanguage\":\"en-US\",\"potentialAction\":[{\"@type\":\"ReadAction\",\"target\":[\"https:\\\/\\\/bonfortuno.eu\\\/toode\\\/english-true-love\\\/\"]}]},{\"@type\":\"ImageObject\",\"inLanguage\":\"en-US\",\"@id\":\"https:\\\/\\\/bonfortuno.eu\\\/toode\\\/english-true-love\\\/#primaryimage\",\"url\":\"https:\\\/\\\/bonfortuno.eu\\\/wp-content\\\/uploads\\\/2018\\\/05\\\/8-min.jpg\",\"contentUrl\":\"https:\\\/\\\/bonfortuno.eu\\\/wp-content\\\/uploads\\\/2018\\\/05\\\/8-min.jpg\",\"width\":1280,\"height\":1231,\"caption\":\"roosid 6\"},{\"@type\":\"BreadcrumbList\",\"@id\":\"https:\\\/\\\/bonfortuno.eu\\\/toode\\\/english-true-love\\\/#breadcrumb\",\"itemListElement\":[{\"@type\":\"ListItem\",\"position\":1,\"name\":\"\u0413\u043b\u0430\u0432\u043d\u0430\u044f \u0441\u0442\u0440\u0430\u043d\u0438\u0446\u0430\",\"item\":\"https:\\\/\\\/bonfortuno.eu\\\/\"},{\"@type\":\"ListItem\",\"position\":2,\"name\":\"\u041c\u0430\u0433\u0430\u0437\u0438\u043d\",\"item\":\"https:\\\/\\\/bonfortuno.eu\\\/\"},{\"@type\":\"ListItem\",\"position\":3,\"name\":\"&#8220;T\u00f5eline armastus&#8221;\"}]},{\"@type\":\"WebSite\",\"@id\":\"https:\\\/\\\/bonfortuno.eu\\\/ru\\\/#website\",\"url\":\"https:\\\/\\\/bonfortuno.eu\\\/ru\\\/\",\"name\":\"Bonfortuno\",\"description\":\"The world of fresh flowers\",\"potentialAction\":[{\"@type\":\"SearchAction\",\"target\":{\"@type\":\"EntryPoint\",\"urlTemplate\":\"https:\\\/\\\/bonfortuno.eu\\\/ru\\\/?s={search_term_string}\"},\"query-input\":{\"@type\":\"PropertyValueSpecification\",\"valueRequired\":true,\"valueName\":\"search_term_string\"}}],\"inLanguage\":\"en-US\"}]}<\/script>\n<!-- \/ Yoast SEO plugin. -->","yoast_head_json":{"title":"[:et]\"T\u00f5eline armastus\"[:ru]\"\u041d\u0430\u0441\u0442\u043e\u044f\u0449\u0430\u044f \u043b\u044e\u0431\u043e\u0432\u044c\"[:en]\u201cTrue love\u201d[:] | Bonfortuno","robots":{"index":"index","follow":"follow","max-snippet":"max-snippet:-1","max-image-preview":"max-image-preview:large","max-video-preview":"max-video-preview:-1"},"canonical":"https:\/\/bonfortuno.eu\/toode\/english-true-love\/","og_locale":"en_US","og_type":"article","og_title":"[:et]\"T\u00f5eline armastus\"[:ru]\"\u041d\u0430\u0441\u0442\u043e\u044f\u0449\u0430\u044f \u043b\u044e\u0431\u043e\u0432\u044c\"[:en]\u201cTrue love\u201d[:] | Bonfortuno","og_description":"[:et]Punased roosid on l\u00e4bi aegade olnud t\u00e4iuslik viis \u00f6elda: \"Ma armastan sind.\" S\u00f5ltumata sellest, kas see on s\u00fcnnip\u00e4ev, S\u00f5brap\u00e4ev v\u00f5i lihtsalt t\u00e4helepanu\u017eest, pole paremat viisi v\u00e4ljendada oma tundeid. Selles imelises kimbus on 15 elegantset roosi pikkusega 50 cm.[:ru]\u041a\u0440\u0430\u0441\u043d\u044b\u0435 \u0440\u043e\u0437\u044b - \u0441\u0438\u043c\u0432\u043e\u043b \u043a\u0440\u0430\u0441\u043e\u0442\u044b \u0438 \u0441\u043e\u0432\u0435\u0440\u0448\u0435\u043d\u0441\u0442\u0432\u0430, - \u044d\u0442\u043e \u043f\u0440\u043e\u0432\u0435\u0440\u0435\u043d\u043d\u044b\u0439 \u0432\u0440\u0435\u043c\u0435\u043d\u0435\u043c \u0441\u043f\u043e\u0441\u043e\u0431 \u0441\u043a\u0430\u0437\u0430\u0442\u044c: \u00ab\u042f \u043b\u044e\u0431\u043b\u044e \u0442\u0435\u0431\u044f\u00bb. \u0411\u0443\u0434\u044c \u0442\u043e \u0434\u0435\u043d\u044c \u0440\u043e\u0436\u0434\u0435\u043d\u0438\u044f, \u0414\u0435\u043d\u044c \u0441\u0432\u044f\u0442\u043e\u0433\u043e \u0412\u0430\u043b\u0435\u043d\u0442\u0438\u043d\u0430 \u0438\u043b\u0438 \u043f\u0440\u043e\u0441\u0442\u043e \u0437\u043d\u0430\u043a \u0432\u043d\u0438\u043c\u0430\u043d\u0438\u044f, \u043d\u0435\u0442 \u043b\u0443\u0447\u0448\u0435\u0433\u043e \u0441\u043f\u043e\u0441\u043e\u0431\u0430, \u0447\u0435\u043c \u0431\u0443\u043a\u0435\u0442 \u043a\u0440\u0430\u0441\u043d\u044b\u0445 \u0440\u043e\u0437, \u0447\u0442\u043e\u0431\u044b \u0432\u044b\u0440\u0430\u0437\u0438\u0442\u044c \u0441\u0432\u043e\u0438 \u0433\u043b\u0443\u0431\u043e\u043a\u0438\u0435 \u0447\u0443\u0432\u0441\u0442\u0432\u0430! \u0412 \u0431\u0443\u043a\u0435\u0442\u0435 \u00ab\u041d\u0430\u0441\u0442\u043e\u044f\u0449\u0430\u044f \u043b\u044e\u0431\u043e\u0432\u044c\u00bb 15 \u0438\u0437\u044f\u0449\u043d\u044b\u0445 \u0440\u043e\u0437 \u0432\u044b\u0441\u0448\u0435\u0433\u043e \u043a\u0430\u0447\u0435\u0441\u0442\u0432\u0430. \u0414\u043b\u0438\u043d\u0430 \u0441\u0442\u0435\u0431\u043b\u044f 50 \u0441\u043c.[:en]Associated with beauty and perfection, red roses are a time-honored way to say \u201cI love you.\u201d Whether it\u2019s for a birthday, Valentine\u2019s Day or just to express appreciation, there\u2019s no better way than a bouquet of red roses to express your feelings. This bouquet has 15 superior quality roses 50 cm long. [:]","og_url":"https:\/\/bonfortuno.eu\/toode\/english-true-love\/","og_site_name":"Bonfortuno","article_modified_time":"2018-07-11T11:09:05+00:00","og_image":[{"width":1280,"height":1231,"url":"https:\/\/bonfortuno.eu\/wp-content\/uploads\/2018\/05\/8-min.jpg","type":"image\/jpeg"}],"twitter_card":"summary_large_image","schema":{"@context":"https:\/\/schema.org","@graph":[{"@type":"WebPage","@id":"https:\/\/bonfortuno.eu\/toode\/english-true-love\/","url":"https:\/\/bonfortuno.eu\/toode\/english-true-love\/","name":"[:et]\"T\u00f5eline armastus\"[:ru]\"\u041d\u0430\u0441\u0442\u043e\u044f\u0449\u0430\u044f \u043b\u044e\u0431\u043e\u0432\u044c\"[:en]\u201cTrue love\u201d[:] | Bonfortuno","isPartOf":{"@id":"https:\/\/bonfortuno.eu\/ru\/#website"},"primaryImageOfPage":{"@id":"https:\/\/bonfortuno.eu\/toode\/english-true-love\/#primaryimage"},"image":{"@id":"https:\/\/bonfortuno.eu\/toode\/english-true-love\/#primaryimage"},"thumbnailUrl":"https:\/\/bonfortuno.eu\/wp-content\/uploads\/2018\/05\/8-min.jpg","datePublished":"2018-05-26T20:30:01+00:00","dateModified":"2018-07-11T11:09:05+00:00","breadcrumb":{"@id":"https:\/\/bonfortuno.eu\/toode\/english-true-love\/#breadcrumb"},"inLanguage":"en-US","potentialAction":[{"@type":"ReadAction","target":["https:\/\/bonfortuno.eu\/toode\/english-true-love\/"]}]},{"@type":"ImageObject","inLanguage":"en-US","@id":"https:\/\/bonfortuno.eu\/toode\/english-true-love\/#primaryimage","url":"https:\/\/bonfortuno.eu\/wp-content\/uploads\/2018\/05\/8-min.jpg","contentUrl":"https:\/\/bonfortuno.eu\/wp-content\/uploads\/2018\/05\/8-min.jpg","width":1280,"height":1231,"caption":"roosid 6"},{"@type":"BreadcrumbList","@id":"https:\/\/bonfortuno.eu\/toode\/english-true-love\/#breadcrumb","itemListElement":[{"@type":"ListItem","position":1,"name":"\u0413\u043b\u0430\u0432\u043d\u0430\u044f \u0441\u0442\u0440\u0430\u043d\u0438\u0446\u0430","item":"https:\/\/bonfortuno.eu\/"},{"@type":"ListItem","position":2,"name":"\u041c\u0430\u0433\u0430\u0437\u0438\u043d","item":"https:\/\/bonfortuno.eu\/"},{"@type":"ListItem","position":3,"name":"&#8220;T\u00f5eline armastus&#8221;"}]},{"@type":"WebSite","@id":"https:\/\/bonfortuno.eu\/ru\/#website","url":"https:\/\/bonfortuno.eu\/ru\/","name":"Bonfortuno","description":"The world of fresh flowers","potentialAction":[{"@type":"SearchAction","target":{"@type":"EntryPoint","urlTemplate":"https:\/\/bonfortuno.eu\/ru\/?s={search_term_string}"},"query-input":{"@type":"PropertyValueSpecification","valueRequired":true,"valueName":"search_term_string"}}],"inLanguage":"en-US"}]}},"_links":{"self":[{"href":"https:\/\/bonfortuno.eu\/en\/wp-json\/wp\/v2\/product\/518","targetHints":{"allow":["GET"]}}],"collection":[{"href":"https:\/\/bonfortuno.eu\/en\/wp-json\/wp\/v2\/product"}],"about":[{"href":"https:\/\/bonfortuno.eu\/en\/wp-json\/wp\/v2\/types\/product"}],"wp:featuredmedia":[{"embeddable":true,"href":"https:\/\/bonfortuno.eu\/en\/wp-json\/wp\/v2\/media\/492"}],"wp:attachment":[{"href":"https:\/\/bonfortuno.eu\/en\/wp-json\/wp\/v2\/media?parent=518"}],"wp:term":[{"taxonomy":"product_brand","embeddable":true,"href":"https:\/\/bonfortuno.eu\/en\/wp-json\/wp\/v2\/product_brand?post=518"},{"taxonomy":"product_cat","embeddable":true,"href":"https:\/\/bonfortuno.eu\/en\/wp-json\/wp\/v2\/product_cat?post=518"},{"taxonomy":"product_tag","embeddable":true,"href":"https:\/\/bonfortuno.eu\/en\/wp-json\/wp\/v2\/product_tag?post=518"}],"curies":[{"name":"wp","href":"https:\/\/api.w.org\/{rel}","templated":true}]}}