{"id":522,"date":"2018-05-26T23:38:19","date_gmt":"2018-05-26T20:38:19","guid":{"rendered":"https:\/\/bonfortuno.eu\/?post_type=product&#038;p=522"},"modified":"2020-04-28T17:56:26","modified_gmt":"2020-04-28T14:56:26","slug":"english-flame-petals","status":"publish","type":"product","link":"https:\/\/bonfortuno.eu\/en\/toode\/english-flame-petals\/","title":{"rendered":"\u201cFlame petals\u201d"},"content":{"rendered":"","protected":false},"excerpt":{"rendered":"<p style=\"text-align: justify;\"><span style=\"font-weight: 400;\">With their blazing energy, orange roses are the wild child of the rose family. Whatever feelings you might be bubbling over with\u2014enthusiasm, passion, gratitude\u2014orange roses will get the message across with both oomph and elegance. This bouquet has 35 wonderful roses. <\/span><\/p>\n","protected":false},"featured_media":495,"template":"","meta":[],"product_brand":[],"product_cat":[76,30,32],"product_tag":[39,78],"class_list":{"0":"post-522","1":"product","2":"type-product","3":"status-publish","4":"has-post-thumbnail","6":"product_cat-koik-tooted","7":"product_cat-lillekimbud","8":"product_cat-roosid","9":"product_tag-roosid","10":"product_tag-suur","12":"first","13":"instock","14":"featured","15":"shipping-taxable","16":"purchasable","17":"product-type-simple"},"yoast_head":"<!-- This site is optimized with the Yoast SEO plugin v27.3 - https:\/\/yoast.com\/product\/yoast-seo-wordpress\/ -->\n<title>\u201cFlame petals\u201d | Bonfortuno<\/title>\n<meta name=\"robots\" content=\"index, follow, max-snippet:-1, max-image-preview:large, max-video-preview:-1\" \/>\n<link rel=\"canonical\" href=\"https:\/\/bonfortuno.eu\/toode\/english-flame-petals\/\" \/>\n<meta property=\"og:locale\" content=\"en_US\" \/>\n<meta property=\"og:type\" content=\"article\" \/>\n<meta property=\"og:title\" content=\"[:et]&quot;Leegi kroonlehed&quot;[:ru]\u201c\u041b\u0435\u043f\u0435\u0441\u0442\u043a\u0438 \u043f\u043b\u0430\u043c\u0435\u043d\u0438\u201d[:en]\u201cFlame petals\u201d[:] | Bonfortuno\" \/>\n<meta property=\"og:description\" content=\"[:et]Eriliseks s\u00fcndmuseks vali metsikud oran\u017eid roosid, mis on t\u00e4is entusiasmi ja kirgu! See r\u00f5\u00f5msameelne kimp sobib ka siis, kui soovid v\u00e4ljendada siirast t\u00e4nu. Kimp koosneb 35 imelisest roosidest. [:ru]\u041f\u044b\u043b\u0430\u044e\u0449\u0438\u0435 \u044d\u043d\u0435\u0440\u0433\u0438\u0435\u0439 \u043e\u0440\u0430\u043d\u0436\u0435\u0432\u044b\u0435 \u0440\u043e\u0437\u044b - \u0434\u043b\u044f \u043e\u0441\u043e\u0431\u043e\u0433\u043e \u0441\u043b\u0443\u0447\u0430\u044f. \u0412\u044b\u0431\u0435\u0440\u0438 \u0431\u0443\u043a\u0435\u0442 \u043e\u0440\u0430\u043d\u0436\u0435\u0432\u044b\u0445 \u0440\u043e\u0437 \u0434\u043b\u044f \u044f\u0440\u043a\u043e\u0439 \u0438 \u044d\u043d\u0435\u0440\u0433\u0438\u0447\u043d\u043e\u0439 \u043f\u0435\u0440\u0441\u043e\u043d\u044b. \u041e\u0440\u0430\u043d\u0436\u0435\u0432\u044b\u0435 \u0446\u0432\u0435\u0442\u044b \u0447\u0430\u0441\u0442\u043e \u0434\u0430\u0440\u044f\u0442 \u0442\u0430\u043a \u0436\u0435 \u0432 \u043a\u0430\u0447\u0435\u0441\u0442\u0432\u0435 \u0431\u043b\u0430\u0433\u043e\u0434\u0430\u0440\u043d\u043e\u0441\u0442\u0438. \u0412 \u044d\u0442\u043e\u043c \u043f\u0440\u0435\u043a\u0440\u0430\u0441\u043d\u043e\u043c \u0431\u0443\u043a\u0435\u0442\u0435 35 \u0440\u043e\u0437 \u0432\u044b\u0441\u0448\u0435\u0433\u043e \u043a\u0430\u0447\u0435\u0441\u0442\u0432\u0430. [:en]With their blazing energy, orange roses are the wild child of the rose family. Whatever feelings you might be bubbling over with\u2014enthusiasm, passion, gratitude\u2014orange roses will get the message across with both oomph and elegance. This bouquet has 35 wonderful roses. [:]\" \/>\n<meta property=\"og:url\" content=\"https:\/\/bonfortuno.eu\/toode\/english-flame-petals\/\" \/>\n<meta property=\"og:site_name\" content=\"Bonfortuno\" \/>\n<meta property=\"article:modified_time\" content=\"2020-04-28T14:56:26+00:00\" \/>\n<meta property=\"og:image\" content=\"https:\/\/bonfortuno.eu\/wp-content\/uploads\/2018\/05\/10.jpg\" \/>\n\t<meta property=\"og:image:width\" content=\"550\" \/>\n\t<meta property=\"og:image:height\" content=\"550\" \/>\n\t<meta property=\"og:image:type\" content=\"image\/jpeg\" \/>\n<meta name=\"twitter:card\" content=\"summary_large_image\" \/>\n<script type=\"application\/ld+json\" class=\"yoast-schema-graph\">{\"@context\":\"https:\\\/\\\/schema.org\",\"@graph\":[{\"@type\":\"WebPage\",\"@id\":\"https:\\\/\\\/bonfortuno.eu\\\/toode\\\/english-flame-petals\\\/\",\"url\":\"https:\\\/\\\/bonfortuno.eu\\\/toode\\\/english-flame-petals\\\/\",\"name\":\"[:et]\\\"Leegi kroonlehed\\\"[:ru]\u201c\u041b\u0435\u043f\u0435\u0441\u0442\u043a\u0438 \u043f\u043b\u0430\u043c\u0435\u043d\u0438\u201d[:en]\u201cFlame petals\u201d[:] | Bonfortuno\",\"isPartOf\":{\"@id\":\"https:\\\/\\\/bonfortuno.eu\\\/ru\\\/#website\"},\"primaryImageOfPage\":{\"@id\":\"https:\\\/\\\/bonfortuno.eu\\\/toode\\\/english-flame-petals\\\/#primaryimage\"},\"image\":{\"@id\":\"https:\\\/\\\/bonfortuno.eu\\\/toode\\\/english-flame-petals\\\/#primaryimage\"},\"thumbnailUrl\":\"https:\\\/\\\/bonfortuno.eu\\\/wp-content\\\/uploads\\\/2018\\\/05\\\/10.jpg\",\"datePublished\":\"2018-05-26T20:38:19+00:00\",\"dateModified\":\"2020-04-28T14:56:26+00:00\",\"breadcrumb\":{\"@id\":\"https:\\\/\\\/bonfortuno.eu\\\/toode\\\/english-flame-petals\\\/#breadcrumb\"},\"inLanguage\":\"en-US\",\"potentialAction\":[{\"@type\":\"ReadAction\",\"target\":[\"https:\\\/\\\/bonfortuno.eu\\\/toode\\\/english-flame-petals\\\/\"]}]},{\"@type\":\"ImageObject\",\"inLanguage\":\"en-US\",\"@id\":\"https:\\\/\\\/bonfortuno.eu\\\/toode\\\/english-flame-petals\\\/#primaryimage\",\"url\":\"https:\\\/\\\/bonfortuno.eu\\\/wp-content\\\/uploads\\\/2018\\\/05\\\/10.jpg\",\"contentUrl\":\"https:\\\/\\\/bonfortuno.eu\\\/wp-content\\\/uploads\\\/2018\\\/05\\\/10.jpg\",\"width\":550,\"height\":550,\"caption\":\"roosid\"},{\"@type\":\"BreadcrumbList\",\"@id\":\"https:\\\/\\\/bonfortuno.eu\\\/toode\\\/english-flame-petals\\\/#breadcrumb\",\"itemListElement\":[{\"@type\":\"ListItem\",\"position\":1,\"name\":\"\u0413\u043b\u0430\u0432\u043d\u0430\u044f \u0441\u0442\u0440\u0430\u043d\u0438\u0446\u0430\",\"item\":\"https:\\\/\\\/bonfortuno.eu\\\/\"},{\"@type\":\"ListItem\",\"position\":2,\"name\":\"\u041c\u0430\u0433\u0430\u0437\u0438\u043d\",\"item\":\"https:\\\/\\\/bonfortuno.eu\\\/\"},{\"@type\":\"ListItem\",\"position\":3,\"name\":\"&#8220;Leegi kroonlehed&#8221;\"}]},{\"@type\":\"WebSite\",\"@id\":\"https:\\\/\\\/bonfortuno.eu\\\/ru\\\/#website\",\"url\":\"https:\\\/\\\/bonfortuno.eu\\\/ru\\\/\",\"name\":\"Bonfortuno\",\"description\":\"The world of fresh flowers\",\"potentialAction\":[{\"@type\":\"SearchAction\",\"target\":{\"@type\":\"EntryPoint\",\"urlTemplate\":\"https:\\\/\\\/bonfortuno.eu\\\/ru\\\/?s={search_term_string}\"},\"query-input\":{\"@type\":\"PropertyValueSpecification\",\"valueRequired\":true,\"valueName\":\"search_term_string\"}}],\"inLanguage\":\"en-US\"}]}<\/script>\n<!-- \/ Yoast SEO plugin. -->","yoast_head_json":{"title":"[:et]\"Leegi kroonlehed\"[:ru]\u201c\u041b\u0435\u043f\u0435\u0441\u0442\u043a\u0438 \u043f\u043b\u0430\u043c\u0435\u043d\u0438\u201d[:en]\u201cFlame petals\u201d[:] | Bonfortuno","robots":{"index":"index","follow":"follow","max-snippet":"max-snippet:-1","max-image-preview":"max-image-preview:large","max-video-preview":"max-video-preview:-1"},"canonical":"https:\/\/bonfortuno.eu\/toode\/english-flame-petals\/","og_locale":"en_US","og_type":"article","og_title":"[:et]\"Leegi kroonlehed\"[:ru]\u201c\u041b\u0435\u043f\u0435\u0441\u0442\u043a\u0438 \u043f\u043b\u0430\u043c\u0435\u043d\u0438\u201d[:en]\u201cFlame petals\u201d[:] | Bonfortuno","og_description":"[:et]Eriliseks s\u00fcndmuseks vali metsikud oran\u017eid roosid, mis on t\u00e4is entusiasmi ja kirgu! See r\u00f5\u00f5msameelne kimp sobib ka siis, kui soovid v\u00e4ljendada siirast t\u00e4nu. Kimp koosneb 35 imelisest roosidest. [:ru]\u041f\u044b\u043b\u0430\u044e\u0449\u0438\u0435 \u044d\u043d\u0435\u0440\u0433\u0438\u0435\u0439 \u043e\u0440\u0430\u043d\u0436\u0435\u0432\u044b\u0435 \u0440\u043e\u0437\u044b - \u0434\u043b\u044f \u043e\u0441\u043e\u0431\u043e\u0433\u043e \u0441\u043b\u0443\u0447\u0430\u044f. \u0412\u044b\u0431\u0435\u0440\u0438 \u0431\u0443\u043a\u0435\u0442 \u043e\u0440\u0430\u043d\u0436\u0435\u0432\u044b\u0445 \u0440\u043e\u0437 \u0434\u043b\u044f \u044f\u0440\u043a\u043e\u0439 \u0438 \u044d\u043d\u0435\u0440\u0433\u0438\u0447\u043d\u043e\u0439 \u043f\u0435\u0440\u0441\u043e\u043d\u044b. \u041e\u0440\u0430\u043d\u0436\u0435\u0432\u044b\u0435 \u0446\u0432\u0435\u0442\u044b \u0447\u0430\u0441\u0442\u043e \u0434\u0430\u0440\u044f\u0442 \u0442\u0430\u043a \u0436\u0435 \u0432 \u043a\u0430\u0447\u0435\u0441\u0442\u0432\u0435 \u0431\u043b\u0430\u0433\u043e\u0434\u0430\u0440\u043d\u043e\u0441\u0442\u0438. \u0412 \u044d\u0442\u043e\u043c \u043f\u0440\u0435\u043a\u0440\u0430\u0441\u043d\u043e\u043c \u0431\u0443\u043a\u0435\u0442\u0435 35 \u0440\u043e\u0437 \u0432\u044b\u0441\u0448\u0435\u0433\u043e \u043a\u0430\u0447\u0435\u0441\u0442\u0432\u0430. [:en]With their blazing energy, orange roses are the wild child of the rose family. Whatever feelings you might be bubbling over with\u2014enthusiasm, passion, gratitude\u2014orange roses will get the message across with both oomph and elegance. This bouquet has 35 wonderful roses. [:]","og_url":"https:\/\/bonfortuno.eu\/toode\/english-flame-petals\/","og_site_name":"Bonfortuno","article_modified_time":"2020-04-28T14:56:26+00:00","og_image":[{"width":550,"height":550,"url":"https:\/\/bonfortuno.eu\/wp-content\/uploads\/2018\/05\/10.jpg","type":"image\/jpeg"}],"twitter_card":"summary_large_image","schema":{"@context":"https:\/\/schema.org","@graph":[{"@type":"WebPage","@id":"https:\/\/bonfortuno.eu\/toode\/english-flame-petals\/","url":"https:\/\/bonfortuno.eu\/toode\/english-flame-petals\/","name":"[:et]\"Leegi kroonlehed\"[:ru]\u201c\u041b\u0435\u043f\u0435\u0441\u0442\u043a\u0438 \u043f\u043b\u0430\u043c\u0435\u043d\u0438\u201d[:en]\u201cFlame petals\u201d[:] | Bonfortuno","isPartOf":{"@id":"https:\/\/bonfortuno.eu\/ru\/#website"},"primaryImageOfPage":{"@id":"https:\/\/bonfortuno.eu\/toode\/english-flame-petals\/#primaryimage"},"image":{"@id":"https:\/\/bonfortuno.eu\/toode\/english-flame-petals\/#primaryimage"},"thumbnailUrl":"https:\/\/bonfortuno.eu\/wp-content\/uploads\/2018\/05\/10.jpg","datePublished":"2018-05-26T20:38:19+00:00","dateModified":"2020-04-28T14:56:26+00:00","breadcrumb":{"@id":"https:\/\/bonfortuno.eu\/toode\/english-flame-petals\/#breadcrumb"},"inLanguage":"en-US","potentialAction":[{"@type":"ReadAction","target":["https:\/\/bonfortuno.eu\/toode\/english-flame-petals\/"]}]},{"@type":"ImageObject","inLanguage":"en-US","@id":"https:\/\/bonfortuno.eu\/toode\/english-flame-petals\/#primaryimage","url":"https:\/\/bonfortuno.eu\/wp-content\/uploads\/2018\/05\/10.jpg","contentUrl":"https:\/\/bonfortuno.eu\/wp-content\/uploads\/2018\/05\/10.jpg","width":550,"height":550,"caption":"roosid"},{"@type":"BreadcrumbList","@id":"https:\/\/bonfortuno.eu\/toode\/english-flame-petals\/#breadcrumb","itemListElement":[{"@type":"ListItem","position":1,"name":"\u0413\u043b\u0430\u0432\u043d\u0430\u044f \u0441\u0442\u0440\u0430\u043d\u0438\u0446\u0430","item":"https:\/\/bonfortuno.eu\/"},{"@type":"ListItem","position":2,"name":"\u041c\u0430\u0433\u0430\u0437\u0438\u043d","item":"https:\/\/bonfortuno.eu\/"},{"@type":"ListItem","position":3,"name":"&#8220;Leegi kroonlehed&#8221;"}]},{"@type":"WebSite","@id":"https:\/\/bonfortuno.eu\/ru\/#website","url":"https:\/\/bonfortuno.eu\/ru\/","name":"Bonfortuno","description":"The world of fresh flowers","potentialAction":[{"@type":"SearchAction","target":{"@type":"EntryPoint","urlTemplate":"https:\/\/bonfortuno.eu\/ru\/?s={search_term_string}"},"query-input":{"@type":"PropertyValueSpecification","valueRequired":true,"valueName":"search_term_string"}}],"inLanguage":"en-US"}]}},"_links":{"self":[{"href":"https:\/\/bonfortuno.eu\/en\/wp-json\/wp\/v2\/product\/522","targetHints":{"allow":["GET"]}}],"collection":[{"href":"https:\/\/bonfortuno.eu\/en\/wp-json\/wp\/v2\/product"}],"about":[{"href":"https:\/\/bonfortuno.eu\/en\/wp-json\/wp\/v2\/types\/product"}],"wp:featuredmedia":[{"embeddable":true,"href":"https:\/\/bonfortuno.eu\/en\/wp-json\/wp\/v2\/media\/495"}],"wp:attachment":[{"href":"https:\/\/bonfortuno.eu\/en\/wp-json\/wp\/v2\/media?parent=522"}],"wp:term":[{"taxonomy":"product_brand","embeddable":true,"href":"https:\/\/bonfortuno.eu\/en\/wp-json\/wp\/v2\/product_brand?post=522"},{"taxonomy":"product_cat","embeddable":true,"href":"https:\/\/bonfortuno.eu\/en\/wp-json\/wp\/v2\/product_cat?post=522"},{"taxonomy":"product_tag","embeddable":true,"href":"https:\/\/bonfortuno.eu\/en\/wp-json\/wp\/v2\/product_tag?post=522"}],"curies":[{"name":"wp","href":"https:\/\/api.w.org\/{rel}","templated":true}]}}