{"id":524,"date":"2018-05-26T23:42:15","date_gmt":"2018-05-26T20:42:15","guid":{"rendered":"https:\/\/bonfortuno.eu\/?post_type=product&#038;p=524"},"modified":"2021-07-26T11:18:24","modified_gmt":"2021-07-26T08:18:24","slug":"english-only-you","status":"publish","type":"product","link":"https:\/\/bonfortuno.eu\/en\/toode\/english-only-you\/","title":{"rendered":"\u201cOnly you\u201d"},"content":{"rendered":"","protected":false},"excerpt":{"rendered":"<p style=\"text-align: justify;\"><span style=\"font-weight: 400;\">If you only have one person on your mind, choose a bouquet of 51 roses!<\/span><\/p>\n<p style=\"text-align: justify;\"><span style=\"font-weight: 400;\">But of course roses don\u2019t only mean romance! Choose a classic all-rose bouquet for a loved one, or select a multi-colored mixed bouquet for family, friends \u2013 even colleagues! Fragrant roses are always a welcome surprise.This bouquet has 51 best-quality flowers. <\/span><\/p>\n","protected":false},"featured_media":496,"template":"","meta":[],"product_brand":[],"product_cat":[76,30,32],"product_tag":[39,78],"class_list":{"0":"post-524","1":"product","2":"type-product","3":"status-publish","4":"has-post-thumbnail","6":"product_cat-koik-tooted","7":"product_cat-lillekimbud","8":"product_cat-roosid","9":"product_tag-roosid","10":"product_tag-suur","12":"first","13":"instock","14":"featured","15":"shipping-taxable","16":"purchasable","17":"product-type-simple"},"yoast_head":"<!-- This site is optimized with the Yoast SEO plugin v27.3 - https:\/\/yoast.com\/product\/yoast-seo-wordpress\/ -->\n<title>\u201cOnly you\u201d | Bonfortuno<\/title>\n<meta name=\"robots\" content=\"index, follow, max-snippet:-1, max-image-preview:large, max-video-preview:-1\" \/>\n<link rel=\"canonical\" href=\"https:\/\/bonfortuno.eu\/toode\/english-only-you\/\" \/>\n<meta property=\"og:locale\" content=\"en_US\" \/>\n<meta property=\"og:type\" content=\"article\" \/>\n<meta property=\"og:title\" content=\"[:et]&quot;Ainult sina&quot;[:ru]\u201c\u0422\u044b, \u0442\u043e\u043b\u044c\u043a\u043e \u0442\u044b\u201c[:en]\u201cOnly you\u201d[:] | Bonfortuno\" \/>\n<meta property=\"og:description\" content=\"[:et]Kui sinu m\u00f5tted on p\u00fchendatud ainult \u00fchele inimesele, siis vali kimp 51 roosist  Kuid muidugi roosid ei t\u00e4henda vaid romantikat! Kui tahad \u00fcllatada enda pereliikmeid, s\u00f5pru v\u00f5i  kolleege v\u00f5id julgelt valida segakimpu mitmest v\u00e4rvist! Meeldivalt l\u00f5hnavad roosid on alati hea \u00fcllatus. See kimp koosneb 51 parima kvaliteedi punastest roosidest!   [:ru]\u0415\u0441\u043b\u0438 \u043d\u0430 \u0443\u043c\u0435 \u0442\u043e\u043b\u044c\u043a\u043e \u043e\u0434\u0438\u043d \u0447\u0435\u043b\u043e\u0432\u0435\u043a, \u0442\u043e \u0441\u043c\u0435\u043b\u043e \u0432\u044b\u0431\u0438\u0440\u0430\u0439\u0442\u0435 \u0431\u0443\u043a\u0435\u0442 \u0438\u0437 51 \u0440\u043e\u0437\u044b! \u041d\u043e, \u043a\u043e\u043d\u0435\u0447\u043d\u043e, \u0440\u043e\u0437\u044b - \u044d\u0442\u043e \u043d\u0435 \u0442\u043e\u043b\u044c\u043a\u043e \u0440\u043e\u043c\u0430\u043d\u0442\u0438\u043a\u0430! \u041c\u044b \u043f\u043e\u043c\u043e\u0436\u0435\u043c \u0412\u0430\u043c \u043f\u043e\u0434\u043e\u0431\u0440\u0430\u0442\u044c \u0431\u0443\u043a\u0435\u0442 \u0434\u043b\u044f \u043b\u044e\u0431\u043e\u0433\u043e \u0441\u043b\u0443\u0447\u0430\u044f: \u0440\u0430\u0437\u043d\u043e\u0446\u0432\u0435\u0442\u043d\u044b\u0439 \u0441\u043c\u0435\u0448\u0430\u043d\u043d\u044b\u0439 \u0431\u0443\u043a\u0435\u0442 \u0434\u043b\u044f \u0441\u0435\u043c\u044c\u0438 \u0438\u043b\u0438 \u0434\u0440\u0443\u0437\u0435\u0439 - \u043a\u043b\u0430\u0441\u0441\u0438\u0447\u0435\u0441\u043a\u0438\u0439 \u0434\u043b\u044f \u043a\u043e\u043b\u043b\u0435\u0433! \u0410\u0440\u043e\u043c\u0430\u0442\u043d\u044b\u0435 \u0440\u043e\u0437\u044b \u0432\u0441\u0435\u0433\u0434\u0430 \u0441\u0442\u0430\u043d\u0443\u0442 \u043f\u0440\u0438\u044f\u0442\u043d\u044b\u043c \u0441\u044e\u0440\u043f\u0440\u0438\u0437\u043e\u043c. \u042d\u0442\u043e\u0442 \u0431\u0443\u043a\u0435\u0442 \u0441\u043e\u0441\u0442\u043e\u0438\u0442 \u0438\u0437 51 \u0440\u043e\u0437 \u0441\u0430\u043c\u043e\u0433\u043e \u0432\u044b\u0441\u0448\u0435\u0433\u043e \u043a\u0430\u0447\u0435\u0441\u0442\u0432\u0430.[:en]If you only have one person on your mind, choose a bouquet of 51 roses! But of course roses don\u2019t only mean romance! Choose a classic all-rose bouquet for a loved one, or select a multi-colored mixed bouquet for family, friends \u2013 even colleagues! Fragrant roses are always a welcome surprise.This bouquet has 51 best-quality flowers. [:]\" \/>\n<meta property=\"og:url\" content=\"https:\/\/bonfortuno.eu\/toode\/english-only-you\/\" \/>\n<meta property=\"og:site_name\" content=\"Bonfortuno\" \/>\n<meta property=\"article:modified_time\" content=\"2021-07-26T08:18:24+00:00\" \/>\n<meta property=\"og:image\" content=\"https:\/\/bonfortuno.eu\/wp-content\/uploads\/2018\/05\/11.jpg\" \/>\n\t<meta property=\"og:image:width\" content=\"1280\" \/>\n\t<meta property=\"og:image:height\" content=\"853\" \/>\n\t<meta property=\"og:image:type\" content=\"image\/jpeg\" \/>\n<meta name=\"twitter:card\" content=\"summary_large_image\" \/>\n<script type=\"application\/ld+json\" class=\"yoast-schema-graph\">{\"@context\":\"https:\\\/\\\/schema.org\",\"@graph\":[{\"@type\":\"WebPage\",\"@id\":\"https:\\\/\\\/bonfortuno.eu\\\/toode\\\/english-only-you\\\/\",\"url\":\"https:\\\/\\\/bonfortuno.eu\\\/toode\\\/english-only-you\\\/\",\"name\":\"[:et]\\\"Ainult sina\\\"[:ru]\u201c\u0422\u044b, \u0442\u043e\u043b\u044c\u043a\u043e \u0442\u044b\u201c[:en]\u201cOnly you\u201d[:] | Bonfortuno\",\"isPartOf\":{\"@id\":\"https:\\\/\\\/bonfortuno.eu\\\/ru\\\/#website\"},\"primaryImageOfPage\":{\"@id\":\"https:\\\/\\\/bonfortuno.eu\\\/toode\\\/english-only-you\\\/#primaryimage\"},\"image\":{\"@id\":\"https:\\\/\\\/bonfortuno.eu\\\/toode\\\/english-only-you\\\/#primaryimage\"},\"thumbnailUrl\":\"https:\\\/\\\/bonfortuno.eu\\\/wp-content\\\/uploads\\\/2018\\\/05\\\/11.jpg\",\"datePublished\":\"2018-05-26T20:42:15+00:00\",\"dateModified\":\"2021-07-26T08:18:24+00:00\",\"breadcrumb\":{\"@id\":\"https:\\\/\\\/bonfortuno.eu\\\/toode\\\/english-only-you\\\/#breadcrumb\"},\"inLanguage\":\"en-US\",\"potentialAction\":[{\"@type\":\"ReadAction\",\"target\":[\"https:\\\/\\\/bonfortuno.eu\\\/toode\\\/english-only-you\\\/\"]}]},{\"@type\":\"ImageObject\",\"inLanguage\":\"en-US\",\"@id\":\"https:\\\/\\\/bonfortuno.eu\\\/toode\\\/english-only-you\\\/#primaryimage\",\"url\":\"https:\\\/\\\/bonfortuno.eu\\\/wp-content\\\/uploads\\\/2018\\\/05\\\/11.jpg\",\"contentUrl\":\"https:\\\/\\\/bonfortuno.eu\\\/wp-content\\\/uploads\\\/2018\\\/05\\\/11.jpg\",\"width\":1280,\"height\":853,\"caption\":\"lilled roosid\"},{\"@type\":\"BreadcrumbList\",\"@id\":\"https:\\\/\\\/bonfortuno.eu\\\/toode\\\/english-only-you\\\/#breadcrumb\",\"itemListElement\":[{\"@type\":\"ListItem\",\"position\":1,\"name\":\"\u0413\u043b\u0430\u0432\u043d\u0430\u044f \u0441\u0442\u0440\u0430\u043d\u0438\u0446\u0430\",\"item\":\"https:\\\/\\\/bonfortuno.eu\\\/\"},{\"@type\":\"ListItem\",\"position\":2,\"name\":\"\u041c\u0430\u0433\u0430\u0437\u0438\u043d\",\"item\":\"https:\\\/\\\/bonfortuno.eu\\\/\"},{\"@type\":\"ListItem\",\"position\":3,\"name\":\"&#8220;Ainult sina&#8221;\"}]},{\"@type\":\"WebSite\",\"@id\":\"https:\\\/\\\/bonfortuno.eu\\\/ru\\\/#website\",\"url\":\"https:\\\/\\\/bonfortuno.eu\\\/ru\\\/\",\"name\":\"Bonfortuno\",\"description\":\"The world of fresh flowers\",\"potentialAction\":[{\"@type\":\"SearchAction\",\"target\":{\"@type\":\"EntryPoint\",\"urlTemplate\":\"https:\\\/\\\/bonfortuno.eu\\\/ru\\\/?s={search_term_string}\"},\"query-input\":{\"@type\":\"PropertyValueSpecification\",\"valueRequired\":true,\"valueName\":\"search_term_string\"}}],\"inLanguage\":\"en-US\"}]}<\/script>\n<!-- \/ Yoast SEO plugin. -->","yoast_head_json":{"title":"[:et]\"Ainult sina\"[:ru]\u201c\u0422\u044b, \u0442\u043e\u043b\u044c\u043a\u043e \u0442\u044b\u201c[:en]\u201cOnly you\u201d[:] | Bonfortuno","robots":{"index":"index","follow":"follow","max-snippet":"max-snippet:-1","max-image-preview":"max-image-preview:large","max-video-preview":"max-video-preview:-1"},"canonical":"https:\/\/bonfortuno.eu\/toode\/english-only-you\/","og_locale":"en_US","og_type":"article","og_title":"[:et]\"Ainult sina\"[:ru]\u201c\u0422\u044b, \u0442\u043e\u043b\u044c\u043a\u043e \u0442\u044b\u201c[:en]\u201cOnly you\u201d[:] | Bonfortuno","og_description":"[:et]Kui sinu m\u00f5tted on p\u00fchendatud ainult \u00fchele inimesele, siis vali kimp 51 roosist  Kuid muidugi roosid ei t\u00e4henda vaid romantikat! Kui tahad \u00fcllatada enda pereliikmeid, s\u00f5pru v\u00f5i  kolleege v\u00f5id julgelt valida segakimpu mitmest v\u00e4rvist! Meeldivalt l\u00f5hnavad roosid on alati hea \u00fcllatus. See kimp koosneb 51 parima kvaliteedi punastest roosidest!   [:ru]\u0415\u0441\u043b\u0438 \u043d\u0430 \u0443\u043c\u0435 \u0442\u043e\u043b\u044c\u043a\u043e \u043e\u0434\u0438\u043d \u0447\u0435\u043b\u043e\u0432\u0435\u043a, \u0442\u043e \u0441\u043c\u0435\u043b\u043e \u0432\u044b\u0431\u0438\u0440\u0430\u0439\u0442\u0435 \u0431\u0443\u043a\u0435\u0442 \u0438\u0437 51 \u0440\u043e\u0437\u044b! \u041d\u043e, \u043a\u043e\u043d\u0435\u0447\u043d\u043e, \u0440\u043e\u0437\u044b - \u044d\u0442\u043e \u043d\u0435 \u0442\u043e\u043b\u044c\u043a\u043e \u0440\u043e\u043c\u0430\u043d\u0442\u0438\u043a\u0430! \u041c\u044b \u043f\u043e\u043c\u043e\u0436\u0435\u043c \u0412\u0430\u043c \u043f\u043e\u0434\u043e\u0431\u0440\u0430\u0442\u044c \u0431\u0443\u043a\u0435\u0442 \u0434\u043b\u044f \u043b\u044e\u0431\u043e\u0433\u043e \u0441\u043b\u0443\u0447\u0430\u044f: \u0440\u0430\u0437\u043d\u043e\u0446\u0432\u0435\u0442\u043d\u044b\u0439 \u0441\u043c\u0435\u0448\u0430\u043d\u043d\u044b\u0439 \u0431\u0443\u043a\u0435\u0442 \u0434\u043b\u044f \u0441\u0435\u043c\u044c\u0438 \u0438\u043b\u0438 \u0434\u0440\u0443\u0437\u0435\u0439 - \u043a\u043b\u0430\u0441\u0441\u0438\u0447\u0435\u0441\u043a\u0438\u0439 \u0434\u043b\u044f \u043a\u043e\u043b\u043b\u0435\u0433! \u0410\u0440\u043e\u043c\u0430\u0442\u043d\u044b\u0435 \u0440\u043e\u0437\u044b \u0432\u0441\u0435\u0433\u0434\u0430 \u0441\u0442\u0430\u043d\u0443\u0442 \u043f\u0440\u0438\u044f\u0442\u043d\u044b\u043c \u0441\u044e\u0440\u043f\u0440\u0438\u0437\u043e\u043c. \u042d\u0442\u043e\u0442 \u0431\u0443\u043a\u0435\u0442 \u0441\u043e\u0441\u0442\u043e\u0438\u0442 \u0438\u0437 51 \u0440\u043e\u0437 \u0441\u0430\u043c\u043e\u0433\u043e \u0432\u044b\u0441\u0448\u0435\u0433\u043e \u043a\u0430\u0447\u0435\u0441\u0442\u0432\u0430.[:en]If you only have one person on your mind, choose a bouquet of 51 roses! But of course roses don\u2019t only mean romance! Choose a classic all-rose bouquet for a loved one, or select a multi-colored mixed bouquet for family, friends \u2013 even colleagues! Fragrant roses are always a welcome surprise.This bouquet has 51 best-quality flowers. [:]","og_url":"https:\/\/bonfortuno.eu\/toode\/english-only-you\/","og_site_name":"Bonfortuno","article_modified_time":"2021-07-26T08:18:24+00:00","og_image":[{"width":1280,"height":853,"url":"https:\/\/bonfortuno.eu\/wp-content\/uploads\/2018\/05\/11.jpg","type":"image\/jpeg"}],"twitter_card":"summary_large_image","schema":{"@context":"https:\/\/schema.org","@graph":[{"@type":"WebPage","@id":"https:\/\/bonfortuno.eu\/toode\/english-only-you\/","url":"https:\/\/bonfortuno.eu\/toode\/english-only-you\/","name":"[:et]\"Ainult sina\"[:ru]\u201c\u0422\u044b, \u0442\u043e\u043b\u044c\u043a\u043e \u0442\u044b\u201c[:en]\u201cOnly you\u201d[:] | Bonfortuno","isPartOf":{"@id":"https:\/\/bonfortuno.eu\/ru\/#website"},"primaryImageOfPage":{"@id":"https:\/\/bonfortuno.eu\/toode\/english-only-you\/#primaryimage"},"image":{"@id":"https:\/\/bonfortuno.eu\/toode\/english-only-you\/#primaryimage"},"thumbnailUrl":"https:\/\/bonfortuno.eu\/wp-content\/uploads\/2018\/05\/11.jpg","datePublished":"2018-05-26T20:42:15+00:00","dateModified":"2021-07-26T08:18:24+00:00","breadcrumb":{"@id":"https:\/\/bonfortuno.eu\/toode\/english-only-you\/#breadcrumb"},"inLanguage":"en-US","potentialAction":[{"@type":"ReadAction","target":["https:\/\/bonfortuno.eu\/toode\/english-only-you\/"]}]},{"@type":"ImageObject","inLanguage":"en-US","@id":"https:\/\/bonfortuno.eu\/toode\/english-only-you\/#primaryimage","url":"https:\/\/bonfortuno.eu\/wp-content\/uploads\/2018\/05\/11.jpg","contentUrl":"https:\/\/bonfortuno.eu\/wp-content\/uploads\/2018\/05\/11.jpg","width":1280,"height":853,"caption":"lilled roosid"},{"@type":"BreadcrumbList","@id":"https:\/\/bonfortuno.eu\/toode\/english-only-you\/#breadcrumb","itemListElement":[{"@type":"ListItem","position":1,"name":"\u0413\u043b\u0430\u0432\u043d\u0430\u044f \u0441\u0442\u0440\u0430\u043d\u0438\u0446\u0430","item":"https:\/\/bonfortuno.eu\/"},{"@type":"ListItem","position":2,"name":"\u041c\u0430\u0433\u0430\u0437\u0438\u043d","item":"https:\/\/bonfortuno.eu\/"},{"@type":"ListItem","position":3,"name":"&#8220;Ainult sina&#8221;"}]},{"@type":"WebSite","@id":"https:\/\/bonfortuno.eu\/ru\/#website","url":"https:\/\/bonfortuno.eu\/ru\/","name":"Bonfortuno","description":"The world of fresh flowers","potentialAction":[{"@type":"SearchAction","target":{"@type":"EntryPoint","urlTemplate":"https:\/\/bonfortuno.eu\/ru\/?s={search_term_string}"},"query-input":{"@type":"PropertyValueSpecification","valueRequired":true,"valueName":"search_term_string"}}],"inLanguage":"en-US"}]}},"_links":{"self":[{"href":"https:\/\/bonfortuno.eu\/en\/wp-json\/wp\/v2\/product\/524","targetHints":{"allow":["GET"]}}],"collection":[{"href":"https:\/\/bonfortuno.eu\/en\/wp-json\/wp\/v2\/product"}],"about":[{"href":"https:\/\/bonfortuno.eu\/en\/wp-json\/wp\/v2\/types\/product"}],"wp:featuredmedia":[{"embeddable":true,"href":"https:\/\/bonfortuno.eu\/en\/wp-json\/wp\/v2\/media\/496"}],"wp:attachment":[{"href":"https:\/\/bonfortuno.eu\/en\/wp-json\/wp\/v2\/media?parent=524"}],"wp:term":[{"taxonomy":"product_brand","embeddable":true,"href":"https:\/\/bonfortuno.eu\/en\/wp-json\/wp\/v2\/product_brand?post=524"},{"taxonomy":"product_cat","embeddable":true,"href":"https:\/\/bonfortuno.eu\/en\/wp-json\/wp\/v2\/product_cat?post=524"},{"taxonomy":"product_tag","embeddable":true,"href":"https:\/\/bonfortuno.eu\/en\/wp-json\/wp\/v2\/product_tag?post=524"}],"curies":[{"name":"wp","href":"https:\/\/api.w.org\/{rel}","templated":true}]}}