{"id":558,"date":"2018-06-09T15:35:24","date_gmt":"2018-06-09T12:35:24","guid":{"rendered":"https:\/\/bonfortuno.eu\/?post_type=product&#038;p=558"},"modified":"2022-12-22T10:57:03","modified_gmt":"2022-12-22T08:57:03","slug":"burgundy","status":"publish","type":"product","link":"https:\/\/bonfortuno.eu\/en\/toode\/burgundy\/","title":{"rendered":"\u201cBurgundy\u201d"},"content":{"rendered":"","protected":false},"excerpt":{"rendered":"<p style=\"text-align: justify;\"><span style=\"font-weight: 400;\">Elegant Amaryllis flowers in deep burgundy color. Burgundy is an extremely bold and dominant color, which makes it fantastic to emphasize a passionate look at any event. This extravagant style is hard to forget. Perfect for a male birthday party.<\/span><\/p>\n","protected":false},"featured_media":559,"template":"","meta":[],"product_brand":[],"product_cat":[76,30],"product_tag":[51,80],"class_list":{"0":"post-558","1":"product","2":"type-product","3":"status-publish","4":"has-post-thumbnail","6":"product_cat-koik-tooted","7":"product_cat-lillekimbud","8":"product_tag-amaryllis","9":"product_tag-vaike","11":"first","12":"instock","13":"featured","14":"shipping-taxable","15":"purchasable","16":"product-type-simple"},"yoast_head":"<!-- This site is optimized with the Yoast SEO plugin v27.3 - https:\/\/yoast.com\/product\/yoast-seo-wordpress\/ -->\n<title>\u201cBurgundy\u201d | Bonfortuno<\/title>\n<meta name=\"robots\" content=\"index, follow, max-snippet:-1, max-image-preview:large, max-video-preview:-1\" \/>\n<link rel=\"canonical\" href=\"https:\/\/bonfortuno.eu\/toode\/burgundy\/\" \/>\n<meta property=\"og:locale\" content=\"en_US\" \/>\n<meta property=\"og:type\" content=\"article\" \/>\n<meta property=\"og:title\" content=\"[:et]\u201cBurgundy\u201d[:ru]&quot;\u0411\u0443\u0440\u0433\u0443\u043d\u0434\u0438\u044f&quot;[:en]\u201cBurgundy\u201d[:] | Bonfortuno\" \/>\n<meta property=\"og:description\" content=\"[:et]Elegantne Amaryllise lilled s\u00fcgavates tumepunastes v\u00e4rvides. &quot;Burgundy&quot; v\u00e4rv on \u00e4\u00e4rmiselt julge ja valitsev. Meie floristid valmistavad erinevaid ekstravagantseid lilleseadeid, et r\u00f5hutada s\u00fcndmuse t\u00e4htsust! Ideaalne mehe s\u00fcnnip\u00e4evaks. Anna teada, kui Sul on erisoove v\u00e4rvilahenduse v\u00f5i kaunistuste osas. [:ru]\u042d\u043b\u0435\u0433\u0430\u043d\u0442\u043d\u044b\u0435 \u0446\u0432\u0435\u0442\u044b \u0430\u043c\u0430\u0440\u0438\u043b\u043b\u0438\u0441\u0430 \u0432 \u0442\u0435\u043c\u043d\u043e-\u0431\u043e\u0440\u0434\u043e\u0432\u043e\u043c \u0446\u0432\u0435\u0442\u0435. \u042d\u0442\u043e\u0442 \u0447\u0440\u0435\u0437\u0432\u044b\u0447\u0430\u0439\u043d\u043e \u0441\u043c\u0435\u043b\u044b\u0439 \u0438 \u0434\u043e\u043c\u0438\u043d\u0438\u0440\u0443\u044e\u0449\u0438\u0439 \u0446\u0432\u0435\u0442 \u0434\u0435\u043b\u0430\u0435\u0442 \u0431\u0443\u043a\u0435\u0442 \u043e\u0441\u043e\u0431\u043e \u044d\u043a\u0441\u0442\u0440\u0430\u0432\u0430\u0433\u0430\u043d\u0442\u043d\u044b\u043c, \u0442\u0430\u043a\u043e\u0439 \u0441\u0442\u0438\u043b\u044c \u0442\u0440\u0443\u0434\u043d\u043e \u0437\u0430\u0431\u044b\u0442\u044c. \u0418\u0434\u0435\u0430\u043b\u044c\u043d\u043e \u043f\u043e\u0434\u0445\u043e\u0434\u0438\u0442 \u0434\u043b\u044f \u043c\u0443\u0436\u0441\u043a\u043e\u0433\u043e \u0434\u043d\u044f \u0440\u043e\u0436\u0434\u0435\u043d\u0438\u044f \u0438\u043b\u0438 \u044d\u043a\u0441\u0442\u0440\u0430\u0432\u0430\u0433\u0430\u043d\u0442\u043d\u043e\u0433\u043e \u043c\u0435\u0440\u043e\u043f\u0440\u0438\u044f\u0442\u0438\u044f. \u0412\u043e\u0437\u043c\u043e\u0436\u043d\u043e \u0441\u043e\u0447\u0435\u0442\u0430\u0442\u044c \u0441 \u0434\u0440\u0443\u0433\u0438\u043c\u0438 \u0446\u0432\u0435\u0442\u0430\u043c\u0438. [:en]Elegant Amaryllis flowers in deep burgundy color. Burgundy is an extremely bold and dominant color, which makes it fantastic to emphasize a passionate look at any event. This extravagant style is hard to forget. Perfect for a male birthday party.[:]\" \/>\n<meta property=\"og:url\" content=\"https:\/\/bonfortuno.eu\/toode\/burgundy\/\" \/>\n<meta property=\"og:site_name\" content=\"Bonfortuno\" \/>\n<meta property=\"article:modified_time\" content=\"2022-12-22T08:57:03+00:00\" \/>\n<meta property=\"og:image\" content=\"https:\/\/bonfortuno.eu\/wp-content\/uploads\/2018\/06\/14.jpg\" \/>\n\t<meta property=\"og:image:width\" content=\"800\" \/>\n\t<meta property=\"og:image:height\" content=\"800\" \/>\n\t<meta property=\"og:image:type\" content=\"image\/jpeg\" \/>\n<meta name=\"twitter:card\" content=\"summary_large_image\" \/>\n<script type=\"application\/ld+json\" class=\"yoast-schema-graph\">{\"@context\":\"https:\\\/\\\/schema.org\",\"@graph\":[{\"@type\":\"WebPage\",\"@id\":\"https:\\\/\\\/bonfortuno.eu\\\/toode\\\/burgundy\\\/\",\"url\":\"https:\\\/\\\/bonfortuno.eu\\\/toode\\\/burgundy\\\/\",\"name\":\"[:et]\u201cBurgundy\u201d[:ru]\\\"\u0411\u0443\u0440\u0433\u0443\u043d\u0434\u0438\u044f\\\"[:en]\u201cBurgundy\u201d[:] | Bonfortuno\",\"isPartOf\":{\"@id\":\"https:\\\/\\\/bonfortuno.eu\\\/ru\\\/#website\"},\"primaryImageOfPage\":{\"@id\":\"https:\\\/\\\/bonfortuno.eu\\\/toode\\\/burgundy\\\/#primaryimage\"},\"image\":{\"@id\":\"https:\\\/\\\/bonfortuno.eu\\\/toode\\\/burgundy\\\/#primaryimage\"},\"thumbnailUrl\":\"https:\\\/\\\/bonfortuno.eu\\\/wp-content\\\/uploads\\\/2018\\\/06\\\/14.jpg\",\"datePublished\":\"2018-06-09T12:35:24+00:00\",\"dateModified\":\"2022-12-22T08:57:03+00:00\",\"breadcrumb\":{\"@id\":\"https:\\\/\\\/bonfortuno.eu\\\/toode\\\/burgundy\\\/#breadcrumb\"},\"inLanguage\":\"en-US\",\"potentialAction\":[{\"@type\":\"ReadAction\",\"target\":[\"https:\\\/\\\/bonfortuno.eu\\\/toode\\\/burgundy\\\/\"]}]},{\"@type\":\"ImageObject\",\"inLanguage\":\"en-US\",\"@id\":\"https:\\\/\\\/bonfortuno.eu\\\/toode\\\/burgundy\\\/#primaryimage\",\"url\":\"https:\\\/\\\/bonfortuno.eu\\\/wp-content\\\/uploads\\\/2018\\\/06\\\/14.jpg\",\"contentUrl\":\"https:\\\/\\\/bonfortuno.eu\\\/wp-content\\\/uploads\\\/2018\\\/06\\\/14.jpg\",\"width\":800,\"height\":800,\"caption\":\"lilled kulleriga\"},{\"@type\":\"BreadcrumbList\",\"@id\":\"https:\\\/\\\/bonfortuno.eu\\\/toode\\\/burgundy\\\/#breadcrumb\",\"itemListElement\":[{\"@type\":\"ListItem\",\"position\":1,\"name\":\"\u0413\u043b\u0430\u0432\u043d\u0430\u044f \u0441\u0442\u0440\u0430\u043d\u0438\u0446\u0430\",\"item\":\"https:\\\/\\\/bonfortuno.eu\\\/\"},{\"@type\":\"ListItem\",\"position\":2,\"name\":\"\u041c\u0430\u0433\u0430\u0437\u0438\u043d\",\"item\":\"https:\\\/\\\/bonfortuno.eu\\\/\"},{\"@type\":\"ListItem\",\"position\":3,\"name\":\"\u201cBurgundy\u201d\"}]},{\"@type\":\"WebSite\",\"@id\":\"https:\\\/\\\/bonfortuno.eu\\\/ru\\\/#website\",\"url\":\"https:\\\/\\\/bonfortuno.eu\\\/ru\\\/\",\"name\":\"Bonfortuno\",\"description\":\"The world of fresh flowers\",\"potentialAction\":[{\"@type\":\"SearchAction\",\"target\":{\"@type\":\"EntryPoint\",\"urlTemplate\":\"https:\\\/\\\/bonfortuno.eu\\\/ru\\\/?s={search_term_string}\"},\"query-input\":{\"@type\":\"PropertyValueSpecification\",\"valueRequired\":true,\"valueName\":\"search_term_string\"}}],\"inLanguage\":\"en-US\"}]}<\/script>\n<!-- \/ Yoast SEO plugin. -->","yoast_head_json":{"title":"[:et]\u201cBurgundy\u201d[:ru]\"\u0411\u0443\u0440\u0433\u0443\u043d\u0434\u0438\u044f\"[:en]\u201cBurgundy\u201d[:] | Bonfortuno","robots":{"index":"index","follow":"follow","max-snippet":"max-snippet:-1","max-image-preview":"max-image-preview:large","max-video-preview":"max-video-preview:-1"},"canonical":"https:\/\/bonfortuno.eu\/toode\/burgundy\/","og_locale":"en_US","og_type":"article","og_title":"[:et]\u201cBurgundy\u201d[:ru]\"\u0411\u0443\u0440\u0433\u0443\u043d\u0434\u0438\u044f\"[:en]\u201cBurgundy\u201d[:] | Bonfortuno","og_description":"[:et]Elegantne Amaryllise lilled s\u00fcgavates tumepunastes v\u00e4rvides. \"Burgundy\" v\u00e4rv on \u00e4\u00e4rmiselt julge ja valitsev. Meie floristid valmistavad erinevaid ekstravagantseid lilleseadeid, et r\u00f5hutada s\u00fcndmuse t\u00e4htsust! Ideaalne mehe s\u00fcnnip\u00e4evaks. Anna teada, kui Sul on erisoove v\u00e4rvilahenduse v\u00f5i kaunistuste osas. [:ru]\u042d\u043b\u0435\u0433\u0430\u043d\u0442\u043d\u044b\u0435 \u0446\u0432\u0435\u0442\u044b \u0430\u043c\u0430\u0440\u0438\u043b\u043b\u0438\u0441\u0430 \u0432 \u0442\u0435\u043c\u043d\u043e-\u0431\u043e\u0440\u0434\u043e\u0432\u043e\u043c \u0446\u0432\u0435\u0442\u0435. \u042d\u0442\u043e\u0442 \u0447\u0440\u0435\u0437\u0432\u044b\u0447\u0430\u0439\u043d\u043e \u0441\u043c\u0435\u043b\u044b\u0439 \u0438 \u0434\u043e\u043c\u0438\u043d\u0438\u0440\u0443\u044e\u0449\u0438\u0439 \u0446\u0432\u0435\u0442 \u0434\u0435\u043b\u0430\u0435\u0442 \u0431\u0443\u043a\u0435\u0442 \u043e\u0441\u043e\u0431\u043e \u044d\u043a\u0441\u0442\u0440\u0430\u0432\u0430\u0433\u0430\u043d\u0442\u043d\u044b\u043c, \u0442\u0430\u043a\u043e\u0439 \u0441\u0442\u0438\u043b\u044c \u0442\u0440\u0443\u0434\u043d\u043e \u0437\u0430\u0431\u044b\u0442\u044c. \u0418\u0434\u0435\u0430\u043b\u044c\u043d\u043e \u043f\u043e\u0434\u0445\u043e\u0434\u0438\u0442 \u0434\u043b\u044f \u043c\u0443\u0436\u0441\u043a\u043e\u0433\u043e \u0434\u043d\u044f \u0440\u043e\u0436\u0434\u0435\u043d\u0438\u044f \u0438\u043b\u0438 \u044d\u043a\u0441\u0442\u0440\u0430\u0432\u0430\u0433\u0430\u043d\u0442\u043d\u043e\u0433\u043e \u043c\u0435\u0440\u043e\u043f\u0440\u0438\u044f\u0442\u0438\u044f. \u0412\u043e\u0437\u043c\u043e\u0436\u043d\u043e \u0441\u043e\u0447\u0435\u0442\u0430\u0442\u044c \u0441 \u0434\u0440\u0443\u0433\u0438\u043c\u0438 \u0446\u0432\u0435\u0442\u0430\u043c\u0438. [:en]Elegant Amaryllis flowers in deep burgundy color. Burgundy is an extremely bold and dominant color, which makes it fantastic to emphasize a passionate look at any event. This extravagant style is hard to forget. Perfect for a male birthday party.[:]","og_url":"https:\/\/bonfortuno.eu\/toode\/burgundy\/","og_site_name":"Bonfortuno","article_modified_time":"2022-12-22T08:57:03+00:00","og_image":[{"width":800,"height":800,"url":"https:\/\/bonfortuno.eu\/wp-content\/uploads\/2018\/06\/14.jpg","type":"image\/jpeg"}],"twitter_card":"summary_large_image","schema":{"@context":"https:\/\/schema.org","@graph":[{"@type":"WebPage","@id":"https:\/\/bonfortuno.eu\/toode\/burgundy\/","url":"https:\/\/bonfortuno.eu\/toode\/burgundy\/","name":"[:et]\u201cBurgundy\u201d[:ru]\"\u0411\u0443\u0440\u0433\u0443\u043d\u0434\u0438\u044f\"[:en]\u201cBurgundy\u201d[:] | Bonfortuno","isPartOf":{"@id":"https:\/\/bonfortuno.eu\/ru\/#website"},"primaryImageOfPage":{"@id":"https:\/\/bonfortuno.eu\/toode\/burgundy\/#primaryimage"},"image":{"@id":"https:\/\/bonfortuno.eu\/toode\/burgundy\/#primaryimage"},"thumbnailUrl":"https:\/\/bonfortuno.eu\/wp-content\/uploads\/2018\/06\/14.jpg","datePublished":"2018-06-09T12:35:24+00:00","dateModified":"2022-12-22T08:57:03+00:00","breadcrumb":{"@id":"https:\/\/bonfortuno.eu\/toode\/burgundy\/#breadcrumb"},"inLanguage":"en-US","potentialAction":[{"@type":"ReadAction","target":["https:\/\/bonfortuno.eu\/toode\/burgundy\/"]}]},{"@type":"ImageObject","inLanguage":"en-US","@id":"https:\/\/bonfortuno.eu\/toode\/burgundy\/#primaryimage","url":"https:\/\/bonfortuno.eu\/wp-content\/uploads\/2018\/06\/14.jpg","contentUrl":"https:\/\/bonfortuno.eu\/wp-content\/uploads\/2018\/06\/14.jpg","width":800,"height":800,"caption":"lilled kulleriga"},{"@type":"BreadcrumbList","@id":"https:\/\/bonfortuno.eu\/toode\/burgundy\/#breadcrumb","itemListElement":[{"@type":"ListItem","position":1,"name":"\u0413\u043b\u0430\u0432\u043d\u0430\u044f \u0441\u0442\u0440\u0430\u043d\u0438\u0446\u0430","item":"https:\/\/bonfortuno.eu\/"},{"@type":"ListItem","position":2,"name":"\u041c\u0430\u0433\u0430\u0437\u0438\u043d","item":"https:\/\/bonfortuno.eu\/"},{"@type":"ListItem","position":3,"name":"\u201cBurgundy\u201d"}]},{"@type":"WebSite","@id":"https:\/\/bonfortuno.eu\/ru\/#website","url":"https:\/\/bonfortuno.eu\/ru\/","name":"Bonfortuno","description":"The world of fresh flowers","potentialAction":[{"@type":"SearchAction","target":{"@type":"EntryPoint","urlTemplate":"https:\/\/bonfortuno.eu\/ru\/?s={search_term_string}"},"query-input":{"@type":"PropertyValueSpecification","valueRequired":true,"valueName":"search_term_string"}}],"inLanguage":"en-US"}]}},"_links":{"self":[{"href":"https:\/\/bonfortuno.eu\/en\/wp-json\/wp\/v2\/product\/558","targetHints":{"allow":["GET"]}}],"collection":[{"href":"https:\/\/bonfortuno.eu\/en\/wp-json\/wp\/v2\/product"}],"about":[{"href":"https:\/\/bonfortuno.eu\/en\/wp-json\/wp\/v2\/types\/product"}],"wp:featuredmedia":[{"embeddable":true,"href":"https:\/\/bonfortuno.eu\/en\/wp-json\/wp\/v2\/media\/559"}],"wp:attachment":[{"href":"https:\/\/bonfortuno.eu\/en\/wp-json\/wp\/v2\/media?parent=558"}],"wp:term":[{"taxonomy":"product_brand","embeddable":true,"href":"https:\/\/bonfortuno.eu\/en\/wp-json\/wp\/v2\/product_brand?post=558"},{"taxonomy":"product_cat","embeddable":true,"href":"https:\/\/bonfortuno.eu\/en\/wp-json\/wp\/v2\/product_cat?post=558"},{"taxonomy":"product_tag","embeddable":true,"href":"https:\/\/bonfortuno.eu\/en\/wp-json\/wp\/v2\/product_tag?post=558"}],"curies":[{"name":"wp","href":"https:\/\/api.w.org\/{rel}","templated":true}]}}