{"id":568,"date":"2018-06-14T22:40:59","date_gmt":"2018-06-14T19:40:59","guid":{"rendered":"https:\/\/bonfortuno.eu\/?post_type=product&#038;p=568"},"modified":"2022-02-14T11:39:36","modified_gmt":"2022-02-14T09:39:36","slug":"punased-ecuadori-roosid-70-cm","status":"publish","type":"product","link":"https:\/\/bonfortuno.eu\/en\/toode\/punased-ecuadori-roosid-70-cm\/","title":{"rendered":"\u201cRed Ecuadorian Roses\u201d 70 cm"},"content":{"rendered":"","protected":false},"excerpt":{"rendered":"<p style=\"text-align: justify;\"><span style=\"font-weight: 400;\">Add romance to your arrangements with Red Ecuadorian Roses. Symbolizing love and passion, red roses are classic and timeless blooms perfect for any type of event. Pair them with pink flush roses, midnight plum mini lilies, tangerine yellow dahlias or any other flowers.\u00a0\u00a0<\/span><span style=\"font-weight: 400;\">Great price! Only 3 EUR per flower!<\/span><\/p>\n","protected":false},"featured_media":570,"template":"","meta":[],"product_brand":[],"product_cat":[76,38],"product_tag":[39],"class_list":{"0":"post-568","1":"product","2":"type-product","3":"status-publish","4":"has-post-thumbnail","6":"product_cat-koik-tooted","7":"product_cat-loikelilled","8":"product_tag-roosid","10":"first","11":"instock","12":"featured","13":"shipping-taxable","14":"purchasable","15":"product-type-simple"},"yoast_head":"<!-- This site is optimized with the Yoast SEO plugin v27.3 - https:\/\/yoast.com\/product\/yoast-seo-wordpress\/ -->\n<title>\u201cRed Ecuadorian Roses\u201d 70 cm | Bonfortuno<\/title>\n<meta name=\"robots\" content=\"index, follow, max-snippet:-1, max-image-preview:large, max-video-preview:-1\" \/>\n<link rel=\"canonical\" href=\"https:\/\/bonfortuno.eu\/toode\/punased-ecuadori-roosid-70-cm\/\" \/>\n<meta property=\"og:locale\" content=\"en_US\" \/>\n<meta property=\"og:type\" content=\"article\" \/>\n<meta property=\"og:title\" content=\"[:et]&quot;Punased Ecuadori \u00a0roosid&quot; 70 cm[:ru]\u201c\u041a\u0440\u0430\u0441\u043d\u044b\u0435 \u042d\u043a\u0432\u0430\u0434\u043e\u0440\u0441\u043a\u0438\u0435 \u0440\u043e\u0437\u044b\u201d \u00a070 \u0441\u043c[:en]\u201cRed Ecuadorian Roses\u201d 70 cm[:] | Bonfortuno\" \/>\n<meta property=\"og:description\" content=\"[:et]Lisage veidi romantikat meie Punaste Ecuadori Rooside abil. Roosid s\u00fcmboliseerivad armastust ja kirge. Punased roosid on klassikaline ja ajatu kingitus, mis sobib igat t\u00fc\u00fcpi s\u00fcndmusele. Meie floristid valmistavad Teile ainulaadse lillekimbu, et r\u00f5hutada s\u00fcndmuse t\u00e4htsust! Hea hind! Ainult 3 eur\/tk![:ru]\u0421\u0438\u043c\u0432\u043e\u043b\u0438\u0437\u0438\u0440\u0443\u044e\u0449\u0438\u0435 \u043b\u044e\u0431\u043e\u0432\u044c \u0438 \u0441\u0442\u0440\u0430\u0441\u0442\u044c, \u043a\u0440\u0430\u0441\u043d\u044b\u0435 \u0440\u043e\u0437\u044b - \u043a\u043b\u0430\u0441\u0441\u0438\u043a\u0430 \u0436\u0430\u043d\u0440\u0430. \u0420\u043e\u0437\u044b \u0438\u0434\u0435\u0430\u043b\u044c\u043d\u043e \u043f\u043e\u0434\u0445\u043e\u0434\u044f\u0442 \u0434\u043b\u044f \u043b\u044e\u0431\u043e\u0433\u043e \u0442\u0438\u043f\u0430 \u0441\u043e\u0431\u044b\u0442\u0438\u0439. \u0425\u043e\u0440\u043e\u0448\u043e \u0441\u043e\u0447\u0435\u0442\u0430\u044e\u0442\u0441\u044f \u0441 \u0440\u043e\u0437\u043e\u0432\u044b\u043c\u0438 \u0444\u0440\u0435\u0437\u0438\u044f\u043c\u0438, \u043b\u0438\u043b\u0438\u044f\u043c\u0438, \u0436\u0435\u043b\u0442\u044b\u043c\u0438 \u0433\u0435\u043e\u0440\u0433\u0438\u043d\u0430\u043c\u0438 \u0438\u043b\u0438 \u043b\u044e\u0431\u044b\u043c\u0438 \u0434\u0440\u0443\u0433\u0438\u043c\u0438 \u0446\u0432\u0435\u0442\u0430\u043c\u0438. \u041e\u0442\u043b\u0438\u0447\u043d\u0430\u044f \u0446\u0435\u043d\u0430! \u0412\u0441\u0435\u0433\u043e 3 \u0435\u0432\u0440\u043e \u0437\u0430 \u0446\u0432\u0435\u0442\u043e\u043a! &nbsp;[:en]Add romance to your arrangements with Red Ecuadorian Roses. Symbolizing love and passion, red roses are classic and timeless blooms perfect for any type of event. Pair them with pink flush roses, midnight plum mini lilies, tangerine yellow dahlias or any other flowers.\u00a0\u00a0Great price! Only 3 EUR per flower![:]\" \/>\n<meta property=\"og:url\" content=\"https:\/\/bonfortuno.eu\/toode\/punased-ecuadori-roosid-70-cm\/\" \/>\n<meta property=\"og:site_name\" content=\"Bonfortuno\" \/>\n<meta property=\"article:modified_time\" content=\"2022-02-14T09:39:36+00:00\" \/>\n<meta property=\"og:image\" content=\"https:\/\/bonfortuno.eu\/wp-content\/uploads\/2018\/06\/18-min.jpg\" \/>\n\t<meta property=\"og:image:width\" content=\"800\" \/>\n\t<meta property=\"og:image:height\" content=\"800\" \/>\n\t<meta property=\"og:image:type\" content=\"image\/jpeg\" \/>\n<meta name=\"twitter:card\" content=\"summary_large_image\" \/>\n<script type=\"application\/ld+json\" class=\"yoast-schema-graph\">{\"@context\":\"https:\\\/\\\/schema.org\",\"@graph\":[{\"@type\":\"WebPage\",\"@id\":\"https:\\\/\\\/bonfortuno.eu\\\/toode\\\/punased-ecuadori-roosid-70-cm\\\/\",\"url\":\"https:\\\/\\\/bonfortuno.eu\\\/toode\\\/punased-ecuadori-roosid-70-cm\\\/\",\"name\":\"[:et]\\\"Punased Ecuadori \u00a0roosid\\\" 70 cm[:ru]\u201c\u041a\u0440\u0430\u0441\u043d\u044b\u0435 \u042d\u043a\u0432\u0430\u0434\u043e\u0440\u0441\u043a\u0438\u0435 \u0440\u043e\u0437\u044b\u201d \u00a070 \u0441\u043c[:en]\u201cRed Ecuadorian Roses\u201d 70 cm[:] | Bonfortuno\",\"isPartOf\":{\"@id\":\"https:\\\/\\\/bonfortuno.eu\\\/ru\\\/#website\"},\"primaryImageOfPage\":{\"@id\":\"https:\\\/\\\/bonfortuno.eu\\\/toode\\\/punased-ecuadori-roosid-70-cm\\\/#primaryimage\"},\"image\":{\"@id\":\"https:\\\/\\\/bonfortuno.eu\\\/toode\\\/punased-ecuadori-roosid-70-cm\\\/#primaryimage\"},\"thumbnailUrl\":\"https:\\\/\\\/bonfortuno.eu\\\/wp-content\\\/uploads\\\/2018\\\/06\\\/18-min.jpg\",\"datePublished\":\"2018-06-14T19:40:59+00:00\",\"dateModified\":\"2022-02-14T09:39:36+00:00\",\"breadcrumb\":{\"@id\":\"https:\\\/\\\/bonfortuno.eu\\\/toode\\\/punased-ecuadori-roosid-70-cm\\\/#breadcrumb\"},\"inLanguage\":\"en-US\",\"potentialAction\":[{\"@type\":\"ReadAction\",\"target\":[\"https:\\\/\\\/bonfortuno.eu\\\/toode\\\/punased-ecuadori-roosid-70-cm\\\/\"]}]},{\"@type\":\"ImageObject\",\"inLanguage\":\"en-US\",\"@id\":\"https:\\\/\\\/bonfortuno.eu\\\/toode\\\/punased-ecuadori-roosid-70-cm\\\/#primaryimage\",\"url\":\"https:\\\/\\\/bonfortuno.eu\\\/wp-content\\\/uploads\\\/2018\\\/06\\\/18-min.jpg\",\"contentUrl\":\"https:\\\/\\\/bonfortuno.eu\\\/wp-content\\\/uploads\\\/2018\\\/06\\\/18-min.jpg\",\"width\":800,\"height\":800,\"caption\":\"lilled kulleriga\"},{\"@type\":\"BreadcrumbList\",\"@id\":\"https:\\\/\\\/bonfortuno.eu\\\/toode\\\/punased-ecuadori-roosid-70-cm\\\/#breadcrumb\",\"itemListElement\":[{\"@type\":\"ListItem\",\"position\":1,\"name\":\"\u0413\u043b\u0430\u0432\u043d\u0430\u044f \u0441\u0442\u0440\u0430\u043d\u0438\u0446\u0430\",\"item\":\"https:\\\/\\\/bonfortuno.eu\\\/\"},{\"@type\":\"ListItem\",\"position\":2,\"name\":\"\u041c\u0430\u0433\u0430\u0437\u0438\u043d\",\"item\":\"https:\\\/\\\/bonfortuno.eu\\\/\"},{\"@type\":\"ListItem\",\"position\":3,\"name\":\"&#8220;Punased Ecuadori \u00a0roosid&#8221; 70 cm\"}]},{\"@type\":\"WebSite\",\"@id\":\"https:\\\/\\\/bonfortuno.eu\\\/ru\\\/#website\",\"url\":\"https:\\\/\\\/bonfortuno.eu\\\/ru\\\/\",\"name\":\"Bonfortuno\",\"description\":\"The world of fresh flowers\",\"potentialAction\":[{\"@type\":\"SearchAction\",\"target\":{\"@type\":\"EntryPoint\",\"urlTemplate\":\"https:\\\/\\\/bonfortuno.eu\\\/ru\\\/?s={search_term_string}\"},\"query-input\":{\"@type\":\"PropertyValueSpecification\",\"valueRequired\":true,\"valueName\":\"search_term_string\"}}],\"inLanguage\":\"en-US\"}]}<\/script>\n<!-- \/ Yoast SEO plugin. -->","yoast_head_json":{"title":"[:et]\"Punased Ecuadori \u00a0roosid\" 70 cm[:ru]\u201c\u041a\u0440\u0430\u0441\u043d\u044b\u0435 \u042d\u043a\u0432\u0430\u0434\u043e\u0440\u0441\u043a\u0438\u0435 \u0440\u043e\u0437\u044b\u201d \u00a070 \u0441\u043c[:en]\u201cRed Ecuadorian Roses\u201d 70 cm[:] | Bonfortuno","robots":{"index":"index","follow":"follow","max-snippet":"max-snippet:-1","max-image-preview":"max-image-preview:large","max-video-preview":"max-video-preview:-1"},"canonical":"https:\/\/bonfortuno.eu\/toode\/punased-ecuadori-roosid-70-cm\/","og_locale":"en_US","og_type":"article","og_title":"[:et]\"Punased Ecuadori \u00a0roosid\" 70 cm[:ru]\u201c\u041a\u0440\u0430\u0441\u043d\u044b\u0435 \u042d\u043a\u0432\u0430\u0434\u043e\u0440\u0441\u043a\u0438\u0435 \u0440\u043e\u0437\u044b\u201d \u00a070 \u0441\u043c[:en]\u201cRed Ecuadorian Roses\u201d 70 cm[:] | Bonfortuno","og_description":"[:et]Lisage veidi romantikat meie Punaste Ecuadori Rooside abil. Roosid s\u00fcmboliseerivad armastust ja kirge. Punased roosid on klassikaline ja ajatu kingitus, mis sobib igat t\u00fc\u00fcpi s\u00fcndmusele. Meie floristid valmistavad Teile ainulaadse lillekimbu, et r\u00f5hutada s\u00fcndmuse t\u00e4htsust! Hea hind! Ainult 3 eur\/tk![:ru]\u0421\u0438\u043c\u0432\u043e\u043b\u0438\u0437\u0438\u0440\u0443\u044e\u0449\u0438\u0435 \u043b\u044e\u0431\u043e\u0432\u044c \u0438 \u0441\u0442\u0440\u0430\u0441\u0442\u044c, \u043a\u0440\u0430\u0441\u043d\u044b\u0435 \u0440\u043e\u0437\u044b - \u043a\u043b\u0430\u0441\u0441\u0438\u043a\u0430 \u0436\u0430\u043d\u0440\u0430. \u0420\u043e\u0437\u044b \u0438\u0434\u0435\u0430\u043b\u044c\u043d\u043e \u043f\u043e\u0434\u0445\u043e\u0434\u044f\u0442 \u0434\u043b\u044f \u043b\u044e\u0431\u043e\u0433\u043e \u0442\u0438\u043f\u0430 \u0441\u043e\u0431\u044b\u0442\u0438\u0439. \u0425\u043e\u0440\u043e\u0448\u043e \u0441\u043e\u0447\u0435\u0442\u0430\u044e\u0442\u0441\u044f \u0441 \u0440\u043e\u0437\u043e\u0432\u044b\u043c\u0438 \u0444\u0440\u0435\u0437\u0438\u044f\u043c\u0438, \u043b\u0438\u043b\u0438\u044f\u043c\u0438, \u0436\u0435\u043b\u0442\u044b\u043c\u0438 \u0433\u0435\u043e\u0440\u0433\u0438\u043d\u0430\u043c\u0438 \u0438\u043b\u0438 \u043b\u044e\u0431\u044b\u043c\u0438 \u0434\u0440\u0443\u0433\u0438\u043c\u0438 \u0446\u0432\u0435\u0442\u0430\u043c\u0438. \u041e\u0442\u043b\u0438\u0447\u043d\u0430\u044f \u0446\u0435\u043d\u0430! \u0412\u0441\u0435\u0433\u043e 3 \u0435\u0432\u0440\u043e \u0437\u0430 \u0446\u0432\u0435\u0442\u043e\u043a! &nbsp;[:en]Add romance to your arrangements with Red Ecuadorian Roses. Symbolizing love and passion, red roses are classic and timeless blooms perfect for any type of event. Pair them with pink flush roses, midnight plum mini lilies, tangerine yellow dahlias or any other flowers.\u00a0\u00a0Great price! Only 3 EUR per flower![:]","og_url":"https:\/\/bonfortuno.eu\/toode\/punased-ecuadori-roosid-70-cm\/","og_site_name":"Bonfortuno","article_modified_time":"2022-02-14T09:39:36+00:00","og_image":[{"width":800,"height":800,"url":"https:\/\/bonfortuno.eu\/wp-content\/uploads\/2018\/06\/18-min.jpg","type":"image\/jpeg"}],"twitter_card":"summary_large_image","schema":{"@context":"https:\/\/schema.org","@graph":[{"@type":"WebPage","@id":"https:\/\/bonfortuno.eu\/toode\/punased-ecuadori-roosid-70-cm\/","url":"https:\/\/bonfortuno.eu\/toode\/punased-ecuadori-roosid-70-cm\/","name":"[:et]\"Punased Ecuadori \u00a0roosid\" 70 cm[:ru]\u201c\u041a\u0440\u0430\u0441\u043d\u044b\u0435 \u042d\u043a\u0432\u0430\u0434\u043e\u0440\u0441\u043a\u0438\u0435 \u0440\u043e\u0437\u044b\u201d \u00a070 \u0441\u043c[:en]\u201cRed Ecuadorian Roses\u201d 70 cm[:] | Bonfortuno","isPartOf":{"@id":"https:\/\/bonfortuno.eu\/ru\/#website"},"primaryImageOfPage":{"@id":"https:\/\/bonfortuno.eu\/toode\/punased-ecuadori-roosid-70-cm\/#primaryimage"},"image":{"@id":"https:\/\/bonfortuno.eu\/toode\/punased-ecuadori-roosid-70-cm\/#primaryimage"},"thumbnailUrl":"https:\/\/bonfortuno.eu\/wp-content\/uploads\/2018\/06\/18-min.jpg","datePublished":"2018-06-14T19:40:59+00:00","dateModified":"2022-02-14T09:39:36+00:00","breadcrumb":{"@id":"https:\/\/bonfortuno.eu\/toode\/punased-ecuadori-roosid-70-cm\/#breadcrumb"},"inLanguage":"en-US","potentialAction":[{"@type":"ReadAction","target":["https:\/\/bonfortuno.eu\/toode\/punased-ecuadori-roosid-70-cm\/"]}]},{"@type":"ImageObject","inLanguage":"en-US","@id":"https:\/\/bonfortuno.eu\/toode\/punased-ecuadori-roosid-70-cm\/#primaryimage","url":"https:\/\/bonfortuno.eu\/wp-content\/uploads\/2018\/06\/18-min.jpg","contentUrl":"https:\/\/bonfortuno.eu\/wp-content\/uploads\/2018\/06\/18-min.jpg","width":800,"height":800,"caption":"lilled kulleriga"},{"@type":"BreadcrumbList","@id":"https:\/\/bonfortuno.eu\/toode\/punased-ecuadori-roosid-70-cm\/#breadcrumb","itemListElement":[{"@type":"ListItem","position":1,"name":"\u0413\u043b\u0430\u0432\u043d\u0430\u044f \u0441\u0442\u0440\u0430\u043d\u0438\u0446\u0430","item":"https:\/\/bonfortuno.eu\/"},{"@type":"ListItem","position":2,"name":"\u041c\u0430\u0433\u0430\u0437\u0438\u043d","item":"https:\/\/bonfortuno.eu\/"},{"@type":"ListItem","position":3,"name":"&#8220;Punased Ecuadori \u00a0roosid&#8221; 70 cm"}]},{"@type":"WebSite","@id":"https:\/\/bonfortuno.eu\/ru\/#website","url":"https:\/\/bonfortuno.eu\/ru\/","name":"Bonfortuno","description":"The world of fresh flowers","potentialAction":[{"@type":"SearchAction","target":{"@type":"EntryPoint","urlTemplate":"https:\/\/bonfortuno.eu\/ru\/?s={search_term_string}"},"query-input":{"@type":"PropertyValueSpecification","valueRequired":true,"valueName":"search_term_string"}}],"inLanguage":"en-US"}]}},"_links":{"self":[{"href":"https:\/\/bonfortuno.eu\/en\/wp-json\/wp\/v2\/product\/568","targetHints":{"allow":["GET"]}}],"collection":[{"href":"https:\/\/bonfortuno.eu\/en\/wp-json\/wp\/v2\/product"}],"about":[{"href":"https:\/\/bonfortuno.eu\/en\/wp-json\/wp\/v2\/types\/product"}],"wp:featuredmedia":[{"embeddable":true,"href":"https:\/\/bonfortuno.eu\/en\/wp-json\/wp\/v2\/media\/570"}],"wp:attachment":[{"href":"https:\/\/bonfortuno.eu\/en\/wp-json\/wp\/v2\/media?parent=568"}],"wp:term":[{"taxonomy":"product_brand","embeddable":true,"href":"https:\/\/bonfortuno.eu\/en\/wp-json\/wp\/v2\/product_brand?post=568"},{"taxonomy":"product_cat","embeddable":true,"href":"https:\/\/bonfortuno.eu\/en\/wp-json\/wp\/v2\/product_cat?post=568"},{"taxonomy":"product_tag","embeddable":true,"href":"https:\/\/bonfortuno.eu\/en\/wp-json\/wp\/v2\/product_tag?post=568"}],"curies":[{"name":"wp","href":"https:\/\/api.w.org\/{rel}","templated":true}]}}