{"id":579,"date":"2018-06-14T22:55:12","date_gmt":"2018-06-14T19:55:12","guid":{"rendered":"https:\/\/bonfortuno.eu\/?post_type=product&#038;p=579"},"modified":"2025-02-11T22:21:30","modified_gmt":"2025-02-11T20:21:30","slug":"oranzid-tulbid","status":"publish","type":"product","link":"https:\/\/bonfortuno.eu\/en\/toode\/oranzid-tulbid\/","title":{"rendered":"\u201cOrange tulips\u201d"},"content":{"rendered":"","protected":false},"excerpt":{"rendered":"<p style=\"text-align: justify;\"><span style=\"font-weight: 400;\">Orange is the color of happiness in the tulip world. Fascination, energy, enthusiasm and desire are communicated through sending orange tulips. Check for other colors and mixed bouquets! Awesome price! Just 1.20 EUR per flower! <\/span><\/p>\n","protected":false},"featured_media":574,"template":"","meta":[],"product_brand":[],"product_cat":[76,38],"product_tag":[71],"class_list":{"0":"post-579","1":"product","2":"type-product","3":"status-publish","4":"has-post-thumbnail","6":"product_cat-koik-tooted","7":"product_cat-loikelilled","8":"product_tag-tulbid","10":"first","11":"instock","12":"featured","13":"shipping-taxable","14":"purchasable","15":"product-type-simple"},"yoast_head":"<!-- This site is optimized with the Yoast SEO plugin v27.3 - https:\/\/yoast.com\/product\/yoast-seo-wordpress\/ -->\n<title>\u201cOrange tulips\u201d | Bonfortuno<\/title>\n<meta name=\"robots\" content=\"index, follow, max-snippet:-1, max-image-preview:large, max-video-preview:-1\" \/>\n<link rel=\"canonical\" href=\"https:\/\/bonfortuno.eu\/toode\/oranzid-tulbid\/\" \/>\n<meta property=\"og:locale\" content=\"en_US\" \/>\n<meta property=\"og:type\" content=\"article\" \/>\n<meta property=\"og:title\" content=\"[:et]&quot;Oran\u017eid tulbid&quot;[:ru]\u201c\u041e\u0440\u0430\u043d\u0436\u0435\u0432\u044b\u0435 \u0442\u044e\u043b\u044c\u043f\u0430\u043d\u044b&quot;[:en]\u201cOrange tulips\u201d[:] | Bonfortuno\" \/>\n<meta property=\"og:description\" content=\"[:et]Tulpide maailmas oran\u017e v\u00e4rv t\u00e4hendab \u00f5nne, v\u00f5lu, entusiasmi ja soovi. Valige oran\u017e kimp tulpidest sobivaks s\u00fcndmuseks. Hea hind! Ainult 3 eurot lille kohta! Meie kauplusest leiad palju erinevaid v\u00e4rvikombinatsioone ja segakimpe v\u00e4ga hea hinnaga! Tulbi hind ainult 1.20 eur\/tk![:ru]\u041e\u0440\u0430\u043d\u0436\u0435\u0432\u044b\u0439 \u0446\u0432\u0435\u0442 \u0432 \u043c\u0438\u0440\u0435 \u0442\u044e\u043b\u044c\u043f\u0430\u043d\u043e\u0432 \u043e\u0437\u043d\u0430\u0447\u0430\u0435\u0442 \u0441\u0447\u0430\u0441\u0442\u044c\u0435, \u043e\u0447\u0430\u0440\u043e\u0432\u0430\u043d\u0438\u0435, \u044d\u043d\u0442\u0443\u0437\u0438\u0430\u0437\u043c \u0438 \u0436\u0435\u043b\u0430\u043d\u0438\u0435. \u0412\u044b\u0431\u0435\u0440\u0438 \u043e\u0440\u0430\u043d\u0436\u0435\u0432\u044b\u0439 \u0431\u0443\u043a\u0435\u0442 \u0442\u044e\u043b\u044c\u043f\u0430\u043d\u043e\u0432 \u0434\u043b\u044f \u043f\u043e\u0434\u0445\u043e\u0434\u044f\u0449\u0435\u0433\u043e \u0441\u043b\u0443\u0447\u0430\u044f. \u0412 \u043d\u0430\u043b\u0438\u0447\u0438\u0435 \u043c\u043d\u043e\u0433\u043e \u0434\u0440\u0443\u0433\u0438\u0445 \u0446\u0432\u0435\u0442\u043e\u0432 \u0438 \u0441\u043c\u0435\u0448\u0430\u043d\u043d\u044b\u0445 \u0431\u0443\u043a\u0435\u0442\u043e\u0432! \u0425\u043e\u0440\u043e\u0448\u0430\u044f \u0446\u0435\u043d\u0430! \u0412\u0441\u0435\u0433\u043e 1.20 \u0435\u0432\u0440\u043e \u0437\u0430 \u0446\u0432\u0435\u0442\u043e\u043a![:en]Orange is the color of happiness in the tulip world. Fascination, energy, enthusiasm and desire are communicated through sending orange tulips. Check for other colors and mixed bouquets! Awesome price! Just 1.20 EUR per flower! [:]\" \/>\n<meta property=\"og:url\" content=\"https:\/\/bonfortuno.eu\/toode\/oranzid-tulbid\/\" \/>\n<meta property=\"og:site_name\" content=\"Bonfortuno\" \/>\n<meta property=\"article:modified_time\" content=\"2025-02-11T20:21:30+00:00\" \/>\n<meta property=\"og:image\" content=\"https:\/\/bonfortuno.eu\/wp-content\/uploads\/2018\/06\/21-min.jpg\" \/>\n\t<meta property=\"og:image:width\" content=\"800\" \/>\n\t<meta property=\"og:image:height\" content=\"800\" \/>\n\t<meta property=\"og:image:type\" content=\"image\/jpeg\" \/>\n<meta name=\"twitter:card\" content=\"summary_large_image\" \/>\n<script type=\"application\/ld+json\" class=\"yoast-schema-graph\">{\"@context\":\"https:\\\/\\\/schema.org\",\"@graph\":[{\"@type\":\"WebPage\",\"@id\":\"https:\\\/\\\/bonfortuno.eu\\\/toode\\\/oranzid-tulbid\\\/\",\"url\":\"https:\\\/\\\/bonfortuno.eu\\\/toode\\\/oranzid-tulbid\\\/\",\"name\":\"[:et]\\\"Oran\u017eid tulbid\\\"[:ru]\u201c\u041e\u0440\u0430\u043d\u0436\u0435\u0432\u044b\u0435 \u0442\u044e\u043b\u044c\u043f\u0430\u043d\u044b\\\"[:en]\u201cOrange tulips\u201d[:] | Bonfortuno\",\"isPartOf\":{\"@id\":\"https:\\\/\\\/bonfortuno.eu\\\/ru\\\/#website\"},\"primaryImageOfPage\":{\"@id\":\"https:\\\/\\\/bonfortuno.eu\\\/toode\\\/oranzid-tulbid\\\/#primaryimage\"},\"image\":{\"@id\":\"https:\\\/\\\/bonfortuno.eu\\\/toode\\\/oranzid-tulbid\\\/#primaryimage\"},\"thumbnailUrl\":\"https:\\\/\\\/bonfortuno.eu\\\/wp-content\\\/uploads\\\/2018\\\/06\\\/21-min.jpg\",\"datePublished\":\"2018-06-14T19:55:12+00:00\",\"dateModified\":\"2025-02-11T20:21:30+00:00\",\"breadcrumb\":{\"@id\":\"https:\\\/\\\/bonfortuno.eu\\\/toode\\\/oranzid-tulbid\\\/#breadcrumb\"},\"inLanguage\":\"en-US\",\"potentialAction\":[{\"@type\":\"ReadAction\",\"target\":[\"https:\\\/\\\/bonfortuno.eu\\\/toode\\\/oranzid-tulbid\\\/\"]}]},{\"@type\":\"ImageObject\",\"inLanguage\":\"en-US\",\"@id\":\"https:\\\/\\\/bonfortuno.eu\\\/toode\\\/oranzid-tulbid\\\/#primaryimage\",\"url\":\"https:\\\/\\\/bonfortuno.eu\\\/wp-content\\\/uploads\\\/2018\\\/06\\\/21-min.jpg\",\"contentUrl\":\"https:\\\/\\\/bonfortuno.eu\\\/wp-content\\\/uploads\\\/2018\\\/06\\\/21-min.jpg\",\"width\":800,\"height\":800,\"caption\":\"lilled kulleriga\"},{\"@type\":\"BreadcrumbList\",\"@id\":\"https:\\\/\\\/bonfortuno.eu\\\/toode\\\/oranzid-tulbid\\\/#breadcrumb\",\"itemListElement\":[{\"@type\":\"ListItem\",\"position\":1,\"name\":\"\u0413\u043b\u0430\u0432\u043d\u0430\u044f \u0441\u0442\u0440\u0430\u043d\u0438\u0446\u0430\",\"item\":\"https:\\\/\\\/bonfortuno.eu\\\/\"},{\"@type\":\"ListItem\",\"position\":2,\"name\":\"\u041c\u0430\u0433\u0430\u0437\u0438\u043d\",\"item\":\"https:\\\/\\\/bonfortuno.eu\\\/\"},{\"@type\":\"ListItem\",\"position\":3,\"name\":\"&#8220;Oran\u017eid tulbid&#8221;\"}]},{\"@type\":\"WebSite\",\"@id\":\"https:\\\/\\\/bonfortuno.eu\\\/ru\\\/#website\",\"url\":\"https:\\\/\\\/bonfortuno.eu\\\/ru\\\/\",\"name\":\"Bonfortuno\",\"description\":\"The world of fresh flowers\",\"potentialAction\":[{\"@type\":\"SearchAction\",\"target\":{\"@type\":\"EntryPoint\",\"urlTemplate\":\"https:\\\/\\\/bonfortuno.eu\\\/ru\\\/?s={search_term_string}\"},\"query-input\":{\"@type\":\"PropertyValueSpecification\",\"valueRequired\":true,\"valueName\":\"search_term_string\"}}],\"inLanguage\":\"en-US\"}]}<\/script>\n<!-- \/ Yoast SEO plugin. -->","yoast_head_json":{"title":"[:et]\"Oran\u017eid tulbid\"[:ru]\u201c\u041e\u0440\u0430\u043d\u0436\u0435\u0432\u044b\u0435 \u0442\u044e\u043b\u044c\u043f\u0430\u043d\u044b\"[:en]\u201cOrange tulips\u201d[:] | Bonfortuno","robots":{"index":"index","follow":"follow","max-snippet":"max-snippet:-1","max-image-preview":"max-image-preview:large","max-video-preview":"max-video-preview:-1"},"canonical":"https:\/\/bonfortuno.eu\/toode\/oranzid-tulbid\/","og_locale":"en_US","og_type":"article","og_title":"[:et]\"Oran\u017eid tulbid\"[:ru]\u201c\u041e\u0440\u0430\u043d\u0436\u0435\u0432\u044b\u0435 \u0442\u044e\u043b\u044c\u043f\u0430\u043d\u044b\"[:en]\u201cOrange tulips\u201d[:] | Bonfortuno","og_description":"[:et]Tulpide maailmas oran\u017e v\u00e4rv t\u00e4hendab \u00f5nne, v\u00f5lu, entusiasmi ja soovi. Valige oran\u017e kimp tulpidest sobivaks s\u00fcndmuseks. Hea hind! Ainult 3 eurot lille kohta! Meie kauplusest leiad palju erinevaid v\u00e4rvikombinatsioone ja segakimpe v\u00e4ga hea hinnaga! Tulbi hind ainult 1.20 eur\/tk![:ru]\u041e\u0440\u0430\u043d\u0436\u0435\u0432\u044b\u0439 \u0446\u0432\u0435\u0442 \u0432 \u043c\u0438\u0440\u0435 \u0442\u044e\u043b\u044c\u043f\u0430\u043d\u043e\u0432 \u043e\u0437\u043d\u0430\u0447\u0430\u0435\u0442 \u0441\u0447\u0430\u0441\u0442\u044c\u0435, \u043e\u0447\u0430\u0440\u043e\u0432\u0430\u043d\u0438\u0435, \u044d\u043d\u0442\u0443\u0437\u0438\u0430\u0437\u043c \u0438 \u0436\u0435\u043b\u0430\u043d\u0438\u0435. \u0412\u044b\u0431\u0435\u0440\u0438 \u043e\u0440\u0430\u043d\u0436\u0435\u0432\u044b\u0439 \u0431\u0443\u043a\u0435\u0442 \u0442\u044e\u043b\u044c\u043f\u0430\u043d\u043e\u0432 \u0434\u043b\u044f \u043f\u043e\u0434\u0445\u043e\u0434\u044f\u0449\u0435\u0433\u043e \u0441\u043b\u0443\u0447\u0430\u044f. \u0412 \u043d\u0430\u043b\u0438\u0447\u0438\u0435 \u043c\u043d\u043e\u0433\u043e \u0434\u0440\u0443\u0433\u0438\u0445 \u0446\u0432\u0435\u0442\u043e\u0432 \u0438 \u0441\u043c\u0435\u0448\u0430\u043d\u043d\u044b\u0445 \u0431\u0443\u043a\u0435\u0442\u043e\u0432! \u0425\u043e\u0440\u043e\u0448\u0430\u044f \u0446\u0435\u043d\u0430! \u0412\u0441\u0435\u0433\u043e 1.20 \u0435\u0432\u0440\u043e \u0437\u0430 \u0446\u0432\u0435\u0442\u043e\u043a![:en]Orange is the color of happiness in the tulip world. Fascination, energy, enthusiasm and desire are communicated through sending orange tulips. Check for other colors and mixed bouquets! Awesome price! Just 1.20 EUR per flower! [:]","og_url":"https:\/\/bonfortuno.eu\/toode\/oranzid-tulbid\/","og_site_name":"Bonfortuno","article_modified_time":"2025-02-11T20:21:30+00:00","og_image":[{"width":800,"height":800,"url":"https:\/\/bonfortuno.eu\/wp-content\/uploads\/2018\/06\/21-min.jpg","type":"image\/jpeg"}],"twitter_card":"summary_large_image","schema":{"@context":"https:\/\/schema.org","@graph":[{"@type":"WebPage","@id":"https:\/\/bonfortuno.eu\/toode\/oranzid-tulbid\/","url":"https:\/\/bonfortuno.eu\/toode\/oranzid-tulbid\/","name":"[:et]\"Oran\u017eid tulbid\"[:ru]\u201c\u041e\u0440\u0430\u043d\u0436\u0435\u0432\u044b\u0435 \u0442\u044e\u043b\u044c\u043f\u0430\u043d\u044b\"[:en]\u201cOrange tulips\u201d[:] | Bonfortuno","isPartOf":{"@id":"https:\/\/bonfortuno.eu\/ru\/#website"},"primaryImageOfPage":{"@id":"https:\/\/bonfortuno.eu\/toode\/oranzid-tulbid\/#primaryimage"},"image":{"@id":"https:\/\/bonfortuno.eu\/toode\/oranzid-tulbid\/#primaryimage"},"thumbnailUrl":"https:\/\/bonfortuno.eu\/wp-content\/uploads\/2018\/06\/21-min.jpg","datePublished":"2018-06-14T19:55:12+00:00","dateModified":"2025-02-11T20:21:30+00:00","breadcrumb":{"@id":"https:\/\/bonfortuno.eu\/toode\/oranzid-tulbid\/#breadcrumb"},"inLanguage":"en-US","potentialAction":[{"@type":"ReadAction","target":["https:\/\/bonfortuno.eu\/toode\/oranzid-tulbid\/"]}]},{"@type":"ImageObject","inLanguage":"en-US","@id":"https:\/\/bonfortuno.eu\/toode\/oranzid-tulbid\/#primaryimage","url":"https:\/\/bonfortuno.eu\/wp-content\/uploads\/2018\/06\/21-min.jpg","contentUrl":"https:\/\/bonfortuno.eu\/wp-content\/uploads\/2018\/06\/21-min.jpg","width":800,"height":800,"caption":"lilled kulleriga"},{"@type":"BreadcrumbList","@id":"https:\/\/bonfortuno.eu\/toode\/oranzid-tulbid\/#breadcrumb","itemListElement":[{"@type":"ListItem","position":1,"name":"\u0413\u043b\u0430\u0432\u043d\u0430\u044f \u0441\u0442\u0440\u0430\u043d\u0438\u0446\u0430","item":"https:\/\/bonfortuno.eu\/"},{"@type":"ListItem","position":2,"name":"\u041c\u0430\u0433\u0430\u0437\u0438\u043d","item":"https:\/\/bonfortuno.eu\/"},{"@type":"ListItem","position":3,"name":"&#8220;Oran\u017eid tulbid&#8221;"}]},{"@type":"WebSite","@id":"https:\/\/bonfortuno.eu\/ru\/#website","url":"https:\/\/bonfortuno.eu\/ru\/","name":"Bonfortuno","description":"The world of fresh flowers","potentialAction":[{"@type":"SearchAction","target":{"@type":"EntryPoint","urlTemplate":"https:\/\/bonfortuno.eu\/ru\/?s={search_term_string}"},"query-input":{"@type":"PropertyValueSpecification","valueRequired":true,"valueName":"search_term_string"}}],"inLanguage":"en-US"}]}},"_links":{"self":[{"href":"https:\/\/bonfortuno.eu\/en\/wp-json\/wp\/v2\/product\/579","targetHints":{"allow":["GET"]}}],"collection":[{"href":"https:\/\/bonfortuno.eu\/en\/wp-json\/wp\/v2\/product"}],"about":[{"href":"https:\/\/bonfortuno.eu\/en\/wp-json\/wp\/v2\/types\/product"}],"wp:featuredmedia":[{"embeddable":true,"href":"https:\/\/bonfortuno.eu\/en\/wp-json\/wp\/v2\/media\/574"}],"wp:attachment":[{"href":"https:\/\/bonfortuno.eu\/en\/wp-json\/wp\/v2\/media?parent=579"}],"wp:term":[{"taxonomy":"product_brand","embeddable":true,"href":"https:\/\/bonfortuno.eu\/en\/wp-json\/wp\/v2\/product_brand?post=579"},{"taxonomy":"product_cat","embeddable":true,"href":"https:\/\/bonfortuno.eu\/en\/wp-json\/wp\/v2\/product_cat?post=579"},{"taxonomy":"product_tag","embeddable":true,"href":"https:\/\/bonfortuno.eu\/en\/wp-json\/wp\/v2\/product_tag?post=579"}],"curies":[{"name":"wp","href":"https:\/\/api.w.org\/{rel}","templated":true}]}}