{"id":580,"date":"2018-06-14T23:14:53","date_gmt":"2018-06-14T20:14:53","guid":{"rendered":"https:\/\/bonfortuno.eu\/?post_type=product&#038;p=580"},"modified":"2025-02-11T22:20:38","modified_gmt":"2025-02-11T20:20:38","slug":"punased-tulbid","status":"publish","type":"product","link":"https:\/\/bonfortuno.eu\/en\/toode\/punased-tulbid\/","title":{"rendered":"\u201cRed tulips\u201d"},"content":{"rendered":"","protected":false},"excerpt":{"rendered":"<p style=\"text-align: justify;\"><span style=\"font-weight: 400;\">Red tulips are good choice to express that you are deeply in love. The color red evokes passion and romance. Tulips are the flower associated with the 11th wedding anniversary, as well. If you have a decade plus one year together, or if you just want to let her know you want to be with her that long and more, red tulips are a great choice. Awesome price! Just 1.50 EUR per flower! <\/span><\/p>\n","protected":false},"featured_media":575,"template":"","meta":[],"product_brand":[],"product_cat":[76,38],"product_tag":[71],"class_list":{"0":"post-580","1":"product","2":"type-product","3":"status-publish","4":"has-post-thumbnail","6":"product_cat-koik-tooted","7":"product_cat-loikelilled","8":"product_tag-tulbid","10":"first","11":"instock","12":"featured","13":"shipping-taxable","14":"purchasable","15":"product-type-simple"},"yoast_head":"<!-- This site is optimized with the Yoast SEO plugin v27.3 - https:\/\/yoast.com\/product\/yoast-seo-wordpress\/ -->\n<title>\u201cRed tulips\u201d | Bonfortuno<\/title>\n<meta name=\"robots\" content=\"index, follow, max-snippet:-1, max-image-preview:large, max-video-preview:-1\" \/>\n<link rel=\"canonical\" href=\"https:\/\/bonfortuno.eu\/toode\/punased-tulbid\/\" \/>\n<meta property=\"og:locale\" content=\"en_US\" \/>\n<meta property=\"og:type\" content=\"article\" \/>\n<meta property=\"og:title\" content=\"[:et]\u201cPunased tulbid\u201d[:ru]\u201c\u041a\u0440\u0430\u0441\u043d\u044b\u0435 \u0442\u044e\u043b\u044c\u043f\u0430\u043d\u044b\u201d[:en]\u201cRed tulips\u201d[:] | Bonfortuno\" \/>\n<meta property=\"og:description\" content=\"[:et]Punased tulbid on suurep\u00e4rane v\u00f5imalus v\u00e4ljendada, et olete s\u00fcgavalt armunud. Punane v\u00e4rv viitab kirgale ja romantikale. Tulbid on lill, mis on seotud 11. pulmade aastap\u00e4evaga. Kui tahad r\u00f5hutada, et oled truu, siis on punased tulbid suurep\u00e4rane valik. Hea hind! Ainult 1.50 eur\/tk![:ru]\u041a\u0440\u0430\u0441\u043d\u044b\u0435 \u0442\u044e\u043b\u044c\u043f\u0430\u043d\u044b - \u043f\u0440\u0435\u043a\u0440\u0430\u0441\u043d\u044b\u0439 \u0441\u043f\u043e\u0441\u043e\u0431 \u043f\u043e\u0434\u0447\u0435\u0440\u043a\u043d\u0443\u0442\u044c, \u0447\u0442\u043e \u0432\u044b \u0433\u043b\u0443\u0431\u043e\u043a\u043e \u0432\u043b\u044e\u0431\u043b\u0435\u043d\u044b. \u041a\u0440\u0430\u0441\u043d\u044b\u0439 - \u0446\u0432\u0435\u0442 \u0441\u0442\u0440\u0430\u0441\u0442\u0438 \u0438 \u0440\u043e\u043c\u0430\u043d\u0442\u0438\u043a\u0438. \u041a\u0440\u0430\u0441\u043d\u044b\u0435 \u0442\u044e\u043b\u044c\u043f\u0430\u043d\u044b \u043f\u0440\u0438\u043d\u044f\u0442\u043e \u0434\u0430\u0440\u0438\u0442\u044c \u043d\u0430 11-\u044e \u0433\u043e\u0434\u043e\u0432\u0449\u0438\u043d\u0443 \u0441\u0432\u0430\u0434\u044c\u0431\u044b. \u0423\u0434\u0438\u0432\u0438\u0442\u0435\u043b\u044c\u043d\u0430\u044f \u0446\u0435\u043d\u0430! \u0412\u0441\u0435\u0433\u043e 1.50 \u0435\u0432\u0440\u043e \u0437\u0430 \u0446\u0432\u0435\u0442\u043e\u043a![:en]Red tulips are good choice to express that you are deeply in love. The color red evokes passion and romance. Tulips are the flower associated with the 11th wedding anniversary, as well. If you have a decade plus one year together, or if you just want to let her know you want to be with her that long and more, red tulips are a great choice. Awesome price! Just 1.50 EUR per flower! [:]\" \/>\n<meta property=\"og:url\" content=\"https:\/\/bonfortuno.eu\/toode\/punased-tulbid\/\" \/>\n<meta property=\"og:site_name\" content=\"Bonfortuno\" \/>\n<meta property=\"article:modified_time\" content=\"2025-02-11T20:20:38+00:00\" \/>\n<meta property=\"og:image\" content=\"https:\/\/bonfortuno.eu\/wp-content\/uploads\/2018\/06\/22-min.jpg\" \/>\n\t<meta property=\"og:image:width\" content=\"800\" \/>\n\t<meta property=\"og:image:height\" content=\"800\" \/>\n\t<meta property=\"og:image:type\" content=\"image\/jpeg\" \/>\n<meta name=\"twitter:card\" content=\"summary_large_image\" \/>\n<script type=\"application\/ld+json\" class=\"yoast-schema-graph\">{\"@context\":\"https:\\\/\\\/schema.org\",\"@graph\":[{\"@type\":\"WebPage\",\"@id\":\"https:\\\/\\\/bonfortuno.eu\\\/toode\\\/punased-tulbid\\\/\",\"url\":\"https:\\\/\\\/bonfortuno.eu\\\/toode\\\/punased-tulbid\\\/\",\"name\":\"[:et]\u201cPunased tulbid\u201d[:ru]\u201c\u041a\u0440\u0430\u0441\u043d\u044b\u0435 \u0442\u044e\u043b\u044c\u043f\u0430\u043d\u044b\u201d[:en]\u201cRed tulips\u201d[:] | Bonfortuno\",\"isPartOf\":{\"@id\":\"https:\\\/\\\/bonfortuno.eu\\\/ru\\\/#website\"},\"primaryImageOfPage\":{\"@id\":\"https:\\\/\\\/bonfortuno.eu\\\/toode\\\/punased-tulbid\\\/#primaryimage\"},\"image\":{\"@id\":\"https:\\\/\\\/bonfortuno.eu\\\/toode\\\/punased-tulbid\\\/#primaryimage\"},\"thumbnailUrl\":\"https:\\\/\\\/bonfortuno.eu\\\/wp-content\\\/uploads\\\/2018\\\/06\\\/22-min.jpg\",\"datePublished\":\"2018-06-14T20:14:53+00:00\",\"dateModified\":\"2025-02-11T20:20:38+00:00\",\"breadcrumb\":{\"@id\":\"https:\\\/\\\/bonfortuno.eu\\\/toode\\\/punased-tulbid\\\/#breadcrumb\"},\"inLanguage\":\"en-US\",\"potentialAction\":[{\"@type\":\"ReadAction\",\"target\":[\"https:\\\/\\\/bonfortuno.eu\\\/toode\\\/punased-tulbid\\\/\"]}]},{\"@type\":\"ImageObject\",\"inLanguage\":\"en-US\",\"@id\":\"https:\\\/\\\/bonfortuno.eu\\\/toode\\\/punased-tulbid\\\/#primaryimage\",\"url\":\"https:\\\/\\\/bonfortuno.eu\\\/wp-content\\\/uploads\\\/2018\\\/06\\\/22-min.jpg\",\"contentUrl\":\"https:\\\/\\\/bonfortuno.eu\\\/wp-content\\\/uploads\\\/2018\\\/06\\\/22-min.jpg\",\"width\":800,\"height\":800,\"caption\":\"lilled kulleriga\"},{\"@type\":\"BreadcrumbList\",\"@id\":\"https:\\\/\\\/bonfortuno.eu\\\/toode\\\/punased-tulbid\\\/#breadcrumb\",\"itemListElement\":[{\"@type\":\"ListItem\",\"position\":1,\"name\":\"\u0413\u043b\u0430\u0432\u043d\u0430\u044f \u0441\u0442\u0440\u0430\u043d\u0438\u0446\u0430\",\"item\":\"https:\\\/\\\/bonfortuno.eu\\\/\"},{\"@type\":\"ListItem\",\"position\":2,\"name\":\"\u041c\u0430\u0433\u0430\u0437\u0438\u043d\",\"item\":\"https:\\\/\\\/bonfortuno.eu\\\/\"},{\"@type\":\"ListItem\",\"position\":3,\"name\":\"\u201cPunased tulbid\u201d\"}]},{\"@type\":\"WebSite\",\"@id\":\"https:\\\/\\\/bonfortuno.eu\\\/ru\\\/#website\",\"url\":\"https:\\\/\\\/bonfortuno.eu\\\/ru\\\/\",\"name\":\"Bonfortuno\",\"description\":\"The world of fresh flowers\",\"potentialAction\":[{\"@type\":\"SearchAction\",\"target\":{\"@type\":\"EntryPoint\",\"urlTemplate\":\"https:\\\/\\\/bonfortuno.eu\\\/ru\\\/?s={search_term_string}\"},\"query-input\":{\"@type\":\"PropertyValueSpecification\",\"valueRequired\":true,\"valueName\":\"search_term_string\"}}],\"inLanguage\":\"en-US\"}]}<\/script>\n<!-- \/ Yoast SEO plugin. -->","yoast_head_json":{"title":"[:et]\u201cPunased tulbid\u201d[:ru]\u201c\u041a\u0440\u0430\u0441\u043d\u044b\u0435 \u0442\u044e\u043b\u044c\u043f\u0430\u043d\u044b\u201d[:en]\u201cRed tulips\u201d[:] | Bonfortuno","robots":{"index":"index","follow":"follow","max-snippet":"max-snippet:-1","max-image-preview":"max-image-preview:large","max-video-preview":"max-video-preview:-1"},"canonical":"https:\/\/bonfortuno.eu\/toode\/punased-tulbid\/","og_locale":"en_US","og_type":"article","og_title":"[:et]\u201cPunased tulbid\u201d[:ru]\u201c\u041a\u0440\u0430\u0441\u043d\u044b\u0435 \u0442\u044e\u043b\u044c\u043f\u0430\u043d\u044b\u201d[:en]\u201cRed tulips\u201d[:] | Bonfortuno","og_description":"[:et]Punased tulbid on suurep\u00e4rane v\u00f5imalus v\u00e4ljendada, et olete s\u00fcgavalt armunud. Punane v\u00e4rv viitab kirgale ja romantikale. Tulbid on lill, mis on seotud 11. pulmade aastap\u00e4evaga. Kui tahad r\u00f5hutada, et oled truu, siis on punased tulbid suurep\u00e4rane valik. Hea hind! Ainult 1.50 eur\/tk![:ru]\u041a\u0440\u0430\u0441\u043d\u044b\u0435 \u0442\u044e\u043b\u044c\u043f\u0430\u043d\u044b - \u043f\u0440\u0435\u043a\u0440\u0430\u0441\u043d\u044b\u0439 \u0441\u043f\u043e\u0441\u043e\u0431 \u043f\u043e\u0434\u0447\u0435\u0440\u043a\u043d\u0443\u0442\u044c, \u0447\u0442\u043e \u0432\u044b \u0433\u043b\u0443\u0431\u043e\u043a\u043e \u0432\u043b\u044e\u0431\u043b\u0435\u043d\u044b. \u041a\u0440\u0430\u0441\u043d\u044b\u0439 - \u0446\u0432\u0435\u0442 \u0441\u0442\u0440\u0430\u0441\u0442\u0438 \u0438 \u0440\u043e\u043c\u0430\u043d\u0442\u0438\u043a\u0438. \u041a\u0440\u0430\u0441\u043d\u044b\u0435 \u0442\u044e\u043b\u044c\u043f\u0430\u043d\u044b \u043f\u0440\u0438\u043d\u044f\u0442\u043e \u0434\u0430\u0440\u0438\u0442\u044c \u043d\u0430 11-\u044e \u0433\u043e\u0434\u043e\u0432\u0449\u0438\u043d\u0443 \u0441\u0432\u0430\u0434\u044c\u0431\u044b. \u0423\u0434\u0438\u0432\u0438\u0442\u0435\u043b\u044c\u043d\u0430\u044f \u0446\u0435\u043d\u0430! \u0412\u0441\u0435\u0433\u043e 1.50 \u0435\u0432\u0440\u043e \u0437\u0430 \u0446\u0432\u0435\u0442\u043e\u043a![:en]Red tulips are good choice to express that you are deeply in love. The color red evokes passion and romance. Tulips are the flower associated with the 11th wedding anniversary, as well. If you have a decade plus one year together, or if you just want to let her know you want to be with her that long and more, red tulips are a great choice. Awesome price! Just 1.50 EUR per flower! [:]","og_url":"https:\/\/bonfortuno.eu\/toode\/punased-tulbid\/","og_site_name":"Bonfortuno","article_modified_time":"2025-02-11T20:20:38+00:00","og_image":[{"width":800,"height":800,"url":"https:\/\/bonfortuno.eu\/wp-content\/uploads\/2018\/06\/22-min.jpg","type":"image\/jpeg"}],"twitter_card":"summary_large_image","schema":{"@context":"https:\/\/schema.org","@graph":[{"@type":"WebPage","@id":"https:\/\/bonfortuno.eu\/toode\/punased-tulbid\/","url":"https:\/\/bonfortuno.eu\/toode\/punased-tulbid\/","name":"[:et]\u201cPunased tulbid\u201d[:ru]\u201c\u041a\u0440\u0430\u0441\u043d\u044b\u0435 \u0442\u044e\u043b\u044c\u043f\u0430\u043d\u044b\u201d[:en]\u201cRed tulips\u201d[:] | Bonfortuno","isPartOf":{"@id":"https:\/\/bonfortuno.eu\/ru\/#website"},"primaryImageOfPage":{"@id":"https:\/\/bonfortuno.eu\/toode\/punased-tulbid\/#primaryimage"},"image":{"@id":"https:\/\/bonfortuno.eu\/toode\/punased-tulbid\/#primaryimage"},"thumbnailUrl":"https:\/\/bonfortuno.eu\/wp-content\/uploads\/2018\/06\/22-min.jpg","datePublished":"2018-06-14T20:14:53+00:00","dateModified":"2025-02-11T20:20:38+00:00","breadcrumb":{"@id":"https:\/\/bonfortuno.eu\/toode\/punased-tulbid\/#breadcrumb"},"inLanguage":"en-US","potentialAction":[{"@type":"ReadAction","target":["https:\/\/bonfortuno.eu\/toode\/punased-tulbid\/"]}]},{"@type":"ImageObject","inLanguage":"en-US","@id":"https:\/\/bonfortuno.eu\/toode\/punased-tulbid\/#primaryimage","url":"https:\/\/bonfortuno.eu\/wp-content\/uploads\/2018\/06\/22-min.jpg","contentUrl":"https:\/\/bonfortuno.eu\/wp-content\/uploads\/2018\/06\/22-min.jpg","width":800,"height":800,"caption":"lilled kulleriga"},{"@type":"BreadcrumbList","@id":"https:\/\/bonfortuno.eu\/toode\/punased-tulbid\/#breadcrumb","itemListElement":[{"@type":"ListItem","position":1,"name":"\u0413\u043b\u0430\u0432\u043d\u0430\u044f \u0441\u0442\u0440\u0430\u043d\u0438\u0446\u0430","item":"https:\/\/bonfortuno.eu\/"},{"@type":"ListItem","position":2,"name":"\u041c\u0430\u0433\u0430\u0437\u0438\u043d","item":"https:\/\/bonfortuno.eu\/"},{"@type":"ListItem","position":3,"name":"\u201cPunased tulbid\u201d"}]},{"@type":"WebSite","@id":"https:\/\/bonfortuno.eu\/ru\/#website","url":"https:\/\/bonfortuno.eu\/ru\/","name":"Bonfortuno","description":"The world of fresh flowers","potentialAction":[{"@type":"SearchAction","target":{"@type":"EntryPoint","urlTemplate":"https:\/\/bonfortuno.eu\/ru\/?s={search_term_string}"},"query-input":{"@type":"PropertyValueSpecification","valueRequired":true,"valueName":"search_term_string"}}],"inLanguage":"en-US"}]}},"_links":{"self":[{"href":"https:\/\/bonfortuno.eu\/en\/wp-json\/wp\/v2\/product\/580","targetHints":{"allow":["GET"]}}],"collection":[{"href":"https:\/\/bonfortuno.eu\/en\/wp-json\/wp\/v2\/product"}],"about":[{"href":"https:\/\/bonfortuno.eu\/en\/wp-json\/wp\/v2\/types\/product"}],"wp:featuredmedia":[{"embeddable":true,"href":"https:\/\/bonfortuno.eu\/en\/wp-json\/wp\/v2\/media\/575"}],"wp:attachment":[{"href":"https:\/\/bonfortuno.eu\/en\/wp-json\/wp\/v2\/media?parent=580"}],"wp:term":[{"taxonomy":"product_brand","embeddable":true,"href":"https:\/\/bonfortuno.eu\/en\/wp-json\/wp\/v2\/product_brand?post=580"},{"taxonomy":"product_cat","embeddable":true,"href":"https:\/\/bonfortuno.eu\/en\/wp-json\/wp\/v2\/product_cat?post=580"},{"taxonomy":"product_tag","embeddable":true,"href":"https:\/\/bonfortuno.eu\/en\/wp-json\/wp\/v2\/product_tag?post=580"}],"curies":[{"name":"wp","href":"https:\/\/api.w.org\/{rel}","templated":true}]}}