{"id":648,"date":"2018-06-26T16:44:03","date_gmt":"2018-06-26T13:44:03","guid":{"rendered":"https:\/\/bonfortuno.eu\/?post_type=product&#038;p=648"},"modified":"2025-02-11T22:16:50","modified_gmt":"2025-02-11T20:16:50","slug":"ohupallid-happy-birthday","status":"publish","type":"product","link":"https:\/\/bonfortuno.eu\/en\/toode\/ohupallid-happy-birthday\/","title":{"rendered":"Balloons &#8220;\u0421 \u0434\u043d\u0451\u043c \u0440\u043e\u0436\u0434\u0435\u043d\u0438\u044f!&#8221;"},"content":{"rendered":"","protected":false},"excerpt":{"rendered":"<p style=\"text-align: justify;\"><span style=\"font-weight: 400;\">Our Bright Happy Birthday Balloons will bring a special party mood! Choose blue, yellow, green, pink or \u00a0purple. These latex balloons feature a &#8220;\u0421 \u0434\u043d\u0451\u043c \u0440\u043e\u0436\u0434\u0435\u043d\u0438\u044f&#8221; headline, surrounded by tiny stars and hearts. Perfect for complementing the decor at any birthday celebration, can be mixed in with other balloons! Product details: 12 cm in wide<\/span><\/p>\n","protected":false},"featured_media":630,"template":"","meta":[],"product_brand":[],"product_cat":[31,76],"product_tag":[],"class_list":{"0":"post-648","1":"product","2":"type-product","3":"status-publish","4":"has-post-thumbnail","6":"product_cat-ohupallid","7":"product_cat-koik-tooted","9":"first","10":"instock","11":"featured","12":"shipping-taxable","13":"purchasable","14":"product-type-simple"},"yoast_head":"<!-- This site is optimized with the Yoast SEO plugin v27.3 - https:\/\/yoast.com\/product\/yoast-seo-wordpress\/ -->\n<title>Balloons &quot;\u0421 \u0434\u043d\u0451\u043c \u0440\u043e\u0436\u0434\u0435\u043d\u0438\u044f!&quot; | Bonfortuno<\/title>\n<meta name=\"robots\" content=\"index, follow, max-snippet:-1, max-image-preview:large, max-video-preview:-1\" \/>\n<link rel=\"canonical\" href=\"https:\/\/bonfortuno.eu\/toode\/ohupallid-happy-birthday\/\" \/>\n<meta property=\"og:locale\" content=\"en_US\" \/>\n<meta property=\"og:type\" content=\"article\" \/>\n<meta property=\"og:title\" content=\"[:et]\u00d5hupallid &quot;\u0421 \u0434\u043d\u0451\u043c \u0440\u043e\u0436\u0434\u0435\u043d\u0438\u044f!&quot;[:ru]\u0412\u043e\u0437\u0434\u0443\u0448\u043d\u044b\u0435 \u0448\u0430\u0440\u044b &quot;\u0421 \u0434\u043d\u0451\u043c \u0440\u043e\u0436\u0434\u0435\u043d\u0438\u044f!&quot;[:en] Balloons &quot;\u0421 \u0434\u043d\u0451\u043c \u0440\u043e\u0436\u0434\u0435\u043d\u0438\u044f!&quot;[:] | Bonfortuno\" \/>\n<meta property=\"og:description\" content=\"[:et]Meie Happy Birthday \u00f5hupallid lisavad peole erilist meeleolu! Valige sinine, kollane, roheline, roosa v\u00f5i lilla v\u00e4rv. Lateksist \u00f5hupallid pealkirjaga &quot;\u0421 \u0434\u043d\u0451\u043c \u0440\u043e\u0436\u0434\u0435\u043d\u0438\u044f&quot;, mida \u00fcmbritsevad v\u00e4ikesed t\u00e4hed ja s\u00fcdamed. Sobib peoruumi dekoreerimiseks. Tootekirjeldus: laius 12 cm[:ru]\u041d\u0430\u0448\u0438 \u044f\u0440\u043a\u0438\u0435 \u0432\u043e\u0437\u0434\u0443\u0448\u043d\u044b\u0435 \u0448\u0430\u0440\u044b \u043f\u0440\u0438\u0434\u0430\u0434\u0443\u0442 \u0432\u0435\u0447\u0435\u0440\u0438\u043d\u043a\u0435 \u043e\u0441\u043e\u0431\u043e\u0435 \u043d\u0430\u0441\u0442\u0440\u043e\u0435\u043d\u0438\u0435! \u0412\u044b\u0431\u0435\u0440\u0438\u0442\u0435 \u0441\u0438\u043d\u0438\u0439, \u0436\u0451\u043b\u0442\u044b\u0439, \u0437\u0435\u043b\u0451\u043d\u044b\u0439, \u0440\u043e\u0437\u043e\u0432\u044b\u0439 \u0438\u043b\u0438 \u0444\u0438\u043e\u043b\u0435\u0442\u043e\u0432\u044b\u0439. \u041b\u0430\u0442\u0435\u043a\u0441\u043d\u044b\u0435 \u0448\u0430\u0440\u0438\u043a\u0438 \u0441 \u043d\u0430\u0434\u043f\u0438\u0441\u044c\u044e \u00ab\u0421 \u0434\u043d\u0451\u043c \u0440\u043e\u0436\u0434\u0435\u043d\u0438\u044f!\u00bb, \u043e\u043a\u0440\u0443\u0436\u0451\u043d\u043d\u043e\u0439 \u043a\u0440\u043e\u0448\u0435\u0447\u043d\u044b\u043c\u0438 \u0437\u0432\u0435\u0437\u0434\u0430\u043c\u0438 \u0438 \u0441\u0435\u0440\u0434\u0435\u0447\u043a\u0430\u043c\u0438 - \u0438\u0434\u0435\u0430\u043b\u044c\u043d\u043e \u043f\u043e\u0434\u043e\u0439\u0434\u0443\u0442 \u0432 \u043a\u0430\u0447\u0435\u0441\u0442\u0432\u0435 \u0434\u0435\u043a\u043e\u0440\u0430. \u0418\u043d\u0444\u043e\u0440\u043c\u0430\u0446\u0438\u044f \u043e \u0442\u043e\u0432\u0430\u0440\u0435: \u0448\u0438\u0440\u0438\u043d\u0430 12 \u0441\u043c \u00a0[:en]Our Bright Happy Birthday Balloons will bring a special party mood! Choose blue, yellow, green, pink or \u00a0purple. These latex balloons feature a &quot;\u0421 \u0434\u043d\u0451\u043c \u0440\u043e\u0436\u0434\u0435\u043d\u0438\u044f&quot; headline, surrounded by tiny stars and hearts. Perfect for complementing the decor at any birthday celebration, can be mixed in with other balloons! Product details: 12 cm in wide[:]\" \/>\n<meta property=\"og:url\" content=\"https:\/\/bonfortuno.eu\/toode\/ohupallid-happy-birthday\/\" \/>\n<meta property=\"og:site_name\" content=\"Bonfortuno\" \/>\n<meta property=\"article:modified_time\" content=\"2025-02-11T20:16:50+00:00\" \/>\n<meta property=\"og:image\" content=\"https:\/\/bonfortuno.eu\/wp-content\/uploads\/2018\/06\/37.jpg\" \/>\n\t<meta property=\"og:image:width\" content=\"300\" \/>\n\t<meta property=\"og:image:height\" content=\"300\" \/>\n\t<meta property=\"og:image:type\" content=\"image\/jpeg\" \/>\n<meta name=\"twitter:card\" content=\"summary_large_image\" \/>\n<script type=\"application\/ld+json\" class=\"yoast-schema-graph\">{\"@context\":\"https:\\\/\\\/schema.org\",\"@graph\":[{\"@type\":\"WebPage\",\"@id\":\"https:\\\/\\\/bonfortuno.eu\\\/toode\\\/ohupallid-happy-birthday\\\/\",\"url\":\"https:\\\/\\\/bonfortuno.eu\\\/toode\\\/ohupallid-happy-birthday\\\/\",\"name\":\"[:et]\u00d5hupallid \\\"\u0421 \u0434\u043d\u0451\u043c \u0440\u043e\u0436\u0434\u0435\u043d\u0438\u044f!\\\"[:ru]\u0412\u043e\u0437\u0434\u0443\u0448\u043d\u044b\u0435 \u0448\u0430\u0440\u044b \\\"\u0421 \u0434\u043d\u0451\u043c \u0440\u043e\u0436\u0434\u0435\u043d\u0438\u044f!\\\"[:en] Balloons \\\"\u0421 \u0434\u043d\u0451\u043c \u0440\u043e\u0436\u0434\u0435\u043d\u0438\u044f!\\\"[:] | Bonfortuno\",\"isPartOf\":{\"@id\":\"https:\\\/\\\/bonfortuno.eu\\\/ru\\\/#website\"},\"primaryImageOfPage\":{\"@id\":\"https:\\\/\\\/bonfortuno.eu\\\/toode\\\/ohupallid-happy-birthday\\\/#primaryimage\"},\"image\":{\"@id\":\"https:\\\/\\\/bonfortuno.eu\\\/toode\\\/ohupallid-happy-birthday\\\/#primaryimage\"},\"thumbnailUrl\":\"https:\\\/\\\/bonfortuno.eu\\\/wp-content\\\/uploads\\\/2018\\\/06\\\/37.jpg\",\"datePublished\":\"2018-06-26T13:44:03+00:00\",\"dateModified\":\"2025-02-11T20:16:50+00:00\",\"breadcrumb\":{\"@id\":\"https:\\\/\\\/bonfortuno.eu\\\/toode\\\/ohupallid-happy-birthday\\\/#breadcrumb\"},\"inLanguage\":\"en-US\",\"potentialAction\":[{\"@type\":\"ReadAction\",\"target\":[\"https:\\\/\\\/bonfortuno.eu\\\/toode\\\/ohupallid-happy-birthday\\\/\"]}]},{\"@type\":\"ImageObject\",\"inLanguage\":\"en-US\",\"@id\":\"https:\\\/\\\/bonfortuno.eu\\\/toode\\\/ohupallid-happy-birthday\\\/#primaryimage\",\"url\":\"https:\\\/\\\/bonfortuno.eu\\\/wp-content\\\/uploads\\\/2018\\\/06\\\/37.jpg\",\"contentUrl\":\"https:\\\/\\\/bonfortuno.eu\\\/wp-content\\\/uploads\\\/2018\\\/06\\\/37.jpg\",\"width\":300,\"height\":300,\"caption\":\"Heeliumi \u00f5hupallid\"},{\"@type\":\"BreadcrumbList\",\"@id\":\"https:\\\/\\\/bonfortuno.eu\\\/toode\\\/ohupallid-happy-birthday\\\/#breadcrumb\",\"itemListElement\":[{\"@type\":\"ListItem\",\"position\":1,\"name\":\"\u0413\u043b\u0430\u0432\u043d\u0430\u044f \u0441\u0442\u0440\u0430\u043d\u0438\u0446\u0430\",\"item\":\"https:\\\/\\\/bonfortuno.eu\\\/\"},{\"@type\":\"ListItem\",\"position\":2,\"name\":\"\u041c\u0430\u0433\u0430\u0437\u0438\u043d\",\"item\":\"https:\\\/\\\/bonfortuno.eu\\\/\"},{\"@type\":\"ListItem\",\"position\":3,\"name\":\"\u00d5hupallid &#8220;\u0421 \u0434\u043d\u0451\u043c \u0440\u043e\u0436\u0434\u0435\u043d\u0438\u044f!&#8221;\"}]},{\"@type\":\"WebSite\",\"@id\":\"https:\\\/\\\/bonfortuno.eu\\\/ru\\\/#website\",\"url\":\"https:\\\/\\\/bonfortuno.eu\\\/ru\\\/\",\"name\":\"Bonfortuno\",\"description\":\"The world of fresh flowers\",\"potentialAction\":[{\"@type\":\"SearchAction\",\"target\":{\"@type\":\"EntryPoint\",\"urlTemplate\":\"https:\\\/\\\/bonfortuno.eu\\\/ru\\\/?s={search_term_string}\"},\"query-input\":{\"@type\":\"PropertyValueSpecification\",\"valueRequired\":true,\"valueName\":\"search_term_string\"}}],\"inLanguage\":\"en-US\"}]}<\/script>\n<!-- \/ Yoast SEO plugin. -->","yoast_head_json":{"title":"[:et]\u00d5hupallid \"\u0421 \u0434\u043d\u0451\u043c \u0440\u043e\u0436\u0434\u0435\u043d\u0438\u044f!\"[:ru]\u0412\u043e\u0437\u0434\u0443\u0448\u043d\u044b\u0435 \u0448\u0430\u0440\u044b \"\u0421 \u0434\u043d\u0451\u043c \u0440\u043e\u0436\u0434\u0435\u043d\u0438\u044f!\"[:en] Balloons \"\u0421 \u0434\u043d\u0451\u043c \u0440\u043e\u0436\u0434\u0435\u043d\u0438\u044f!\"[:] | Bonfortuno","robots":{"index":"index","follow":"follow","max-snippet":"max-snippet:-1","max-image-preview":"max-image-preview:large","max-video-preview":"max-video-preview:-1"},"canonical":"https:\/\/bonfortuno.eu\/toode\/ohupallid-happy-birthday\/","og_locale":"en_US","og_type":"article","og_title":"[:et]\u00d5hupallid \"\u0421 \u0434\u043d\u0451\u043c \u0440\u043e\u0436\u0434\u0435\u043d\u0438\u044f!\"[:ru]\u0412\u043e\u0437\u0434\u0443\u0448\u043d\u044b\u0435 \u0448\u0430\u0440\u044b \"\u0421 \u0434\u043d\u0451\u043c \u0440\u043e\u0436\u0434\u0435\u043d\u0438\u044f!\"[:en] Balloons \"\u0421 \u0434\u043d\u0451\u043c \u0440\u043e\u0436\u0434\u0435\u043d\u0438\u044f!\"[:] | Bonfortuno","og_description":"[:et]Meie Happy Birthday \u00f5hupallid lisavad peole erilist meeleolu! Valige sinine, kollane, roheline, roosa v\u00f5i lilla v\u00e4rv. Lateksist \u00f5hupallid pealkirjaga \"\u0421 \u0434\u043d\u0451\u043c \u0440\u043e\u0436\u0434\u0435\u043d\u0438\u044f\", mida \u00fcmbritsevad v\u00e4ikesed t\u00e4hed ja s\u00fcdamed. Sobib peoruumi dekoreerimiseks. Tootekirjeldus: laius 12 cm[:ru]\u041d\u0430\u0448\u0438 \u044f\u0440\u043a\u0438\u0435 \u0432\u043e\u0437\u0434\u0443\u0448\u043d\u044b\u0435 \u0448\u0430\u0440\u044b \u043f\u0440\u0438\u0434\u0430\u0434\u0443\u0442 \u0432\u0435\u0447\u0435\u0440\u0438\u043d\u043a\u0435 \u043e\u0441\u043e\u0431\u043e\u0435 \u043d\u0430\u0441\u0442\u0440\u043e\u0435\u043d\u0438\u0435! \u0412\u044b\u0431\u0435\u0440\u0438\u0442\u0435 \u0441\u0438\u043d\u0438\u0439, \u0436\u0451\u043b\u0442\u044b\u0439, \u0437\u0435\u043b\u0451\u043d\u044b\u0439, \u0440\u043e\u0437\u043e\u0432\u044b\u0439 \u0438\u043b\u0438 \u0444\u0438\u043e\u043b\u0435\u0442\u043e\u0432\u044b\u0439. \u041b\u0430\u0442\u0435\u043a\u0441\u043d\u044b\u0435 \u0448\u0430\u0440\u0438\u043a\u0438 \u0441 \u043d\u0430\u0434\u043f\u0438\u0441\u044c\u044e \u00ab\u0421 \u0434\u043d\u0451\u043c \u0440\u043e\u0436\u0434\u0435\u043d\u0438\u044f!\u00bb, \u043e\u043a\u0440\u0443\u0436\u0451\u043d\u043d\u043e\u0439 \u043a\u0440\u043e\u0448\u0435\u0447\u043d\u044b\u043c\u0438 \u0437\u0432\u0435\u0437\u0434\u0430\u043c\u0438 \u0438 \u0441\u0435\u0440\u0434\u0435\u0447\u043a\u0430\u043c\u0438 - \u0438\u0434\u0435\u0430\u043b\u044c\u043d\u043e \u043f\u043e\u0434\u043e\u0439\u0434\u0443\u0442 \u0432 \u043a\u0430\u0447\u0435\u0441\u0442\u0432\u0435 \u0434\u0435\u043a\u043e\u0440\u0430. \u0418\u043d\u0444\u043e\u0440\u043c\u0430\u0446\u0438\u044f \u043e \u0442\u043e\u0432\u0430\u0440\u0435: \u0448\u0438\u0440\u0438\u043d\u0430 12 \u0441\u043c \u00a0[:en]Our Bright Happy Birthday Balloons will bring a special party mood! Choose blue, yellow, green, pink or \u00a0purple. These latex balloons feature a \"\u0421 \u0434\u043d\u0451\u043c \u0440\u043e\u0436\u0434\u0435\u043d\u0438\u044f\" headline, surrounded by tiny stars and hearts. Perfect for complementing the decor at any birthday celebration, can be mixed in with other balloons! Product details: 12 cm in wide[:]","og_url":"https:\/\/bonfortuno.eu\/toode\/ohupallid-happy-birthday\/","og_site_name":"Bonfortuno","article_modified_time":"2025-02-11T20:16:50+00:00","og_image":[{"width":300,"height":300,"url":"https:\/\/bonfortuno.eu\/wp-content\/uploads\/2018\/06\/37.jpg","type":"image\/jpeg"}],"twitter_card":"summary_large_image","schema":{"@context":"https:\/\/schema.org","@graph":[{"@type":"WebPage","@id":"https:\/\/bonfortuno.eu\/toode\/ohupallid-happy-birthday\/","url":"https:\/\/bonfortuno.eu\/toode\/ohupallid-happy-birthday\/","name":"[:et]\u00d5hupallid \"\u0421 \u0434\u043d\u0451\u043c \u0440\u043e\u0436\u0434\u0435\u043d\u0438\u044f!\"[:ru]\u0412\u043e\u0437\u0434\u0443\u0448\u043d\u044b\u0435 \u0448\u0430\u0440\u044b \"\u0421 \u0434\u043d\u0451\u043c \u0440\u043e\u0436\u0434\u0435\u043d\u0438\u044f!\"[:en] Balloons \"\u0421 \u0434\u043d\u0451\u043c \u0440\u043e\u0436\u0434\u0435\u043d\u0438\u044f!\"[:] | Bonfortuno","isPartOf":{"@id":"https:\/\/bonfortuno.eu\/ru\/#website"},"primaryImageOfPage":{"@id":"https:\/\/bonfortuno.eu\/toode\/ohupallid-happy-birthday\/#primaryimage"},"image":{"@id":"https:\/\/bonfortuno.eu\/toode\/ohupallid-happy-birthday\/#primaryimage"},"thumbnailUrl":"https:\/\/bonfortuno.eu\/wp-content\/uploads\/2018\/06\/37.jpg","datePublished":"2018-06-26T13:44:03+00:00","dateModified":"2025-02-11T20:16:50+00:00","breadcrumb":{"@id":"https:\/\/bonfortuno.eu\/toode\/ohupallid-happy-birthday\/#breadcrumb"},"inLanguage":"en-US","potentialAction":[{"@type":"ReadAction","target":["https:\/\/bonfortuno.eu\/toode\/ohupallid-happy-birthday\/"]}]},{"@type":"ImageObject","inLanguage":"en-US","@id":"https:\/\/bonfortuno.eu\/toode\/ohupallid-happy-birthday\/#primaryimage","url":"https:\/\/bonfortuno.eu\/wp-content\/uploads\/2018\/06\/37.jpg","contentUrl":"https:\/\/bonfortuno.eu\/wp-content\/uploads\/2018\/06\/37.jpg","width":300,"height":300,"caption":"Heeliumi \u00f5hupallid"},{"@type":"BreadcrumbList","@id":"https:\/\/bonfortuno.eu\/toode\/ohupallid-happy-birthday\/#breadcrumb","itemListElement":[{"@type":"ListItem","position":1,"name":"\u0413\u043b\u0430\u0432\u043d\u0430\u044f \u0441\u0442\u0440\u0430\u043d\u0438\u0446\u0430","item":"https:\/\/bonfortuno.eu\/"},{"@type":"ListItem","position":2,"name":"\u041c\u0430\u0433\u0430\u0437\u0438\u043d","item":"https:\/\/bonfortuno.eu\/"},{"@type":"ListItem","position":3,"name":"\u00d5hupallid &#8220;\u0421 \u0434\u043d\u0451\u043c \u0440\u043e\u0436\u0434\u0435\u043d\u0438\u044f!&#8221;"}]},{"@type":"WebSite","@id":"https:\/\/bonfortuno.eu\/ru\/#website","url":"https:\/\/bonfortuno.eu\/ru\/","name":"Bonfortuno","description":"The world of fresh flowers","potentialAction":[{"@type":"SearchAction","target":{"@type":"EntryPoint","urlTemplate":"https:\/\/bonfortuno.eu\/ru\/?s={search_term_string}"},"query-input":{"@type":"PropertyValueSpecification","valueRequired":true,"valueName":"search_term_string"}}],"inLanguage":"en-US"}]}},"_links":{"self":[{"href":"https:\/\/bonfortuno.eu\/en\/wp-json\/wp\/v2\/product\/648","targetHints":{"allow":["GET"]}}],"collection":[{"href":"https:\/\/bonfortuno.eu\/en\/wp-json\/wp\/v2\/product"}],"about":[{"href":"https:\/\/bonfortuno.eu\/en\/wp-json\/wp\/v2\/types\/product"}],"wp:featuredmedia":[{"embeddable":true,"href":"https:\/\/bonfortuno.eu\/en\/wp-json\/wp\/v2\/media\/630"}],"wp:attachment":[{"href":"https:\/\/bonfortuno.eu\/en\/wp-json\/wp\/v2\/media?parent=648"}],"wp:term":[{"taxonomy":"product_brand","embeddable":true,"href":"https:\/\/bonfortuno.eu\/en\/wp-json\/wp\/v2\/product_brand?post=648"},{"taxonomy":"product_cat","embeddable":true,"href":"https:\/\/bonfortuno.eu\/en\/wp-json\/wp\/v2\/product_cat?post=648"},{"taxonomy":"product_tag","embeddable":true,"href":"https:\/\/bonfortuno.eu\/en\/wp-json\/wp\/v2\/product_tag?post=648"}],"curies":[{"name":"wp","href":"https:\/\/api.w.org\/{rel}","templated":true}]}}