{"id":739,"date":"2018-07-05T23:37:03","date_gmt":"2018-07-05T20:37:03","guid":{"rendered":"https:\/\/bonfortuno.eu\/?post_type=product&#038;p=739"},"modified":"2018-07-11T14:22:14","modified_gmt":"2018-07-11T11:22:14","slug":"19-roosat-roosi","status":"publish","type":"product","link":"https:\/\/bonfortuno.eu\/en\/toode\/19-roosat-roosi\/","title":{"rendered":"\u201c19 Pink Roses\u201d"},"content":{"rendered":"","protected":false},"excerpt":{"rendered":"<p style=\"text-align: justify;\">Bouquet of 19 roses! A classic symbol of grace and elegance, the pink rose is often given as a token of admiration and appreciation. Whether they&#8217;re for your best friend or fianc\u00e9e a pink rose bouquet will create a bright spot in a special someone&#8217;s day.<\/p>\n","protected":false},"featured_media":670,"template":"","meta":[],"product_brand":[],"product_cat":[76,30,32],"product_tag":[79,39],"class_list":{"0":"post-739","1":"product","2":"type-product","3":"status-publish","4":"has-post-thumbnail","6":"product_cat-koik-tooted","7":"product_cat-lillekimbud","8":"product_cat-roosid","9":"product_tag-keskmine","10":"product_tag-roosid","12":"first","13":"instock","14":"featured","15":"shipping-taxable","16":"purchasable","17":"product-type-simple"},"yoast_head":"<!-- This site is optimized with the Yoast SEO plugin v27.3 - https:\/\/yoast.com\/product\/yoast-seo-wordpress\/ -->\n<title>\u201c19 Pink Roses\u201d  | Bonfortuno<\/title>\n<meta name=\"robots\" content=\"index, follow, max-snippet:-1, max-image-preview:large, max-video-preview:-1\" \/>\n<link rel=\"canonical\" href=\"https:\/\/bonfortuno.eu\/toode\/19-roosat-roosi\/\" \/>\n<meta property=\"og:locale\" content=\"en_US\" \/>\n<meta property=\"og:type\" content=\"article\" \/>\n<meta property=\"og:title\" content=\"[:et]&quot;19 Roosat roosi&quot; [:ru]\u201c19 \u041c\u0430\u043b\u0438\u043d\u043e\u0432\u044b\u0445 \u0440\u043e\u0437\u201d [:en]\u201c19 Pink Roses\u201d [:] | Bonfortuno\" \/>\n<meta property=\"og:description\" content=\"[:et]Kuninglik 19 roosi kimp! Roosid on klassikaline ja ajatu kingitus, mis sobib igat t\u00fc\u00fcpi s\u00fcndmusele. Roosa roos on imetluse ja tunnustuse m\u00e4rgiks. Sobib nii parimale s\u00f5brale kui ka kihlveo puhul.[:ru]\u041a\u043e\u0440\u043e\u043b\u0435\u0432\u0441\u043a\u0438\u0439 \u0431\u0443\u043a\u0435\u0442 \u0438\u0437 19 \u0440\u043e\u0437\u044b! \u041a\u0430\u043a \u0441\u0438\u043c\u0432\u043e\u043b \u0438\u0437\u044f\u0449\u0435\u0441\u0442\u0432\u0430 \u0438 \u044d\u043b\u0435\u0433\u0430\u043d\u0442\u043d\u043e\u0441\u0442\u0438, \u0440\u043e\u0437\u043e\u0432\u044b\u0435 \u0440\u043e\u0437\u044b \u0447\u0430\u0441\u0442\u043e \u0434\u0430\u0440\u044f\u0442 \u0432 \u0437\u043d\u0430\u043a \u0432\u043e\u0441\u0445\u0438\u0449\u0435\u043d\u0438\u044f \u0438 \u0431\u043b\u0430\u0433\u043e\u0434\u0430\u0440\u043d\u043e\u0441\u0442\u0438. \u0411\u0443\u0434\u044c \u0442\u043e \u0434\u043b\u044f \u0432\u0430\u0448\u0435\u0433\u043e \u043b\u0443\u0447\u0448\u0435\u0433\u043e \u0434\u0440\u0443\u0433\u0430 \u0438\u043b\u0438 \u043d\u0435\u0432\u0435\u0441\u0442\u044b, \u0431\u0443\u043a\u0435\u0442 \u0438\u0437 \u0440\u043e\u0437\u043e\u0432\u044b\u0445 \u0440\u043e\u0437 \u0441\u043e\u0437\u0434\u0430\u0441\u0442 \u044f\u0440\u043a\u043e\u0435 \u0432\u043f\u0435\u0447\u0430\u0442\u043b\u0435\u043d\u0438\u0435.[:en]Bouquet of 19 roses! A classic symbol of grace and elegance, the pink rose is often given as a token of admiration and appreciation. Whether they&#039;re for your best friend or fianc\u00e9e a pink rose bouquet will create a bright spot in a special someone&#039;s day.[:]\" \/>\n<meta property=\"og:url\" content=\"https:\/\/bonfortuno.eu\/toode\/19-roosat-roosi\/\" \/>\n<meta property=\"og:site_name\" content=\"Bonfortuno\" \/>\n<meta property=\"article:modified_time\" content=\"2018-07-11T11:22:14+00:00\" \/>\n<meta property=\"og:image\" content=\"https:\/\/bonfortuno.eu\/wp-content\/uploads\/2018\/07\/53.jpg\" \/>\n\t<meta property=\"og:image:width\" content=\"700\" \/>\n\t<meta property=\"og:image:height\" content=\"417\" \/>\n\t<meta property=\"og:image:type\" content=\"image\/jpeg\" \/>\n<meta name=\"twitter:card\" content=\"summary_large_image\" \/>\n<script type=\"application\/ld+json\" class=\"yoast-schema-graph\">{\"@context\":\"https:\\\/\\\/schema.org\",\"@graph\":[{\"@type\":\"WebPage\",\"@id\":\"https:\\\/\\\/bonfortuno.eu\\\/toode\\\/19-roosat-roosi\\\/\",\"url\":\"https:\\\/\\\/bonfortuno.eu\\\/toode\\\/19-roosat-roosi\\\/\",\"name\":\"[:et]\\\"19 Roosat roosi\\\" [:ru]\u201c19 \u041c\u0430\u043b\u0438\u043d\u043e\u0432\u044b\u0445 \u0440\u043e\u0437\u201d [:en]\u201c19 Pink Roses\u201d [:] | Bonfortuno\",\"isPartOf\":{\"@id\":\"https:\\\/\\\/bonfortuno.eu\\\/ru\\\/#website\"},\"primaryImageOfPage\":{\"@id\":\"https:\\\/\\\/bonfortuno.eu\\\/toode\\\/19-roosat-roosi\\\/#primaryimage\"},\"image\":{\"@id\":\"https:\\\/\\\/bonfortuno.eu\\\/toode\\\/19-roosat-roosi\\\/#primaryimage\"},\"thumbnailUrl\":\"https:\\\/\\\/bonfortuno.eu\\\/wp-content\\\/uploads\\\/2018\\\/07\\\/53.jpg\",\"datePublished\":\"2018-07-05T20:37:03+00:00\",\"dateModified\":\"2018-07-11T11:22:14+00:00\",\"breadcrumb\":{\"@id\":\"https:\\\/\\\/bonfortuno.eu\\\/toode\\\/19-roosat-roosi\\\/#breadcrumb\"},\"inLanguage\":\"en-US\",\"potentialAction\":[{\"@type\":\"ReadAction\",\"target\":[\"https:\\\/\\\/bonfortuno.eu\\\/toode\\\/19-roosat-roosi\\\/\"]}]},{\"@type\":\"ImageObject\",\"inLanguage\":\"en-US\",\"@id\":\"https:\\\/\\\/bonfortuno.eu\\\/toode\\\/19-roosat-roosi\\\/#primaryimage\",\"url\":\"https:\\\/\\\/bonfortuno.eu\\\/wp-content\\\/uploads\\\/2018\\\/07\\\/53.jpg\",\"contentUrl\":\"https:\\\/\\\/bonfortuno.eu\\\/wp-content\\\/uploads\\\/2018\\\/07\\\/53.jpg\",\"width\":700,\"height\":417,\"caption\":\"lilled tallinn\"},{\"@type\":\"BreadcrumbList\",\"@id\":\"https:\\\/\\\/bonfortuno.eu\\\/toode\\\/19-roosat-roosi\\\/#breadcrumb\",\"itemListElement\":[{\"@type\":\"ListItem\",\"position\":1,\"name\":\"\u0413\u043b\u0430\u0432\u043d\u0430\u044f \u0441\u0442\u0440\u0430\u043d\u0438\u0446\u0430\",\"item\":\"https:\\\/\\\/bonfortuno.eu\\\/\"},{\"@type\":\"ListItem\",\"position\":2,\"name\":\"\u041c\u0430\u0433\u0430\u0437\u0438\u043d\",\"item\":\"https:\\\/\\\/bonfortuno.eu\\\/\"},{\"@type\":\"ListItem\",\"position\":3,\"name\":\"&#8220;19 Roosat roosi&#8221;\"}]},{\"@type\":\"WebSite\",\"@id\":\"https:\\\/\\\/bonfortuno.eu\\\/ru\\\/#website\",\"url\":\"https:\\\/\\\/bonfortuno.eu\\\/ru\\\/\",\"name\":\"Bonfortuno\",\"description\":\"The world of fresh flowers\",\"potentialAction\":[{\"@type\":\"SearchAction\",\"target\":{\"@type\":\"EntryPoint\",\"urlTemplate\":\"https:\\\/\\\/bonfortuno.eu\\\/ru\\\/?s={search_term_string}\"},\"query-input\":{\"@type\":\"PropertyValueSpecification\",\"valueRequired\":true,\"valueName\":\"search_term_string\"}}],\"inLanguage\":\"en-US\"}]}<\/script>\n<!-- \/ Yoast SEO plugin. -->","yoast_head_json":{"title":"[:et]\"19 Roosat roosi\" [:ru]\u201c19 \u041c\u0430\u043b\u0438\u043d\u043e\u0432\u044b\u0445 \u0440\u043e\u0437\u201d [:en]\u201c19 Pink Roses\u201d [:] | Bonfortuno","robots":{"index":"index","follow":"follow","max-snippet":"max-snippet:-1","max-image-preview":"max-image-preview:large","max-video-preview":"max-video-preview:-1"},"canonical":"https:\/\/bonfortuno.eu\/toode\/19-roosat-roosi\/","og_locale":"en_US","og_type":"article","og_title":"[:et]\"19 Roosat roosi\" [:ru]\u201c19 \u041c\u0430\u043b\u0438\u043d\u043e\u0432\u044b\u0445 \u0440\u043e\u0437\u201d [:en]\u201c19 Pink Roses\u201d [:] | Bonfortuno","og_description":"[:et]Kuninglik 19 roosi kimp! Roosid on klassikaline ja ajatu kingitus, mis sobib igat t\u00fc\u00fcpi s\u00fcndmusele. Roosa roos on imetluse ja tunnustuse m\u00e4rgiks. Sobib nii parimale s\u00f5brale kui ka kihlveo puhul.[:ru]\u041a\u043e\u0440\u043e\u043b\u0435\u0432\u0441\u043a\u0438\u0439 \u0431\u0443\u043a\u0435\u0442 \u0438\u0437 19 \u0440\u043e\u0437\u044b! \u041a\u0430\u043a \u0441\u0438\u043c\u0432\u043e\u043b \u0438\u0437\u044f\u0449\u0435\u0441\u0442\u0432\u0430 \u0438 \u044d\u043b\u0435\u0433\u0430\u043d\u0442\u043d\u043e\u0441\u0442\u0438, \u0440\u043e\u0437\u043e\u0432\u044b\u0435 \u0440\u043e\u0437\u044b \u0447\u0430\u0441\u0442\u043e \u0434\u0430\u0440\u044f\u0442 \u0432 \u0437\u043d\u0430\u043a \u0432\u043e\u0441\u0445\u0438\u0449\u0435\u043d\u0438\u044f \u0438 \u0431\u043b\u0430\u0433\u043e\u0434\u0430\u0440\u043d\u043e\u0441\u0442\u0438. \u0411\u0443\u0434\u044c \u0442\u043e \u0434\u043b\u044f \u0432\u0430\u0448\u0435\u0433\u043e \u043b\u0443\u0447\u0448\u0435\u0433\u043e \u0434\u0440\u0443\u0433\u0430 \u0438\u043b\u0438 \u043d\u0435\u0432\u0435\u0441\u0442\u044b, \u0431\u0443\u043a\u0435\u0442 \u0438\u0437 \u0440\u043e\u0437\u043e\u0432\u044b\u0445 \u0440\u043e\u0437 \u0441\u043e\u0437\u0434\u0430\u0441\u0442 \u044f\u0440\u043a\u043e\u0435 \u0432\u043f\u0435\u0447\u0430\u0442\u043b\u0435\u043d\u0438\u0435.[:en]Bouquet of 19 roses! A classic symbol of grace and elegance, the pink rose is often given as a token of admiration and appreciation. Whether they're for your best friend or fianc\u00e9e a pink rose bouquet will create a bright spot in a special someone's day.[:]","og_url":"https:\/\/bonfortuno.eu\/toode\/19-roosat-roosi\/","og_site_name":"Bonfortuno","article_modified_time":"2018-07-11T11:22:14+00:00","og_image":[{"width":700,"height":417,"url":"https:\/\/bonfortuno.eu\/wp-content\/uploads\/2018\/07\/53.jpg","type":"image\/jpeg"}],"twitter_card":"summary_large_image","schema":{"@context":"https:\/\/schema.org","@graph":[{"@type":"WebPage","@id":"https:\/\/bonfortuno.eu\/toode\/19-roosat-roosi\/","url":"https:\/\/bonfortuno.eu\/toode\/19-roosat-roosi\/","name":"[:et]\"19 Roosat roosi\" [:ru]\u201c19 \u041c\u0430\u043b\u0438\u043d\u043e\u0432\u044b\u0445 \u0440\u043e\u0437\u201d [:en]\u201c19 Pink Roses\u201d [:] | Bonfortuno","isPartOf":{"@id":"https:\/\/bonfortuno.eu\/ru\/#website"},"primaryImageOfPage":{"@id":"https:\/\/bonfortuno.eu\/toode\/19-roosat-roosi\/#primaryimage"},"image":{"@id":"https:\/\/bonfortuno.eu\/toode\/19-roosat-roosi\/#primaryimage"},"thumbnailUrl":"https:\/\/bonfortuno.eu\/wp-content\/uploads\/2018\/07\/53.jpg","datePublished":"2018-07-05T20:37:03+00:00","dateModified":"2018-07-11T11:22:14+00:00","breadcrumb":{"@id":"https:\/\/bonfortuno.eu\/toode\/19-roosat-roosi\/#breadcrumb"},"inLanguage":"en-US","potentialAction":[{"@type":"ReadAction","target":["https:\/\/bonfortuno.eu\/toode\/19-roosat-roosi\/"]}]},{"@type":"ImageObject","inLanguage":"en-US","@id":"https:\/\/bonfortuno.eu\/toode\/19-roosat-roosi\/#primaryimage","url":"https:\/\/bonfortuno.eu\/wp-content\/uploads\/2018\/07\/53.jpg","contentUrl":"https:\/\/bonfortuno.eu\/wp-content\/uploads\/2018\/07\/53.jpg","width":700,"height":417,"caption":"lilled tallinn"},{"@type":"BreadcrumbList","@id":"https:\/\/bonfortuno.eu\/toode\/19-roosat-roosi\/#breadcrumb","itemListElement":[{"@type":"ListItem","position":1,"name":"\u0413\u043b\u0430\u0432\u043d\u0430\u044f \u0441\u0442\u0440\u0430\u043d\u0438\u0446\u0430","item":"https:\/\/bonfortuno.eu\/"},{"@type":"ListItem","position":2,"name":"\u041c\u0430\u0433\u0430\u0437\u0438\u043d","item":"https:\/\/bonfortuno.eu\/"},{"@type":"ListItem","position":3,"name":"&#8220;19 Roosat roosi&#8221;"}]},{"@type":"WebSite","@id":"https:\/\/bonfortuno.eu\/ru\/#website","url":"https:\/\/bonfortuno.eu\/ru\/","name":"Bonfortuno","description":"The world of fresh flowers","potentialAction":[{"@type":"SearchAction","target":{"@type":"EntryPoint","urlTemplate":"https:\/\/bonfortuno.eu\/ru\/?s={search_term_string}"},"query-input":{"@type":"PropertyValueSpecification","valueRequired":true,"valueName":"search_term_string"}}],"inLanguage":"en-US"}]}},"_links":{"self":[{"href":"https:\/\/bonfortuno.eu\/en\/wp-json\/wp\/v2\/product\/739","targetHints":{"allow":["GET"]}}],"collection":[{"href":"https:\/\/bonfortuno.eu\/en\/wp-json\/wp\/v2\/product"}],"about":[{"href":"https:\/\/bonfortuno.eu\/en\/wp-json\/wp\/v2\/types\/product"}],"wp:featuredmedia":[{"embeddable":true,"href":"https:\/\/bonfortuno.eu\/en\/wp-json\/wp\/v2\/media\/670"}],"wp:attachment":[{"href":"https:\/\/bonfortuno.eu\/en\/wp-json\/wp\/v2\/media?parent=739"}],"wp:term":[{"taxonomy":"product_brand","embeddable":true,"href":"https:\/\/bonfortuno.eu\/en\/wp-json\/wp\/v2\/product_brand?post=739"},{"taxonomy":"product_cat","embeddable":true,"href":"https:\/\/bonfortuno.eu\/en\/wp-json\/wp\/v2\/product_cat?post=739"},{"taxonomy":"product_tag","embeddable":true,"href":"https:\/\/bonfortuno.eu\/en\/wp-json\/wp\/v2\/product_tag?post=739"}],"curies":[{"name":"wp","href":"https:\/\/api.w.org\/{rel}","templated":true}]}}