{"id":743,"date":"2018-07-05T23:42:25","date_gmt":"2018-07-05T20:42:25","guid":{"rendered":"https:\/\/bonfortuno.eu\/?post_type=product&#038;p=743"},"modified":"2025-02-11T22:24:19","modified_gmt":"2025-02-11T20:24:19","slug":"ohupallid-disney","status":"publish","type":"product","link":"https:\/\/bonfortuno.eu\/en\/toode\/ohupallid-disney\/","title":{"rendered":"\u201cDisney balloons\u201d"},"content":{"rendered":"","protected":false},"excerpt":{"rendered":"<p style=\"text-align: justify;\">Our Disney Balloons will bring a special party mood! Choose blue, yellow, green, pink or purple. Order a festive balloon to add an extra touch of merriment to make the gift and the day perfect! Good prices! Product details: 12 cm in wide<\/p>\n","protected":false},"featured_media":672,"template":"","meta":[],"product_brand":[],"product_cat":[31,76],"product_tag":[],"class_list":{"0":"post-743","1":"product","2":"type-product","3":"status-publish","4":"has-post-thumbnail","6":"product_cat-ohupallid","7":"product_cat-koik-tooted","9":"first","10":"instock","11":"featured","12":"shipping-taxable","13":"purchasable","14":"product-type-simple"},"yoast_head":"<!-- This site is optimized with the Yoast SEO plugin v27.3 - https:\/\/yoast.com\/product\/yoast-seo-wordpress\/ -->\n<title>\u201cDisney balloons\u201d  | Bonfortuno<\/title>\n<meta name=\"robots\" content=\"index, follow, max-snippet:-1, max-image-preview:large, max-video-preview:-1\" \/>\n<link rel=\"canonical\" href=\"https:\/\/bonfortuno.eu\/toode\/ohupallid-disney\/\" \/>\n<meta property=\"og:locale\" content=\"en_US\" \/>\n<meta property=\"og:type\" content=\"article\" \/>\n<meta property=\"og:title\" content=\"[:et]&quot;\u00d5hupallid Disney&quot;[:ru]\u201c\u0428\u0430\u0440\u0438\u043a\u0438 Disney\u201d[:en]\u201cDisney balloons\u201d [:] | Bonfortuno\" \/>\n<meta property=\"og:description\" content=\"[:et]Telli pidulik \u00f5hupall, et lisada kingitusele veidi r\u00f5\u00f5mu. Meie Disney \u00f5hupallid lisavad peole erilist meeleolu! Valige sinine, kollane, roheline, roosa v\u00f5i lilla v\u00e4rv. Head hinnad ja suur valik! Tootekirjeldus: laius 12 cm[:ru]\u0417\u0430\u043a\u0430\u0436\u0438 \u043f\u0440\u0430\u0437\u0434\u043d\u0438\u0447\u043d\u044b\u0439 \u0448\u0430\u0440, \u0447\u0442\u043e\u0431\u044b \u0434\u043e\u0431\u0430\u0432\u0438\u0442\u044c \u043f\u043e\u0434\u0430\u0440\u043a\u0443 \u043d\u0435\u043c\u043d\u043e\u0436\u043a\u043e \u0432\u0435\u0441\u0435\u043b\u044c\u044f. \u041d\u0430\u0448\u0438 \u044f\u0440\u043a\u0438\u0435 \u0432\u043e\u0437\u0434\u0443\u0448\u043d\u044b\u0435 \u0448\u0430\u0440\u044b \u043f\u0440\u0438\u0434\u0430\u0434\u0443\u0442 \u0432\u0435\u0447\u0435\u0440\u0438\u043d\u043a\u0435 \u043e\u0441\u043e\u0431\u043e\u0435 \u043d\u0430\u0441\u0442\u0440\u043e\u0435\u043d\u0438\u0435! \u0412\u044b\u0431\u0435\u0440\u0438\u0442\u0435 \u0441\u0438\u043d\u0438\u0439, \u0436\u0451\u043b\u0442\u044b\u0439, \u0437\u0435\u043b\u0451\u043d\u044b\u0439, \u0440\u043e\u0437\u043e\u0432\u044b\u0439 \u0438\u043b\u0438 \u0444\u0438\u043e\u043b\u0435\u0442\u043e\u0432\u044b\u0439. \u0425\u043e\u0440\u043e\u0448\u0438\u0435 \u0446\u0435\u043d\u044b \u0438 \u0431\u043e\u043b\u044c\u0448\u043e\u0439 \u0432\u044b\u0431\u043e\u0440 \u0442\u043e\u0432\u0430\u0440\u043e\u0432! \u0418\u043d\u0444\u043e\u0440\u043c\u0430\u0446\u0438\u044f \u043e \u0442\u043e\u0432\u0430\u0440\u0435: \u0448\u0438\u0440\u0438\u043d\u0430 12 \u0441\u043c[:en]Our Disney Balloons will bring a special party mood! Choose blue, yellow, green, pink or purple. Order a festive balloon to add an extra touch of merriment to make the gift and the day perfect! Good prices! Product details: 12 cm in wide[:]\" \/>\n<meta property=\"og:url\" content=\"https:\/\/bonfortuno.eu\/toode\/ohupallid-disney\/\" \/>\n<meta property=\"og:site_name\" content=\"Bonfortuno\" \/>\n<meta property=\"article:modified_time\" content=\"2025-02-11T20:24:19+00:00\" \/>\n<meta property=\"og:image\" content=\"https:\/\/bonfortuno.eu\/wp-content\/uploads\/2018\/07\/55.jpg\" \/>\n\t<meta property=\"og:image:width\" content=\"500\" \/>\n\t<meta property=\"og:image:height\" content=\"508\" \/>\n\t<meta property=\"og:image:type\" content=\"image\/jpeg\" \/>\n<meta name=\"twitter:card\" content=\"summary_large_image\" \/>\n<script type=\"application\/ld+json\" class=\"yoast-schema-graph\">{\"@context\":\"https:\\\/\\\/schema.org\",\"@graph\":[{\"@type\":\"WebPage\",\"@id\":\"https:\\\/\\\/bonfortuno.eu\\\/toode\\\/ohupallid-disney\\\/\",\"url\":\"https:\\\/\\\/bonfortuno.eu\\\/toode\\\/ohupallid-disney\\\/\",\"name\":\"[:et]\\\"\u00d5hupallid Disney\\\"[:ru]\u201c\u0428\u0430\u0440\u0438\u043a\u0438 Disney\u201d[:en]\u201cDisney balloons\u201d [:] | Bonfortuno\",\"isPartOf\":{\"@id\":\"https:\\\/\\\/bonfortuno.eu\\\/ru\\\/#website\"},\"primaryImageOfPage\":{\"@id\":\"https:\\\/\\\/bonfortuno.eu\\\/toode\\\/ohupallid-disney\\\/#primaryimage\"},\"image\":{\"@id\":\"https:\\\/\\\/bonfortuno.eu\\\/toode\\\/ohupallid-disney\\\/#primaryimage\"},\"thumbnailUrl\":\"https:\\\/\\\/bonfortuno.eu\\\/wp-content\\\/uploads\\\/2018\\\/07\\\/55.jpg\",\"datePublished\":\"2018-07-05T20:42:25+00:00\",\"dateModified\":\"2025-02-11T20:24:19+00:00\",\"breadcrumb\":{\"@id\":\"https:\\\/\\\/bonfortuno.eu\\\/toode\\\/ohupallid-disney\\\/#breadcrumb\"},\"inLanguage\":\"en-US\",\"potentialAction\":[{\"@type\":\"ReadAction\",\"target\":[\"https:\\\/\\\/bonfortuno.eu\\\/toode\\\/ohupallid-disney\\\/\"]}]},{\"@type\":\"ImageObject\",\"inLanguage\":\"en-US\",\"@id\":\"https:\\\/\\\/bonfortuno.eu\\\/toode\\\/ohupallid-disney\\\/#primaryimage\",\"url\":\"https:\\\/\\\/bonfortuno.eu\\\/wp-content\\\/uploads\\\/2018\\\/07\\\/55.jpg\",\"contentUrl\":\"https:\\\/\\\/bonfortuno.eu\\\/wp-content\\\/uploads\\\/2018\\\/07\\\/55.jpg\",\"width\":500,\"height\":508,\"caption\":\"\u00f5hupall tallinn\"},{\"@type\":\"BreadcrumbList\",\"@id\":\"https:\\\/\\\/bonfortuno.eu\\\/toode\\\/ohupallid-disney\\\/#breadcrumb\",\"itemListElement\":[{\"@type\":\"ListItem\",\"position\":1,\"name\":\"\u0413\u043b\u0430\u0432\u043d\u0430\u044f \u0441\u0442\u0440\u0430\u043d\u0438\u0446\u0430\",\"item\":\"https:\\\/\\\/bonfortuno.eu\\\/\"},{\"@type\":\"ListItem\",\"position\":2,\"name\":\"\u041c\u0430\u0433\u0430\u0437\u0438\u043d\",\"item\":\"https:\\\/\\\/bonfortuno.eu\\\/\"},{\"@type\":\"ListItem\",\"position\":3,\"name\":\"\u201c\u0428\u0430\u0440\u0438\u043a\u0438 Disney\u201d\"}]},{\"@type\":\"WebSite\",\"@id\":\"https:\\\/\\\/bonfortuno.eu\\\/ru\\\/#website\",\"url\":\"https:\\\/\\\/bonfortuno.eu\\\/ru\\\/\",\"name\":\"Bonfortuno\",\"description\":\"The world of fresh flowers\",\"potentialAction\":[{\"@type\":\"SearchAction\",\"target\":{\"@type\":\"EntryPoint\",\"urlTemplate\":\"https:\\\/\\\/bonfortuno.eu\\\/ru\\\/?s={search_term_string}\"},\"query-input\":{\"@type\":\"PropertyValueSpecification\",\"valueRequired\":true,\"valueName\":\"search_term_string\"}}],\"inLanguage\":\"en-US\"}]}<\/script>\n<!-- \/ Yoast SEO plugin. -->","yoast_head_json":{"title":"[:et]\"\u00d5hupallid Disney\"[:ru]\u201c\u0428\u0430\u0440\u0438\u043a\u0438 Disney\u201d[:en]\u201cDisney balloons\u201d [:] | Bonfortuno","robots":{"index":"index","follow":"follow","max-snippet":"max-snippet:-1","max-image-preview":"max-image-preview:large","max-video-preview":"max-video-preview:-1"},"canonical":"https:\/\/bonfortuno.eu\/toode\/ohupallid-disney\/","og_locale":"en_US","og_type":"article","og_title":"[:et]\"\u00d5hupallid Disney\"[:ru]\u201c\u0428\u0430\u0440\u0438\u043a\u0438 Disney\u201d[:en]\u201cDisney balloons\u201d [:] | Bonfortuno","og_description":"[:et]Telli pidulik \u00f5hupall, et lisada kingitusele veidi r\u00f5\u00f5mu. Meie Disney \u00f5hupallid lisavad peole erilist meeleolu! Valige sinine, kollane, roheline, roosa v\u00f5i lilla v\u00e4rv. Head hinnad ja suur valik! Tootekirjeldus: laius 12 cm[:ru]\u0417\u0430\u043a\u0430\u0436\u0438 \u043f\u0440\u0430\u0437\u0434\u043d\u0438\u0447\u043d\u044b\u0439 \u0448\u0430\u0440, \u0447\u0442\u043e\u0431\u044b \u0434\u043e\u0431\u0430\u0432\u0438\u0442\u044c \u043f\u043e\u0434\u0430\u0440\u043a\u0443 \u043d\u0435\u043c\u043d\u043e\u0436\u043a\u043e \u0432\u0435\u0441\u0435\u043b\u044c\u044f. \u041d\u0430\u0448\u0438 \u044f\u0440\u043a\u0438\u0435 \u0432\u043e\u0437\u0434\u0443\u0448\u043d\u044b\u0435 \u0448\u0430\u0440\u044b \u043f\u0440\u0438\u0434\u0430\u0434\u0443\u0442 \u0432\u0435\u0447\u0435\u0440\u0438\u043d\u043a\u0435 \u043e\u0441\u043e\u0431\u043e\u0435 \u043d\u0430\u0441\u0442\u0440\u043e\u0435\u043d\u0438\u0435! \u0412\u044b\u0431\u0435\u0440\u0438\u0442\u0435 \u0441\u0438\u043d\u0438\u0439, \u0436\u0451\u043b\u0442\u044b\u0439, \u0437\u0435\u043b\u0451\u043d\u044b\u0439, \u0440\u043e\u0437\u043e\u0432\u044b\u0439 \u0438\u043b\u0438 \u0444\u0438\u043e\u043b\u0435\u0442\u043e\u0432\u044b\u0439. \u0425\u043e\u0440\u043e\u0448\u0438\u0435 \u0446\u0435\u043d\u044b \u0438 \u0431\u043e\u043b\u044c\u0448\u043e\u0439 \u0432\u044b\u0431\u043e\u0440 \u0442\u043e\u0432\u0430\u0440\u043e\u0432! \u0418\u043d\u0444\u043e\u0440\u043c\u0430\u0446\u0438\u044f \u043e \u0442\u043e\u0432\u0430\u0440\u0435: \u0448\u0438\u0440\u0438\u043d\u0430 12 \u0441\u043c[:en]Our Disney Balloons will bring a special party mood! Choose blue, yellow, green, pink or purple. Order a festive balloon to add an extra touch of merriment to make the gift and the day perfect! Good prices! Product details: 12 cm in wide[:]","og_url":"https:\/\/bonfortuno.eu\/toode\/ohupallid-disney\/","og_site_name":"Bonfortuno","article_modified_time":"2025-02-11T20:24:19+00:00","og_image":[{"width":500,"height":508,"url":"https:\/\/bonfortuno.eu\/wp-content\/uploads\/2018\/07\/55.jpg","type":"image\/jpeg"}],"twitter_card":"summary_large_image","schema":{"@context":"https:\/\/schema.org","@graph":[{"@type":"WebPage","@id":"https:\/\/bonfortuno.eu\/toode\/ohupallid-disney\/","url":"https:\/\/bonfortuno.eu\/toode\/ohupallid-disney\/","name":"[:et]\"\u00d5hupallid Disney\"[:ru]\u201c\u0428\u0430\u0440\u0438\u043a\u0438 Disney\u201d[:en]\u201cDisney balloons\u201d [:] | Bonfortuno","isPartOf":{"@id":"https:\/\/bonfortuno.eu\/ru\/#website"},"primaryImageOfPage":{"@id":"https:\/\/bonfortuno.eu\/toode\/ohupallid-disney\/#primaryimage"},"image":{"@id":"https:\/\/bonfortuno.eu\/toode\/ohupallid-disney\/#primaryimage"},"thumbnailUrl":"https:\/\/bonfortuno.eu\/wp-content\/uploads\/2018\/07\/55.jpg","datePublished":"2018-07-05T20:42:25+00:00","dateModified":"2025-02-11T20:24:19+00:00","breadcrumb":{"@id":"https:\/\/bonfortuno.eu\/toode\/ohupallid-disney\/#breadcrumb"},"inLanguage":"en-US","potentialAction":[{"@type":"ReadAction","target":["https:\/\/bonfortuno.eu\/toode\/ohupallid-disney\/"]}]},{"@type":"ImageObject","inLanguage":"en-US","@id":"https:\/\/bonfortuno.eu\/toode\/ohupallid-disney\/#primaryimage","url":"https:\/\/bonfortuno.eu\/wp-content\/uploads\/2018\/07\/55.jpg","contentUrl":"https:\/\/bonfortuno.eu\/wp-content\/uploads\/2018\/07\/55.jpg","width":500,"height":508,"caption":"\u00f5hupall tallinn"},{"@type":"BreadcrumbList","@id":"https:\/\/bonfortuno.eu\/toode\/ohupallid-disney\/#breadcrumb","itemListElement":[{"@type":"ListItem","position":1,"name":"\u0413\u043b\u0430\u0432\u043d\u0430\u044f \u0441\u0442\u0440\u0430\u043d\u0438\u0446\u0430","item":"https:\/\/bonfortuno.eu\/"},{"@type":"ListItem","position":2,"name":"\u041c\u0430\u0433\u0430\u0437\u0438\u043d","item":"https:\/\/bonfortuno.eu\/"},{"@type":"ListItem","position":3,"name":"\u201c\u0428\u0430\u0440\u0438\u043a\u0438 Disney\u201d"}]},{"@type":"WebSite","@id":"https:\/\/bonfortuno.eu\/ru\/#website","url":"https:\/\/bonfortuno.eu\/ru\/","name":"Bonfortuno","description":"The world of fresh flowers","potentialAction":[{"@type":"SearchAction","target":{"@type":"EntryPoint","urlTemplate":"https:\/\/bonfortuno.eu\/ru\/?s={search_term_string}"},"query-input":{"@type":"PropertyValueSpecification","valueRequired":true,"valueName":"search_term_string"}}],"inLanguage":"en-US"}]}},"_links":{"self":[{"href":"https:\/\/bonfortuno.eu\/en\/wp-json\/wp\/v2\/product\/743","targetHints":{"allow":["GET"]}}],"collection":[{"href":"https:\/\/bonfortuno.eu\/en\/wp-json\/wp\/v2\/product"}],"about":[{"href":"https:\/\/bonfortuno.eu\/en\/wp-json\/wp\/v2\/types\/product"}],"wp:featuredmedia":[{"embeddable":true,"href":"https:\/\/bonfortuno.eu\/en\/wp-json\/wp\/v2\/media\/672"}],"wp:attachment":[{"href":"https:\/\/bonfortuno.eu\/en\/wp-json\/wp\/v2\/media?parent=743"}],"wp:term":[{"taxonomy":"product_brand","embeddable":true,"href":"https:\/\/bonfortuno.eu\/en\/wp-json\/wp\/v2\/product_brand?post=743"},{"taxonomy":"product_cat","embeddable":true,"href":"https:\/\/bonfortuno.eu\/en\/wp-json\/wp\/v2\/product_cat?post=743"},{"taxonomy":"product_tag","embeddable":true,"href":"https:\/\/bonfortuno.eu\/en\/wp-json\/wp\/v2\/product_tag?post=743"}],"curies":[{"name":"wp","href":"https:\/\/api.w.org\/{rel}","templated":true}]}}