{"id":782,"date":"2018-07-06T17:15:48","date_gmt":"2018-07-06T14:15:48","guid":{"rendered":"https:\/\/bonfortuno.eu\/?post_type=product&#038;p=782"},"modified":"2022-12-22T10:44:37","modified_gmt":"2022-12-22T08:44:37","slug":"ohupall-krosh","status":"publish","type":"product","link":"https:\/\/bonfortuno.eu\/en\/toode\/ohupall-krosh\/","title":{"rendered":"\u201cKrosh balloon\u201d"},"content":{"rendered":"","protected":false},"excerpt":{"rendered":"<p style=\"text-align: justify;\">Make this year\u2019s birthday extra special by throwing a Smeshariki Party! Your child is going to love celebrating their big day with their favorite cartoon character! Product details: width 40 cm<\/p>\n","protected":false},"featured_media":692,"template":"","meta":[],"product_brand":[],"product_cat":[31,76],"product_tag":[],"class_list":{"0":"post-782","1":"product","2":"type-product","3":"status-publish","4":"has-post-thumbnail","6":"product_cat-ohupallid","7":"product_cat-koik-tooted","9":"first","10":"instock","11":"featured","12":"shipping-taxable","13":"purchasable","14":"product-type-simple"},"yoast_head":"<!-- This site is optimized with the Yoast SEO plugin v27.5 - https:\/\/yoast.com\/product\/yoast-seo-wordpress\/ -->\n<title>\u201cKrosh balloon\u201d  | Bonfortuno<\/title>\n<meta name=\"robots\" content=\"index, follow, max-snippet:-1, max-image-preview:large, max-video-preview:-1\" \/>\n<link rel=\"canonical\" href=\"https:\/\/bonfortuno.eu\/toode\/ohupall-krosh\/\" \/>\n<meta property=\"og:locale\" content=\"en_US\" \/>\n<meta property=\"og:type\" content=\"article\" \/>\n<meta property=\"og:title\" content=\"[:et]\u201c\u00d5hupall Krosh\u201d[:ru]\u201c\u0412\u043e\u0437\u0434\u0443\u0448\u043d\u044b\u0439 \u0448\u0430\u0440 \u0421\u043c\u0435\u0448\u0430\u0440\u0438\u043a\u0438 \u041a\u0440\u043e\u0448\u201d[:en]\u201cKrosh balloon\u201d [:] | Bonfortuno\" \/>\n<meta property=\"og:description\" content=\"[:et]V\u00e4ike Krosh on oodatud igale peole! Kindlasti ka sinu laps unistab t\u00e4histada enda s\u00fcnnip\u00e4eva koos lemmikfilmi tegelasega! Tootekirjeldus: laius 40 cm[:ru]\u0423\u0441\u0442\u0440\u043e\u0439\u0442\u0435 \u0432\u0435\u0447\u0435\u0440\u0438\u043d\u043a\u0443 \u0432 \u0441\u0442\u0438\u043b\u0435 \u0421\u043c\u0435\u0448\u0430\u0440\u0438\u043a\u0438! \u0412\u0430\u0448 \u0440\u0435\u0431\u0435\u043d\u043e\u043a \u0431\u0443\u0434\u0435\u0442 \u0441\u0447\u0430\u0441\u0442\u043b\u0438\u0432 \u043e\u0442\u043f\u0440\u0430\u0437\u0434\u043d\u043e\u0432\u0430\u0442\u044c \u0441\u0432\u043e\u0439 \u0431\u043e\u043b\u044c\u0448\u043e\u0439 \u0434\u0435\u043d\u044c \u0432\u043c\u0435\u0441\u0442\u0435 \u0441 \u043b\u044e\u0431\u0438\u043c\u044b\u043c \u043f\u0435\u0440\u0441\u043e\u043d\u0430\u0436\u0435\u043c \u043c\u0443\u043b\u044c\u0442\u0444\u0438\u043b\u044c\u043c\u0430! \u0418\u043d\u0444\u043e\u0440\u043c\u0430\u0446\u0438\u044f \u043e \u0442\u043e\u0432\u0430\u0440\u0435: \u0448\u0438\u0440\u0438\u043d\u0430 40 \u0441\u043c[:en]Make this year\u2019s birthday extra special by throwing a Smeshariki Party! Your child is going to love celebrating their big day with their favorite cartoon character! Product details: width 40 cm[:]\" \/>\n<meta property=\"og:url\" content=\"https:\/\/bonfortuno.eu\/toode\/ohupall-krosh\/\" \/>\n<meta property=\"og:site_name\" content=\"Bonfortuno\" \/>\n<meta property=\"article:modified_time\" content=\"2022-12-22T08:44:37+00:00\" \/>\n<meta property=\"og:image\" content=\"https:\/\/bonfortuno.eu\/wp-content\/uploads\/2018\/07\/75.jpg\" \/>\n\t<meta property=\"og:image:width\" content=\"200\" \/>\n\t<meta property=\"og:image:height\" content=\"200\" \/>\n\t<meta property=\"og:image:type\" content=\"image\/jpeg\" \/>\n<meta name=\"twitter:card\" content=\"summary_large_image\" \/>\n<script type=\"application\/ld+json\" class=\"yoast-schema-graph\">{\"@context\":\"https:\\\/\\\/schema.org\",\"@graph\":[{\"@type\":\"WebPage\",\"@id\":\"https:\\\/\\\/bonfortuno.eu\\\/toode\\\/ohupall-krosh\\\/\",\"url\":\"https:\\\/\\\/bonfortuno.eu\\\/toode\\\/ohupall-krosh\\\/\",\"name\":\"[:et]\u201c\u00d5hupall Krosh\u201d[:ru]\u201c\u0412\u043e\u0437\u0434\u0443\u0448\u043d\u044b\u0439 \u0448\u0430\u0440 \u0421\u043c\u0435\u0448\u0430\u0440\u0438\u043a\u0438 \u041a\u0440\u043e\u0448\u201d[:en]\u201cKrosh balloon\u201d [:] | Bonfortuno\",\"isPartOf\":{\"@id\":\"https:\\\/\\\/bonfortuno.eu\\\/ru\\\/#website\"},\"primaryImageOfPage\":{\"@id\":\"https:\\\/\\\/bonfortuno.eu\\\/toode\\\/ohupall-krosh\\\/#primaryimage\"},\"image\":{\"@id\":\"https:\\\/\\\/bonfortuno.eu\\\/toode\\\/ohupall-krosh\\\/#primaryimage\"},\"thumbnailUrl\":\"https:\\\/\\\/bonfortuno.eu\\\/wp-content\\\/uploads\\\/2018\\\/07\\\/75.jpg\",\"datePublished\":\"2018-07-06T14:15:48+00:00\",\"dateModified\":\"2022-12-22T08:44:37+00:00\",\"breadcrumb\":{\"@id\":\"https:\\\/\\\/bonfortuno.eu\\\/toode\\\/ohupall-krosh\\\/#breadcrumb\"},\"inLanguage\":\"en-US\",\"potentialAction\":[{\"@type\":\"ReadAction\",\"target\":[\"https:\\\/\\\/bonfortuno.eu\\\/toode\\\/ohupall-krosh\\\/\"]}]},{\"@type\":\"ImageObject\",\"inLanguage\":\"en-US\",\"@id\":\"https:\\\/\\\/bonfortuno.eu\\\/toode\\\/ohupall-krosh\\\/#primaryimage\",\"url\":\"https:\\\/\\\/bonfortuno.eu\\\/wp-content\\\/uploads\\\/2018\\\/07\\\/75.jpg\",\"contentUrl\":\"https:\\\/\\\/bonfortuno.eu\\\/wp-content\\\/uploads\\\/2018\\\/07\\\/75.jpg\",\"width\":200,\"height\":200,\"caption\":\"Heeliumi \u00f5hupallid\"},{\"@type\":\"BreadcrumbList\",\"@id\":\"https:\\\/\\\/bonfortuno.eu\\\/toode\\\/ohupall-krosh\\\/#breadcrumb\",\"itemListElement\":[{\"@type\":\"ListItem\",\"position\":1,\"name\":\"\u0413\u043b\u0430\u0432\u043d\u0430\u044f \u0441\u0442\u0440\u0430\u043d\u0438\u0446\u0430\",\"item\":\"https:\\\/\\\/bonfortuno.eu\\\/\"},{\"@type\":\"ListItem\",\"position\":2,\"name\":\"\u041c\u0430\u0433\u0430\u0437\u0438\u043d\",\"item\":\"https:\\\/\\\/bonfortuno.eu\\\/\"},{\"@type\":\"ListItem\",\"position\":3,\"name\":\"\u201c\u00d5hupall Krosh\u201d\"}]},{\"@type\":\"WebSite\",\"@id\":\"https:\\\/\\\/bonfortuno.eu\\\/ru\\\/#website\",\"url\":\"https:\\\/\\\/bonfortuno.eu\\\/ru\\\/\",\"name\":\"Bonfortuno\",\"description\":\"The world of fresh flowers\",\"potentialAction\":[{\"@type\":\"SearchAction\",\"target\":{\"@type\":\"EntryPoint\",\"urlTemplate\":\"https:\\\/\\\/bonfortuno.eu\\\/ru\\\/?s={search_term_string}\"},\"query-input\":{\"@type\":\"PropertyValueSpecification\",\"valueRequired\":true,\"valueName\":\"search_term_string\"}}],\"inLanguage\":\"en-US\"}]}<\/script>\n<!-- \/ Yoast SEO plugin. -->","yoast_head_json":{"title":"[:et]\u201c\u00d5hupall Krosh\u201d[:ru]\u201c\u0412\u043e\u0437\u0434\u0443\u0448\u043d\u044b\u0439 \u0448\u0430\u0440 \u0421\u043c\u0435\u0448\u0430\u0440\u0438\u043a\u0438 \u041a\u0440\u043e\u0448\u201d[:en]\u201cKrosh balloon\u201d [:] | Bonfortuno","robots":{"index":"index","follow":"follow","max-snippet":"max-snippet:-1","max-image-preview":"max-image-preview:large","max-video-preview":"max-video-preview:-1"},"canonical":"https:\/\/bonfortuno.eu\/toode\/ohupall-krosh\/","og_locale":"en_US","og_type":"article","og_title":"[:et]\u201c\u00d5hupall Krosh\u201d[:ru]\u201c\u0412\u043e\u0437\u0434\u0443\u0448\u043d\u044b\u0439 \u0448\u0430\u0440 \u0421\u043c\u0435\u0448\u0430\u0440\u0438\u043a\u0438 \u041a\u0440\u043e\u0448\u201d[:en]\u201cKrosh balloon\u201d [:] | Bonfortuno","og_description":"[:et]V\u00e4ike Krosh on oodatud igale peole! Kindlasti ka sinu laps unistab t\u00e4histada enda s\u00fcnnip\u00e4eva koos lemmikfilmi tegelasega! Tootekirjeldus: laius 40 cm[:ru]\u0423\u0441\u0442\u0440\u043e\u0439\u0442\u0435 \u0432\u0435\u0447\u0435\u0440\u0438\u043d\u043a\u0443 \u0432 \u0441\u0442\u0438\u043b\u0435 \u0421\u043c\u0435\u0448\u0430\u0440\u0438\u043a\u0438! \u0412\u0430\u0448 \u0440\u0435\u0431\u0435\u043d\u043e\u043a \u0431\u0443\u0434\u0435\u0442 \u0441\u0447\u0430\u0441\u0442\u043b\u0438\u0432 \u043e\u0442\u043f\u0440\u0430\u0437\u0434\u043d\u043e\u0432\u0430\u0442\u044c \u0441\u0432\u043e\u0439 \u0431\u043e\u043b\u044c\u0448\u043e\u0439 \u0434\u0435\u043d\u044c \u0432\u043c\u0435\u0441\u0442\u0435 \u0441 \u043b\u044e\u0431\u0438\u043c\u044b\u043c \u043f\u0435\u0440\u0441\u043e\u043d\u0430\u0436\u0435\u043c \u043c\u0443\u043b\u044c\u0442\u0444\u0438\u043b\u044c\u043c\u0430! \u0418\u043d\u0444\u043e\u0440\u043c\u0430\u0446\u0438\u044f \u043e \u0442\u043e\u0432\u0430\u0440\u0435: \u0448\u0438\u0440\u0438\u043d\u0430 40 \u0441\u043c[:en]Make this year\u2019s birthday extra special by throwing a Smeshariki Party! Your child is going to love celebrating their big day with their favorite cartoon character! Product details: width 40 cm[:]","og_url":"https:\/\/bonfortuno.eu\/toode\/ohupall-krosh\/","og_site_name":"Bonfortuno","article_modified_time":"2022-12-22T08:44:37+00:00","og_image":[{"width":200,"height":200,"url":"https:\/\/bonfortuno.eu\/wp-content\/uploads\/2018\/07\/75.jpg","type":"image\/jpeg"}],"twitter_card":"summary_large_image","schema":{"@context":"https:\/\/schema.org","@graph":[{"@type":"WebPage","@id":"https:\/\/bonfortuno.eu\/toode\/ohupall-krosh\/","url":"https:\/\/bonfortuno.eu\/toode\/ohupall-krosh\/","name":"[:et]\u201c\u00d5hupall Krosh\u201d[:ru]\u201c\u0412\u043e\u0437\u0434\u0443\u0448\u043d\u044b\u0439 \u0448\u0430\u0440 \u0421\u043c\u0435\u0448\u0430\u0440\u0438\u043a\u0438 \u041a\u0440\u043e\u0448\u201d[:en]\u201cKrosh balloon\u201d [:] | Bonfortuno","isPartOf":{"@id":"https:\/\/bonfortuno.eu\/ru\/#website"},"primaryImageOfPage":{"@id":"https:\/\/bonfortuno.eu\/toode\/ohupall-krosh\/#primaryimage"},"image":{"@id":"https:\/\/bonfortuno.eu\/toode\/ohupall-krosh\/#primaryimage"},"thumbnailUrl":"https:\/\/bonfortuno.eu\/wp-content\/uploads\/2018\/07\/75.jpg","datePublished":"2018-07-06T14:15:48+00:00","dateModified":"2022-12-22T08:44:37+00:00","breadcrumb":{"@id":"https:\/\/bonfortuno.eu\/toode\/ohupall-krosh\/#breadcrumb"},"inLanguage":"en-US","potentialAction":[{"@type":"ReadAction","target":["https:\/\/bonfortuno.eu\/toode\/ohupall-krosh\/"]}]},{"@type":"ImageObject","inLanguage":"en-US","@id":"https:\/\/bonfortuno.eu\/toode\/ohupall-krosh\/#primaryimage","url":"https:\/\/bonfortuno.eu\/wp-content\/uploads\/2018\/07\/75.jpg","contentUrl":"https:\/\/bonfortuno.eu\/wp-content\/uploads\/2018\/07\/75.jpg","width":200,"height":200,"caption":"Heeliumi \u00f5hupallid"},{"@type":"BreadcrumbList","@id":"https:\/\/bonfortuno.eu\/toode\/ohupall-krosh\/#breadcrumb","itemListElement":[{"@type":"ListItem","position":1,"name":"\u0413\u043b\u0430\u0432\u043d\u0430\u044f \u0441\u0442\u0440\u0430\u043d\u0438\u0446\u0430","item":"https:\/\/bonfortuno.eu\/"},{"@type":"ListItem","position":2,"name":"\u041c\u0430\u0433\u0430\u0437\u0438\u043d","item":"https:\/\/bonfortuno.eu\/"},{"@type":"ListItem","position":3,"name":"\u201c\u00d5hupall Krosh\u201d"}]},{"@type":"WebSite","@id":"https:\/\/bonfortuno.eu\/ru\/#website","url":"https:\/\/bonfortuno.eu\/ru\/","name":"Bonfortuno","description":"The world of fresh flowers","potentialAction":[{"@type":"SearchAction","target":{"@type":"EntryPoint","urlTemplate":"https:\/\/bonfortuno.eu\/ru\/?s={search_term_string}"},"query-input":{"@type":"PropertyValueSpecification","valueRequired":true,"valueName":"search_term_string"}}],"inLanguage":"en-US"}]}},"_links":{"self":[{"href":"https:\/\/bonfortuno.eu\/en\/wp-json\/wp\/v2\/product\/782","targetHints":{"allow":["GET"]}}],"collection":[{"href":"https:\/\/bonfortuno.eu\/en\/wp-json\/wp\/v2\/product"}],"about":[{"href":"https:\/\/bonfortuno.eu\/en\/wp-json\/wp\/v2\/types\/product"}],"wp:featuredmedia":[{"embeddable":true,"href":"https:\/\/bonfortuno.eu\/en\/wp-json\/wp\/v2\/media\/692"}],"wp:attachment":[{"href":"https:\/\/bonfortuno.eu\/en\/wp-json\/wp\/v2\/media?parent=782"}],"wp:term":[{"taxonomy":"product_brand","embeddable":true,"href":"https:\/\/bonfortuno.eu\/en\/wp-json\/wp\/v2\/product_brand?post=782"},{"taxonomy":"product_cat","embeddable":true,"href":"https:\/\/bonfortuno.eu\/en\/wp-json\/wp\/v2\/product_cat?post=782"},{"taxonomy":"product_tag","embeddable":true,"href":"https:\/\/bonfortuno.eu\/en\/wp-json\/wp\/v2\/product_tag?post=782"}],"curies":[{"name":"wp","href":"https:\/\/api.w.org\/{rel}","templated":true}]}}