{"id":784,"date":"2018-07-06T17:18:13","date_gmt":"2018-07-06T14:18:13","guid":{"rendered":"https:\/\/bonfortuno.eu\/?post_type=product&#038;p=784"},"modified":"2021-07-26T11:15:06","modified_gmt":"2021-07-26T08:15:06","slug":"101-punast-roosi","status":"publish","type":"product","link":"https:\/\/bonfortuno.eu\/en\/toode\/101-punast-roosi\/","title":{"rendered":"\u201c101 Red Roses\u201d"},"content":{"rendered":"","protected":false},"excerpt":{"rendered":"<p>Add romance to your arrangements with Red Roses. Symbolizing love and passion, red roses are classic and timeless blooms perfect for any type of event. If you\u2019re planning to make a super special gift, 101 is the right number!<\/p>\n","protected":false},"featured_media":693,"template":"","meta":[],"product_brand":[],"product_cat":[76,30,32],"product_tag":[39,78],"class_list":{"0":"post-784","1":"product","2":"type-product","3":"status-publish","4":"has-post-thumbnail","6":"product_cat-koik-tooted","7":"product_cat-lillekimbud","8":"product_cat-roosid","9":"product_tag-roosid","10":"product_tag-suur","12":"first","13":"instock","14":"featured","15":"shipping-taxable","16":"purchasable","17":"product-type-simple"},"yoast_head":"<!-- This site is optimized with the Yoast SEO plugin v27.3 - https:\/\/yoast.com\/product\/yoast-seo-wordpress\/ -->\n<title>\u201c101 Red Roses\u201d  | Bonfortuno<\/title>\n<meta name=\"robots\" content=\"index, follow, max-snippet:-1, max-image-preview:large, max-video-preview:-1\" \/>\n<link rel=\"canonical\" href=\"https:\/\/bonfortuno.eu\/toode\/101-punast-roosi\/\" \/>\n<meta property=\"og:locale\" content=\"en_US\" \/>\n<meta property=\"og:type\" content=\"article\" \/>\n<meta property=\"og:title\" content=\"[:et]&quot;101 Punast roosi&quot;[:ru]\u201c101 \u041a\u0440\u0430\u0441\u043d\u044b\u0435 \u0440\u043e\u0437\u044b\u201d[:en]\u201c101 Red Roses\u201d [:] | Bonfortuno\" \/>\n<meta property=\"og:description\" content=\"[:et]Lisage veidi romantikat meie Punaste Rooside abil. Roosid s\u00fcmboliseerivad armastust ja kirge. Punased roosid on klassikaline ja ajatu kingitus, mis sobib igat t\u00fc\u00fcpi s\u00fcndmusele. Meie floristid valmistavad Teile ainulaadse lillekimbu, et r\u00f5hutada s\u00fcndmuse t\u00e4htsust! Kui kavatsete teha super erilist kingitust, on 101 \u00f5ige number![:ru]\u0421\u0438\u043c\u0432\u043e\u043b\u0438\u0437\u0438\u0440\u0443\u044e\u0449\u0438\u0435 \u043b\u044e\u0431\u043e\u0432\u044c \u0438 \u0441\u0442\u0440\u0430\u0441\u0442\u044c, \u043a\u0440\u0430\u0441\u043d\u044b\u0435 \u0440\u043e\u0437\u044b - \u043a\u043b\u0430\u0441\u0441\u0438\u043a\u0430 \u0436\u0430\u043d\u0440\u0430. \u0420\u043e\u0437\u044b \u0438\u0434\u0435\u0430\u043b\u044c\u043d\u043e \u043f\u043e\u0434\u0445\u043e\u0434\u044f\u0442 \u0434\u043b\u044f \u043b\u044e\u0431\u043e\u0433\u043e \u0442\u0438\u043f\u0430 \u0441\u043e\u0431\u044b\u0442\u0438\u0439. \u0415\u0441\u043b\u0438 \u0432\u044b \u0441\u043e\u0431\u0438\u0440\u0430\u0435\u0442\u0435\u0441\u044c \u0441\u0434\u0435\u043b\u0430\u0442\u044c \u043e\u0447\u0435\u043d\u044c \u043e\u0441\u043e\u0431\u044b\u0439 \u043f\u043e\u0434\u0430\u0440\u043e\u043a, \u0442\u043e 101 - \u043f\u0440\u0430\u0432\u0438\u043b\u044c\u043d\u044b\u0439 \u043d\u043e\u043c\u0435\u0440![:en]Add romance to your arrangements with Red Roses. Symbolizing love and passion, red roses are classic and timeless blooms perfect for any type of event. If you\u2019re planning to make a super special gift, 101 is the right number![:]\" \/>\n<meta property=\"og:url\" content=\"https:\/\/bonfortuno.eu\/toode\/101-punast-roosi\/\" \/>\n<meta property=\"og:site_name\" content=\"Bonfortuno\" \/>\n<meta property=\"article:modified_time\" content=\"2021-07-26T08:15:06+00:00\" \/>\n<meta property=\"og:image\" content=\"https:\/\/bonfortuno.eu\/wp-content\/uploads\/2018\/07\/76.jpg\" \/>\n\t<meta property=\"og:image:width\" content=\"555\" \/>\n\t<meta property=\"og:image:height\" content=\"777\" \/>\n\t<meta property=\"og:image:type\" content=\"image\/jpeg\" \/>\n<meta name=\"twitter:card\" content=\"summary_large_image\" \/>\n<script type=\"application\/ld+json\" class=\"yoast-schema-graph\">{\"@context\":\"https:\\\/\\\/schema.org\",\"@graph\":[{\"@type\":\"WebPage\",\"@id\":\"https:\\\/\\\/bonfortuno.eu\\\/toode\\\/101-punast-roosi\\\/\",\"url\":\"https:\\\/\\\/bonfortuno.eu\\\/toode\\\/101-punast-roosi\\\/\",\"name\":\"[:et]\\\"101 Punast roosi\\\"[:ru]\u201c101 \u041a\u0440\u0430\u0441\u043d\u044b\u0435 \u0440\u043e\u0437\u044b\u201d[:en]\u201c101 Red Roses\u201d [:] | Bonfortuno\",\"isPartOf\":{\"@id\":\"https:\\\/\\\/bonfortuno.eu\\\/ru\\\/#website\"},\"primaryImageOfPage\":{\"@id\":\"https:\\\/\\\/bonfortuno.eu\\\/toode\\\/101-punast-roosi\\\/#primaryimage\"},\"image\":{\"@id\":\"https:\\\/\\\/bonfortuno.eu\\\/toode\\\/101-punast-roosi\\\/#primaryimage\"},\"thumbnailUrl\":\"https:\\\/\\\/bonfortuno.eu\\\/wp-content\\\/uploads\\\/2018\\\/07\\\/76.jpg\",\"datePublished\":\"2018-07-06T14:18:13+00:00\",\"dateModified\":\"2021-07-26T08:15:06+00:00\",\"breadcrumb\":{\"@id\":\"https:\\\/\\\/bonfortuno.eu\\\/toode\\\/101-punast-roosi\\\/#breadcrumb\"},\"inLanguage\":\"en-US\",\"potentialAction\":[{\"@type\":\"ReadAction\",\"target\":[\"https:\\\/\\\/bonfortuno.eu\\\/toode\\\/101-punast-roosi\\\/\"]}]},{\"@type\":\"ImageObject\",\"inLanguage\":\"en-US\",\"@id\":\"https:\\\/\\\/bonfortuno.eu\\\/toode\\\/101-punast-roosi\\\/#primaryimage\",\"url\":\"https:\\\/\\\/bonfortuno.eu\\\/wp-content\\\/uploads\\\/2018\\\/07\\\/76.jpg\",\"contentUrl\":\"https:\\\/\\\/bonfortuno.eu\\\/wp-content\\\/uploads\\\/2018\\\/07\\\/76.jpg\",\"width\":555,\"height\":777,\"caption\":\"lilled tallinn\"},{\"@type\":\"BreadcrumbList\",\"@id\":\"https:\\\/\\\/bonfortuno.eu\\\/toode\\\/101-punast-roosi\\\/#breadcrumb\",\"itemListElement\":[{\"@type\":\"ListItem\",\"position\":1,\"name\":\"\u0413\u043b\u0430\u0432\u043d\u0430\u044f \u0441\u0442\u0440\u0430\u043d\u0438\u0446\u0430\",\"item\":\"https:\\\/\\\/bonfortuno.eu\\\/\"},{\"@type\":\"ListItem\",\"position\":2,\"name\":\"\u041c\u0430\u0433\u0430\u0437\u0438\u043d\",\"item\":\"https:\\\/\\\/bonfortuno.eu\\\/\"},{\"@type\":\"ListItem\",\"position\":3,\"name\":\"&#8220;101 Punast roosi&#8221;\"}]},{\"@type\":\"WebSite\",\"@id\":\"https:\\\/\\\/bonfortuno.eu\\\/ru\\\/#website\",\"url\":\"https:\\\/\\\/bonfortuno.eu\\\/ru\\\/\",\"name\":\"Bonfortuno\",\"description\":\"The world of fresh flowers\",\"potentialAction\":[{\"@type\":\"SearchAction\",\"target\":{\"@type\":\"EntryPoint\",\"urlTemplate\":\"https:\\\/\\\/bonfortuno.eu\\\/ru\\\/?s={search_term_string}\"},\"query-input\":{\"@type\":\"PropertyValueSpecification\",\"valueRequired\":true,\"valueName\":\"search_term_string\"}}],\"inLanguage\":\"en-US\"}]}<\/script>\n<!-- \/ Yoast SEO plugin. -->","yoast_head_json":{"title":"[:et]\"101 Punast roosi\"[:ru]\u201c101 \u041a\u0440\u0430\u0441\u043d\u044b\u0435 \u0440\u043e\u0437\u044b\u201d[:en]\u201c101 Red Roses\u201d [:] | Bonfortuno","robots":{"index":"index","follow":"follow","max-snippet":"max-snippet:-1","max-image-preview":"max-image-preview:large","max-video-preview":"max-video-preview:-1"},"canonical":"https:\/\/bonfortuno.eu\/toode\/101-punast-roosi\/","og_locale":"en_US","og_type":"article","og_title":"[:et]\"101 Punast roosi\"[:ru]\u201c101 \u041a\u0440\u0430\u0441\u043d\u044b\u0435 \u0440\u043e\u0437\u044b\u201d[:en]\u201c101 Red Roses\u201d [:] | Bonfortuno","og_description":"[:et]Lisage veidi romantikat meie Punaste Rooside abil. Roosid s\u00fcmboliseerivad armastust ja kirge. Punased roosid on klassikaline ja ajatu kingitus, mis sobib igat t\u00fc\u00fcpi s\u00fcndmusele. Meie floristid valmistavad Teile ainulaadse lillekimbu, et r\u00f5hutada s\u00fcndmuse t\u00e4htsust! Kui kavatsete teha super erilist kingitust, on 101 \u00f5ige number![:ru]\u0421\u0438\u043c\u0432\u043e\u043b\u0438\u0437\u0438\u0440\u0443\u044e\u0449\u0438\u0435 \u043b\u044e\u0431\u043e\u0432\u044c \u0438 \u0441\u0442\u0440\u0430\u0441\u0442\u044c, \u043a\u0440\u0430\u0441\u043d\u044b\u0435 \u0440\u043e\u0437\u044b - \u043a\u043b\u0430\u0441\u0441\u0438\u043a\u0430 \u0436\u0430\u043d\u0440\u0430. \u0420\u043e\u0437\u044b \u0438\u0434\u0435\u0430\u043b\u044c\u043d\u043e \u043f\u043e\u0434\u0445\u043e\u0434\u044f\u0442 \u0434\u043b\u044f \u043b\u044e\u0431\u043e\u0433\u043e \u0442\u0438\u043f\u0430 \u0441\u043e\u0431\u044b\u0442\u0438\u0439. \u0415\u0441\u043b\u0438 \u0432\u044b \u0441\u043e\u0431\u0438\u0440\u0430\u0435\u0442\u0435\u0441\u044c \u0441\u0434\u0435\u043b\u0430\u0442\u044c \u043e\u0447\u0435\u043d\u044c \u043e\u0441\u043e\u0431\u044b\u0439 \u043f\u043e\u0434\u0430\u0440\u043e\u043a, \u0442\u043e 101 - \u043f\u0440\u0430\u0432\u0438\u043b\u044c\u043d\u044b\u0439 \u043d\u043e\u043c\u0435\u0440![:en]Add romance to your arrangements with Red Roses. Symbolizing love and passion, red roses are classic and timeless blooms perfect for any type of event. If you\u2019re planning to make a super special gift, 101 is the right number![:]","og_url":"https:\/\/bonfortuno.eu\/toode\/101-punast-roosi\/","og_site_name":"Bonfortuno","article_modified_time":"2021-07-26T08:15:06+00:00","og_image":[{"width":555,"height":777,"url":"https:\/\/bonfortuno.eu\/wp-content\/uploads\/2018\/07\/76.jpg","type":"image\/jpeg"}],"twitter_card":"summary_large_image","schema":{"@context":"https:\/\/schema.org","@graph":[{"@type":"WebPage","@id":"https:\/\/bonfortuno.eu\/toode\/101-punast-roosi\/","url":"https:\/\/bonfortuno.eu\/toode\/101-punast-roosi\/","name":"[:et]\"101 Punast roosi\"[:ru]\u201c101 \u041a\u0440\u0430\u0441\u043d\u044b\u0435 \u0440\u043e\u0437\u044b\u201d[:en]\u201c101 Red Roses\u201d [:] | Bonfortuno","isPartOf":{"@id":"https:\/\/bonfortuno.eu\/ru\/#website"},"primaryImageOfPage":{"@id":"https:\/\/bonfortuno.eu\/toode\/101-punast-roosi\/#primaryimage"},"image":{"@id":"https:\/\/bonfortuno.eu\/toode\/101-punast-roosi\/#primaryimage"},"thumbnailUrl":"https:\/\/bonfortuno.eu\/wp-content\/uploads\/2018\/07\/76.jpg","datePublished":"2018-07-06T14:18:13+00:00","dateModified":"2021-07-26T08:15:06+00:00","breadcrumb":{"@id":"https:\/\/bonfortuno.eu\/toode\/101-punast-roosi\/#breadcrumb"},"inLanguage":"en-US","potentialAction":[{"@type":"ReadAction","target":["https:\/\/bonfortuno.eu\/toode\/101-punast-roosi\/"]}]},{"@type":"ImageObject","inLanguage":"en-US","@id":"https:\/\/bonfortuno.eu\/toode\/101-punast-roosi\/#primaryimage","url":"https:\/\/bonfortuno.eu\/wp-content\/uploads\/2018\/07\/76.jpg","contentUrl":"https:\/\/bonfortuno.eu\/wp-content\/uploads\/2018\/07\/76.jpg","width":555,"height":777,"caption":"lilled tallinn"},{"@type":"BreadcrumbList","@id":"https:\/\/bonfortuno.eu\/toode\/101-punast-roosi\/#breadcrumb","itemListElement":[{"@type":"ListItem","position":1,"name":"\u0413\u043b\u0430\u0432\u043d\u0430\u044f \u0441\u0442\u0440\u0430\u043d\u0438\u0446\u0430","item":"https:\/\/bonfortuno.eu\/"},{"@type":"ListItem","position":2,"name":"\u041c\u0430\u0433\u0430\u0437\u0438\u043d","item":"https:\/\/bonfortuno.eu\/"},{"@type":"ListItem","position":3,"name":"&#8220;101 Punast roosi&#8221;"}]},{"@type":"WebSite","@id":"https:\/\/bonfortuno.eu\/ru\/#website","url":"https:\/\/bonfortuno.eu\/ru\/","name":"Bonfortuno","description":"The world of fresh flowers","potentialAction":[{"@type":"SearchAction","target":{"@type":"EntryPoint","urlTemplate":"https:\/\/bonfortuno.eu\/ru\/?s={search_term_string}"},"query-input":{"@type":"PropertyValueSpecification","valueRequired":true,"valueName":"search_term_string"}}],"inLanguage":"en-US"}]}},"_links":{"self":[{"href":"https:\/\/bonfortuno.eu\/en\/wp-json\/wp\/v2\/product\/784","targetHints":{"allow":["GET"]}}],"collection":[{"href":"https:\/\/bonfortuno.eu\/en\/wp-json\/wp\/v2\/product"}],"about":[{"href":"https:\/\/bonfortuno.eu\/en\/wp-json\/wp\/v2\/types\/product"}],"wp:featuredmedia":[{"embeddable":true,"href":"https:\/\/bonfortuno.eu\/en\/wp-json\/wp\/v2\/media\/693"}],"wp:attachment":[{"href":"https:\/\/bonfortuno.eu\/en\/wp-json\/wp\/v2\/media?parent=784"}],"wp:term":[{"taxonomy":"product_brand","embeddable":true,"href":"https:\/\/bonfortuno.eu\/en\/wp-json\/wp\/v2\/product_brand?post=784"},{"taxonomy":"product_cat","embeddable":true,"href":"https:\/\/bonfortuno.eu\/en\/wp-json\/wp\/v2\/product_cat?post=784"},{"taxonomy":"product_tag","embeddable":true,"href":"https:\/\/bonfortuno.eu\/en\/wp-json\/wp\/v2\/product_tag?post=784"}],"curies":[{"name":"wp","href":"https:\/\/api.w.org\/{rel}","templated":true}]}}