{"id":786,"date":"2018-07-06T17:21:51","date_gmt":"2018-07-06T14:21:51","guid":{"rendered":"https:\/\/bonfortuno.eu\/?post_type=product&#038;p=786"},"modified":"2018-07-06T17:22:56","modified_gmt":"2018-07-06T14:22:56","slug":"lilla-freesia","status":"publish","type":"product","link":"https:\/\/bonfortuno.eu\/en\/toode\/lilla-freesia\/","title":{"rendered":"\u201cPurple Freesia\u201d"},"content":{"rendered":"","protected":false},"excerpt":{"rendered":"<p style=\"text-align: justify;\">Due to their delicate sweet, citrus scent, freesias are one of the most popular flowers in the world. In the language of flowers, freesia are said to symbolize innocence and friendship. We offer a good price for this wonderful flower!<\/p>\n","protected":false},"featured_media":694,"template":"","meta":[],"product_brand":[],"product_cat":[76,38],"product_tag":[53],"class_list":{"0":"post-786","1":"product","2":"type-product","3":"status-publish","4":"has-post-thumbnail","6":"product_cat-koik-tooted","7":"product_cat-loikelilled","8":"product_tag-freesia","10":"first","11":"instock","12":"featured","13":"shipping-taxable","14":"purchasable","15":"product-type-simple"},"yoast_head":"<!-- This site is optimized with the Yoast SEO plugin v27.4 - https:\/\/yoast.com\/product\/yoast-seo-wordpress\/ -->\n<title>\u201cPurple Freesia\u201d | Bonfortuno<\/title>\n<meta name=\"robots\" content=\"index, follow, max-snippet:-1, max-image-preview:large, max-video-preview:-1\" \/>\n<link rel=\"canonical\" href=\"https:\/\/bonfortuno.eu\/toode\/lilla-freesia\/\" \/>\n<meta property=\"og:locale\" content=\"en_US\" \/>\n<meta property=\"og:type\" content=\"article\" \/>\n<meta property=\"og:title\" content=\"[:et]\u201cLilla Freesia\u201d[:ru]\u00ab\u0424\u0438\u043e\u043b\u0435\u0442\u043e\u0432\u0430\u044f \u0424\u0440\u0435\u0437\u0438\u044f\u00bb[:en]\u201cPurple Freesia\u201d[:] | Bonfortuno\" \/>\n<meta property=\"og:description\" content=\"[:et]T\u00e4nu enda magusale tsitruse noodiga l\u00f5hnale freesia on \u00fcks populaarsemaid lilli maailmas. Lillede keeles nimetatakse freesiat s\u00fc\u00fctuse ja s\u00f5pruse s\u00fcmboliks. Bonfortunost leiad laia valiku freesiaid hea hinna![:ru]\u0411\u043b\u0430\u0433\u043e\u0434\u0430\u0440\u044f \u0441\u0432\u043e\u0435\u043c\u0443 \u043d\u0435\u0436\u043d\u043e\u043c\u0443, \u0441\u043b\u0430\u0434\u043a\u043e\u043c\u0443, \u0446\u0438\u0442\u0440\u0443\u0441\u043e\u0432\u043e\u043c\u0443 \u0437\u0430\u043f\u0430\u0445\u0443, \u0444\u0440\u0435\u0437\u0438\u0438 \u044f\u0432\u043b\u044f\u044e\u0442\u0441\u044f \u043e\u0434\u043d\u0438\u043c \u0438\u0437 \u0441\u0430\u043c\u044b\u0445 \u043f\u043e\u043f\u0443\u043b\u044f\u0440\u043d\u044b\u0445 \u0446\u0432\u0435\u0442\u043e\u0432 \u0432 \u043c\u0438\u0440\u0435. \u0413\u043e\u0432\u043e\u0440\u044f\u0442, \u0447\u0442\u043e \u043d\u0430 \u044f\u0437\u044b\u043a\u0435 \u0446\u0432\u0435\u0442\u043e\u0432 \u0444\u0440\u0435\u0437\u0438\u044f \u043e\u0437\u043d\u0430\u0447\u0430\u0435\u0442 \u043d\u0435\u0432\u0438\u043d\u043d\u043e\u0441\u0442\u044c \u0438 \u0434\u0440\u0443\u0436\u0431\u0443. Bonfortuno \u043f\u0440\u0435\u0434\u043b\u0430\u0433\u0430\u0435\u0442 \u0434\u0440\u0443\u0436\u0435\u043b\u044e\u0431\u043d\u044b\u0435 \u0446\u0435\u043d\u044b \u0437\u0430 \u044d\u0442\u043e\u0442 \u0447\u0443\u0434\u0435\u0441\u043d\u044b\u0439 \u0446\u0432\u0435\u0442\u043e\u043a![:en]Due to their delicate sweet, citrus scent, freesias are one of the most popular flowers in the world. In the language of flowers, freesia are said to symbolize innocence and friendship. We offer a good price for this wonderful flower![:]\" \/>\n<meta property=\"og:url\" content=\"https:\/\/bonfortuno.eu\/toode\/lilla-freesia\/\" \/>\n<meta property=\"og:site_name\" content=\"Bonfortuno\" \/>\n<meta property=\"article:modified_time\" content=\"2018-07-06T14:22:56+00:00\" \/>\n<meta property=\"og:image\" content=\"https:\/\/bonfortuno.eu\/wp-content\/uploads\/2018\/07\/77.jpg\" \/>\n\t<meta property=\"og:image:width\" content=\"722\" \/>\n\t<meta property=\"og:image:height\" content=\"900\" \/>\n\t<meta property=\"og:image:type\" content=\"image\/jpeg\" \/>\n<meta name=\"twitter:card\" content=\"summary_large_image\" \/>\n<script type=\"application\/ld+json\" class=\"yoast-schema-graph\">{\"@context\":\"https:\\\/\\\/schema.org\",\"@graph\":[{\"@type\":\"WebPage\",\"@id\":\"https:\\\/\\\/bonfortuno.eu\\\/toode\\\/lilla-freesia\\\/\",\"url\":\"https:\\\/\\\/bonfortuno.eu\\\/toode\\\/lilla-freesia\\\/\",\"name\":\"[:et]\u201cLilla Freesia\u201d[:ru]\u00ab\u0424\u0438\u043e\u043b\u0435\u0442\u043e\u0432\u0430\u044f \u0424\u0440\u0435\u0437\u0438\u044f\u00bb[:en]\u201cPurple Freesia\u201d[:] | Bonfortuno\",\"isPartOf\":{\"@id\":\"https:\\\/\\\/bonfortuno.eu\\\/ru\\\/#website\"},\"primaryImageOfPage\":{\"@id\":\"https:\\\/\\\/bonfortuno.eu\\\/toode\\\/lilla-freesia\\\/#primaryimage\"},\"image\":{\"@id\":\"https:\\\/\\\/bonfortuno.eu\\\/toode\\\/lilla-freesia\\\/#primaryimage\"},\"thumbnailUrl\":\"https:\\\/\\\/bonfortuno.eu\\\/wp-content\\\/uploads\\\/2018\\\/07\\\/77.jpg\",\"datePublished\":\"2018-07-06T14:21:51+00:00\",\"dateModified\":\"2018-07-06T14:22:56+00:00\",\"breadcrumb\":{\"@id\":\"https:\\\/\\\/bonfortuno.eu\\\/toode\\\/lilla-freesia\\\/#breadcrumb\"},\"inLanguage\":\"en-US\",\"potentialAction\":[{\"@type\":\"ReadAction\",\"target\":[\"https:\\\/\\\/bonfortuno.eu\\\/toode\\\/lilla-freesia\\\/\"]}]},{\"@type\":\"ImageObject\",\"inLanguage\":\"en-US\",\"@id\":\"https:\\\/\\\/bonfortuno.eu\\\/toode\\\/lilla-freesia\\\/#primaryimage\",\"url\":\"https:\\\/\\\/bonfortuno.eu\\\/wp-content\\\/uploads\\\/2018\\\/07\\\/77.jpg\",\"contentUrl\":\"https:\\\/\\\/bonfortuno.eu\\\/wp-content\\\/uploads\\\/2018\\\/07\\\/77.jpg\",\"width\":722,\"height\":900,\"caption\":\"lilled\"},{\"@type\":\"BreadcrumbList\",\"@id\":\"https:\\\/\\\/bonfortuno.eu\\\/toode\\\/lilla-freesia\\\/#breadcrumb\",\"itemListElement\":[{\"@type\":\"ListItem\",\"position\":1,\"name\":\"\u0413\u043b\u0430\u0432\u043d\u0430\u044f \u0441\u0442\u0440\u0430\u043d\u0438\u0446\u0430\",\"item\":\"https:\\\/\\\/bonfortuno.eu\\\/\"},{\"@type\":\"ListItem\",\"position\":2,\"name\":\"\u041c\u0430\u0433\u0430\u0437\u0438\u043d\",\"item\":\"https:\\\/\\\/bonfortuno.eu\\\/\"},{\"@type\":\"ListItem\",\"position\":3,\"name\":\"\u201cLilla Freesia\u201d\"}]},{\"@type\":\"WebSite\",\"@id\":\"https:\\\/\\\/bonfortuno.eu\\\/ru\\\/#website\",\"url\":\"https:\\\/\\\/bonfortuno.eu\\\/ru\\\/\",\"name\":\"Bonfortuno\",\"description\":\"The world of fresh flowers\",\"potentialAction\":[{\"@type\":\"SearchAction\",\"target\":{\"@type\":\"EntryPoint\",\"urlTemplate\":\"https:\\\/\\\/bonfortuno.eu\\\/ru\\\/?s={search_term_string}\"},\"query-input\":{\"@type\":\"PropertyValueSpecification\",\"valueRequired\":true,\"valueName\":\"search_term_string\"}}],\"inLanguage\":\"en-US\"}]}<\/script>\n<!-- \/ Yoast SEO plugin. -->","yoast_head_json":{"title":"[:et]\u201cLilla Freesia\u201d[:ru]\u00ab\u0424\u0438\u043e\u043b\u0435\u0442\u043e\u0432\u0430\u044f \u0424\u0440\u0435\u0437\u0438\u044f\u00bb[:en]\u201cPurple Freesia\u201d[:] | Bonfortuno","robots":{"index":"index","follow":"follow","max-snippet":"max-snippet:-1","max-image-preview":"max-image-preview:large","max-video-preview":"max-video-preview:-1"},"canonical":"https:\/\/bonfortuno.eu\/toode\/lilla-freesia\/","og_locale":"en_US","og_type":"article","og_title":"[:et]\u201cLilla Freesia\u201d[:ru]\u00ab\u0424\u0438\u043e\u043b\u0435\u0442\u043e\u0432\u0430\u044f \u0424\u0440\u0435\u0437\u0438\u044f\u00bb[:en]\u201cPurple Freesia\u201d[:] | Bonfortuno","og_description":"[:et]T\u00e4nu enda magusale tsitruse noodiga l\u00f5hnale freesia on \u00fcks populaarsemaid lilli maailmas. Lillede keeles nimetatakse freesiat s\u00fc\u00fctuse ja s\u00f5pruse s\u00fcmboliks. Bonfortunost leiad laia valiku freesiaid hea hinna![:ru]\u0411\u043b\u0430\u0433\u043e\u0434\u0430\u0440\u044f \u0441\u0432\u043e\u0435\u043c\u0443 \u043d\u0435\u0436\u043d\u043e\u043c\u0443, \u0441\u043b\u0430\u0434\u043a\u043e\u043c\u0443, \u0446\u0438\u0442\u0440\u0443\u0441\u043e\u0432\u043e\u043c\u0443 \u0437\u0430\u043f\u0430\u0445\u0443, \u0444\u0440\u0435\u0437\u0438\u0438 \u044f\u0432\u043b\u044f\u044e\u0442\u0441\u044f \u043e\u0434\u043d\u0438\u043c \u0438\u0437 \u0441\u0430\u043c\u044b\u0445 \u043f\u043e\u043f\u0443\u043b\u044f\u0440\u043d\u044b\u0445 \u0446\u0432\u0435\u0442\u043e\u0432 \u0432 \u043c\u0438\u0440\u0435. \u0413\u043e\u0432\u043e\u0440\u044f\u0442, \u0447\u0442\u043e \u043d\u0430 \u044f\u0437\u044b\u043a\u0435 \u0446\u0432\u0435\u0442\u043e\u0432 \u0444\u0440\u0435\u0437\u0438\u044f \u043e\u0437\u043d\u0430\u0447\u0430\u0435\u0442 \u043d\u0435\u0432\u0438\u043d\u043d\u043e\u0441\u0442\u044c \u0438 \u0434\u0440\u0443\u0436\u0431\u0443. Bonfortuno \u043f\u0440\u0435\u0434\u043b\u0430\u0433\u0430\u0435\u0442 \u0434\u0440\u0443\u0436\u0435\u043b\u044e\u0431\u043d\u044b\u0435 \u0446\u0435\u043d\u044b \u0437\u0430 \u044d\u0442\u043e\u0442 \u0447\u0443\u0434\u0435\u0441\u043d\u044b\u0439 \u0446\u0432\u0435\u0442\u043e\u043a![:en]Due to their delicate sweet, citrus scent, freesias are one of the most popular flowers in the world. In the language of flowers, freesia are said to symbolize innocence and friendship. We offer a good price for this wonderful flower![:]","og_url":"https:\/\/bonfortuno.eu\/toode\/lilla-freesia\/","og_site_name":"Bonfortuno","article_modified_time":"2018-07-06T14:22:56+00:00","og_image":[{"width":722,"height":900,"url":"https:\/\/bonfortuno.eu\/wp-content\/uploads\/2018\/07\/77.jpg","type":"image\/jpeg"}],"twitter_card":"summary_large_image","schema":{"@context":"https:\/\/schema.org","@graph":[{"@type":"WebPage","@id":"https:\/\/bonfortuno.eu\/toode\/lilla-freesia\/","url":"https:\/\/bonfortuno.eu\/toode\/lilla-freesia\/","name":"[:et]\u201cLilla Freesia\u201d[:ru]\u00ab\u0424\u0438\u043e\u043b\u0435\u0442\u043e\u0432\u0430\u044f \u0424\u0440\u0435\u0437\u0438\u044f\u00bb[:en]\u201cPurple Freesia\u201d[:] | Bonfortuno","isPartOf":{"@id":"https:\/\/bonfortuno.eu\/ru\/#website"},"primaryImageOfPage":{"@id":"https:\/\/bonfortuno.eu\/toode\/lilla-freesia\/#primaryimage"},"image":{"@id":"https:\/\/bonfortuno.eu\/toode\/lilla-freesia\/#primaryimage"},"thumbnailUrl":"https:\/\/bonfortuno.eu\/wp-content\/uploads\/2018\/07\/77.jpg","datePublished":"2018-07-06T14:21:51+00:00","dateModified":"2018-07-06T14:22:56+00:00","breadcrumb":{"@id":"https:\/\/bonfortuno.eu\/toode\/lilla-freesia\/#breadcrumb"},"inLanguage":"en-US","potentialAction":[{"@type":"ReadAction","target":["https:\/\/bonfortuno.eu\/toode\/lilla-freesia\/"]}]},{"@type":"ImageObject","inLanguage":"en-US","@id":"https:\/\/bonfortuno.eu\/toode\/lilla-freesia\/#primaryimage","url":"https:\/\/bonfortuno.eu\/wp-content\/uploads\/2018\/07\/77.jpg","contentUrl":"https:\/\/bonfortuno.eu\/wp-content\/uploads\/2018\/07\/77.jpg","width":722,"height":900,"caption":"lilled"},{"@type":"BreadcrumbList","@id":"https:\/\/bonfortuno.eu\/toode\/lilla-freesia\/#breadcrumb","itemListElement":[{"@type":"ListItem","position":1,"name":"\u0413\u043b\u0430\u0432\u043d\u0430\u044f \u0441\u0442\u0440\u0430\u043d\u0438\u0446\u0430","item":"https:\/\/bonfortuno.eu\/"},{"@type":"ListItem","position":2,"name":"\u041c\u0430\u0433\u0430\u0437\u0438\u043d","item":"https:\/\/bonfortuno.eu\/"},{"@type":"ListItem","position":3,"name":"\u201cLilla Freesia\u201d"}]},{"@type":"WebSite","@id":"https:\/\/bonfortuno.eu\/ru\/#website","url":"https:\/\/bonfortuno.eu\/ru\/","name":"Bonfortuno","description":"The world of fresh flowers","potentialAction":[{"@type":"SearchAction","target":{"@type":"EntryPoint","urlTemplate":"https:\/\/bonfortuno.eu\/ru\/?s={search_term_string}"},"query-input":{"@type":"PropertyValueSpecification","valueRequired":true,"valueName":"search_term_string"}}],"inLanguage":"en-US"}]}},"_links":{"self":[{"href":"https:\/\/bonfortuno.eu\/en\/wp-json\/wp\/v2\/product\/786","targetHints":{"allow":["GET"]}}],"collection":[{"href":"https:\/\/bonfortuno.eu\/en\/wp-json\/wp\/v2\/product"}],"about":[{"href":"https:\/\/bonfortuno.eu\/en\/wp-json\/wp\/v2\/types\/product"}],"wp:featuredmedia":[{"embeddable":true,"href":"https:\/\/bonfortuno.eu\/en\/wp-json\/wp\/v2\/media\/694"}],"wp:attachment":[{"href":"https:\/\/bonfortuno.eu\/en\/wp-json\/wp\/v2\/media?parent=786"}],"wp:term":[{"taxonomy":"product_brand","embeddable":true,"href":"https:\/\/bonfortuno.eu\/en\/wp-json\/wp\/v2\/product_brand?post=786"},{"taxonomy":"product_cat","embeddable":true,"href":"https:\/\/bonfortuno.eu\/en\/wp-json\/wp\/v2\/product_cat?post=786"},{"taxonomy":"product_tag","embeddable":true,"href":"https:\/\/bonfortuno.eu\/en\/wp-json\/wp\/v2\/product_tag?post=786"}],"curies":[{"name":"wp","href":"https:\/\/api.w.org\/{rel}","templated":true}]}}