{"id":814,"date":"2018-07-09T14:16:33","date_gmt":"2018-07-09T11:16:33","guid":{"rendered":"https:\/\/bonfortuno.eu\/?post_type=product&#038;p=814"},"modified":"2022-01-08T15:29:52","modified_gmt":"2022-01-08T13:29:52","slug":"marlene","status":"publish","type":"product","link":"https:\/\/bonfortuno.eu\/en\/toode\/marlene\/","title":{"rendered":"\u201cMarlene\u201d"},"content":{"rendered":"","protected":false},"excerpt":{"rendered":"<p style=\"text-align: justify;\">Feminine, romantic, and timeless. Presented in a classic wooden basket, this unforgettable fresh flower arrangement can be accented with a happy birthday card or one of our wonderful balloons to create a fun and festive gift. Perfect for an anniversary celebration, office, weddings, whatever the occasion!<\/p>\n<p>Color of flowers may vary<\/p>\n","protected":false},"featured_media":697,"template":"","meta":[],"product_brand":[],"product_cat":[76,36],"product_tag":[52,79,39],"class_list":{"0":"post-814","1":"product","2":"type-product","3":"status-publish","4":"has-post-thumbnail","6":"product_cat-koik-tooted","7":"product_cat-lilleseade-korvis","8":"product_tag-gerbera","9":"product_tag-keskmine","10":"product_tag-roosid","12":"first","13":"instock","14":"featured","15":"shipping-taxable","16":"purchasable","17":"product-type-simple"},"yoast_head":"<!-- This site is optimized with the Yoast SEO plugin v27.4 - https:\/\/yoast.com\/product\/yoast-seo-wordpress\/ -->\n<title>\u201cMarlene\u201d | Bonfortuno<\/title>\n<meta name=\"robots\" content=\"index, follow, max-snippet:-1, max-image-preview:large, max-video-preview:-1\" \/>\n<link rel=\"canonical\" href=\"https:\/\/bonfortuno.eu\/toode\/marlene\/\" \/>\n<meta property=\"og:locale\" content=\"en_US\" \/>\n<meta property=\"og:type\" content=\"article\" \/>\n<meta property=\"og:title\" content=\"\u201cMarlene\u201d | Bonfortuno\" \/>\n<meta property=\"og:description\" content=\"[:et]Naiselik, romantiline ja ajatu. T\u00e4iuslik kaasaegse ja klassikalise kombinatsioon. V\u00e4rske lilleseade klassikalises puidust korvis. Lisage kingitusele meeldiva s\u00fcnnip\u00e4evakaardi v\u00f5i toreda \u00f5hupalli. Sobib nii s\u00fcnnip\u00e4evaks kui ka pulma aastap\u00e4evaks. Lillede v\u00e4rvus v\u00f5ib varieeruda[:ru]\u0416\u0435\u043d\u0441\u0442\u0432\u0435\u043d\u043d\u044b\u0439, \u0440\u043e\u043c\u0430\u043d\u0442\u0438\u0447\u043d\u044b\u0439 \u0438 \u0432\u0435\u0447\u043d\u044b\u0439. \u041f\u0440\u0435\u0434\u0441\u0442\u0430\u0432\u043b\u0435\u043d\u043d\u0430\u044f \u0432 \u043a\u043b\u0430\u0441\u0441\u0438\u0447\u0435\u0441\u043a\u043e\u0439 \u0434\u0435\u0440\u0435\u0432\u044f\u043d\u043d\u043e\u0439 \u043a\u043e\u0440\u0437\u0438\u043d\u0435 \u044d\u0442\u0430 \u043d\u0435\u0437\u0430\u0431\u044b\u0432\u0430\u0435\u043c\u0430\u044f \u0441\u0432\u0435\u0436\u0430\u044f \u0446\u0432\u0435\u0442\u043e\u0447\u043d\u0430\u044f \u043a\u043e\u043c\u043f\u043e\u0437\u0438\u0446\u0438\u044f \u0441\u0442\u0430\u043d\u0435\u0442 \u043f\u0440\u0435\u043a\u0440\u0430\u0441\u043d\u044b\u043c \u043f\u043e\u0434\u0430\u0440\u043a\u043e\u043c \u0434\u043b\u044f \u043b\u044e\u0431\u043e\u0433\u043e \u0441\u043b\u0443\u0447\u0430\u044f! \u0414\u043e\u0431\u0430\u0432\u044c\u0442\u0435 \u043f\u043e\u0437\u0434\u0440\u0430\u0432\u0438\u0442\u0435\u043b\u044c\u043d\u0443\u044e \u043e\u0442\u043a\u0440\u044b\u0442\u043a\u0443 \u0438\u043b\u0438 \u043e\u0434\u0438\u043d \u0438\u0437 \u043d\u0430\u0448\u0438\u0445 \u0437\u0430\u043c\u0435\u0447\u0430\u0442\u0435\u043b\u044c\u043d\u044b\u0445 \u0432\u043e\u0437\u0434\u0443\u0448\u043d\u044b\u0445 \u0448\u0430\u0440\u043e\u0432, \u0447\u0442\u043e\u0431\u044b \u0441\u043e\u0437\u0434\u0430\u0442\u044c \u0432\u0435\u0441\u0435\u043b\u043e\u0435 \u0438 \u043f\u0440\u0430\u0437\u0434\u043d\u0438\u0447\u043d\u043e\u0435 \u043d\u0430\u0441\u0442\u0440\u043e\u0435\u043d\u0438\u0435. \u0426\u0432\u0435\u0442 \u0446\u0432\u0435\u0442\u043e\u0432 \u043c\u043e\u0436\u0435\u0442 \u043c\u0435\u043d\u044f\u0442\u044c\u0441\u044f [:en]Feminine, romantic, and timeless. Presented in a classic wooden basket, this unforgettable fresh flower arrangement can be accented with a happy birthday card or one of our wonderful balloons to create a fun and festive gift. Perfect for an anniversary celebration, office, weddings, whatever the occasion! Color of flowers may vary[:]\" \/>\n<meta property=\"og:url\" content=\"https:\/\/bonfortuno.eu\/toode\/marlene\/\" \/>\n<meta property=\"og:site_name\" content=\"Bonfortuno\" \/>\n<meta property=\"article:modified_time\" content=\"2022-01-08T13:29:52+00:00\" \/>\n<meta property=\"og:image\" content=\"https:\/\/bonfortuno.eu\/wp-content\/uploads\/2018\/07\/80.jpg\" \/>\n\t<meta property=\"og:image:width\" content=\"400\" \/>\n\t<meta property=\"og:image:height\" content=\"470\" \/>\n\t<meta property=\"og:image:type\" content=\"image\/jpeg\" \/>\n<meta name=\"twitter:card\" content=\"summary_large_image\" \/>\n<script type=\"application\/ld+json\" class=\"yoast-schema-graph\">{\"@context\":\"https:\\\/\\\/schema.org\",\"@graph\":[{\"@type\":\"WebPage\",\"@id\":\"https:\\\/\\\/bonfortuno.eu\\\/toode\\\/marlene\\\/\",\"url\":\"https:\\\/\\\/bonfortuno.eu\\\/toode\\\/marlene\\\/\",\"name\":\"\u201cMarlene\u201d | Bonfortuno\",\"isPartOf\":{\"@id\":\"https:\\\/\\\/bonfortuno.eu\\\/ru\\\/#website\"},\"primaryImageOfPage\":{\"@id\":\"https:\\\/\\\/bonfortuno.eu\\\/toode\\\/marlene\\\/#primaryimage\"},\"image\":{\"@id\":\"https:\\\/\\\/bonfortuno.eu\\\/toode\\\/marlene\\\/#primaryimage\"},\"thumbnailUrl\":\"https:\\\/\\\/bonfortuno.eu\\\/wp-content\\\/uploads\\\/2018\\\/07\\\/80.jpg\",\"datePublished\":\"2018-07-09T11:16:33+00:00\",\"dateModified\":\"2022-01-08T13:29:52+00:00\",\"breadcrumb\":{\"@id\":\"https:\\\/\\\/bonfortuno.eu\\\/toode\\\/marlene\\\/#breadcrumb\"},\"inLanguage\":\"en-US\",\"potentialAction\":[{\"@type\":\"ReadAction\",\"target\":[\"https:\\\/\\\/bonfortuno.eu\\\/toode\\\/marlene\\\/\"]}]},{\"@type\":\"ImageObject\",\"inLanguage\":\"en-US\",\"@id\":\"https:\\\/\\\/bonfortuno.eu\\\/toode\\\/marlene\\\/#primaryimage\",\"url\":\"https:\\\/\\\/bonfortuno.eu\\\/wp-content\\\/uploads\\\/2018\\\/07\\\/80.jpg\",\"contentUrl\":\"https:\\\/\\\/bonfortuno.eu\\\/wp-content\\\/uploads\\\/2018\\\/07\\\/80.jpg\",\"width\":400,\"height\":470,\"caption\":\"lillseade korvis tallinn\"},{\"@type\":\"BreadcrumbList\",\"@id\":\"https:\\\/\\\/bonfortuno.eu\\\/toode\\\/marlene\\\/#breadcrumb\",\"itemListElement\":[{\"@type\":\"ListItem\",\"position\":1,\"name\":\"\u0413\u043b\u0430\u0432\u043d\u0430\u044f \u0441\u0442\u0440\u0430\u043d\u0438\u0446\u0430\",\"item\":\"https:\\\/\\\/bonfortuno.eu\\\/\"},{\"@type\":\"ListItem\",\"position\":2,\"name\":\"\u041c\u0430\u0433\u0430\u0437\u0438\u043d\",\"item\":\"https:\\\/\\\/bonfortuno.eu\\\/\"},{\"@type\":\"ListItem\",\"position\":3,\"name\":\"\u201cMarlene\u201d\"}]},{\"@type\":\"WebSite\",\"@id\":\"https:\\\/\\\/bonfortuno.eu\\\/ru\\\/#website\",\"url\":\"https:\\\/\\\/bonfortuno.eu\\\/ru\\\/\",\"name\":\"Bonfortuno\",\"description\":\"The world of fresh flowers\",\"potentialAction\":[{\"@type\":\"SearchAction\",\"target\":{\"@type\":\"EntryPoint\",\"urlTemplate\":\"https:\\\/\\\/bonfortuno.eu\\\/ru\\\/?s={search_term_string}\"},\"query-input\":{\"@type\":\"PropertyValueSpecification\",\"valueRequired\":true,\"valueName\":\"search_term_string\"}}],\"inLanguage\":\"en-US\"}]}<\/script>\n<!-- \/ Yoast SEO plugin. -->","yoast_head_json":{"title":"\u201cMarlene\u201d | Bonfortuno","robots":{"index":"index","follow":"follow","max-snippet":"max-snippet:-1","max-image-preview":"max-image-preview:large","max-video-preview":"max-video-preview:-1"},"canonical":"https:\/\/bonfortuno.eu\/toode\/marlene\/","og_locale":"en_US","og_type":"article","og_title":"\u201cMarlene\u201d | Bonfortuno","og_description":"[:et]Naiselik, romantiline ja ajatu. T\u00e4iuslik kaasaegse ja klassikalise kombinatsioon. V\u00e4rske lilleseade klassikalises puidust korvis. Lisage kingitusele meeldiva s\u00fcnnip\u00e4evakaardi v\u00f5i toreda \u00f5hupalli. Sobib nii s\u00fcnnip\u00e4evaks kui ka pulma aastap\u00e4evaks. Lillede v\u00e4rvus v\u00f5ib varieeruda[:ru]\u0416\u0435\u043d\u0441\u0442\u0432\u0435\u043d\u043d\u044b\u0439, \u0440\u043e\u043c\u0430\u043d\u0442\u0438\u0447\u043d\u044b\u0439 \u0438 \u0432\u0435\u0447\u043d\u044b\u0439. \u041f\u0440\u0435\u0434\u0441\u0442\u0430\u0432\u043b\u0435\u043d\u043d\u0430\u044f \u0432 \u043a\u043b\u0430\u0441\u0441\u0438\u0447\u0435\u0441\u043a\u043e\u0439 \u0434\u0435\u0440\u0435\u0432\u044f\u043d\u043d\u043e\u0439 \u043a\u043e\u0440\u0437\u0438\u043d\u0435 \u044d\u0442\u0430 \u043d\u0435\u0437\u0430\u0431\u044b\u0432\u0430\u0435\u043c\u0430\u044f \u0441\u0432\u0435\u0436\u0430\u044f \u0446\u0432\u0435\u0442\u043e\u0447\u043d\u0430\u044f \u043a\u043e\u043c\u043f\u043e\u0437\u0438\u0446\u0438\u044f \u0441\u0442\u0430\u043d\u0435\u0442 \u043f\u0440\u0435\u043a\u0440\u0430\u0441\u043d\u044b\u043c \u043f\u043e\u0434\u0430\u0440\u043a\u043e\u043c \u0434\u043b\u044f \u043b\u044e\u0431\u043e\u0433\u043e \u0441\u043b\u0443\u0447\u0430\u044f! \u0414\u043e\u0431\u0430\u0432\u044c\u0442\u0435 \u043f\u043e\u0437\u0434\u0440\u0430\u0432\u0438\u0442\u0435\u043b\u044c\u043d\u0443\u044e \u043e\u0442\u043a\u0440\u044b\u0442\u043a\u0443 \u0438\u043b\u0438 \u043e\u0434\u0438\u043d \u0438\u0437 \u043d\u0430\u0448\u0438\u0445 \u0437\u0430\u043c\u0435\u0447\u0430\u0442\u0435\u043b\u044c\u043d\u044b\u0445 \u0432\u043e\u0437\u0434\u0443\u0448\u043d\u044b\u0445 \u0448\u0430\u0440\u043e\u0432, \u0447\u0442\u043e\u0431\u044b \u0441\u043e\u0437\u0434\u0430\u0442\u044c \u0432\u0435\u0441\u0435\u043b\u043e\u0435 \u0438 \u043f\u0440\u0430\u0437\u0434\u043d\u0438\u0447\u043d\u043e\u0435 \u043d\u0430\u0441\u0442\u0440\u043e\u0435\u043d\u0438\u0435. \u0426\u0432\u0435\u0442 \u0446\u0432\u0435\u0442\u043e\u0432 \u043c\u043e\u0436\u0435\u0442 \u043c\u0435\u043d\u044f\u0442\u044c\u0441\u044f [:en]Feminine, romantic, and timeless. Presented in a classic wooden basket, this unforgettable fresh flower arrangement can be accented with a happy birthday card or one of our wonderful balloons to create a fun and festive gift. Perfect for an anniversary celebration, office, weddings, whatever the occasion! Color of flowers may vary[:]","og_url":"https:\/\/bonfortuno.eu\/toode\/marlene\/","og_site_name":"Bonfortuno","article_modified_time":"2022-01-08T13:29:52+00:00","og_image":[{"width":400,"height":470,"url":"https:\/\/bonfortuno.eu\/wp-content\/uploads\/2018\/07\/80.jpg","type":"image\/jpeg"}],"twitter_card":"summary_large_image","schema":{"@context":"https:\/\/schema.org","@graph":[{"@type":"WebPage","@id":"https:\/\/bonfortuno.eu\/toode\/marlene\/","url":"https:\/\/bonfortuno.eu\/toode\/marlene\/","name":"\u201cMarlene\u201d | Bonfortuno","isPartOf":{"@id":"https:\/\/bonfortuno.eu\/ru\/#website"},"primaryImageOfPage":{"@id":"https:\/\/bonfortuno.eu\/toode\/marlene\/#primaryimage"},"image":{"@id":"https:\/\/bonfortuno.eu\/toode\/marlene\/#primaryimage"},"thumbnailUrl":"https:\/\/bonfortuno.eu\/wp-content\/uploads\/2018\/07\/80.jpg","datePublished":"2018-07-09T11:16:33+00:00","dateModified":"2022-01-08T13:29:52+00:00","breadcrumb":{"@id":"https:\/\/bonfortuno.eu\/toode\/marlene\/#breadcrumb"},"inLanguage":"en-US","potentialAction":[{"@type":"ReadAction","target":["https:\/\/bonfortuno.eu\/toode\/marlene\/"]}]},{"@type":"ImageObject","inLanguage":"en-US","@id":"https:\/\/bonfortuno.eu\/toode\/marlene\/#primaryimage","url":"https:\/\/bonfortuno.eu\/wp-content\/uploads\/2018\/07\/80.jpg","contentUrl":"https:\/\/bonfortuno.eu\/wp-content\/uploads\/2018\/07\/80.jpg","width":400,"height":470,"caption":"lillseade korvis tallinn"},{"@type":"BreadcrumbList","@id":"https:\/\/bonfortuno.eu\/toode\/marlene\/#breadcrumb","itemListElement":[{"@type":"ListItem","position":1,"name":"\u0413\u043b\u0430\u0432\u043d\u0430\u044f \u0441\u0442\u0440\u0430\u043d\u0438\u0446\u0430","item":"https:\/\/bonfortuno.eu\/"},{"@type":"ListItem","position":2,"name":"\u041c\u0430\u0433\u0430\u0437\u0438\u043d","item":"https:\/\/bonfortuno.eu\/"},{"@type":"ListItem","position":3,"name":"\u201cMarlene\u201d"}]},{"@type":"WebSite","@id":"https:\/\/bonfortuno.eu\/ru\/#website","url":"https:\/\/bonfortuno.eu\/ru\/","name":"Bonfortuno","description":"The world of fresh flowers","potentialAction":[{"@type":"SearchAction","target":{"@type":"EntryPoint","urlTemplate":"https:\/\/bonfortuno.eu\/ru\/?s={search_term_string}"},"query-input":{"@type":"PropertyValueSpecification","valueRequired":true,"valueName":"search_term_string"}}],"inLanguage":"en-US"}]}},"_links":{"self":[{"href":"https:\/\/bonfortuno.eu\/en\/wp-json\/wp\/v2\/product\/814","targetHints":{"allow":["GET"]}}],"collection":[{"href":"https:\/\/bonfortuno.eu\/en\/wp-json\/wp\/v2\/product"}],"about":[{"href":"https:\/\/bonfortuno.eu\/en\/wp-json\/wp\/v2\/types\/product"}],"wp:featuredmedia":[{"embeddable":true,"href":"https:\/\/bonfortuno.eu\/en\/wp-json\/wp\/v2\/media\/697"}],"wp:attachment":[{"href":"https:\/\/bonfortuno.eu\/en\/wp-json\/wp\/v2\/media?parent=814"}],"wp:term":[{"taxonomy":"product_brand","embeddable":true,"href":"https:\/\/bonfortuno.eu\/en\/wp-json\/wp\/v2\/product_brand?post=814"},{"taxonomy":"product_cat","embeddable":true,"href":"https:\/\/bonfortuno.eu\/en\/wp-json\/wp\/v2\/product_cat?post=814"},{"taxonomy":"product_tag","embeddable":true,"href":"https:\/\/bonfortuno.eu\/en\/wp-json\/wp\/v2\/product_tag?post=814"}],"curies":[{"name":"wp","href":"https:\/\/api.w.org\/{rel}","templated":true}]}}