{"id":830,"date":"2018-07-09T14:36:16","date_gmt":"2018-07-09T11:36:16","guid":{"rendered":"https:\/\/bonfortuno.eu\/?post_type=product&#038;p=830"},"modified":"2022-09-04T13:03:55","modified_gmt":"2022-09-04T10:03:55","slug":"inkaliilia-3","status":"publish","type":"product","link":"https:\/\/bonfortuno.eu\/en\/toode\/inkaliilia-3\/","title":{"rendered":"\u201dLily of the Incas\u201d"},"content":{"rendered":"","protected":false},"excerpt":{"rendered":"<p style=\"text-align: justify;\">This eye-catching Alstroemerias, commonly called the Peruvian lily or lily of the Incas, are ideal for any occasion. They have lovely bright colors. All of our fresh flower bouquets are designed by our talented and creative florists. Please note that accents and colors may vary from those shown in the photo.<\/p>\n","protected":false},"featured_media":705,"template":"","meta":[],"product_brand":[],"product_cat":[76,38],"product_tag":[48],"class_list":{"0":"post-830","1":"product","2":"type-product","3":"status-publish","4":"has-post-thumbnail","6":"product_cat-koik-tooted","7":"product_cat-loikelilled","8":"product_tag-lstroemeria","10":"first","11":"instock","12":"featured","13":"shipping-taxable","14":"purchasable","15":"product-type-simple"},"yoast_head":"<!-- This site is optimized with the Yoast SEO plugin v27.3 - https:\/\/yoast.com\/product\/yoast-seo-wordpress\/ -->\n<title>\u201dLily of the Incas\u201d | Bonfortuno<\/title>\n<meta name=\"robots\" content=\"index, follow, max-snippet:-1, max-image-preview:large, max-video-preview:-1\" \/>\n<link rel=\"canonical\" href=\"https:\/\/bonfortuno.eu\/toode\/inkaliilia-3\/\" \/>\n<meta property=\"og:locale\" content=\"en_US\" \/>\n<meta property=\"og:type\" content=\"article\" \/>\n<meta property=\"og:title\" content=\"[:et]&quot;Inkaliilia&quot;[:ru]\u00ab\u041f\u0435\u0440\u0443\u0430\u043d\u0441\u043a\u0430\u044f \u043b\u0438\u043b\u0438\u044f\u00bb[:en]\u201dLily of the Incas\u201d[:] | Bonfortuno\" \/>\n<meta property=\"og:description\" content=\"[:et]Tuntud ka kui Peruu liilia ja alstr\u00f6meeria. Haruldane ja fantastiliselt ilus! See pilkup\u00fc\u00fcdev lill sobiks igaks s\u00fcndmuseks. Kui sul on k\u00fcsimusi, siis tule meie poodi, kust leiad ka palju teisi haruldasi lilli. Meie andekad t\u00f6\u00f6tajad koostavad imeilusaid kimpe! Vali enda lemmik v\u00e4rvikombinatsioon! T\u00e4helepanu, v\u00e4rvid v\u00f5ivad erineda nendest, mis on piltidel.[:ru]\u042d\u0442\u0438 \u043f\u0440\u0438\u0432\u043b\u0435\u043a\u0430\u0442\u0435\u043b\u044c\u043d\u044b\u0435 \u0410\u043b\u044c\u0441\u0442\u0440\u043e\u043c\u0435\u0440\u0438\u0438, \u043e\u0431\u044b\u0447\u043d\u043e \u043d\u0430\u0437\u044b\u0432\u0430\u0435\u043c\u044b\u0435 \u043f\u0435\u0440\u0443\u0430\u043d\u0441\u043a\u0438\u043c\u0438 \u043b\u0438\u043b\u0438\u044f\u043c\u0438 \u0438\u043b\u0438 \u043b\u0438\u043b\u0438\u044f\u043c\u0438 \u0438\u043d\u043a\u043e\u0432, \u0438\u0434\u0435\u0430\u043b\u044c\u043d\u043e \u043f\u043e\u0434\u0445\u043e\u0434\u044f\u0442 \u0434\u043b\u044f \u043b\u044e\u0431\u043e\u0433\u043e \u0441\u043b\u0443\u0447\u0430\u044f. \u0423 \u043d\u0438\u0445 \u043d\u0430\u0442\u0443\u0440\u0430\u043b\u044c\u043d\u044b\u0435 \u044f\u0440\u043a\u0438\u0435 \u0446\u0432\u0435\u0442\u0430. \u041f\u0440\u0438\u0445\u043e\u0434\u0438\u0442\u0435 \u043a \u043d\u0430\u043c \u0432 \u043c\u0430\u0433\u0430\u0437\u0438\u043d, \u0433\u0434\u0435 \u0432\u044b \u043d\u0430\u0439\u0434\u0451\u0442\u0435 \u0431\u043e\u043b\u044c\u0448\u043e\u0439 \u0432\u044b\u0431\u043e\u0440 \u0434\u0440\u0443\u0433\u0438\u0445 \u0440\u0435\u0434\u043a\u0438\u0445 \u0446\u0432\u0435\u0442\u043e\u0432. \u041e\u0431\u0440\u0430\u0442\u0438\u0442\u0435 \u0432\u043d\u0438\u043c\u0430\u043d\u0438\u0435, \u0447\u0442\u043e \u0430\u043a\u0446\u0435\u043d\u0442\u044b \u0438 \u0446\u0432\u0435\u0442\u0430 \u043c\u043e\u0433\u0443\u0442 \u043e\u0442\u043b\u0438\u0447\u0430\u0442\u044c\u0441\u044f \u043e\u0442 \u0443\u043a\u0430\u0437\u0430\u043d\u043d\u044b\u0445 \u043d\u0430 \u0444\u043e\u0442\u043e\u0433\u0440\u0430\u0444\u0438\u0438.[:en]This eye-catching Alstroemerias, commonly called the Peruvian lily or lily of the Incas, are ideal for any occasion. They have lovely bright colors. All of our fresh flower bouquets are designed by our talented and creative florists. Please note that accents and colors may vary from those shown in the photo.[:]\" \/>\n<meta property=\"og:url\" content=\"https:\/\/bonfortuno.eu\/toode\/inkaliilia-3\/\" \/>\n<meta property=\"og:site_name\" content=\"Bonfortuno\" \/>\n<meta property=\"article:modified_time\" content=\"2022-09-04T10:03:55+00:00\" \/>\n<meta property=\"og:image\" content=\"https:\/\/bonfortuno.eu\/wp-content\/uploads\/2018\/07\/88.jpg\" \/>\n\t<meta property=\"og:image:width\" content=\"427\" \/>\n\t<meta property=\"og:image:height\" content=\"640\" \/>\n\t<meta property=\"og:image:type\" content=\"image\/jpeg\" \/>\n<meta name=\"twitter:card\" content=\"summary_large_image\" \/>\n<script type=\"application\/ld+json\" class=\"yoast-schema-graph\">{\"@context\":\"https:\\\/\\\/schema.org\",\"@graph\":[{\"@type\":\"WebPage\",\"@id\":\"https:\\\/\\\/bonfortuno.eu\\\/toode\\\/inkaliilia-3\\\/\",\"url\":\"https:\\\/\\\/bonfortuno.eu\\\/toode\\\/inkaliilia-3\\\/\",\"name\":\"[:et]\\\"Inkaliilia\\\"[:ru]\u00ab\u041f\u0435\u0440\u0443\u0430\u043d\u0441\u043a\u0430\u044f \u043b\u0438\u043b\u0438\u044f\u00bb[:en]\u201dLily of the Incas\u201d[:] | Bonfortuno\",\"isPartOf\":{\"@id\":\"https:\\\/\\\/bonfortuno.eu\\\/ru\\\/#website\"},\"primaryImageOfPage\":{\"@id\":\"https:\\\/\\\/bonfortuno.eu\\\/toode\\\/inkaliilia-3\\\/#primaryimage\"},\"image\":{\"@id\":\"https:\\\/\\\/bonfortuno.eu\\\/toode\\\/inkaliilia-3\\\/#primaryimage\"},\"thumbnailUrl\":\"https:\\\/\\\/bonfortuno.eu\\\/wp-content\\\/uploads\\\/2018\\\/07\\\/88.jpg\",\"datePublished\":\"2018-07-09T11:36:16+00:00\",\"dateModified\":\"2022-09-04T10:03:55+00:00\",\"breadcrumb\":{\"@id\":\"https:\\\/\\\/bonfortuno.eu\\\/toode\\\/inkaliilia-3\\\/#breadcrumb\"},\"inLanguage\":\"en-US\",\"potentialAction\":[{\"@type\":\"ReadAction\",\"target\":[\"https:\\\/\\\/bonfortuno.eu\\\/toode\\\/inkaliilia-3\\\/\"]}]},{\"@type\":\"ImageObject\",\"inLanguage\":\"en-US\",\"@id\":\"https:\\\/\\\/bonfortuno.eu\\\/toode\\\/inkaliilia-3\\\/#primaryimage\",\"url\":\"https:\\\/\\\/bonfortuno.eu\\\/wp-content\\\/uploads\\\/2018\\\/07\\\/88.jpg\",\"contentUrl\":\"https:\\\/\\\/bonfortuno.eu\\\/wp-content\\\/uploads\\\/2018\\\/07\\\/88.jpg\",\"width\":427,\"height\":640,\"caption\":\"lillied tallinnas\"},{\"@type\":\"BreadcrumbList\",\"@id\":\"https:\\\/\\\/bonfortuno.eu\\\/toode\\\/inkaliilia-3\\\/#breadcrumb\",\"itemListElement\":[{\"@type\":\"ListItem\",\"position\":1,\"name\":\"\u0413\u043b\u0430\u0432\u043d\u0430\u044f \u0441\u0442\u0440\u0430\u043d\u0438\u0446\u0430\",\"item\":\"https:\\\/\\\/bonfortuno.eu\\\/\"},{\"@type\":\"ListItem\",\"position\":2,\"name\":\"\u041c\u0430\u0433\u0430\u0437\u0438\u043d\",\"item\":\"https:\\\/\\\/bonfortuno.eu\\\/\"},{\"@type\":\"ListItem\",\"position\":3,\"name\":\"&#8220;Inkaliilia&#8221;\"}]},{\"@type\":\"WebSite\",\"@id\":\"https:\\\/\\\/bonfortuno.eu\\\/ru\\\/#website\",\"url\":\"https:\\\/\\\/bonfortuno.eu\\\/ru\\\/\",\"name\":\"Bonfortuno\",\"description\":\"The world of fresh flowers\",\"potentialAction\":[{\"@type\":\"SearchAction\",\"target\":{\"@type\":\"EntryPoint\",\"urlTemplate\":\"https:\\\/\\\/bonfortuno.eu\\\/ru\\\/?s={search_term_string}\"},\"query-input\":{\"@type\":\"PropertyValueSpecification\",\"valueRequired\":true,\"valueName\":\"search_term_string\"}}],\"inLanguage\":\"en-US\"}]}<\/script>\n<!-- \/ Yoast SEO plugin. -->","yoast_head_json":{"title":"[:et]\"Inkaliilia\"[:ru]\u00ab\u041f\u0435\u0440\u0443\u0430\u043d\u0441\u043a\u0430\u044f \u043b\u0438\u043b\u0438\u044f\u00bb[:en]\u201dLily of the Incas\u201d[:] | Bonfortuno","robots":{"index":"index","follow":"follow","max-snippet":"max-snippet:-1","max-image-preview":"max-image-preview:large","max-video-preview":"max-video-preview:-1"},"canonical":"https:\/\/bonfortuno.eu\/toode\/inkaliilia-3\/","og_locale":"en_US","og_type":"article","og_title":"[:et]\"Inkaliilia\"[:ru]\u00ab\u041f\u0435\u0440\u0443\u0430\u043d\u0441\u043a\u0430\u044f \u043b\u0438\u043b\u0438\u044f\u00bb[:en]\u201dLily of the Incas\u201d[:] | Bonfortuno","og_description":"[:et]Tuntud ka kui Peruu liilia ja alstr\u00f6meeria. Haruldane ja fantastiliselt ilus! See pilkup\u00fc\u00fcdev lill sobiks igaks s\u00fcndmuseks. Kui sul on k\u00fcsimusi, siis tule meie poodi, kust leiad ka palju teisi haruldasi lilli. Meie andekad t\u00f6\u00f6tajad koostavad imeilusaid kimpe! Vali enda lemmik v\u00e4rvikombinatsioon! T\u00e4helepanu, v\u00e4rvid v\u00f5ivad erineda nendest, mis on piltidel.[:ru]\u042d\u0442\u0438 \u043f\u0440\u0438\u0432\u043b\u0435\u043a\u0430\u0442\u0435\u043b\u044c\u043d\u044b\u0435 \u0410\u043b\u044c\u0441\u0442\u0440\u043e\u043c\u0435\u0440\u0438\u0438, \u043e\u0431\u044b\u0447\u043d\u043e \u043d\u0430\u0437\u044b\u0432\u0430\u0435\u043c\u044b\u0435 \u043f\u0435\u0440\u0443\u0430\u043d\u0441\u043a\u0438\u043c\u0438 \u043b\u0438\u043b\u0438\u044f\u043c\u0438 \u0438\u043b\u0438 \u043b\u0438\u043b\u0438\u044f\u043c\u0438 \u0438\u043d\u043a\u043e\u0432, \u0438\u0434\u0435\u0430\u043b\u044c\u043d\u043e \u043f\u043e\u0434\u0445\u043e\u0434\u044f\u0442 \u0434\u043b\u044f \u043b\u044e\u0431\u043e\u0433\u043e \u0441\u043b\u0443\u0447\u0430\u044f. \u0423 \u043d\u0438\u0445 \u043d\u0430\u0442\u0443\u0440\u0430\u043b\u044c\u043d\u044b\u0435 \u044f\u0440\u043a\u0438\u0435 \u0446\u0432\u0435\u0442\u0430. \u041f\u0440\u0438\u0445\u043e\u0434\u0438\u0442\u0435 \u043a \u043d\u0430\u043c \u0432 \u043c\u0430\u0433\u0430\u0437\u0438\u043d, \u0433\u0434\u0435 \u0432\u044b \u043d\u0430\u0439\u0434\u0451\u0442\u0435 \u0431\u043e\u043b\u044c\u0448\u043e\u0439 \u0432\u044b\u0431\u043e\u0440 \u0434\u0440\u0443\u0433\u0438\u0445 \u0440\u0435\u0434\u043a\u0438\u0445 \u0446\u0432\u0435\u0442\u043e\u0432. \u041e\u0431\u0440\u0430\u0442\u0438\u0442\u0435 \u0432\u043d\u0438\u043c\u0430\u043d\u0438\u0435, \u0447\u0442\u043e \u0430\u043a\u0446\u0435\u043d\u0442\u044b \u0438 \u0446\u0432\u0435\u0442\u0430 \u043c\u043e\u0433\u0443\u0442 \u043e\u0442\u043b\u0438\u0447\u0430\u0442\u044c\u0441\u044f \u043e\u0442 \u0443\u043a\u0430\u0437\u0430\u043d\u043d\u044b\u0445 \u043d\u0430 \u0444\u043e\u0442\u043e\u0433\u0440\u0430\u0444\u0438\u0438.[:en]This eye-catching Alstroemerias, commonly called the Peruvian lily or lily of the Incas, are ideal for any occasion. They have lovely bright colors. All of our fresh flower bouquets are designed by our talented and creative florists. Please note that accents and colors may vary from those shown in the photo.[:]","og_url":"https:\/\/bonfortuno.eu\/toode\/inkaliilia-3\/","og_site_name":"Bonfortuno","article_modified_time":"2022-09-04T10:03:55+00:00","og_image":[{"width":427,"height":640,"url":"https:\/\/bonfortuno.eu\/wp-content\/uploads\/2018\/07\/88.jpg","type":"image\/jpeg"}],"twitter_card":"summary_large_image","schema":{"@context":"https:\/\/schema.org","@graph":[{"@type":"WebPage","@id":"https:\/\/bonfortuno.eu\/toode\/inkaliilia-3\/","url":"https:\/\/bonfortuno.eu\/toode\/inkaliilia-3\/","name":"[:et]\"Inkaliilia\"[:ru]\u00ab\u041f\u0435\u0440\u0443\u0430\u043d\u0441\u043a\u0430\u044f \u043b\u0438\u043b\u0438\u044f\u00bb[:en]\u201dLily of the Incas\u201d[:] | Bonfortuno","isPartOf":{"@id":"https:\/\/bonfortuno.eu\/ru\/#website"},"primaryImageOfPage":{"@id":"https:\/\/bonfortuno.eu\/toode\/inkaliilia-3\/#primaryimage"},"image":{"@id":"https:\/\/bonfortuno.eu\/toode\/inkaliilia-3\/#primaryimage"},"thumbnailUrl":"https:\/\/bonfortuno.eu\/wp-content\/uploads\/2018\/07\/88.jpg","datePublished":"2018-07-09T11:36:16+00:00","dateModified":"2022-09-04T10:03:55+00:00","breadcrumb":{"@id":"https:\/\/bonfortuno.eu\/toode\/inkaliilia-3\/#breadcrumb"},"inLanguage":"en-US","potentialAction":[{"@type":"ReadAction","target":["https:\/\/bonfortuno.eu\/toode\/inkaliilia-3\/"]}]},{"@type":"ImageObject","inLanguage":"en-US","@id":"https:\/\/bonfortuno.eu\/toode\/inkaliilia-3\/#primaryimage","url":"https:\/\/bonfortuno.eu\/wp-content\/uploads\/2018\/07\/88.jpg","contentUrl":"https:\/\/bonfortuno.eu\/wp-content\/uploads\/2018\/07\/88.jpg","width":427,"height":640,"caption":"lillied tallinnas"},{"@type":"BreadcrumbList","@id":"https:\/\/bonfortuno.eu\/toode\/inkaliilia-3\/#breadcrumb","itemListElement":[{"@type":"ListItem","position":1,"name":"\u0413\u043b\u0430\u0432\u043d\u0430\u044f \u0441\u0442\u0440\u0430\u043d\u0438\u0446\u0430","item":"https:\/\/bonfortuno.eu\/"},{"@type":"ListItem","position":2,"name":"\u041c\u0430\u0433\u0430\u0437\u0438\u043d","item":"https:\/\/bonfortuno.eu\/"},{"@type":"ListItem","position":3,"name":"&#8220;Inkaliilia&#8221;"}]},{"@type":"WebSite","@id":"https:\/\/bonfortuno.eu\/ru\/#website","url":"https:\/\/bonfortuno.eu\/ru\/","name":"Bonfortuno","description":"The world of fresh flowers","potentialAction":[{"@type":"SearchAction","target":{"@type":"EntryPoint","urlTemplate":"https:\/\/bonfortuno.eu\/ru\/?s={search_term_string}"},"query-input":{"@type":"PropertyValueSpecification","valueRequired":true,"valueName":"search_term_string"}}],"inLanguage":"en-US"}]}},"_links":{"self":[{"href":"https:\/\/bonfortuno.eu\/en\/wp-json\/wp\/v2\/product\/830","targetHints":{"allow":["GET"]}}],"collection":[{"href":"https:\/\/bonfortuno.eu\/en\/wp-json\/wp\/v2\/product"}],"about":[{"href":"https:\/\/bonfortuno.eu\/en\/wp-json\/wp\/v2\/types\/product"}],"wp:featuredmedia":[{"embeddable":true,"href":"https:\/\/bonfortuno.eu\/en\/wp-json\/wp\/v2\/media\/705"}],"wp:attachment":[{"href":"https:\/\/bonfortuno.eu\/en\/wp-json\/wp\/v2\/media?parent=830"}],"wp:term":[{"taxonomy":"product_brand","embeddable":true,"href":"https:\/\/bonfortuno.eu\/en\/wp-json\/wp\/v2\/product_brand?post=830"},{"taxonomy":"product_cat","embeddable":true,"href":"https:\/\/bonfortuno.eu\/en\/wp-json\/wp\/v2\/product_cat?post=830"},{"taxonomy":"product_tag","embeddable":true,"href":"https:\/\/bonfortuno.eu\/en\/wp-json\/wp\/v2\/product_tag?post=830"}],"curies":[{"name":"wp","href":"https:\/\/api.w.org\/{rel}","templated":true}]}}