{"id":850,"date":"2018-07-09T15:05:06","date_gmt":"2018-07-09T12:05:06","guid":{"rendered":"https:\/\/bonfortuno.eu\/?post_type=product&#038;p=850"},"modified":"2022-12-22T10:39:38","modified_gmt":"2022-12-22T08:39:38","slug":"ohupall-frozen-2","status":"publish","type":"product","link":"https:\/\/bonfortuno.eu\/en\/toode\/ohupall-frozen-2\/","title":{"rendered":"\u201cFrozen balloons\u201d"},"content":{"rendered":"","protected":false},"excerpt":{"rendered":"<p style=\"text-align: justify;\">Planning a birthday party? Melt any frozen heart with our Frozen Balloons! Frozen Balloons feature sisters Anna and Elsa, Olaf and of course many snowflakes. Create your own balloon bouquet with our collection of balloons. Product details: width 40 cm<\/p>\n","protected":false},"featured_media":660,"template":"","meta":[],"product_brand":[],"product_cat":[31,76],"product_tag":[],"class_list":{"0":"post-850","1":"product","2":"type-product","3":"status-publish","4":"has-post-thumbnail","6":"product_cat-ohupallid","7":"product_cat-koik-tooted","9":"first","10":"instock","11":"featured","12":"shipping-taxable","13":"purchasable","14":"product-type-simple"},"yoast_head":"<!-- This site is optimized with the Yoast SEO plugin v27.3 - https:\/\/yoast.com\/product\/yoast-seo-wordpress\/ -->\n<title>\u201cFrozen balloons\u201d | Bonfortuno<\/title>\n<meta name=\"robots\" content=\"index, follow, max-snippet:-1, max-image-preview:large, max-video-preview:-1\" \/>\n<link rel=\"canonical\" href=\"https:\/\/bonfortuno.eu\/toode\/ohupall-frozen-2\/\" \/>\n<meta property=\"og:locale\" content=\"en_US\" \/>\n<meta property=\"og:type\" content=\"article\" \/>\n<meta property=\"og:title\" content=\"[:et]&quot;\u00d5hupall Frozen&quot;[:ru]&quot;\u0412\u043e\u0437\u0434\u0443\u0448\u043d\u044b\u0435 \u0448\u0430\u0440\u044b Frozen&quot;[:en]\u201cFrozen balloons\u201d[:] | Bonfortuno\" \/>\n<meta property=\"og:description\" content=\"[:et]Plaanid v\u00e4ikese printsessi s\u00fcnnip\u00e4eva? Sulata k\u00fclmutatud s\u00fcdame Frozen \u00f5hupallidega! Pidutsema aitavad Anna ja Elsa, Olaf ja muidugi lumehelbed. Loo \u00f5hupallikimp mitmest \u00f5hupallist! Tootekirjeldus: laius 40 cm[:ru]\u041f\u043b\u0430\u043d\u0438\u0440\u0443\u0435\u0442\u0435 \u0434\u0435\u0442\u0441\u043a\u0438\u0439 \u0434\u0435\u043d\u044c \u0440\u043e\u0436\u0434\u0435\u043d\u0438\u044f? \u0420\u0430\u0441\u0442\u043e\u043f\u0438\u0442\u0435 \u0437\u0430\u043c\u043e\u0440\u043e\u0436\u0435\u043d\u043d\u043e\u0435 \u0441\u0435\u0440\u0434\u0446\u0435 \u043d\u0430\u0448\u0438\u043c\u0438 \u0432\u043e\u0437\u0434\u0443\u0448\u043d\u044b\u043c\u0438 \u0448\u0430\u0440\u0430\u043c\u0438 Frozen! \u0410\u043d\u043d\u0430 \u0438 \u042d\u043b\u044c\u0437\u0430, \u041e\u043b\u0430\u0444 \u0438, \u043a\u043e\u043d\u0435\u0447\u043d\u043e \u0436\u0435, \u043c\u043d\u043e\u0433\u043e \u0441\u043d\u0435\u0436\u0438\u043d\u043e\u043a! \u0421\u043e\u0437\u0434\u0430\u0439\u0442\u0435 \u0441\u0432\u043e\u0439 \u0441\u043e\u0431\u0441\u0442\u0432\u0435\u043d\u043d\u044b\u0439 \u0431\u0443\u043a\u0435\u0442 \u0438\u0437 \u0432\u043e\u0437\u0434\u0443\u0448\u043d\u044b\u0445 \u0448\u0430\u0440\u043e\u0432 \u0441 \u043d\u0430\u0448\u0435\u0439 \u043a\u043e\u043b\u043b\u0435\u043a\u0446\u0438\u0435\u0439 \u043b\u0430\u0442\u0435\u043a\u0441\u043d\u044b\u0445 \u0448\u0430\u0440\u043e\u0432. \u0418\u043d\u0444\u043e\u0440\u043c\u0430\u0446\u0438\u044f \u043e \u0442\u043e\u0432\u0430\u0440\u0435: \u0448\u0438\u0440\u0438\u043d\u0430 40 \u0441\u043c[:en]Planning a birthday party? Melt any frozen heart with our Frozen Balloons! Frozen Balloons feature sisters Anna and Elsa, Olaf and of course many snowflakes. Create your own balloon bouquet with our collection of balloons. Product details: width 40 cm[:]\" \/>\n<meta property=\"og:url\" content=\"https:\/\/bonfortuno.eu\/toode\/ohupall-frozen-2\/\" \/>\n<meta property=\"og:site_name\" content=\"Bonfortuno\" \/>\n<meta property=\"article:modified_time\" content=\"2022-12-22T08:39:38+00:00\" \/>\n<meta property=\"og:image\" content=\"https:\/\/bonfortuno.eu\/wp-content\/uploads\/2018\/07\/98.jpg\" \/>\n\t<meta property=\"og:image:width\" content=\"600\" \/>\n\t<meta property=\"og:image:height\" content=\"600\" \/>\n\t<meta property=\"og:image:type\" content=\"image\/jpeg\" \/>\n<meta name=\"twitter:card\" content=\"summary_large_image\" \/>\n<script type=\"application\/ld+json\" class=\"yoast-schema-graph\">{\"@context\":\"https:\\\/\\\/schema.org\",\"@graph\":[{\"@type\":\"WebPage\",\"@id\":\"https:\\\/\\\/bonfortuno.eu\\\/toode\\\/ohupall-frozen-2\\\/\",\"url\":\"https:\\\/\\\/bonfortuno.eu\\\/toode\\\/ohupall-frozen-2\\\/\",\"name\":\"[:et]\\\"\u00d5hupall Frozen\\\"[:ru]\\\"\u0412\u043e\u0437\u0434\u0443\u0448\u043d\u044b\u0435 \u0448\u0430\u0440\u044b Frozen\\\"[:en]\u201cFrozen balloons\u201d[:] | Bonfortuno\",\"isPartOf\":{\"@id\":\"https:\\\/\\\/bonfortuno.eu\\\/ru\\\/#website\"},\"primaryImageOfPage\":{\"@id\":\"https:\\\/\\\/bonfortuno.eu\\\/toode\\\/ohupall-frozen-2\\\/#primaryimage\"},\"image\":{\"@id\":\"https:\\\/\\\/bonfortuno.eu\\\/toode\\\/ohupall-frozen-2\\\/#primaryimage\"},\"thumbnailUrl\":\"https:\\\/\\\/bonfortuno.eu\\\/wp-content\\\/uploads\\\/2018\\\/07\\\/98.jpg\",\"datePublished\":\"2018-07-09T12:05:06+00:00\",\"dateModified\":\"2022-12-22T08:39:38+00:00\",\"breadcrumb\":{\"@id\":\"https:\\\/\\\/bonfortuno.eu\\\/toode\\\/ohupall-frozen-2\\\/#breadcrumb\"},\"inLanguage\":\"en-US\",\"potentialAction\":[{\"@type\":\"ReadAction\",\"target\":[\"https:\\\/\\\/bonfortuno.eu\\\/toode\\\/ohupall-frozen-2\\\/\"]}]},{\"@type\":\"ImageObject\",\"inLanguage\":\"en-US\",\"@id\":\"https:\\\/\\\/bonfortuno.eu\\\/toode\\\/ohupall-frozen-2\\\/#primaryimage\",\"url\":\"https:\\\/\\\/bonfortuno.eu\\\/wp-content\\\/uploads\\\/2018\\\/07\\\/98.jpg\",\"contentUrl\":\"https:\\\/\\\/bonfortuno.eu\\\/wp-content\\\/uploads\\\/2018\\\/07\\\/98.jpg\",\"width\":600,\"height\":600,\"caption\":\"\u00f5hupallid\"},{\"@type\":\"BreadcrumbList\",\"@id\":\"https:\\\/\\\/bonfortuno.eu\\\/toode\\\/ohupall-frozen-2\\\/#breadcrumb\",\"itemListElement\":[{\"@type\":\"ListItem\",\"position\":1,\"name\":\"\u0413\u043b\u0430\u0432\u043d\u0430\u044f \u0441\u0442\u0440\u0430\u043d\u0438\u0446\u0430\",\"item\":\"https:\\\/\\\/bonfortuno.eu\\\/\"},{\"@type\":\"ListItem\",\"position\":2,\"name\":\"\u041c\u0430\u0433\u0430\u0437\u0438\u043d\",\"item\":\"https:\\\/\\\/bonfortuno.eu\\\/\"},{\"@type\":\"ListItem\",\"position\":3,\"name\":\"&#8220;\u00d5hupall Frozen&#8221;\"}]},{\"@type\":\"WebSite\",\"@id\":\"https:\\\/\\\/bonfortuno.eu\\\/ru\\\/#website\",\"url\":\"https:\\\/\\\/bonfortuno.eu\\\/ru\\\/\",\"name\":\"Bonfortuno\",\"description\":\"The world of fresh flowers\",\"potentialAction\":[{\"@type\":\"SearchAction\",\"target\":{\"@type\":\"EntryPoint\",\"urlTemplate\":\"https:\\\/\\\/bonfortuno.eu\\\/ru\\\/?s={search_term_string}\"},\"query-input\":{\"@type\":\"PropertyValueSpecification\",\"valueRequired\":true,\"valueName\":\"search_term_string\"}}],\"inLanguage\":\"en-US\"}]}<\/script>\n<!-- \/ Yoast SEO plugin. -->","yoast_head_json":{"title":"[:et]\"\u00d5hupall Frozen\"[:ru]\"\u0412\u043e\u0437\u0434\u0443\u0448\u043d\u044b\u0435 \u0448\u0430\u0440\u044b Frozen\"[:en]\u201cFrozen balloons\u201d[:] | Bonfortuno","robots":{"index":"index","follow":"follow","max-snippet":"max-snippet:-1","max-image-preview":"max-image-preview:large","max-video-preview":"max-video-preview:-1"},"canonical":"https:\/\/bonfortuno.eu\/toode\/ohupall-frozen-2\/","og_locale":"en_US","og_type":"article","og_title":"[:et]\"\u00d5hupall Frozen\"[:ru]\"\u0412\u043e\u0437\u0434\u0443\u0448\u043d\u044b\u0435 \u0448\u0430\u0440\u044b Frozen\"[:en]\u201cFrozen balloons\u201d[:] | Bonfortuno","og_description":"[:et]Plaanid v\u00e4ikese printsessi s\u00fcnnip\u00e4eva? Sulata k\u00fclmutatud s\u00fcdame Frozen \u00f5hupallidega! Pidutsema aitavad Anna ja Elsa, Olaf ja muidugi lumehelbed. Loo \u00f5hupallikimp mitmest \u00f5hupallist! Tootekirjeldus: laius 40 cm[:ru]\u041f\u043b\u0430\u043d\u0438\u0440\u0443\u0435\u0442\u0435 \u0434\u0435\u0442\u0441\u043a\u0438\u0439 \u0434\u0435\u043d\u044c \u0440\u043e\u0436\u0434\u0435\u043d\u0438\u044f? \u0420\u0430\u0441\u0442\u043e\u043f\u0438\u0442\u0435 \u0437\u0430\u043c\u043e\u0440\u043e\u0436\u0435\u043d\u043d\u043e\u0435 \u0441\u0435\u0440\u0434\u0446\u0435 \u043d\u0430\u0448\u0438\u043c\u0438 \u0432\u043e\u0437\u0434\u0443\u0448\u043d\u044b\u043c\u0438 \u0448\u0430\u0440\u0430\u043c\u0438 Frozen! \u0410\u043d\u043d\u0430 \u0438 \u042d\u043b\u044c\u0437\u0430, \u041e\u043b\u0430\u0444 \u0438, \u043a\u043e\u043d\u0435\u0447\u043d\u043e \u0436\u0435, \u043c\u043d\u043e\u0433\u043e \u0441\u043d\u0435\u0436\u0438\u043d\u043e\u043a! \u0421\u043e\u0437\u0434\u0430\u0439\u0442\u0435 \u0441\u0432\u043e\u0439 \u0441\u043e\u0431\u0441\u0442\u0432\u0435\u043d\u043d\u044b\u0439 \u0431\u0443\u043a\u0435\u0442 \u0438\u0437 \u0432\u043e\u0437\u0434\u0443\u0448\u043d\u044b\u0445 \u0448\u0430\u0440\u043e\u0432 \u0441 \u043d\u0430\u0448\u0435\u0439 \u043a\u043e\u043b\u043b\u0435\u043a\u0446\u0438\u0435\u0439 \u043b\u0430\u0442\u0435\u043a\u0441\u043d\u044b\u0445 \u0448\u0430\u0440\u043e\u0432. \u0418\u043d\u0444\u043e\u0440\u043c\u0430\u0446\u0438\u044f \u043e \u0442\u043e\u0432\u0430\u0440\u0435: \u0448\u0438\u0440\u0438\u043d\u0430 40 \u0441\u043c[:en]Planning a birthday party? Melt any frozen heart with our Frozen Balloons! Frozen Balloons feature sisters Anna and Elsa, Olaf and of course many snowflakes. Create your own balloon bouquet with our collection of balloons. Product details: width 40 cm[:]","og_url":"https:\/\/bonfortuno.eu\/toode\/ohupall-frozen-2\/","og_site_name":"Bonfortuno","article_modified_time":"2022-12-22T08:39:38+00:00","og_image":[{"width":600,"height":600,"url":"https:\/\/bonfortuno.eu\/wp-content\/uploads\/2018\/07\/98.jpg","type":"image\/jpeg"}],"twitter_card":"summary_large_image","schema":{"@context":"https:\/\/schema.org","@graph":[{"@type":"WebPage","@id":"https:\/\/bonfortuno.eu\/toode\/ohupall-frozen-2\/","url":"https:\/\/bonfortuno.eu\/toode\/ohupall-frozen-2\/","name":"[:et]\"\u00d5hupall Frozen\"[:ru]\"\u0412\u043e\u0437\u0434\u0443\u0448\u043d\u044b\u0435 \u0448\u0430\u0440\u044b Frozen\"[:en]\u201cFrozen balloons\u201d[:] | Bonfortuno","isPartOf":{"@id":"https:\/\/bonfortuno.eu\/ru\/#website"},"primaryImageOfPage":{"@id":"https:\/\/bonfortuno.eu\/toode\/ohupall-frozen-2\/#primaryimage"},"image":{"@id":"https:\/\/bonfortuno.eu\/toode\/ohupall-frozen-2\/#primaryimage"},"thumbnailUrl":"https:\/\/bonfortuno.eu\/wp-content\/uploads\/2018\/07\/98.jpg","datePublished":"2018-07-09T12:05:06+00:00","dateModified":"2022-12-22T08:39:38+00:00","breadcrumb":{"@id":"https:\/\/bonfortuno.eu\/toode\/ohupall-frozen-2\/#breadcrumb"},"inLanguage":"en-US","potentialAction":[{"@type":"ReadAction","target":["https:\/\/bonfortuno.eu\/toode\/ohupall-frozen-2\/"]}]},{"@type":"ImageObject","inLanguage":"en-US","@id":"https:\/\/bonfortuno.eu\/toode\/ohupall-frozen-2\/#primaryimage","url":"https:\/\/bonfortuno.eu\/wp-content\/uploads\/2018\/07\/98.jpg","contentUrl":"https:\/\/bonfortuno.eu\/wp-content\/uploads\/2018\/07\/98.jpg","width":600,"height":600,"caption":"\u00f5hupallid"},{"@type":"BreadcrumbList","@id":"https:\/\/bonfortuno.eu\/toode\/ohupall-frozen-2\/#breadcrumb","itemListElement":[{"@type":"ListItem","position":1,"name":"\u0413\u043b\u0430\u0432\u043d\u0430\u044f \u0441\u0442\u0440\u0430\u043d\u0438\u0446\u0430","item":"https:\/\/bonfortuno.eu\/"},{"@type":"ListItem","position":2,"name":"\u041c\u0430\u0433\u0430\u0437\u0438\u043d","item":"https:\/\/bonfortuno.eu\/"},{"@type":"ListItem","position":3,"name":"&#8220;\u00d5hupall Frozen&#8221;"}]},{"@type":"WebSite","@id":"https:\/\/bonfortuno.eu\/ru\/#website","url":"https:\/\/bonfortuno.eu\/ru\/","name":"Bonfortuno","description":"The world of fresh flowers","potentialAction":[{"@type":"SearchAction","target":{"@type":"EntryPoint","urlTemplate":"https:\/\/bonfortuno.eu\/ru\/?s={search_term_string}"},"query-input":{"@type":"PropertyValueSpecification","valueRequired":true,"valueName":"search_term_string"}}],"inLanguage":"en-US"}]}},"_links":{"self":[{"href":"https:\/\/bonfortuno.eu\/en\/wp-json\/wp\/v2\/product\/850","targetHints":{"allow":["GET"]}}],"collection":[{"href":"https:\/\/bonfortuno.eu\/en\/wp-json\/wp\/v2\/product"}],"about":[{"href":"https:\/\/bonfortuno.eu\/en\/wp-json\/wp\/v2\/types\/product"}],"wp:featuredmedia":[{"embeddable":true,"href":"https:\/\/bonfortuno.eu\/en\/wp-json\/wp\/v2\/media\/660"}],"wp:attachment":[{"href":"https:\/\/bonfortuno.eu\/en\/wp-json\/wp\/v2\/media?parent=850"}],"wp:term":[{"taxonomy":"product_brand","embeddable":true,"href":"https:\/\/bonfortuno.eu\/en\/wp-json\/wp\/v2\/product_brand?post=850"},{"taxonomy":"product_cat","embeddable":true,"href":"https:\/\/bonfortuno.eu\/en\/wp-json\/wp\/v2\/product_cat?post=850"},{"taxonomy":"product_tag","embeddable":true,"href":"https:\/\/bonfortuno.eu\/en\/wp-json\/wp\/v2\/product_tag?post=850"}],"curies":[{"name":"wp","href":"https:\/\/api.w.org\/{rel}","templated":true}]}}