{"id":858,"date":"2018-07-09T15:14:25","date_gmt":"2018-07-09T12:14:25","guid":{"rendered":"https:\/\/bonfortuno.eu\/?post_type=product&#038;p=858"},"modified":"2022-11-12T14:43:58","modified_gmt":"2022-11-12T12:43:58","slug":"daniella","status":"publish","type":"product","link":"https:\/\/bonfortuno.eu\/en\/toode\/daniella\/","title":{"rendered":"\u201cDaniella\u201d"},"content":{"rendered":"","protected":false},"excerpt":{"rendered":"<p>A magnificent bouquet of roses and lisianthus in shades of white and pink. When fully bloomed, Lisianthus can be mistaken for a rose, but Lisianthus is a more persistent flower. These unusual flowers are usually available in white, purple and pink. Beautiful, long stems and almond-shaped buds have a natural, romantic look.<\/p>\n<p>Flower color may vary<\/p>\n","protected":false},"featured_media":664,"template":"","meta":[],"product_brand":[],"product_cat":[76,30],"product_tag":[62,39,80],"class_list":{"0":"post-858","1":"product","2":"type-product","3":"status-publish","4":"has-post-thumbnail","6":"product_cat-koik-tooted","7":"product_cat-lillekimbud","8":"product_tag-eustoma","9":"product_tag-roosid","10":"product_tag-vaike","12":"first","13":"instock","14":"featured","15":"shipping-taxable","16":"purchasable","17":"product-type-simple"},"yoast_head":"<!-- This site is optimized with the Yoast SEO plugin v27.4 - https:\/\/yoast.com\/product\/yoast-seo-wordpress\/ -->\n<title>\u201cDaniella\u201d | Bonfortuno<\/title>\n<meta name=\"robots\" content=\"index, follow, max-snippet:-1, max-image-preview:large, max-video-preview:-1\" \/>\n<link rel=\"canonical\" href=\"https:\/\/bonfortuno.eu\/toode\/daniella\/\" \/>\n<meta property=\"og:locale\" content=\"en_US\" \/>\n<meta property=\"og:type\" content=\"article\" \/>\n<meta property=\"og:title\" content=\"\u201cDaniella\u201d | Bonfortuno\" \/>\n<meta property=\"og:description\" content=\"[:et]Suurep\u00e4rane kimp roosidest ja lisianthustest valgetes ja roosades toonides. T\u00e4ielikult \u00f5itsedes v\u00f5ib Lisianthusi segi ajada roosiga, kuid Lisianthus on p\u00fcsivam lill. Need ebatavalised lilled on tavaliselt saadaval valge, lilla ja roosana. Kaunid pikad varred ja mandlikujulised pungad on loomuliku, romantilise v\u00e4limusega. Lillev\u00e4rv v\u00f5ib varieeruda[:ru]\u0412\u0435\u043b\u0438\u043a\u043e\u043b\u0435\u043f\u043d\u044b\u0439 \u0431\u0443\u043a\u0435\u0442 \u0438\u0437 \u0440\u043e\u0437 \u0438 \u043b\u0438\u0437\u0438\u0430\u043d\u0442\u0443\u0441\u043e\u0432 \u0432 \u043e\u0442\u0442\u0435\u043d\u043a\u0430\u0445 \u0431\u0435\u043b\u043e\u0433\u043e \u0438 \u0440\u043e\u0437\u043e\u0432\u043e\u0433\u043e. \u041a\u043e\u0433\u0434\u0430 \u00a0\u043b\u0438\u0437\u0438\u0430\u043d\u0442\u0443\u0441 \u043f\u043e\u043b\u043d\u043e\u0441\u0442\u044c\u044e \u0440\u0430\u0441\u0446\u0432\u0435\u0442\u0430\u0435\u0442, \u0435\u0433\u043e \u043c\u043e\u0436\u043d\u043e \u043e\u0448\u0438\u0431\u043e\u0447\u043d\u043e \u043f\u0440\u0438\u043d\u044f\u0442\u044c \u0437\u0430 \u0440\u043e\u0437\u0443, \u043d\u043e \u043b\u0438\u0437\u0438\u0430\u043d\u0442\u0443\u0441 - \u0431\u043e\u043b\u0435\u0435 \u0441\u0442\u043e\u0439\u043a\u0438\u0439 \u0446\u0432\u0435\u0442\u043e\u043a. \u042d\u0442\u0438 \u043d\u0435\u043e\u0431\u044b\u0447\u043d\u044b\u0435 \u0446\u0432\u0435\u0442\u044b \u043a\u0430\u043a \u043f\u0440\u0430\u0432\u0438\u043b\u043e \u0434\u043e\u0441\u0442\u0443\u043f\u043d\u044b \u0432 \u0431\u0435\u043b\u043e\u043c, \u0444\u0438\u043e\u043b\u0435\u0442\u043e\u0432\u043e\u043c \u0438 \u0440\u043e\u0437\u043e\u0432\u043e\u043c \u043e\u0442\u0442\u0435\u043d\u043a\u0435. \u041a\u0440\u0430\u0441\u0438\u0432\u044b\u0435, \u0434\u043b\u0438\u043d\u043d\u044b\u0435 \u0441\u0442\u0435\u0431\u043b\u0438 \u0438 \u043c\u0438\u043d\u0434\u0430\u043b\u0435\u0432\u0438\u0434\u043d\u044b\u0435 \u0431\u0443\u0442\u043e\u043d\u044b \u0438\u043c\u0435\u044e\u0442 \u0435\u0441\u0442\u0435\u0441\u0442\u0432\u0435\u043d\u043d\u044b\u0439 \u0440\u043e\u043c\u0430\u043d\u0442\u0438\u0447\u0435\u0441\u043a\u0438\u0439 \u0432\u0438\u0434. \u0426\u0432\u0435\u0442 \u0446\u0432\u0435\u0442\u043e\u0432 \u043c\u043e\u0436\u0435\u0442 \u043c\u0435\u043d\u044f\u0442\u044c\u0441\u044f [:en]A magnificent bouquet of roses and lisianthus in shades of white and pink. When fully bloomed, Lisianthus can be mistaken for a rose, but Lisianthus is a more persistent flower. These unusual flowers are usually available in white, purple and pink. Beautiful, long stems and almond-shaped buds have a natural, romantic look.  Flower color may vary[:]\" \/>\n<meta property=\"og:url\" content=\"https:\/\/bonfortuno.eu\/toode\/daniella\/\" \/>\n<meta property=\"og:site_name\" content=\"Bonfortuno\" \/>\n<meta property=\"article:modified_time\" content=\"2022-11-12T12:43:58+00:00\" \/>\n<meta property=\"og:image\" content=\"https:\/\/bonfortuno.eu\/wp-content\/uploads\/2018\/07\/102.jpg\" \/>\n\t<meta property=\"og:image:width\" content=\"500\" \/>\n\t<meta property=\"og:image:height\" content=\"500\" \/>\n\t<meta property=\"og:image:type\" content=\"image\/jpeg\" \/>\n<meta name=\"twitter:card\" content=\"summary_large_image\" \/>\n<script type=\"application\/ld+json\" class=\"yoast-schema-graph\">{\"@context\":\"https:\\\/\\\/schema.org\",\"@graph\":[{\"@type\":\"WebPage\",\"@id\":\"https:\\\/\\\/bonfortuno.eu\\\/toode\\\/daniella\\\/\",\"url\":\"https:\\\/\\\/bonfortuno.eu\\\/toode\\\/daniella\\\/\",\"name\":\"\u201cDaniella\u201d | Bonfortuno\",\"isPartOf\":{\"@id\":\"https:\\\/\\\/bonfortuno.eu\\\/ru\\\/#website\"},\"primaryImageOfPage\":{\"@id\":\"https:\\\/\\\/bonfortuno.eu\\\/toode\\\/daniella\\\/#primaryimage\"},\"image\":{\"@id\":\"https:\\\/\\\/bonfortuno.eu\\\/toode\\\/daniella\\\/#primaryimage\"},\"thumbnailUrl\":\"https:\\\/\\\/bonfortuno.eu\\\/wp-content\\\/uploads\\\/2018\\\/07\\\/102.jpg\",\"datePublished\":\"2018-07-09T12:14:25+00:00\",\"dateModified\":\"2022-11-12T12:43:58+00:00\",\"breadcrumb\":{\"@id\":\"https:\\\/\\\/bonfortuno.eu\\\/toode\\\/daniella\\\/#breadcrumb\"},\"inLanguage\":\"en-US\",\"potentialAction\":[{\"@type\":\"ReadAction\",\"target\":[\"https:\\\/\\\/bonfortuno.eu\\\/toode\\\/daniella\\\/\"]}]},{\"@type\":\"ImageObject\",\"inLanguage\":\"en-US\",\"@id\":\"https:\\\/\\\/bonfortuno.eu\\\/toode\\\/daniella\\\/#primaryimage\",\"url\":\"https:\\\/\\\/bonfortuno.eu\\\/wp-content\\\/uploads\\\/2018\\\/07\\\/102.jpg\",\"contentUrl\":\"https:\\\/\\\/bonfortuno.eu\\\/wp-content\\\/uploads\\\/2018\\\/07\\\/102.jpg\",\"width\":500,\"height\":500,\"caption\":\"lilled tallinn\"},{\"@type\":\"BreadcrumbList\",\"@id\":\"https:\\\/\\\/bonfortuno.eu\\\/toode\\\/daniella\\\/#breadcrumb\",\"itemListElement\":[{\"@type\":\"ListItem\",\"position\":1,\"name\":\"\u0413\u043b\u0430\u0432\u043d\u0430\u044f \u0441\u0442\u0440\u0430\u043d\u0438\u0446\u0430\",\"item\":\"https:\\\/\\\/bonfortuno.eu\\\/\"},{\"@type\":\"ListItem\",\"position\":2,\"name\":\"\u041c\u0430\u0433\u0430\u0437\u0438\u043d\",\"item\":\"https:\\\/\\\/bonfortuno.eu\\\/\"},{\"@type\":\"ListItem\",\"position\":3,\"name\":\"\u201cDaniella\u201d\"}]},{\"@type\":\"WebSite\",\"@id\":\"https:\\\/\\\/bonfortuno.eu\\\/ru\\\/#website\",\"url\":\"https:\\\/\\\/bonfortuno.eu\\\/ru\\\/\",\"name\":\"Bonfortuno\",\"description\":\"The world of fresh flowers\",\"potentialAction\":[{\"@type\":\"SearchAction\",\"target\":{\"@type\":\"EntryPoint\",\"urlTemplate\":\"https:\\\/\\\/bonfortuno.eu\\\/ru\\\/?s={search_term_string}\"},\"query-input\":{\"@type\":\"PropertyValueSpecification\",\"valueRequired\":true,\"valueName\":\"search_term_string\"}}],\"inLanguage\":\"en-US\"}]}<\/script>\n<!-- \/ Yoast SEO plugin. -->","yoast_head_json":{"title":"\u201cDaniella\u201d | Bonfortuno","robots":{"index":"index","follow":"follow","max-snippet":"max-snippet:-1","max-image-preview":"max-image-preview:large","max-video-preview":"max-video-preview:-1"},"canonical":"https:\/\/bonfortuno.eu\/toode\/daniella\/","og_locale":"en_US","og_type":"article","og_title":"\u201cDaniella\u201d | Bonfortuno","og_description":"[:et]Suurep\u00e4rane kimp roosidest ja lisianthustest valgetes ja roosades toonides. T\u00e4ielikult \u00f5itsedes v\u00f5ib Lisianthusi segi ajada roosiga, kuid Lisianthus on p\u00fcsivam lill. Need ebatavalised lilled on tavaliselt saadaval valge, lilla ja roosana. Kaunid pikad varred ja mandlikujulised pungad on loomuliku, romantilise v\u00e4limusega. Lillev\u00e4rv v\u00f5ib varieeruda[:ru]\u0412\u0435\u043b\u0438\u043a\u043e\u043b\u0435\u043f\u043d\u044b\u0439 \u0431\u0443\u043a\u0435\u0442 \u0438\u0437 \u0440\u043e\u0437 \u0438 \u043b\u0438\u0437\u0438\u0430\u043d\u0442\u0443\u0441\u043e\u0432 \u0432 \u043e\u0442\u0442\u0435\u043d\u043a\u0430\u0445 \u0431\u0435\u043b\u043e\u0433\u043e \u0438 \u0440\u043e\u0437\u043e\u0432\u043e\u0433\u043e. \u041a\u043e\u0433\u0434\u0430 \u00a0\u043b\u0438\u0437\u0438\u0430\u043d\u0442\u0443\u0441 \u043f\u043e\u043b\u043d\u043e\u0441\u0442\u044c\u044e \u0440\u0430\u0441\u0446\u0432\u0435\u0442\u0430\u0435\u0442, \u0435\u0433\u043e \u043c\u043e\u0436\u043d\u043e \u043e\u0448\u0438\u0431\u043e\u0447\u043d\u043e \u043f\u0440\u0438\u043d\u044f\u0442\u044c \u0437\u0430 \u0440\u043e\u0437\u0443, \u043d\u043e \u043b\u0438\u0437\u0438\u0430\u043d\u0442\u0443\u0441 - \u0431\u043e\u043b\u0435\u0435 \u0441\u0442\u043e\u0439\u043a\u0438\u0439 \u0446\u0432\u0435\u0442\u043e\u043a. \u042d\u0442\u0438 \u043d\u0435\u043e\u0431\u044b\u0447\u043d\u044b\u0435 \u0446\u0432\u0435\u0442\u044b \u043a\u0430\u043a \u043f\u0440\u0430\u0432\u0438\u043b\u043e \u0434\u043e\u0441\u0442\u0443\u043f\u043d\u044b \u0432 \u0431\u0435\u043b\u043e\u043c, \u0444\u0438\u043e\u043b\u0435\u0442\u043e\u0432\u043e\u043c \u0438 \u0440\u043e\u0437\u043e\u0432\u043e\u043c \u043e\u0442\u0442\u0435\u043d\u043a\u0435. \u041a\u0440\u0430\u0441\u0438\u0432\u044b\u0435, \u0434\u043b\u0438\u043d\u043d\u044b\u0435 \u0441\u0442\u0435\u0431\u043b\u0438 \u0438 \u043c\u0438\u043d\u0434\u0430\u043b\u0435\u0432\u0438\u0434\u043d\u044b\u0435 \u0431\u0443\u0442\u043e\u043d\u044b \u0438\u043c\u0435\u044e\u0442 \u0435\u0441\u0442\u0435\u0441\u0442\u0432\u0435\u043d\u043d\u044b\u0439 \u0440\u043e\u043c\u0430\u043d\u0442\u0438\u0447\u0435\u0441\u043a\u0438\u0439 \u0432\u0438\u0434. \u0426\u0432\u0435\u0442 \u0446\u0432\u0435\u0442\u043e\u0432 \u043c\u043e\u0436\u0435\u0442 \u043c\u0435\u043d\u044f\u0442\u044c\u0441\u044f [:en]A magnificent bouquet of roses and lisianthus in shades of white and pink. When fully bloomed, Lisianthus can be mistaken for a rose, but Lisianthus is a more persistent flower. These unusual flowers are usually available in white, purple and pink. Beautiful, long stems and almond-shaped buds have a natural, romantic look.  Flower color may vary[:]","og_url":"https:\/\/bonfortuno.eu\/toode\/daniella\/","og_site_name":"Bonfortuno","article_modified_time":"2022-11-12T12:43:58+00:00","og_image":[{"width":500,"height":500,"url":"https:\/\/bonfortuno.eu\/wp-content\/uploads\/2018\/07\/102.jpg","type":"image\/jpeg"}],"twitter_card":"summary_large_image","schema":{"@context":"https:\/\/schema.org","@graph":[{"@type":"WebPage","@id":"https:\/\/bonfortuno.eu\/toode\/daniella\/","url":"https:\/\/bonfortuno.eu\/toode\/daniella\/","name":"\u201cDaniella\u201d | Bonfortuno","isPartOf":{"@id":"https:\/\/bonfortuno.eu\/ru\/#website"},"primaryImageOfPage":{"@id":"https:\/\/bonfortuno.eu\/toode\/daniella\/#primaryimage"},"image":{"@id":"https:\/\/bonfortuno.eu\/toode\/daniella\/#primaryimage"},"thumbnailUrl":"https:\/\/bonfortuno.eu\/wp-content\/uploads\/2018\/07\/102.jpg","datePublished":"2018-07-09T12:14:25+00:00","dateModified":"2022-11-12T12:43:58+00:00","breadcrumb":{"@id":"https:\/\/bonfortuno.eu\/toode\/daniella\/#breadcrumb"},"inLanguage":"en-US","potentialAction":[{"@type":"ReadAction","target":["https:\/\/bonfortuno.eu\/toode\/daniella\/"]}]},{"@type":"ImageObject","inLanguage":"en-US","@id":"https:\/\/bonfortuno.eu\/toode\/daniella\/#primaryimage","url":"https:\/\/bonfortuno.eu\/wp-content\/uploads\/2018\/07\/102.jpg","contentUrl":"https:\/\/bonfortuno.eu\/wp-content\/uploads\/2018\/07\/102.jpg","width":500,"height":500,"caption":"lilled tallinn"},{"@type":"BreadcrumbList","@id":"https:\/\/bonfortuno.eu\/toode\/daniella\/#breadcrumb","itemListElement":[{"@type":"ListItem","position":1,"name":"\u0413\u043b\u0430\u0432\u043d\u0430\u044f \u0441\u0442\u0440\u0430\u043d\u0438\u0446\u0430","item":"https:\/\/bonfortuno.eu\/"},{"@type":"ListItem","position":2,"name":"\u041c\u0430\u0433\u0430\u0437\u0438\u043d","item":"https:\/\/bonfortuno.eu\/"},{"@type":"ListItem","position":3,"name":"\u201cDaniella\u201d"}]},{"@type":"WebSite","@id":"https:\/\/bonfortuno.eu\/ru\/#website","url":"https:\/\/bonfortuno.eu\/ru\/","name":"Bonfortuno","description":"The world of fresh flowers","potentialAction":[{"@type":"SearchAction","target":{"@type":"EntryPoint","urlTemplate":"https:\/\/bonfortuno.eu\/ru\/?s={search_term_string}"},"query-input":{"@type":"PropertyValueSpecification","valueRequired":true,"valueName":"search_term_string"}}],"inLanguage":"en-US"}]}},"_links":{"self":[{"href":"https:\/\/bonfortuno.eu\/en\/wp-json\/wp\/v2\/product\/858","targetHints":{"allow":["GET"]}}],"collection":[{"href":"https:\/\/bonfortuno.eu\/en\/wp-json\/wp\/v2\/product"}],"about":[{"href":"https:\/\/bonfortuno.eu\/en\/wp-json\/wp\/v2\/types\/product"}],"wp:featuredmedia":[{"embeddable":true,"href":"https:\/\/bonfortuno.eu\/en\/wp-json\/wp\/v2\/media\/664"}],"wp:attachment":[{"href":"https:\/\/bonfortuno.eu\/en\/wp-json\/wp\/v2\/media?parent=858"}],"wp:term":[{"taxonomy":"product_brand","embeddable":true,"href":"https:\/\/bonfortuno.eu\/en\/wp-json\/wp\/v2\/product_brand?post=858"},{"taxonomy":"product_cat","embeddable":true,"href":"https:\/\/bonfortuno.eu\/en\/wp-json\/wp\/v2\/product_cat?post=858"},{"taxonomy":"product_tag","embeddable":true,"href":"https:\/\/bonfortuno.eu\/en\/wp-json\/wp\/v2\/product_tag?post=858"}],"curies":[{"name":"wp","href":"https:\/\/api.w.org\/{rel}","templated":true}]}}