{"id":860,"date":"2018-07-09T15:16:29","date_gmt":"2018-07-09T12:16:29","guid":{"rendered":"https:\/\/bonfortuno.eu\/?post_type=product&#038;p=860"},"modified":"2022-01-13T13:40:54","modified_gmt":"2022-01-13T11:40:54","slug":"augustine","status":"publish","type":"product","link":"https:\/\/bonfortuno.eu\/en\/toode\/augustine\/","title":{"rendered":"\u201cAugustine\u201d"},"content":{"rendered":"","protected":false},"excerpt":{"rendered":"<p><span style=\"font-weight: 400;\">A gorgeous collection of lisianthuses. When \u00a0lisianthus blooms to its fullest it can easily be mistaken for a rose, but lisianthus is a much hardier flower. It has exceptionally long vase life! The ruffled bell-shaped blooms are commonly available in white, purple, and pink. Beautiful, long-stemmed, almond-shaped buds have a naturally rustic and romantic look.<\/span><\/p>\n","protected":false},"featured_media":665,"template":"","meta":[],"product_brand":[],"product_cat":[76,30],"product_tag":[62,80],"class_list":{"0":"post-860","1":"product","2":"type-product","3":"status-publish","4":"has-post-thumbnail","6":"product_cat-koik-tooted","7":"product_cat-lillekimbud","8":"product_tag-eustoma","9":"product_tag-vaike","11":"first","12":"instock","13":"featured","14":"shipping-taxable","15":"purchasable","16":"product-type-simple"},"yoast_head":"<!-- This site is optimized with the Yoast SEO plugin v27.3 - https:\/\/yoast.com\/product\/yoast-seo-wordpress\/ -->\n<title>\u201cAugustine\u201d | Bonfortuno<\/title>\n<meta name=\"robots\" content=\"index, follow, max-snippet:-1, max-image-preview:large, max-video-preview:-1\" \/>\n<link rel=\"canonical\" href=\"https:\/\/bonfortuno.eu\/toode\/augustine\/\" \/>\n<meta property=\"og:locale\" content=\"en_US\" \/>\n<meta property=\"og:type\" content=\"article\" \/>\n<meta property=\"og:title\" content=\"\u201cAugustine\u201d | Bonfortuno\" \/>\n<meta property=\"og:description\" content=\"[:et]Luksuslik preriakeele seade valge-roosates toonides. Seda lilli tihti eksitakse metsiku roosiga, kuid preeriakeel on palju tugevam lill. Preeriakeelel on erakordselt pikk vaasi elu! R\u00f5\u00f5msameelne kellukesekujuline \u00f5is on tavaliselt saadaval valge, lilla ja roosa v\u00e4rvides, lillel on looduslikult romantiline v\u00e4limus.[:ru]\u0412\u0435\u043b\u0438\u043a\u043e\u043b\u0435\u043f\u043d\u044b\u0439 \u0431\u0443\u043a\u0435\u0442 \u0438\u0437 \u043b\u0438\u0437\u0438\u0430\u043d\u0442\u0443\u0441\u043e\u0432 \u0432 \u043e\u0442\u0442\u0435\u043d\u043a\u0430\u0445 \u0431\u0435\u043b\u043e\u0433\u043e \u0438 \u0440\u043e\u0437\u043e\u0432\u043e\u0433\u043e. \u041a\u043e\u0433\u0434\u0430 \u00a0\u043b\u0438\u0437\u0438\u0430\u043d\u0442\u0443\u0441 \u043f\u043e\u043b\u043d\u043e\u0441\u0442\u044c\u044e \u0440\u0430\u0441\u0446\u0432\u0435\u0442\u0430\u0435\u0442, \u0435\u0433\u043e \u043c\u043e\u0436\u043d\u043e \u043e\u0448\u0438\u0431\u043e\u0447\u043d\u043e \u043f\u0440\u0438\u043d\u044f\u0442\u044c \u0437\u0430 \u0440\u043e\u0437\u0443, \u043d\u043e \u043b\u0438\u0437\u0438\u0430\u043d\u0442\u0443\u0441 - \u0431\u043e\u043b\u0435\u0435 \u0441\u0442\u043e\u0439\u043a\u0438\u0439 \u0446\u0432\u0435\u0442\u043e\u043a. \u042d\u0442\u0438 \u043d\u0435\u043e\u0431\u044b\u0447\u043d\u044b\u0435 \u0446\u0432\u0435\u0442\u044b \u043a\u0430\u043a \u043f\u0440\u0430\u0432\u0438\u043b\u043e \u0434\u043e\u0441\u0442\u0443\u043f\u043d\u044b \u0432 \u0431\u0435\u043b\u043e\u043c, \u0444\u0438\u043e\u043b\u0435\u0442\u043e\u0432\u043e\u043c \u0438 \u0440\u043e\u0437\u043e\u0432\u043e\u043c \u043e\u0442\u0442\u0435\u043d\u043a\u0435. \u041a\u0440\u0430\u0441\u0438\u0432\u044b\u0435, \u0434\u043b\u0438\u043d\u043d\u044b\u0435 \u0441\u0442\u0435\u0431\u043b\u0438 \u0438 \u043c\u0438\u043d\u0434\u0430\u043b\u0435\u0432\u0438\u0434\u043d\u044b\u0435 \u0431\u0443\u0442\u043e\u043d\u044b \u0438\u043c\u0435\u044e\u0442 \u0435\u0441\u0442\u0435\u0441\u0442\u0432\u0435\u043d\u043d\u044b\u0439 \u0440\u043e\u043c\u0430\u043d\u0442\u0438\u0447\u0435\u0441\u043a\u0438\u0439 \u0432\u0438\u0434.[:en]A gorgeous collection of lisianthuses. When \u00a0lisianthus blooms to its fullest it can easily be mistaken for a rose, but lisianthus is a much hardier flower. It has exceptionally long vase life! The ruffled bell-shaped blooms are commonly available in white, purple, and pink. Beautiful, long-stemmed, almond-shaped buds have a naturally rustic and romantic look.[:]\" \/>\n<meta property=\"og:url\" content=\"https:\/\/bonfortuno.eu\/toode\/augustine\/\" \/>\n<meta property=\"og:site_name\" content=\"Bonfortuno\" \/>\n<meta property=\"article:modified_time\" content=\"2022-01-13T11:40:54+00:00\" \/>\n<meta property=\"og:image\" content=\"https:\/\/bonfortuno.eu\/wp-content\/uploads\/2018\/07\/103.jpg\" \/>\n\t<meta property=\"og:image:width\" content=\"450\" \/>\n\t<meta property=\"og:image:height\" content=\"450\" \/>\n\t<meta property=\"og:image:type\" content=\"image\/jpeg\" \/>\n<meta name=\"twitter:card\" content=\"summary_large_image\" \/>\n<script type=\"application\/ld+json\" class=\"yoast-schema-graph\">{\"@context\":\"https:\\\/\\\/schema.org\",\"@graph\":[{\"@type\":\"WebPage\",\"@id\":\"https:\\\/\\\/bonfortuno.eu\\\/toode\\\/augustine\\\/\",\"url\":\"https:\\\/\\\/bonfortuno.eu\\\/toode\\\/augustine\\\/\",\"name\":\"\u201cAugustine\u201d | Bonfortuno\",\"isPartOf\":{\"@id\":\"https:\\\/\\\/bonfortuno.eu\\\/ru\\\/#website\"},\"primaryImageOfPage\":{\"@id\":\"https:\\\/\\\/bonfortuno.eu\\\/toode\\\/augustine\\\/#primaryimage\"},\"image\":{\"@id\":\"https:\\\/\\\/bonfortuno.eu\\\/toode\\\/augustine\\\/#primaryimage\"},\"thumbnailUrl\":\"https:\\\/\\\/bonfortuno.eu\\\/wp-content\\\/uploads\\\/2018\\\/07\\\/103.jpg\",\"datePublished\":\"2018-07-09T12:16:29+00:00\",\"dateModified\":\"2022-01-13T11:40:54+00:00\",\"breadcrumb\":{\"@id\":\"https:\\\/\\\/bonfortuno.eu\\\/toode\\\/augustine\\\/#breadcrumb\"},\"inLanguage\":\"en-US\",\"potentialAction\":[{\"@type\":\"ReadAction\",\"target\":[\"https:\\\/\\\/bonfortuno.eu\\\/toode\\\/augustine\\\/\"]}]},{\"@type\":\"ImageObject\",\"inLanguage\":\"en-US\",\"@id\":\"https:\\\/\\\/bonfortuno.eu\\\/toode\\\/augustine\\\/#primaryimage\",\"url\":\"https:\\\/\\\/bonfortuno.eu\\\/wp-content\\\/uploads\\\/2018\\\/07\\\/103.jpg\",\"contentUrl\":\"https:\\\/\\\/bonfortuno.eu\\\/wp-content\\\/uploads\\\/2018\\\/07\\\/103.jpg\",\"width\":450,\"height\":450,\"caption\":\"lilled tallinn\"},{\"@type\":\"BreadcrumbList\",\"@id\":\"https:\\\/\\\/bonfortuno.eu\\\/toode\\\/augustine\\\/#breadcrumb\",\"itemListElement\":[{\"@type\":\"ListItem\",\"position\":1,\"name\":\"\u0413\u043b\u0430\u0432\u043d\u0430\u044f \u0441\u0442\u0440\u0430\u043d\u0438\u0446\u0430\",\"item\":\"https:\\\/\\\/bonfortuno.eu\\\/\"},{\"@type\":\"ListItem\",\"position\":2,\"name\":\"\u041c\u0430\u0433\u0430\u0437\u0438\u043d\",\"item\":\"https:\\\/\\\/bonfortuno.eu\\\/\"},{\"@type\":\"ListItem\",\"position\":3,\"name\":\"\u201cAugustine\u201d\"}]},{\"@type\":\"WebSite\",\"@id\":\"https:\\\/\\\/bonfortuno.eu\\\/ru\\\/#website\",\"url\":\"https:\\\/\\\/bonfortuno.eu\\\/ru\\\/\",\"name\":\"Bonfortuno\",\"description\":\"The world of fresh flowers\",\"potentialAction\":[{\"@type\":\"SearchAction\",\"target\":{\"@type\":\"EntryPoint\",\"urlTemplate\":\"https:\\\/\\\/bonfortuno.eu\\\/ru\\\/?s={search_term_string}\"},\"query-input\":{\"@type\":\"PropertyValueSpecification\",\"valueRequired\":true,\"valueName\":\"search_term_string\"}}],\"inLanguage\":\"en-US\"}]}<\/script>\n<!-- \/ Yoast SEO plugin. -->","yoast_head_json":{"title":"\u201cAugustine\u201d | Bonfortuno","robots":{"index":"index","follow":"follow","max-snippet":"max-snippet:-1","max-image-preview":"max-image-preview:large","max-video-preview":"max-video-preview:-1"},"canonical":"https:\/\/bonfortuno.eu\/toode\/augustine\/","og_locale":"en_US","og_type":"article","og_title":"\u201cAugustine\u201d | Bonfortuno","og_description":"[:et]Luksuslik preriakeele seade valge-roosates toonides. Seda lilli tihti eksitakse metsiku roosiga, kuid preeriakeel on palju tugevam lill. Preeriakeelel on erakordselt pikk vaasi elu! R\u00f5\u00f5msameelne kellukesekujuline \u00f5is on tavaliselt saadaval valge, lilla ja roosa v\u00e4rvides, lillel on looduslikult romantiline v\u00e4limus.[:ru]\u0412\u0435\u043b\u0438\u043a\u043e\u043b\u0435\u043f\u043d\u044b\u0439 \u0431\u0443\u043a\u0435\u0442 \u0438\u0437 \u043b\u0438\u0437\u0438\u0430\u043d\u0442\u0443\u0441\u043e\u0432 \u0432 \u043e\u0442\u0442\u0435\u043d\u043a\u0430\u0445 \u0431\u0435\u043b\u043e\u0433\u043e \u0438 \u0440\u043e\u0437\u043e\u0432\u043e\u0433\u043e. \u041a\u043e\u0433\u0434\u0430 \u00a0\u043b\u0438\u0437\u0438\u0430\u043d\u0442\u0443\u0441 \u043f\u043e\u043b\u043d\u043e\u0441\u0442\u044c\u044e \u0440\u0430\u0441\u0446\u0432\u0435\u0442\u0430\u0435\u0442, \u0435\u0433\u043e \u043c\u043e\u0436\u043d\u043e \u043e\u0448\u0438\u0431\u043e\u0447\u043d\u043e \u043f\u0440\u0438\u043d\u044f\u0442\u044c \u0437\u0430 \u0440\u043e\u0437\u0443, \u043d\u043e \u043b\u0438\u0437\u0438\u0430\u043d\u0442\u0443\u0441 - \u0431\u043e\u043b\u0435\u0435 \u0441\u0442\u043e\u0439\u043a\u0438\u0439 \u0446\u0432\u0435\u0442\u043e\u043a. \u042d\u0442\u0438 \u043d\u0435\u043e\u0431\u044b\u0447\u043d\u044b\u0435 \u0446\u0432\u0435\u0442\u044b \u043a\u0430\u043a \u043f\u0440\u0430\u0432\u0438\u043b\u043e \u0434\u043e\u0441\u0442\u0443\u043f\u043d\u044b \u0432 \u0431\u0435\u043b\u043e\u043c, \u0444\u0438\u043e\u043b\u0435\u0442\u043e\u0432\u043e\u043c \u0438 \u0440\u043e\u0437\u043e\u0432\u043e\u043c \u043e\u0442\u0442\u0435\u043d\u043a\u0435. \u041a\u0440\u0430\u0441\u0438\u0432\u044b\u0435, \u0434\u043b\u0438\u043d\u043d\u044b\u0435 \u0441\u0442\u0435\u0431\u043b\u0438 \u0438 \u043c\u0438\u043d\u0434\u0430\u043b\u0435\u0432\u0438\u0434\u043d\u044b\u0435 \u0431\u0443\u0442\u043e\u043d\u044b \u0438\u043c\u0435\u044e\u0442 \u0435\u0441\u0442\u0435\u0441\u0442\u0432\u0435\u043d\u043d\u044b\u0439 \u0440\u043e\u043c\u0430\u043d\u0442\u0438\u0447\u0435\u0441\u043a\u0438\u0439 \u0432\u0438\u0434.[:en]A gorgeous collection of lisianthuses. When \u00a0lisianthus blooms to its fullest it can easily be mistaken for a rose, but lisianthus is a much hardier flower. It has exceptionally long vase life! The ruffled bell-shaped blooms are commonly available in white, purple, and pink. Beautiful, long-stemmed, almond-shaped buds have a naturally rustic and romantic look.[:]","og_url":"https:\/\/bonfortuno.eu\/toode\/augustine\/","og_site_name":"Bonfortuno","article_modified_time":"2022-01-13T11:40:54+00:00","og_image":[{"width":450,"height":450,"url":"https:\/\/bonfortuno.eu\/wp-content\/uploads\/2018\/07\/103.jpg","type":"image\/jpeg"}],"twitter_card":"summary_large_image","schema":{"@context":"https:\/\/schema.org","@graph":[{"@type":"WebPage","@id":"https:\/\/bonfortuno.eu\/toode\/augustine\/","url":"https:\/\/bonfortuno.eu\/toode\/augustine\/","name":"\u201cAugustine\u201d | Bonfortuno","isPartOf":{"@id":"https:\/\/bonfortuno.eu\/ru\/#website"},"primaryImageOfPage":{"@id":"https:\/\/bonfortuno.eu\/toode\/augustine\/#primaryimage"},"image":{"@id":"https:\/\/bonfortuno.eu\/toode\/augustine\/#primaryimage"},"thumbnailUrl":"https:\/\/bonfortuno.eu\/wp-content\/uploads\/2018\/07\/103.jpg","datePublished":"2018-07-09T12:16:29+00:00","dateModified":"2022-01-13T11:40:54+00:00","breadcrumb":{"@id":"https:\/\/bonfortuno.eu\/toode\/augustine\/#breadcrumb"},"inLanguage":"en-US","potentialAction":[{"@type":"ReadAction","target":["https:\/\/bonfortuno.eu\/toode\/augustine\/"]}]},{"@type":"ImageObject","inLanguage":"en-US","@id":"https:\/\/bonfortuno.eu\/toode\/augustine\/#primaryimage","url":"https:\/\/bonfortuno.eu\/wp-content\/uploads\/2018\/07\/103.jpg","contentUrl":"https:\/\/bonfortuno.eu\/wp-content\/uploads\/2018\/07\/103.jpg","width":450,"height":450,"caption":"lilled tallinn"},{"@type":"BreadcrumbList","@id":"https:\/\/bonfortuno.eu\/toode\/augustine\/#breadcrumb","itemListElement":[{"@type":"ListItem","position":1,"name":"\u0413\u043b\u0430\u0432\u043d\u0430\u044f \u0441\u0442\u0440\u0430\u043d\u0438\u0446\u0430","item":"https:\/\/bonfortuno.eu\/"},{"@type":"ListItem","position":2,"name":"\u041c\u0430\u0433\u0430\u0437\u0438\u043d","item":"https:\/\/bonfortuno.eu\/"},{"@type":"ListItem","position":3,"name":"\u201cAugustine\u201d"}]},{"@type":"WebSite","@id":"https:\/\/bonfortuno.eu\/ru\/#website","url":"https:\/\/bonfortuno.eu\/ru\/","name":"Bonfortuno","description":"The world of fresh flowers","potentialAction":[{"@type":"SearchAction","target":{"@type":"EntryPoint","urlTemplate":"https:\/\/bonfortuno.eu\/ru\/?s={search_term_string}"},"query-input":{"@type":"PropertyValueSpecification","valueRequired":true,"valueName":"search_term_string"}}],"inLanguage":"en-US"}]}},"_links":{"self":[{"href":"https:\/\/bonfortuno.eu\/en\/wp-json\/wp\/v2\/product\/860","targetHints":{"allow":["GET"]}}],"collection":[{"href":"https:\/\/bonfortuno.eu\/en\/wp-json\/wp\/v2\/product"}],"about":[{"href":"https:\/\/bonfortuno.eu\/en\/wp-json\/wp\/v2\/types\/product"}],"wp:featuredmedia":[{"embeddable":true,"href":"https:\/\/bonfortuno.eu\/en\/wp-json\/wp\/v2\/media\/665"}],"wp:attachment":[{"href":"https:\/\/bonfortuno.eu\/en\/wp-json\/wp\/v2\/media?parent=860"}],"wp:term":[{"taxonomy":"product_brand","embeddable":true,"href":"https:\/\/bonfortuno.eu\/en\/wp-json\/wp\/v2\/product_brand?post=860"},{"taxonomy":"product_cat","embeddable":true,"href":"https:\/\/bonfortuno.eu\/en\/wp-json\/wp\/v2\/product_cat?post=860"},{"taxonomy":"product_tag","embeddable":true,"href":"https:\/\/bonfortuno.eu\/en\/wp-json\/wp\/v2\/product_tag?post=860"}],"curies":[{"name":"wp","href":"https:\/\/api.w.org\/{rel}","templated":true}]}}