{"id":241,"date":"2018-05-10T01:04:20","date_gmt":"2018-05-09T22:04:20","guid":{"rendered":"https:\/\/bonfortuno.eu\/?page_id=241"},"modified":"2026-03-01T13:34:33","modified_gmt":"2026-03-01T11:34:33","slug":"lilled","status":"publish","type":"page","link":"https:\/\/bonfortuno.eu\/ru\/lilled\/","title":{"rendered":"\u041e \u0444\u0438\u0440\u043c\u0435"},"content":{"rendered":"<div id=\"pl-241\"  class=\"panel-layout\" ><div id=\"pg-241-0\"  class=\"panel-grid panel-no-style\" ><div id=\"pgc-241-0-0\"  class=\"panel-grid-cell\" ><div id=\"panel-241-0-0-0\" class=\"so-panel widget widget_sow-editor panel-first-child panel-last-child\" data-index=\"0\" ><div\n\t\t\t\n\t\t\tclass=\"so-widget-sow-editor so-widget-sow-editor-base\"\n\t\t\t\n\t\t>\n<div class=\"siteorigin-widget-tinymce textwidget\">\n\t<p>[products_slider cats=\"32\"]<\/p>\n<\/div>\n<\/div><\/div><\/div><\/div><div id=\"pg-241-1\"  class=\"panel-grid panel-no-style\" ><div id=\"pgc-241-1-0\"  class=\"panel-grid-cell\" ><div id=\"panel-241-1-0-0\" class=\"so-panel widget widget_sow-editor panel-first-child panel-last-child\" data-index=\"1\" ><div\n\t\t\t\n\t\t\tclass=\"so-widget-sow-editor so-widget-sow-editor-base\"\n\t\t\t\n\t\t>\n<div class=\"siteorigin-widget-tinymce textwidget\">\n\t<h4 style=\"text-align: justify;\">\u0414\u043e\u0431\u0440\u043e \u043f\u043e\u0436\u0430\u043b\u043e\u0432\u0430\u0442\u044c \u0432 \u043c\u0438\u0440 \u0441\u0432\u0435\u0436\u0438\u0445 \u0446\u0432\u0435\u0442\u043e\u0432 - Bonfortuno<\/h4>\n<p style=\"text-align: justify;\">\u041f\u0440\u0438\u0432\u0435\u0442! \u0420\u0430\u0434\u044b \u0432\u0438\u0434\u0435\u0442\u044c \u0442\u0435\u0431\u044f, \u0414\u043e\u0440\u043e\u0433\u043e\u0439 \u0434\u0440\u0443\u0433, \u043d\u0430 \u0441\u0442\u0440\u0430\u043d\u0438\u0447\u043a\u0430\u0445 \u043d\u0430\u0448\u0435\u0433\u043e \u0438\u043d\u0442\u0435\u0440\u043d\u0435\u0442 \u043c\u0430\u0433\u0430\u0437\u0438\u043d\u0430 \u0446\u0432\u0435\u0442\u043e\u0432 \u0438 \u043f\u043e\u0434\u0430\u0440\u043a\u043e\u0432. \u0417\u0434\u0435\u0441\u044c \u0432\u044b \u0432\u0441\u0435\u0433\u0434\u0430 \u043c\u043e\u0436\u0435\u0442\u0435 \u0432\u044b\u0431\u0440\u0430\u0442\u044c \u0446\u0432\u0435\u0442\u044b \u0438 \u043f\u043e\u0434\u0430\u0440\u043a\u0438 \u0434\u043b\u044f \u0441\u0432\u043e\u0438\u0445 \u043b\u044e\u0431\u0438\u043c\u044b\u0445 \u0438 \u0431\u043b\u0438\u0437\u043a\u0438\u0445, \u0437\u0430\u043a\u0430\u0437\u0430\u0442\u044c \u0434\u043e\u0441\u0442\u0430\u0432\u043a\u0443 \u0432 \u0443\u0434\u043e\u0431\u043d\u043e\u0435 \u0434\u043b\u044f \u0432\u0430\u0441 \u043c\u0435\u0441\u0442\u043e \u0438\u043b\u0438 \u043f\u0440\u0438\u0435\u0445\u0430\u0442\u044c \u0437\u0430 \u0437\u0430\u043a\u0430\u0437\u043e\u043c \u043b\u0438\u0447\u043d\u043e. \u041d\u0430\u0441 \u043c\u043e\u0436\u043d\u043e \u043d\u0430\u0439\u0442\u0438 \u043f\u043e \u0430\u0434\u0440\u0435\u0441\u0443 Vikerlase 23.<\/p>\n<p style=\"text-align: center;\">\u0417\u0430\u0433\u043b\u044f\u043d\u0438 \u0432 \u043d\u0430\u0448 \u043d\u043e\u0432\u044b\u0439 <a href=\"https:\/\/bonfortuno.eu\">\u043c\u0430\u0433\u0430\u0437\u0438\u043d<\/a>.<\/p>\n<h4 style=\"text-align: justify;\">\n<\/div>\n<\/div><\/div><\/div><\/div><div id=\"pg-241-2\"  class=\"panel-grid panel-has-style\" ><div class=\"siteorigin-panels-stretch panel-row-style panel-row-style-for-241-2\" data-stretch-type=\"full-width-stretch\" ><div id=\"pgc-241-2-0\"  class=\"panel-grid-cell panel-grid-cell-mobile-last\" ><div id=\"panel-241-2-0-0\" class=\"so-panel widget widget_sow-editor panel-first-child\" data-index=\"2\" ><div\n\t\t\t\n\t\t\tclass=\"so-widget-sow-editor so-widget-sow-editor-base\"\n\t\t\t\n\t\t>\n<div class=\"siteorigin-widget-tinymce textwidget\">\n\t<p><span style=\"font-size: 18pt; color: #ffffff;\"><i class=\"wp-svg-checkmark checkmark\"><\/i> \u0414\u043e\u0441\u0442\u0430\u0432\u043a\u0430 \u0446\u0432\u0435\u0442\u043e\u0432 \u043d\u0430 \u0434\u043e\u043c<\/span><br \/>\n<span style=\"font-size: 18pt; color: #ffffff;\"> <i class=\"wp-svg-checkmark checkmark\"><\/i>\u00a0\u0411\u044b\u0441\u0442\u0440\u0430\u044f \u0438 \u043d\u0430\u0434\u0435\u0436\u043d\u0430\u044f \u0434\u043e\u0441\u0442\u0430\u0432\u043a\u0430\u00a0<\/span><br \/>\n<span style=\"font-size: 18pt; color: #ffffff;\"> <i class=\"wp-svg-checkmark checkmark\"><\/i> \u0414\u043e\u0441\u0442\u0430\u0432\u043a\u0430 \u0446\u0432\u0435\u0442\u043e\u0432 \u0432 \u0434\u0435\u043d\u044c \u0437\u0430\u043a\u0430\u0437\u0430<\/span><\/p>\n<p><span style=\"font-size: 18pt; color: #ffffff;\"><\/span><\/p>\n<\/div>\n<\/div><\/div><div id=\"panel-241-2-0-1\" class=\"so-panel widget widget_sow-button panel-last-child\" data-index=\"3\" ><div\n\t\t\t\n\t\t\tclass=\"so-widget-sow-button so-widget-sow-button-atom-2ccd1973be0c-241\"\n\t\t\t\n\t\t><div class=\"ow-button-base ow-button-align-center\"\n>\n\t\t\t<a\n\t\t\t\t\thref=\"https:\/\/bonfortuno.eu\/lilled\/#lilledkulleriga\"\n\t\t\t\t\tclass=\"sowb-button ow-icon-placement-left ow-button-hover\" \t>\n\t\t<span>\n\t\t\t\n\t\t\t\u0423\u0417\u041d\u0410\u0419 \u0411\u041e\u041b\u042c\u0428\u0415\t\t<\/span>\n\t\t\t<\/a>\n\t<\/div>\n<\/div><\/div><\/div><div id=\"pgc-241-2-1\"  class=\"panel-grid-cell panel-grid-cell-empty\" ><\/div><\/div><\/div><div id=\"pg-241-3\"  class=\"panel-grid panel-no-style\" ><div id=\"pgc-241-3-0\"  class=\"panel-grid-cell\" ><div id=\"panel-241-3-0-0\" class=\"so-panel widget widget_sow-editor panel-first-child panel-last-child\" data-index=\"4\" ><div\n\t\t\t\n\t\t\tclass=\"so-widget-sow-editor so-widget-sow-editor-base\"\n\t\t\t\n\t\t>\n<div class=\"siteorigin-widget-tinymce textwidget\">\n\t<h4 style=\"text-align: justify;\">\u0423\u043d\u0438\u043a\u0430\u043b\u044c\u043d\u044b\u0435 \u0438 \u043f\u0435\u0440\u0441\u043e\u043d\u0430\u043b\u0438\u0437\u0438\u0440\u043e\u0432\u0430\u043d\u043d\u044b\u0435 \u043f\u043e\u0434\u0430\u0440\u043a\u0438 \u0434\u043b\u044f \u043c\u0443\u0436\u0447\u0438\u043d, \u0436\u0435\u043d\u0449\u0438\u043d \u0438 \u0434\u0435\u0442\u0435\u0439<\/h4>\n<p style=\"text-align: justify;\">\u0412 \u0434\u043e\u043f\u043e\u043b\u043d\u0435\u043d\u0438\u0435 \u043a \u0446\u0432\u0435\u0442\u0430\u043c \u043c\u044b \u043f\u0440\u0435\u0434\u043b\u0430\u0433\u0430\u0435\u043c \u0438\u0433\u0440\u0443\u0448\u043a\u0438 , \u0441\u043b\u0430\u0434\u043e\u0441\u0442\u0438, \u0432\u043e\u0437\u0434\u0443\u0448\u043d\u044b\u0435 \u0448\u0430\u0440\u044b, \u043e\u0442\u043a\u0440\u044b\u0442\u043a\u0438 \u0438 \u043c\u043d\u043e\u0433\u043e\u0435 \u0434\u0440\u0443\u0433\u043e\u0435. \u041f\u043e\u0434\u0430\u0440\u043a\u0438 \u0433\u0430\u0440\u043c\u043e\u043d\u0438\u0447\u043d\u043e \u0441\u043e\u0447\u0435\u0442\u0430\u044e\u0442\u0441\u044f \u0441 \u0446\u0432\u0435\u0442\u043e\u0447\u043d\u044b\u043c\u0438 \u043a\u043e\u043c\u043f\u043e\u0437\u0438\u0446\u0438\u044f\u043c\u0438 \u0438 \u0441\u0442\u0430\u043d\u0443\u0442 \u043f\u0440\u0438\u044f\u0442\u043d\u044b\u043c \u0434\u043e\u043f\u043e\u043b\u043d\u0435\u043d\u0438\u0435\u043c \u043a \u0432\u0430\u0448\u0438\u043c \u043f\u043e\u0437\u0434\u0440\u0430\u0432\u043b\u0435\u043d\u0438\u044f\u043c.<\/p>\n<h4 style=\"text-align: justify;\">\u0423\u0434\u0438\u0432\u0438\u0442\u0435\u043b\u044c\u043d\u044b\u0435 \u0446\u0432\u0435\u0442\u043e\u0447\u043d\u044b\u0435 \u043a\u043e\u043c\u043f\u043e\u0437\u0438\u0446\u0438\u0438 \u0434\u043b\u044f \u043e\u0441\u043e\u0431\u043e\u0433\u043e \u0441\u043b\u0443\u0447\u0430\u044f<\/h4>\n<p style=\"text-align: justify;\">\u0422\u0430\u043a \u0436\u0435 \u043c\u044b \u0432\u044b\u043f\u043e\u043b\u043d\u044f\u0435\u043c \u043e\u0444\u043e\u0440\u043c\u043b\u0435\u043d\u0438\u0435 \u0432\u0430\u0448\u0438\u0445 \u043f\u0440\u0430\u0437\u0434\u043d\u0438\u043a\u043e\u0432: \u0434\u0435\u043d\u044c \u0440\u043e\u0436\u0434\u0435\u043d\u0438\u0435 , \u0441\u0432\u0430\u0434\u044c\u0431\u0430, \u044e\u0431\u0438\u043b\u0435\u0439, \u0440\u043e\u0436\u0434\u0435\u043d\u0438\u0435 \u0440\u0435\u0431\u0451\u043d\u043a\u0430, \u043a\u0440\u0435\u0441\u0442\u0438\u043d\u044b \u0438 \u0432\u0441\u0435 \u0434\u043b\u044f \u0432\u0430\u0441 \u0437\u043d\u0430\u043c\u0435\u043d\u0430\u0442\u0435\u043b\u044c\u043d\u044b\u0435 \u0434\u0430\u0442\u044b.<\/p>\n<p>\u0414\u043e\u043f\u043e\u043b\u043d\u0438\u0442\u0435\u043b\u044c\u043d\u044b\u0435 \u0432\u043e\u043f\u0440\u043e\u0441\u044b \u0438\u043b\u0438 \u0441\u043f\u0435\u0446\u0438\u0430\u043b\u044c\u043d\u044b\u0435 \u0437\u0430\u043a\u0430\u0437\u044b \u043f\u043e \u0442\u0435\u043b\u0435\u0444\u043e\u043d\u0443 <a href=\"tel:+37255661680\">+372\u00a05566 1680<\/a><\/p>\n<p style=\"text-align: center;\"><a href=\"https:\/\/bonfortuno.eu\/kontakt\/\">\u0421\u043f\u0440\u043e\u0441\u0438 \u0443 \u043d\u0430\u0441 \u0438 \u043c\u044b \u0441\u0434\u0435\u043b\u0430\u0435\u043c \u0442\u0435\u0431\u0435 \u043b\u0443\u0447\u0448\u0435\u0435 \u043f\u0440\u0435\u0434\u043b\u043e\u0436\u0435\u043d\u0438\u0435!<\/a><\/p>\n<h4 style=\"text-align: justify;\">\n<\/div>\n<\/div><\/div><\/div><\/div><div id=\"pg-241-4\"  class=\"panel-grid panel-has-style\" ><div class=\"siteorigin-panels-stretch panel-row-style panel-row-style-for-241-4\" data-stretch-type=\"full-width-stretch\" ><div id=\"pgc-241-4-0\"  class=\"panel-grid-cell panel-grid-cell-empty\" ><\/div><div id=\"pgc-241-4-1\"  class=\"panel-grid-cell\" ><div id=\"panel-241-4-1-0\" class=\"so-panel widget widget_sow-editor panel-first-child panel-last-child\" data-index=\"5\" ><div\n\t\t\t\n\t\t\tclass=\"so-widget-sow-editor so-widget-sow-editor-base\"\n\t\t\t\n\t\t>\n<div class=\"siteorigin-widget-tinymce textwidget\">\n\t<p style=\"text-align: right;\"><span style=\"font-size: 18pt; color: #ffffff;\"><span style=\"font-weight: 400;\">\"<em>\u0412 \u043f\u0435\u0447\u0430\u043b\u0438 \u0438\u043b\u0438 \u0440\u0430\u0434\u043e\u0441\u0442\u0438 - \u0446\u0432\u0435\u0442\u044b \u043d\u0430\u0448\u0438 \u043f\u043e\u0441\u0442\u043e\u044f\u043d\u043d\u044b\u0435 \u0441\u043f\u0443\u0442\u043d\u0438\u043a\u0438.\"<\/em><\/span><\/p>\n<p style=\"text-align: right;\"><span style=\"font-weight: 400; font-size: 18pt; color: #ffffff;\">\u041e\u043a\u0430\u043a\u0443\u0440\u0430 \u041a\u0430\u043a\u0443\u0437<\/span><\/p>\n<p style=\"text-align: right;\"><span style=\"font-weight: 400; font-size: 18pt; color: #ffffff;\"><\/span><\/p>\n<p>\u00a0 <a id=\"lilledkulleriga\"><\/a><\/p>\n<\/div>\n<\/div><\/div><\/div><\/div><\/div><div id=\"pg-241-5\"  class=\"panel-grid panel-has-style\" ><div class=\"panel-row-style panel-row-style-for-241-5\" ><div id=\"pgc-241-5-0\"  class=\"panel-grid-cell\" ><div id=\"panel-241-5-0-0\" class=\"so-panel widget widget_sow-editor panel-first-child panel-last-child\" data-index=\"6\" ><div\n\t\t\t\n\t\t\tclass=\"so-widget-sow-editor so-widget-sow-editor-base\"\n\t\t\t\n\t\t>\n<div class=\"siteorigin-widget-tinymce textwidget\">\n\t<h3 style=\"text-align: justify;\"><strong>\u0414\u043e\u0441\u0442\u0430\u0432\u043a\u0430 \u0446\u0432\u0435\u0442\u043e\u0432<\/strong><\/h3>\n<h4 style=\"text-align: justify;\">\u041c\u044b \u0434\u043e\u0441\u0442\u0430\u0432\u043b\u044f\u0435\u043c\u00a0\u0442\u043e\u043b\u044c\u043a\u043e \u0441\u0432\u0435\u0436\u0438\u0435 \u0446\u0432\u0435\u0442\u044b \u0438 \u043a\u0430\u0447\u0435\u0441\u0442\u0432\u0435\u043d\u043d\u0443\u044e \u043f\u0440\u043e\u0434\u0443\u043a\u0446\u0438\u044e!<\/h4>\n<p style=\"text-align: justify;\">\u0422\u043e\u0432\u0430\u0440 \u043c\u043e\u0436\u043d\u043e \u043e\u043f\u043b\u0430\u0442\u0438\u0442\u044c \u043a\u0430\u0440\u0442\u043e\u0439 \u0438\u043b\u0438 \u043d\u0430\u043b\u0438\u0447\u043d\u044b\u043c\u0438 \u043a\u0443\u0440\u044c\u0435\u0440\u0443 \u0438\u043b\u0438 \u0432 \u043d\u0430\u0448\u0435\u043c \u043c\u0430\u0433\u0430\u0437\u0438\u043d\u0435 \u043f\u043e \u0430\u0434\u0440\u0435\u0441\u0443 Vikerlase 23.<\/p>\n<p><strong>\u0423\u0441\u043b\u0443\u0433\u0430 \u043a\u0443\u0440\u044c\u0435\u0440\u0430:<\/strong><\/p>\n<h3><strong><\/p>\n<\/div>\n<\/div><\/div><\/div><\/div><\/div><div id=\"pg-241-6\"  class=\"panel-grid panel-no-style\" ><div id=\"pgc-241-6-0\"  class=\"panel-grid-cell\" ><div id=\"panel-241-6-0-0\" class=\"so-panel widget widget_sow-editor panel-first-child\" data-index=\"7\" ><div\n\t\t\t\n\t\t\tclass=\"so-widget-sow-editor so-widget-sow-editor-base\"\n\t\t\t\n\t\t>\n<div class=\"siteorigin-widget-tinymce textwidget\">\n\t<h4 style=\"text-align: center;\">\u0414\u043e\u0441\u0442\u0430\u0432\u043a\u0430 \u0446\u0432\u0435\u0442\u043e\u0432<br \/>\n\u0432 \u0422\u0430\u043b\u043b\u0438\u043d\u043d\u0435<\/h4>\n<\/div>\n<\/div><\/div><div id=\"panel-241-6-0-1\" class=\"so-panel widget widget_sow-editor panel-last-child\" data-index=\"8\" ><div\n\t\t\t\n\t\t\tclass=\"so-widget-sow-editor so-widget-sow-editor-base\"\n\t\t\t\n\t\t>\n<div class=\"siteorigin-widget-tinymce textwidget\">\n\t<p style=\"text-align: center;\"><strong><i class=\"wp-svg-truck truck\"><\/i> 6 \u0435\u0432\u0440\u043e<\/strong><br \/>\n<strong><i class=\"wp-svg-truck truck\"><\/i> \u0431\u0435\u0441\u043f\u043b\u0430\u0442\u043d\u043e \u043f\u0440\u0438 \u043f\u043e\u043a\u0443\u043f\u043a\u0435 \u043d\u0430 \u0441\u0443\u043c\u043c\u0443 50 \u0435\u0432\u0440\u043e \u0438 \u0432\u044b\u0448\u0435 \u0434\u043e\u0441\u0442\u0430\u0432\u043a\u0430<\/strong><br \/>\n<strong><\/strong><\/p>\n<\/div>\n<\/div><\/div><\/div><div id=\"pgc-241-6-1\"  class=\"panel-grid-cell\" ><div id=\"panel-241-6-1-0\" class=\"so-panel widget widget_sow-editor panel-first-child\" data-index=\"9\" ><div\n\t\t\t\n\t\t\tclass=\"so-widget-sow-editor so-widget-sow-editor-base\"\n\t\t\t\n\t\t>\n<div class=\"siteorigin-widget-tinymce textwidget\">\n\t<h4 style=\"text-align: center;\">\u0414\u043e\u0441\u0442\u0430\u0432\u043a\u0430 \u0446\u0432\u0435\u0442\u043e\u0432 \u041f\u0438\u0440\u0438\u0442\u0430, \u0412\u0438\u0439\u043c\u0441\u0438,<br \/>\n\u041a\u0435\u0439\u043b\u0430, \u042e\u0440\u0438, \u041c\u0430\u0430\u0440\u0434\u0443, \u0420\u0430\u044d \u0432\u0430\u043b\u0434<\/h4>\n<\/div>\n<\/div><\/div><div id=\"panel-241-6-1-1\" class=\"so-panel widget widget_sow-editor panel-last-child\" data-index=\"10\" ><div\n\t\t\t\n\t\t\tclass=\"so-widget-sow-editor so-widget-sow-editor-base\"\n\t\t\t\n\t\t>\n<div class=\"siteorigin-widget-tinymce textwidget\">\n\t<p style=\"text-align: center;\"><strong><i class=\"wp-svg-truck truck\"><\/i> 13 \u0435\u0432\u0440\u043e<\/strong><br \/>\n<strong><i class=\"wp-svg-truck truck\"><\/i> \u0431\u0435\u0441\u043f\u043b\u0430\u0442\u043d\u043e \u043f\u0440\u0438 \u043f\u043e\u043a\u0443\u043f\u043a\u0435 \u043d\u0430 \u0441\u0443\u043c\u043c\u0443 110 \u0435\u0432\u0440\u043e \u0438 \u0432\u044b\u0448\u0435 \u0434\u043e\u0441\u0442\u0430\u0432\u043a\u0430<\/strong><br \/>\n<strong><\/strong><\/p>\n<\/div>\n<\/div><\/div><\/div><\/div><\/div>","protected":false},"excerpt":{"rendered":"<p>[products_slider cats=&#187;32&#8243;] \u0414\u043e\u0431\u0440\u043e \u043f\u043e\u0436\u0430\u043b\u043e\u0432\u0430\u0442\u044c \u0432 \u043c\u0438\u0440 \u0441\u0432\u0435\u0436\u0438\u0445 \u0446\u0432\u0435\u0442\u043e\u0432 &#8212; Bonfortuno \u041f\u0440\u0438\u0432\u0435\u0442! \u0420\u0430\u0434\u044b \u0432\u0438\u0434\u0435\u0442\u044c \u0442\u0435\u0431\u044f, \u0414\u043e\u0440\u043e\u0433\u043e\u0439 \u0434\u0440\u0443\u0433, \u043d\u0430 \u0441\u0442\u0440\u0430\u043d\u0438\u0447\u043a\u0430\u0445 \u043d\u0430\u0448\u0435\u0433\u043e \u0438\u043d\u0442\u0435\u0440\u043d\u0435\u0442 \u043c\u0430\u0433\u0430\u0437\u0438\u043d\u0430 \u0446\u0432\u0435\u0442\u043e\u0432 \u0438 \u043f\u043e\u0434\u0430\u0440\u043a\u043e\u0432. \u0417\u0434\u0435\u0441\u044c \u0432\u044b \u0432\u0441\u0435\u0433\u0434\u0430 \u043c\u043e\u0436\u0435\u0442\u0435 \u0432\u044b\u0431\u0440\u0430\u0442\u044c \u0446\u0432\u0435\u0442\u044b \u0438 \u043f\u043e\u0434\u0430\u0440\u043a\u0438 \u0434\u043b\u044f \u0441\u0432\u043e\u0438\u0445 \u043b\u044e\u0431\u0438\u043c\u044b\u0445 \u0438 \u0431\u043b\u0438\u0437\u043a\u0438\u0445, \u0437\u0430\u043a\u0430\u0437\u0430\u0442\u044c \u0434\u043e\u0441\u0442\u0430\u0432\u043a\u0443 \u0432 \u0443\u0434\u043e\u0431\u043d\u043e\u0435 \u0434\u043b\u044f \u0432\u0430\u0441 \u043c\u0435\u0441\u0442\u043e \u0438\u043b\u0438 \u043f\u0440\u0438\u0435\u0445\u0430\u0442\u044c \u0437\u0430 \u0437\u0430\u043a\u0430\u0437\u043e\u043c \u043b\u0438\u0447\u043d\u043e. \u041d\u0430\u0441 \u043c\u043e\u0436\u043d\u043e \u043d\u0430\u0439\u0442\u0438 \u043f\u043e \u0430\u0434\u0440\u0435\u0441\u0443 Vikerlase [&hellip;]<\/p>\n","protected":false},"author":1,"featured_media":0,"parent":0,"menu_order":0,"comment_status":"closed","ping_status":"closed","template":"template-fullwidth.php","meta":{"footnotes":""},"class_list":["post-241","page","type-page","status-publish","hentry"],"yoast_head":"<!-- This site is optimized with the Yoast SEO plugin v27.3 - https:\/\/yoast.com\/product\/yoast-seo-wordpress\/ -->\n<title>Lilled Tallinnas | Bonfortuno . Tere tulemast v\u00e4rskete lillede maailma<\/title>\n<meta name=\"description\" content=\"Lilled, kingitused ja \u00f5hupallid. Imeilusad lilled ja lillekompositsioonid Sinu eriliseks s\u00fcndmuseks. Kulleriga koju. Vaata meie poodi ja telli lilled kohe!\" \/>\n<meta name=\"robots\" content=\"index, follow, max-snippet:-1, max-image-preview:large, max-video-preview:-1\" \/>\n<link rel=\"canonical\" href=\"https:\/\/bonfortuno.eu\/lilled\/\" \/>\n<meta property=\"og:locale\" content=\"ru_RU\" \/>\n<meta property=\"og:type\" content=\"article\" \/>\n<meta property=\"og:title\" content=\"Lilled Tallinnas | Bonfortuno . Tere tulemast v\u00e4rskete lillede maailma\" \/>\n<meta property=\"og:description\" content=\"Lilled, kingitused ja \u00f5hupallid. Imeilusad lilled ja lillekompositsioonid Sinu eriliseks s\u00fcndmuseks. Kulleriga koju. Vaata meie poodi ja telli lilled kohe!\" \/>\n<meta property=\"og:url\" content=\"https:\/\/bonfortuno.eu\/lilled\/\" \/>\n<meta property=\"og:site_name\" content=\"Bonfortuno\" \/>\n<meta property=\"article:modified_time\" content=\"2026-03-01T11:34:33+00:00\" \/>\n<meta name=\"twitter:card\" content=\"summary_large_image\" \/>\n<meta name=\"twitter:label1\" content=\"\u041f\u0440\u0438\u043c\u0435\u0440\u043d\u043e\u0435 \u0432\u0440\u0435\u043c\u044f \u0434\u043b\u044f \u0447\u0442\u0435\u043d\u0438\u044f\" \/>\n\t<meta name=\"twitter:data1\" content=\"2 \u043c\u0438\u043d\u0443\u0442\u044b\" \/>\n<script type=\"application\/ld+json\" class=\"yoast-schema-graph\">{\"@context\":\"https:\\\/\\\/schema.org\",\"@graph\":[{\"@type\":\"WebPage\",\"@id\":\"https:\\\/\\\/bonfortuno.eu\\\/lilled\\\/\",\"url\":\"https:\\\/\\\/bonfortuno.eu\\\/lilled\\\/\",\"name\":\"Lilled Tallinnas | Bonfortuno . Tere tulemast v\u00e4rskete lillede maailma\",\"isPartOf\":{\"@id\":\"https:\\\/\\\/bonfortuno.eu\\\/ru\\\/#website\"},\"datePublished\":\"2018-05-09T22:04:20+00:00\",\"dateModified\":\"2026-03-01T11:34:33+00:00\",\"description\":\"Lilled, kingitused ja \u00f5hupallid. Imeilusad lilled ja lillekompositsioonid Sinu eriliseks s\u00fcndmuseks. Kulleriga koju. Vaata meie poodi ja telli lilled kohe!\",\"breadcrumb\":{\"@id\":\"https:\\\/\\\/bonfortuno.eu\\\/lilled\\\/#breadcrumb\"},\"inLanguage\":\"ru-RU\",\"potentialAction\":[{\"@type\":\"ReadAction\",\"target\":[\"https:\\\/\\\/bonfortuno.eu\\\/lilled\\\/\"]}]},{\"@type\":\"BreadcrumbList\",\"@id\":\"https:\\\/\\\/bonfortuno.eu\\\/lilled\\\/#breadcrumb\",\"itemListElement\":[{\"@type\":\"ListItem\",\"position\":1,\"name\":\"\u0413\u043b\u0430\u0432\u043d\u0430\u044f \u0441\u0442\u0440\u0430\u043d\u0438\u0446\u0430\",\"item\":\"https:\\\/\\\/bonfortuno.eu\\\/\"},{\"@type\":\"ListItem\",\"position\":2,\"name\":\"\u041e \u0444\u0438\u0440\u043c\u0435\"}]},{\"@type\":\"WebSite\",\"@id\":\"https:\\\/\\\/bonfortuno.eu\\\/ru\\\/#website\",\"url\":\"https:\\\/\\\/bonfortuno.eu\\\/ru\\\/\",\"name\":\"Bonfortuno\",\"description\":\"\u0414\u043e\u0431\u0440\u043e \u043f\u043e\u0436\u0430\u043b\u043e\u0432\u0430\u0442\u044c \u0432 \u043c\u0438\u0440 \u0441\u0432\u0435\u0436\u0438\u0445 \u0446\u0432\u0435\u0442\u043e\u0432\",\"potentialAction\":[{\"@type\":\"SearchAction\",\"target\":{\"@type\":\"EntryPoint\",\"urlTemplate\":\"https:\\\/\\\/bonfortuno.eu\\\/ru\\\/?s={search_term_string}\"},\"query-input\":{\"@type\":\"PropertyValueSpecification\",\"valueRequired\":true,\"valueName\":\"search_term_string\"}}],\"inLanguage\":\"ru-RU\"}]}<\/script>\n<!-- \/ Yoast SEO plugin. -->","yoast_head_json":{"title":"Lilled Tallinnas | Bonfortuno . Tere tulemast v\u00e4rskete lillede maailma","description":"Lilled, kingitused ja \u00f5hupallid. Imeilusad lilled ja lillekompositsioonid Sinu eriliseks s\u00fcndmuseks. Kulleriga koju. Vaata meie poodi ja telli lilled kohe!","robots":{"index":"index","follow":"follow","max-snippet":"max-snippet:-1","max-image-preview":"max-image-preview:large","max-video-preview":"max-video-preview:-1"},"canonical":"https:\/\/bonfortuno.eu\/lilled\/","og_locale":"ru_RU","og_type":"article","og_title":"Lilled Tallinnas | Bonfortuno . Tere tulemast v\u00e4rskete lillede maailma","og_description":"Lilled, kingitused ja \u00f5hupallid. Imeilusad lilled ja lillekompositsioonid Sinu eriliseks s\u00fcndmuseks. Kulleriga koju. Vaata meie poodi ja telli lilled kohe!","og_url":"https:\/\/bonfortuno.eu\/lilled\/","og_site_name":"Bonfortuno","article_modified_time":"2026-03-01T11:34:33+00:00","twitter_card":"summary_large_image","twitter_misc":{"\u041f\u0440\u0438\u043c\u0435\u0440\u043d\u043e\u0435 \u0432\u0440\u0435\u043c\u044f \u0434\u043b\u044f \u0447\u0442\u0435\u043d\u0438\u044f":"2 \u043c\u0438\u043d\u0443\u0442\u044b"},"schema":{"@context":"https:\/\/schema.org","@graph":[{"@type":"WebPage","@id":"https:\/\/bonfortuno.eu\/lilled\/","url":"https:\/\/bonfortuno.eu\/lilled\/","name":"Lilled Tallinnas | Bonfortuno . Tere tulemast v\u00e4rskete lillede maailma","isPartOf":{"@id":"https:\/\/bonfortuno.eu\/ru\/#website"},"datePublished":"2018-05-09T22:04:20+00:00","dateModified":"2026-03-01T11:34:33+00:00","description":"Lilled, kingitused ja \u00f5hupallid. Imeilusad lilled ja lillekompositsioonid Sinu eriliseks s\u00fcndmuseks. Kulleriga koju. Vaata meie poodi ja telli lilled kohe!","breadcrumb":{"@id":"https:\/\/bonfortuno.eu\/lilled\/#breadcrumb"},"inLanguage":"ru-RU","potentialAction":[{"@type":"ReadAction","target":["https:\/\/bonfortuno.eu\/lilled\/"]}]},{"@type":"BreadcrumbList","@id":"https:\/\/bonfortuno.eu\/lilled\/#breadcrumb","itemListElement":[{"@type":"ListItem","position":1,"name":"\u0413\u043b\u0430\u0432\u043d\u0430\u044f \u0441\u0442\u0440\u0430\u043d\u0438\u0446\u0430","item":"https:\/\/bonfortuno.eu\/"},{"@type":"ListItem","position":2,"name":"\u041e \u0444\u0438\u0440\u043c\u0435"}]},{"@type":"WebSite","@id":"https:\/\/bonfortuno.eu\/ru\/#website","url":"https:\/\/bonfortuno.eu\/ru\/","name":"Bonfortuno","description":"\u0414\u043e\u0431\u0440\u043e \u043f\u043e\u0436\u0430\u043b\u043e\u0432\u0430\u0442\u044c \u0432 \u043c\u0438\u0440 \u0441\u0432\u0435\u0436\u0438\u0445 \u0446\u0432\u0435\u0442\u043e\u0432","potentialAction":[{"@type":"SearchAction","target":{"@type":"EntryPoint","urlTemplate":"https:\/\/bonfortuno.eu\/ru\/?s={search_term_string}"},"query-input":{"@type":"PropertyValueSpecification","valueRequired":true,"valueName":"search_term_string"}}],"inLanguage":"ru-RU"}]}},"_links":{"self":[{"href":"https:\/\/bonfortuno.eu\/ru\/wp-json\/wp\/v2\/pages\/241","targetHints":{"allow":["GET"]}}],"collection":[{"href":"https:\/\/bonfortuno.eu\/ru\/wp-json\/wp\/v2\/pages"}],"about":[{"href":"https:\/\/bonfortuno.eu\/ru\/wp-json\/wp\/v2\/types\/page"}],"author":[{"embeddable":true,"href":"https:\/\/bonfortuno.eu\/ru\/wp-json\/wp\/v2\/users\/1"}],"replies":[{"embeddable":true,"href":"https:\/\/bonfortuno.eu\/ru\/wp-json\/wp\/v2\/comments?post=241"}],"version-history":[{"count":0,"href":"https:\/\/bonfortuno.eu\/ru\/wp-json\/wp\/v2\/pages\/241\/revisions"}],"wp:attachment":[{"href":"https:\/\/bonfortuno.eu\/ru\/wp-json\/wp\/v2\/media?parent=241"}],"curies":[{"name":"wp","href":"https:\/\/api.w.org\/{rel}","templated":true}]}}