{"id":2701,"date":"2020-05-05T19:01:30","date_gmt":"2020-05-05T16:01:30","guid":{"rendered":"https:\/\/bonfortuno.eu\/?post_type=product&#038;p=2701"},"modified":"2022-01-13T13:32:28","modified_gmt":"2022-01-13T11:32:28","slug":"orn-kimp","status":"publish","type":"product","link":"https:\/\/bonfortuno.eu\/ru\/toode\/orn-kimp\/","title":{"rendered":"&#187;\u041d\u0435\u0436\u043d\u044b\u0439 \u0431\u0443\u043a\u0435\u0442&#187;"},"content":{"rendered":"","protected":false},"excerpt":{"rendered":"<p>\u041e\u0447\u0435\u043d\u044c \u043d\u0435\u0436\u043d\u044b\u0439 \u0438 \u043f\u044b\u0448\u043d\u044b\u0439 \u0431\u0443\u043a\u0435\u0442.<br \/>\n\u0411\u0443\u043a\u0435\u0442 \u043f\u0440\u0435\u043a\u0440\u0430\u0441\u043d\u043e \u043f\u043e\u0434\u043e\u0439\u0434\u0435\u0442 \u0434\u043b\u044f \u0440\u043e\u043c\u0430\u043d\u0442\u0438\u0447\u0435\u0441\u043a\u0438\u0445 \u0432\u0441\u0442\u0440\u0435\u0447 \u0438 \u0434\u043b\u044f \u043b\u044e\u0431\u043e\u0433\u043e \u0442\u043e\u0440\u0436\u0435\u0441\u0442\u0432\u0430 \u0432\u043d\u0435 \u0437\u0430\u0432\u0438\u0441\u0438\u043c\u043e\u0441\u0442\u0438 \u043e\u0442 \u0432\u043e\u0437\u0440\u0430\u0441\u0442\u0430 \u043f\u043e\u043b\u0443\u0447\u0430\u0442\u0435\u043b\u044f \u0431\u0443\u043a\u0435\u0442\u0430.<\/p>\n","protected":false},"featured_media":2689,"template":"","meta":[],"product_brand":[],"product_cat":[76,30,32],"product_tag":[],"class_list":{"0":"post-2701","1":"product","2":"type-product","3":"status-publish","4":"has-post-thumbnail","6":"product_cat-koik-tooted","7":"product_cat-lillekimbud","8":"product_cat-roosid","10":"first","11":"instock","12":"shipping-taxable","13":"purchasable","14":"product-type-simple"},"yoast_head":"<!-- This site is optimized with the Yoast SEO plugin v27.3 - https:\/\/yoast.com\/product\/yoast-seo-wordpress\/ -->\n<title>&quot;\u041d\u0435\u0436\u043d\u044b\u0439 \u0431\u0443\u043a\u0435\u0442&quot; | Bonfortuno<\/title>\n<meta name=\"robots\" content=\"index, follow, max-snippet:-1, max-image-preview:large, max-video-preview:-1\" \/>\n<link rel=\"canonical\" href=\"https:\/\/bonfortuno.eu\/toode\/orn-kimp\/\" \/>\n<meta property=\"og:locale\" content=\"ru_RU\" \/>\n<meta property=\"og:type\" content=\"article\" \/>\n<meta property=\"og:title\" content=\"[:et]&quot;\u00d5rn kimp.&quot;[:ru]&quot;\u041d\u0435\u0436\u043d\u044b\u0439 \u0431\u0443\u043a\u0435\u0442&quot;[:en]&quot;Delicate bouquet.&quot;[:] | Bonfortuno\" \/>\n<meta property=\"og:description\" content=\"[:et]V\u00e4ga \u00f5rn kimp.  Kimp sobib suurep\u00e4raselt romantilisteks kohtumisteks ja igaks pidustuseks, olenemata kimpude saaja vanusest.[:ru]\u041e\u0447\u0435\u043d\u044c \u043d\u0435\u0436\u043d\u044b\u0439 \u0438 \u043f\u044b\u0448\u043d\u044b\u0439 \u0431\u0443\u043a\u0435\u0442. \u0411\u0443\u043a\u0435\u0442 \u043f\u0440\u0435\u043a\u0440\u0430\u0441\u043d\u043e \u043f\u043e\u0434\u043e\u0439\u0434\u0435\u0442 \u0434\u043b\u044f \u0440\u043e\u043c\u0430\u043d\u0442\u0438\u0447\u0435\u0441\u043a\u0438\u0445 \u0432\u0441\u0442\u0440\u0435\u0447 \u0438 \u0434\u043b\u044f \u043b\u044e\u0431\u043e\u0433\u043e \u0442\u043e\u0440\u0436\u0435\u0441\u0442\u0432\u0430 \u0432\u043d\u0435 \u0437\u0430\u0432\u0438\u0441\u0438\u043c\u043e\u0441\u0442\u0438 \u043e\u0442 \u0432\u043e\u0437\u0440\u0430\u0441\u0442\u0430 \u043f\u043e\u043b\u0443\u0447\u0430\u0442\u0435\u043b\u044f \u0431\u0443\u043a\u0435\u0442\u0430.[:en]Very soft and lush bouquet. Bouquet perfect for romantic wear and for any occasion, regardless of the age of the recipient of the bouquet.[:]\" \/>\n<meta property=\"og:url\" content=\"https:\/\/bonfortuno.eu\/toode\/orn-kimp\/\" \/>\n<meta property=\"og:site_name\" content=\"Bonfortuno\" \/>\n<meta property=\"article:modified_time\" content=\"2022-01-13T11:32:28+00:00\" \/>\n<meta property=\"og:image\" content=\"https:\/\/bonfortuno.eu\/wp-content\/uploads\/2020\/05\/IMG_1076.jpg\" \/>\n\t<meta property=\"og:image:width\" content=\"450\" \/>\n\t<meta property=\"og:image:height\" content=\"450\" \/>\n\t<meta property=\"og:image:type\" content=\"image\/jpeg\" \/>\n<meta name=\"twitter:card\" content=\"summary_large_image\" \/>\n<script type=\"application\/ld+json\" class=\"yoast-schema-graph\">{\"@context\":\"https:\\\/\\\/schema.org\",\"@graph\":[{\"@type\":\"WebPage\",\"@id\":\"https:\\\/\\\/bonfortuno.eu\\\/toode\\\/orn-kimp\\\/\",\"url\":\"https:\\\/\\\/bonfortuno.eu\\\/toode\\\/orn-kimp\\\/\",\"name\":\"[:et]\\\"\u00d5rn kimp.\\\"[:ru]\\\"\u041d\u0435\u0436\u043d\u044b\u0439 \u0431\u0443\u043a\u0435\u0442\\\"[:en]\\\"Delicate bouquet.\\\"[:] | Bonfortuno\",\"isPartOf\":{\"@id\":\"https:\\\/\\\/bonfortuno.eu\\\/ru\\\/#website\"},\"primaryImageOfPage\":{\"@id\":\"https:\\\/\\\/bonfortuno.eu\\\/toode\\\/orn-kimp\\\/#primaryimage\"},\"image\":{\"@id\":\"https:\\\/\\\/bonfortuno.eu\\\/toode\\\/orn-kimp\\\/#primaryimage\"},\"thumbnailUrl\":\"https:\\\/\\\/bonfortuno.eu\\\/wp-content\\\/uploads\\\/2020\\\/05\\\/IMG_1076.jpg\",\"datePublished\":\"2020-05-05T16:01:30+00:00\",\"dateModified\":\"2022-01-13T11:32:28+00:00\",\"breadcrumb\":{\"@id\":\"https:\\\/\\\/bonfortuno.eu\\\/toode\\\/orn-kimp\\\/#breadcrumb\"},\"inLanguage\":\"ru-RU\",\"potentialAction\":[{\"@type\":\"ReadAction\",\"target\":[\"https:\\\/\\\/bonfortuno.eu\\\/toode\\\/orn-kimp\\\/\"]}]},{\"@type\":\"ImageObject\",\"inLanguage\":\"ru-RU\",\"@id\":\"https:\\\/\\\/bonfortuno.eu\\\/toode\\\/orn-kimp\\\/#primaryimage\",\"url\":\"https:\\\/\\\/bonfortuno.eu\\\/wp-content\\\/uploads\\\/2020\\\/05\\\/IMG_1076.jpg\",\"contentUrl\":\"https:\\\/\\\/bonfortuno.eu\\\/wp-content\\\/uploads\\\/2020\\\/05\\\/IMG_1076.jpg\",\"width\":450,\"height\":450},{\"@type\":\"BreadcrumbList\",\"@id\":\"https:\\\/\\\/bonfortuno.eu\\\/toode\\\/orn-kimp\\\/#breadcrumb\",\"itemListElement\":[{\"@type\":\"ListItem\",\"position\":1,\"name\":\"\u0413\u043b\u0430\u0432\u043d\u0430\u044f \u0441\u0442\u0440\u0430\u043d\u0438\u0446\u0430\",\"item\":\"https:\\\/\\\/bonfortuno.eu\\\/\"},{\"@type\":\"ListItem\",\"position\":2,\"name\":\"\u041c\u0430\u0433\u0430\u0437\u0438\u043d\",\"item\":\"https:\\\/\\\/bonfortuno.eu\\\/\"},{\"@type\":\"ListItem\",\"position\":3,\"name\":\"&#8220;\u00d5rn kimp.&#8221;\"}]},{\"@type\":\"WebSite\",\"@id\":\"https:\\\/\\\/bonfortuno.eu\\\/ru\\\/#website\",\"url\":\"https:\\\/\\\/bonfortuno.eu\\\/ru\\\/\",\"name\":\"Bonfortuno\",\"description\":\"\u0414\u043e\u0431\u0440\u043e \u043f\u043e\u0436\u0430\u043b\u043e\u0432\u0430\u0442\u044c \u0432 \u043c\u0438\u0440 \u0441\u0432\u0435\u0436\u0438\u0445 \u0446\u0432\u0435\u0442\u043e\u0432\",\"potentialAction\":[{\"@type\":\"SearchAction\",\"target\":{\"@type\":\"EntryPoint\",\"urlTemplate\":\"https:\\\/\\\/bonfortuno.eu\\\/ru\\\/?s={search_term_string}\"},\"query-input\":{\"@type\":\"PropertyValueSpecification\",\"valueRequired\":true,\"valueName\":\"search_term_string\"}}],\"inLanguage\":\"ru-RU\"}]}<\/script>\n<!-- \/ Yoast SEO plugin. -->","yoast_head_json":{"title":"[:et]\"\u00d5rn kimp.\"[:ru]\"\u041d\u0435\u0436\u043d\u044b\u0439 \u0431\u0443\u043a\u0435\u0442\"[:en]\"Delicate bouquet.\"[:] | Bonfortuno","robots":{"index":"index","follow":"follow","max-snippet":"max-snippet:-1","max-image-preview":"max-image-preview:large","max-video-preview":"max-video-preview:-1"},"canonical":"https:\/\/bonfortuno.eu\/toode\/orn-kimp\/","og_locale":"ru_RU","og_type":"article","og_title":"[:et]\"\u00d5rn kimp.\"[:ru]\"\u041d\u0435\u0436\u043d\u044b\u0439 \u0431\u0443\u043a\u0435\u0442\"[:en]\"Delicate bouquet.\"[:] | Bonfortuno","og_description":"[:et]V\u00e4ga \u00f5rn kimp.  Kimp sobib suurep\u00e4raselt romantilisteks kohtumisteks ja igaks pidustuseks, olenemata kimpude saaja vanusest.[:ru]\u041e\u0447\u0435\u043d\u044c \u043d\u0435\u0436\u043d\u044b\u0439 \u0438 \u043f\u044b\u0448\u043d\u044b\u0439 \u0431\u0443\u043a\u0435\u0442. \u0411\u0443\u043a\u0435\u0442 \u043f\u0440\u0435\u043a\u0440\u0430\u0441\u043d\u043e \u043f\u043e\u0434\u043e\u0439\u0434\u0435\u0442 \u0434\u043b\u044f \u0440\u043e\u043c\u0430\u043d\u0442\u0438\u0447\u0435\u0441\u043a\u0438\u0445 \u0432\u0441\u0442\u0440\u0435\u0447 \u0438 \u0434\u043b\u044f \u043b\u044e\u0431\u043e\u0433\u043e \u0442\u043e\u0440\u0436\u0435\u0441\u0442\u0432\u0430 \u0432\u043d\u0435 \u0437\u0430\u0432\u0438\u0441\u0438\u043c\u043e\u0441\u0442\u0438 \u043e\u0442 \u0432\u043e\u0437\u0440\u0430\u0441\u0442\u0430 \u043f\u043e\u043b\u0443\u0447\u0430\u0442\u0435\u043b\u044f \u0431\u0443\u043a\u0435\u0442\u0430.[:en]Very soft and lush bouquet. Bouquet perfect for romantic wear and for any occasion, regardless of the age of the recipient of the bouquet.[:]","og_url":"https:\/\/bonfortuno.eu\/toode\/orn-kimp\/","og_site_name":"Bonfortuno","article_modified_time":"2022-01-13T11:32:28+00:00","og_image":[{"width":450,"height":450,"url":"https:\/\/bonfortuno.eu\/wp-content\/uploads\/2020\/05\/IMG_1076.jpg","type":"image\/jpeg"}],"twitter_card":"summary_large_image","schema":{"@context":"https:\/\/schema.org","@graph":[{"@type":"WebPage","@id":"https:\/\/bonfortuno.eu\/toode\/orn-kimp\/","url":"https:\/\/bonfortuno.eu\/toode\/orn-kimp\/","name":"[:et]\"\u00d5rn kimp.\"[:ru]\"\u041d\u0435\u0436\u043d\u044b\u0439 \u0431\u0443\u043a\u0435\u0442\"[:en]\"Delicate bouquet.\"[:] | Bonfortuno","isPartOf":{"@id":"https:\/\/bonfortuno.eu\/ru\/#website"},"primaryImageOfPage":{"@id":"https:\/\/bonfortuno.eu\/toode\/orn-kimp\/#primaryimage"},"image":{"@id":"https:\/\/bonfortuno.eu\/toode\/orn-kimp\/#primaryimage"},"thumbnailUrl":"https:\/\/bonfortuno.eu\/wp-content\/uploads\/2020\/05\/IMG_1076.jpg","datePublished":"2020-05-05T16:01:30+00:00","dateModified":"2022-01-13T11:32:28+00:00","breadcrumb":{"@id":"https:\/\/bonfortuno.eu\/toode\/orn-kimp\/#breadcrumb"},"inLanguage":"ru-RU","potentialAction":[{"@type":"ReadAction","target":["https:\/\/bonfortuno.eu\/toode\/orn-kimp\/"]}]},{"@type":"ImageObject","inLanguage":"ru-RU","@id":"https:\/\/bonfortuno.eu\/toode\/orn-kimp\/#primaryimage","url":"https:\/\/bonfortuno.eu\/wp-content\/uploads\/2020\/05\/IMG_1076.jpg","contentUrl":"https:\/\/bonfortuno.eu\/wp-content\/uploads\/2020\/05\/IMG_1076.jpg","width":450,"height":450},{"@type":"BreadcrumbList","@id":"https:\/\/bonfortuno.eu\/toode\/orn-kimp\/#breadcrumb","itemListElement":[{"@type":"ListItem","position":1,"name":"\u0413\u043b\u0430\u0432\u043d\u0430\u044f \u0441\u0442\u0440\u0430\u043d\u0438\u0446\u0430","item":"https:\/\/bonfortuno.eu\/"},{"@type":"ListItem","position":2,"name":"\u041c\u0430\u0433\u0430\u0437\u0438\u043d","item":"https:\/\/bonfortuno.eu\/"},{"@type":"ListItem","position":3,"name":"&#8220;\u00d5rn kimp.&#8221;"}]},{"@type":"WebSite","@id":"https:\/\/bonfortuno.eu\/ru\/#website","url":"https:\/\/bonfortuno.eu\/ru\/","name":"Bonfortuno","description":"\u0414\u043e\u0431\u0440\u043e \u043f\u043e\u0436\u0430\u043b\u043e\u0432\u0430\u0442\u044c \u0432 \u043c\u0438\u0440 \u0441\u0432\u0435\u0436\u0438\u0445 \u0446\u0432\u0435\u0442\u043e\u0432","potentialAction":[{"@type":"SearchAction","target":{"@type":"EntryPoint","urlTemplate":"https:\/\/bonfortuno.eu\/ru\/?s={search_term_string}"},"query-input":{"@type":"PropertyValueSpecification","valueRequired":true,"valueName":"search_term_string"}}],"inLanguage":"ru-RU"}]}},"_links":{"self":[{"href":"https:\/\/bonfortuno.eu\/ru\/wp-json\/wp\/v2\/product\/2701","targetHints":{"allow":["GET"]}}],"collection":[{"href":"https:\/\/bonfortuno.eu\/ru\/wp-json\/wp\/v2\/product"}],"about":[{"href":"https:\/\/bonfortuno.eu\/ru\/wp-json\/wp\/v2\/types\/product"}],"wp:featuredmedia":[{"embeddable":true,"href":"https:\/\/bonfortuno.eu\/ru\/wp-json\/wp\/v2\/media\/2689"}],"wp:attachment":[{"href":"https:\/\/bonfortuno.eu\/ru\/wp-json\/wp\/v2\/media?parent=2701"}],"wp:term":[{"taxonomy":"product_brand","embeddable":true,"href":"https:\/\/bonfortuno.eu\/ru\/wp-json\/wp\/v2\/product_brand?post=2701"},{"taxonomy":"product_cat","embeddable":true,"href":"https:\/\/bonfortuno.eu\/ru\/wp-json\/wp\/v2\/product_cat?post=2701"},{"taxonomy":"product_tag","embeddable":true,"href":"https:\/\/bonfortuno.eu\/ru\/wp-json\/wp\/v2\/product_tag?post=2701"}],"curies":[{"name":"wp","href":"https:\/\/api.w.org\/{rel}","templated":true}]}}