{"id":3003,"date":"2021-02-17T13:46:30","date_gmt":"2021-02-17T11:46:30","guid":{"rendered":"https:\/\/bonfortuno.eu\/?post_type=product&#038;p=3003"},"modified":"2021-02-17T13:46:30","modified_gmt":"2021-02-17T11:46:30","slug":"eustoma-kimp","status":"publish","type":"product","link":"https:\/\/bonfortuno.eu\/ru\/toode\/eustoma-kimp\/","title":{"rendered":"&#187;\u0411\u0443\u043a\u0435\u0442 \u0438\u0437 \u044d\u0443\u0441\u0442\u043e\u043c\u044b.&#187;"},"content":{"rendered":"","protected":false},"excerpt":{"rendered":"<p>\u0426\u0432\u0435\u0442\u043e\u0447\u043d\u044b\u0439 \u0431\u0443\u043a\u0435\u0442 \u0438\u0437 \u044d\u0443\u0441\u0442\u043e\u043c\u044b , \u0441\u043e\u0441\u0442\u0430\u0432\u043b\u0435\u043d\u043d\u044b\u0439 \u0432 \u0441\u0438\u0440\u0435\u043d\u0435\u0432\u044b\u0445 \u0442\u043e\u043d\u0430\u0445, \u043f\u043e\u0434\u0430\u0440\u0438\u0442 \u0430\u0434\u0440\u0435\u0441\u0430\u0442\u0443 \u0432\u0441\u0435 \u0442\u0435\u043f\u043b\u043e \u0438 \u043d\u0435\u0436\u043d\u043e\u0441\u0442\u044c \u0432\u0430\u0448\u0438\u0445 \u0447\u0443\u0432\u0441\u0442\u0432. \u0422\u0430\u043a\u043e\u0439 \u043f\u043e\u0434\u0430\u0440\u043e\u043a \u0441\u0442\u0430\u043d\u0435\u0442 \u0442\u0440\u043e\u0433\u0430\u0442\u0435\u043b\u044c\u043d\u044b\u043c \u043d\u0430\u043f\u043e\u043c\u0438\u043d\u0430\u043d\u0438\u0435\u043c \u043e \u0432\u0435\u0441\u0435\u043d\u043d\u0435\u0439 \u043f\u043e\u0440\u0435. \u0410 \u043c\u044b\u0441\u043b\u0438 \u043e\u0431 \u044d\u0442\u043e\u043c \u043d\u0435\u043f\u0440\u0435\u043c\u0435\u043d\u043d\u043e \u0441\u043e\u0433\u0440\u0435\u044e\u0442 \u0434\u0443\u0448\u0443 \u0438 \u043f\u043e\u0434\u043d\u0438\u043c\u0443\u0442 \u043d\u0430\u0441\u0442\u0440\u043e\u0435\u043d\u0438\u0435 \u0434\u0430\u0436\u0435 \u0432 \u0441\u0430\u043c\u0443\u044e \u043d\u0435\u043d\u0430\u0441\u0442\u043d\u0443\u044e \u043f\u043e\u0433\u043e\u0434\u0443!<\/p>\n","protected":false},"featured_media":2685,"template":"","meta":[],"product_brand":[],"product_cat":[76,30],"product_tag":[],"class_list":{"0":"post-3003","1":"product","2":"type-product","3":"status-publish","4":"has-post-thumbnail","6":"product_cat-koik-tooted","7":"product_cat-lillekimbud","9":"first","10":"instock","11":"shipping-taxable","12":"purchasable","13":"product-type-simple"},"yoast_head":"<!-- This site is optimized with the Yoast SEO plugin v27.3 - https:\/\/yoast.com\/product\/yoast-seo-wordpress\/ -->\n<title>&quot;\u0411\u0443\u043a\u0435\u0442 \u0438\u0437 \u044d\u0443\u0441\u0442\u043e\u043c\u044b.&quot; | Bonfortuno<\/title>\n<meta name=\"robots\" content=\"index, follow, max-snippet:-1, max-image-preview:large, max-video-preview:-1\" \/>\n<link rel=\"canonical\" href=\"https:\/\/bonfortuno.eu\/toode\/eustoma-kimp\/\" \/>\n<meta property=\"og:locale\" content=\"ru_RU\" \/>\n<meta property=\"og:type\" content=\"article\" \/>\n<meta property=\"og:title\" content=\"[:et]&quot;Eustoma kimp.&quot;[:ru]&quot;\u0411\u0443\u043a\u0435\u0442 \u0438\u0437 \u044d\u0443\u0441\u0442\u043e\u043c\u044b.&quot;[:en]&quot;Eustoma bouquet.&quot;[:] | Bonfortuno\" \/>\n<meta property=\"og:description\" content=\"[:et]Lillakates toonides kokku pandud lillekimp eustoomast annab adressaadile kogu teie tunnete soojuse ja helluse. Selline kingitus on liigutav meeldetuletus kevadest. Ja selle m\u00f5tted soojendavad kindlasti hinge ja r\u00f5\u00f5mustavad ka k\u00f5ige r\u00f5vedama ilmaga![:ru]\u0426\u0432\u0435\u0442\u043e\u0447\u043d\u044b\u0439 \u0431\u0443\u043a\u0435\u0442 \u0438\u0437 \u044d\u0443\u0441\u0442\u043e\u043c\u044b , \u0441\u043e\u0441\u0442\u0430\u0432\u043b\u0435\u043d\u043d\u044b\u0439 \u0432 \u0441\u0438\u0440\u0435\u043d\u0435\u0432\u044b\u0445 \u0442\u043e\u043d\u0430\u0445, \u043f\u043e\u0434\u0430\u0440\u0438\u0442 \u0430\u0434\u0440\u0435\u0441\u0430\u0442\u0443 \u0432\u0441\u0435 \u0442\u0435\u043f\u043b\u043e \u0438 \u043d\u0435\u0436\u043d\u043e\u0441\u0442\u044c \u0432\u0430\u0448\u0438\u0445 \u0447\u0443\u0432\u0441\u0442\u0432. \u0422\u0430\u043a\u043e\u0439 \u043f\u043e\u0434\u0430\u0440\u043e\u043a \u0441\u0442\u0430\u043d\u0435\u0442 \u0442\u0440\u043e\u0433\u0430\u0442\u0435\u043b\u044c\u043d\u044b\u043c \u043d\u0430\u043f\u043e\u043c\u0438\u043d\u0430\u043d\u0438\u0435\u043c \u043e \u0432\u0435\u0441\u0435\u043d\u043d\u0435\u0439 \u043f\u043e\u0440\u0435. \u0410 \u043c\u044b\u0441\u043b\u0438 \u043e\u0431 \u044d\u0442\u043e\u043c \u043d\u0435\u043f\u0440\u0435\u043c\u0435\u043d\u043d\u043e \u0441\u043e\u0433\u0440\u0435\u044e\u0442 \u0434\u0443\u0448\u0443 \u0438 \u043f\u043e\u0434\u043d\u0438\u043c\u0443\u0442 \u043d\u0430\u0441\u0442\u0440\u043e\u0435\u043d\u0438\u0435 \u0434\u0430\u0436\u0435 \u0432 \u0441\u0430\u043c\u0443\u044e \u043d\u0435\u043d\u0430\u0441\u0442\u043d\u0443\u044e \u043f\u043e\u0433\u043e\u0434\u0443![:en]A flower bouquet of eustoma, composed in lilac tones, will give the addressee all the warmth and tenderness of your feelings. Such a gift will be a touching reminder of the springtime. And thoughts about this will certainly warm the soul and cheer up even in the most inclement weather![:]\" \/>\n<meta property=\"og:url\" content=\"https:\/\/bonfortuno.eu\/toode\/eustoma-kimp\/\" \/>\n<meta property=\"og:site_name\" content=\"Bonfortuno\" \/>\n<meta property=\"og:image\" content=\"https:\/\/bonfortuno.eu\/wp-content\/uploads\/2020\/05\/IMG_1072.jpg\" \/>\n\t<meta property=\"og:image:width\" content=\"524\" \/>\n\t<meta property=\"og:image:height\" content=\"524\" \/>\n\t<meta property=\"og:image:type\" content=\"image\/jpeg\" \/>\n<meta name=\"twitter:card\" content=\"summary_large_image\" \/>\n<script type=\"application\/ld+json\" class=\"yoast-schema-graph\">{\"@context\":\"https:\\\/\\\/schema.org\",\"@graph\":[{\"@type\":\"WebPage\",\"@id\":\"https:\\\/\\\/bonfortuno.eu\\\/toode\\\/eustoma-kimp\\\/\",\"url\":\"https:\\\/\\\/bonfortuno.eu\\\/toode\\\/eustoma-kimp\\\/\",\"name\":\"[:et]\\\"Eustoma kimp.\\\"[:ru]\\\"\u0411\u0443\u043a\u0435\u0442 \u0438\u0437 \u044d\u0443\u0441\u0442\u043e\u043c\u044b.\\\"[:en]\\\"Eustoma bouquet.\\\"[:] | Bonfortuno\",\"isPartOf\":{\"@id\":\"https:\\\/\\\/bonfortuno.eu\\\/ru\\\/#website\"},\"primaryImageOfPage\":{\"@id\":\"https:\\\/\\\/bonfortuno.eu\\\/toode\\\/eustoma-kimp\\\/#primaryimage\"},\"image\":{\"@id\":\"https:\\\/\\\/bonfortuno.eu\\\/toode\\\/eustoma-kimp\\\/#primaryimage\"},\"thumbnailUrl\":\"https:\\\/\\\/bonfortuno.eu\\\/wp-content\\\/uploads\\\/2020\\\/05\\\/IMG_1072.jpg\",\"datePublished\":\"2021-02-17T11:46:30+00:00\",\"breadcrumb\":{\"@id\":\"https:\\\/\\\/bonfortuno.eu\\\/toode\\\/eustoma-kimp\\\/#breadcrumb\"},\"inLanguage\":\"ru-RU\",\"potentialAction\":[{\"@type\":\"ReadAction\",\"target\":[\"https:\\\/\\\/bonfortuno.eu\\\/toode\\\/eustoma-kimp\\\/\"]}]},{\"@type\":\"ImageObject\",\"inLanguage\":\"ru-RU\",\"@id\":\"https:\\\/\\\/bonfortuno.eu\\\/toode\\\/eustoma-kimp\\\/#primaryimage\",\"url\":\"https:\\\/\\\/bonfortuno.eu\\\/wp-content\\\/uploads\\\/2020\\\/05\\\/IMG_1072.jpg\",\"contentUrl\":\"https:\\\/\\\/bonfortuno.eu\\\/wp-content\\\/uploads\\\/2020\\\/05\\\/IMG_1072.jpg\",\"width\":524,\"height\":524},{\"@type\":\"BreadcrumbList\",\"@id\":\"https:\\\/\\\/bonfortuno.eu\\\/toode\\\/eustoma-kimp\\\/#breadcrumb\",\"itemListElement\":[{\"@type\":\"ListItem\",\"position\":1,\"name\":\"\u0413\u043b\u0430\u0432\u043d\u0430\u044f \u0441\u0442\u0440\u0430\u043d\u0438\u0446\u0430\",\"item\":\"https:\\\/\\\/bonfortuno.eu\\\/\"},{\"@type\":\"ListItem\",\"position\":2,\"name\":\"\u041c\u0430\u0433\u0430\u0437\u0438\u043d\",\"item\":\"https:\\\/\\\/bonfortuno.eu\\\/\"},{\"@type\":\"ListItem\",\"position\":3,\"name\":\"&#8220;Eustoma kimp.&#8221;\"}]},{\"@type\":\"WebSite\",\"@id\":\"https:\\\/\\\/bonfortuno.eu\\\/ru\\\/#website\",\"url\":\"https:\\\/\\\/bonfortuno.eu\\\/ru\\\/\",\"name\":\"Bonfortuno\",\"description\":\"\u0414\u043e\u0431\u0440\u043e \u043f\u043e\u0436\u0430\u043b\u043e\u0432\u0430\u0442\u044c \u0432 \u043c\u0438\u0440 \u0441\u0432\u0435\u0436\u0438\u0445 \u0446\u0432\u0435\u0442\u043e\u0432\",\"potentialAction\":[{\"@type\":\"SearchAction\",\"target\":{\"@type\":\"EntryPoint\",\"urlTemplate\":\"https:\\\/\\\/bonfortuno.eu\\\/ru\\\/?s={search_term_string}\"},\"query-input\":{\"@type\":\"PropertyValueSpecification\",\"valueRequired\":true,\"valueName\":\"search_term_string\"}}],\"inLanguage\":\"ru-RU\"}]}<\/script>\n<!-- \/ Yoast SEO plugin. -->","yoast_head_json":{"title":"[:et]\"Eustoma kimp.\"[:ru]\"\u0411\u0443\u043a\u0435\u0442 \u0438\u0437 \u044d\u0443\u0441\u0442\u043e\u043c\u044b.\"[:en]\"Eustoma bouquet.\"[:] | Bonfortuno","robots":{"index":"index","follow":"follow","max-snippet":"max-snippet:-1","max-image-preview":"max-image-preview:large","max-video-preview":"max-video-preview:-1"},"canonical":"https:\/\/bonfortuno.eu\/toode\/eustoma-kimp\/","og_locale":"ru_RU","og_type":"article","og_title":"[:et]\"Eustoma kimp.\"[:ru]\"\u0411\u0443\u043a\u0435\u0442 \u0438\u0437 \u044d\u0443\u0441\u0442\u043e\u043c\u044b.\"[:en]\"Eustoma bouquet.\"[:] | Bonfortuno","og_description":"[:et]Lillakates toonides kokku pandud lillekimp eustoomast annab adressaadile kogu teie tunnete soojuse ja helluse. Selline kingitus on liigutav meeldetuletus kevadest. Ja selle m\u00f5tted soojendavad kindlasti hinge ja r\u00f5\u00f5mustavad ka k\u00f5ige r\u00f5vedama ilmaga![:ru]\u0426\u0432\u0435\u0442\u043e\u0447\u043d\u044b\u0439 \u0431\u0443\u043a\u0435\u0442 \u0438\u0437 \u044d\u0443\u0441\u0442\u043e\u043c\u044b , \u0441\u043e\u0441\u0442\u0430\u0432\u043b\u0435\u043d\u043d\u044b\u0439 \u0432 \u0441\u0438\u0440\u0435\u043d\u0435\u0432\u044b\u0445 \u0442\u043e\u043d\u0430\u0445, \u043f\u043e\u0434\u0430\u0440\u0438\u0442 \u0430\u0434\u0440\u0435\u0441\u0430\u0442\u0443 \u0432\u0441\u0435 \u0442\u0435\u043f\u043b\u043e \u0438 \u043d\u0435\u0436\u043d\u043e\u0441\u0442\u044c \u0432\u0430\u0448\u0438\u0445 \u0447\u0443\u0432\u0441\u0442\u0432. \u0422\u0430\u043a\u043e\u0439 \u043f\u043e\u0434\u0430\u0440\u043e\u043a \u0441\u0442\u0430\u043d\u0435\u0442 \u0442\u0440\u043e\u0433\u0430\u0442\u0435\u043b\u044c\u043d\u044b\u043c \u043d\u0430\u043f\u043e\u043c\u0438\u043d\u0430\u043d\u0438\u0435\u043c \u043e \u0432\u0435\u0441\u0435\u043d\u043d\u0435\u0439 \u043f\u043e\u0440\u0435. \u0410 \u043c\u044b\u0441\u043b\u0438 \u043e\u0431 \u044d\u0442\u043e\u043c \u043d\u0435\u043f\u0440\u0435\u043c\u0435\u043d\u043d\u043e \u0441\u043e\u0433\u0440\u0435\u044e\u0442 \u0434\u0443\u0448\u0443 \u0438 \u043f\u043e\u0434\u043d\u0438\u043c\u0443\u0442 \u043d\u0430\u0441\u0442\u0440\u043e\u0435\u043d\u0438\u0435 \u0434\u0430\u0436\u0435 \u0432 \u0441\u0430\u043c\u0443\u044e \u043d\u0435\u043d\u0430\u0441\u0442\u043d\u0443\u044e \u043f\u043e\u0433\u043e\u0434\u0443![:en]A flower bouquet of eustoma, composed in lilac tones, will give the addressee all the warmth and tenderness of your feelings. Such a gift will be a touching reminder of the springtime. And thoughts about this will certainly warm the soul and cheer up even in the most inclement weather![:]","og_url":"https:\/\/bonfortuno.eu\/toode\/eustoma-kimp\/","og_site_name":"Bonfortuno","og_image":[{"width":524,"height":524,"url":"https:\/\/bonfortuno.eu\/wp-content\/uploads\/2020\/05\/IMG_1072.jpg","type":"image\/jpeg"}],"twitter_card":"summary_large_image","schema":{"@context":"https:\/\/schema.org","@graph":[{"@type":"WebPage","@id":"https:\/\/bonfortuno.eu\/toode\/eustoma-kimp\/","url":"https:\/\/bonfortuno.eu\/toode\/eustoma-kimp\/","name":"[:et]\"Eustoma kimp.\"[:ru]\"\u0411\u0443\u043a\u0435\u0442 \u0438\u0437 \u044d\u0443\u0441\u0442\u043e\u043c\u044b.\"[:en]\"Eustoma bouquet.\"[:] | Bonfortuno","isPartOf":{"@id":"https:\/\/bonfortuno.eu\/ru\/#website"},"primaryImageOfPage":{"@id":"https:\/\/bonfortuno.eu\/toode\/eustoma-kimp\/#primaryimage"},"image":{"@id":"https:\/\/bonfortuno.eu\/toode\/eustoma-kimp\/#primaryimage"},"thumbnailUrl":"https:\/\/bonfortuno.eu\/wp-content\/uploads\/2020\/05\/IMG_1072.jpg","datePublished":"2021-02-17T11:46:30+00:00","breadcrumb":{"@id":"https:\/\/bonfortuno.eu\/toode\/eustoma-kimp\/#breadcrumb"},"inLanguage":"ru-RU","potentialAction":[{"@type":"ReadAction","target":["https:\/\/bonfortuno.eu\/toode\/eustoma-kimp\/"]}]},{"@type":"ImageObject","inLanguage":"ru-RU","@id":"https:\/\/bonfortuno.eu\/toode\/eustoma-kimp\/#primaryimage","url":"https:\/\/bonfortuno.eu\/wp-content\/uploads\/2020\/05\/IMG_1072.jpg","contentUrl":"https:\/\/bonfortuno.eu\/wp-content\/uploads\/2020\/05\/IMG_1072.jpg","width":524,"height":524},{"@type":"BreadcrumbList","@id":"https:\/\/bonfortuno.eu\/toode\/eustoma-kimp\/#breadcrumb","itemListElement":[{"@type":"ListItem","position":1,"name":"\u0413\u043b\u0430\u0432\u043d\u0430\u044f \u0441\u0442\u0440\u0430\u043d\u0438\u0446\u0430","item":"https:\/\/bonfortuno.eu\/"},{"@type":"ListItem","position":2,"name":"\u041c\u0430\u0433\u0430\u0437\u0438\u043d","item":"https:\/\/bonfortuno.eu\/"},{"@type":"ListItem","position":3,"name":"&#8220;Eustoma kimp.&#8221;"}]},{"@type":"WebSite","@id":"https:\/\/bonfortuno.eu\/ru\/#website","url":"https:\/\/bonfortuno.eu\/ru\/","name":"Bonfortuno","description":"\u0414\u043e\u0431\u0440\u043e \u043f\u043e\u0436\u0430\u043b\u043e\u0432\u0430\u0442\u044c \u0432 \u043c\u0438\u0440 \u0441\u0432\u0435\u0436\u0438\u0445 \u0446\u0432\u0435\u0442\u043e\u0432","potentialAction":[{"@type":"SearchAction","target":{"@type":"EntryPoint","urlTemplate":"https:\/\/bonfortuno.eu\/ru\/?s={search_term_string}"},"query-input":{"@type":"PropertyValueSpecification","valueRequired":true,"valueName":"search_term_string"}}],"inLanguage":"ru-RU"}]}},"_links":{"self":[{"href":"https:\/\/bonfortuno.eu\/ru\/wp-json\/wp\/v2\/product\/3003","targetHints":{"allow":["GET"]}}],"collection":[{"href":"https:\/\/bonfortuno.eu\/ru\/wp-json\/wp\/v2\/product"}],"about":[{"href":"https:\/\/bonfortuno.eu\/ru\/wp-json\/wp\/v2\/types\/product"}],"wp:featuredmedia":[{"embeddable":true,"href":"https:\/\/bonfortuno.eu\/ru\/wp-json\/wp\/v2\/media\/2685"}],"wp:attachment":[{"href":"https:\/\/bonfortuno.eu\/ru\/wp-json\/wp\/v2\/media?parent=3003"}],"wp:term":[{"taxonomy":"product_brand","embeddable":true,"href":"https:\/\/bonfortuno.eu\/ru\/wp-json\/wp\/v2\/product_brand?post=3003"},{"taxonomy":"product_cat","embeddable":true,"href":"https:\/\/bonfortuno.eu\/ru\/wp-json\/wp\/v2\/product_cat?post=3003"},{"taxonomy":"product_tag","embeddable":true,"href":"https:\/\/bonfortuno.eu\/ru\/wp-json\/wp\/v2\/product_tag?post=3003"}],"curies":[{"name":"wp","href":"https:\/\/api.w.org\/{rel}","templated":true}]}}