{"id":3005,"date":"2021-02-17T14:10:55","date_gmt":"2021-02-17T12:10:55","guid":{"rendered":"https:\/\/bonfortuno.eu\/?post_type=product&#038;p=3005"},"modified":"2022-01-13T13:28:56","modified_gmt":"2022-01-13T11:28:56","slug":"scarlet-purjed","status":"publish","type":"product","link":"https:\/\/bonfortuno.eu\/ru\/toode\/scarlet-purjed\/","title":{"rendered":"&#187;\u0410\u043b\u044b\u0435 \u043f\u0430\u0440\u0443\u0441\u0430 &#171;"},"content":{"rendered":"","protected":false},"excerpt":{"rendered":"<p>\u041c\u0435\u0447\u0442\u0430\u0442\u0435\u043b\u044c\u043d\u044b\u0439 \u0431\u0443\u043a\u0435\u0442, \u043f\u043e\u043b\u043d\u044b\u0439 \u043d\u0430\u0434\u0435\u0436\u0434 \u0438 \u043f\u043b\u0430\u043d\u043e\u0432. \u0412 \u043d\u0435\u043c \u043d\u0435\u043e\u0431\u044a\u044f\u0442\u043d\u043e\u0435 \u0441\u0442\u0440\u0435\u043c\u043b\u0435\u043d\u0438\u0435 \u043a \u043d\u043e\u0432\u043e\u043c\u0443, \u0440\u0430\u0434\u043e\u0441\u0442\u044c \u043f\u043e\u0438\u0441\u043a\u0430 \u0438 \u0440\u043e\u043c\u0430\u043d\u0442\u0438\u043a\u0430 \u0434\u0430\u043b\u0435\u043a\u0438\u0445 \u0433\u043e\u0440\u0438\u0437\u043e\u043d\u0442\u043e\u0432.<\/p>\n","protected":false},"featured_media":2687,"template":"","meta":[],"product_brand":[],"product_cat":[76,30],"product_tag":[],"class_list":{"0":"post-3005","1":"product","2":"type-product","3":"status-publish","4":"has-post-thumbnail","6":"product_cat-koik-tooted","7":"product_cat-lillekimbud","9":"first","10":"instock","11":"shipping-taxable","12":"purchasable","13":"product-type-simple"},"yoast_head":"<!-- This site is optimized with the Yoast SEO plugin v27.3 - https:\/\/yoast.com\/product\/yoast-seo-wordpress\/ -->\n<title>&quot;\u0410\u043b\u044b\u0435 \u043f\u0430\u0440\u0443\u0441\u0430 &quot; | Bonfortuno<\/title>\n<meta name=\"robots\" content=\"index, follow, max-snippet:-1, max-image-preview:large, max-video-preview:-1\" \/>\n<link rel=\"canonical\" href=\"https:\/\/bonfortuno.eu\/toode\/scarlet-purjed\/\" \/>\n<meta property=\"og:locale\" content=\"ru_RU\" \/>\n<meta property=\"og:type\" content=\"article\" \/>\n<meta property=\"og:title\" content=\"[:et]&quot;Scarlet purjed&quot;[:ru]&quot;\u0410\u043b\u044b\u0435 \u043f\u0430\u0440\u0443\u0441\u0430 &quot;[:en]&quot;Scarlet Sails&quot;[:] | Bonfortuno\" \/>\n<meta property=\"og:description\" content=\"[:et]Unistav kimp, mis on t\u00e4is lootusi ja plaane. Tal on suur soov millegi uue j\u00e4rele, kaugete silmapiiride r\u00f5\u00f5mude ja romantika otsimine.[:ru]\u041c\u0435\u0447\u0442\u0430\u0442\u0435\u043b\u044c\u043d\u044b\u0439 \u0431\u0443\u043a\u0435\u0442, \u043f\u043e\u043b\u043d\u044b\u0439 \u043d\u0430\u0434\u0435\u0436\u0434 \u0438 \u043f\u043b\u0430\u043d\u043e\u0432. \u0412 \u043d\u0435\u043c \u043d\u0435\u043e\u0431\u044a\u044f\u0442\u043d\u043e\u0435 \u0441\u0442\u0440\u0435\u043c\u043b\u0435\u043d\u0438\u0435 \u043a \u043d\u043e\u0432\u043e\u043c\u0443, \u0440\u0430\u0434\u043e\u0441\u0442\u044c \u043f\u043e\u0438\u0441\u043a\u0430 \u0438 \u0440\u043e\u043c\u0430\u043d\u0442\u0438\u043a\u0430 \u0434\u0430\u043b\u0435\u043a\u0438\u0445 \u0433\u043e\u0440\u0438\u0437\u043e\u043d\u0442\u043e\u0432.[:en]A dreamy bouquet full of hopes and plans. He has a great desire for something new, the search for joys and the romance of distant horizons.[:]\" \/>\n<meta property=\"og:url\" content=\"https:\/\/bonfortuno.eu\/toode\/scarlet-purjed\/\" \/>\n<meta property=\"og:site_name\" content=\"Bonfortuno\" \/>\n<meta property=\"article:modified_time\" content=\"2022-01-13T11:28:56+00:00\" \/>\n<meta property=\"og:image\" content=\"https:\/\/bonfortuno.eu\/wp-content\/uploads\/2020\/05\/IMG_1074.jpg\" \/>\n\t<meta property=\"og:image:width\" content=\"300\" \/>\n\t<meta property=\"og:image:height\" content=\"300\" \/>\n\t<meta property=\"og:image:type\" content=\"image\/jpeg\" \/>\n<meta name=\"twitter:card\" content=\"summary_large_image\" \/>\n<script type=\"application\/ld+json\" class=\"yoast-schema-graph\">{\"@context\":\"https:\\\/\\\/schema.org\",\"@graph\":[{\"@type\":\"WebPage\",\"@id\":\"https:\\\/\\\/bonfortuno.eu\\\/toode\\\/scarlet-purjed\\\/\",\"url\":\"https:\\\/\\\/bonfortuno.eu\\\/toode\\\/scarlet-purjed\\\/\",\"name\":\"[:et]\\\"Scarlet purjed\\\"[:ru]\\\"\u0410\u043b\u044b\u0435 \u043f\u0430\u0440\u0443\u0441\u0430 \\\"[:en]\\\"Scarlet Sails\\\"[:] | Bonfortuno\",\"isPartOf\":{\"@id\":\"https:\\\/\\\/bonfortuno.eu\\\/ru\\\/#website\"},\"primaryImageOfPage\":{\"@id\":\"https:\\\/\\\/bonfortuno.eu\\\/toode\\\/scarlet-purjed\\\/#primaryimage\"},\"image\":{\"@id\":\"https:\\\/\\\/bonfortuno.eu\\\/toode\\\/scarlet-purjed\\\/#primaryimage\"},\"thumbnailUrl\":\"https:\\\/\\\/bonfortuno.eu\\\/wp-content\\\/uploads\\\/2020\\\/05\\\/IMG_1074.jpg\",\"datePublished\":\"2021-02-17T12:10:55+00:00\",\"dateModified\":\"2022-01-13T11:28:56+00:00\",\"breadcrumb\":{\"@id\":\"https:\\\/\\\/bonfortuno.eu\\\/toode\\\/scarlet-purjed\\\/#breadcrumb\"},\"inLanguage\":\"ru-RU\",\"potentialAction\":[{\"@type\":\"ReadAction\",\"target\":[\"https:\\\/\\\/bonfortuno.eu\\\/toode\\\/scarlet-purjed\\\/\"]}]},{\"@type\":\"ImageObject\",\"inLanguage\":\"ru-RU\",\"@id\":\"https:\\\/\\\/bonfortuno.eu\\\/toode\\\/scarlet-purjed\\\/#primaryimage\",\"url\":\"https:\\\/\\\/bonfortuno.eu\\\/wp-content\\\/uploads\\\/2020\\\/05\\\/IMG_1074.jpg\",\"contentUrl\":\"https:\\\/\\\/bonfortuno.eu\\\/wp-content\\\/uploads\\\/2020\\\/05\\\/IMG_1074.jpg\",\"width\":300,\"height\":300},{\"@type\":\"BreadcrumbList\",\"@id\":\"https:\\\/\\\/bonfortuno.eu\\\/toode\\\/scarlet-purjed\\\/#breadcrumb\",\"itemListElement\":[{\"@type\":\"ListItem\",\"position\":1,\"name\":\"\u0413\u043b\u0430\u0432\u043d\u0430\u044f \u0441\u0442\u0440\u0430\u043d\u0438\u0446\u0430\",\"item\":\"https:\\\/\\\/bonfortuno.eu\\\/\"},{\"@type\":\"ListItem\",\"position\":2,\"name\":\"\u041c\u0430\u0433\u0430\u0437\u0438\u043d\",\"item\":\"https:\\\/\\\/bonfortuno.eu\\\/\"},{\"@type\":\"ListItem\",\"position\":3,\"name\":\"&#8220;Scarlet purjed&#8221;\"}]},{\"@type\":\"WebSite\",\"@id\":\"https:\\\/\\\/bonfortuno.eu\\\/ru\\\/#website\",\"url\":\"https:\\\/\\\/bonfortuno.eu\\\/ru\\\/\",\"name\":\"Bonfortuno\",\"description\":\"\u0414\u043e\u0431\u0440\u043e \u043f\u043e\u0436\u0430\u043b\u043e\u0432\u0430\u0442\u044c \u0432 \u043c\u0438\u0440 \u0441\u0432\u0435\u0436\u0438\u0445 \u0446\u0432\u0435\u0442\u043e\u0432\",\"potentialAction\":[{\"@type\":\"SearchAction\",\"target\":{\"@type\":\"EntryPoint\",\"urlTemplate\":\"https:\\\/\\\/bonfortuno.eu\\\/ru\\\/?s={search_term_string}\"},\"query-input\":{\"@type\":\"PropertyValueSpecification\",\"valueRequired\":true,\"valueName\":\"search_term_string\"}}],\"inLanguage\":\"ru-RU\"}]}<\/script>\n<!-- \/ Yoast SEO plugin. -->","yoast_head_json":{"title":"[:et]\"Scarlet purjed\"[:ru]\"\u0410\u043b\u044b\u0435 \u043f\u0430\u0440\u0443\u0441\u0430 \"[:en]\"Scarlet Sails\"[:] | Bonfortuno","robots":{"index":"index","follow":"follow","max-snippet":"max-snippet:-1","max-image-preview":"max-image-preview:large","max-video-preview":"max-video-preview:-1"},"canonical":"https:\/\/bonfortuno.eu\/toode\/scarlet-purjed\/","og_locale":"ru_RU","og_type":"article","og_title":"[:et]\"Scarlet purjed\"[:ru]\"\u0410\u043b\u044b\u0435 \u043f\u0430\u0440\u0443\u0441\u0430 \"[:en]\"Scarlet Sails\"[:] | Bonfortuno","og_description":"[:et]Unistav kimp, mis on t\u00e4is lootusi ja plaane. Tal on suur soov millegi uue j\u00e4rele, kaugete silmapiiride r\u00f5\u00f5mude ja romantika otsimine.[:ru]\u041c\u0435\u0447\u0442\u0430\u0442\u0435\u043b\u044c\u043d\u044b\u0439 \u0431\u0443\u043a\u0435\u0442, \u043f\u043e\u043b\u043d\u044b\u0439 \u043d\u0430\u0434\u0435\u0436\u0434 \u0438 \u043f\u043b\u0430\u043d\u043e\u0432. \u0412 \u043d\u0435\u043c \u043d\u0435\u043e\u0431\u044a\u044f\u0442\u043d\u043e\u0435 \u0441\u0442\u0440\u0435\u043c\u043b\u0435\u043d\u0438\u0435 \u043a \u043d\u043e\u0432\u043e\u043c\u0443, \u0440\u0430\u0434\u043e\u0441\u0442\u044c \u043f\u043e\u0438\u0441\u043a\u0430 \u0438 \u0440\u043e\u043c\u0430\u043d\u0442\u0438\u043a\u0430 \u0434\u0430\u043b\u0435\u043a\u0438\u0445 \u0433\u043e\u0440\u0438\u0437\u043e\u043d\u0442\u043e\u0432.[:en]A dreamy bouquet full of hopes and plans. He has a great desire for something new, the search for joys and the romance of distant horizons.[:]","og_url":"https:\/\/bonfortuno.eu\/toode\/scarlet-purjed\/","og_site_name":"Bonfortuno","article_modified_time":"2022-01-13T11:28:56+00:00","og_image":[{"width":300,"height":300,"url":"https:\/\/bonfortuno.eu\/wp-content\/uploads\/2020\/05\/IMG_1074.jpg","type":"image\/jpeg"}],"twitter_card":"summary_large_image","schema":{"@context":"https:\/\/schema.org","@graph":[{"@type":"WebPage","@id":"https:\/\/bonfortuno.eu\/toode\/scarlet-purjed\/","url":"https:\/\/bonfortuno.eu\/toode\/scarlet-purjed\/","name":"[:et]\"Scarlet purjed\"[:ru]\"\u0410\u043b\u044b\u0435 \u043f\u0430\u0440\u0443\u0441\u0430 \"[:en]\"Scarlet Sails\"[:] | Bonfortuno","isPartOf":{"@id":"https:\/\/bonfortuno.eu\/ru\/#website"},"primaryImageOfPage":{"@id":"https:\/\/bonfortuno.eu\/toode\/scarlet-purjed\/#primaryimage"},"image":{"@id":"https:\/\/bonfortuno.eu\/toode\/scarlet-purjed\/#primaryimage"},"thumbnailUrl":"https:\/\/bonfortuno.eu\/wp-content\/uploads\/2020\/05\/IMG_1074.jpg","datePublished":"2021-02-17T12:10:55+00:00","dateModified":"2022-01-13T11:28:56+00:00","breadcrumb":{"@id":"https:\/\/bonfortuno.eu\/toode\/scarlet-purjed\/#breadcrumb"},"inLanguage":"ru-RU","potentialAction":[{"@type":"ReadAction","target":["https:\/\/bonfortuno.eu\/toode\/scarlet-purjed\/"]}]},{"@type":"ImageObject","inLanguage":"ru-RU","@id":"https:\/\/bonfortuno.eu\/toode\/scarlet-purjed\/#primaryimage","url":"https:\/\/bonfortuno.eu\/wp-content\/uploads\/2020\/05\/IMG_1074.jpg","contentUrl":"https:\/\/bonfortuno.eu\/wp-content\/uploads\/2020\/05\/IMG_1074.jpg","width":300,"height":300},{"@type":"BreadcrumbList","@id":"https:\/\/bonfortuno.eu\/toode\/scarlet-purjed\/#breadcrumb","itemListElement":[{"@type":"ListItem","position":1,"name":"\u0413\u043b\u0430\u0432\u043d\u0430\u044f \u0441\u0442\u0440\u0430\u043d\u0438\u0446\u0430","item":"https:\/\/bonfortuno.eu\/"},{"@type":"ListItem","position":2,"name":"\u041c\u0430\u0433\u0430\u0437\u0438\u043d","item":"https:\/\/bonfortuno.eu\/"},{"@type":"ListItem","position":3,"name":"&#8220;Scarlet purjed&#8221;"}]},{"@type":"WebSite","@id":"https:\/\/bonfortuno.eu\/ru\/#website","url":"https:\/\/bonfortuno.eu\/ru\/","name":"Bonfortuno","description":"\u0414\u043e\u0431\u0440\u043e \u043f\u043e\u0436\u0430\u043b\u043e\u0432\u0430\u0442\u044c \u0432 \u043c\u0438\u0440 \u0441\u0432\u0435\u0436\u0438\u0445 \u0446\u0432\u0435\u0442\u043e\u0432","potentialAction":[{"@type":"SearchAction","target":{"@type":"EntryPoint","urlTemplate":"https:\/\/bonfortuno.eu\/ru\/?s={search_term_string}"},"query-input":{"@type":"PropertyValueSpecification","valueRequired":true,"valueName":"search_term_string"}}],"inLanguage":"ru-RU"}]}},"_links":{"self":[{"href":"https:\/\/bonfortuno.eu\/ru\/wp-json\/wp\/v2\/product\/3005","targetHints":{"allow":["GET"]}}],"collection":[{"href":"https:\/\/bonfortuno.eu\/ru\/wp-json\/wp\/v2\/product"}],"about":[{"href":"https:\/\/bonfortuno.eu\/ru\/wp-json\/wp\/v2\/types\/product"}],"wp:featuredmedia":[{"embeddable":true,"href":"https:\/\/bonfortuno.eu\/ru\/wp-json\/wp\/v2\/media\/2687"}],"wp:attachment":[{"href":"https:\/\/bonfortuno.eu\/ru\/wp-json\/wp\/v2\/media?parent=3005"}],"wp:term":[{"taxonomy":"product_brand","embeddable":true,"href":"https:\/\/bonfortuno.eu\/ru\/wp-json\/wp\/v2\/product_brand?post=3005"},{"taxonomy":"product_cat","embeddable":true,"href":"https:\/\/bonfortuno.eu\/ru\/wp-json\/wp\/v2\/product_cat?post=3005"},{"taxonomy":"product_tag","embeddable":true,"href":"https:\/\/bonfortuno.eu\/ru\/wp-json\/wp\/v2\/product_tag?post=3005"}],"curies":[{"name":"wp","href":"https:\/\/api.w.org\/{rel}","templated":true}]}}